{"id":12530,"date":"2024-05-15T16:16:10","date_gmt":"2024-05-15T14:16:10","guid":{"rendered":"https:\/\/floride.fr\/?page_id=12530"},"modified":"2024-05-15T16:17:55","modified_gmt":"2024-05-15T14:17:55","slug":"campingplatz-strande-sudfrankreich","status":"publish","type":"page","link":"https:\/\/floride.fr\/de\/umgebung\/campingplatz-strande-sudfrankreich\/","title":{"rendered":"Die Str\u00e4nde S\u00fcdfrankreichs, die man vom Campingplatz aus entdecken kann"},"content":{"rendered":"\n<figure class=\"wp-block-image alignfull size-large F-00-b\"><img loading=\"lazy\" width=\"1024\" height=\"576\" src=\"https:\/\/floride.fr\/wp-content\/uploads\/2024\/05\/AdobeStock_541330492-1-1024x576.jpeg\" alt=\"\" class=\"wp-image-12502\" srcset=\"https:\/\/floride.fr\/wp-content\/uploads\/2024\/05\/AdobeStock_541330492-1-1024x576.jpeg 1024w, https:\/\/floride.fr\/wp-content\/uploads\/2024\/05\/AdobeStock_541330492-1-300x169.jpeg 300w, https:\/\/floride.fr\/wp-content\/uploads\/2024\/05\/AdobeStock_541330492-1-768x432.jpeg 768w, https:\/\/floride.fr\/wp-content\/uploads\/2024\/05\/AdobeStock_541330492-1-1536x864.jpeg 1536w, https:\/\/floride.fr\/wp-content\/uploads\/2024\/05\/AdobeStock_541330492-1-2048x1152.jpeg 2048w\" sizes=\"(max-width: 1024px) 100vw, 1024px\" \/><\/figure>\n\n\n\n<div class=\"wp-container-69f2ad568b34b wp-block-group F-05-a\"><div class=\"wp-block-group__inner-container\">\n<h1 class=\"has-couleur-1-color has-text-color\" id=\"die-strande-sudfrankreichs-die-vom-campingplatz-le-floride-aus-zu-entdecken-sind\">Die Str\u00e4nde S\u00fcdfrankreichs, die vom Campingplatz Le Floride aus zu entdecken sind<\/h1>\n\n\n\n<p>Herzlich willkommen inmitten der <strong>sch\u00f6nsten Str\u00e4nde S\u00fcdfrankreichs<\/strong>, wo Ihnen der <a href=\"https:\/\/floride.fr\/de\/\" data-type=\"headetfoot\">Campingplatz Floride in Le Barcar\u00e8s<\/a> einen vorz\u00fcglichen Zugang zu einem au\u00dfergew\u00f6hnlichen K\u00fcstenbereich bietet. Erschliessen Sie weite Sandstr\u00e4nde, kristallklares Wasser und einen schier endlos scheinenden Horizont.<\/p>\n\n\n\n<div style=\"height:50px\" aria-hidden=\"true\" class=\"wp-block-spacer\"><\/div>\n\n\n\n<div class=\"wp-block-columns\">\n<div class=\"wp-block-column\">\n<figure class=\"wp-block-gallery has-nested-images columns-default is-cropped\">\n<figure class=\"wp-block-image size-large\"><img loading=\"lazy\" width=\"1024\" height=\"685\" src=\"https:\/\/floride.fr\/wp-content\/uploads\/2024\/05\/plage-canet-roussillon-1024x685.jpeg\" alt=\"\" class=\"wp-image-12497\" srcset=\"https:\/\/floride.fr\/wp-content\/uploads\/2024\/05\/plage-canet-roussillon-1024x685.jpeg 1024w, https:\/\/floride.fr\/wp-content\/uploads\/2024\/05\/plage-canet-roussillon-300x201.jpeg 300w, https:\/\/floride.fr\/wp-content\/uploads\/2024\/05\/plage-canet-roussillon-768x514.jpeg 768w, https:\/\/floride.fr\/wp-content\/uploads\/2024\/05\/plage-canet-roussillon-1536x1028.jpeg 1536w, https:\/\/floride.fr\/wp-content\/uploads\/2024\/05\/plage-canet-roussillon-2048x1371.jpeg 2048w\" sizes=\"(max-width: 1024px) 100vw, 1024px\" \/><\/figure>\n\n\n\n<figure class=\"wp-block-image size-large\"><img loading=\"lazy\" width=\"1024\" height=\"683\" src=\"https:\/\/floride.fr\/wp-content\/uploads\/2024\/02\/voiliers-barcares-1024x683.jpeg\" alt=\"\" class=\"wp-image-11846\" srcset=\"https:\/\/floride.fr\/wp-content\/uploads\/2024\/02\/voiliers-barcares-1024x683.jpeg 1024w, https:\/\/floride.fr\/wp-content\/uploads\/2024\/02\/voiliers-barcares-300x200.jpeg 300w, https:\/\/floride.fr\/wp-content\/uploads\/2024\/02\/voiliers-barcares-768x512.jpeg 768w, https:\/\/floride.fr\/wp-content\/uploads\/2024\/02\/voiliers-barcares-1536x1024.jpeg 1536w, https:\/\/floride.fr\/wp-content\/uploads\/2024\/02\/voiliers-barcares-2048x1365.jpeg 2048w\" sizes=\"(max-width: 1024px) 100vw, 1024px\" \/><\/figure>\n<\/figure>\n<\/div>\n\n\n\n<div class=\"wp-block-column\">\n<h2 class=\"has-couleur-4-color has-text-color\" id=\"die-schonsten-strande-in-sudfrankreich\">Die sch\u00f6nsten Str\u00e4nde in S\u00fcdfrankreich<\/h2>\n\n\n\n<p>S\u00fcdfrankreich ist mit seinen malerischen Str\u00e4nden als bevorzugtes Ferienziel bekannt und die Gegend um <a href=\"https:\/\/floride.fr\/de\/barcares\/\" data-type=\"page\" data-id=\"8421\">Le Barcar\u00e8s<\/a> macht da auch keine Ausnahme. Ob Sie nun einen sehr gut angelegten, benutzer-freundlichen Familienstrand oder eine ruhige Ecke abseits des Touristenstroms suchen, hier werden Sie garantiert f\u00fcndig.<\/p>\n\n\n\n<h3 class=\"has-couleur-2-color has-text-color\" id=\"die-strande-von-torreilles\">Die Str\u00e4nde von Torreilles<\/h3>\n\n\n\n<p>Die sich etwas s\u00fcdlich von Le Barcar\u00e8s befindlichen <strong>Str\u00e4nde von Torreilles<\/strong> gleichen einer wahren&nbsp;Friedensoase. Dieses in S\u00fcdfrankreich noch unversehrte Gebiet ist beliebt f\u00fcr seine weiten, feinen Sandstr\u00e4nde, die, so weit das Auge reicht, von nat\u00fcrlichen D\u00fcnen und einer \u00fcppigen Vegetation ges\u00e4umt sind. Dieser Strand ist nicht ueberlaufen und bietet eine entspannte Atmosph\u00e4re, ist also eine ideale Umgebung f\u00fcr diejenigen, die gern ihre Ruhe haben wollen. Er ist der perfekte Ort f\u00fcr Familienaktivit\u00e4ten, Picknicks oder einfach nur, um die Mittelmeersonne zu genie\u00dfen.<\/p>\n\n\n\n<h3 class=\"has-couleur-2-color has-text-color\" id=\"die-strande-ganz-in-der-nahe-von-perpignan\">Die Str\u00e4nde ganz in der N\u00e4he von Perpignan<\/h3>\n\n\n\n<p>Eine kurze Autofahrt bringt Sie nicht weit von <a href=\"https:\/\/floride.fr\/de\/perpignan\/\" data-type=\"page\" data-id=\"8689\">Perpignan<\/a> zu den <strong>s\u00fcdfranz\u00f6sichen Str\u00e4nden<\/strong> von Canet-en-Roussillon und Sainte-Marie-la-Mer. Canet-en-Roussillon ist besonders beliebt mit seiner langen, gepflasterten Strandpromenade, ideal zum Joggen, Inlineskaten oder einfach nur f\u00fcr einen Abend-Spaziergang. Der Strand ist gut ausgestattet und verf\u00fcgt \u00fcber spezielle Bereiche f\u00fcr <strong>Wassersportarten<\/strong> wie Kite- und Windsurfen. Sainte-Marie-la-Mer bietet eine familienfreundlichere Umgebung mit seichtem Strand, ideal zum Planschen f\u00fcr <strong>Kinder mit zahlreichen Freizeitaktivit\u00e4ten<\/strong> in der Hochsaison.<\/p>\n<\/div>\n<\/div>\n\n\n\n<div style=\"height:50px\" aria-hidden=\"true\" class=\"wp-block-spacer\"><\/div>\n\n\n\n<h3 class=\"has-couleur-2-color has-text-color\" id=\"die-strande-von-le-barcares\">Die Str\u00e4nde von Le Barcar\u00e8s<\/h3>\n\n\n\n<p>Der Ort Le Barcar\u00e8s selbst ist umgeben von mehreren fabelhaften Str\u00e4nden, die sowohl von Einheimischen als auch von Touristen besucht werden. Besonders beliebt ist La Grande Plage, ein Strand, der f\u00fcr seinen goldenen Sand und seine zahlreichen Anlagen sehr beliebt ist. Ausser Spielbereiche f\u00fcr Kinder und M\u00f6glichkeiten f\u00fcr diverse Strandsportarten bietet er w\u00e4hrend des Sommers mehr als das. Dort sorgen regelm\u00e4\u00dfig organisierte Veranstaltungen und Festivals l\u00e4ngs der Strandpromenade f\u00fcr eine belebte Ferien-Atmosph\u00e4re, die man oft und gern an den sch\u00f6nen <strong>Str\u00e4nden in S\u00fcdfrankeich<\/strong> findet.<\/p>\n\n\n\n<h3 class=\"has-couleur-2-color has-text-color\" id=\"die-strande-in-argeles-sur-mer\">Die Str\u00e4nde in Argel\u00e8s-sur-Mer<\/h3>\n\n\n\n<p>Etwas weiter s\u00fcdlich liegt <a href=\"https:\/\/floride.fr\/de\/argeles-sur-mer\/\" data-type=\"page\" data-id=\"8396\">Argel\u00e8s-sur-Mer<\/a>, wo in der sch\u00f6nen, nat\u00fcrlichen Umgebung touristische Attraktionen geboten werden. Dieser Badeort ist von Sandstr\u00e4nden umgeben, die sich auf 7 km hinziehen und von der wundersch\u00f6nen Bergkette Les Alb\u00e8res im Hintergrund ges\u00e4umt werden. Die Besucher k\u00f6nnen sich bei einem Spaziergang entlang des charmanten Kais die Beine vertreten oder auch die dort regelm\u00e4ssig stattfindenden verschiedenen M\u00e4rkte entdecken. Naturliebhaber sollten unbedingt an einem Besuch des nahegelegene Meeresnaturschutzgebietes Mas Larrieu teilnehmen. Argel\u00e8s-sur-Mer hat sich auch mit seinen Campingpl\u00e4tzen und Hotels l\u00e4ngs der <strong>Str\u00e4nde S\u00fcdfrankreichs <\/strong>einen Namen gemacht, weshalb es nun zu den anerkannten Reisezielen f\u00fcr einen Badeurlaub im sonnigen S\u00fcden gilt.<\/p>\n\n\n\n<div style=\"height:40px\" aria-hidden=\"true\" class=\"wp-block-spacer\"><\/div>\n\n\n\n<figure class=\"wp-block-gallery has-nested-images columns-6 is-cropped diaporama--3\">\n<figure class=\"wp-block-image size-large\"><img loading=\"lazy\" width=\"1500\" height=\"1000\" src=\"https:\/\/floride.fr\/wp-content\/uploads\/2022\/05\/IMG_1089.jpg\" alt=\"\" class=\"wp-image-4505\" srcset=\"https:\/\/floride.fr\/wp-content\/uploads\/2022\/05\/IMG_1089.jpg 1500w, https:\/\/floride.fr\/wp-content\/uploads\/2022\/05\/IMG_1089-300x200.jpg 300w, https:\/\/floride.fr\/wp-content\/uploads\/2022\/05\/IMG_1089-1024x683.jpg 1024w, https:\/\/floride.fr\/wp-content\/uploads\/2022\/05\/IMG_1089-768x512.jpg 768w\" sizes=\"(max-width: 1500px) 100vw, 1500px\" \/><\/figure>\n\n\n\n<figure class=\"wp-block-image size-large\"><img loading=\"lazy\" width=\"2560\" height=\"1707\" src=\"https:\/\/floride.fr\/wp-content\/uploads\/2022\/05\/media-88995876-004-2-scaled.jpg\" alt=\"\" class=\"wp-image-4219\" srcset=\"https:\/\/floride.fr\/wp-content\/uploads\/2022\/05\/media-88995876-004-2-scaled.jpg 2560w, https:\/\/floride.fr\/wp-content\/uploads\/2022\/05\/media-88995876-004-2-300x200.jpg 300w, https:\/\/floride.fr\/wp-content\/uploads\/2022\/05\/media-88995876-004-2-1024x683.jpg 1024w, https:\/\/floride.fr\/wp-content\/uploads\/2022\/05\/media-88995876-004-2-768x512.jpg 768w, https:\/\/floride.fr\/wp-content\/uploads\/2022\/05\/media-88995876-004-2-1536x1024.jpg 1536w, https:\/\/floride.fr\/wp-content\/uploads\/2022\/05\/media-88995876-004-2-2048x1365.jpg 2048w\" sizes=\"(max-width: 2560px) 100vw, 2560px\" \/><\/figure>\n\n\n\n<figure class=\"wp-block-image size-large\"><img loading=\"lazy\" width=\"2560\" height=\"1703\" src=\"https:\/\/floride.fr\/wp-content\/uploads\/2022\/05\/PISCINE-COUVERTE-AQUAGYM-0692-scaled.jpg\" alt=\"\" class=\"wp-image-4038\" srcset=\"https:\/\/floride.fr\/wp-content\/uploads\/2022\/05\/PISCINE-COUVERTE-AQUAGYM-0692-scaled.jpg 2560w, https:\/\/floride.fr\/wp-content\/uploads\/2022\/05\/PISCINE-COUVERTE-AQUAGYM-0692-300x200.jpg 300w, https:\/\/floride.fr\/wp-content\/uploads\/2022\/05\/PISCINE-COUVERTE-AQUAGYM-0692-1024x681.jpg 1024w, https:\/\/floride.fr\/wp-content\/uploads\/2022\/05\/PISCINE-COUVERTE-AQUAGYM-0692-768x511.jpg 768w, https:\/\/floride.fr\/wp-content\/uploads\/2022\/05\/PISCINE-COUVERTE-AQUAGYM-0692-1536x1022.jpg 1536w, https:\/\/floride.fr\/wp-content\/uploads\/2022\/05\/PISCINE-COUVERTE-AQUAGYM-0692-2048x1363.jpg 2048w\" sizes=\"(max-width: 2560px) 100vw, 2560px\" \/><\/figure>\n\n\n\n<figure class=\"wp-block-image size-large\"><img loading=\"lazy\" width=\"1194\" height=\"794\" src=\"https:\/\/floride.fr\/wp-content\/uploads\/2022\/05\/tente-2-1.jpg\" alt=\"\" class=\"wp-image-3825\" srcset=\"https:\/\/floride.fr\/wp-content\/uploads\/2022\/05\/tente-2-1.jpg 1194w, https:\/\/floride.fr\/wp-content\/uploads\/2022\/05\/tente-2-1-300x199.jpg 300w, https:\/\/floride.fr\/wp-content\/uploads\/2022\/05\/tente-2-1-1024x681.jpg 1024w, https:\/\/floride.fr\/wp-content\/uploads\/2022\/05\/tente-2-1-768x511.jpg 768w\" sizes=\"(max-width: 1194px) 100vw, 1194px\" \/><\/figure>\n\n\n\n<figure class=\"wp-block-image size-large\"><img loading=\"lazy\" width=\"2560\" height=\"1703\" src=\"https:\/\/floride.fr\/wp-content\/uploads\/2022\/05\/EMPLACEMENT-CAMPING-CAR-1112-scaled.jpg\" alt=\"\" class=\"wp-image-3553\" srcset=\"https:\/\/floride.fr\/wp-content\/uploads\/2022\/05\/EMPLACEMENT-CAMPING-CAR-1112-scaled.jpg 2560w, https:\/\/floride.fr\/wp-content\/uploads\/2022\/05\/EMPLACEMENT-CAMPING-CAR-1112-300x200.jpg 300w, https:\/\/floride.fr\/wp-content\/uploads\/2022\/05\/EMPLACEMENT-CAMPING-CAR-1112-1024x681.jpg 1024w, https:\/\/floride.fr\/wp-content\/uploads\/2022\/05\/EMPLACEMENT-CAMPING-CAR-1112-768x511.jpg 768w, https:\/\/floride.fr\/wp-content\/uploads\/2022\/05\/EMPLACEMENT-CAMPING-CAR-1112-1536x1022.jpg 1536w, https:\/\/floride.fr\/wp-content\/uploads\/2022\/05\/EMPLACEMENT-CAMPING-CAR-1112-2048x1363.jpg 2048w\" sizes=\"(max-width: 2560px) 100vw, 2560px\" \/><\/figure>\n\n\n\n<figure class=\"wp-block-image size-large\"><img loading=\"lazy\" width=\"2560\" height=\"1707\" src=\"https:\/\/floride.fr\/wp-content\/uploads\/2022\/05\/A7R5910-1-scaled.jpg\" alt=\"\" class=\"wp-image-3543\" srcset=\"https:\/\/floride.fr\/wp-content\/uploads\/2022\/05\/A7R5910-1-scaled.jpg 2560w, https:\/\/floride.fr\/wp-content\/uploads\/2022\/05\/A7R5910-1-300x200.jpg 300w, https:\/\/floride.fr\/wp-content\/uploads\/2022\/05\/A7R5910-1-1024x683.jpg 1024w, https:\/\/floride.fr\/wp-content\/uploads\/2022\/05\/A7R5910-1-768x512.jpg 768w, https:\/\/floride.fr\/wp-content\/uploads\/2022\/05\/A7R5910-1-1536x1024.jpg 1536w, https:\/\/floride.fr\/wp-content\/uploads\/2022\/05\/A7R5910-1-2048x1365.jpg 2048w\" sizes=\"(max-width: 2560px) 100vw, 2560px\" \/><\/figure>\n<\/figure>\n\n\n\n<div style=\"height:50px\" aria-hidden=\"true\" class=\"wp-block-spacer\"><\/div>\n\n\n\n<div class=\"wp-block-columns\">\n<div class=\"wp-block-column\">\n<h2 class=\"has-couleur-4-color has-text-color\" id=\"collioure-cite-des-peintres-les-sites-incontournables-a-visiter-2\">Ihr idealer Campingurlaub nahe der Str\u00e4nde in S\u00fcdfrankreich<\/h2>\n\n\n\n<p>Nach einem Tag am Meer, wo man die wundersch\u00f6nen <strong>Str\u00e4nde S\u00fcdfrankreichs<\/strong> n\u00e4her kennenlernen konnte, kehrt man gern zuden <a href=\"https:\/\/floride.fr\/de\/bester-campingplatz-in-suedfrankreich\/\" data-type=\"page\" data-id=\"12117\">besten Campingplatz S\u00fcdfrankreichs<\/a> zur\u00fcck, einem perfekten Ruhepol, wo man sich entspannen und neue Energie tanken kann. Bei unseren verf\u00fcgbaren Unterk\u00fcnften handelt es sich nicht nur um ger\u00e4umige <a href=\"https:\/\/floride.fr\/de\/standorte\/\">Stellpl\u00e4tze f\u00fcr Zelte und Wohnwagen<\/a>. Es bestehen weitere interessante Unterkunftsm\u00f6glichkeiten bis hin zu <a href=\"https:\/\/floride.fr\/de\/vermietungen\/\">luxuri\u00f6sen Mobilheimen und Chalets<\/a>, die mit allen modernen Annehmlichkeiten versehen sind. Jede Unterkunft ist so gestaltet, dass sie Komfort und Privatsph\u00e4re bietet, mit Optionen, die private Terrassen, voll ausgestattete K\u00fcchen wie auch Klimaanlagen umfassen.<\/p>\n\n\n\n<p>Ein Highlight des Campingplatzes ist aber wohl unser <a href=\"https:\/\/floride.fr\/de\/wasserpark\/\" data-type=\"page\" data-id=\"2696\">Aquapark<\/a>, der ausser einem beheizten Pool auch Wasserrutschen und ein Planschbecken f\u00fcr Kinder bietet. Es ist der ideale Ort, um sich abzuk\u00fchlen, Spa\u00df mit der Familie zu haben oder einfach nur in der Sonne zu entspannen.<\/p>\n\n\n\n<p>Die Serviceleistungen unseres Campingplatzes nahe der Str\u00e4nde in S\u00fcdfrankreich sind darauf ausgerichtet, Ihren Aufenthalt so angenehm und praktisch wie m\u00f6glich zu gestalten. Wir setzen alles daran, Ihren Urlaub mit einem weitgef\u00e4chternen Serviceleistungs-Angebot aufzuwerten. Ausser einem Lebensmittelgesch\u00e4ft, einem <strong>Restaurant und einer Bar mit lokalen und internationalen Spezialit\u00e4ten<\/strong> vor Ort bieten wir diverse Unterhaltungs- und Freizeitprogramme f\u00fcr alle Altersgruppen. Themenabende, Shows und Kinderclubs werden regelm\u00e4\u00dfig veranstaltet und sorgen daf\u00fcr, dass die ganze Familie Spass und Entspannung findet.<\/p>\n\n\n\n<p>Sich f\u00fcr den Campingplatz Le Floride in Le Barcar\u00e8s zu entscheiden heisst, sich auf ein luxuri\u00f6ses Urlaubserlebnis in einer der sch\u00f6nsten Umgebungen <a href=\"https:\/\/floride.fr\/de\/umgebung\/\">S\u00fcdfrankreichs<\/a> zu freuen. Kommen Sie mal, um selbst zu erkennen, warum so viele Besucher Jahr f\u00fcr Jahr wiederkommen. Sie werden sehen, dass man sich Dank unserer Gastfreundschaft, unserer Anlagen und unserer au\u00dfergew\u00f6hnlichen Lage in der N\u00e4he der <strong>besten Str\u00e4nde<\/strong> in dieser Gegend S\u00fcdfrankreichs bestens erholt.<\/p>\n<\/div>\n\n\n\n<div class=\"wp-block-column\">\n<figure class=\"wp-block-gallery has-nested-images columns-default is-cropped\">\n<figure class=\"wp-block-image size-large\"><img loading=\"lazy\" width=\"1920\" height=\"1280\" src=\"https:\/\/floride.fr\/wp-content\/uploads\/2022\/03\/auriane-clement-fQANYG67Ccs-unsplash-1.jpg\" alt=\"\" class=\"wp-image-2388\" srcset=\"https:\/\/floride.fr\/wp-content\/uploads\/2022\/03\/auriane-clement-fQANYG67Ccs-unsplash-1.jpg 1920w, https:\/\/floride.fr\/wp-content\/uploads\/2022\/03\/auriane-clement-fQANYG67Ccs-unsplash-1-300x200.jpg 300w, https:\/\/floride.fr\/wp-content\/uploads\/2022\/03\/auriane-clement-fQANYG67Ccs-unsplash-1-1024x683.jpg 1024w, https:\/\/floride.fr\/wp-content\/uploads\/2022\/03\/auriane-clement-fQANYG67Ccs-unsplash-1-768x512.jpg 768w, https:\/\/floride.fr\/wp-content\/uploads\/2022\/03\/auriane-clement-fQANYG67Ccs-unsplash-1-1536x1024.jpg 1536w\" sizes=\"(max-width: 1920px) 100vw, 1920px\" \/><\/figure>\n<\/figure>\n<\/div>\n<\/div>\n\n\n\n<div style=\"height:100px\" aria-hidden=\"true\" class=\"wp-block-spacer\"><\/div>\n<\/div><\/div>\n","protected":false},"excerpt":{"rendered":"<p>Die Str\u00e4nde S\u00fcdfrankreichs, die vom Campingplatz Le Floride aus zu entdecken sind Herzlich willkommen inmitten der sch\u00f6nsten Str\u00e4nde S\u00fcdfrankreichs, wo Ihnen der Campingplatz Floride in Le Barcar\u00e8s einen vorz\u00fcglichen Zugang zu einem au\u00dfergew\u00f6hnlichen K\u00fcstenbereich bietet. Erschliessen Sie weite Sandstr\u00e4nde, kristallklares Wasser und einen schier endlos scheinenden Horizont. Die sch\u00f6nsten Str\u00e4nde in S\u00fcdfrankreich S\u00fcdfrankreich ist mit [&hellip;]<\/p>\n","protected":false},"author":1,"featured_media":0,"parent":2523,"menu_order":0,"comment_status":"closed","ping_status":"closed","template":"","meta":[],"acf":[],"_links":{"self":[{"href":"https:\/\/floride.fr\/de\/wp-json\/wp\/v2\/pages\/12530"}],"collection":[{"href":"https:\/\/floride.fr\/de\/wp-json\/wp\/v2\/pages"}],"about":[{"href":"https:\/\/floride.fr\/de\/wp-json\/wp\/v2\/types\/page"}],"author":[{"embeddable":true,"href":"https:\/\/floride.fr\/de\/wp-json\/wp\/v2\/users\/1"}],"replies":[{"embeddable":true,"href":"https:\/\/floride.fr\/de\/wp-json\/wp\/v2\/comments?post=12530"}],"version-history":[{"count":6,"href":"https:\/\/floride.fr\/de\/wp-json\/wp\/v2\/pages\/12530\/revisions"}],"predecessor-version":[{"id":12536,"href":"https:\/\/floride.fr\/de\/wp-json\/wp\/v2\/pages\/12530\/revisions\/12536"}],"up":[{"embeddable":true,"href":"https:\/\/floride.fr\/de\/wp-json\/wp\/v2\/pages\/2523"}],"wp:attachment":[{"href":"https:\/\/floride.fr\/de\/wp-json\/wp\/v2\/media?parent=12530"}],"curies":[{"name":"wp","href":"https:\/\/api.w.org\/{rel}","templated":true}]}}