{"id":2563,"date":"2022-04-21T15:51:31","date_gmt":"2022-04-21T13:51:31","guid":{"rendered":"https:\/\/floride.fr\/direkter-zugang-zum-strand\/"},"modified":"2026-03-17T11:46:27","modified_gmt":"2026-03-17T10:46:27","slug":"direkter-zugang-zum-strand","status":"publish","type":"page","link":"https:\/\/floride.fr\/de\/direkter-zugang-zum-strand\/","title":{"rendered":"Direkter Zugang zum Strand"},"content":{"rendered":"\n<figure class=\"wp-block-image alignfull size-full F-00-b\"><img loading=\"lazy\" width=\"1920\" height=\"1440\" src=\"https:\/\/floride.fr\/wp-content\/uploads\/2025\/11\/044_Camping_Occitanie_Le_Floride_et_l_Embouchure_Ciela_Village_Drone.webp\" alt=\"\" class=\"wp-image-15626\" srcset=\"https:\/\/floride.fr\/wp-content\/uploads\/2025\/11\/044_Camping_Occitanie_Le_Floride_et_l_Embouchure_Ciela_Village_Drone.webp 1920w, https:\/\/floride.fr\/wp-content\/uploads\/2025\/11\/044_Camping_Occitanie_Le_Floride_et_l_Embouchure_Ciela_Village_Drone-300x225.webp 300w, https:\/\/floride.fr\/wp-content\/uploads\/2025\/11\/044_Camping_Occitanie_Le_Floride_et_l_Embouchure_Ciela_Village_Drone-1024x768.webp 1024w, https:\/\/floride.fr\/wp-content\/uploads\/2025\/11\/044_Camping_Occitanie_Le_Floride_et_l_Embouchure_Ciela_Village_Drone-768x576.webp 768w, https:\/\/floride.fr\/wp-content\/uploads\/2025\/11\/044_Camping_Occitanie_Le_Floride_et_l_Embouchure_Ciela_Village_Drone-1536x1152.webp 1536w\" sizes=\"(max-width: 1920px) 100vw, 1920px\" \/><\/figure>\n\n<section class=\"wp-container-69d1132667130 wp-block-group F-10-a\"><div class=\"wp-block-group__inner-container\">\n<div class=\"wp-block-columns are-vertically-aligned-center\">\n<div class=\"wp-block-column is-vertically-aligned-center\">\n<h1 class=\"has-couleur-1-color has-text-color\" id=\"camping-avec-acces-direct-a-la-plage-de-barcares\">Campingplatz in Barcar\u00e8s Plage mit direktem Zugang zum Meer<\/h1>\n\n\n\n<p class=\"titre3 has-couleur-2-color has-text-color\">Das Mittelmeer nur einen Katzensprung entfernt&#8230; Was will man mehr?<\/p>\n\n\n\n<h2 class=\"has-couleur-4-color has-text-color\" id=\"barcares-plage-a-150-metres-a-pied-du-camping\">Barcar\u00e8s Plage 150 Meter zu Fu\u00df vom Campingplatz entfernt<\/h2>\n\n\n\n<p id=\"la-mer-mediterranee-a-deux-pas-que-demander-de-plus-150-metres-a-pied-et-vous-etes-au-bord-de-l-eau-sur-une-plage-de-sable-fin-calme-et-accueillante-ou-la-riviere-de-l-agly-rejoint-la-grande-bleue\">Barcar\u00e8s Plage \u00e0 150 m\u00e8tres \u00e0 pied du camping Im 5-Sterne-Campingplatz Floride in <a href=\"https:\/\/floride.fr\/de\/\">Barcar\u00e8s Plage<\/a> k\u00f6nnten Sie sich nichts Besseres w\u00fcnschen. Dank seiner privilegierten Lage am Fluss Agly f\u00fchrt Sie der angelegte Spazierweg zum allerersten Strand von Barcar\u00e8s, dem Plage du Village Sud. Sie m\u00fcssen nur 150 Meter zu Fu\u00df zur\u00fccklegen, um sich am Wasser wiederzufinden, an einem ruhigen und einladenden Sandstrand, wo der Agly ins Mittelmeer m\u00fcndet. Von Ihrem voll ausgestatteten <a href=\"https:\/\/floride.fr\/de\/vermietung-von-mobilheimen-pyrenees-orientales\/\" data-type=\"page\" data-id=\"7896\">Mobilheim <\/a>aus sind Sie fernab von den belebteren Str\u00e4nden wie dem Grande Plage de Barcar\u00e8s oder dem Strand Lydia in Richtung <a href=\"https:\/\/floride.fr\/de\/leucate\/\">Leucate<\/a>.<\/p>\n\n\n\n<p>Ein privates, nur f\u00fcr Camper zug\u00e4ngliches Tor \u00f6ffnet Ihnen den Weg zum Meer und seinen Freuden. Wenn Sie <a href=\"https:\/\/floride.fr\/tourisme\/visite-le-barcares\/\" data-type=\"page\" data-id=\"12005\">Barcar\u00e8s Plage<\/a> besuchen, widerstehen Sie nicht der Versuchung, sich zu sonnen, zu baden oder einfach nur zu entspannen. Dieser bewachte Strand ist auch f\u00fcr Menschen mit eingeschr\u00e4nkter Mobilit\u00e4t ausgestattet und ein beliebter Ort zum Segeln.<br\/>Erreichbar \u00fcber den Bereich \u201eEmbouchure\u201c des Campingplatzes.<\/p>\n<\/div>\n\n\n\n<div class=\"wp-block-column is-vertically-aligned-center\">\n<figure class=\"wp-block-gallery has-nested-images columns-5 is-cropped deco-masque4 deco-rectangle2\">\n<figure class=\"wp-block-image size-large\"><img loading=\"lazy\" width=\"1024\" height=\"682\" src=\"https:\/\/floride.fr\/wp-content\/uploads\/2025\/11\/254_Camping_Occitanie_Le_Floride_et_l_Embouchure_Ciela_Village_Plage-1024x682.webp\" alt=\"\" class=\"wp-image-15872\" srcset=\"https:\/\/floride.fr\/wp-content\/uploads\/2025\/11\/254_Camping_Occitanie_Le_Floride_et_l_Embouchure_Ciela_Village_Plage-1024x682.webp 1024w, https:\/\/floride.fr\/wp-content\/uploads\/2025\/11\/254_Camping_Occitanie_Le_Floride_et_l_Embouchure_Ciela_Village_Plage-300x200.webp 300w, https:\/\/floride.fr\/wp-content\/uploads\/2025\/11\/254_Camping_Occitanie_Le_Floride_et_l_Embouchure_Ciela_Village_Plage-768x512.webp 768w, https:\/\/floride.fr\/wp-content\/uploads\/2025\/11\/254_Camping_Occitanie_Le_Floride_et_l_Embouchure_Ciela_Village_Plage.webp 1280w\" sizes=\"(max-width: 1024px) 100vw, 1024px\" \/><\/figure>\n\n\n\n<figure class=\"wp-block-image size-large\"><img loading=\"lazy\" width=\"1024\" height=\"682\" src=\"https:\/\/floride.fr\/wp-content\/uploads\/2025\/11\/256_Camping_Occitanie_Le_Floride_et_l_Embouchure_Ciela_Village_Plage-1024x682.webp\" alt=\"\" class=\"wp-image-15877\" srcset=\"https:\/\/floride.fr\/wp-content\/uploads\/2025\/11\/256_Camping_Occitanie_Le_Floride_et_l_Embouchure_Ciela_Village_Plage-1024x682.webp 1024w, https:\/\/floride.fr\/wp-content\/uploads\/2025\/11\/256_Camping_Occitanie_Le_Floride_et_l_Embouchure_Ciela_Village_Plage-300x200.webp 300w, https:\/\/floride.fr\/wp-content\/uploads\/2025\/11\/256_Camping_Occitanie_Le_Floride_et_l_Embouchure_Ciela_Village_Plage-768x512.webp 768w, https:\/\/floride.fr\/wp-content\/uploads\/2025\/11\/256_Camping_Occitanie_Le_Floride_et_l_Embouchure_Ciela_Village_Plage.webp 1280w\" sizes=\"(max-width: 1024px) 100vw, 1024px\" \/><\/figure>\n<\/figure>\n<\/div>\n<\/div>\n<\/div><\/section>\n\n<section class=\"wp-container-69d11326675aa wp-block-group F-05-a\"><div class=\"wp-block-group__inner-container\">\n<div class=\"wp-block-columns are-vertically-aligned-center\">\n<div class=\"wp-block-column is-vertically-aligned-center\">\n<figure class=\"wp-block-gallery has-nested-images columns-4 is-cropped\">\n<figure class=\"wp-block-image size-large\"><img loading=\"lazy\" width=\"1024\" height=\"682\" src=\"https:\/\/floride.fr\/wp-content\/uploads\/2025\/11\/251_Camping_Occitanie_Le_Floride_et_l_Embouchure_Ciela_Village_Plage-1024x682.webp\" alt=\"\" class=\"wp-image-15882\" srcset=\"https:\/\/floride.fr\/wp-content\/uploads\/2025\/11\/251_Camping_Occitanie_Le_Floride_et_l_Embouchure_Ciela_Village_Plage-1024x682.webp 1024w, https:\/\/floride.fr\/wp-content\/uploads\/2025\/11\/251_Camping_Occitanie_Le_Floride_et_l_Embouchure_Ciela_Village_Plage-300x200.webp 300w, https:\/\/floride.fr\/wp-content\/uploads\/2025\/11\/251_Camping_Occitanie_Le_Floride_et_l_Embouchure_Ciela_Village_Plage-768x512.webp 768w, https:\/\/floride.fr\/wp-content\/uploads\/2025\/11\/251_Camping_Occitanie_Le_Floride_et_l_Embouchure_Ciela_Village_Plage.webp 1280w\" sizes=\"(max-width: 1024px) 100vw, 1024px\" \/><\/figure>\n<\/figure>\n<\/div>\n\n\n\n<div class=\"wp-block-column is-vertically-aligned-center deco-feuille2\">\n<h2 class=\"has-couleur-1-color has-text-color\" id=\"camping-avec-acces-direct-a-la-plage-de-barcares\">Spaziergang entlang der K\u00fcste von Barcar\u00e8s Plage<\/h2>\n\n\n\n<p>Mit acht Kilometern Strand an der K\u00fcste k\u00f6nnen Sie von unserem Campingplatz in <a href=\"https:\/\/floride.fr\/tourisme\/plages-port-barcares\/\" data-type=\"page\" data-id=\"11809\">Barcar\u00e8s Plage<\/a> aus entlang der wundersch\u00f6nen katalanischen K\u00fcste spazieren gehen. Entdecken Sie acht Sandstr\u00e4nde mit unterschiedlichem Ambiente, ideal f\u00fcr abwechslungsreichen Badespa\u00df. Die Str\u00e4nde von Barcar\u00e8s erstrecken sich von der M\u00fcndung des Agly, der nat\u00fcrlichen Grenze zwischen Torreilles und Barcar\u00e8s, bis zum \u00f6stlichen Teil des \u00c9tang de Salses Leucate. Die wichtigsten Str\u00e4nde von Barcar\u00e8s sind (von West nach Ost).    <\/p>\n\n\n\n<ul><li>Der Strand des Dorfes<\/li><li>Der Strand der Hafenstadt<\/li><li>Der Strand von Port Saint Ange<\/li><li>Der Strand von Miramars<\/li><li>Der Gro\u00dfe Strand<\/li><li>Der Strand von Lydia<\/li><li>Der Strand von Argonaute<\/li><\/ul>\n\n\n\n<p>Um die Sch\u00f6nheiten rund um <a href=\"https:\/\/floride.fr\/de\/umgebung\/\">Barcar\u00e8s Plage<\/a> zu entdecken, empfehlen wir Ihnen, mit dem Fahrrad (Fahrradverleih und Bezahlung an der Rezeption oder \u00fcber die Lokky-App) die K\u00fcste entlangzufahren, beginnend am Ufer des Agly und weiter in Richtung Port Leucate und dem wilden See von Salses. Sie ben\u00f6tigen etwa 20 Minuten, um auf dem angelegten Radweg entlang der Str\u00e4nde zu radeln. F\u00fcr einen erholsamen Spaziergang mit den F\u00fc\u00dfen im Wasser nehmen Sie sich Zeit, um die ruhigen Wellen des Mittelmeers zu betrachten.   <\/p>\n<\/div>\n<\/div>\n\n\n\n<h2 class=\"has-couleur-1-color has-text-color\" id=\"en-balade-a-barcares-plage-choisissez-l-atmosphere-qui-vous-convient\">W\u00e4hlen Sie bei Ihrem Spaziergang am Strand von Barcar\u00e8s die Atmosph\u00e4re, die Ihnen zusagt!<\/h2>\n\n\n\n<p>Direkt an unserem Campingplatz in <g id=\"gid_4\">Barcar\u00e8s Plage<\/g> gelegen, haben Sie Zugang zu Gr\u00fcnfl\u00e4chen von gro\u00dfem nat\u00fcrlichen Reichtum. Die ersten Str\u00e4nde am Fluss Agly sind besonders familienfreundlich und sicher, ideal f\u00fcr Kinder. An den Str\u00e4nden im Zentrum und im S\u00fcden des Dorfes kann sich die ganze Familie im Kinderclub und auf den H\u00fcpfburgen vergn\u00fcgen. Der Strand ist dank spezieller Einrichtungen auch f\u00fcr Menschen mit eingeschr\u00e4nkter Mobilit\u00e4t geeignet! Zwischen Natur und Kunst ist der Stadtteil Grande Plage der ideale Ort f\u00fcr Spazierg\u00e4nge in Port Barcar\u00e8s. Neben seiner beeindruckenden Gr\u00f6\u00dfe von 10 m H\u00f6he ist das Passagierschiff Lydia zusammen mit der All\u00e9e des Arts ein wichtiges kulturelles Wahrzeichen von Barcar\u00e8s. Diese beiden Freilichtmuseen pr\u00e4sentieren zum einen die Seefahrtsgeschichte der Gemeinde und zum anderen zeitgen\u00f6ssische Skulpturen.      <\/p>\n\n\n\n<p>Wassersportaktivit\u00e4ten k\u00f6nnen Sie an jedem Strand aus\u00fcben, auch wenn der Hafen von Barcar\u00e8s dank seiner gro\u00dfen Auswahl an Wassersportclubs nach wie vor der beliebteste Ort ist. Unser Campingplatz in der N\u00e4he von Perpignan mit <a href=\"https:\/\/floride.fr\/de\/wasserpark\/\">Wasserpark <\/a>wird Sie mit seinen Schwimmb\u00e4dern, Whirlpools und Rutschen begeistern. Am Abend k\u00f6nnen Sie sich in den zahlreichen Strandclubs vergn\u00fcgen und in einem der Restaurants an der K\u00fcste essen gehen. Der \u00c9tang de Salses ist schlie\u00dflich ein magischer Ort f\u00fcr alle Liebhaber von Authentizit\u00e4t: Fischerdorf, Spaziergang zwischen Pinienwald und D\u00fcnen, Entdeckungspfad f\u00fcr Fauna und Flora&#8230; Ihr n\u00e4chster Campingurlaub in Barcar\u00e8s Plage verspricht, abwechslungsreich zu werden!   <\/p>\n<\/div><\/section>\n\n<section class=\"wp-container-69d1132667976 wp-block-group F-15-a vague-top ligne1-top has-bg-1-background-color has-background\"><div class=\"wp-block-group__inner-container\">\n<h2 class=\"titre1 has-couleur-1-color has-text-color\" id=\"profitez-de-vraies-vacances-en-camping-a-barcares-plage\">Genie\u00dfen Sie einen echten Campingurlaub in Barcar\u00e8s Plage<\/h2>\n\n\n\n<div class=\"wp-block-media-text has-media-on-the-right is-stacked-on-mobile\"><figure class=\"wp-block-media-text__media\"><img loading=\"lazy\" width=\"1024\" height=\"415\" src=\"https:\/\/floride.fr\/wp-content\/uploads\/2022\/03\/Lydia-Grande-RoueBass-1024x415.jpg\" alt=\"\" class=\"wp-image-1633 size-full\" srcset=\"https:\/\/floride.fr\/wp-content\/uploads\/2022\/03\/Lydia-Grande-RoueBass-1024x415.jpg 1024w, https:\/\/floride.fr\/wp-content\/uploads\/2022\/03\/Lydia-Grande-RoueBass-300x122.jpg 300w, https:\/\/floride.fr\/wp-content\/uploads\/2022\/03\/Lydia-Grande-RoueBass-768x311.jpg 768w, https:\/\/floride.fr\/wp-content\/uploads\/2022\/03\/Lydia-Grande-RoueBass-1536x623.jpg 1536w, https:\/\/floride.fr\/wp-content\/uploads\/2022\/03\/Lydia-Grande-RoueBass.jpg 1800w\" sizes=\"(max-width: 1024px) 100vw, 1024px\" \/><\/figure><div class=\"wp-block-media-text__content\">\n<div class=\"wp-block-media-text has-media-on-the-right is-stacked-on-mobile is-image-fill deco-coco\"><figure class=\"wp-block-media-text__media\" style=\"background-image:url(https:\/\/floride.fr\/wp-content\/uploads\/2025\/11\/259_Camping_Occitanie_Le_Floride_et_l_Embouchure_Ciela_Village_Embouchure-1024x682.webp);background-position:50% 50%\"><img loading=\"lazy\" width=\"1024\" height=\"682\" src=\"https:\/\/floride.fr\/wp-content\/uploads\/2025\/11\/259_Camping_Occitanie_Le_Floride_et_l_Embouchure_Ciela_Village_Embouchure-1024x682.webp\" alt=\"\" class=\"wp-image-15887 size-full\" srcset=\"https:\/\/floride.fr\/wp-content\/uploads\/2025\/11\/259_Camping_Occitanie_Le_Floride_et_l_Embouchure_Ciela_Village_Embouchure-1024x682.webp 1024w, https:\/\/floride.fr\/wp-content\/uploads\/2025\/11\/259_Camping_Occitanie_Le_Floride_et_l_Embouchure_Ciela_Village_Embouchure-300x200.webp 300w, https:\/\/floride.fr\/wp-content\/uploads\/2025\/11\/259_Camping_Occitanie_Le_Floride_et_l_Embouchure_Ciela_Village_Embouchure-768x511.webp 768w, https:\/\/floride.fr\/wp-content\/uploads\/2025\/11\/259_Camping_Occitanie_Le_Floride_et_l_Embouchure_Ciela_Village_Embouchure.webp 1280w\" sizes=\"(max-width: 1024px) 100vw, 1024px\" \/><\/figure><div class=\"wp-block-media-text__content\">\n<blockquote class=\"wp-block-quote\"><p>&#8222;Ein gro\u00dfes Plus: Kaum hat man den Campingplatz verlassen, steht man mit den F\u00fc\u00dfen im Wasser, die Kinder fanden es toll! Und der Strand ist sch\u00f6n, sauber und dazu noch ruhig und nicht \u00fcberf\u00fcllt.&#8220;<\/p><cite>Sol\u00e8ne, gekommen im Juli<\/cite><\/blockquote>\n<\/div><\/div>\n\n\n\n<h3 class=\"has-couleur-4-color has-text-color\" id=\"toutes-les-joies-du-camping-en-languedoc-roussillon-avec-acces-direct-a-barcares-plage\">Alle Freuden des Campings im Languedoc Roussillon mit direktem Zugang zum Strand<\/h3>\n\n\n\n<p>Im 5-Sterne-Campingplatz Floride in Barcar\u00e8s Plage k\u00f6nnen Sie die ganze Vielfalt des s\u00fcdlichen Languedoc genie\u00dfen. Stellen Sie sich Ihren Aufenthalt in <strong>diesem katalanischen Badeort<\/strong> vor: Blick auf <strong>die Berge der Alb\u00e8res<\/strong>, auf das Dorf <a href=\"https:\/\/floride.fr\/de\/barcares\/\">Port Barcar\u00e8s<\/a> und auf den Fluss Agly. Auf dem Radweg auf dem 14 km langen, ausgebauten gr\u00fcnen Weg k\u00f6nnen Sie ihn bis nach <strong>Rivesaltes<\/strong> im Landesinneren befahren. Das Wasser ist immer in der N\u00e4he, wechseln Sie zwischen Strand und Hinterland. <\/p>\n\n\n\n<p>Barcar\u00e8s und seine 8 km lange K\u00fcste mit feinen Sandstr\u00e4nden begeistern mit ihrer sandigen K\u00fcste, ihren Kunstwerken und ihren lebensgro\u00dfen Animationen wie den <a href=\"http:\/\/festival-lesdeferlantes.com\">D\u00e9ferlantes<\/a>. Entdecken Sie zum Beispiel das am Strand von Lydia gestrandete Passagierschiff, in dem zahlreiche Ausstellungen stattfinden und das die vielseitige Identit\u00e4t von Barcar\u00e8s im Vergleich zu den Nachbargemeinden an der K\u00fcste des Languedoc unterstreicht. Ihr Aufenthalt auf unserem Campingplatz in Barcar\u00e8s Plage wird reich an vielf\u00e4ltigen Aktivit\u00e4ten und Landschaften sein. <\/p>\n\n\n\n<p>Der direkte Zugang zum Strand von Barcar\u00e8s garantiert Ihnen einen erstklassigen Standort f\u00fcr Ihren Aufenthalt im Languedoc-Roussillon. Der Horizont geh\u00f6rt Ihnen&#8230; Genie\u00dfen Sie einen echten Urlaub mit den F\u00fc\u00dfen im Sand, direkt am Meer, auf einem <a href=\"https:\/\/floride.fr\/de\/perpignan\/\">Campingplatz in der N\u00e4he von Perpignan<\/a> im Norden der Pyr\u00e9n\u00e9es-Orientales. <\/p>\n<\/div><\/div>\n\n\n\n<div style=\"height:100px\" aria-hidden=\"true\" class=\"wp-block-spacer\"><\/div>\n<\/div><\/section>\n","protected":false},"excerpt":{"rendered":"<p>Campingplatz in Barcar\u00e8s Plage mit direktem Zugang zum Meer Das Mittelmeer nur einen Katzensprung entfernt&#8230; Was will man mehr? Barcar\u00e8s Plage 150 Meter zu Fu\u00df vom Campingplatz entfernt Barcar\u00e8s Plage \u00e0 150 m\u00e8tres \u00e0 pied du camping Im 5-Sterne-Campingplatz Floride in Barcar\u00e8s Plage k\u00f6nnten Sie sich nichts Besseres w\u00fcnschen. Dank seiner privilegierten Lage am Fluss [&hellip;]<\/p>\n","protected":false},"author":1,"featured_media":0,"parent":0,"menu_order":0,"comment_status":"closed","ping_status":"closed","template":"","meta":[],"acf":[],"_links":{"self":[{"href":"https:\/\/floride.fr\/de\/wp-json\/wp\/v2\/pages\/2563"}],"collection":[{"href":"https:\/\/floride.fr\/de\/wp-json\/wp\/v2\/pages"}],"about":[{"href":"https:\/\/floride.fr\/de\/wp-json\/wp\/v2\/types\/page"}],"author":[{"embeddable":true,"href":"https:\/\/floride.fr\/de\/wp-json\/wp\/v2\/users\/1"}],"replies":[{"embeddable":true,"href":"https:\/\/floride.fr\/de\/wp-json\/wp\/v2\/comments?post=2563"}],"version-history":[{"count":6,"href":"https:\/\/floride.fr\/de\/wp-json\/wp\/v2\/pages\/2563\/revisions"}],"predecessor-version":[{"id":16275,"href":"https:\/\/floride.fr\/de\/wp-json\/wp\/v2\/pages\/2563\/revisions\/16275"}],"wp:attachment":[{"href":"https:\/\/floride.fr\/de\/wp-json\/wp\/v2\/media?parent=2563"}],"curies":[{"name":"wp","href":"https:\/\/api.w.org\/{rel}","templated":true}]}}