{"id":2571,"date":"2022-04-21T15:53:17","date_gmt":"2022-04-21T13:53:17","guid":{"rendered":"https:\/\/floride.fr\/betriebsrat\/"},"modified":"2026-03-17T14:09:21","modified_gmt":"2026-03-17T13:09:21","slug":"betriebsrat","status":"publish","type":"page","link":"https:\/\/floride.fr\/de\/betriebsrat\/","title":{"rendered":"Betriebsrat"},"content":{"rendered":"\n<figure class=\"wp-block-image alignfull size-full F-00-b\"><img loading=\"lazy\" width=\"2560\" height=\"1707\" src=\"https:\/\/floride.fr\/wp-content\/uploads\/2022\/10\/A7R5349-scaled.jpg\" alt=\"\" class=\"wp-image-7024\" srcset=\"https:\/\/floride.fr\/wp-content\/uploads\/2022\/10\/A7R5349-scaled.jpg 2560w, https:\/\/floride.fr\/wp-content\/uploads\/2022\/10\/A7R5349-300x200.jpg 300w, https:\/\/floride.fr\/wp-content\/uploads\/2022\/10\/A7R5349-1024x683.jpg 1024w, https:\/\/floride.fr\/wp-content\/uploads\/2022\/10\/A7R5349-768x512.jpg 768w, https:\/\/floride.fr\/wp-content\/uploads\/2022\/10\/A7R5349-1536x1024.jpg 1536w, https:\/\/floride.fr\/wp-content\/uploads\/2022\/10\/A7R5349-2048x1365.jpg 2048w\" sizes=\"(max-width: 2560px) 100vw, 2560px\" \/><\/figure>\n\n<h1 class=\"has-text-align-center has-couleur-1-color has-text-color\" id=\"a-port-barcares-faites-le-choix-du-depaysement-haut-de-gamme-en-2022\"><strong>Betriebsr\u00e4te<\/strong><\/h1>\n\n<section class=\"wp-container-69d0fe03371a3 wp-block-group F-05-a\"><div class=\"wp-block-group__inner-container\">\n<div class=\"wp-block-columns are-vertically-aligned-center\">\n<div class=\"wp-block-column is-vertically-aligned-center\">\n<figure class=\"wp-block-gallery has-nested-images columns-2 is-cropped deco-masque2\">\n<figure class=\"wp-block-image size-large\"><img loading=\"lazy\" width=\"699\" height=\"1024\" src=\"https:\/\/floride.fr\/wp-content\/uploads\/2022\/05\/IMG_0039-6-699x1024.jpg\" alt=\"\" class=\"wp-image-4447\" srcset=\"https:\/\/floride.fr\/wp-content\/uploads\/2022\/05\/IMG_0039-6-699x1024.jpg 699w, https:\/\/floride.fr\/wp-content\/uploads\/2022\/05\/IMG_0039-6-205x300.jpg 205w, https:\/\/floride.fr\/wp-content\/uploads\/2022\/05\/IMG_0039-6-768x1124.jpg 768w, https:\/\/floride.fr\/wp-content\/uploads\/2022\/05\/IMG_0039-6-1049x1536.jpg 1049w, https:\/\/floride.fr\/wp-content\/uploads\/2022\/05\/IMG_0039-6-1399x2048.jpg 1399w, https:\/\/floride.fr\/wp-content\/uploads\/2022\/05\/IMG_0039-6-scaled.jpg 1749w\" sizes=\"(max-width: 699px) 100vw, 699px\" \/><\/figure>\n\n\n\n<figure class=\"wp-block-image size-full\"><img loading=\"lazy\" width=\"1920\" height=\"2560\" src=\"https:\/\/floride.fr\/wp-content\/uploads\/2022\/05\/IMG_1117-1-scaled.jpg\" alt=\"\" class=\"wp-image-4564\" srcset=\"https:\/\/floride.fr\/wp-content\/uploads\/2022\/05\/IMG_1117-1-scaled.jpg 1920w, https:\/\/floride.fr\/wp-content\/uploads\/2022\/05\/IMG_1117-1-225x300.jpg 225w, https:\/\/floride.fr\/wp-content\/uploads\/2022\/05\/IMG_1117-1-768x1024.jpg 768w, https:\/\/floride.fr\/wp-content\/uploads\/2022\/05\/IMG_1117-1-1152x1536.jpg 1152w, https:\/\/floride.fr\/wp-content\/uploads\/2022\/05\/IMG_1117-1-1536x2048.jpg 1536w\" sizes=\"(max-width: 1920px) 100vw, 1920px\" \/><\/figure>\n<\/figure>\n<\/div>\n\n\n\n<div class=\"wp-block-column is-vertically-aligned-center deco-feuille3\">\n<h2 class=\"titre2 has-couleur-2-color has-text-color\" id=\"le-camping-village-le-floride-propose-aux-comites-d-entreprise-des-formules-tres-avantageuses\">Das Camping Village Le Floride bietet Betriebsr\u00e4ten besonders g\u00fcnstige Angebote:<\/h2>\n\n\n\n<ul><li>Mobilheime zur Miete im Sonderangebot, f\u00fcr den Sommer oder die gesamte Saison<\/li><li>Einmalige Preisnachl\u00e4sse auf bestimmte Unterk\u00fcnfte bei wochenweisen Anmietungen, je nach den W\u00fcnschen Ihrer Mitarbeiter<\/li><\/ul>\n\n\n\n<p><a rel=\"noreferrer noopener\" href=\"https:\/\/floride.fr\/wp-content\/uploads\/2023\/01\/Plaquette-CE-2023_compressed.pdf\" data-type=\"URL\" data-id=\"https:\/\/floride.fr\/wp-content\/uploads\/2023\/01\/Plaquette-CE-2023_compressed.pdf\" target=\"_blank\">Werfen Sie schnell einen Blick in unsere Brosch\u00fcre zur CE 2023, um weitere Informationen zu erhalten \u2013 die Pl\u00e4tze sind begrenzt!<\/a><\/p>\n\n\n\n<p>Wenn Sie weitere Informationen w\u00fcnschen, rufen Sie uns bitte unter 04 68 86 11 75 an.<\/p>\n\n\n\n<p>Oder den untenstehenden Antrag auf Kontaktaufnahme auszuf\u00fcllen:<\/p>\n<\/div>\n<\/div>\n<\/div><\/section>\n<script type=\"text\/javascript\">var gform;gform||(document.addEventListener(\"gform_main_scripts_loaded\",function(){gform.scriptsLoaded=!0}),window.addEventListener(\"DOMContentLoaded\",function(){gform.domLoaded=!0}),gform={domLoaded:!1,scriptsLoaded:!1,initializeOnLoaded:function(o){gform.domLoaded&&gform.scriptsLoaded?o():!gform.domLoaded&&gform.scriptsLoaded?window.addEventListener(\"DOMContentLoaded\",o):document.addEventListener(\"gform_main_scripts_loaded\",o)},hooks:{action:{},filter:{}},addAction:function(o,n,r,t){gform.addHook(\"action\",o,n,r,t)},addFilter:function(o,n,r,t){gform.addHook(\"filter\",o,n,r,t)},doAction:function(o){gform.doHook(\"action\",o,arguments)},applyFilters:function(o){return gform.doHook(\"filter\",o,arguments)},removeAction:function(o,n){gform.removeHook(\"action\",o,n)},removeFilter:function(o,n,r){gform.removeHook(\"filter\",o,n,r)},addHook:function(o,n,r,t,i){null==gform.hooks[o][n]&&(gform.hooks[o][n]=[]);var e=gform.hooks[o][n];null==i&&(i=n+\"_\"+e.length),gform.hooks[o][n].push({tag:i,callable:r,priority:t=null==t?10:t})},doHook:function(n,o,r){var t;if(r=Array.prototype.slice.call(r,1),null!=gform.hooks[n][o]&&((o=gform.hooks[n][o]).sort(function(o,n){return o.priority-n.priority}),o.forEach(function(o){\"function\"!=typeof(t=o.callable)&&(t=window[t]),\"action\"==n?t.apply(null,r):r[0]=t.apply(null,r)})),\"filter\"==n)return r[0]},removeHook:function(o,n,t,i){var r;null!=gform.hooks[o][n]&&(r=(r=gform.hooks[o][n]).filter(function(o,n,r){return!!(null!=i&&i!=o.tag||null!=t&&t!=o.priority)}),gform.hooks[o][n]=r)}});<\/script>\n                <div class='gf_browser_gecko gform_wrapper gravity-theme' id='gform_wrapper_4' ><div id='gf_4' class='gform_anchor' tabindex='-1'><\/div><form method='post' enctype='multipart\/form-data' target='gform_ajax_frame_4' id='gform_4'  action='\/de\/wp-json\/wp\/v2\/pages\/2571#gf_4' novalidate>\n                        <div class='gform_body gform-body'><div id='gform_fields_4' class='gform_fields top_label form_sublabel_below description_below'><div id=\"field_4_1\"  class=\"gfield gfield_contains_required field_sublabel_below field_description_below gfield_visibility_visible\"  data-js-reload=\"field_4_1\"><label class='gfield_label' for='input_4_1' >Name des EK<span class=\"gfield_required\"><span class=\"gfield_required gfield_required_asterisk\">*<\/span><\/span><\/label><div class='ginput_container ginput_container_text'><input name='input_1' id='input_4_1' type='text' value='' class='large'    placeholder='Organisation' aria-required=\"true\" aria-invalid=\"false\"   \/> <\/div><\/div><div id=\"field_4_2\"  class=\"gfield gfield_contains_required field_sublabel_below field_description_below gfield_visibility_visible\"  data-js-reload=\"field_4_2\"><label class='gfield_label' for='input_4_2' >Name Vorname<span class=\"gfield_required\"><span class=\"gfield_required gfield_required_asterisk\">*<\/span><\/span><\/label><div class='ginput_container ginput_container_text'><input name='input_2' id='input_4_2' type='text' value='' class='large'    placeholder='John Doe' aria-required=\"true\" aria-invalid=\"false\"   \/> <\/div><\/div><fieldset id=\"field_4_4\"  class=\"gfield gfield--width-full field_sublabel_above field_description_below hidden_label gfield_visibility_visible\"  data-js-reload=\"field_4_4\"><legend class='gfield_label gfield_label_before_complex'  >Adresse<\/legend>    \n                    <div class='ginput_complex ginput_container has_street has_city has_zip ginput_container_address' id='input_4_4' >\n                         <span class='ginput_full address_line_1 ginput_address_line_1' id='input_4_4_1_container' >\n                                        <label for='input_4_4_1' id='input_4_4_1_label' >Anschrift<\/label>\n                                        <input type='text' name='input_4.1' id='input_4_4_1' value=''    aria-required='false'    \/>\n                                   <\/span><span class='ginput_left address_city ginput_address_city' id='input_4_4_3_container' >\n                                    <label for='input_4_4_3' id='input_4_4_3_label' >Ort<\/label>\n                                    <input type='text' name='input_4.3' id='input_4_4_3' value=''    aria-required='false'    \/>\n                                 <\/span><input type='hidden' class='gform_hidden' name='input_4.4' id='input_4_4_4' value=''\/><span class='ginput_right address_zip ginput_address_zip' id='input_4_4_5_container' >\n                                    <label for='input_4_4_5' id='input_4_4_5_label' >PLZ<\/label>\n                                    <input type='text' name='input_4.5' id='input_4_4_5' value=''    aria-required='false'    \/>\n                                <\/span><input type='hidden' class='gform_hidden' name='input_4.6' id='input_4_4_6' value='' \/>\n                    <div class='gf_clear gf_clear_complex'><\/div>\n                <\/div><\/fieldset><div id=\"field_4_5\"  class=\"gfield gfield--width-full field_sublabel_below field_description_below gfield_visibility_visible\"  data-js-reload=\"field_4_5\"><label class='gfield_label' for='input_4_5' >Telefon<\/label><div class='ginput_container ginput_container_phone'><input name='input_5' id='input_4_5' type='tel' value='' class='large'  placeholder='+33 0 00 00 00 00'  aria-invalid=\"false\"   \/><\/div><\/div><div id=\"field_4_6\"  class=\"gfield gfield--width-full gfield_contains_required field_sublabel_below field_description_below gfield_visibility_visible\"  data-js-reload=\"field_4_6\"><label class='gfield_label' for='input_4_6' >E-mail<span class=\"gfield_required\"><span class=\"gfield_required gfield_required_asterisk\">*<\/span><\/span><\/label><div class='ginput_container ginput_container_email'>\n                            <input name='input_6' id='input_4_6' type='email' value='' class='large'   placeholder='beispiel@camping.com' aria-required=\"true\" aria-invalid=\"false\"  \/>\n                        <\/div><\/div><fieldset id=\"field_4_7\"  class=\"gfield gfield--width-full gfield_contains_required field_sublabel_below field_description_below hidden_label gfield_visibility_visible\"  data-js-reload=\"field_4_7\"><legend class='gfield_label gfield_label_before_complex'  >RGPD<span class=\"gfield_required\"><span class=\"gfield_required gfield_required_asterisk\">*<\/span><\/span><\/legend><div class='ginput_container ginput_container_consent'><input name='input_7.1' id='input_4_7_1' type='checkbox' value='1'   aria-required=\"true\" aria-invalid=\"false\"   \/> <label class=\"gfield_consent_label\" for='input_4_7_1' >Ich stimme der Verwendung meiner pers\u00f6nlichen Daten zu, die in der <a href=\"https:\/\/floride.francecom.com\/de\/vertraulichkeit-und-personenbezogene-daten\/\" target=\"_blank\">Privacy Policy and Personal Data Management<\/a> erw\u00e4hnt werden.<\/label><span class=\"gfield_required gfield_required_asterisk\">*<\/span><input type='hidden' name='input_7.2' value='Ich stimme der Verwendung meiner pers\u00f6nlichen Daten zu, die in der &lt;a href=&quot;https:\/\/floride.francecom.com\/de\/vertraulichkeit-und-personenbezogene-daten\/&quot; target=&quot;_blank&quot;&gt;Privacy Policy and Personal Data Management&lt;\/a&gt; erw\u00e4hnt werden.' class='gform_hidden' \/><input type='hidden' name='input_7.3' value='4' class='gform_hidden' \/><\/div><\/fieldset><div id=\"field_4_8\"  class=\"gfield gfield--width-full field_sublabel_below field_description_below hidden_label gfield_visibility_visible\"  data-js-reload=\"field_4_8\"><label class='gfield_label' for='input_4_8' >CAPTCHA<\/label><div id='input_4_8' class='ginput_container ginput_recaptcha' data-sitekey='6LcqotAeAAAAAGHrtC4gqLxYtWFv-bLABAvDdjYH'  data-theme='light' data-tabindex='-1' data-size='invisible' data-badge='bottomright'><\/div><\/div><\/div><\/div>\n        <div class='gform_footer top_label'> <input type='submit' id='gform_submit_button_4' class='gform_button button' value='Senden Sie'  onclick='if(window[\"gf_submitting_4\"]){return false;}  if( !jQuery(\"#gform_4\")[0].checkValidity || jQuery(\"#gform_4\")[0].checkValidity()){window[\"gf_submitting_4\"]=true;}  ' onkeypress='if( event.keyCode == 13 ){ if(window[\"gf_submitting_4\"]){return false;} if( !jQuery(\"#gform_4\")[0].checkValidity || jQuery(\"#gform_4\")[0].checkValidity()){window[\"gf_submitting_4\"]=true;}  jQuery(\"#gform_4\").trigger(\"submit\",[true]); }' \/> <input type='hidden' name='gform_ajax' value='form_id=4&amp;title=&amp;description=&amp;tabindex=0' \/>\n            <input type='hidden' class='gform_hidden' name='is_submit_4' value='1' \/>\n            <input type='hidden' class='gform_hidden' name='gform_submit' value='4' \/>\n            \n            <input type='hidden' class='gform_hidden' name='gform_unique_id' value='' \/>\n            <input type='hidden' class='gform_hidden' name='state_4' value='WyJ7XCI3LjFcIjpcIjY2MzkxMzY2MmNiM2Q0MzljOTY1Nzc5NTZlMmYxOTZhXCIsXCI3LjJcIjpcIjYzNTc3NTNiMzRiODQ3YWQ2ZGE1YzNiMDEzMzc3YzRkXCIsXCI3LjNcIjpcIjdmMTkyY2EwMTk5OWVmZTY4ZDg1ODM4ZjgxNjc3YTU0XCJ9IiwiMmY2MmExYTlkNzVkNWU3NGNlYzU5OGZmYzZkYjdlZDciXQ==' \/>\n            <input type='hidden' class='gform_hidden' name='gform_target_page_number_4' id='gform_target_page_number_4' value='0' \/>\n            <input type='hidden' class='gform_hidden' name='gform_source_page_number_4' id='gform_source_page_number_4' value='1' \/>\n            <input type='hidden' name='gform_field_values' value='' \/>\n            \n        <\/div>\n                        <p style=\"display: none !important;\"><label>&#916;<textarea name=\"ak_hp_textarea\" cols=\"45\" rows=\"8\" maxlength=\"100\"><\/textarea><\/label><input type=\"hidden\" id=\"ak_js_1\" name=\"ak_js\" value=\"217\"\/><script>document.getElementById( \"ak_js_1\" ).setAttribute( \"value\", ( new Date() ).getTime() );<\/script><\/p><\/form>\n                        <\/div>\n                <iframe style='display:none;width:0px;height:0px;' src='about:blank' name='gform_ajax_frame_4' id='gform_ajax_frame_4' title='Dieser iframe enth\u00e4lt die erforderliche Logik um Gravity Forms Formulare mit AJAX zu handhaben.'><\/iframe>\n                <script type=\"text\/javascript\">\ngform.initializeOnLoaded( function() {gformInitSpinner( 4, 'https:\/\/floride.fr\/wp-content\/plugins\/gravityforms\/images\/spinner.svg' );jQuery('#gform_ajax_frame_4').on('load',function(){var contents = jQuery(this).contents().find('*').html();var is_postback = contents.indexOf('GF_AJAX_POSTBACK') >= 0;if(!is_postback){return;}var form_content = jQuery(this).contents().find('#gform_wrapper_4');var is_confirmation = jQuery(this).contents().find('#gform_confirmation_wrapper_4').length > 0;var is_redirect = contents.indexOf('gformRedirect(){') >= 0;var is_form = form_content.length > 0 && ! is_redirect && ! is_confirmation;var mt = parseInt(jQuery('html').css('margin-top'), 10) + parseInt(jQuery('body').css('margin-top'), 10) + 100;if(is_form){jQuery('#gform_wrapper_4').html(form_content.html());if(form_content.hasClass('gform_validation_error')){jQuery('#gform_wrapper_4').addClass('gform_validation_error');} else {jQuery('#gform_wrapper_4').removeClass('gform_validation_error');}setTimeout( function() { \/* delay the scroll by 50 milliseconds to fix a bug in chrome *\/ jQuery(document).scrollTop(jQuery('#gform_wrapper_4').offset().top - mt); }, 50 );if(window['gformInitDatepicker']) {gformInitDatepicker();}if(window['gformInitPriceFields']) {gformInitPriceFields();}var current_page = jQuery('#gform_source_page_number_4').val();gformInitSpinner( 4, 'https:\/\/floride.fr\/wp-content\/plugins\/gravityforms\/images\/spinner.svg' );jQuery(document).trigger('gform_page_loaded', [4, current_page]);window['gf_submitting_4'] = false;}else if(!is_redirect){var confirmation_content = jQuery(this).contents().find('.GF_AJAX_POSTBACK').html();if(!confirmation_content){confirmation_content = contents;}setTimeout(function(){jQuery('#gform_wrapper_4').replaceWith(confirmation_content);jQuery(document).scrollTop(jQuery('#gf_4').offset().top - mt);jQuery(document).trigger('gform_confirmation_loaded', [4]);window['gf_submitting_4'] = false;wp.a11y.speak(jQuery('#gform_confirmation_message_4').text());}, 50);}else{jQuery('#gform_4').append(contents);if(window['gformRedirect']) {gformRedirect();}}jQuery(document).trigger('gform_post_render', [4, current_page]);} );} );\n<\/script>\n","protected":false},"excerpt":{"rendered":"<p>Betriebsr\u00e4te Das Camping Village Le Floride bietet Betriebsr\u00e4ten besonders g\u00fcnstige Angebote: Mobilheime zur Miete im Sonderangebot, f\u00fcr den Sommer oder die gesamte Saison Einmalige Preisnachl\u00e4sse auf bestimmte Unterk\u00fcnfte bei wochenweisen Anmietungen, je nach den W\u00fcnschen Ihrer Mitarbeiter Werfen Sie schnell einen Blick in unsere Brosch\u00fcre zur CE 2023, um weitere Informationen zu erhalten \u2013 die [&hellip;]<\/p>\n","protected":false},"author":1,"featured_media":0,"parent":0,"menu_order":0,"comment_status":"closed","ping_status":"closed","template":"","meta":[],"acf":[],"_links":{"self":[{"href":"https:\/\/floride.fr\/de\/wp-json\/wp\/v2\/pages\/2571"}],"collection":[{"href":"https:\/\/floride.fr\/de\/wp-json\/wp\/v2\/pages"}],"about":[{"href":"https:\/\/floride.fr\/de\/wp-json\/wp\/v2\/types\/page"}],"author":[{"embeddable":true,"href":"https:\/\/floride.fr\/de\/wp-json\/wp\/v2\/users\/1"}],"replies":[{"embeddable":true,"href":"https:\/\/floride.fr\/de\/wp-json\/wp\/v2\/comments?post=2571"}],"version-history":[{"count":6,"href":"https:\/\/floride.fr\/de\/wp-json\/wp\/v2\/pages\/2571\/revisions"}],"predecessor-version":[{"id":16313,"href":"https:\/\/floride.fr\/de\/wp-json\/wp\/v2\/pages\/2571\/revisions\/16313"}],"wp:attachment":[{"href":"https:\/\/floride.fr\/de\/wp-json\/wp\/v2\/media?parent=2571"}],"curies":[{"name":"wp","href":"https:\/\/api.w.org\/{rel}","templated":true}]}}