{"id":2579,"date":"2022-04-21T15:56:49","date_gmt":"2022-04-21T13:56:49","guid":{"rendered":"https:\/\/floride.fr\/kontakt-anreise\/"},"modified":"2026-03-17T14:12:30","modified_gmt":"2026-03-17T13:12:30","slug":"kontakt-anreise","status":"publish","type":"page","link":"https:\/\/floride.fr\/de\/kontakt-anreise\/","title":{"rendered":"Kontakt &amp; Anreise"},"content":{"rendered":"\n<figure class=\"wp-block-image alignfull size-full F-00-a\"><img loading=\"lazy\" width=\"1920\" height=\"1439\" src=\"https:\/\/floride.fr\/wp-content\/uploads\/2025\/11\/003_Camping_Occitanie_Le_Floride_et_l_Embouchure_Ciela_Village_Drone.webp\" alt=\"\" class=\"wp-image-16005\" srcset=\"https:\/\/floride.fr\/wp-content\/uploads\/2025\/11\/003_Camping_Occitanie_Le_Floride_et_l_Embouchure_Ciela_Village_Drone.webp 1920w, https:\/\/floride.fr\/wp-content\/uploads\/2025\/11\/003_Camping_Occitanie_Le_Floride_et_l_Embouchure_Ciela_Village_Drone-300x225.webp 300w, https:\/\/floride.fr\/wp-content\/uploads\/2025\/11\/003_Camping_Occitanie_Le_Floride_et_l_Embouchure_Ciela_Village_Drone-1024x767.webp 1024w, https:\/\/floride.fr\/wp-content\/uploads\/2025\/11\/003_Camping_Occitanie_Le_Floride_et_l_Embouchure_Ciela_Village_Drone-768x576.webp 768w, https:\/\/floride.fr\/wp-content\/uploads\/2025\/11\/003_Camping_Occitanie_Le_Floride_et_l_Embouchure_Ciela_Village_Drone-1536x1151.webp 1536w\" sizes=\"(max-width: 1920px) 100vw, 1920px\" \/><\/figure>\n\n<section class=\"wp-container-69d0ee92c366e wp-block-group\"><div class=\"wp-block-group__inner-container\">\n<h1 class=\"has-text-align-center titre1 has-couleur-1-color has-text-color\" id=\"contact-acces\"><strong>Kontakt &amp; <\/strong> Anreise<\/h1>\n\n\n\n<div class=\"wp-container-69d0ee92c32f5 wp-block-group pictos small\">\n<div class=\"wp-container-69d0ee92c2857 wp-block-group\"><div class=\"wp-block-group__inner-container\"><i class=\"fal fa-phone-alt\"><\/i>\n\n\n<a itemprop=\"telephone\" href=\"tel:+33468861175\">04 68 86 11 75<\/a>\n<\/div><\/div>\n\n\n\n<div class=\"wp-container-69d0ee92c2bce wp-block-group\"><div class=\"wp-block-group__inner-container\"><i class=\"fal fa-map-marker-alt\"><\/i>\n\n\n<span class=\"wrp_adresse\"><span itemprop=\"address\">Route de St Laurent - 66420 Le Barcar\u00e8s<br \/>\r\nPyr\u00e9n\u00e9es orientales | Languedoc-Roussillon<\/span><\/span>\n<\/div><\/div>\n\n\n\n<div class=\"wp-container-69d0ee92c2f1a wp-block-group\"><div class=\"wp-block-group__inner-container\"><i class=\"fal fa-envelope\"><\/i>\n\n\n<a itemprop=\"email\" href=\"mailto:lefloride@cielavillage.com\">lefloride@cielavillage.com<\/a>\n<\/div><\/div>\n<\/div>\n\n\n\n<h2 class=\"has-text-align-center has-couleur-1-color has-text-color\" id=\"demande-d-informations\">Angebotsanfrage<\/h2>\n\n\n\n<p class=\"has-text-align-center\">F\u00fcr weitere Informationen oder Ausk\u00fcnfte zur Reservierung einer Unterkunft oder eines Stellplatzes f\u00fcllen Sie bitte die folgenden Felder aus:<\/p>\n\n\n\t<div class='ctv-form'>\r\n\t\t<script type=\"text\/javascript\">\r\n\t\tvar customOptions = {\r\n\t\t\tIdentity:{\r\n\t\t\t\tCompanyId: '14',\r\n\t\t\t\tEstablishmentIds: '5382',\r\n\t\t\t\tLanguage: 'fr',\r\n\t\t\t\tPolice: 'Open Sans',\r\n\t\t\t\tShowHeader: 'false',\r\n\t\t\t\tHeaderColor: 'e8e8e8',\r\n\t\t\t\tTextColor: '585852',\r\n\t\t\t\tBackgroundColor: 'e8e8e8',\r\n\t\t\t\tPoliceColor: '585852',\r\n\t\t\t\tButtonColor: '585852',\r\n\t\t\t\tHoverColor: 'ffffff'\r\n\t\t\t}\r\n\t\t};\r\n\t\t!function(){var e=new window.CTV.Widget('CRM', 'Estimate', customOptions);\r\n\t\tdocument.write(e.Write()),window.CTV.WidgetsCollection.push(e), e.Send()}();\r\n\t\t<\/script>\r\n\t<\/div>\r\n\t\n<\/div><\/section>\n\n<section class=\"wp-container-69d0ee92c3a2d wp-block-group F-15-a\"><div class=\"wp-block-group__inner-container\">\n<div class=\"wp-block-media-text is-stacked-on-mobile is-image-fill\"><figure class=\"wp-block-media-text__media\" style=\"background-image:url(https:\/\/floride.fr\/wp-content\/uploads\/2022\/03\/A7R4627-1024x683.jpg);background-position:50% 50%\"><img loading=\"lazy\" width=\"1024\" height=\"683\" src=\"https:\/\/floride.fr\/wp-content\/uploads\/2022\/03\/A7R4627-1024x683.jpg\" alt=\"\" class=\"wp-image-1665 size-full\" srcset=\"https:\/\/floride.fr\/wp-content\/uploads\/2022\/03\/A7R4627-1024x683.jpg 1024w, https:\/\/floride.fr\/wp-content\/uploads\/2022\/03\/A7R4627-300x200.jpg 300w, https:\/\/floride.fr\/wp-content\/uploads\/2022\/03\/A7R4627-768x512.jpg 768w, https:\/\/floride.fr\/wp-content\/uploads\/2022\/03\/A7R4627-1536x1024.jpg 1536w, https:\/\/floride.fr\/wp-content\/uploads\/2022\/03\/A7R4627.jpg 2048w\" sizes=\"(max-width: 1024px) 100vw, 1024px\" \/><\/figure><div class=\"wp-block-media-text__content\">\n<div class=\"wp-block-media-text is-stacked-on-mobile is-image-fill deco-coco\"><figure class=\"wp-block-media-text__media\" style=\"background-image:url(https:\/\/floride.fr\/wp-content\/uploads\/2022\/03\/\u00a9LeFloride-150-1024x682-1.jpg);background-position:50% 50%\"><img loading=\"lazy\" width=\"1024\" height=\"682\" src=\"https:\/\/floride.fr\/wp-content\/uploads\/2022\/03\/\u00a9LeFloride-150-1024x682-1.jpg\" alt=\"\" class=\"wp-image-897 size-full\" srcset=\"https:\/\/floride.fr\/wp-content\/uploads\/2022\/03\/\u00a9LeFloride-150-1024x682-1.jpg 1024w, https:\/\/floride.fr\/wp-content\/uploads\/2022\/03\/\u00a9LeFloride-150-1024x682-1-300x200.jpg 300w, https:\/\/floride.fr\/wp-content\/uploads\/2022\/03\/\u00a9LeFloride-150-1024x682-1-768x512.jpg 768w\" sizes=\"(max-width: 1024px) 100vw, 1024px\" \/><\/figure><div class=\"wp-block-media-text__content\">\n<blockquote class=\"wp-block-quote\"><p>&#8222;Ein Top-Team, sehr reaktionsschnell. Ein sehr guter Empfang. Nochmals vielen Dank&#8220;.<\/p><cite>Saly, kam im September<\/cite><\/blockquote>\n<\/div><\/div>\n\n\n\n<p>Die Rezeption des Campingplatzes Le Floride ist vom 3. April bis zum 27. September 2026 t\u00e4glich von 9:00 bis 20:00 Uhr f\u00fcr Sie da und bleibt bis zur Schlie\u00dfung des Campingplatzes am 1. November 2026 ge\u00f6ffnet.<\/p>\n\n\n\n<p>Die B\u00fcros sind auch w\u00e4hrend der Monate, in denen der Campingplatz geschlossen ist, montags bis freitags von 9:00 bis 17:00 Uhr ge\u00f6ffnet.<\/p>\n\n\n\n<p><em>Bitte teilen Sie uns bei Ihrem Anruf Ihre Kundennummer mit.<\/em><\/p>\n\n\n\n<p>Gleich bei Ihrer Ankunft hei\u00dft Sie unser Team auf dem Campingplatz Le Floride in Barcar\u00e8s herzlich willkommen und steht Ihnen gerne zur Verf\u00fcgung, damit Sie Ihren Urlaub ganz entspannt genie\u00dfen k\u00f6nnen.<\/p>\n<\/div><\/div>\n<\/div><\/section>\n\n<section class=\"wp-container-69d0ee92c3ed1 wp-block-group F-05-a  vague-top ligne1-top has-bg-1-background-color has-background\"><div class=\"wp-block-group__inner-container\">\n<div class=\"wp-block-columns are-vertically-aligned-center\">\n<div class=\"wp-block-column is-vertically-aligned-center\">\n<figure class=\"wp-block-gallery has-nested-images columns-2 is-cropped deco-fleur1\">\n<figure class=\"wp-block-image size-full\"><img loading=\"lazy\" width=\"1800\" height=\"730\" src=\"https:\/\/floride.fr\/wp-content\/uploads\/2022\/03\/Lydia-Grande-RoueBass.jpg\" alt=\"\" class=\"wp-image-1633\" srcset=\"https:\/\/floride.fr\/wp-content\/uploads\/2022\/03\/Lydia-Grande-RoueBass.jpg 1800w, https:\/\/floride.fr\/wp-content\/uploads\/2022\/03\/Lydia-Grande-RoueBass-300x122.jpg 300w, https:\/\/floride.fr\/wp-content\/uploads\/2022\/03\/Lydia-Grande-RoueBass-1024x415.jpg 1024w, https:\/\/floride.fr\/wp-content\/uploads\/2022\/03\/Lydia-Grande-RoueBass-768x311.jpg 768w, https:\/\/floride.fr\/wp-content\/uploads\/2022\/03\/Lydia-Grande-RoueBass-1536x623.jpg 1536w\" sizes=\"(max-width: 1800px) 100vw, 1800px\" \/><\/figure>\n\n\n\n<figure class=\"wp-block-image size-full\"><img loading=\"lazy\" width=\"1800\" height=\"730\" src=\"https:\/\/floride.fr\/wp-content\/uploads\/2022\/03\/cadaq.jpg\" alt=\"\" class=\"wp-image-1628\" srcset=\"https:\/\/floride.fr\/wp-content\/uploads\/2022\/03\/cadaq.jpg 1800w, https:\/\/floride.fr\/wp-content\/uploads\/2022\/03\/cadaq-300x122.jpg 300w, https:\/\/floride.fr\/wp-content\/uploads\/2022\/03\/cadaq-1024x415.jpg 1024w, https:\/\/floride.fr\/wp-content\/uploads\/2022\/03\/cadaq-768x311.jpg 768w, https:\/\/floride.fr\/wp-content\/uploads\/2022\/03\/cadaq-1536x623.jpg 1536w\" sizes=\"(max-width: 1800px) 100vw, 1800px\" \/><\/figure>\n<\/figure>\n<\/div>\n\n\n\n<div class=\"wp-block-column is-vertically-aligned-center deco-feuille1\">\n<h2 class=\"has-couleur-2-color has-text-color\" id=\"un-ensoleillement-optimal-en-mediterranee\">Optimale Sonneneinstrahlung im Mittelmeerraum<\/h2>\n\n\n\n<ul><li>15 km von Perpignan entfernt<\/li><li>50 km von Le Perthus (spanische Grenze) entfernt<\/li><li>110 km von Font Romeu, dem Berg<\/li><li>160 km von Andorra entfernt<\/li><\/ul>\n\n\n\n<h2 class=\"brush has-couleur-4-color has-text-color\" id=\"un-acces-facile\">Einfacher Zugang:<\/h2>\n\n\n\n<p>Autobahn A9 \u2013 Ausfahrt 41: Richtung Canet en Roussillon, Le Barcar\u00e8s<br\/>Weiter auf der D83 Richtung Le Barcar\u00e8s<br\/>Ausfahrt Nr. 9 Richtung Canet en Roussillon. 1. Ausfahrt Le Barcares, dann im Kreisverkehr links abbiegen. Der Campingplatz befindet sich nach 800 m auf Ihrer linken Seite.<\/p>\n\n\n\n<p>SNCF-Bahnhof Perpignan, dann Buslinie 10. (45 Minuten bis zum Campingplatz)<br\/>TER-Bahnhof Leucate La Franqui, dann Taxi<br\/>Flughafen Perpignan-Rivesaltes<br\/>Autobahn A9<\/p>\n\n\n\n<h4 class=\"brush has-couleur-4-color has-text-color\" id=\"a-velo\">A Velo :<\/h4>\n\n\n\n<p>Zugang \u00fcber den Voie verte de l&#8217;Agly (14 km von Rivesaltes nach Barcar\u00e8s) oder die V\u00e9litoralle (von St-Cyprien nach Barcar\u00e8s). Fahrradfreundliche Infrastruktur, Fahrrad- und Zubeh\u00f6rverleih vor Ort.<\/p>\n\n\n\n<p><a href=\"http:\/\/www.lamediterraneeavelo.org\/fileadmin\/user_upload\/eurovelo8\/Comites-techniques\/Promotion-Communication\/Plaquette_presentation\/Plaquette_LaMav_2017.pdf\" target=\"_blank\" rel=\"noreferrer noopener\">Sehen Sie sich hier das Eurov\u00e9lo-Routenbuch der Pyr\u00e9n\u00e9es-Orientales an<\/a><\/p>\n<\/div>\n<\/div>\n<\/div><\/section>\n","protected":false},"excerpt":{"rendered":"<p>Kontakt &amp; Anreise Angebotsanfrage F\u00fcr weitere Informationen oder Ausk\u00fcnfte zur Reservierung einer Unterkunft oder eines Stellplatzes f\u00fcllen Sie bitte die folgenden Felder aus: &#8222;Ein Top-Team, sehr reaktionsschnell. Ein sehr guter Empfang. Nochmals vielen Dank&#8220;. Saly, kam im September Die Rezeption des Campingplatzes Le Floride ist vom 3. April bis zum 27. September 2026 t\u00e4glich von [&hellip;]<\/p>\n","protected":false},"author":1,"featured_media":0,"parent":0,"menu_order":0,"comment_status":"closed","ping_status":"closed","template":"","meta":[],"acf":[],"_links":{"self":[{"href":"https:\/\/floride.fr\/de\/wp-json\/wp\/v2\/pages\/2579"}],"collection":[{"href":"https:\/\/floride.fr\/de\/wp-json\/wp\/v2\/pages"}],"about":[{"href":"https:\/\/floride.fr\/de\/wp-json\/wp\/v2\/types\/page"}],"author":[{"embeddable":true,"href":"https:\/\/floride.fr\/de\/wp-json\/wp\/v2\/users\/1"}],"replies":[{"embeddable":true,"href":"https:\/\/floride.fr\/de\/wp-json\/wp\/v2\/comments?post=2579"}],"version-history":[{"count":6,"href":"https:\/\/floride.fr\/de\/wp-json\/wp\/v2\/pages\/2579\/revisions"}],"predecessor-version":[{"id":16317,"href":"https:\/\/floride.fr\/de\/wp-json\/wp\/v2\/pages\/2579\/revisions\/16317"}],"wp:attachment":[{"href":"https:\/\/floride.fr\/de\/wp-json\/wp\/v2\/media?parent=2579"}],"curies":[{"name":"wp","href":"https:\/\/api.w.org\/{rel}","templated":true}]}}