{"id":2603,"date":"2022-04-21T16:00:00","date_gmt":"2022-04-21T14:00:00","guid":{"rendered":"https:\/\/floride.fr\/standorte\/"},"modified":"2026-03-17T14:13:56","modified_gmt":"2026-03-17T13:13:56","slug":"standorte","status":"publish","type":"page","link":"https:\/\/floride.fr\/de\/standorte\/","title":{"rendered":"Standorte"},"content":{"rendered":"\n<figure class=\"wp-block-image alignfull size-full F-00-b\"><img loading=\"lazy\" width=\"1800\" height=\"730\" src=\"https:\/\/floride.fr\/wp-content\/uploads\/2022\/04\/018-camping-le-floride-1.jpg\" alt=\"\" class=\"wp-image-3167\" srcset=\"https:\/\/floride.fr\/wp-content\/uploads\/2022\/04\/018-camping-le-floride-1.jpg 1800w, https:\/\/floride.fr\/wp-content\/uploads\/2022\/04\/018-camping-le-floride-1-300x122.jpg 300w, https:\/\/floride.fr\/wp-content\/uploads\/2022\/04\/018-camping-le-floride-1-1024x415.jpg 1024w, https:\/\/floride.fr\/wp-content\/uploads\/2022\/04\/018-camping-le-floride-1-768x311.jpg 768w, https:\/\/floride.fr\/wp-content\/uploads\/2022\/04\/018-camping-le-floride-1-1536x623.jpg 1536w\" sizes=\"(max-width: 1800px) 100vw, 1800px\" \/><figcaption>zelten le floride<\/figcaption><\/figure>\n\n<section class=\"wp-container-69e9f10e521b7 wp-block-group\"><div class=\"wp-block-group__inner-container\">\n<h1 class=\"has-text-align-center has-couleur-1-color has-text-color\" id=\"emplacements-camping-port-barcares\">Stellpl\u00e4tze Camping Port-Barcar\u00e8s<\/h1>\n\n\n\n<div class=\"wp-container-69e9f10e51bcf wp-block-group pictos\">\n<div class=\"wp-container-69e9f10e50f7e wp-block-group\"><div class=\"wp-block-group__inner-container\"><i class=\"fal fa-campground\"><\/i>\n\n\n\n<p>Urlaub in der Natur<\/p>\n<\/div><\/div>\n\n\n\n<div class=\"wp-container-69e9f10e512ca wp-block-group\"><div class=\"wp-block-group__inner-container\"><i class=\"fal fa-tint\"><\/i>\n\n\n\n<p>Wasser- und Abwasseranschl\u00fcsse<\/p>\n<\/div><\/div>\n\n\n\n<div class=\"wp-container-69e9f10e515fe wp-block-group\"><div class=\"wp-block-group__inner-container\"><i class=\"fal fa-sun-cloud\"><\/i>\n\n\n\n<p>Schattige oder sonnige Standorte<\/p>\n<\/div><\/div>\n\n\n\n<div class=\"wp-container-69e9f10e5192c wp-block-group\"><div class=\"wp-block-group__inner-container\"><i class=\"fal fa-rv\"><\/i>\n\n\n\n<p>Servicebereich f\u00fcr Wohnmobile<\/p>\n<\/div><\/div>\n<\/div>\n\n\n\n<h2 class=\"has-text-align-center titre2 has-couleur-4-color has-text-color\" id=\"ambiance-nature-pour-nos-emplacements-spacieux-et-delimites\">Naturatmosph\u00e4re f\u00fcr unsere ger\u00e4umigen und abgegrenzten Stellpl\u00e4tze!<\/h2>\n\n\n\n<p class=\"has-text-align-center\">Der Camping Club Le Floride hei\u00dft Sie vom 3. April bis zum 27. September sowie vom 17. Oktober bis zum 1. November 2026 zu Ihrem Campingurlaub in den Pyr\u00e9n\u00e9es-Orientales direkt am Meer willkommen!<\/p>\n\n\n\n<p class=\"has-text-align-center\">Noch authentischer als unsere Unterk\u00fcnfte in <a href=\"https:\/\/floride.fr\/de\/vermietungen\/\">Barcar\u00e8s <\/a>ist dieser gro\u00dfz\u00fcgige und schattige Campingplatz am Mittelmeer, auf dem Sie Ihre Zelte, Wohnmobile und Wohnwagen aufstellen k\u00f6nnen. Unser Campingplatz verf\u00fcgt \u00fcber 120 Stellpl\u00e4tze (davon 46 mit eigenen Sanit\u00e4ranlagen und 76 ohne) mit einer Gr\u00f6\u00dfe von etwa 80 bis 100 m\u00b2, die \u00fcber das gesamte Gel\u00e4nde verteilt sind, um allen Erwartungen gerecht zu werden.<\/p>\n\n\n\n<div class=\"wp-container-69e9f10e51f04 wp-block-buttons\">\n<div class=\"wp-block-button btn_resa\"><a class=\"wp-block-button__link has-couleur-2-background-color has-background\"><i class=\"fal fa-search\"><\/i> Buchen<\/a><\/div>\n<\/div>\n<\/div><\/section>\n\n<section class=\"wp-container-69e9f10e528c4 wp-block-group F-15-a vague-top vague-bottom ligne1-top has-bg-1-background-color has-background\"><div class=\"wp-block-group__inner-container\">\n<h2 class=\"titre1 has-couleur-1-color has-text-color\" id=\"vos-vacances-en-pyrenees-orientales-commencent-maintenant\">Ihr Urlaub in den Pyr\u00e9n\u00e9es Orientales beginnt jetzt!<\/h2>\n\n\n\n<div class=\"wp-block-media-text has-media-on-the-right is-stacked-on-mobile is-image-fill\" style=\"grid-template-columns:auto 52%\"><figure class=\"wp-block-media-text__media\" style=\"background-image:url(https:\/\/floride.fr\/wp-content\/uploads\/2022\/05\/EMPLACEMENT-CAMPING-CAR-1109-681x1024.jpg);background-position:54% 28.999999999999996%\"><img loading=\"lazy\" width=\"681\" height=\"1024\" src=\"https:\/\/floride.fr\/wp-content\/uploads\/2022\/05\/EMPLACEMENT-CAMPING-CAR-1109-681x1024.jpg\" alt=\"\" class=\"wp-image-3558 size-full\" srcset=\"https:\/\/floride.fr\/wp-content\/uploads\/2022\/05\/EMPLACEMENT-CAMPING-CAR-1109-681x1024.jpg 681w, https:\/\/floride.fr\/wp-content\/uploads\/2022\/05\/EMPLACEMENT-CAMPING-CAR-1109-200x300.jpg 200w, https:\/\/floride.fr\/wp-content\/uploads\/2022\/05\/EMPLACEMENT-CAMPING-CAR-1109-768x1154.jpg 768w, https:\/\/floride.fr\/wp-content\/uploads\/2022\/05\/EMPLACEMENT-CAMPING-CAR-1109-1022x1536.jpg 1022w, https:\/\/floride.fr\/wp-content\/uploads\/2022\/05\/EMPLACEMENT-CAMPING-CAR-1109-1363x2048.jpg 1363w, https:\/\/floride.fr\/wp-content\/uploads\/2022\/05\/EMPLACEMENT-CAMPING-CAR-1109-scaled.jpg 1703w\" sizes=\"(max-width: 681px) 100vw, 681px\" \/><\/figure><div class=\"wp-block-media-text__content\">\n<div class=\"wp-block-media-text has-media-on-the-right is-stacked-on-mobile is-image-fill deco-coco\" style=\"grid-template-columns:auto 38%\"><figure class=\"wp-block-media-text__media\" style=\"background-image:url(https:\/\/floride.fr\/wp-content\/uploads\/2022\/05\/EMPLACEMENT-CAMPING-CAR-1110-1-1024x681.jpg);background-position:50% 50%\"><img loading=\"lazy\" width=\"1024\" height=\"681\" src=\"https:\/\/floride.fr\/wp-content\/uploads\/2022\/05\/EMPLACEMENT-CAMPING-CAR-1110-1-1024x681.jpg\" alt=\"\" class=\"wp-image-3569 size-full\" srcset=\"https:\/\/floride.fr\/wp-content\/uploads\/2022\/05\/EMPLACEMENT-CAMPING-CAR-1110-1-1024x681.jpg 1024w, https:\/\/floride.fr\/wp-content\/uploads\/2022\/05\/EMPLACEMENT-CAMPING-CAR-1110-1-300x200.jpg 300w, https:\/\/floride.fr\/wp-content\/uploads\/2022\/05\/EMPLACEMENT-CAMPING-CAR-1110-1-768x511.jpg 768w, https:\/\/floride.fr\/wp-content\/uploads\/2022\/05\/EMPLACEMENT-CAMPING-CAR-1110-1-1536x1022.jpg 1536w, https:\/\/floride.fr\/wp-content\/uploads\/2022\/05\/EMPLACEMENT-CAMPING-CAR-1110-1-2048x1363.jpg 2048w\" sizes=\"(max-width: 1024px) 100vw, 1024px\" \/><\/figure><div class=\"wp-block-media-text__content\">\n<blockquote class=\"wp-block-quote\"><p>&#8222;Top-of-the-Top-Campingplatz. F\u00fcnfzehn Tage auf dem Campingplatz erschienen mir so schnell vergangen zu sein.<\/p><p>Schattiger Platz, in der N\u00e4he von Sanit\u00e4ranlagen, in der N\u00e4he von Schwimmb\u00e4dern, in der N\u00e4he von Kinderclubs, einfacher Zugang zu Strand und Stadtzentrum. Ganz zu schweigen von den tollen Animationen und unseren Nachbarn mit dem Campinggeist.<\/p><p>Zweifellos kommen wir n\u00e4chstes Jahr wieder&#8220;.<\/p><cite>Emy, kam im September<\/cite><\/blockquote>\n<\/div><\/div>\n\n\n\n<p> <strong>Halbschattige Stellpl\u00e4tze<\/strong> mit individuellen Sanit\u00e4ranlagen, <strong>100 m vom Meer entfernt<\/strong> und am Flussufer gelegen.<\/p>\n\n\n\n<p><strong>Traditionelle schattige<\/strong> oder <strong>sonnige Stellpl\u00e4tze<\/strong>, die Ihr Zelt oder Ihren Wohnwagen aufnehmen.<\/p>\n\n\n\n<p>Liebe Wohnmobilfreunde: Sie k\u00f6nnen auf unserem Campingplatz einen Stellplatz reservieren und einen kostenlosen Servicebereich f\u00fcr Ihr Wohnmobil nutzen.<br\/>Die Stellpl\u00e4tze sind mehr oder weniger schattig oder sonnig und Sie k\u00f6nnen Ihr Zweirad sicher auf Ihrem Stellplatz abstellen.<\/p>\n\n\n\n<p>Sanit\u00e4re Einrichtungen  <strong>gewartet und regelm\u00e4\u00dfig kontrolliert werden. Vollst\u00e4ndig<\/strong>  Unsere privaten Sanit\u00e4ranlagen sind f\u00fcr Personen mit eingeschr\u00e4nkter Mobilit\u00e4t (PMR) ausgestattet und bieten Ihnen auch allen Komfort, den Sie f\u00fcr das Bad Ihres Babys ben\u00f6tigen.<\/p>\n\n\n\n<p>Viele Stellpl\u00e4tze verf\u00fcgen \u00fcber einen Wasseranschluss (Wasser + Abfluss). Um diese Option zu nutzen, m\u00fcssen Sie bei Ihrer Buchung Folgendes ausw\u00e4hlen: Anschluss gro\u00dfer Komfort.<\/p>\n\n\n\n<div class=\"wp-container-69e9f10e525c1 wp-block-buttons\">\n<div class=\"wp-block-button\"><a class=\"wp-block-button__link has-couleur-2-background-color has-background\"><i class=\"fal fa-campground\"><\/i>  Einen Standort finden!<\/a><\/div>\n\n\n\n<div class=\"wp-block-button is-style-outline\"><a class=\"wp-block-button__link has-typo-color has-text-color\" href=\"https:\/\/floride.fr\/de\/fotogalerie\/\"><i class=\"fal fa-images\"><\/i> Sehen Sie sich die Unterk\u00fcnfte in Bildern an<\/a><\/div>\n<\/div>\n<\/div><\/div>\n<\/div><\/section>\n\n<section class=\"wp-container-69e9f10e52c83 wp-block-group alignfull F-30-a\"><div class=\"wp-block-group__inner-container\">\n<figure class=\"wp-block-gallery has-nested-images columns-4 is-cropped\">\n<figure class=\"wp-block-image size-large\"><a href=\"https:\/\/floride.fr\/de\/wasserpark\/\"><img loading=\"lazy\" width=\"1024\" height=\"683\" src=\"https:\/\/floride.fr\/wp-content\/uploads\/2022\/05\/A7R5910-1-1024x683.jpg\" alt=\"\" class=\"wp-image-3543\" srcset=\"https:\/\/floride.fr\/wp-content\/uploads\/2022\/05\/A7R5910-1-1024x683.jpg 1024w, https:\/\/floride.fr\/wp-content\/uploads\/2022\/05\/A7R5910-1-300x200.jpg 300w, https:\/\/floride.fr\/wp-content\/uploads\/2022\/05\/A7R5910-1-768x512.jpg 768w, https:\/\/floride.fr\/wp-content\/uploads\/2022\/05\/A7R5910-1-1536x1024.jpg 1536w, https:\/\/floride.fr\/wp-content\/uploads\/2022\/05\/A7R5910-1-2048x1365.jpg 2048w\" sizes=\"(max-width: 1024px) 100vw, 1024px\" \/><\/a><figcaption>Wasserraum<\/figcaption><\/figure>\n\n\n\n<figure class=\"wp-block-image size-full\"><a href=\"https:\/\/floride.fr\/de\/vermietungen\/\"><img loading=\"lazy\" width=\"1024\" height=\"683\" src=\"https:\/\/floride.fr\/wp-content\/uploads\/2022\/05\/130-camping-le-floride-1024px-2.jpg\" alt=\"\" class=\"wp-image-3889\" srcset=\"https:\/\/floride.fr\/wp-content\/uploads\/2022\/05\/130-camping-le-floride-1024px-2.jpg 1024w, https:\/\/floride.fr\/wp-content\/uploads\/2022\/05\/130-camping-le-floride-1024px-2-300x200.jpg 300w, https:\/\/floride.fr\/wp-content\/uploads\/2022\/05\/130-camping-le-floride-1024px-2-768x512.jpg 768w\" sizes=\"(max-width: 1024px) 100vw, 1024px\" \/><\/a><figcaption>Vermietungen<\/figcaption><\/figure>\n\n\n\n<figure class=\"wp-block-image size-full\"><a href=\"https:\/\/floride.fr\/de\/wohlbefinden\/\"><img loading=\"lazy\" width=\"2560\" height=\"1707\" src=\"https:\/\/floride.fr\/wp-content\/uploads\/2022\/05\/media-88995876-004-scaled.jpg\" alt=\"\" class=\"wp-image-3528\" srcset=\"https:\/\/floride.fr\/wp-content\/uploads\/2022\/05\/media-88995876-004-scaled.jpg 2560w, https:\/\/floride.fr\/wp-content\/uploads\/2022\/05\/media-88995876-004-300x200.jpg 300w, https:\/\/floride.fr\/wp-content\/uploads\/2022\/05\/media-88995876-004-1024x683.jpg 1024w, https:\/\/floride.fr\/wp-content\/uploads\/2022\/05\/media-88995876-004-768x512.jpg 768w, https:\/\/floride.fr\/wp-content\/uploads\/2022\/05\/media-88995876-004-1536x1024.jpg 1536w, https:\/\/floride.fr\/wp-content\/uploads\/2022\/05\/media-88995876-004-2048x1365.jpg 2048w\" sizes=\"(max-width: 2560px) 100vw, 2560px\" \/><\/a><figcaption>Entspannungsraum<\/figcaption><\/figure>\n\n\n\n<figure class=\"wp-block-image size-full\"><a href=\"https:\/\/floride.fr\/de\/partys-show\/\"><img loading=\"lazy\" width=\"1600\" height=\"899\" src=\"https:\/\/floride.fr\/wp-content\/uploads\/2022\/05\/selection-petite-sirene.jpg\" alt=\"\" class=\"wp-image-3533\" srcset=\"https:\/\/floride.fr\/wp-content\/uploads\/2022\/05\/selection-petite-sirene.jpg 1600w, https:\/\/floride.fr\/wp-content\/uploads\/2022\/05\/selection-petite-sirene-300x169.jpg 300w, https:\/\/floride.fr\/wp-content\/uploads\/2022\/05\/selection-petite-sirene-1024x575.jpg 1024w, https:\/\/floride.fr\/wp-content\/uploads\/2022\/05\/selection-petite-sirene-768x432.jpg 768w, https:\/\/floride.fr\/wp-content\/uploads\/2022\/05\/selection-petite-sirene-1536x863.jpg 1536w\" sizes=\"(max-width: 1600px) 100vw, 1600px\" \/><\/a><figcaption>Auff\u00fchrungen<\/figcaption><\/figure>\n<\/figure>\n<\/div><\/section>\n\n<p><\/p>\n","protected":false},"excerpt":{"rendered":"<p>Stellpl\u00e4tze Camping Port-Barcar\u00e8s Urlaub in der Natur Wasser- und Abwasseranschl\u00fcsse Schattige oder sonnige Standorte Servicebereich f\u00fcr Wohnmobile Naturatmosph\u00e4re f\u00fcr unsere ger\u00e4umigen und abgegrenzten Stellpl\u00e4tze! Der Camping Club Le Floride hei\u00dft Sie vom 3. April bis zum 27. September sowie vom 17. Oktober bis zum 1. November 2026 zu Ihrem Campingurlaub in den Pyr\u00e9n\u00e9es-Orientales direkt am [&hellip;]<\/p>\n","protected":false},"author":1,"featured_media":0,"parent":0,"menu_order":0,"comment_status":"closed","ping_status":"closed","template":"","meta":[],"acf":[],"_links":{"self":[{"href":"https:\/\/floride.fr\/de\/wp-json\/wp\/v2\/pages\/2603"}],"collection":[{"href":"https:\/\/floride.fr\/de\/wp-json\/wp\/v2\/pages"}],"about":[{"href":"https:\/\/floride.fr\/de\/wp-json\/wp\/v2\/types\/page"}],"author":[{"embeddable":true,"href":"https:\/\/floride.fr\/de\/wp-json\/wp\/v2\/users\/1"}],"replies":[{"embeddable":true,"href":"https:\/\/floride.fr\/de\/wp-json\/wp\/v2\/comments?post=2603"}],"version-history":[{"count":6,"href":"https:\/\/floride.fr\/de\/wp-json\/wp\/v2\/pages\/2603\/revisions"}],"predecessor-version":[{"id":16321,"href":"https:\/\/floride.fr\/de\/wp-json\/wp\/v2\/pages\/2603\/revisions\/16321"}],"wp:attachment":[{"href":"https:\/\/floride.fr\/de\/wp-json\/wp\/v2\/media?parent=2603"}],"curies":[{"name":"wp","href":"https:\/\/api.w.org\/{rel}","templated":true}]}}