{"id":2656,"date":"2022-04-21T16:12:48","date_gmt":"2022-04-21T14:12:48","guid":{"rendered":"https:\/\/floride.fr\/feste-festivals\/"},"modified":"2026-03-17T14:24:55","modified_gmt":"2026-03-17T13:24:55","slug":"feste-festivals","status":"publish","type":"page","link":"https:\/\/floride.fr\/de\/feste-festivals\/","title":{"rendered":"Feste &amp; Festivals"},"content":{"rendered":"\n<figure class=\"wp-block-image alignfull size-full F-00-b\"><img loading=\"lazy\" width=\"1800\" height=\"730\" src=\"https:\/\/floride.fr\/wp-content\/uploads\/2022\/03\/electrobeach-port-barcares.png\" alt=\"\" class=\"wp-image-1718\" srcset=\"https:\/\/floride.fr\/wp-content\/uploads\/2022\/03\/electrobeach-port-barcares.png 1800w, https:\/\/floride.fr\/wp-content\/uploads\/2022\/03\/electrobeach-port-barcares-300x122.png 300w, https:\/\/floride.fr\/wp-content\/uploads\/2022\/03\/electrobeach-port-barcares-1024x415.png 1024w, https:\/\/floride.fr\/wp-content\/uploads\/2022\/03\/electrobeach-port-barcares-768x311.png 768w, https:\/\/floride.fr\/wp-content\/uploads\/2022\/03\/electrobeach-port-barcares-1536x623.png 1536w\" sizes=\"(max-width: 1800px) 100vw, 1800px\" \/><\/figure>\n\n<section class=\"wp-container-6a062e57d58c8 wp-block-group F-05-a\"><div class=\"wp-block-group__inner-container\">\n<div class=\"wp-block-columns are-vertically-aligned-center\">\n<div class=\"wp-block-column is-vertically-aligned-center deco-feuille3\">\n<h1 class=\"has-couleur-1-color has-text-color\" id=\"electrobeach-ete-66-le-plein-de-fetes-au-barcares\">Electrobeach, Sommer 66&#8230; Voller <strong>Feste<\/strong> in Le Barcar\u00e8s<\/h1>\n\n\n\n<p>Der Campingplatz Le Floride im Herzen von Barcar\u00e8s ist der ideale Ausgangspunkt, um an den gro\u00dfen Festen und Veranstaltungen teilzunehmen, die jedes Jahr stattfinden, darunter das unverzichtbare Festival Les D\u00e9ferlantes auf dem Espace du Lydia, die zahlreichen Unterhaltungsangebote und Konzerte auf dem gro\u00dfen Dorfplatz sowie der Jahrmarkt, der nur einen Katzensprung vom Campingplatz entfernt liegt.<\/p>\n\n\n\n<div class=\"wp-container-6a062e57d5522 wp-block-group pictos columns-3\">\n<div class=\"wp-container-6a062e57d4b65 wp-block-group\"><div class=\"wp-block-group__inner-container\"><i class=\"fal fa-water\"><\/i>\n\n\n\n<p>Sportlich?<\/p>\n\n\n\n<p>Bewundern Sie die Kitesurfer bei der Mondial du Vent in Leucate, einer international anerkannten Veranstaltung.<\/p>\n<\/div><\/div>\n\n\n\n<div class=\"wp-container-6a062e57d4ee1 wp-block-group\"><div class=\"wp-block-group__inner-container\"><i class=\"fal fa-music\"><\/i>\n\n\n\n<p>Musikliebhaber?<\/p>\n\n\n\n<p>An Festivals mangelt es in den Pyr\u00e9n\u00e9es-Orientales nicht: das riesige Festival \u201eLes D\u00e9ferlantes\u201c auf dem Gel\u00e4nde des Lydia in Barcar\u00e8s, \u201eLes Voix de Femmes\u201c in Maury, \u201eEt\u00e9 66\u201c im Palais des Rois de Majorque in Perpignan, \u201eJazz\u00e8bre\u201c&#8230;<\/p>\n<\/div><\/div>\n\n\n\n<div class=\"wp-container-6a062e57d523e wp-block-group\"><div class=\"wp-block-group__inner-container\"><i class=\"fal fa-fish\"><\/i>\n\n\n\n<p>Meer &amp; Angeln<\/p>\n\n\n\n<p>Nicht zu vergessen sind die traditionellen Veranstaltungen, die jedes Jahr im Roussillon stattfinden: das Fest des Meeres und der Fischer in Le Barcar\u00e8s, das Hexenfest in Tresserre, das B\u00e4renfest in Arles-sur-Tech oder die Sanch (Semana Santa) in Perpignan.<\/p>\n<\/div><\/div>\n<\/div>\n<\/div>\n\n\n\n<div class=\"wp-block-column is-vertically-aligned-center\">\n<figure class=\"wp-block-gallery has-nested-images columns-4 is-cropped\">\n<figure class=\"wp-block-image size-large\"><img loading=\"lazy\" width=\"1800\" height=\"730\" src=\"https:\/\/floride.fr\/wp-content\/uploads\/2022\/03\/falcons-fete-traditionnelle-catalane.jpg\" alt=\"Camping Le Floride Le Barcar&#xE8;s (66) : Falcons Traditionelles Katalanisches Fest\" class=\"wp-image-1724\" srcset=\"https:\/\/floride.fr\/wp-content\/uploads\/2022\/03\/falcons-fete-traditionnelle-catalane.jpg 1800w, https:\/\/floride.fr\/wp-content\/uploads\/2022\/03\/falcons-fete-traditionnelle-catalane-300x122.jpg 300w, https:\/\/floride.fr\/wp-content\/uploads\/2022\/03\/falcons-fete-traditionnelle-catalane-1024x415.jpg 1024w, https:\/\/floride.fr\/wp-content\/uploads\/2022\/03\/falcons-fete-traditionnelle-catalane-768x311.jpg 768w, https:\/\/floride.fr\/wp-content\/uploads\/2022\/03\/falcons-fete-traditionnelle-catalane-1536x623.jpg 1536w\" sizes=\"(max-width: 1800px) 100vw, 1800px\" \/><\/figure>\n\n\n\n<figure class=\"wp-block-image size-large\"><img loading=\"lazy\" width=\"1800\" height=\"730\" src=\"https:\/\/floride.fr\/wp-content\/uploads\/2022\/03\/fete-des-vendanges-4c10940836-1.jpg\" alt=\"Camping Le Floride Le Barcar&#xE8;s (66) : Fest der Weinlese 4c10940836 1\" class=\"wp-image-1729\" srcset=\"https:\/\/floride.fr\/wp-content\/uploads\/2022\/03\/fete-des-vendanges-4c10940836-1.jpg 1800w, https:\/\/floride.fr\/wp-content\/uploads\/2022\/03\/fete-des-vendanges-4c10940836-1-300x122.jpg 300w, https:\/\/floride.fr\/wp-content\/uploads\/2022\/03\/fete-des-vendanges-4c10940836-1-1024x415.jpg 1024w, https:\/\/floride.fr\/wp-content\/uploads\/2022\/03\/fete-des-vendanges-4c10940836-1-768x311.jpg 768w, https:\/\/floride.fr\/wp-content\/uploads\/2022\/03\/fete-des-vendanges-4c10940836-1-1536x623.jpg 1536w\" sizes=\"(max-width: 1800px) 100vw, 1800px\" \/><\/figure>\n<\/figure>\n<\/div>\n<\/div>\n<\/div><\/section>\n\n<section class=\"wp-container-6a062e57d7bf1 wp-block-group F-35-a\">\n<div class=\"wp-container-6a062e57d5c27 wp-block-group\"><div class=\"wp-block-group__inner-container\">\n<figure class=\"wp-block-image size-full\"><img loading=\"lazy\" width=\"250\" height=\"250\" src=\"https:\/\/floride.fr\/wp-content\/uploads\/2022\/03\/electrobeach-music-festival-barcares-1-edited.jpg\" alt=\"\" class=\"wp-image-1747\" srcset=\"https:\/\/floride.fr\/wp-content\/uploads\/2022\/03\/electrobeach-music-festival-barcares-1-edited.jpg 250w, https:\/\/floride.fr\/wp-content\/uploads\/2022\/03\/electrobeach-music-festival-barcares-1-edited-150x150.jpg 150w\" sizes=\"(max-width: 250px) 100vw, 250px\" \/><\/figure>\n\n\n\n<p>Electrobeach Festival, 12.-14. Juli 2020 &#8211; Das Electro-Event in Le Barcar\u00e8s<\/p>\n<\/div><\/div>\n\n\n\n<div class=\"wp-container-6a062e57d5f64 wp-block-group\"><div class=\"wp-block-group__inner-container\">\n<figure class=\"wp-block-image size-full\"><img loading=\"lazy\" width=\"300\" height=\"300\" src=\"https:\/\/floride.fr\/wp-content\/uploads\/2022\/03\/fete-des-pecheurs-barcares.jpg\" alt=\"\" class=\"wp-image-1742\" srcset=\"https:\/\/floride.fr\/wp-content\/uploads\/2022\/03\/fete-des-pecheurs-barcares.jpg 300w, https:\/\/floride.fr\/wp-content\/uploads\/2022\/03\/fete-des-pecheurs-barcares-150x150.jpg 150w\" sizes=\"(max-width: 300px) 100vw, 300px\" \/><\/figure>\n\n\n\n<p>Fischerfest in Port-Barcar\u00e8s am 15. August<\/p>\n<\/div><\/div>\n\n\n\n<div class=\"wp-container-6a062e57d6281 wp-block-group\"><div class=\"wp-block-group__inner-container\">\n<figure class=\"wp-block-image size-full\"><img loading=\"lazy\" width=\"300\" height=\"300\" src=\"https:\/\/floride.fr\/wp-content\/uploads\/2022\/03\/patrouille-de-france-barcares.jpg\" alt=\"\" class=\"wp-image-1752\" srcset=\"https:\/\/floride.fr\/wp-content\/uploads\/2022\/03\/patrouille-de-france-barcares.jpg 300w, https:\/\/floride.fr\/wp-content\/uploads\/2022\/03\/patrouille-de-france-barcares-150x150.jpg 150w\" sizes=\"(max-width: 300px) 100vw, 300px\" \/><\/figure>\n\n\n\n<p>Patrouille de France in Port-Barcar\u00e8s am 15. Juli<\/p>\n<\/div><\/div>\n\n\n\n<div class=\"wp-container-6a062e57d65a2 wp-block-group\"><div class=\"wp-block-group__inner-container\">\n<figure class=\"wp-block-image size-full\"><img loading=\"lazy\" width=\"300\" height=\"300\" src=\"https:\/\/floride.fr\/wp-content\/uploads\/2022\/03\/embrasement-lydia-barcares.jpg\" alt=\"\" class=\"wp-image-1757\" srcset=\"https:\/\/floride.fr\/wp-content\/uploads\/2022\/03\/embrasement-lydia-barcares.jpg 300w, https:\/\/floride.fr\/wp-content\/uploads\/2022\/03\/embrasement-lydia-barcares-150x150.jpg 150w\" sizes=\"(max-width: 300px) 100vw, 300px\" \/><\/figure>\n\n\n\n<p>Einweihung der Lydia am 6. August in Barcar\u00e8s<\/p>\n<\/div><\/div>\n\n\n\n<div class=\"wp-container-6a062e57d68e8 wp-block-group\"><div class=\"wp-block-group__inner-container\">\n<figure class=\"wp-block-image size-full\"><img loading=\"lazy\" width=\"300\" height=\"300\" src=\"https:\/\/floride.fr\/wp-content\/uploads\/2022\/03\/visa-image-perpignan.jpg\" alt=\"\" class=\"wp-image-1762\" srcset=\"https:\/\/floride.fr\/wp-content\/uploads\/2022\/03\/visa-image-perpignan.jpg 300w, https:\/\/floride.fr\/wp-content\/uploads\/2022\/03\/visa-image-perpignan-150x150.jpg 150w\" sizes=\"(max-width: 300px) 100vw, 300px\" \/><\/figure>\n\n\n\n<p>Das unumg\u00e4ngliche Visa pour l&#8217;Image, das Festival f\u00fcr Fotojournalismus in Perpignan im August\/September<\/p>\n<\/div><\/div>\n\n\n\n<div class=\"wp-container-6a062e57d6c1c wp-block-group\"><div class=\"wp-block-group__inner-container\">\n<figure class=\"wp-block-image size-full\"><img loading=\"lazy\" width=\"300\" height=\"300\" src=\"https:\/\/floride.fr\/wp-content\/uploads\/2022\/03\/mondial-du-vent-leucate-lafranqui.jpeg\" alt=\"Campingplatz Le Floride Le Barcar&#xE8;s (66) : Mondial Du Vent Leucate Lafranqui\" class=\"wp-image-1767\" srcset=\"https:\/\/floride.fr\/wp-content\/uploads\/2022\/03\/mondial-du-vent-leucate-lafranqui.jpeg 300w, https:\/\/floride.fr\/wp-content\/uploads\/2022\/03\/mondial-du-vent-leucate-lafranqui-150x150.jpeg 150w, https:\/\/floride.fr\/wp-content\/uploads\/2022\/03\/mondial-du-vent-leucate-lafranqui-200x200.jpeg 200w\" sizes=\"(max-width: 300px) 100vw, 300px\" \/><\/figure>\n\n\n\n<p>Mondial du Vent f\u00fcr Kitesurf- und Windsurf-Liebhaber in Leucate &#8211; April<\/p>\n<\/div><\/div>\n\n\n\n<div class=\"wp-container-6a062e57d6f0b wp-block-group\"><div class=\"wp-block-group__inner-container\">\n<p><\/p>\n<\/div><\/div>\n\n\n\n<div class=\"wp-container-6a062e57d7219 wp-block-group\"><div class=\"wp-block-group__inner-container\">\n<figure class=\"wp-block-image size-full\"><img loading=\"lazy\" width=\"300\" height=\"300\" src=\"https:\/\/floride.fr\/wp-content\/uploads\/2022\/03\/Festival-Voix-de-Femmes-Maury-Juin-Nach-Zazie.jpg\" alt=\"\" class=\"wp-image-1777\" srcset=\"https:\/\/floride.fr\/wp-content\/uploads\/2022\/03\/Festival-Voix-de-Femmes-Maury-Juin-Nach-Zazie.jpg 300w, https:\/\/floride.fr\/wp-content\/uploads\/2022\/03\/Festival-Voix-de-Femmes-Maury-Juin-Nach-Zazie-150x150.jpg 150w\" sizes=\"(max-width: 300px) 100vw, 300px\" \/><\/figure>\n\n\n\n<p>Les Voix de Femmes in Maury, Fenouill\u00e8des<\/p>\n<\/div><\/div>\n\n\n\n<div class=\"wp-container-6a062e57d75ed wp-block-group\"><div class=\"wp-block-group__inner-container\">\n<figure class=\"wp-block-image size-full\"><img loading=\"lazy\" width=\"300\" height=\"300\" src=\"https:\/\/floride.fr\/wp-content\/uploads\/2022\/03\/fete-st-jean-barcares.jpg\" alt=\"\" class=\"wp-image-1782\" srcset=\"https:\/\/floride.fr\/wp-content\/uploads\/2022\/03\/fete-st-jean-barcares.jpg 300w, https:\/\/floride.fr\/wp-content\/uploads\/2022\/03\/fete-st-jean-barcares-150x150.jpg 150w\" sizes=\"(max-width: 300px) 100vw, 300px\" \/><\/figure>\n\n\n\n<p>Johannisfest am 23. Juni in Barcar\u00e8s<\/p>\n<\/div><\/div>\n\n\n\n<div class=\"wp-container-6a062e57d7938 wp-block-group\"><div class=\"wp-block-group__inner-container\">\n<figure class=\"wp-block-image size-full\"><img loading=\"lazy\" width=\"300\" height=\"300\" src=\"https:\/\/floride.fr\/wp-content\/uploads\/2022\/03\/bodega-del-mar-barcares.jpg\" alt=\"\" class=\"wp-image-1787\" srcset=\"https:\/\/floride.fr\/wp-content\/uploads\/2022\/03\/bodega-del-mar-barcares.jpg 300w, https:\/\/floride.fr\/wp-content\/uploads\/2022\/03\/bodega-del-mar-barcares-150x150.jpg 150w\" sizes=\"(max-width: 300px) 100vw, 300px\" \/><\/figure>\n\n\n\n<p>Bodega del Mar, 29. August in Barcar\u00e8s<\/p>\n<\/div><\/div>\n<\/section>\n","protected":false},"excerpt":{"rendered":"<p>Electrobeach, Sommer 66&#8230; Voller Feste in Le Barcar\u00e8s Der Campingplatz Le Floride im Herzen von Barcar\u00e8s ist der ideale Ausgangspunkt, um an den gro\u00dfen Festen und Veranstaltungen teilzunehmen, die jedes Jahr stattfinden, darunter das unverzichtbare Festival Les D\u00e9ferlantes auf dem Espace du Lydia, die zahlreichen Unterhaltungsangebote und Konzerte auf dem gro\u00dfen Dorfplatz sowie der Jahrmarkt, [&hellip;]<\/p>\n","protected":false},"author":1,"featured_media":0,"parent":0,"menu_order":0,"comment_status":"closed","ping_status":"closed","template":"","meta":[],"acf":[],"_links":{"self":[{"href":"https:\/\/floride.fr\/de\/wp-json\/wp\/v2\/pages\/2656"}],"collection":[{"href":"https:\/\/floride.fr\/de\/wp-json\/wp\/v2\/pages"}],"about":[{"href":"https:\/\/floride.fr\/de\/wp-json\/wp\/v2\/types\/page"}],"author":[{"embeddable":true,"href":"https:\/\/floride.fr\/de\/wp-json\/wp\/v2\/users\/1"}],"replies":[{"embeddable":true,"href":"https:\/\/floride.fr\/de\/wp-json\/wp\/v2\/comments?post=2656"}],"version-history":[{"count":6,"href":"https:\/\/floride.fr\/de\/wp-json\/wp\/v2\/pages\/2656\/revisions"}],"predecessor-version":[{"id":16333,"href":"https:\/\/floride.fr\/de\/wp-json\/wp\/v2\/pages\/2656\/revisions\/16333"}],"wp:attachment":[{"href":"https:\/\/floride.fr\/de\/wp-json\/wp\/v2\/media?parent=2656"}],"curies":[{"name":"wp","href":"https:\/\/api.w.org\/{rel}","templated":true}]}}