{"id":2688,"date":"2022-04-21T16:15:33","date_gmt":"2022-04-21T14:15:33","guid":{"rendered":"https:\/\/floride.fr\/besondere-angebote\/"},"modified":"2026-03-17T14:38:38","modified_gmt":"2026-03-17T13:38:38","slug":"besondere-angebote","status":"publish","type":"page","link":"https:\/\/floride.fr\/de\/besondere-angebote\/","title":{"rendered":"Besondere Angebote"},"content":{"rendered":"\n<figure class=\"wp-block-image alignfull size-full F-00-b\"><img loading=\"lazy\" width=\"1920\" height=\"1279\" src=\"https:\/\/floride.fr\/wp-content\/uploads\/2025\/11\/306_Camping_Occitanie_Le_Floride_et_l_Embouchure_Ciela_Village_Entree_du_Camping.webp\" alt=\"\" class=\"wp-image-15612\" srcset=\"https:\/\/floride.fr\/wp-content\/uploads\/2025\/11\/306_Camping_Occitanie_Le_Floride_et_l_Embouchure_Ciela_Village_Entree_du_Camping.webp 1920w, https:\/\/floride.fr\/wp-content\/uploads\/2025\/11\/306_Camping_Occitanie_Le_Floride_et_l_Embouchure_Ciela_Village_Entree_du_Camping-300x200.webp 300w, https:\/\/floride.fr\/wp-content\/uploads\/2025\/11\/306_Camping_Occitanie_Le_Floride_et_l_Embouchure_Ciela_Village_Entree_du_Camping-1024x682.webp 1024w, https:\/\/floride.fr\/wp-content\/uploads\/2025\/11\/306_Camping_Occitanie_Le_Floride_et_l_Embouchure_Ciela_Village_Entree_du_Camping-768x512.webp 768w, https:\/\/floride.fr\/wp-content\/uploads\/2025\/11\/306_Camping_Occitanie_Le_Floride_et_l_Embouchure_Ciela_Village_Entree_du_Camping-1536x1023.webp 1536w\" sizes=\"(max-width: 1920px) 100vw, 1920px\" \/><\/figure>\n\n<section class=\"wp-container-69e3779d8ae71 wp-block-group\"><div class=\"wp-block-group__inner-container\">\n<h1 class=\"has-text-align-center has-couleur-1-color has-text-color\" id=\"a-port-barcares-faites-le-choix-du-depaysement-haut-de-gamme-en-2022\">Sonderangebote<\/h1>\n\n\n\n<div class=\"wp-block-group encart-alerte\"><div class=\"wp-block-group__inner-container\">\n<h2 class=\"has-couleur-4-color has-text-color\" id=\"profitez-de-nos-forfaits-longs-sejours\">Profitieren Sie von unseren Pauschalangeboten f\u00fcr l\u00e4ngere Aufenthalte<\/h2>\n\n\n\n<p>G\u00f6nnen Sie sich in der Nebensaison einen l\u00e4ngeren Aufenthalt auf dem Campingplatz Le Floride und profitieren Sie von \u00e4u\u00dferst attraktiven Preisen:<\/p>\n\n\n\n<p>Vermietung Ciela Confort 1 Schlafzimmer ab 945 \u20ac f\u00fcr 4 Wochen<\/p>\n\n\n\n<p>Vermietung Ciela Confort 2 Schlafzimmer f\u00fcr 4 Personen ab 1190 \u20ac f\u00fcr 4 Wochen<\/p>\n\n\n\n<p>Ciela Confort 2 Schlafzimmer f\u00fcr 4 Personen ab 1260 \u20ac f\u00fcr 4 Wochen<\/p>\n\n\n\n<p>Vermietung Ciela Confort 2 Schlafzimmer 4\/6 Personen ab 1295 \u20ac f\u00fcr 4 Wochen<\/p>\n\n\n\n<p>Vermietung Ciela Confort 3 Schlafzimmer f\u00fcr 6 Personen ab 1330 \u20ac f\u00fcr 4 Wochen<\/p>\n\n\n\n<p>Vermietung Ciela Confort 3 Schlafzimmer 6\/8 Personen ab 1379 \u20ac f\u00fcr 4 Wochen<\/p>\n\n\n\n<p><strong>G\u00fcltig vom 03.04. bis 03.07. und vom 29.08. bis 02.11.2026<\/strong><\/p>\n\n\n\n<p>Kurtaxe und Eco-Participation sind in den Preisen inbegriffen. Preise basieren auf 2 Personen, f\u00fcr weitere Personen wird ein Zuschlag erhoben.<\/p>\n\n\n\n<p>Sehen Sie sich die Preise und Verf\u00fcgbarkeiten \u00fcber den Reiter &#8222;Jetzt buchen&#8220; an oder rufen Sie unter 04 68 86 11 75 an, um weitere Informationen zu erhalten.<\/p>\n<\/div><\/div>\n<\/div><\/section>\n","protected":false},"excerpt":{"rendered":"<p>Sonderangebote<\/p>\n","protected":false},"author":1,"featured_media":0,"parent":0,"menu_order":0,"comment_status":"closed","ping_status":"closed","template":"","meta":[],"acf":[],"_links":{"self":[{"href":"https:\/\/floride.fr\/de\/wp-json\/wp\/v2\/pages\/2688"}],"collection":[{"href":"https:\/\/floride.fr\/de\/wp-json\/wp\/v2\/pages"}],"about":[{"href":"https:\/\/floride.fr\/de\/wp-json\/wp\/v2\/types\/page"}],"author":[{"embeddable":true,"href":"https:\/\/floride.fr\/de\/wp-json\/wp\/v2\/users\/1"}],"replies":[{"embeddable":true,"href":"https:\/\/floride.fr\/de\/wp-json\/wp\/v2\/comments?post=2688"}],"version-history":[{"count":6,"href":"https:\/\/floride.fr\/de\/wp-json\/wp\/v2\/pages\/2688\/revisions"}],"predecessor-version":[{"id":16363,"href":"https:\/\/floride.fr\/de\/wp-json\/wp\/v2\/pages\/2688\/revisions\/16363"}],"wp:attachment":[{"href":"https:\/\/floride.fr\/de\/wp-json\/wp\/v2\/media?parent=2688"}],"curies":[{"name":"wp","href":"https:\/\/api.w.org\/{rel}","templated":true}]}}