{"id":2912,"date":"2022-04-22T10:24:15","date_gmt":"2022-04-22T08:24:15","guid":{"rendered":"https:\/\/floride.fr\/service-verpflegung\/"},"modified":"2026-03-17T15:22:20","modified_gmt":"2026-03-17T14:22:20","slug":"service-verpflegung","status":"publish","type":"page","link":"https:\/\/floride.fr\/de\/service-verpflegung\/","title":{"rendered":"Service &amp; Verpflegung"},"content":{"rendered":"\n<figure class=\"wp-block-image alignfull size-full F-00-b\"><img loading=\"lazy\" width=\"1920\" height=\"1279\" src=\"https:\/\/floride.fr\/wp-content\/uploads\/2025\/11\/186_Camping_Occitanie_Le_Floride_et_l_Embouchure_Ciela_Village_Tiki_Restaurant.webp\" alt=\"\" class=\"wp-image-15584\" srcset=\"https:\/\/floride.fr\/wp-content\/uploads\/2025\/11\/186_Camping_Occitanie_Le_Floride_et_l_Embouchure_Ciela_Village_Tiki_Restaurant.webp 1920w, https:\/\/floride.fr\/wp-content\/uploads\/2025\/11\/186_Camping_Occitanie_Le_Floride_et_l_Embouchure_Ciela_Village_Tiki_Restaurant-300x200.webp 300w, https:\/\/floride.fr\/wp-content\/uploads\/2025\/11\/186_Camping_Occitanie_Le_Floride_et_l_Embouchure_Ciela_Village_Tiki_Restaurant-1024x682.webp 1024w, https:\/\/floride.fr\/wp-content\/uploads\/2025\/11\/186_Camping_Occitanie_Le_Floride_et_l_Embouchure_Ciela_Village_Tiki_Restaurant-768x512.webp 768w, https:\/\/floride.fr\/wp-content\/uploads\/2025\/11\/186_Camping_Occitanie_Le_Floride_et_l_Embouchure_Ciela_Village_Tiki_Restaurant-1536x1023.webp 1536w\" sizes=\"(max-width: 1920px) 100vw, 1920px\" \/><\/figure>\n\n<section class=\"wp-container-69e49d7e46ebb wp-block-group F-25-a deco-ananas\"><div class=\"wp-block-group__inner-container\">\n<h1 class=\"has-text-align-left has-couleur-1-color has-text-color\" id=\"services-restaurants-a-barcares-la-qualite-pour-tous-les-gouts\">Dienstleistungen &amp; Restaurants in Barcar\u00e8s : Qualit\u00e4t f\u00fcr jeden Geschmack<\/h1>\n\n\n\n<h2 class=\"has-text-align-left titre2 has-couleur-4-color has-text-color\" id=\"produits-du-terroir-et-saveurs-du-languedoc-au-camping-5-etoiles-le-floride\">Dienstleistungen &amp; Restaurants in Barcar\u00e8s : Qualit\u00e4t f\u00fcr jeden Geschmack<\/h2>\n\n\n\n<p class=\"has-text-align-left\">Die Teams der Bar, des Tiki-Restaurants, des Snack I&#8217;Inkka und des Food-Trucks Starlite Diner erwarten Sie auf dem 5-Sterne-Campingplatz Le Floride in <a href=\"https:\/\/floride.fr\/de\/\">Barcar\u00e8s<\/a>, um all Ihre W\u00fcnsche zu erf\u00fcllen. Entdecken Sie die Produkte des Languedoc-Roussillon oder genie\u00dfen Sie einen Cocktail unter der Sonne? Besuchen Sie unseren Restaurantbereich f\u00fcr unvergessliche Geschmackserlebnisse. Ein echtes Plus f\u00fcr Ihren Urlaub in Port-Barcar\u00e8s auf einem Campingplatz in der N\u00e4he von Perpignan!<\/p>\n\n\n\n<div class=\"wp-container-69e49d7e46c09 wp-block-group diaporama--3\">\n<div class=\"wp-container-69e49d7e45c48 wp-block-group\"><div class=\"wp-block-group__inner-container\">\n<figure class=\"wp-block-image size-full\"><img loading=\"lazy\" width=\"2560\" height=\"1920\" src=\"https:\/\/floride.fr\/wp-content\/uploads\/2022\/05\/IMG_1065-scaled.jpg\" alt=\"\" class=\"wp-image-4695\" srcset=\"https:\/\/floride.fr\/wp-content\/uploads\/2022\/05\/IMG_1065-scaled.jpg 2560w, https:\/\/floride.fr\/wp-content\/uploads\/2022\/05\/IMG_1065-300x225.jpg 300w, https:\/\/floride.fr\/wp-content\/uploads\/2022\/05\/IMG_1065-1024x768.jpg 1024w, https:\/\/floride.fr\/wp-content\/uploads\/2022\/05\/IMG_1065-768x576.jpg 768w, https:\/\/floride.fr\/wp-content\/uploads\/2022\/05\/IMG_1065-1536x1152.jpg 1536w, https:\/\/floride.fr\/wp-content\/uploads\/2022\/05\/IMG_1065-2048x1536.jpg 2048w\" sizes=\"(max-width: 2560px) 100vw, 2560px\" \/><\/figure>\n\n\n\n<h3 id=\"le-bar\">Die Bar<\/h3>\n\n\n\n<ul><li>Gro\u00dfe Auswahl an alkoholischen und nicht-alkoholischen Getr\u00e4nken<\/li><li>Hausgemachte Cocktails<\/li><li>Eisbecher und Eiscreme Kinder<\/li><li>Auf der Terrasse oder im Saal, im Herzen des Campingplatzes<\/li><li>Riesenleinwand f\u00fcr die \u00dcbertragung von Sport- oder Musikveranstaltungen<\/li><li>Tags\u00fcber und abends ge\u00f6ffnet<\/li><\/ul>\n<\/div><\/div>\n\n\n\n<div class=\"wp-container-69e49d7e45fa5 wp-block-group\"><div class=\"wp-block-group__inner-container\">\n<figure class=\"wp-block-image size-large\"><img loading=\"lazy\" width=\"1024\" height=\"682\" src=\"https:\/\/floride.fr\/wp-content\/uploads\/2025\/11\/171_Camping_Occitanie_Le_Floride_et_l_Embouchure_Ciela_Village_Food_Truck_Starlite_Dinner-1024x682.webp\" alt=\"\" class=\"wp-image-15680\" srcset=\"https:\/\/floride.fr\/wp-content\/uploads\/2025\/11\/171_Camping_Occitanie_Le_Floride_et_l_Embouchure_Ciela_Village_Food_Truck_Starlite_Dinner-1024x682.webp 1024w, https:\/\/floride.fr\/wp-content\/uploads\/2025\/11\/171_Camping_Occitanie_Le_Floride_et_l_Embouchure_Ciela_Village_Food_Truck_Starlite_Dinner-300x200.webp 300w, https:\/\/floride.fr\/wp-content\/uploads\/2025\/11\/171_Camping_Occitanie_Le_Floride_et_l_Embouchure_Ciela_Village_Food_Truck_Starlite_Dinner-768x512.webp 768w, https:\/\/floride.fr\/wp-content\/uploads\/2025\/11\/171_Camping_Occitanie_Le_Floride_et_l_Embouchure_Ciela_Village_Food_Truck_Starlite_Dinner.webp 1280w\" sizes=\"(max-width: 1024px) 100vw, 1024px\" \/><\/figure>\n\n\n\n<h3 id=\"le-food-truck-starlite-diner\">Le camion-restaurant Starlite Diner<\/h3>\n\n\n\n<ul><li>Gourmet-Burger<\/li><li>Salate<\/li><li>Pizzas zum Verzehr vor Ort oder zum Mitnehmen<\/li><li>Gro\u00dfe Auswahl an Pizzen, Tomatensockel oder Cr\u00e8me fra\u00eeche<\/li><li>Zubereitet mit frischen und saisonalen Produkten aus dem Languedoc-Roussillon<\/li><\/ul>\n<\/div><\/div>\n\n\n\n<div class=\"wp-container-69e49d7e462f6 wp-block-group\"><div class=\"wp-block-group__inner-container\">\n<figure class=\"wp-block-image size-large\"><img loading=\"lazy\" width=\"1024\" height=\"682\" src=\"https:\/\/floride.fr\/wp-content\/uploads\/2025\/11\/193_Camping_Occitanie_Le_Floride_et_l_Embouchure_Ciela_Village_Tiki_Restaurant-1024x682.webp\" alt=\"\" class=\"wp-image-15685\" srcset=\"https:\/\/floride.fr\/wp-content\/uploads\/2025\/11\/193_Camping_Occitanie_Le_Floride_et_l_Embouchure_Ciela_Village_Tiki_Restaurant-1024x682.webp 1024w, https:\/\/floride.fr\/wp-content\/uploads\/2025\/11\/193_Camping_Occitanie_Le_Floride_et_l_Embouchure_Ciela_Village_Tiki_Restaurant-300x200.webp 300w, https:\/\/floride.fr\/wp-content\/uploads\/2025\/11\/193_Camping_Occitanie_Le_Floride_et_l_Embouchure_Ciela_Village_Tiki_Restaurant-768x512.webp 768w, https:\/\/floride.fr\/wp-content\/uploads\/2025\/11\/193_Camping_Occitanie_Le_Floride_et_l_Embouchure_Ciela_Village_Tiki_Restaurant.webp 1280w\" sizes=\"(max-width: 1024px) 100vw, 1024px\" \/><\/figure>\n\n\n\n<h3 id=\"le-tiki-restaurant\">Das Tiki Restaurant<\/h3>\n\n\n\n<ul><li>Lokale Produkte aus dem Roussillon<\/li><li>Reichhaltige und vielf\u00e4ltige Weinkarte<\/li><li>Mittags-, Abend- und Kinderformeln<\/li><li>Hausgemachte Desserts<\/li><li><a href=\"https:\/\/floride.fr\/de\/unser-qualitaets-und-umweltansatz\/\">Qualitativ hochwertiger<\/a> Service f\u00fcr den Komfort der G\u00e4ste<\/li><li>Innenbereich mit hawaiianischer Dekoration<\/li><li>Au\u00dfenterrasse mit Blick auf <a href=\"https:\/\/floride.fr\/de\/partys-show\/\">die Showb\u00fchne<\/a><\/li><li>Mittags und abends ge\u00f6ffnet<\/li><\/ul>\n<\/div><\/div>\n\n\n\n<div class=\"wp-container-69e49d7e4661f wp-block-group\"><div class=\"wp-block-group__inner-container\">\n<figure class=\"wp-block-image size-large\"><img loading=\"lazy\" width=\"1024\" height=\"682\" src=\"https:\/\/floride.fr\/wp-content\/uploads\/2025\/11\/176_Camping_Occitanie_Le_Floride_et_l_Embouchure_Ciela_Village_Snack_Inkka-1024x682.webp\" alt=\"\" class=\"wp-image-15754\" srcset=\"https:\/\/floride.fr\/wp-content\/uploads\/2025\/11\/176_Camping_Occitanie_Le_Floride_et_l_Embouchure_Ciela_Village_Snack_Inkka-1024x682.webp 1024w, https:\/\/floride.fr\/wp-content\/uploads\/2025\/11\/176_Camping_Occitanie_Le_Floride_et_l_Embouchure_Ciela_Village_Snack_Inkka-300x200.webp 300w, https:\/\/floride.fr\/wp-content\/uploads\/2025\/11\/176_Camping_Occitanie_Le_Floride_et_l_Embouchure_Ciela_Village_Snack_Inkka-768x512.webp 768w, https:\/\/floride.fr\/wp-content\/uploads\/2025\/11\/176_Camping_Occitanie_Le_Floride_et_l_Embouchure_Ciela_Village_Snack_Inkka.webp 1280w\" sizes=\"(max-width: 1024px) 100vw, 1024px\" \/><\/figure>\n\n\n\n<h3 id=\"le-snack-l-inkka\">Der Imbiss &#8222;L&#8217;Inkka&#8220;<\/h3>\n\n\n\n<ul><li>2 Theken, 2 Stimmungen: <a href=\"https:\/\/floride.fr\/de\/wasserpark\/\">Poolseite<\/a> oder <a href=\"https:\/\/floride.fr\/de\/aktivitaeten-unterhaltung\/\">Animationsseite<\/a><\/li><li>Schattige Terrasse<\/li><li>Sandwiches, Paninis, Amerikaner, Pommes Frites, Salate&#8230;<\/li><li>Crepes, Waffeln, Eis, Kaltgetr\u00e4nke<\/li><li>Ein herzlicher Empfang <\/li><li>Mittags, nachmittags und abends ge\u00f6ffnet<\/li><\/ul>\n<\/div><\/div>\n\n\n\n<div class=\"wp-container-69e49d7e4694b wp-block-group\"><div class=\"wp-block-group__inner-container\">\n<figure class=\"wp-block-image size-large\"><img loading=\"lazy\" width=\"1024\" height=\"683\" src=\"https:\/\/floride.fr\/wp-content\/uploads\/2022\/05\/pexels-engin-akyurt-3219547-1-1024x683.jpg\" alt=\"\" class=\"wp-image-4133\" srcset=\"https:\/\/floride.fr\/wp-content\/uploads\/2022\/05\/pexels-engin-akyurt-3219547-1-1024x683.jpg 1024w, https:\/\/floride.fr\/wp-content\/uploads\/2022\/05\/pexels-engin-akyurt-3219547-1-300x200.jpg 300w, https:\/\/floride.fr\/wp-content\/uploads\/2022\/05\/pexels-engin-akyurt-3219547-1-768x512.jpg 768w, https:\/\/floride.fr\/wp-content\/uploads\/2022\/05\/pexels-engin-akyurt-3219547-1-1536x1024.jpg 1536w, https:\/\/floride.fr\/wp-content\/uploads\/2022\/05\/pexels-engin-akyurt-3219547-1-2048x1365.jpg 2048w\" sizes=\"(max-width: 1024px) 100vw, 1024px\" \/><\/figure>\n\n\n\n<h3 id=\"les-plats-a-emporter\">Gerichte zum Mitnehmen<\/h3>\n\n\n\n<ul><li>Ideal f\u00fcr Mahlzeiten mit Familie oder Freunden in <a href=\"https:\/\/floride.fr\/de\/vermietungen\/\">Ihrer Unterkunft<\/a><\/li><li>Gerichte, die vor Ort vom Chefkoch unseres Restaurants zubereitet werden<\/li><li>Gro\u00dfe Auswahl an Gerichten, Formeln und Pizzas<\/li><li>An der Rezeption des Restaurants zu bestellen<\/li><\/ul>\n<\/div><\/div>\n<\/div>\n<\/div><\/section>\n\n<section class=\"wp-container-69e49d7e47347 wp-block-group F-20-a\"><div class=\"wp-block-group__inner-container\">\n<div class=\"wp-block-columns\">\n<div class=\"wp-block-column\">\n<h2 class=\"titre1 has-couleur-2-color has-text-color\" id=\"se-sentir-ailleurs-si-pres-de-chez-soi-et-decouvrez-le-paradis-des-vacances-au-bord-de-la-mediterranee-dans-un-cadre-naturel-et-enchanteur-a-quelques-encablures-du-village-catalan-du-barcares-66\">Cocoa Boutique &amp; Point Info<\/h2>\n\n\n\n<p class=\"brush has-couleur-4-color has-text-color\">F\u00fcr die kleinen Extras, die Ihren Urlaub versch\u00f6nern werden, gehen Sie in die Cocoa Boutique. Ein pers\u00f6nlicher Empfang, um Ihnen viele Ideen f\u00fcr Ausfl\u00fcge zu geben und Ihnen die M\u00f6glichkeit zu geben, ein originelles Souvenir mit nach Hause zu nehmen.<\/p>\n\n\n\n<p><strong>Mode f\u00fcr Erwachsene und Kinder, Souvenirs in den Farben des Campingplatzes:<\/strong> Taschen, H\u00fcte, Geldb\u00f6rsen, Stifte, Pl\u00fcschtiere, Postkarten&#8230;<\/p>\n\n\n\n<p>Eintrittskarten zum Sonderpreis \u201eLe Floride\u201c f\u00fcr unvergessliche Erlebnisse (Erm\u00e4\u00dfigung direkt vor Ort gegen Vorlage des Armbands): R\u00e9serve Africaine de Sigean, Aqualand, Vall\u00e9e des Tortues, Mus\u00e9e de la Pr\u00e9histoire, Grottes des Canalettes, Deversud Canyoning, Leucate Jet-Ski, Bootsfahrten usw.<\/p>\n\n\n\n<div class=\"wp-block-group encart-information\"><div class=\"wp-block-group__inner-container\">\n<p>Haben Sie Ihren Badeanzug vergessen? Wir haben alles, was Sie brauchen, in der Cocoa Boutique!<\/p>\n<\/div><\/div>\n<\/div>\n\n\n\n<div class=\"wp-block-column\">\n<figure class=\"wp-block-gallery has-nested-images columns-2 is-cropped deco-fleur2 deco-rectangle2\">\n<figure class=\"wp-block-image size-large\"><img loading=\"lazy\" width=\"1024\" height=\"682\" src=\"https:\/\/floride.fr\/wp-content\/uploads\/2025\/11\/478_Camping_Occitanie_Le_Floride_et_l_Embouchure_Ciela_Village_Boutique_Cocoa-1024x682.webp\" alt=\"\" class=\"wp-image-15769\" srcset=\"https:\/\/floride.fr\/wp-content\/uploads\/2025\/11\/478_Camping_Occitanie_Le_Floride_et_l_Embouchure_Ciela_Village_Boutique_Cocoa-1024x682.webp 1024w, https:\/\/floride.fr\/wp-content\/uploads\/2025\/11\/478_Camping_Occitanie_Le_Floride_et_l_Embouchure_Ciela_Village_Boutique_Cocoa-300x200.webp 300w, https:\/\/floride.fr\/wp-content\/uploads\/2025\/11\/478_Camping_Occitanie_Le_Floride_et_l_Embouchure_Ciela_Village_Boutique_Cocoa-768x512.webp 768w, https:\/\/floride.fr\/wp-content\/uploads\/2025\/11\/478_Camping_Occitanie_Le_Floride_et_l_Embouchure_Ciela_Village_Boutique_Cocoa.webp 1280w\" sizes=\"(max-width: 1024px) 100vw, 1024px\" \/><\/figure>\n\n\n\n<figure class=\"wp-block-image size-large\"><img loading=\"lazy\" width=\"1024\" height=\"683\" src=\"https:\/\/floride.fr\/wp-content\/uploads\/2022\/05\/A7R4630-1024x683.jpg\" alt=\"Camping Le Floride Le Barcar&#xE8;s (66) : A7r4630\" class=\"wp-image-4607\" srcset=\"https:\/\/floride.fr\/wp-content\/uploads\/2022\/05\/A7R4630-1024x683.jpg 1024w, https:\/\/floride.fr\/wp-content\/uploads\/2022\/05\/A7R4630-300x200.jpg 300w, https:\/\/floride.fr\/wp-content\/uploads\/2022\/05\/A7R4630-768x512.jpg 768w, https:\/\/floride.fr\/wp-content\/uploads\/2022\/05\/A7R4630-1536x1024.jpg 1536w, https:\/\/floride.fr\/wp-content\/uploads\/2022\/05\/A7R4630-2048x1365.jpg 2048w\" sizes=\"(max-width: 1024px) 100vw, 1024px\" \/><\/figure>\n<\/figure>\n<\/div>\n<\/div>\n<\/div><\/section>\n\n<section class=\"wp-container-69e49d7e47763 wp-block-group F-20-a\"><div class=\"wp-block-group__inner-container\">\n<div class=\"wp-block-columns are-vertically-aligned-center\">\n<div class=\"wp-block-column is-vertically-aligned-center\">\n<figure class=\"wp-block-gallery has-nested-images columns-2 is-cropped deco-fleur2 deco-rectangle2\">\n<figure class=\"wp-block-image size-large\"><img loading=\"lazy\" width=\"1024\" height=\"682\" src=\"https:\/\/floride.fr\/wp-content\/uploads\/2025\/11\/492_Camping_Occitanie_Le_Floride_et_l_Embouchure_Ciela_Village_Epicerie-1024x682.webp\" alt=\"\" class=\"wp-image-15759\" srcset=\"https:\/\/floride.fr\/wp-content\/uploads\/2025\/11\/492_Camping_Occitanie_Le_Floride_et_l_Embouchure_Ciela_Village_Epicerie-1024x682.webp 1024w, https:\/\/floride.fr\/wp-content\/uploads\/2025\/11\/492_Camping_Occitanie_Le_Floride_et_l_Embouchure_Ciela_Village_Epicerie-300x200.webp 300w, https:\/\/floride.fr\/wp-content\/uploads\/2025\/11\/492_Camping_Occitanie_Le_Floride_et_l_Embouchure_Ciela_Village_Epicerie-768x512.webp 768w, https:\/\/floride.fr\/wp-content\/uploads\/2025\/11\/492_Camping_Occitanie_Le_Floride_et_l_Embouchure_Ciela_Village_Epicerie.webp 1280w\" sizes=\"(max-width: 1024px) 100vw, 1024px\" \/><\/figure>\n\n\n\n<figure class=\"wp-block-image size-large\"><img loading=\"lazy\" width=\"1703\" height=\"2560\" src=\"https:\/\/floride.fr\/wp-content\/uploads\/2022\/05\/pexels-shvets-production-7194857-scaled.jpg\" alt=\"\" class=\"wp-image-4679\" srcset=\"https:\/\/floride.fr\/wp-content\/uploads\/2022\/05\/pexels-shvets-production-7194857-scaled.jpg 1703w, https:\/\/floride.fr\/wp-content\/uploads\/2022\/05\/pexels-shvets-production-7194857-200x300.jpg 200w, https:\/\/floride.fr\/wp-content\/uploads\/2022\/05\/pexels-shvets-production-7194857-681x1024.jpg 681w, https:\/\/floride.fr\/wp-content\/uploads\/2022\/05\/pexels-shvets-production-7194857-768x1154.jpg 768w, https:\/\/floride.fr\/wp-content\/uploads\/2022\/05\/pexels-shvets-production-7194857-1022x1536.jpg 1022w, https:\/\/floride.fr\/wp-content\/uploads\/2022\/05\/pexels-shvets-production-7194857-1363x2048.jpg 1363w\" sizes=\"(max-width: 1703px) 100vw, 1703px\" \/><\/figure>\n<\/figure>\n<\/div>\n\n\n\n<div class=\"wp-block-column is-vertically-aligned-center\">\n<h2 class=\"titre1 has-couleur-2-color has-text-color\" id=\"se-sentir-ailleurs-si-pres-de-chez-soi-et-decouvrez-le-paradis-des-vacances-au-bord-de-la-mediterranee-dans-un-cadre-naturel-et-enchanteur-a-quelques-encablures-du-village-catalan-du-barcares-66\">Der Lebensmittelladen des Campingplatzes<\/h2>\n\n\n\n<p class=\"brush has-couleur-4-color has-text-color\">Lebensmittelgesch\u00e4ft Vival<\/p>\n\n\n\n<p>Unser Campingplatz in Barcar\u00e8s hei\u00dft Sie in seinem Lebensmittelgesch\u00e4ft willkommen. Sie m\u00fcssen nicht weit gehen! Im kleinen Supermarkt des Campingplatzes Le Floride finden Sie alles, was Sie brauchen, darunter auch eine gro\u00dfe Auswahl an frischem Obst und Gem\u00fcse. <\/p>\n\n\n\n<p>Das Team unseres kleinen Supermarkts bietet Ihnen 800 Artikel der Marke Casino sowie Weine aus der Region, Souvenirs, Kinderspiele, Bademode, Postkarten und vieles mehr.<\/p>\n\n\n\n<p>Hier finden Sie auch Zeitungen und jeden Morgen frisches Brot und Geb\u00e4ck.<\/p>\n<\/div>\n<\/div>\n<\/div><\/section>\n\n<div class=\"wp-block-columns\">\n<div class=\"wp-block-column\" style=\"flex-basis:100%\">\n<div class=\"wp-container-69e49d7e47a6d wp-block-buttons galerie\">\n<div class=\"wp-block-button\"><a class=\"wp-block-button__link\" href=\"https:\/\/floride.fr\/de\/fotogalerie\/\"><i class=\"fal fa-images\"><\/i> Siehe die Fotogalerie<\/a><\/div>\n<\/div>\n<\/div>\n<\/div>\n\n<section class=\"wp-container-69e49d7e49b7f wp-block-group F-05-a vague-top ligne1-top has-bg-1-background-color has-background\"><div class=\"wp-block-group__inner-container\">\n<div class=\"wp-block-columns are-vertically-aligned-center\">\n<div class=\"wp-block-column is-vertically-aligned-center deco-feuille1\">\n<h2 class=\"titre2 has-couleur-1-color has-text-color\" id=\"se-sentir-ailleurs-si-pres-de-chez-soi-et-decouvrez-le-paradis-des-vacances-au-bord-de-la-mediterranee-dans-un-cadre-naturel-et-enchanteur-a-quelques-encablures-du-village-catalan-du-barcares-66\">Im Urlaub in Languedoc Roussillon zahlreiche angebotene Dienstleistungen<\/h2>\n\n\n\n<h3 class=\"has-couleur-4-color has-text-color\" id=\"vos-vacances-detente-en-camping-5-etoiles-dans-le-languedoc-roussillon-simplifiez-vous-la-vie\">Ihr Entspannungsurlaub in Barcar\u00e8s&#8230; machen Sie sich das Leben leichter!<\/h3>\n\n\n\n<p>Entscheiden Sie sich f\u00fcr Ihren n\u00e4chsten Aufenthalt in S\u00fcdfrankreich f\u00fcr eine <a href=\"https:\/\/floride.fr\/de\/vermietung-von-mobilheimen-pyrenees-orientales\/\">Mobilheim-Ferienunterkunft in Barcar\u00e8s<\/a> und tanken Sie neue Energie unter der mediterranen Sonne. Aber auch, um sich bei Ihrem Lieblingssport auszutoben, neue Aktivit\u00e4ten zu entdecken oder einfach nur in einer geselligen und entspannten Atmosph\u00e4re zu entspannen. <a href=\"https:\/\/floride.fr\/de\/wasserpark\/\">Our campsite in Languedoc Roussillon<\/a> with a water park has a genuine wellness<a href=\"https:\/\/floride.fr\/de\/wohlbefinden\/\"> spa centre<\/a> just a few steps from the beach! F\u00fcr Ihren n\u00e4chsten Entspannungsurlaub mit den F\u00fc\u00dfen im Wasser werden Sie sich also zwischen Embouchure und Floride f\u00fcr welche Seite entscheiden? <\/p>\n\n\n\n<p>Sie k\u00f6nnen im Kahuna Center auf der <a href=\"https:\/\/www.planity.com\/kahuna-coiff-spa-66420-le-barcares\">Planity-Website<\/a> buchen.<\/p>\n\n\n\n<h3 class=\"has-couleur-4-color has-text-color\" id=\"les-prestations-5-etoiles-du-camping-a-perpignan-en-pyrenees-orientales\">Die 5-Sterne-Leistungen des Campingplatzes in der N\u00e4he von Perpignan in den Pyr\u00e9n\u00e9es Orientales<\/h3>\n\n\n\n<p>Unsere Luxusanlage ist der <a href=\"https:\/\/floride.fr\/de\/perpignan\/\">einzige 5-Sterne-Campingplatz<\/a> in der N\u00e4he von Perpignan, der ein so breites und hochwertiges Dienstleistungsangebot bietet. Im h\u00fcbschen Badeort Barcar\u00e8s k\u00f6nnen Ihre Ferien in den \u00f6stlichen <a href=\"https:\/\/floride.fr\/de\/umgebung\/\">Pyren\u00e4en <\/a>unterhaltsam, p\u00e4dagogisch wertvoll, sportlich, entspannend oder faulenzend sein. Auf dem Campingplatz Le Floride stehen den Urlaubern zahlreiche kostenlose oder kostenpflichtige Dienstleistungen zur Verf\u00fcgung, damit sie einen rundum entspannten Aufenthalt genie\u00dfen k\u00f6nnen:<\/p>\n\n\n\n<div class=\"wp-container-69e49d7e497bf wp-block-group pictos columns-4\">\n<div class=\"wp-container-69e49d7e47ee4 wp-block-group\"><div class=\"wp-block-group__inner-container\"><i class=\"fal fa-bicycle\"><\/i>\n\n\n\n<p id=\"un-veritable-hammam-oriental-ressourcant\"><strong>Vermietung von Fahrr\u00e4dern<\/strong><\/p>\n<\/div><\/div>\n\n\n\n<div class=\"wp-container-69e49d7e48200 wp-block-group\"><div class=\"wp-block-group__inner-container\"><i class=\"fal fa-washer\"><\/i>\n\n\n\n<p id=\"chasse-aux-tresors\"><strong><strong>W\u00e4scherei<\/strong><\/strong><\/p>\n<\/div><\/div>\n\n\n\n<div class=\"wp-container-69e49d7e4852e wp-block-group\"><div class=\"wp-block-group__inner-container\"><i class=\"fal fa-rv\"><\/i>\n\n\n\n<p id=\"chasse-aux-tresors\"><strong><strong>Servicebereich<\/strong><\/strong><\/p>\n<\/div><\/div>\n\n\n\n<div class=\"wp-container-69e49d7e4884c wp-block-group\"><div class=\"wp-block-group__inner-container\"><i class=\"fal fa-wifi\"><\/i>\n\n\n\n<p id=\"chasse-aux-tresors\"><strong><strong>Wi-Fi<\/strong><\/strong><\/p>\n<\/div><\/div>\n\n\n\n<div class=\"wp-container-69e49d7e48b6a wp-block-group\"><div class=\"wp-block-group__inner-container\"><i class=\"fal fa-hand-sparkles\"><\/i>\n\n\n\n<p id=\"chasse-aux-tresors\"><strong><strong><strong>Option Reinigung<\/strong><\/strong><\/strong><\/p>\n<\/div><\/div>\n\n\n\n<div class=\"wp-container-69e49d7e48ef2 wp-block-group\"><div class=\"wp-block-group__inner-container\"><i class=\"fal fa-swimmer\"><\/i>\n\n\n\n<p id=\"chasse-aux-tresors\"><strong><strong><strong><strong><strong>Schwimmunterricht<\/strong><\/strong><\/strong><\/strong><\/strong><\/p>\n<\/div><\/div>\n\n\n\n<div class=\"wp-container-69e49d7e49211 wp-block-group\"><div class=\"wp-block-group__inner-container\"><i class=\"fal fa-shish-kebab\"><\/i>\n\n\n\n<p id=\"chasse-aux-tresors\"><strong>Vermietung von Planchas<\/strong><\/p>\n<\/div><\/div>\n\n\n\n<div class=\"wp-container-69e49d7e4952c wp-block-group\"><div class=\"wp-block-group__inner-container\"><i class=\"fal fa-baby\"><\/i>\n\n\n\n<p id=\"un-spa-jet-cabine-de-massage-aux-jets-d-eau-inoubliable\"><strong>Vermietung von Babyausstattung<\/strong><\/p>\n<\/div><\/div>\n<\/div>\n<\/div>\n\n\n\n<div class=\"wp-block-column is-vertically-aligned-center\">\n<figure class=\"wp-block-gallery has-nested-images columns-2 is-cropped deco-planche\">\n<figure class=\"wp-block-image size-full\"><img loading=\"lazy\" width=\"2560\" height=\"1707\" src=\"https:\/\/floride.fr\/wp-content\/uploads\/2022\/05\/DSC_0061-1-scaled.jpg\" alt=\"\" class=\"wp-image-4685\" srcset=\"https:\/\/floride.fr\/wp-content\/uploads\/2022\/05\/DSC_0061-1-scaled.jpg 2560w, https:\/\/floride.fr\/wp-content\/uploads\/2022\/05\/DSC_0061-1-300x200.jpg 300w, https:\/\/floride.fr\/wp-content\/uploads\/2022\/05\/DSC_0061-1-1024x683.jpg 1024w, https:\/\/floride.fr\/wp-content\/uploads\/2022\/05\/DSC_0061-1-768x512.jpg 768w, https:\/\/floride.fr\/wp-content\/uploads\/2022\/05\/DSC_0061-1-1536x1024.jpg 1536w, https:\/\/floride.fr\/wp-content\/uploads\/2022\/05\/DSC_0061-1-2048x1365.jpg 2048w\" sizes=\"(max-width: 2560px) 100vw, 2560px\" \/><\/figure>\n\n\n\n<figure class=\"wp-block-image size-full\"><img loading=\"lazy\" width=\"1280\" height=\"853\" src=\"https:\/\/floride.fr\/wp-content\/uploads\/2025\/11\/209_Camping_Occitanie_Le_Floride_et_l_Embouchure_Ciela_Village_Location_de_Velo.webp\" alt=\"\" class=\"wp-image-15764\" srcset=\"https:\/\/floride.fr\/wp-content\/uploads\/2025\/11\/209_Camping_Occitanie_Le_Floride_et_l_Embouchure_Ciela_Village_Location_de_Velo.webp 1280w, https:\/\/floride.fr\/wp-content\/uploads\/2025\/11\/209_Camping_Occitanie_Le_Floride_et_l_Embouchure_Ciela_Village_Location_de_Velo-300x200.webp 300w, https:\/\/floride.fr\/wp-content\/uploads\/2025\/11\/209_Camping_Occitanie_Le_Floride_et_l_Embouchure_Ciela_Village_Location_de_Velo-1024x682.webp 1024w, https:\/\/floride.fr\/wp-content\/uploads\/2025\/11\/209_Camping_Occitanie_Le_Floride_et_l_Embouchure_Ciela_Village_Location_de_Velo-768x512.webp 768w\" sizes=\"(max-width: 1280px) 100vw, 1280px\" \/><\/figure>\n<\/figure>\n<\/div>\n<\/div>\n\n\n\n<div style=\"height:70px\" aria-hidden=\"true\" class=\"wp-block-spacer\"><\/div>\n<\/div><\/section>\n","protected":false},"excerpt":{"rendered":"<p>Dienstleistungen &amp; Restaurants in Barcar\u00e8s : Qualit\u00e4t f\u00fcr jeden Geschmack Dienstleistungen &amp; Restaurants in Barcar\u00e8s : Qualit\u00e4t f\u00fcr jeden Geschmack Die Teams der Bar, des Tiki-Restaurants, des Snack I&#8217;Inkka und des Food-Trucks Starlite Diner erwarten Sie auf dem 5-Sterne-Campingplatz Le Floride in Barcar\u00e8s, um all Ihre W\u00fcnsche zu erf\u00fcllen. Entdecken Sie die Produkte des Languedoc-Roussillon [&hellip;]<\/p>\n","protected":false},"author":1,"featured_media":0,"parent":0,"menu_order":0,"comment_status":"closed","ping_status":"closed","template":"","meta":[],"acf":[],"_links":{"self":[{"href":"https:\/\/floride.fr\/de\/wp-json\/wp\/v2\/pages\/2912"}],"collection":[{"href":"https:\/\/floride.fr\/de\/wp-json\/wp\/v2\/pages"}],"about":[{"href":"https:\/\/floride.fr\/de\/wp-json\/wp\/v2\/types\/page"}],"author":[{"embeddable":true,"href":"https:\/\/floride.fr\/de\/wp-json\/wp\/v2\/users\/1"}],"replies":[{"embeddable":true,"href":"https:\/\/floride.fr\/de\/wp-json\/wp\/v2\/comments?post=2912"}],"version-history":[{"count":6,"href":"https:\/\/floride.fr\/de\/wp-json\/wp\/v2\/pages\/2912\/revisions"}],"predecessor-version":[{"id":16380,"href":"https:\/\/floride.fr\/de\/wp-json\/wp\/v2\/pages\/2912\/revisions\/16380"}],"wp:attachment":[{"href":"https:\/\/floride.fr\/de\/wp-json\/wp\/v2\/media?parent=2912"}],"curies":[{"name":"wp","href":"https:\/\/api.w.org\/{rel}","templated":true}]}}