{"id":2926,"date":"2022-04-22T10:37:07","date_gmt":"2022-04-22T08:37:07","guid":{"rendered":"https:\/\/floride.fr\/partys-show\/"},"modified":"2026-03-17T15:28:53","modified_gmt":"2026-03-17T14:28:53","slug":"partys-show","status":"publish","type":"page","link":"https:\/\/floride.fr\/de\/partys-show\/","title":{"rendered":"Partys &amp; Show"},"content":{"rendered":"\n<figure class=\"wp-block-image alignfull size-full F-00-b\"><img loading=\"lazy\" width=\"1920\" height=\"1279\" src=\"https:\/\/floride.fr\/wp-content\/uploads\/2025\/11\/516_Camping_Occitanie_Le_Floride_et_l_Embouchure_Ciela_Village_Concert.webp\" alt=\"\" class=\"wp-image-15574\" srcset=\"https:\/\/floride.fr\/wp-content\/uploads\/2025\/11\/516_Camping_Occitanie_Le_Floride_et_l_Embouchure_Ciela_Village_Concert.webp 1920w, https:\/\/floride.fr\/wp-content\/uploads\/2025\/11\/516_Camping_Occitanie_Le_Floride_et_l_Embouchure_Ciela_Village_Concert-300x200.webp 300w, https:\/\/floride.fr\/wp-content\/uploads\/2025\/11\/516_Camping_Occitanie_Le_Floride_et_l_Embouchure_Ciela_Village_Concert-1024x682.webp 1024w, https:\/\/floride.fr\/wp-content\/uploads\/2025\/11\/516_Camping_Occitanie_Le_Floride_et_l_Embouchure_Ciela_Village_Concert-768x512.webp 768w, https:\/\/floride.fr\/wp-content\/uploads\/2025\/11\/516_Camping_Occitanie_Le_Floride_et_l_Embouchure_Ciela_Village_Concert-1536x1023.webp 1536w\" sizes=\"(max-width: 1920px) 100vw, 1920px\" \/><\/figure>\n\n<section class=\"wp-container-69ec79803a95c wp-block-group\"><div class=\"wp-block-group__inner-container\">\n<h1 class=\"has-text-align-center has-couleur-1-color has-text-color\" id=\"a-port-barcares-faites-le-choix-du-depaysement-haut-de-gamme-en-2022\">Das Unterhaltungsprogramm des 5-Sterne-Campingplatzes Le Floride<\/h1>\n\n\n\n<p class=\"has-text-align-center titre2 has-couleur-4-color has-text-color\" id=\"riez-dansez-chantez-emerveillez-vous-faites-la-fete\">Lachen, Tanzen, Singen, Staunen, Feiern!<\/p>\n\n\n\n<p class=\"has-text-align-center titre3 has-couleur-2-color has-text-color\" id=\"vos-vacances-au-camping-5-etoiles-le-floride-pres-de-perpignan-sont-l-occasion-d-assister-et-de-participer-a-des-animations-comme-nulle-part-ailleurs\">Ihr Urlaub auf dem 5-Sterne-Campingplatz Le Floride in der N\u00e4he von Perpignan bietet Ihnen die Gelegenheit, an einem Unterhaltungsprogramm teilzunehmen, das es sonst nirgends gibt.<\/p>\n\n\n\n<p class=\"has-text-align-center\">Erleben Sie im Feriendorf Le Floride in Barcar\u00e8s (66) ein gro\u00dfes Abenteuer mit zahlreichen Freizeitangeboten f\u00fcr die ganze Familie. Auf dem Programm <strong>stehen grandiose Zirkusvorstellungen<\/strong>, <strong>Musicals<\/strong>, <strong>gro\u00dfe DJ-Abende<\/strong> oder auch <strong>Lasergame<\/strong>, alles begleitet von einem Animationsteam voller Energie und Einfallsreichtum, um Sie zu unterhalten! Zahlreiche themenbezogene Aktivit\u00e4ten, wie unsere ber\u00fchmte <a href=\"https:\/\/floride.fr\/de\/halloween-urlaub\/\">Halloween-Party,<\/a> lassen Sie in der Zeit von April bis November in Fantasiewelten entfliehen. Ein Urlaub in Florida ist nicht nur ein traditioneller Campingurlaub, sondern auch ein Versprechen, magische Momente voller Emotionen zu erleben. Mit unseren zahlreichen qualitativen Einrichtungen befinden Sie sich im Herzen der <strong>Animationen von Port Barcar\u00e8s<\/strong> und haben das Gef\u00fchl, sich in einem echten Vergn\u00fcgungspark zu befinden, der alle Freuden in sich vereint. <\/p>\n\n\n\n<p class=\"has-text-align-center\">Es wurde an alles gedacht, damit Ihr <strong>Campingurlaub in S\u00fcdfrankreich<\/strong> zu einer unvergesslichen Erinnerung wird!<\/p>\n<\/div><\/section>\n\n<section class=\"wp-container-69ec79803af12 wp-block-group F-15-a\"><div class=\"wp-block-group__inner-container\">\n<h2 class=\"titre1 has-couleur-1-color has-text-color\" id=\"les-grands-spectacles-vos-evenements-a-port-barcares\">Die Gro\u00dfen Auff\u00fchrungen<\/h2>\n\n\n\n<div class=\"wp-block-media-text is-stacked-on-mobile is-image-fill\"><figure class=\"wp-block-media-text__media\" style=\"background-image:url(https:\/\/floride.fr\/wp-content\/uploads\/2022\/03\/Spectacles-et-Animations-au-Camping-Le-Floride-au-Barcares-dans-les-Pyrenees-Orientales-5-1024x1024-1.jpg);background-position:50% 50%\"><img loading=\"lazy\" width=\"1024\" height=\"1024\" src=\"https:\/\/floride.fr\/wp-content\/uploads\/2022\/03\/Spectacles-et-Animations-au-Camping-Le-Floride-au-Barcares-dans-les-Pyrenees-Orientales-5-1024x1024-1.jpg\" alt=\"Camping Le Floride Le Barcar\u00e8s (66) : Spectacles Et Animations Au Camping Le Floride Au Barcar\u00e8s Dans Les Pyr\u00e9n\u00e9es Orientales 5 1024x1024\" class=\"wp-image-1903 size-full\" srcset=\"https:\/\/floride.fr\/wp-content\/uploads\/2022\/03\/Spectacles-et-Animations-au-Camping-Le-Floride-au-Barcares-dans-les-Pyrenees-Orientales-5-1024x1024-1.jpg 1024w, https:\/\/floride.fr\/wp-content\/uploads\/2022\/03\/Spectacles-et-Animations-au-Camping-Le-Floride-au-Barcares-dans-les-Pyrenees-Orientales-5-1024x1024-1-300x300.jpg 300w, https:\/\/floride.fr\/wp-content\/uploads\/2022\/03\/Spectacles-et-Animations-au-Camping-Le-Floride-au-Barcares-dans-les-Pyrenees-Orientales-5-1024x1024-1-150x150.jpg 150w, https:\/\/floride.fr\/wp-content\/uploads\/2022\/03\/Spectacles-et-Animations-au-Camping-Le-Floride-au-Barcares-dans-les-Pyrenees-Orientales-5-1024x1024-1-768x768.jpg 768w, https:\/\/floride.fr\/wp-content\/uploads\/2022\/03\/Spectacles-et-Animations-au-Camping-Le-Floride-au-Barcares-dans-les-Pyrenees-Orientales-5-1024x1024-1-200x200.jpg 200w, https:\/\/floride.fr\/wp-content\/uploads\/2022\/03\/Spectacles-et-Animations-au-Camping-Le-Floride-au-Barcares-dans-les-Pyrenees-Orientales-5-1024x1024-1-400x400.jpg 400w, https:\/\/floride.fr\/wp-content\/uploads\/2022\/03\/Spectacles-et-Animations-au-Camping-Le-Floride-au-Barcares-dans-les-Pyrenees-Orientales-5-1024x1024-1-500x500.jpg 500w, https:\/\/floride.fr\/wp-content\/uploads\/2022\/03\/Spectacles-et-Animations-au-Camping-Le-Floride-au-Barcares-dans-les-Pyrenees-Orientales-5-1024x1024-1-600x600.jpg 600w, https:\/\/floride.fr\/wp-content\/uploads\/2022\/03\/Spectacles-et-Animations-au-Camping-Le-Floride-au-Barcares-dans-les-Pyrenees-Orientales-5-1024x1024-1-700x700.jpg 700w, https:\/\/floride.fr\/wp-content\/uploads\/2022\/03\/Spectacles-et-Animations-au-Camping-Le-Floride-au-Barcares-dans-les-Pyrenees-Orientales-5-1024x1024-1-800x800.jpg 800w\" sizes=\"(max-width: 1024px) 100vw, 1024px\" \/><\/figure><div class=\"wp-block-media-text__content\">\n<div class=\"wp-block-media-text is-stacked-on-mobile is-image-fill deco-coco\"><figure class=\"wp-block-media-text__media\" style=\"background-image:url(https:\/\/floride.fr\/wp-content\/uploads\/2022\/05\/A7R8279-scaled.jpg);background-position:48% 44%\"><img loading=\"lazy\" width=\"2560\" height=\"1707\" src=\"https:\/\/floride.fr\/wp-content\/uploads\/2022\/05\/A7R8279-scaled.jpg\" alt=\"\" class=\"wp-image-3949 size-full\" srcset=\"https:\/\/floride.fr\/wp-content\/uploads\/2022\/05\/A7R8279-scaled.jpg 2560w, https:\/\/floride.fr\/wp-content\/uploads\/2022\/05\/A7R8279-300x200.jpg 300w, https:\/\/floride.fr\/wp-content\/uploads\/2022\/05\/A7R8279-1024x683.jpg 1024w, https:\/\/floride.fr\/wp-content\/uploads\/2022\/05\/A7R8279-768x512.jpg 768w, https:\/\/floride.fr\/wp-content\/uploads\/2022\/05\/A7R8279-1536x1024.jpg 1536w, https:\/\/floride.fr\/wp-content\/uploads\/2022\/05\/A7R8279-2048x1365.jpg 2048w\" sizes=\"(max-width: 2560px) 100vw, 2560px\" \/><\/figure><div class=\"wp-block-media-text__content\">\n<blockquote class=\"wp-block-quote\"><p>&#8222;Die Stimmung war sehr gut, die Abende atemberaubend. Kann es kaum erwarten, wieder hinzufahren!&#8220;<\/p><cite>Natacha, gekommen im Juli<br\/><\/cite><\/blockquote>\n<\/div><\/div>\n\n\n\n<p><strong>Shows<\/strong> f\u00fcr die ganze Familie, die von Profis auf der gro\u00dfen B\u00fchne des Campingplatzes Le Floride in Port Barcar\u00e8s inszeniert werden. Jedes Jahr gibt es zahlreiche Neuheiten.<br\/>Hier einige Beispiele daf\u00fcr, was Sie in Ihrem Urlaub erleben k\u00f6nnen:<\/p>\n\n\n\n<ul><li>Luft- und Wassershows, die im Juli und August vom Animationsteam des Campingplatzes veranstaltet werden;<\/li><li>Live-Konzerte;<\/li><li>Akrobatikvorf\u00fchrungen;<\/li><li>Abende mit Mentalisten und Hypnose;<\/li><li>Kabaretts;<\/li><li>Musicals;<\/li><li>Atemberaubende Tanzabende! Hier k\u00f6nnen Sie sich auf der Tanzfl\u00e4che so richtig austoben: professionelle DJs, Schaumpartys und Schneepartys, Lasershows! <\/li><\/ul>\n<\/div><\/div>\n\n\n\n<figure class=\"wp-block-gallery has-nested-images columns-8 is-cropped diaporama--3\">\n<figure class=\"wp-block-image size-large\"><img loading=\"lazy\" width=\"1024\" height=\"683\" src=\"https:\/\/floride.fr\/wp-content\/uploads\/2022\/12\/Bresilien-spectacles-1024x683.jpg\" alt=\"\" class=\"wp-image-7576\" srcset=\"https:\/\/floride.fr\/wp-content\/uploads\/2022\/12\/Bresilien-spectacles-1024x683.jpg 1024w, https:\/\/floride.fr\/wp-content\/uploads\/2022\/12\/Bresilien-spectacles-300x200.jpg 300w, https:\/\/floride.fr\/wp-content\/uploads\/2022\/12\/Bresilien-spectacles-768x512.jpg 768w, https:\/\/floride.fr\/wp-content\/uploads\/2022\/12\/Bresilien-spectacles-1536x1024.jpg 1536w, https:\/\/floride.fr\/wp-content\/uploads\/2022\/12\/Bresilien-spectacles-2048x1365.jpg 2048w\" sizes=\"(max-width: 1024px) 100vw, 1024px\" \/><\/figure>\n\n\n\n<figure class=\"wp-block-image size-large\"><img loading=\"lazy\" width=\"1024\" height=\"676\" src=\"https:\/\/floride.fr\/wp-content\/uploads\/2022\/12\/Osiris-spectacles-1024x676.jpg\" alt=\"\" class=\"wp-image-7596\" srcset=\"https:\/\/floride.fr\/wp-content\/uploads\/2022\/12\/Osiris-spectacles-1024x676.jpg 1024w, https:\/\/floride.fr\/wp-content\/uploads\/2022\/12\/Osiris-spectacles-300x198.jpg 300w, https:\/\/floride.fr\/wp-content\/uploads\/2022\/12\/Osiris-spectacles-768x507.jpg 768w, https:\/\/floride.fr\/wp-content\/uploads\/2022\/12\/Osiris-spectacles-1536x1014.jpg 1536w, https:\/\/floride.fr\/wp-content\/uploads\/2022\/12\/Osiris-spectacles.jpg 1984w\" sizes=\"(max-width: 1024px) 100vw, 1024px\" \/><\/figure>\n\n\n\n<figure class=\"wp-block-image size-large\"><img loading=\"lazy\" width=\"1024\" height=\"683\" src=\"https:\/\/floride.fr\/wp-content\/uploads\/2022\/05\/A7R3914-1024x683.jpg\" alt=\"\" class=\"wp-image-3960\" srcset=\"https:\/\/floride.fr\/wp-content\/uploads\/2022\/05\/A7R3914-1024x683.jpg 1024w, https:\/\/floride.fr\/wp-content\/uploads\/2022\/05\/A7R3914-300x200.jpg 300w, https:\/\/floride.fr\/wp-content\/uploads\/2022\/05\/A7R3914-768x512.jpg 768w, https:\/\/floride.fr\/wp-content\/uploads\/2022\/05\/A7R3914-1536x1024.jpg 1536w, https:\/\/floride.fr\/wp-content\/uploads\/2022\/05\/A7R3914-2048x1365.jpg 2048w\" sizes=\"(max-width: 1024px) 100vw, 1024px\" \/><\/figure>\n\n\n\n<figure class=\"wp-block-image size-large\"><img loading=\"lazy\" width=\"1024\" height=\"863\" src=\"https:\/\/floride.fr\/wp-content\/uploads\/2022\/12\/Encanto-1024x863.jpg\" alt=\"\" class=\"wp-image-7581\" srcset=\"https:\/\/floride.fr\/wp-content\/uploads\/2022\/12\/Encanto-1024x863.jpg 1024w, https:\/\/floride.fr\/wp-content\/uploads\/2022\/12\/Encanto-300x253.jpg 300w, https:\/\/floride.fr\/wp-content\/uploads\/2022\/12\/Encanto-768x647.jpg 768w, https:\/\/floride.fr\/wp-content\/uploads\/2022\/12\/Encanto-1536x1294.jpg 1536w, https:\/\/floride.fr\/wp-content\/uploads\/2022\/12\/Encanto-2048x1725.jpg 2048w\" sizes=\"(max-width: 1024px) 100vw, 1024px\" \/><\/figure>\n\n\n\n<figure class=\"wp-block-image size-large\"><img loading=\"lazy\" width=\"1024\" height=\"923\" src=\"https:\/\/floride.fr\/wp-content\/uploads\/2022\/12\/IMG_0423-1024x923.jpg\" alt=\"\" class=\"wp-image-7601\" srcset=\"https:\/\/floride.fr\/wp-content\/uploads\/2022\/12\/IMG_0423-1024x923.jpg 1024w, https:\/\/floride.fr\/wp-content\/uploads\/2022\/12\/IMG_0423-300x270.jpg 300w, https:\/\/floride.fr\/wp-content\/uploads\/2022\/12\/IMG_0423-768x692.jpg 768w, https:\/\/floride.fr\/wp-content\/uploads\/2022\/12\/IMG_0423-1536x1384.jpg 1536w, https:\/\/floride.fr\/wp-content\/uploads\/2022\/12\/IMG_0423-2048x1846.jpg 2048w\" sizes=\"(max-width: 1024px) 100vw, 1024px\" \/><\/figure>\n\n\n\n<figure class=\"wp-block-image size-large\"><img loading=\"lazy\" width=\"1024\" height=\"682\" src=\"https:\/\/floride.fr\/wp-content\/uploads\/2022\/03\/Spectacles-et-Animations-au-Camping-Le-Floride-au-Barcares-dans-les-Pyrenees-Orientales-3-1024x682-1.jpg\" alt=\"Camping Le Floride Le Barcar&#xE8;s (66) : Spectacles Et Animations Au Camping Le Floride Au Barcar&#xE8;s Dans Les Pyr&#xE9;n&#xE9;es Orientales 3 1024x682\" class=\"wp-image-1893\" srcset=\"https:\/\/floride.fr\/wp-content\/uploads\/2022\/03\/Spectacles-et-Animations-au-Camping-Le-Floride-au-Barcares-dans-les-Pyrenees-Orientales-3-1024x682-1.jpg 1024w, https:\/\/floride.fr\/wp-content\/uploads\/2022\/03\/Spectacles-et-Animations-au-Camping-Le-Floride-au-Barcares-dans-les-Pyrenees-Orientales-3-1024x682-1-300x200.jpg 300w, https:\/\/floride.fr\/wp-content\/uploads\/2022\/03\/Spectacles-et-Animations-au-Camping-Le-Floride-au-Barcares-dans-les-Pyrenees-Orientales-3-1024x682-1-768x512.jpg 768w\" sizes=\"(max-width: 1024px) 100vw, 1024px\" \/><\/figure>\n\n\n\n<figure class=\"wp-block-image size-large\"><img loading=\"lazy\" width=\"1024\" height=\"683\" src=\"https:\/\/floride.fr\/wp-content\/uploads\/2022\/12\/A7R1233-1024x683.jpg\" alt=\"\" class=\"wp-image-7586\" srcset=\"https:\/\/floride.fr\/wp-content\/uploads\/2022\/12\/A7R1233-1024x683.jpg 1024w, https:\/\/floride.fr\/wp-content\/uploads\/2022\/12\/A7R1233-300x200.jpg 300w, https:\/\/floride.fr\/wp-content\/uploads\/2022\/12\/A7R1233-768x512.jpg 768w, https:\/\/floride.fr\/wp-content\/uploads\/2022\/12\/A7R1233-1536x1024.jpg 1536w, https:\/\/floride.fr\/wp-content\/uploads\/2022\/12\/A7R1233-2048x1365.jpg 2048w\" sizes=\"(max-width: 1024px) 100vw, 1024px\" \/><\/figure>\n\n\n\n<figure class=\"wp-block-image size-large\"><img loading=\"lazy\" width=\"1600\" height=\"899\" src=\"https:\/\/floride.fr\/wp-content\/uploads\/2022\/03\/selection-petite-sirene.jpg\" alt=\"\" class=\"wp-image-1235\" srcset=\"https:\/\/floride.fr\/wp-content\/uploads\/2022\/03\/selection-petite-sirene.jpg 1600w, https:\/\/floride.fr\/wp-content\/uploads\/2022\/03\/selection-petite-sirene-300x169.jpg 300w, https:\/\/floride.fr\/wp-content\/uploads\/2022\/03\/selection-petite-sirene-1024x575.jpg 1024w, https:\/\/floride.fr\/wp-content\/uploads\/2022\/03\/selection-petite-sirene-768x432.jpg 768w, https:\/\/floride.fr\/wp-content\/uploads\/2022\/03\/selection-petite-sirene-1536x863.jpg 1536w\" sizes=\"(max-width: 1600px) 100vw, 1600px\" \/><\/figure>\n\n\n\n<figure class=\"wp-block-image size-large\"><img loading=\"lazy\" width=\"1800\" height=\"730\" src=\"https:\/\/floride.fr\/wp-content\/uploads\/2022\/03\/Camping-Le-Floride-spectacle-La-Reine-des-Neiges-1.jpg\" alt=\"\" class=\"wp-image-1225\" srcset=\"https:\/\/floride.fr\/wp-content\/uploads\/2022\/03\/Camping-Le-Floride-spectacle-La-Reine-des-Neiges-1.jpg 1800w, https:\/\/floride.fr\/wp-content\/uploads\/2022\/03\/Camping-Le-Floride-spectacle-La-Reine-des-Neiges-1-300x122.jpg 300w, https:\/\/floride.fr\/wp-content\/uploads\/2022\/03\/Camping-Le-Floride-spectacle-La-Reine-des-Neiges-1-1024x415.jpg 1024w, https:\/\/floride.fr\/wp-content\/uploads\/2022\/03\/Camping-Le-Floride-spectacle-La-Reine-des-Neiges-1-768x311.jpg 768w, https:\/\/floride.fr\/wp-content\/uploads\/2022\/03\/Camping-Le-Floride-spectacle-La-Reine-des-Neiges-1-1536x623.jpg 1536w\" sizes=\"(max-width: 1800px) 100vw, 1800px\" \/><\/figure>\n<\/figure>\n<\/div><\/section>\n\n<section class=\"wp-container-69ec79803be88 wp-block-group F-25-a vague-top ligne2-top vague-bottom has-bg-1-background-color has-background\"><div class=\"wp-block-group__inner-container\">\n<h3 class=\"titre1 has-couleur-1-color has-text-color\" id=\"les-soirees-ou-vous-etes-la-star-1\">Die Abende, an denen Sie der Star sind<\/h3>\n\n\n\n<div class=\"wp-container-69ec79803b8ee wp-block-group\">\n<div class=\"wp-container-69ec79803b2a3 wp-block-group\"><div class=\"wp-block-group__inner-container\">\n<figure class=\"wp-block-image size-full\"><img loading=\"lazy\" width=\"2560\" height=\"1707\" src=\"https:\/\/floride.fr\/wp-content\/uploads\/2022\/12\/A7R1404-scaled.jpg\" alt=\"\" class=\"wp-image-7685\" srcset=\"https:\/\/floride.fr\/wp-content\/uploads\/2022\/12\/A7R1404-scaled.jpg 2560w, https:\/\/floride.fr\/wp-content\/uploads\/2022\/12\/A7R1404-300x200.jpg 300w, https:\/\/floride.fr\/wp-content\/uploads\/2022\/12\/A7R1404-1024x683.jpg 1024w, https:\/\/floride.fr\/wp-content\/uploads\/2022\/12\/A7R1404-768x512.jpg 768w, https:\/\/floride.fr\/wp-content\/uploads\/2022\/12\/A7R1404-1536x1024.jpg 1536w, https:\/\/floride.fr\/wp-content\/uploads\/2022\/12\/A7R1404-2048x1365.jpg 2048w\" sizes=\"(max-width: 2560px) 100vw, 2560px\" \/><\/figure>\n\n\n\n<p> <strong>Tanzabende<\/strong><\/p>\n\n\n\n<p>Atemberaubend ! Das ist die Gelegenheit, sich auf der Piste auszutoben: professionelle DJs, Schaum- und Schneeabende, Laseranimationen !<\/p>\n<\/div><\/div>\n\n\n\n<div class=\"wp-container-69ec79803b5ef wp-block-group\"><div class=\"wp-block-group__inner-container\">\n<figure class=\"wp-block-image size-full\"><img loading=\"lazy\" width=\"2560\" height=\"1707\" src=\"https:\/\/floride.fr\/wp-content\/uploads\/2022\/12\/A7R1030-scaled.jpg\" alt=\"\" class=\"wp-image-7648\" srcset=\"https:\/\/floride.fr\/wp-content\/uploads\/2022\/12\/A7R1030-scaled.jpg 2560w, https:\/\/floride.fr\/wp-content\/uploads\/2022\/12\/A7R1030-300x200.jpg 300w, https:\/\/floride.fr\/wp-content\/uploads\/2022\/12\/A7R1030-1024x683.jpg 1024w, https:\/\/floride.fr\/wp-content\/uploads\/2022\/12\/A7R1030-768x512.jpg 768w, https:\/\/floride.fr\/wp-content\/uploads\/2022\/12\/A7R1030-1536x1024.jpg 1536w, https:\/\/floride.fr\/wp-content\/uploads\/2022\/12\/A7R1030-2048x1365.jpg 2048w\" sizes=\"(max-width: 2560px) 100vw, 2560px\" \/><\/figure>\n\n\n\n<p><strong>F\u00fcr Ihre Kinder<\/strong><\/p>\n\n\n\n<p>Die M\u00f6glichkeit, ihre ersten Schritte auf der B\u00fchne in ihren eigenen Auff\u00fchrungen zu machen. Dank unseres <strong>Circus Camps<\/strong> k\u00f6nnen Gro\u00df und Klein <strong>die Kunst des Zirkus<\/strong> erlernen und sich daf\u00fcr entscheiden, sie uns auf wohlwollende Weise zu offenbaren.<\/p>\n\n\n\n<p><\/p>\n<\/div><\/div>\n<\/div>\n\n\n\n<div class=\"wp-container-69ec79803bbd9 wp-block-buttons\">\n<div class=\"wp-block-button is-style-outline\"><a class=\"wp-block-button__link has-couleur-1-color has-text-color\" href=\"https:\/\/floride.fr\/de\/fotogalerie\/\">Zur Fotogalerie<\/a><\/div>\n<\/div>\n<\/div><\/section>\n\n<section class=\"wp-container-69ec79803c2cf wp-block-group F-05-a\"><div class=\"wp-block-group__inner-container\">\n<div class=\"wp-block-columns are-vertically-aligned-center\">\n<div class=\"wp-block-column is-vertically-aligned-center deco-feuille1\">\n<h2 class=\"titre2 has-couleur-2-color has-text-color\" id=\"des-jeux-et-animations-inedits-en-cmaping-dans-le-sud-de-le-france-serez-vous-le-grand-gagnant\">Neue Spiele und Animationen auf einem Campingplatz in S\u00fcdfrankreich<\/h2>\n\n\n\n<p class=\"titre3 has-couleur-4-color has-text-color\" id=\"des-jeux-et-animations-inedits-en-cmaping-dans-le-sud-de-le-france-serez-vous-le-grand-gagnant\">Werden Sie der gro\u00dfe Gewinner sein ?<\/p>\n\n\n\n<p>Nehmen Sie an unseren Spielen in Lebensgr\u00f6\u00dfe teil, um Spa\u00df mit der Familie und Freunden zu haben ! Auf unserem <strong>Campingplatz mit Animationen in S\u00fcdfrankreich<\/strong> finden Sie zahlreiche Einrichtungen, mit denen Sie Ihre Freizeitaktivit\u00e4ten abwechslungsreich gestalten k\u00f6nnen. Im <a href=\"https:\/\/floride.fr\/de\/wasserpark\/\">Wasserpark in der N\u00e4he von Perpignan<\/a> oder im <strong>Zentrum des Feriendorfs<\/strong> ist die Zeit gekommen, um neue Aktivit\u00e4ten auszuprobieren und neue Bekanntschaften zu schlie\u00dfen und Erinnerungen zu sammeln! <\/p>\n\n\n\n<ul><li><strong>Grands Bingos<\/strong>: Nehmen Sie an unseren Riesenlottos teil und versuchen Sie, zahlreiche Geschenke zu gewinnen <em>(Teilnahme erforderlich)<\/em>.<\/li><li><strong>Casino- und Pokerabende<\/strong><\/li><li><strong>Quiz<\/strong>die ganze Woche \u00fcber, um Ihr Gehirn zu trainieren<\/li><li><strong>Gro\u00dfe Familienspiele<\/strong>, um noch mehr gemeinsame Erinnerungen zu schaffen<\/li><li><strong>Laser Games &amp; Bubble Games<\/strong>, lassen Sie sich von diesen Spielen der neuen Generation verf\u00fchren<\/li><\/ul>\n<\/div>\n\n\n\n<div class=\"wp-block-column is-vertically-aligned-center\">\n<figure class=\"wp-block-gallery has-nested-images columns-2 is-cropped deco-planche\">\n<figure class=\"wp-block-image size-full\"><img loading=\"lazy\" width=\"2560\" height=\"1707\" src=\"https:\/\/floride.fr\/wp-content\/uploads\/2022\/12\/A7R6829-scaled.jpg\" alt=\"\" class=\"wp-image-7626\" srcset=\"https:\/\/floride.fr\/wp-content\/uploads\/2022\/12\/A7R6829-scaled.jpg 2560w, https:\/\/floride.fr\/wp-content\/uploads\/2022\/12\/A7R6829-300x200.jpg 300w, https:\/\/floride.fr\/wp-content\/uploads\/2022\/12\/A7R6829-1024x683.jpg 1024w, https:\/\/floride.fr\/wp-content\/uploads\/2022\/12\/A7R6829-768x512.jpg 768w, https:\/\/floride.fr\/wp-content\/uploads\/2022\/12\/A7R6829-1536x1024.jpg 1536w, https:\/\/floride.fr\/wp-content\/uploads\/2022\/12\/A7R6829-2048x1365.jpg 2048w\" sizes=\"(max-width: 2560px) 100vw, 2560px\" \/><\/figure>\n\n\n\n<figure class=\"wp-block-image size-full\"><img loading=\"lazy\" width=\"2560\" height=\"1707\" src=\"https:\/\/floride.fr\/wp-content\/uploads\/2022\/12\/A7R6042-scaled.jpg\" alt=\"\" class=\"wp-image-7653\" srcset=\"https:\/\/floride.fr\/wp-content\/uploads\/2022\/12\/A7R6042-scaled.jpg 2560w, https:\/\/floride.fr\/wp-content\/uploads\/2022\/12\/A7R6042-300x200.jpg 300w, https:\/\/floride.fr\/wp-content\/uploads\/2022\/12\/A7R6042-1024x683.jpg 1024w, https:\/\/floride.fr\/wp-content\/uploads\/2022\/12\/A7R6042-768x512.jpg 768w, https:\/\/floride.fr\/wp-content\/uploads\/2022\/12\/A7R6042-1536x1024.jpg 1536w, https:\/\/floride.fr\/wp-content\/uploads\/2022\/12\/A7R6042-2048x1365.jpg 2048w\" sizes=\"(max-width: 2560px) 100vw, 2560px\" \/><\/figure>\n<\/figure>\n<\/div>\n<\/div>\n<\/div><\/section>\n\n<section class=\"wp-container-69ec79803d369 wp-block-group F-20-a\"><div class=\"wp-block-group__inner-container\">\n<div class=\"wp-block-columns are-vertically-aligned-center\">\n<div class=\"wp-block-column is-vertically-aligned-center\">\n<figure class=\"wp-block-image size-full\"><img loading=\"lazy\" width=\"1596\" height=\"890\" src=\"https:\/\/floride.fr\/wp-content\/uploads\/2022\/12\/Mascottes-DET-1.png\" alt=\"\" class=\"wp-image-7621\" srcset=\"https:\/\/floride.fr\/wp-content\/uploads\/2022\/12\/Mascottes-DET-1.png 1596w, https:\/\/floride.fr\/wp-content\/uploads\/2022\/12\/Mascottes-DET-1-300x167.png 300w, https:\/\/floride.fr\/wp-content\/uploads\/2022\/12\/Mascottes-DET-1-1024x571.png 1024w, https:\/\/floride.fr\/wp-content\/uploads\/2022\/12\/Mascottes-DET-1-768x428.png 768w, https:\/\/floride.fr\/wp-content\/uploads\/2022\/12\/Mascottes-DET-1-1536x857.png 1536w\" sizes=\"(max-width: 1596px) 100vw, 1596px\" \/><\/figure>\n\n\n\n<div class=\"wp-container-69ec79803c63e wp-block-buttons galerie\">\n<div class=\"wp-block-button\"><a class=\"wp-block-button__link has-couleur-4-background-color has-background\" href=\"https:\/\/floride.fr\/de\/fotogalerie\/\"><i class=\"fal fa-images\"><\/i> Siehe die Fotogalerie<\/a><\/div>\n<\/div>\n<\/div>\n\n\n\n<div class=\"wp-block-column is-vertically-aligned-center\">\n<h3 class=\"titre1 has-couleur-1-color has-text-color\" id=\"les-soirees-ou-vous-etes-la-star\">Unsere Maskottchen pr\u00e4sentieren Ihnen :<\/h3>\n\n\n\n<p>Und um Ihnen jederzeit fr\u00f6hliche Momente und gute Laune zu garantieren, werden unsere Maskottchen den Rhythmus Ihres Urlaubs bestimmen ! <\/p>\n\n\n\n<div class=\"wp-container-69ec79803d082 wp-block-group pictos\">\n<div class=\"wp-container-69ec79803ca43 wp-block-group\"><div class=\"wp-block-group__inner-container\"><i class=\"fal fa-sun\"><\/i>\n\n\n\n<p><strong><strong>Die Sommerparade<\/strong><\/strong><\/p>\n\n\n\n<p>der Ihnen in den Gassen des Campingplatzes mit einer Kavalkade von verr\u00fcckten Figuren entgegenkommt.<\/p>\n<\/div><\/div>\n\n\n\n<div class=\"wp-container-69ec79803cdb9 wp-block-group\"><div class=\"wp-block-group__inner-container\"><i class=\"fal fa-stars\"><\/i>\n\n\n\n<p><strong><strong>Die T\u00e4nze des Dorfes<\/strong><\/strong><\/p>\n\n\n\n<p>Nehmen Sie jeden Tag an den Choreographien teil, die unsere Animateure f\u00fcr Sie zusammengestellt haben: Werden Sie die Tanzschritte zur\u00fccknehmen?<\/p>\n<\/div><\/div>\n<\/div>\n<\/div>\n<\/div>\n<\/div><\/section>\n\n<section class=\"wp-container-69ec79803d6b7 wp-block-group\"><div class=\"wp-block-group__inner-container\">\n<p class=\"has-text-align-center\"><strong>Ein sch\u00f6nes Animationsprogramm<\/strong>, zu dem noch alle tags\u00fcber kostenlos organisierten <strong>Sportaktivit\u00e4ten<\/strong> hinzukommen: von Wassergymnastik bis Joggen, von Tischtennis bis Fitness &#8211; f\u00fcr jeden Geschmack ist etwas dabei! Besuchen Sie unsere spezielle Seite, um mehr \u00fcber die sportlichen <a href=\"https:\/\/floride.fr\/de\/aktivitaeten-unterhaltung\/\">Animationen im Camping-Village le Floride in Le Barcar\u00e8s<\/a> (Languedoc-Roussillon) zu erfahren.<\/p>\n\n\n\n<p class=\"has-text-align-center\">Sie werden noch nie in einem Feriendorf mit so vielen Unterhaltungsm\u00f6glichkeiten gewesen sein, was das Floride zu einem einzigartigen <strong>Campingplatz in S\u00fcdfrankreich macht..<\/strong><\/p>\n\n\n\n<p class=\"titre3 has-couleur-4-color has-text-color\" id=\"pratique-telechargez-l-application-cool-n-camp-sur-votre-smartphone-et-consultez-les-horaires-de-toutes-les-animations-en-temps-reel\">Praktisch: Laden Sie die App \u201eCiela Village\u201c auf Ihr Smartphone herunter und sehen Sie sich die Zeiten aller Veranstaltungen in Echtzeit an! <\/p>\n<\/div><\/section>\n","protected":false},"excerpt":{"rendered":"<p>Das Unterhaltungsprogramm des 5-Sterne-Campingplatzes Le Floride Lachen, Tanzen, Singen, Staunen, Feiern! Ihr Urlaub auf dem 5-Sterne-Campingplatz Le Floride in der N\u00e4he von Perpignan bietet Ihnen die Gelegenheit, an einem Unterhaltungsprogramm teilzunehmen, das es sonst nirgends gibt. Erleben Sie im Feriendorf Le Floride in Barcar\u00e8s (66) ein gro\u00dfes Abenteuer mit zahlreichen Freizeitangeboten f\u00fcr die ganze Familie. [&hellip;]<\/p>\n","protected":false},"author":1,"featured_media":0,"parent":0,"menu_order":0,"comment_status":"closed","ping_status":"closed","template":"","meta":[],"acf":[],"_links":{"self":[{"href":"https:\/\/floride.fr\/de\/wp-json\/wp\/v2\/pages\/2926"}],"collection":[{"href":"https:\/\/floride.fr\/de\/wp-json\/wp\/v2\/pages"}],"about":[{"href":"https:\/\/floride.fr\/de\/wp-json\/wp\/v2\/types\/page"}],"author":[{"embeddable":true,"href":"https:\/\/floride.fr\/de\/wp-json\/wp\/v2\/users\/1"}],"replies":[{"embeddable":true,"href":"https:\/\/floride.fr\/de\/wp-json\/wp\/v2\/comments?post=2926"}],"version-history":[{"count":6,"href":"https:\/\/floride.fr\/de\/wp-json\/wp\/v2\/pages\/2926\/revisions"}],"predecessor-version":[{"id":16384,"href":"https:\/\/floride.fr\/de\/wp-json\/wp\/v2\/pages\/2926\/revisions\/16384"}],"wp:attachment":[{"href":"https:\/\/floride.fr\/de\/wp-json\/wp\/v2\/media?parent=2926"}],"curies":[{"name":"wp","href":"https:\/\/api.w.org\/{rel}","templated":true}]}}