{"id":397,"date":"2022-03-11T15:09:24","date_gmt":"2022-03-11T14:09:24","guid":{"rendered":"https:\/\/floride.fr\/startseite\/"},"modified":"2026-03-17T11:55:58","modified_gmt":"2026-03-17T10:55:58","slug":"startseite","status":"publish","type":"page","link":"https:\/\/floride.fr\/de\/","title":{"rendered":"Startseite"},"content":{"rendered":"\n<figure class=\"wp-block-image alignfull size-full F-00-a\"><img loading=\"lazy\" width=\"1920\" height=\"1440\" src=\"https:\/\/floride.fr\/wp-content\/uploads\/2025\/11\/016_Camping_Occitanie_Le_Floride_et_l_Embouchure_Ciela_Village_Drone.webp\" alt=\"\" class=\"wp-image-15528\" srcset=\"https:\/\/floride.fr\/wp-content\/uploads\/2025\/11\/016_Camping_Occitanie_Le_Floride_et_l_Embouchure_Ciela_Village_Drone.webp 1920w, https:\/\/floride.fr\/wp-content\/uploads\/2025\/11\/016_Camping_Occitanie_Le_Floride_et_l_Embouchure_Ciela_Village_Drone-300x225.webp 300w, https:\/\/floride.fr\/wp-content\/uploads\/2025\/11\/016_Camping_Occitanie_Le_Floride_et_l_Embouchure_Ciela_Village_Drone-1024x768.webp 1024w, https:\/\/floride.fr\/wp-content\/uploads\/2025\/11\/016_Camping_Occitanie_Le_Floride_et_l_Embouchure_Ciela_Village_Drone-768x576.webp 768w, https:\/\/floride.fr\/wp-content\/uploads\/2025\/11\/016_Camping_Occitanie_Le_Floride_et_l_Embouchure_Ciela_Village_Drone-1536x1152.webp 1536w\" sizes=\"(max-width: 1920px) 100vw, 1920px\" \/><\/figure>\n\n<div class=\"wp-container-69d0f80a6cbfc wp-block-group barre_resa-container\"><div class=\"wp-block-group__inner-container\">\n<div class=\"wp-container-69d0f80a6c8fb wp-block-buttons\">\n<div class=\"wp-block-button btn_resa\"><a class=\"wp-block-button__link has-background\" style=\"border-radius:30px;background-color:#e4032e;padding-top:1rem;padding-right:1rem;padding-bottom:1rem;padding-left:1rem\"><i class=\"fal fa-arrow-right\"><\/i> Ich reserviere<\/a><\/div>\n<\/div>\n<\/div><\/div>\n\n<p class=\"has-text-align-center titre1 has-couleur-1-color has-text-color\" id=\"a-port-barcares-faites-le-choix-du-depaysement-haut-de-gamme-en-2022\"><strong>Entfliehen Sie dem Alltag und erleben Sie etwas ganz Neues in Barcar\u00e8s<br\/>zwischen dem Mittelmeer und den \u00f6stlichen Pyren\u00e4en.<\/strong><\/p>\n\n<h1 class=\"has-text-align-center has-couleur-1-color has-text-color\" id=\"a-port-barcares-faites-le-choix-du-depaysement-haut-de-gamme-en-2022\"><mark style=\"background-color:rgba(0, 0, 0, 0)\" class=\"has-inline-color has-couleur-4-color\">Willkommen auf dem 5-Sterne-Campingplatz Le Floride in Barcar\u00e8s<\/mark><\/h1>\n\n<section class=\"wp-container-69d0f80a6d0fe wp-block-group F-05-a\"><div class=\"wp-block-group__inner-container\">\n<div class=\"wp-block-columns are-vertically-aligned-center\">\n<div class=\"wp-block-column is-vertically-aligned-center\">\n<figure class=\"wp-block-gallery has-nested-images columns-2 is-cropped deco-fleur1\">\n<figure class=\"wp-block-image size-full\"><img loading=\"lazy\" width=\"1280\" height=\"959\" src=\"https:\/\/floride.fr\/wp-content\/uploads\/2025\/11\/043_Camping_Occitanie_Le_Floride_et_l_Embouchure_Ciela_Village_Drone.webp\" alt=\"\" class=\"wp-image-15640\" srcset=\"https:\/\/floride.fr\/wp-content\/uploads\/2025\/11\/043_Camping_Occitanie_Le_Floride_et_l_Embouchure_Ciela_Village_Drone.webp 1280w, https:\/\/floride.fr\/wp-content\/uploads\/2025\/11\/043_Camping_Occitanie_Le_Floride_et_l_Embouchure_Ciela_Village_Drone-300x225.webp 300w, https:\/\/floride.fr\/wp-content\/uploads\/2025\/11\/043_Camping_Occitanie_Le_Floride_et_l_Embouchure_Ciela_Village_Drone-1024x767.webp 1024w, https:\/\/floride.fr\/wp-content\/uploads\/2025\/11\/043_Camping_Occitanie_Le_Floride_et_l_Embouchure_Ciela_Village_Drone-768x575.webp 768w\" sizes=\"(max-width: 1280px) 100vw, 1280px\" \/><\/figure>\n\n\n\n<figure class=\"wp-block-image size-full is-style-default\"><img loading=\"lazy\" width=\"1280\" height=\"853\" src=\"https:\/\/floride.fr\/wp-content\/uploads\/2025\/11\/435_Camping_Occitanie_Le_Floride_et_l_Embouchure_Ciela_Village_Aire_de_Jeux.webp\" alt=\"\" class=\"wp-image-15645\" srcset=\"https:\/\/floride.fr\/wp-content\/uploads\/2025\/11\/435_Camping_Occitanie_Le_Floride_et_l_Embouchure_Ciela_Village_Aire_de_Jeux.webp 1280w, https:\/\/floride.fr\/wp-content\/uploads\/2025\/11\/435_Camping_Occitanie_Le_Floride_et_l_Embouchure_Ciela_Village_Aire_de_Jeux-300x200.webp 300w, https:\/\/floride.fr\/wp-content\/uploads\/2025\/11\/435_Camping_Occitanie_Le_Floride_et_l_Embouchure_Ciela_Village_Aire_de_Jeux-1024x682.webp 1024w, https:\/\/floride.fr\/wp-content\/uploads\/2025\/11\/435_Camping_Occitanie_Le_Floride_et_l_Embouchure_Ciela_Village_Aire_de_Jeux-768x512.webp 768w\" sizes=\"(max-width: 1280px) 100vw, 1280px\" \/><\/figure>\n<\/figure>\n\n\n\n<p class=\"encart--plage\"><a href=\"https:\/\/floride.fr\/de\/direkter-zugang-zum-strand\/\">Genie\u00dfen Sie den direkten Zugang zum Strand!<\/a><\/p>\n<\/div>\n\n\n\n<div class=\"wp-block-column is-vertically-aligned-center deco-feuille1\">\n<h2 class=\"titre2 has-couleur-2-color has-text-color\" id=\"a-port-barcares-vivez-un-depaysement-total-au-village-vacances-le-floride\">Erleben Sie in Port Barcar\u00e8s einen totalen Tapetenwechsel im Feriendorf Le Floride<\/h2>\n\n\n\n<p class=\"brush has-couleur-1-color has-text-color\">Ge\u00f6ffnet vom 3. April bis zum 27. September 2026 und vom 17. Oktober bis zum 1. November 2026.<\/p>\n\n\n\n<p>F\u00fchlen Sie sich anderswo, so nah an Ihrem Zuhause, und entdecken Sie das Urlaubsparadies am Mittelmeer, in einer nat\u00fcrlichen und zauberhaften Umgebung, nur einen Steinwurf vom katalanischen <strong>Dorf Le Barcar\u00e8s (66) entfernt.<\/strong> Das verspricht unser erstklassiger Campingplatz in den Pyr\u00e9n\u00e9es-Orientales direkt am Meer. <\/p>\n\n\n\n<p>Im Roussillon, ganz in der N\u00e4he von Perpignan, empf\u00e4ngt Sie der Campingplatz \u201eLe Floride\u201c in Barcar\u00e8s \u2013 eine Institution, die seit \u00fcber 60 Jahren die Besucher dieser sch\u00f6nen Region im S\u00fcden Frankreichs begeistert.<\/p>\n\n\n\n<p>Unser 5-Sterne-Hotel im Languedoc-Roussillon liegt direkt am Meer und bietet Ihnen ein H\u00f6chstma\u00df an Qualit\u00e4t und Komfort f\u00fcr einen Urlaub, in dem sich Luxus und Entspannung mit Unterhaltung und gemeinsamen Erlebnissen mit der Familie oder Freunden verbinden. <\/p>\n\n\n\n<p>Le Floride ist der ideale Urlaubsort f\u00fcr<a href=\"https:\/\/floride.fr\/location-vacances-pyrenees-orientales\/\" data-type=\"page\" data-id=\"12968\"> Ihre Ferienunterkunft in den Pyr\u00e9n\u00e9es-Orientales<\/a>. Es bildet ein echtes Ferien- und Wellnessdorf, das regelm\u00e4\u00dfig im Fernsehen auf C8, 6Ter, TMC und TF1 im Rahmen der ersten Staffel von \u201eCamping Family\u201c und seiner XXL-Shows vorgestellt wird.<\/p>\n<\/div>\n<\/div>\n<\/div><\/section>\n\n<section class=\"wp-container-69d0f80a6d820 wp-block-group F-10-a\"><div class=\"wp-block-group__inner-container\">\n<div class=\"wp-block-columns are-vertically-aligned-center\">\n<div class=\"wp-block-column is-vertically-aligned-center\">\n<h2 class=\"titre1 has-couleur-1-color has-text-color\" id=\"se-sentir-ailleurs-si-pres-de-chez-soi-et-decouvrez-le-paradis-des-vacances-au-bord-de-la-mediterranee-dans-un-cadre-naturel-et-enchanteur-a-quelques-encablures-du-village-catalan-du-barcares-66\">Mietunterk\u00fcnfte des Campingplatzes Le Floride<\/h2>\n\n\n\n<p>Der Campingplatz Le Floride in Port Barcar\u00e8s bietet Ihnen eine gro\u00dfe Auswahl an hochwertigen Unterk\u00fcnften: Mobilheime, die alle mit Fernseher und WLAN ausgestattet sind, einige davon behindertengerecht; aber auch ungew\u00f6hnliche Unterk\u00fcnfte, die Sie sonst nirgendwo finden: Luxus-Chalets, hawaiianische Far\u00e9s, Wildwest-Wohnwagen usw.<\/p>\n\n\n\n<div class=\"wp-container-69d0f80a6d46d wp-block-buttons\">\n<div class=\"wp-block-button btn_resa\"><a class=\"wp-block-button__link has-couleur-2-background-color has-background\"><i class=\"fal fa-search\"><\/i> Buchen<\/a><\/div>\n<\/div>\n<\/div>\n\n\n\n<div class=\"wp-block-column is-vertically-aligned-center\">\n<figure class=\"wp-block-gallery has-nested-images columns-3 is-cropped deco-planche deco-rectangle1\">\n<figure class=\"wp-block-image size-full\"><img loading=\"lazy\" width=\"1280\" height=\"853\" src=\"https:\/\/floride.fr\/wp-content\/uploads\/2025\/11\/221_Camping_Occitanie_Le_Floride_et_l_Embouchure_Ciela_Village_Quartiers.webp\" alt=\"\" class=\"wp-image-15650\" srcset=\"https:\/\/floride.fr\/wp-content\/uploads\/2025\/11\/221_Camping_Occitanie_Le_Floride_et_l_Embouchure_Ciela_Village_Quartiers.webp 1280w, https:\/\/floride.fr\/wp-content\/uploads\/2025\/11\/221_Camping_Occitanie_Le_Floride_et_l_Embouchure_Ciela_Village_Quartiers-300x200.webp 300w, https:\/\/floride.fr\/wp-content\/uploads\/2025\/11\/221_Camping_Occitanie_Le_Floride_et_l_Embouchure_Ciela_Village_Quartiers-1024x682.webp 1024w, https:\/\/floride.fr\/wp-content\/uploads\/2025\/11\/221_Camping_Occitanie_Le_Floride_et_l_Embouchure_Ciela_Village_Quartiers-768x512.webp 768w\" sizes=\"(max-width: 1280px) 100vw, 1280px\" \/><\/figure>\n\n\n\n<figure class=\"wp-block-image size-full\"><img loading=\"lazy\" width=\"1280\" height=\"853\" src=\"https:\/\/floride.fr\/wp-content\/uploads\/2025\/11\/240_Camping_Occitanie_Le_Floride_et_l_Embouchure_Ciela_Village_Hebergement.webp\" alt=\"\" class=\"wp-image-15655\" srcset=\"https:\/\/floride.fr\/wp-content\/uploads\/2025\/11\/240_Camping_Occitanie_Le_Floride_et_l_Embouchure_Ciela_Village_Hebergement.webp 1280w, https:\/\/floride.fr\/wp-content\/uploads\/2025\/11\/240_Camping_Occitanie_Le_Floride_et_l_Embouchure_Ciela_Village_Hebergement-300x200.webp 300w, https:\/\/floride.fr\/wp-content\/uploads\/2025\/11\/240_Camping_Occitanie_Le_Floride_et_l_Embouchure_Ciela_Village_Hebergement-1024x682.webp 1024w, https:\/\/floride.fr\/wp-content\/uploads\/2025\/11\/240_Camping_Occitanie_Le_Floride_et_l_Embouchure_Ciela_Village_Hebergement-768x512.webp 768w\" sizes=\"(max-width: 1280px) 100vw, 1280px\" \/><\/figure>\n<\/figure>\n<\/div>\n<\/div>\n<\/div><\/section>\n\n<section class=\"wp-container-69d0f80a6e241 wp-block-group F-15-a vague-top vague-bottom ligne1-top has-bg-1-background-color has-background\"><div class=\"wp-block-group__inner-container\">\n<h2 class=\"titre1 has-couleur-1-color has-text-color\" id=\"vos-vacances-commencent-maintenant\">Ihr Urlaub beginnt jetzt!<\/h2>\n\n\n\n<div class=\"wp-block-media-text is-stacked-on-mobile is-image-fill\"><figure class=\"wp-block-media-text__media\" style=\"background-image:url(https:\/\/floride.fr\/wp-content\/uploads\/2025\/11\/139_Camping_Occitanie_Le_Floride_et_l_Embouchure_Ciela_Village_Parc_Aquatique-683x1024.webp);background-position:0% 50%\"><img loading=\"lazy\" width=\"683\" height=\"1024\" src=\"https:\/\/floride.fr\/wp-content\/uploads\/2025\/11\/139_Camping_Occitanie_Le_Floride_et_l_Embouchure_Ciela_Village_Parc_Aquatique-683x1024.webp\" alt=\"\" class=\"wp-image-15660 size-full\" srcset=\"https:\/\/floride.fr\/wp-content\/uploads\/2025\/11\/139_Camping_Occitanie_Le_Floride_et_l_Embouchure_Ciela_Village_Parc_Aquatique-683x1024.webp 683w, https:\/\/floride.fr\/wp-content\/uploads\/2025\/11\/139_Camping_Occitanie_Le_Floride_et_l_Embouchure_Ciela_Village_Parc_Aquatique-200x300.webp 200w, https:\/\/floride.fr\/wp-content\/uploads\/2025\/11\/139_Camping_Occitanie_Le_Floride_et_l_Embouchure_Ciela_Village_Parc_Aquatique-768x1152.webp 768w, https:\/\/floride.fr\/wp-content\/uploads\/2025\/11\/139_Camping_Occitanie_Le_Floride_et_l_Embouchure_Ciela_Village_Parc_Aquatique-1024x1536.webp 1024w, https:\/\/floride.fr\/wp-content\/uploads\/2025\/11\/139_Camping_Occitanie_Le_Floride_et_l_Embouchure_Ciela_Village_Parc_Aquatique.webp 1280w\" sizes=\"(max-width: 683px) 100vw, 683px\" \/><\/figure><div class=\"wp-block-media-text__content\">\n<div class=\"wp-block-media-text is-stacked-on-mobile is-image-fill deco-coco\"><figure class=\"wp-block-media-text__media\" style=\"background-image:url(https:\/\/floride.fr\/wp-content\/uploads\/2025\/11\/080_Camping_Occitanie_Le_Floride_et_l_Embouchure_Ciela_Village_Parc_Aquatique-683x1024.webp);background-position:50% 50%\"><img loading=\"lazy\" width=\"683\" height=\"1024\" src=\"https:\/\/floride.fr\/wp-content\/uploads\/2025\/11\/080_Camping_Occitanie_Le_Floride_et_l_Embouchure_Ciela_Village_Parc_Aquatique-683x1024.webp\" alt=\"\" class=\"wp-image-15665 size-full\" srcset=\"https:\/\/floride.fr\/wp-content\/uploads\/2025\/11\/080_Camping_Occitanie_Le_Floride_et_l_Embouchure_Ciela_Village_Parc_Aquatique-683x1024.webp 683w, https:\/\/floride.fr\/wp-content\/uploads\/2025\/11\/080_Camping_Occitanie_Le_Floride_et_l_Embouchure_Ciela_Village_Parc_Aquatique-200x300.webp 200w, https:\/\/floride.fr\/wp-content\/uploads\/2025\/11\/080_Camping_Occitanie_Le_Floride_et_l_Embouchure_Ciela_Village_Parc_Aquatique-768x1152.webp 768w, https:\/\/floride.fr\/wp-content\/uploads\/2025\/11\/080_Camping_Occitanie_Le_Floride_et_l_Embouchure_Ciela_Village_Parc_Aquatique-1024x1536.webp 1024w, https:\/\/floride.fr\/wp-content\/uploads\/2025\/11\/080_Camping_Occitanie_Le_Floride_et_l_Embouchure_Ciela_Village_Parc_Aquatique.webp 1280w\" sizes=\"(max-width: 683px) 100vw, 683px\" \/><\/figure><div class=\"wp-block-media-text__content\">\n<blockquote class=\"wp-block-quote\"><p>\u201eKaum zur\u00fcck, f\u00fchren mich meine Gedanken schon wieder an diesen magischen Ort zur\u00fcck! Man f\u00fchlt sich dort so wohl, dass es schwerf\u00e4llt, wieder abzureisen&#8230; Was uns tr\u00f6stet, ist das Wissen, dass wir wiederkommen werden, um erneut au\u00dfergew\u00f6hnliche Momente zu erleben: mit Freunden, in der Sonne, in einer tollen Atmosph\u00e4re, ohne Stress und mit herzlicher Gastfreundschaft&#8230;\u201c<\/p><cite>Henry, kam im August<\/cite><\/blockquote>\n<\/div><\/div>\n\n\n\n<h3 id=\"profitez-d-un-immense-parc-aquatique-pres-de-perpignan\">Luxus-Campingplatz in den \u00f6stlichen Pyren\u00e4en mit direktem Zugang zum Strand von Barcar\u00e8s<\/h3>\n\n\n\n<p>Der Espace de l&#8217;Embouchure macht Naturliebhaber und Wohnmobilisten gl\u00fccklich. Hier befindet sich der direkte Zugang zum Strand von <a href=\"https:\/\/floride.fr\/de\/direkter-zugang-zum-strand\/\">Barcar\u00e8s <\/a>(66), eine gesicherte T\u00fcr, die Ihnen den Weg zum Mittelmeer \u00f6ffnet. 100 Meter zu Fu\u00df und schon sind Sie mit den F\u00fc\u00dfen im Wasser!<\/p>\n\n\n\n<p>Genie\u00dfen Sie alle <a href=\"https:\/\/floride.fr\/de\/service-verpflegung\/\">luxuri\u00f6sen Annehmlichkeiten<\/a>, die der gr\u00f6\u00dfte Campingplatz von Port Barcar\u00e8s zu bieten hat: das Kahuna Spa (Hammam, Massagen, Sch\u00f6nheitsbehandlungen), das Kahuna Coiff\u2019 (Friseursalon), das Bar-Restaurant, den Supermarkt, den Spielraum usw. und nutzen Sie den direkten Zugang zum Strand von Barcar\u00e8s auf unserem Campingplatz in den Pyr\u00e9n\u00e9es-Orientales direkt am Meer sowie unseren Fitnessraum.<\/p>\n\n\n\n<h3 id=\"profitez-d-un-immense-parc-aquatique-pres-de-perpignan\">Genie\u00dfen Sie einen riesigen Wasserpark in der N\u00e4he von Perpignan<\/h3>\n\n\n\n<p>Und vor allem der symboltr\u00e4chtige Bereich, f\u00fcr den der Campingplatz Le Floride in Roussillon und in S\u00fcdfrankreich bekannt ist: der 4.700 m\u00b2 gro\u00dfe Wasserpark mit beheizten Schwimmbecken, Hallenbad, Whirlpools, Planschbecken, gro\u00dfen Rutschen, Pentagliss und Str\u00f6mungskanal! Die ganze Familie kann diesen Kultort auf unserem <strong>Campingplatz in Languedoc-Roussillon mit Wasserpark in Perpignan genie\u00dfen.<\/strong> <\/p>\n\n\n\n<div class=\"wp-container-69d0f80a6dc3b wp-block-buttons\">\n<div class=\"wp-block-button btn_resa\"><a class=\"wp-block-button__link has-couleur-2-background-color has-background\" href=\"https:\/\/floride.fr\/de\/wasserpark\/\"><i class=\"fal fa-search\"><\/i> Wasserpark ansehen<\/a><\/div>\n<\/div>\n\n\n\n<h3 id=\"au-barcares-optez-pour-le-confort-de-nos-mobil-homes-prestigieux\">Entscheiden Sie sich in Barcar\u00e8s f\u00fcr den Komfort unserer prestigetr\u00e4chtigen Mobilheime<\/h3>\n\n\n\n<p>Der Campingplatz bietet Ihnen eine gro\u00dfe Auswahl an hochwertigen Unterk\u00fcnften, darunter unsere Mobilheime in Barcar\u00e8s, die alle mit TV und WLAN ausgestattet sind und von denen einige barrierefrei sind; aber auch einzigartige Unterk\u00fcnfte direkt am Mittelmeer, die Sie sonst nirgendwo finden: Luxus-Chalets, hawaiianische Far\u00e9s, Western-Wohnwagen, Mobilheime \u201eException Spa\u201c\u2026<br\/>Und nat\u00fcrlich eine Auswahl an Stellpl\u00e4tzen direkt am Meer f\u00fcr Ihren Urlaub im Zelt, Wohnwagen oder Wohnmobil.<\/p>\n\n\n\n<div class=\"wp-container-69d0f80a6df8c wp-block-buttons\">\n<div class=\"wp-block-button btn_resa is-style-fill\"><a class=\"wp-block-button__link has-couleur-2-background-color has-background\" href=\"https:\/\/floride.fr\/de\/vermietungen\/\"><i class=\"fal fa-search\"><\/i> Unterk\u00fcnfte ansehen<\/a><\/div>\n<\/div>\n<\/div><\/div>\n<\/div><\/section>\n\n<section class=\"wp-container-69d0f80a6e9b1 wp-block-group F-20-a\"><div class=\"wp-block-group__inner-container\">\n<h2 id=\"camping-5-etoiles-en-languedoc-roussillon-aux-prestations-luxueuses\">5-Sterne-Campingplatz Languedoc Roussillon mit luxuri\u00f6sen Leistungen<\/h2>\n\n\n\n<p>F\u00fcr einen luxuri\u00f6sen Urlaub am Meer im <a href=\"https:\/\/floride.fr\/de\/umgebung\/\">Languedoc-Roussillon <\/a>ist der 5-Sterne-Campingplatz Floride in den Pyr\u00e9n\u00e9es-Orientales der ideale Ort! Entspannen Sie sich am Mittelmeer mit <strong>unserem direkten Zugang zum Strand von Barcar\u00e8s<\/strong> und <strong>unserem Thalassotherapie-Wellnesszentrum<\/strong>. Die erfahrenen H\u00e4nde unserer professionellen Masseurinnen und Friseurinnen sorgen f\u00fcr Ihr Wohlbefinden und Ihren Komfort direkt auf dem Campingplatz in der N\u00e4he von <strong>Perpignan<\/strong>. Unser Animateur kann zus\u00e4tzlich Gro\u00df und Klein Muskelaufbau\u00fcbungen in unserer Outdoor-Anlage anbieten, damit Sie wieder zu Ihren Emotionen finden und Spannungen abbauen k\u00f6nnen. Unser gesamtes Team ist bem\u00fcht, Ihnen Unterhaltung und einzigartige Aktivit\u00e4ten in diesem echten Feriendorf in Barcar\u00e8s zu bieten. Lust auf einen kleinen Hunger? In unseren verschiedenen Restaurants erwarten Sie k\u00f6stliche mediterrane Gerichte mit typischen Einfl\u00fcssen aus dem Languedoc-Roussillon. Darunter finden Sie Meeresfr\u00fcchte, Spezialit\u00e4ten aus den Pyren\u00e4en oder Snacks vor Ort oder zum Mitnehmen. Finden Sie alles, was Sie brauchen, und noch viel mehr auf unserem Campingplatz in Barcar\u00e8s (66), der voller \u00dcberraschungen steckt!        <\/p>\n\n\n\n<div style=\"height:100px\" aria-hidden=\"true\" class=\"wp-block-spacer\"><\/div>\n\n\n\n<div class=\"wp-block-columns are-vertically-aligned-center\">\n<div class=\"wp-block-column is-vertically-aligned-center\">\n<figure class=\"wp-block-gallery has-nested-images columns-2 is-cropped deco-fleur2 deco-rectangle2\">\n<figure class=\"wp-block-image size-full\"><img loading=\"lazy\" width=\"1280\" height=\"853\" src=\"https:\/\/floride.fr\/wp-content\/uploads\/2025\/11\/325_Camping_Occitanie_Le_Floride_et_l_Embouchure_Ciela_Village_Espace_Bien_Etre_Kahuna_Spa.webp\" alt=\"\" class=\"wp-image-15670\" srcset=\"https:\/\/floride.fr\/wp-content\/uploads\/2025\/11\/325_Camping_Occitanie_Le_Floride_et_l_Embouchure_Ciela_Village_Espace_Bien_Etre_Kahuna_Spa.webp 1280w, https:\/\/floride.fr\/wp-content\/uploads\/2025\/11\/325_Camping_Occitanie_Le_Floride_et_l_Embouchure_Ciela_Village_Espace_Bien_Etre_Kahuna_Spa-300x200.webp 300w, https:\/\/floride.fr\/wp-content\/uploads\/2025\/11\/325_Camping_Occitanie_Le_Floride_et_l_Embouchure_Ciela_Village_Espace_Bien_Etre_Kahuna_Spa-1024x682.webp 1024w, https:\/\/floride.fr\/wp-content\/uploads\/2025\/11\/325_Camping_Occitanie_Le_Floride_et_l_Embouchure_Ciela_Village_Espace_Bien_Etre_Kahuna_Spa-768x512.webp 768w\" sizes=\"(max-width: 1280px) 100vw, 1280px\" \/><\/figure>\n\n\n\n<figure class=\"wp-block-image size-full\"><img loading=\"lazy\" width=\"1280\" height=\"853\" src=\"https:\/\/floride.fr\/wp-content\/uploads\/2025\/11\/320_Camping_Occitanie_Le_Floride_et_l_Embouchure_Ciela_Village_Espace_Bien_Etre_Kahuna_Spa.webp\" alt=\"\" class=\"wp-image-15675\" srcset=\"https:\/\/floride.fr\/wp-content\/uploads\/2025\/11\/320_Camping_Occitanie_Le_Floride_et_l_Embouchure_Ciela_Village_Espace_Bien_Etre_Kahuna_Spa.webp 1280w, https:\/\/floride.fr\/wp-content\/uploads\/2025\/11\/320_Camping_Occitanie_Le_Floride_et_l_Embouchure_Ciela_Village_Espace_Bien_Etre_Kahuna_Spa-300x200.webp 300w, https:\/\/floride.fr\/wp-content\/uploads\/2025\/11\/320_Camping_Occitanie_Le_Floride_et_l_Embouchure_Ciela_Village_Espace_Bien_Etre_Kahuna_Spa-1024x682.webp 1024w, https:\/\/floride.fr\/wp-content\/uploads\/2025\/11\/320_Camping_Occitanie_Le_Floride_et_l_Embouchure_Ciela_Village_Espace_Bien_Etre_Kahuna_Spa-768x512.webp 768w\" sizes=\"(max-width: 1280px) 100vw, 1280px\" \/><\/figure>\n<\/figure>\n\n\n\n<div class=\"wp-container-69d0f80a6e66c wp-block-buttons galerie\">\n<div class=\"wp-block-button\"><a class=\"wp-block-button__link\" href=\"https:\/\/floride.fr\/de\/fotogalerie\/\"><i class=\"fal fa-images\"><\/i> Mediengalerie ansehen<\/a><\/div>\n<\/div>\n<\/div>\n\n\n\n<div class=\"wp-block-column is-vertically-aligned-center\">\n<h3 class=\"titre1 has-couleur-2-color has-text-color\" id=\"se-sentir-ailleurs-si-pres-de-chez-soi-et-decouvrez-le-paradis-des-vacances-au-bord-de-la-mediterranee-dans-un-cadre-naturel-et-enchanteur-a-quelques-encablures-du-village-catalan-du-barcares-66\">Wellness-Dienstleistungen :<\/h3>\n\n\n\n<p class=\"brush has-couleur-1-color has-text-color\">SPA, Massage, Sch\u00f6nheit<\/p>\n\n\n\n<p>Ge\u00f6ffnet vom 3. April bis zum 27. September 2026 und vom 17. Oktober bis zum 1. November 2026 hei\u00dft Sie das Camping-Dorf &amp; Spa hei\u00dft Sie und Ihre Lieben herzlich willkommen, sei es f\u00fcr ein g\u00fcnstiges Wochenende in der N\u00e4he von Perpignan, Oster- oder Herbstferien mit der Familie am Meer oder einen abwechslungsreichen und unvergesslichen Aufenthalt in den Pyr\u00e9n\u00e9es-Orientales\u2026 Lassen Sie sich vom Team des Floride verw\u00f6hnen und umsorgen. Hammam, Sauna und Beautybereich erwarten Sie in unserem <a href=\"https:\/\/floride.fr\/de\/wohlbefinden\/\">Wellnessbereich <\/a>im Herzen des Languedoc-Roussillon.<\/p>\n<\/div>\n<\/div>\n<\/div><\/section>\n\n<section class=\"wp-container-69d0f80a6f4d1 wp-block-group F-25-a vague-top ligne2-top deco-ananas has-couleur-1-background-color has-background\"><div class=\"wp-block-group__inner-container\">\n<h3 class=\"titre1 has-blanc-color has-text-color\" id=\"bar-snack-restaurants\">Bar, Snacks &amp; Restaurants<\/h3>\n\n\n\n<figure class=\"wp-block-gallery has-nested-images columns-default is-cropped\">\n<figure class=\"wp-block-image size-full\"><img loading=\"lazy\" width=\"1280\" height=\"853\" src=\"https:\/\/floride.fr\/wp-content\/uploads\/2025\/11\/193_Camping_Occitanie_Le_Floride_et_l_Embouchure_Ciela_Village_Tiki_Restaurant.webp\" alt=\"\" class=\"wp-image-15685\" srcset=\"https:\/\/floride.fr\/wp-content\/uploads\/2025\/11\/193_Camping_Occitanie_Le_Floride_et_l_Embouchure_Ciela_Village_Tiki_Restaurant.webp 1280w, https:\/\/floride.fr\/wp-content\/uploads\/2025\/11\/193_Camping_Occitanie_Le_Floride_et_l_Embouchure_Ciela_Village_Tiki_Restaurant-300x200.webp 300w, https:\/\/floride.fr\/wp-content\/uploads\/2025\/11\/193_Camping_Occitanie_Le_Floride_et_l_Embouchure_Ciela_Village_Tiki_Restaurant-1024x682.webp 1024w, https:\/\/floride.fr\/wp-content\/uploads\/2025\/11\/193_Camping_Occitanie_Le_Floride_et_l_Embouchure_Ciela_Village_Tiki_Restaurant-768x512.webp 768w\" sizes=\"(max-width: 1280px) 100vw, 1280px\" \/><figcaption>Das Tiki Restaurant<\/figcaption><\/figure>\n\n\n\n<figure class=\"wp-block-image size-large\"><img loading=\"lazy\" width=\"1024\" height=\"683\" src=\"https:\/\/floride.fr\/wp-content\/uploads\/2022\/05\/pexels-engin-akyurt-3219547-1024x683.jpg\" alt=\"\" class=\"wp-image-3792\" srcset=\"https:\/\/floride.fr\/wp-content\/uploads\/2022\/05\/pexels-engin-akyurt-3219547-1024x683.jpg 1024w, https:\/\/floride.fr\/wp-content\/uploads\/2022\/05\/pexels-engin-akyurt-3219547-300x200.jpg 300w, https:\/\/floride.fr\/wp-content\/uploads\/2022\/05\/pexels-engin-akyurt-3219547-768x512.jpg 768w, https:\/\/floride.fr\/wp-content\/uploads\/2022\/05\/pexels-engin-akyurt-3219547-1536x1024.jpg 1536w, https:\/\/floride.fr\/wp-content\/uploads\/2022\/05\/pexels-engin-akyurt-3219547-2048x1365.jpg 2048w\" sizes=\"(max-width: 1024px) 100vw, 1024px\" \/><figcaption>Gerichte zum Mitnehmen<\/figcaption><\/figure>\n\n\n\n<figure class=\"wp-block-image size-full\"><img loading=\"lazy\" width=\"1280\" height=\"853\" src=\"https:\/\/floride.fr\/wp-content\/uploads\/2025\/11\/171_Camping_Occitanie_Le_Floride_et_l_Embouchure_Ciela_Village_Food_Truck_Starlite_Dinner.webp\" alt=\"\" class=\"wp-image-15680\" srcset=\"https:\/\/floride.fr\/wp-content\/uploads\/2025\/11\/171_Camping_Occitanie_Le_Floride_et_l_Embouchure_Ciela_Village_Food_Truck_Starlite_Dinner.webp 1280w, https:\/\/floride.fr\/wp-content\/uploads\/2025\/11\/171_Camping_Occitanie_Le_Floride_et_l_Embouchure_Ciela_Village_Food_Truck_Starlite_Dinner-300x200.webp 300w, https:\/\/floride.fr\/wp-content\/uploads\/2025\/11\/171_Camping_Occitanie_Le_Floride_et_l_Embouchure_Ciela_Village_Food_Truck_Starlite_Dinner-1024x682.webp 1024w, https:\/\/floride.fr\/wp-content\/uploads\/2025\/11\/171_Camping_Occitanie_Le_Floride_et_l_Embouchure_Ciela_Village_Food_Truck_Starlite_Dinner-768x512.webp 768w\" sizes=\"(max-width: 1280px) 100vw, 1280px\" \/><figcaption>Le camion-restaurant Starlite Diner<\/figcaption><\/figure>\n<\/figure>\n\n\n\n<div class=\"wp-container-69d0f80a6ed74 wp-block-buttons\">\n<div class=\"wp-block-button is-style-outline\"><a class=\"wp-block-button__link has-blanc-color has-text-color\" href=\"https:\/\/floride.fr\/de\/service-verpflegung\/\">Mehr erfahren<\/a><\/div>\n<\/div>\n<\/div><\/section>\n","protected":false},"excerpt":{"rendered":"<p>Entfliehen Sie dem Alltag und erleben Sie etwas ganz Neues in Barcar\u00e8szwischen dem Mittelmeer und den \u00f6stlichen Pyren\u00e4en. Willkommen auf dem 5-Sterne-Campingplatz Le Floride in Barcar\u00e8s Genie\u00dfen Sie den direkten Zugang zum Strand! Erleben Sie in Port Barcar\u00e8s einen totalen Tapetenwechsel im Feriendorf Le Floride Ge\u00f6ffnet vom 3. April bis zum 27. September 2026 und [&hellip;]<\/p>\n","protected":false},"author":1,"featured_media":0,"parent":0,"menu_order":0,"comment_status":"closed","ping_status":"closed","template":"","meta":[],"acf":[],"_links":{"self":[{"href":"https:\/\/floride.fr\/de\/wp-json\/wp\/v2\/pages\/397"}],"collection":[{"href":"https:\/\/floride.fr\/de\/wp-json\/wp\/v2\/pages"}],"about":[{"href":"https:\/\/floride.fr\/de\/wp-json\/wp\/v2\/types\/page"}],"author":[{"embeddable":true,"href":"https:\/\/floride.fr\/de\/wp-json\/wp\/v2\/users\/1"}],"replies":[{"embeddable":true,"href":"https:\/\/floride.fr\/de\/wp-json\/wp\/v2\/comments?post=397"}],"version-history":[{"count":6,"href":"https:\/\/floride.fr\/de\/wp-json\/wp\/v2\/pages\/397\/revisions"}],"predecessor-version":[{"id":16284,"href":"https:\/\/floride.fr\/de\/wp-json\/wp\/v2\/pages\/397\/revisions\/16284"}],"wp:attachment":[{"href":"https:\/\/floride.fr\/de\/wp-json\/wp\/v2\/media?parent=397"}],"curies":[{"name":"wp","href":"https:\/\/api.w.org\/{rel}","templated":true}]}}