{"id":8396,"date":"2023-02-14T09:39:38","date_gmt":"2023-02-14T08:39:38","guid":{"rendered":"https:\/\/floride.fr\/?page_id=8396"},"modified":"2026-03-17T13:47:17","modified_gmt":"2026-03-17T12:47:17","slug":"argeles-sur-mer","status":"publish","type":"page","link":"https:\/\/floride.fr\/de\/argeles-sur-mer\/","title":{"rendered":"Argel\u00e8s sur Mer"},"content":{"rendered":"\n<figure class=\"wp-block-image alignfull size-full F-00-b\"><img loading=\"lazy\" width=\"1920\" height=\"1280\" src=\"https:\/\/floride.fr\/wp-content\/uploads\/2022\/11\/Plage-du-Racou-Argeles-sur-Mer-1920-x-1280.jpg\" alt=\"Camping Le Floride Le Barcar&#xE8;s (66) : Plage Du Racou Argeles Sur Mer 1920 X 1280\" class=\"wp-image-7281\" srcset=\"https:\/\/floride.fr\/wp-content\/uploads\/2022\/11\/Plage-du-Racou-Argeles-sur-Mer-1920-x-1280.jpg 1920w, https:\/\/floride.fr\/wp-content\/uploads\/2022\/11\/Plage-du-Racou-Argeles-sur-Mer-1920-x-1280-300x200.jpg 300w, https:\/\/floride.fr\/wp-content\/uploads\/2022\/11\/Plage-du-Racou-Argeles-sur-Mer-1920-x-1280-1024x683.jpg 1024w, https:\/\/floride.fr\/wp-content\/uploads\/2022\/11\/Plage-du-Racou-Argeles-sur-Mer-1920-x-1280-768x512.jpg 768w, https:\/\/floride.fr\/wp-content\/uploads\/2022\/11\/Plage-du-Racou-Argeles-sur-Mer-1920-x-1280-1536x1024.jpg 1536w\" sizes=\"(max-width: 1920px) 100vw, 1920px\" \/><\/figure>\n\n<div class=\"wp-container-69d100525c0e7 wp-block-group F-05-a\"><div class=\"wp-block-group__inner-container\">\n<h1 class=\"has-couleur-1-color has-text-color\" id=\"le-camping-le-floride-vous-fait-decouvrir-argeles-sur-mer\">Le camping Le Floride vous fait d\u00e9couvrir Argel\u00e8s-sur-Mer<\/h1>\n\n\n\n<p>Eine katalanische Stadt, eingebettet zwischen Meer und Bergen, die seit vielen Jahren alle Touristen begeistert, die sie besucht haben. Warum also nicht auch Sie? Bei einem Aufenthalt auf unserem 5-Sterne-Campingplatz Le Floride haben Sie das gro\u00dfe Privileg, <a href=\"https:\/\/floride.fr\/de\/umgebung\/\">die Pyr\u00e9n\u00e9es-Orientales<\/a> und all die Sch\u00f6nheit dieses Departements zu entdecken\u2026<\/p>\n\n\n\n<div style=\"height:50px\" aria-hidden=\"true\" class=\"wp-block-spacer\"><\/div>\n\n\n\n<div class=\"wp-block-columns\">\n<div class=\"wp-block-column\">\n<figure class=\"wp-block-gallery has-nested-images columns-default is-cropped\">\n<figure class=\"wp-block-image size-full\"><img loading=\"lazy\" width=\"640\" height=\"427\" src=\"https:\/\/floride.fr\/wp-content\/uploads\/2022\/11\/Plage-du-Racou-Argeles-sur-mer-640-x-420.jpg\" alt=\"Camping Le Floride Le Barcar&#xE8;s (66) : Plage Du Racou Argeles Sur Mer 640 X 420\" class=\"wp-image-7276\" srcset=\"https:\/\/floride.fr\/wp-content\/uploads\/2022\/11\/Plage-du-Racou-Argeles-sur-mer-640-x-420.jpg 640w, https:\/\/floride.fr\/wp-content\/uploads\/2022\/11\/Plage-du-Racou-Argeles-sur-mer-640-x-420-300x200.jpg 300w\" sizes=\"(max-width: 640px) 100vw, 640px\" \/><\/figure>\n\n\n\n<figure class=\"wp-block-image size-full\"><img loading=\"lazy\" width=\"640\" height=\"427\" src=\"https:\/\/floride.fr\/wp-content\/uploads\/2022\/11\/Rues-ville-Argeles-sur-Mer.jpg\" alt=\"Camping Le Floride Le Barcar&#xE8;s (66) : Rues Ville Argeles Sur Mer\" class=\"wp-image-7286\" srcset=\"https:\/\/floride.fr\/wp-content\/uploads\/2022\/11\/Rues-ville-Argeles-sur-Mer.jpg 640w, https:\/\/floride.fr\/wp-content\/uploads\/2022\/11\/Rues-ville-Argeles-sur-Mer-300x200.jpg 300w\" sizes=\"(max-width: 640px) 100vw, 640px\" \/><\/figure>\n<\/figure>\n<\/div>\n\n\n\n<div class=\"wp-block-column\">\n<h2 class=\"has-couleur-4-color has-text-color\" id=\"collioure-cite-des-peintres-les-sites-incontournables-a-visiter-2\">Argel\u00e8s: Stadt auf dem H\u00fcgel zwischen Meer und Bergen<\/h2>\n\n\n\n<p>Argel\u00e8s-sur-Mer, das zu den <a href=\"https:\/\/floride.fr\/plus-beaux-endroits-pyrenees-orientales\/\">sch\u00f6nsten Orten der Pyr\u00e9n\u00e9es-Orientales<\/a> z\u00e4hlt, bietet seinen Besuchern sowohl Wassersport- als auch Landaktivit\u00e4ten. Und genau das ist der Reichtum dieser Stadt, die sich \u00fcber mehrere Kilometer erstreckt. Ein wahrer Spielplatz f\u00fcr Bergliebhaber, die sch\u00f6ne Wanderungen auf den <strong>majest\u00e4tischen Canigou unternehmen k\u00f6nnen.<\/strong> Oder f\u00fcr Wassersportfans, die im Mittelmeer tauchen oder auf ein Stand-up-Paddle steigen k\u00f6nnen, um den Tech zu erkunden. Es ist wichtig zu wissen, dass die Stadt als einzige in Frankreich zwei Naturschutzgebiete besitzt, die Sie mit dem <strong>Paddle<\/strong> durchqueren k\u00f6nnen. Eine magische Aktivit\u00e4t, die Sie mit Ihrer Familie oder Ihren Freunden durchf\u00fchren k\u00f6nnen.<\/p>\n\n\n\n<p>Sie k\u00f6nnen auch das <strong>Dorf Argel\u00e8s<\/strong> mit seinen wundersch\u00f6nen Gassen, dem Markt und dem Kunsthandwerk besuchen. Das historische Herz der Stadt, das Ihnen viel zu bieten hat. Die Abenteurer unter Ihnen k\u00f6nnen nicht abreisen, ohne die Wanderung zum <strong>Tour de la Massane<\/strong> gemacht zu haben, einem historischen Element der Stadt, das Sie von jedem Standort aus beobachten k\u00f6nnen. Wandern <strong>Sie auf dem K\u00fcstenpfad<\/strong>, machen Sie einen Bootsnachmittag auf dem Meer, spazieren Sie entlang der Hafenpromenade oder verbringen Sie den Tag am Strand von <strong>Racou<\/strong>&#8230; Argel\u00e8s-sur-Mer bietet eine Vielzahl von Aktivit\u00e4ten f\u00fcr Gro\u00df und Klein.<\/p>\n<\/div>\n<\/div>\n\n\n\n<div style=\"height:50px\" aria-hidden=\"true\" class=\"wp-block-spacer\"><\/div>\n\n\n\n<h2 id=\"profitez-de-ce-somptueux-paysage-en-sejournant-au-camping\">Genie\u00dfen Sie diese pr\u00e4chtige Landschaft bei einem Aufenthalt auf dem Campingplatz<\/h2>\n\n\n\n<p>Argel\u00e8s-sur-Mer bietet Ihnen eine Vielzahl von Aktivit\u00e4ten f\u00fcr Gro\u00df und Klein. Nach Ihren sehr intensiven Tagen zwischen Meer und Bergen kann der Wunsch, sich auf einem <strong>5-Sterne-Campingplatz im Herzen der Pyr\u00e9n\u00e9es-Orientales<\/strong> zu entspannen, ein echter Pluspunkt sein! Zu diesem Zweck hei\u00dft Sie das \u201eLe Floride\u201c in seinem Feriendorf in Argel\u00e8s herzlich willkommen. Ein totaler Tapetenwechsel, der es Ihnen erm\u00f6glicht, sowohl innerhalb als auch au\u00dferhalb des Feriendorfes zu genie\u00dfen. Unser <a href=\"https:\/\/floride.fr\/de\/direkter-zugang-zum-strand\/\">Campingplatz in der N\u00e4he von Argeles<\/a> direkt am Meer bietet Ihnen den Komfort und die Qualit\u00e4t, die Sie so weit weg von zu Hause suchen. Ob Sie nun mit Freunden oder\/und der Familie einen Urlaub machen m\u00f6chten, wir bieten Ihnen Entspannung <strong>und Luxus f\u00fcr einen perfekten Strandurlaub.<\/strong><\/p>\n\n\n\n<p>So k\u00f6nnen Sie Le Racou und seinen Strand entdecken, die zu den Lieblingspl\u00e4tzen vieler Urlauber geh\u00f6ren. Den Sonnenuntergang bewundern, mit der Familie oder Freunden ein Picknick am Strand genie\u00dfen, im Wasser planschen, die Wanderwege rund um die Stadt erkunden oder durch die Stra\u00dfen schlendern \u2013 in Argel\u00e8s-sur-Mer gibt es so viel zu erleben. Das Feriendorf wird Sie in eine Welt entf\u00fchren, in der die Natur K\u00f6nigin ist, f\u00fcr ein paar Tage pures Gl\u00fcck!<\/p>\n\n\n\n<figure class=\"wp-block-gallery has-nested-images columns-6 is-cropped diaporama--3\">\n<figure class=\"wp-block-image size-large\"><img loading=\"lazy\" width=\"1500\" height=\"1000\" src=\"https:\/\/floride.fr\/wp-content\/uploads\/2022\/05\/IMG_1089.jpg\" alt=\"\" class=\"wp-image-4505\" srcset=\"https:\/\/floride.fr\/wp-content\/uploads\/2022\/05\/IMG_1089.jpg 1500w, https:\/\/floride.fr\/wp-content\/uploads\/2022\/05\/IMG_1089-300x200.jpg 300w, https:\/\/floride.fr\/wp-content\/uploads\/2022\/05\/IMG_1089-1024x683.jpg 1024w, https:\/\/floride.fr\/wp-content\/uploads\/2022\/05\/IMG_1089-768x512.jpg 768w\" sizes=\"(max-width: 1500px) 100vw, 1500px\" \/><\/figure>\n\n\n\n<figure class=\"wp-block-image size-large\"><img loading=\"lazy\" width=\"2560\" height=\"1707\" src=\"https:\/\/floride.fr\/wp-content\/uploads\/2022\/05\/media-88995876-004-2-scaled.jpg\" alt=\"\" class=\"wp-image-4219\" srcset=\"https:\/\/floride.fr\/wp-content\/uploads\/2022\/05\/media-88995876-004-2-scaled.jpg 2560w, https:\/\/floride.fr\/wp-content\/uploads\/2022\/05\/media-88995876-004-2-300x200.jpg 300w, https:\/\/floride.fr\/wp-content\/uploads\/2022\/05\/media-88995876-004-2-1024x683.jpg 1024w, https:\/\/floride.fr\/wp-content\/uploads\/2022\/05\/media-88995876-004-2-768x512.jpg 768w, https:\/\/floride.fr\/wp-content\/uploads\/2022\/05\/media-88995876-004-2-1536x1024.jpg 1536w, https:\/\/floride.fr\/wp-content\/uploads\/2022\/05\/media-88995876-004-2-2048x1365.jpg 2048w\" sizes=\"(max-width: 2560px) 100vw, 2560px\" \/><\/figure>\n\n\n\n<figure class=\"wp-block-image size-large\"><img loading=\"lazy\" width=\"2560\" height=\"1703\" src=\"https:\/\/floride.fr\/wp-content\/uploads\/2022\/05\/PISCINE-COUVERTE-AQUAGYM-0692-scaled.jpg\" alt=\"\" class=\"wp-image-4038\" srcset=\"https:\/\/floride.fr\/wp-content\/uploads\/2022\/05\/PISCINE-COUVERTE-AQUAGYM-0692-scaled.jpg 2560w, https:\/\/floride.fr\/wp-content\/uploads\/2022\/05\/PISCINE-COUVERTE-AQUAGYM-0692-300x200.jpg 300w, https:\/\/floride.fr\/wp-content\/uploads\/2022\/05\/PISCINE-COUVERTE-AQUAGYM-0692-1024x681.jpg 1024w, https:\/\/floride.fr\/wp-content\/uploads\/2022\/05\/PISCINE-COUVERTE-AQUAGYM-0692-768x511.jpg 768w, https:\/\/floride.fr\/wp-content\/uploads\/2022\/05\/PISCINE-COUVERTE-AQUAGYM-0692-1536x1022.jpg 1536w, https:\/\/floride.fr\/wp-content\/uploads\/2022\/05\/PISCINE-COUVERTE-AQUAGYM-0692-2048x1363.jpg 2048w\" sizes=\"(max-width: 2560px) 100vw, 2560px\" \/><\/figure>\n\n\n\n<figure class=\"wp-block-image size-large\"><img loading=\"lazy\" width=\"1194\" height=\"794\" src=\"https:\/\/floride.fr\/wp-content\/uploads\/2022\/05\/tente-2-1.jpg\" alt=\"\" class=\"wp-image-3825\" srcset=\"https:\/\/floride.fr\/wp-content\/uploads\/2022\/05\/tente-2-1.jpg 1194w, https:\/\/floride.fr\/wp-content\/uploads\/2022\/05\/tente-2-1-300x199.jpg 300w, https:\/\/floride.fr\/wp-content\/uploads\/2022\/05\/tente-2-1-1024x681.jpg 1024w, https:\/\/floride.fr\/wp-content\/uploads\/2022\/05\/tente-2-1-768x511.jpg 768w\" sizes=\"(max-width: 1194px) 100vw, 1194px\" \/><\/figure>\n\n\n\n<figure class=\"wp-block-image size-large\"><img loading=\"lazy\" width=\"2560\" height=\"1703\" src=\"https:\/\/floride.fr\/wp-content\/uploads\/2022\/05\/EMPLACEMENT-CAMPING-CAR-1112-scaled.jpg\" alt=\"\" class=\"wp-image-3553\" srcset=\"https:\/\/floride.fr\/wp-content\/uploads\/2022\/05\/EMPLACEMENT-CAMPING-CAR-1112-scaled.jpg 2560w, https:\/\/floride.fr\/wp-content\/uploads\/2022\/05\/EMPLACEMENT-CAMPING-CAR-1112-300x200.jpg 300w, https:\/\/floride.fr\/wp-content\/uploads\/2022\/05\/EMPLACEMENT-CAMPING-CAR-1112-1024x681.jpg 1024w, https:\/\/floride.fr\/wp-content\/uploads\/2022\/05\/EMPLACEMENT-CAMPING-CAR-1112-768x511.jpg 768w, https:\/\/floride.fr\/wp-content\/uploads\/2022\/05\/EMPLACEMENT-CAMPING-CAR-1112-1536x1022.jpg 1536w, https:\/\/floride.fr\/wp-content\/uploads\/2022\/05\/EMPLACEMENT-CAMPING-CAR-1112-2048x1363.jpg 2048w\" sizes=\"(max-width: 2560px) 100vw, 2560px\" \/><\/figure>\n\n\n\n<figure class=\"wp-block-image size-large\"><img loading=\"lazy\" width=\"2560\" height=\"1707\" src=\"https:\/\/floride.fr\/wp-content\/uploads\/2022\/05\/A7R5910-1-scaled.jpg\" alt=\"\" class=\"wp-image-3543\" srcset=\"https:\/\/floride.fr\/wp-content\/uploads\/2022\/05\/A7R5910-1-scaled.jpg 2560w, https:\/\/floride.fr\/wp-content\/uploads\/2022\/05\/A7R5910-1-300x200.jpg 300w, https:\/\/floride.fr\/wp-content\/uploads\/2022\/05\/A7R5910-1-1024x683.jpg 1024w, https:\/\/floride.fr\/wp-content\/uploads\/2022\/05\/A7R5910-1-768x512.jpg 768w, https:\/\/floride.fr\/wp-content\/uploads\/2022\/05\/A7R5910-1-1536x1024.jpg 1536w, https:\/\/floride.fr\/wp-content\/uploads\/2022\/05\/A7R5910-1-2048x1365.jpg 2048w\" sizes=\"(max-width: 2560px) 100vw, 2560px\" \/><\/figure>\n<\/figure>\n\n\n\n<div style=\"height:50px\" aria-hidden=\"true\" class=\"wp-block-spacer\"><\/div>\n\n\n\n<div class=\"wp-block-columns\">\n<div class=\"wp-block-column\">\n<h2 class=\"has-couleur-4-color has-text-color\" id=\"collioure-cite-des-peintres-les-sites-incontournables-a-visiter-2\">Erkunden Sie die Umgebung von Argel\u00e8s-sur-Mer mit dem Feriendorf Le Floride<\/h2>\n\n\n\n<p>Der 5-Sterne-Campingplatz \u201eLe Floride\u201c in den Pyr\u00e9n\u00e9es-Orientales ist der Ort, von dem jeder f\u00fcr einen perfekten Urlaub tr\u00e4umt. Sie werden eine wunderbare Welt entdecken, in der Sie sich entspannen und Ihren Alltag v\u00f6llig vergessen k\u00f6nnen. Bei einem Aufenthalt auf dem Campingplatz in Barcar\u00e8s k\u00f6nnen Sie <strong>Argel\u00e8s-sur-Mer und seine Umgebung in vollen Z\u00fcgen genie\u00dfen.<\/strong><\/p>\n\n\n\n<p>Genie\u00dfen Sie nicht nur die zahlreichen Aktivit\u00e4ten, die in unserem Feriendorf angeboten werden, sondern auch unser vielf\u00e4ltiges Angebot an Unterk\u00fcnften: luxuri\u00f6se Chalets mit Whirlpool oder originelle Unterk\u00fcnfte, die zum Abschalten einladen, wie beispielsweise unsere au\u00dfergew\u00f6hnlichen Unterk\u00fcnfte am Mittelmeer. Sie k\u00f6nnen auch alle St\u00e4dte der <strong>Pyr\u00e9n\u00e9es-Orientales entdecken<\/strong>, die am Campingplatz entlanglaufen. So bieten sich Ihnen die Tore von <a href=\"https:\/\/floride.fr\/de\/perpignan\/\">Perpignan<\/a> ebenso wie die <strong>K\u00fcste des Languedoc<\/strong> oder die nat\u00fcrlichen und historischen Orte, die nur auf Sie warten! Es ist auch der Ausgangspunkt f\u00fcr die <strong>C\u00f4te Vermeille<\/strong> in Richtung Spanien. Die perfekte Gelegenheit, um die farbenfrohen katalanischen St\u00e4dte <a href=\"https:\/\/floride.fr\/de\/collioure\/\">Collioure<\/a>, <strong>Port Vendres<\/strong> oder <strong>Banyuls sur Mer<\/strong> zu erkunden. Genie\u00dfen Sie den Komfort, von dem Sie nicht einmal zu tr\u00e4umen wagen, mitten im Herzen der \u00f6stlichen Pyren\u00e4en.<\/p>\n<\/div>\n\n\n\n<div class=\"wp-block-column\">\n<figure class=\"wp-block-gallery has-nested-images columns-default is-cropped\">\n<figure class=\"wp-block-image size-large\"><img loading=\"lazy\" width=\"1920\" height=\"1280\" src=\"https:\/\/floride.fr\/wp-content\/uploads\/2022\/03\/auriane-clement-fQANYG67Ccs-unsplash-1.jpg\" alt=\"\" class=\"wp-image-2388\" srcset=\"https:\/\/floride.fr\/wp-content\/uploads\/2022\/03\/auriane-clement-fQANYG67Ccs-unsplash-1.jpg 1920w, https:\/\/floride.fr\/wp-content\/uploads\/2022\/03\/auriane-clement-fQANYG67Ccs-unsplash-1-300x200.jpg 300w, https:\/\/floride.fr\/wp-content\/uploads\/2022\/03\/auriane-clement-fQANYG67Ccs-unsplash-1-1024x683.jpg 1024w, https:\/\/floride.fr\/wp-content\/uploads\/2022\/03\/auriane-clement-fQANYG67Ccs-unsplash-1-768x512.jpg 768w, https:\/\/floride.fr\/wp-content\/uploads\/2022\/03\/auriane-clement-fQANYG67Ccs-unsplash-1-1536x1024.jpg 1536w\" sizes=\"(max-width: 1920px) 100vw, 1920px\" \/><\/figure>\n<\/figure>\n<\/div>\n<\/div>\n\n\n\n<div style=\"height:100px\" aria-hidden=\"true\" class=\"wp-block-spacer\"><\/div>\n<\/div><\/div>\n","protected":false},"excerpt":{"rendered":"<p>Le camping Le Floride vous fait d\u00e9couvrir Argel\u00e8s-sur-Mer Eine katalanische Stadt, eingebettet zwischen Meer und Bergen, die seit vielen Jahren alle Touristen begeistert, die sie besucht haben. Warum also nicht auch Sie? Bei einem Aufenthalt auf unserem 5-Sterne-Campingplatz Le Floride haben Sie das gro\u00dfe Privileg, die Pyr\u00e9n\u00e9es-Orientales und all die Sch\u00f6nheit dieses Departements zu entdecken\u2026 [&hellip;]<\/p>\n","protected":false},"author":1,"featured_media":0,"parent":0,"menu_order":0,"comment_status":"closed","ping_status":"closed","template":"","meta":[],"acf":[],"_links":{"self":[{"href":"https:\/\/floride.fr\/de\/wp-json\/wp\/v2\/pages\/8396"}],"collection":[{"href":"https:\/\/floride.fr\/de\/wp-json\/wp\/v2\/pages"}],"about":[{"href":"https:\/\/floride.fr\/de\/wp-json\/wp\/v2\/types\/page"}],"author":[{"embeddable":true,"href":"https:\/\/floride.fr\/de\/wp-json\/wp\/v2\/users\/1"}],"replies":[{"embeddable":true,"href":"https:\/\/floride.fr\/de\/wp-json\/wp\/v2\/comments?post=8396"}],"version-history":[{"count":6,"href":"https:\/\/floride.fr\/de\/wp-json\/wp\/v2\/pages\/8396\/revisions"}],"predecessor-version":[{"id":16297,"href":"https:\/\/floride.fr\/de\/wp-json\/wp\/v2\/pages\/8396\/revisions\/16297"}],"wp:attachment":[{"href":"https:\/\/floride.fr\/de\/wp-json\/wp\/v2\/media?parent=8396"}],"curies":[{"name":"wp","href":"https:\/\/api.w.org\/{rel}","templated":true}]}}