{"id":8421,"date":"2023-02-14T09:39:59","date_gmt":"2023-02-14T08:39:59","guid":{"rendered":"https:\/\/floride.fr\/?page_id=8421"},"modified":"2026-03-17T13:50:36","modified_gmt":"2026-03-17T12:50:36","slug":"barcares","status":"publish","type":"page","link":"https:\/\/floride.fr\/de\/barcares\/","title":{"rendered":"Barcar\u00e8s"},"content":{"rendered":"\n<figure class=\"wp-block-image alignfull size-full F-00-b\"><img loading=\"lazy\" width=\"1024\" height=\"640\" src=\"https:\/\/floride.fr\/wp-content\/uploads\/2023\/03\/Camping-Barcares-66-_-Camping-le-Floride-5-etoiles-proche-Perpignan.jpg\" alt=\"\" class=\"wp-image-9037\" srcset=\"https:\/\/floride.fr\/wp-content\/uploads\/2023\/03\/Camping-Barcares-66-_-Camping-le-Floride-5-etoiles-proche-Perpignan.jpg 1024w, https:\/\/floride.fr\/wp-content\/uploads\/2023\/03\/Camping-Barcares-66-_-Camping-le-Floride-5-etoiles-proche-Perpignan-300x188.jpg 300w, https:\/\/floride.fr\/wp-content\/uploads\/2023\/03\/Camping-Barcares-66-_-Camping-le-Floride-5-etoiles-proche-Perpignan-768x480.jpg 768w\" sizes=\"(max-width: 1024px) 100vw, 1024px\" \/><\/figure>\n\n<div class=\"wp-container-69e7e66f50ac9 wp-block-group F-05-a\"><div class=\"wp-block-group__inner-container\">\n<h1 class=\"has-couleur-1-color has-text-color\" id=\"votre-camping-port-barcares-une-ouverture-exceptionnelle-sur-la-mediterranee\">Ihr Campingplatz Port Barcar\u00e8s, eine au\u00dfergew\u00f6hnliche \u00d6ffnung zum Mittelmeer hin<\/h1>\n\n\n\n<p>Suchen Sie einen authentischen Ort f\u00fcr einen unvergesslichen Campingurlaub in den Pyr\u00e9n\u00e9es-Orientales direkt am Meer? Der Badeort <strong>Port Barcar\u00e8s<\/strong> empf\u00e4ngt Sie, um all Ihre W\u00fcnsche zu erf\u00fcllen. Zwischen Top-Unterk\u00fcnften, Baden, Eintauchen in eine nat\u00fcrliche und typische Umgebung und Aktivit\u00e4ten nach Ihrem Geschmack ist alles da, um Sie auf dem <a href=\"https:\/\/floride.f\">Campingplatz Le Floride in Port Barcar\u00e8s<\/a> zufrieden zu stellen !<\/p>\n\n\n\n<div style=\"height:50px\" aria-hidden=\"true\" class=\"wp-block-spacer\"><\/div>\n\n\n\n<div class=\"wp-block-columns\">\n<div class=\"wp-block-column\">\n<figure class=\"wp-block-gallery has-nested-images columns-3 is-cropped\">\n<figure class=\"wp-block-image size-large\"><img loading=\"lazy\" width=\"768\" height=\"1024\" src=\"https:\/\/floride.fr\/wp-content\/uploads\/2023\/03\/Plage-de-la-Baie-_-Eze-Sur-mer-768x1024.jpg\" alt=\"\" class=\"wp-image-9042\" srcset=\"https:\/\/floride.fr\/wp-content\/uploads\/2023\/03\/Plage-de-la-Baie-_-Eze-Sur-mer-768x1024.jpg 768w, https:\/\/floride.fr\/wp-content\/uploads\/2023\/03\/Plage-de-la-Baie-_-Eze-Sur-mer-225x300.jpg 225w, https:\/\/floride.fr\/wp-content\/uploads\/2023\/03\/Plage-de-la-Baie-_-Eze-Sur-mer-1152x1536.jpg 1152w, https:\/\/floride.fr\/wp-content\/uploads\/2023\/03\/Plage-de-la-Baie-_-Eze-Sur-mer-1536x2048.jpg 1536w, https:\/\/floride.fr\/wp-content\/uploads\/2023\/03\/Plage-de-la-Baie-_-Eze-Sur-mer-scaled.jpg 1920w\" sizes=\"(max-width: 768px) 100vw, 768px\" \/><\/figure>\n\n\n\n<figure class=\"wp-block-image size-large\"><img loading=\"lazy\" width=\"1024\" height=\"663\" src=\"https:\/\/floride.fr\/wp-content\/uploads\/2022\/03\/Photo-Plage-du-Camping-Le-Floride-au-Barcares-en-bord-de-mer-2-1024x663.jpg\" alt=\"Camping Le Floride Le Barcar&#xE8;s (66) : Photo Plage Du Camping Le Floride Au Barcar&#xE8;s En Bord De Mer 2\" class=\"wp-image-1688\" srcset=\"https:\/\/floride.fr\/wp-content\/uploads\/2022\/03\/Photo-Plage-du-Camping-Le-Floride-au-Barcares-en-bord-de-mer-2-1024x663.jpg 1024w, https:\/\/floride.fr\/wp-content\/uploads\/2022\/03\/Photo-Plage-du-Camping-Le-Floride-au-Barcares-en-bord-de-mer-2-300x194.jpg 300w, https:\/\/floride.fr\/wp-content\/uploads\/2022\/03\/Photo-Plage-du-Camping-Le-Floride-au-Barcares-en-bord-de-mer-2-768x498.jpg 768w, https:\/\/floride.fr\/wp-content\/uploads\/2022\/03\/Photo-Plage-du-Camping-Le-Floride-au-Barcares-en-bord-de-mer-2-1536x995.jpg 1536w, https:\/\/floride.fr\/wp-content\/uploads\/2022\/03\/Photo-Plage-du-Camping-Le-Floride-au-Barcares-en-bord-de-mer-2.jpg 1900w\" sizes=\"(max-width: 1024px) 100vw, 1024px\" \/><\/figure>\n<\/figure>\n<\/div>\n\n\n\n<div class=\"wp-block-column\">\n<h2 class=\"has-couleur-4-color has-text-color\" id=\"collioure-cite-des-peintres-les-sites-incontournables-a-visiter-2\">In Barcar\u00e8s haben Sie alle Freiheiten !<\/h2>\n\n\n\n<p>In <a href=\"https:\/\/floride.fr\/de\/umgebung\/\">Okzitanien<\/a> gibt es Orte, die an Attraktivit\u00e4t miteinander wetteifern. Das Departement Pyr\u00e9n\u00e9es-Orientales konzentriert au\u00dfergew\u00f6hnliche Orte, um einen Aufenthalt nicht nur im Einklang mit der Natur, sondern auch reich an Erlebnissen zu realisieren. In dieser Hinsicht ist das Dorf Barcar\u00e8s, in dem sich unser Campingplatz Floride befindet, ein idealer Ausgangspunkt, um zahlreiche M\u00f6glichkeiten zu erkunden. In der N\u00e4he von <a href=\"https:\/\/floride.fr\/de\/leucate\/\">Leucate<\/a>, einem weiteren Touristenort, und <a href=\"https:\/\/floride.fr\/de\/perpignan\/\">Perpignan<\/a>, der katalanischen Metropole, die vor Aktivit\u00e4ten, Festivals und Kultur sprudelt, konzentriert <strong>Port Barcar\u00e8s<\/strong> viele Wunder, die es zu entdecken gilt. Die Fauna und Flora der Lagune in Salses Le Barcar\u00e8s k\u00f6nnen Sie in dieser als <strong>Natura 2000 eingestuften Umgebung entdecken.<\/strong> Ob mit der Familie oder mit Freunden, kommen Sie auf Ihre Kosten, wenn Sie so malerische Vogelarten wie die Zwergseeschwalbe beobachten. Tauchen Sie in das <strong>t\u00fcrkisfarbene Wasser<\/strong>, um absolut magischen Meeresbewohnern zu begegnen. Nutzen Sie all diese Momente, um sich zu revitalisieren und sich wieder mit der Natur zu verbinden. Alles hier l\u00f6st Erstaunen und Bewunderung aus. <strong>Die Mittelmeerk\u00fcste<\/strong> bietet Ihnen mit ihren gesch\u00fctzten Gebieten ein Erkundungsgebiet, das so weitl\u00e4ufig ist, dass Sie es kaum schaffen werden, es vollst\u00e4ndig zu durchqueren.<\/p>\n<\/div>\n<\/div>\n\n\n\n<div style=\"height:50px\" aria-hidden=\"true\" class=\"wp-block-spacer\"><\/div>\n\n\n\n<h2 id=\"la-nature-a-portee-de-pieds\">Die Natur in Fu\u00dfn\u00e4he<\/h2>\n\n\n\n<p>Wie sch\u00f6n, dass Sie dank unseres direkten Zugangs zum <a href=\"https:\/\/floride.fr\/de\/direkter-zugang-zum-strand\/\">Barcar\u00e8s plage in wenigen Minuten am Meer sind<\/a> ! Sie brauchen nur Ihren Korb zu nehmen und schon k\u00f6nnen Sie sich auf den Weg machen, um sch\u00f6ne Momente am Wasser zu erleben. Wenn Sie einen Sonnenaufgang \u00fcber dem Meer genie\u00dfen m\u00f6chten, m\u00fcssen Sie nur ein paar Meter \u00fcberqueren, um ein blendendes Schauspiel zu erleben. <strong>Wanderungen<\/strong>, Fahrradtouren und Segelt\u00f6rns stehen Ihnen f\u00fcr einen paradiesischen Aufenthalt zur Verf\u00fcgung. M\u00f6chten Sie in die lokale Atmosph\u00e4re eintauchen ? Das Dorf Barcar\u00e8s empf\u00e4ngt Sie, um eine gem\u00fctliche Atmosph\u00e4re in sich aufzunehmen. Hier begegnen Sie <a href=\"https:\/\/floride.fr\/de\/feste-festivals\/\">farbenfrohen Charakteren,<\/a> feiern das ganze Jahr \u00fcber Feste und probieren <strong>katalanische Spezialit\u00e4ten.<\/strong> Wenn Sie Ihren <strong>Campingplatz in Port Barcar\u00e8s<\/strong> erreichen, k\u00f6nnen Sie diese Eindr\u00fccke noch immer genie\u00dfen. In der Tat entfalten wir einen besonders ausgepr\u00e4gten Sinn f\u00fcr Gastfreundschaft. Er beruht auf der Antizipation all Ihrer Bed\u00fcrfnisse. Unsere sanit\u00e4ren Einrichtungen, die Begegnungsr\u00e4ume, der Supermarkt oder unser <a href=\"https:\/\/floride.fr\/de\/wohlbefinden\/\">im Languedoc einzigartiges Wellnesszentrum<\/a> sind mit Sorgfalt eingerichtet. Wir achten gewissenhaft darauf, dass Sie sich in einer einzigartigen Umgebung wohlf\u00fchlen. Unsere Mitarbeiterinnen und Mitarbeiter stehen Ihnen zu Diensten, um Sie voll und ganz zufrieden zu stellen.<\/p>\n\n\n\n<h2 id=\"des-activites-pour-tous-les-ages-au-camping-le-floride\">Aktivit\u00e4ten f\u00fcr alle Altersgruppen auf dem Campingplatz Le Floride <\/h2>\n\n\n\n<p>M\u00f6chten Sie die Freuden des Strandes und des Wanderns mit denen des Schwimmbades oder anderer Spiele variieren? Das ist ganz nat\u00fcrlich ! Deshalb stellt Ihnen unser <a href=\"https:\/\/floride.fr\/de\/wasserpark\/\">Campingplatz in languedoc roussillon mit Wasserpark<\/a> <strong>einen 4 700 m2 gro\u00dfen Wassersportbereich<\/strong> zur Verf\u00fcgung, der in den Pyr\u00e9n\u00e9es Orientales seinesgleichen sucht! Mit einer Vielzahl von <strong>Wasserspielen<\/strong> wie Rutschen, Pentagliss und Fl\u00fcssen mit Gegenstr\u00f6mung ist alles vorhanden, um die Kinder in ein Universum unersch\u00f6pflicher Freude eintauchen zu lassen. F\u00fcr die Braven gibt es <strong>beheizte Schwimmb\u00e4der<\/strong>, <strong>Whirlpools<\/strong> oder auch Planschbecken f\u00fcr die Kleinsten. Alle Altersgruppen finden so etwas, das ihre Lust auf Faulenzen oder Toben in einem Wasserbereich befriedigt, der f\u00fcr endloses Vergn\u00fcgen und f\u00fcr die ganze Familie ma\u00dfgeschneidert wurde. Um Ihr Wellness-Erlebnis abzurunden, stehen Ihnen ein Fitnessraum und ein Spielzimmer zur Verf\u00fcgung.<br\/>Entscheiden Sie sich f\u00fcr einen traumhaften Aufenthalt in einer authentischen Umgebung, die ganz auf Ihre Bed\u00fcrfnisse eingeht, damit Sie neue Energie tanken k\u00f6nnen. Ihr 5-Sterne-Campingplatz Floride in Barcar\u00e8s erf\u00fcllt Ihnen alle W\u00fcnsche f\u00fcr gemeinsames Gl\u00fcck! <\/p>\n\n\n\n<div style=\"height:30px\" aria-hidden=\"true\" class=\"wp-block-spacer\"><\/div>\n\n\n\n<figure class=\"wp-block-gallery has-nested-images columns-6 is-cropped diaporama--3\">\n<figure class=\"wp-block-image size-large\"><img loading=\"lazy\" width=\"1500\" height=\"1000\" src=\"https:\/\/floride.fr\/wp-content\/uploads\/2022\/05\/IMG_1089.jpg\" alt=\"\" class=\"wp-image-4505\" srcset=\"https:\/\/floride.fr\/wp-content\/uploads\/2022\/05\/IMG_1089.jpg 1500w, https:\/\/floride.fr\/wp-content\/uploads\/2022\/05\/IMG_1089-300x200.jpg 300w, https:\/\/floride.fr\/wp-content\/uploads\/2022\/05\/IMG_1089-1024x683.jpg 1024w, https:\/\/floride.fr\/wp-content\/uploads\/2022\/05\/IMG_1089-768x512.jpg 768w\" sizes=\"(max-width: 1500px) 100vw, 1500px\" \/><\/figure>\n\n\n\n<figure class=\"wp-block-image size-large\"><img loading=\"lazy\" width=\"2560\" height=\"1707\" src=\"https:\/\/floride.fr\/wp-content\/uploads\/2022\/05\/media-88995876-004-2-scaled.jpg\" alt=\"\" class=\"wp-image-4219\" srcset=\"https:\/\/floride.fr\/wp-content\/uploads\/2022\/05\/media-88995876-004-2-scaled.jpg 2560w, https:\/\/floride.fr\/wp-content\/uploads\/2022\/05\/media-88995876-004-2-300x200.jpg 300w, https:\/\/floride.fr\/wp-content\/uploads\/2022\/05\/media-88995876-004-2-1024x683.jpg 1024w, https:\/\/floride.fr\/wp-content\/uploads\/2022\/05\/media-88995876-004-2-768x512.jpg 768w, https:\/\/floride.fr\/wp-content\/uploads\/2022\/05\/media-88995876-004-2-1536x1024.jpg 1536w, https:\/\/floride.fr\/wp-content\/uploads\/2022\/05\/media-88995876-004-2-2048x1365.jpg 2048w\" sizes=\"(max-width: 2560px) 100vw, 2560px\" \/><\/figure>\n\n\n\n<figure class=\"wp-block-image size-large\"><img loading=\"lazy\" width=\"2560\" height=\"1703\" src=\"https:\/\/floride.fr\/wp-content\/uploads\/2022\/05\/PISCINE-COUVERTE-AQUAGYM-0692-scaled.jpg\" alt=\"\" class=\"wp-image-4038\" srcset=\"https:\/\/floride.fr\/wp-content\/uploads\/2022\/05\/PISCINE-COUVERTE-AQUAGYM-0692-scaled.jpg 2560w, https:\/\/floride.fr\/wp-content\/uploads\/2022\/05\/PISCINE-COUVERTE-AQUAGYM-0692-300x200.jpg 300w, https:\/\/floride.fr\/wp-content\/uploads\/2022\/05\/PISCINE-COUVERTE-AQUAGYM-0692-1024x681.jpg 1024w, https:\/\/floride.fr\/wp-content\/uploads\/2022\/05\/PISCINE-COUVERTE-AQUAGYM-0692-768x511.jpg 768w, https:\/\/floride.fr\/wp-content\/uploads\/2022\/05\/PISCINE-COUVERTE-AQUAGYM-0692-1536x1022.jpg 1536w, https:\/\/floride.fr\/wp-content\/uploads\/2022\/05\/PISCINE-COUVERTE-AQUAGYM-0692-2048x1363.jpg 2048w\" sizes=\"(max-width: 2560px) 100vw, 2560px\" \/><\/figure>\n\n\n\n<figure class=\"wp-block-image size-large\"><img loading=\"lazy\" width=\"1194\" height=\"794\" src=\"https:\/\/floride.fr\/wp-content\/uploads\/2022\/05\/tente-2-1.jpg\" alt=\"\" class=\"wp-image-3825\" srcset=\"https:\/\/floride.fr\/wp-content\/uploads\/2022\/05\/tente-2-1.jpg 1194w, https:\/\/floride.fr\/wp-content\/uploads\/2022\/05\/tente-2-1-300x199.jpg 300w, https:\/\/floride.fr\/wp-content\/uploads\/2022\/05\/tente-2-1-1024x681.jpg 1024w, https:\/\/floride.fr\/wp-content\/uploads\/2022\/05\/tente-2-1-768x511.jpg 768w\" sizes=\"(max-width: 1194px) 100vw, 1194px\" \/><\/figure>\n\n\n\n<figure class=\"wp-block-image size-large\"><img loading=\"lazy\" width=\"2560\" height=\"1703\" src=\"https:\/\/floride.fr\/wp-content\/uploads\/2022\/05\/EMPLACEMENT-CAMPING-CAR-1112-scaled.jpg\" alt=\"\" class=\"wp-image-3553\" srcset=\"https:\/\/floride.fr\/wp-content\/uploads\/2022\/05\/EMPLACEMENT-CAMPING-CAR-1112-scaled.jpg 2560w, https:\/\/floride.fr\/wp-content\/uploads\/2022\/05\/EMPLACEMENT-CAMPING-CAR-1112-300x200.jpg 300w, https:\/\/floride.fr\/wp-content\/uploads\/2022\/05\/EMPLACEMENT-CAMPING-CAR-1112-1024x681.jpg 1024w, https:\/\/floride.fr\/wp-content\/uploads\/2022\/05\/EMPLACEMENT-CAMPING-CAR-1112-768x511.jpg 768w, https:\/\/floride.fr\/wp-content\/uploads\/2022\/05\/EMPLACEMENT-CAMPING-CAR-1112-1536x1022.jpg 1536w, https:\/\/floride.fr\/wp-content\/uploads\/2022\/05\/EMPLACEMENT-CAMPING-CAR-1112-2048x1363.jpg 2048w\" sizes=\"(max-width: 2560px) 100vw, 2560px\" \/><\/figure>\n\n\n\n<figure class=\"wp-block-image size-large\"><img loading=\"lazy\" width=\"2560\" height=\"1707\" src=\"https:\/\/floride.fr\/wp-content\/uploads\/2022\/05\/A7R5910-1-scaled.jpg\" alt=\"\" class=\"wp-image-3543\" srcset=\"https:\/\/floride.fr\/wp-content\/uploads\/2022\/05\/A7R5910-1-scaled.jpg 2560w, https:\/\/floride.fr\/wp-content\/uploads\/2022\/05\/A7R5910-1-300x200.jpg 300w, https:\/\/floride.fr\/wp-content\/uploads\/2022\/05\/A7R5910-1-1024x683.jpg 1024w, https:\/\/floride.fr\/wp-content\/uploads\/2022\/05\/A7R5910-1-768x512.jpg 768w, https:\/\/floride.fr\/wp-content\/uploads\/2022\/05\/A7R5910-1-1536x1024.jpg 1536w, https:\/\/floride.fr\/wp-content\/uploads\/2022\/05\/A7R5910-1-2048x1365.jpg 2048w\" sizes=\"(max-width: 2560px) 100vw, 2560px\" \/><\/figure>\n<\/figure>\n\n\n\n<div style=\"height:100px\" aria-hidden=\"true\" class=\"wp-block-spacer\"><\/div>\n<\/div><\/div>\n","protected":false},"excerpt":{"rendered":"<p>Ihr Campingplatz Port Barcar\u00e8s, eine au\u00dfergew\u00f6hnliche \u00d6ffnung zum Mittelmeer hin Suchen Sie einen authentischen Ort f\u00fcr einen unvergesslichen Campingurlaub in den Pyr\u00e9n\u00e9es-Orientales direkt am Meer? Der Badeort Port Barcar\u00e8s empf\u00e4ngt Sie, um all Ihre W\u00fcnsche zu erf\u00fcllen. Zwischen Top-Unterk\u00fcnften, Baden, Eintauchen in eine nat\u00fcrliche und typische Umgebung und Aktivit\u00e4ten nach Ihrem Geschmack ist alles da, [&hellip;]<\/p>\n","protected":false},"author":1,"featured_media":0,"parent":0,"menu_order":0,"comment_status":"closed","ping_status":"closed","template":"","meta":[],"acf":[],"_links":{"self":[{"href":"https:\/\/floride.fr\/de\/wp-json\/wp\/v2\/pages\/8421"}],"collection":[{"href":"https:\/\/floride.fr\/de\/wp-json\/wp\/v2\/pages"}],"about":[{"href":"https:\/\/floride.fr\/de\/wp-json\/wp\/v2\/types\/page"}],"author":[{"embeddable":true,"href":"https:\/\/floride.fr\/de\/wp-json\/wp\/v2\/users\/1"}],"replies":[{"embeddable":true,"href":"https:\/\/floride.fr\/de\/wp-json\/wp\/v2\/comments?post=8421"}],"version-history":[{"count":6,"href":"https:\/\/floride.fr\/de\/wp-json\/wp\/v2\/pages\/8421\/revisions"}],"predecessor-version":[{"id":16301,"href":"https:\/\/floride.fr\/de\/wp-json\/wp\/v2\/pages\/8421\/revisions\/16301"}],"wp:attachment":[{"href":"https:\/\/floride.fr\/de\/wp-json\/wp\/v2\/media?parent=8421"}],"curies":[{"name":"wp","href":"https:\/\/api.w.org\/{rel}","templated":true}]}}