{"id":8429,"date":"2023-02-03T10:10:18","date_gmt":"2023-02-03T09:10:18","guid":{"rendered":"https:\/\/floride.fr\/collioure\/"},"modified":"2026-03-17T14:06:34","modified_gmt":"2026-03-17T13:06:34","slug":"collioure","status":"publish","type":"page","link":"https:\/\/floride.fr\/de\/collioure\/","title":{"rendered":"Collioure"},"content":{"rendered":"\n<figure class=\"wp-block-image alignfull size-full F-00-b\"><img loading=\"lazy\" width=\"1919\" height=\"1228\" src=\"https:\/\/floride.fr\/wp-content\/uploads\/2023\/03\/lighthouse-gadc990533_1920-1.jpg\" alt=\"\" class=\"wp-image-9134\" srcset=\"https:\/\/floride.fr\/wp-content\/uploads\/2023\/03\/lighthouse-gadc990533_1920-1.jpg 1919w, https:\/\/floride.fr\/wp-content\/uploads\/2023\/03\/lighthouse-gadc990533_1920-1-300x192.jpg 300w, https:\/\/floride.fr\/wp-content\/uploads\/2023\/03\/lighthouse-gadc990533_1920-1-1024x655.jpg 1024w, https:\/\/floride.fr\/wp-content\/uploads\/2023\/03\/lighthouse-gadc990533_1920-1-768x491.jpg 768w, https:\/\/floride.fr\/wp-content\/uploads\/2023\/03\/lighthouse-gadc990533_1920-1-1536x983.jpg 1536w\" sizes=\"(max-width: 1919px) 100vw, 1919px\" \/><\/figure>\n\n<div class=\"wp-container-69e7e172c64db wp-block-group F-05-a\"><div class=\"wp-block-group__inner-container\">\n<h1 class=\"has-couleur-1-color has-text-color\" id=\"votre-village-vacances-a-collioure-un-paradis-a-votre-portee\">Ihr Feriendorf in Collioure, ein Paradies in Ihrer Reichweite<\/h1>\n\n\n\n<p>Bringt der Name Collioure Sie zum Tr\u00e4umen? Dieses Juwel der <a href=\"https:\/\/floride.fr\/de\/umgebung\/\">\u00f6stlichen Pyren\u00e4en<\/a> hat viele K\u00fcnstler angezogen und empf\u00e4ngt jedes Jahr zahlreiche Touristen. Unser 5-Sterne-Campingplatz \u201eLe Floride\u201c, ein Feriendorf 40 Minuten von Collioure entfernt, ist der ideale Ort, um alle Sehensw\u00fcrdigkeiten der Stadt zu entdecken. Zwischen hochwertigen Unterk\u00fcnften und perfekt gepflegten Anlagen erleben Sie ein au\u00dfergew\u00f6hnliches Campingerlebnis in S\u00fcdfrankreich.<\/p>\n\n\n\n<div style=\"height:50px\" aria-hidden=\"true\" class=\"wp-block-spacer\"><\/div>\n\n\n\n<div class=\"wp-block-columns alignwide are-vertically-aligned-top\">\n<div class=\"wp-block-column is-vertically-aligned-top\">\n<figure class=\"wp-block-gallery aligncenter has-nested-images columns-default is-cropped\">\n<figure class=\"wp-block-image size-full\"><img loading=\"lazy\" width=\"640\" height=\"425\" src=\"https:\/\/floride.fr\/wp-content\/uploads\/2022\/07\/Eglise-Notre-Dame-des-Anges-Collioure.jpg\" alt=\"\" class=\"wp-image-5852\" srcset=\"https:\/\/floride.fr\/wp-content\/uploads\/2022\/07\/Eglise-Notre-Dame-des-Anges-Collioure.jpg 640w, https:\/\/floride.fr\/wp-content\/uploads\/2022\/07\/Eglise-Notre-Dame-des-Anges-Collioure-300x199.jpg 300w\" sizes=\"(max-width: 640px) 100vw, 640px\" \/><\/figure>\n\n\n\n<figure class=\"wp-block-image size-full\"><img loading=\"lazy\" width=\"1440\" height=\"1307\" src=\"https:\/\/floride.fr\/wp-content\/uploads\/2023\/03\/street-gad15df832_1920-1.jpg\" alt=\"\" class=\"wp-image-9153\" srcset=\"https:\/\/floride.fr\/wp-content\/uploads\/2023\/03\/street-gad15df832_1920-1.jpg 1440w, https:\/\/floride.fr\/wp-content\/uploads\/2023\/03\/street-gad15df832_1920-1-300x272.jpg 300w, https:\/\/floride.fr\/wp-content\/uploads\/2023\/03\/street-gad15df832_1920-1-1024x929.jpg 1024w, https:\/\/floride.fr\/wp-content\/uploads\/2023\/03\/street-gad15df832_1920-1-768x697.jpg 768w\" sizes=\"(max-width: 1440px) 100vw, 1440px\" \/><\/figure>\n<\/figure>\n<\/div>\n\n\n\n<div class=\"wp-block-column is-vertically-aligned-top\">\n<h2 class=\"has-couleur-4-color has-text-color\" id=\"collioure-cite-des-peintres-les-sites-incontournables-a-visiter-2\">Collioure Stadt der Maler, die unumg\u00e4nglichen Sehensw\u00fcrdigkeiten, die es zu besichtigen gilt!<\/h2>\n\n\n\n<p>Die Geschichte von <strong>Collioure<\/strong> reicht bis in die Vorgeschichte zur\u00fcck. Zu dieser Zeit boten die Klippen und die reiche Tierwelt unseren Vorfahren einen ansehnlichen Lebensraum. Da sie in H\u00f6hlen auf Klippen Zuflucht suchen und sich leicht ern\u00e4hren konnten, hatten sie diese zu einem bevorzugten Ort der Besch\u00e4ftigung gemacht. Jahrhundert von <strong>Vauban<\/strong> selbst <strong>befestigt<\/strong>. Sein Schloss sowie andere historische Bauwerke zeugen von seiner glanzvollen Vergangenheit. Die Kirche <strong>Notre-Dame des Anges<\/strong> bleibt ein Wunder der Reinheit, das man am besten bei Sonnenaufgang fotografiert. Des peintres illustres comme Matisse, Degain ou encore Picasso ont s\u00e9journ\u00e9 dans ses murs et l\u2019ont immortalis\u00e9e, ce qui lui vaut la renomm\u00e9e de <strong>cit\u00e9 des peintres<\/strong>. Die Zeit hat diese Siedlung in einer gesch\u00fctzten nat\u00fcrlichen Umgebung erhalten. Sie ist n\u00e4mlich Teil der Natura-2000-Gebiete. Wenn Sie auf Entdeckungsreise zu den sch\u00f6nsten Orten gehen, werden Sie garantiert auf gesch\u00fctzte Tierarten sto\u00dfen. Ob Sie nun gerne wandern, in der Natur tauchen oder einfach nur ungew\u00f6hnliche Orte lieben, Sie werden sich in diesen Ort mit seinen tausend Reizen verlieben.<\/p>\n<\/div>\n<\/div>\n\n\n\n<div style=\"height:50px\" aria-hidden=\"true\" class=\"wp-block-spacer\"><\/div>\n\n\n\n<h2 id=\"vivez-la-nature-a-pleins-poumons-en-camping\">Erleben Sie die Natur in vollen Z\u00fcgen beim Camping!<\/h2>\n\n\n\n<p>Collioure und seine K\u00fcste z\u00e4hlen zu den sch\u00f6nsten<a href=\"https:\/\/floride.fr\/plus-beaux-endroits-pyrenees-orientales\/\"> Orten der Pyr\u00e9n\u00e9es-Orientales<\/a> und bieten Ihnen unendliche Entdeckungsm\u00f6glichkeiten. Um sich nach diesen intensiven Tagen zu entspannen, gibt es nichts Besseres als unser <strong>Feriendorf in Collioure<\/strong>. Entdecken Sie in unserem Angebot an<a href=\"https:\/\/floride.fr\/de\/vermietungen\/\"> Ferienunterk\u00fcnften in den Pyr\u00e9n\u00e9es-Orientales <\/a>die Unterkunft, die genau zu Ihnen passt: luxuri\u00f6se Chalets mit Whirlpool, originelle hawaiianische Far\u00e9s oder komfortable Wohnwagen, die zum Abschalten einladen. Unser Campingplatz verf\u00fcgt \u00fcber eine Vielzahl von Unterkunftsm\u00f6glichkeiten, darunter auch Mobilheime, die f\u00fcr Personen mit eingeschr\u00e4nkter Mobilit\u00e4t geeignet sind. Die Stellpl\u00e4tze f\u00fcr <a href=\"https:\/\/floride.fr\/de\/standorte\/\">Zelte und Wohnwagen<\/a> stellen wir so nah wie <strong>m\u00f6glich am Meer<\/strong> in einer au\u00dfergew\u00f6hnlichen Umgebung auf, um Ihnen einen Aufenthalt unter den besten Bedingungen zu gew\u00e4hrleisten. Unser 5-Sterne-Campingplatz bietet Ihnen zahlreiche Leistungen mit allem Komfort vor Ort, ohne dass Sie das Feriendorf verlassen m\u00fcssen. Alle Ihre Bed\u00fcrfnisse werden zwischen <strong>Supermarkt<\/strong> zur Verf\u00fcgung, <strong>Friseur<\/strong> oder Spielzimmer befriedigt. Unsere Mitarbeiter stehen Ihnen zur Verf\u00fcgung, um die besten L\u00f6sungen zu finden, damit Ihr Aufenthalt bei uns zu einem einzigartigen Erlebnis wird.<\/p>\n\n\n\n<h2 id=\"des-equipements-de-qualite-dans-les-pyrenees-orientales\">Qualitativ hochwertige Einrichtungen in den Pyr\u00e9n\u00e9es Orientales <\/h2>\n\n\n\n<p>Um Ihren Tag abzurunden, empf\u00e4ngt Sie unser 4 700 m2 gro\u00dfer <a href=\"https:\/\/floride.fr\/de\/wasserpark\/\">Wasserpark in der N\u00e4he von Collioure<\/a> in voller Freiheit! Seine <strong>Rutschen<\/strong>, unglaublichen Pentagliss, Fl\u00fcsse gegen die Str\u00f6mung, alles ist darauf ausgelegt, die Erfahrungen mit dem Wasser in all seinen Zust\u00e4nden zu vervielfachen. F\u00fcr diejenigen, die eher auf der Suche nach Entspannung sind, <strong>gibt es beheizte Schwimmb\u00e4der<\/strong>, <strong>Whirlpools<\/strong> und <strong>Planschbecken<\/strong>. Die J\u00fcngsten werden in sicherer Umgebung \u00fcben, um zu erfahrenen Schwimmern zu werden. Nutzen Sie alle M\u00f6glichkeiten, die dieser au\u00dfergew\u00f6hnliche Ort bietet, um Ihren Koeffizienten f\u00fcr pures gemeinsames Gl\u00fcck zu erh\u00f6hen. Neben all diesen Becken, in denen Sie sich von der Freude \u00fcberw\u00e4ltigen lassen k\u00f6nnen, haben Sie die M\u00f6glichkeit, in unseren speziellen Bereichen andere <a href=\"https:\/\/floride.fr\/de\/aktivitaeten-unterhaltung\/\">sportliche oder entspannende<\/a> Aktivit\u00e4ten auszu\u00fcben. Sportliche Aktivit\u00e4ten oder Entspannung Was auch immer Ihre W\u00fcnsche sind, wir stellen Ihnen Strukturen und Einrichtungen zur Verf\u00fcgung, die Sie nicht gleichg\u00fcltig lassen werden. Ob mit der Familie oder mit Freunden, Ihr Aufenthalt steht ganz im Zeichen des Paradieses!<\/p>\n\n\n\n<figure class=\"wp-block-gallery has-nested-images columns-6 is-cropped diaporama--3\">\n<figure class=\"wp-block-image size-large\"><img loading=\"lazy\" width=\"1500\" height=\"1000\" src=\"https:\/\/floride.fr\/wp-content\/uploads\/2022\/05\/IMG_1089.jpg\" alt=\"\" class=\"wp-image-4505\" srcset=\"https:\/\/floride.fr\/wp-content\/uploads\/2022\/05\/IMG_1089.jpg 1500w, https:\/\/floride.fr\/wp-content\/uploads\/2022\/05\/IMG_1089-300x200.jpg 300w, https:\/\/floride.fr\/wp-content\/uploads\/2022\/05\/IMG_1089-1024x683.jpg 1024w, https:\/\/floride.fr\/wp-content\/uploads\/2022\/05\/IMG_1089-768x512.jpg 768w\" sizes=\"(max-width: 1500px) 100vw, 1500px\" \/><\/figure>\n\n\n\n<figure class=\"wp-block-image size-large\"><img loading=\"lazy\" width=\"2560\" height=\"1707\" src=\"https:\/\/floride.fr\/wp-content\/uploads\/2022\/05\/media-88995876-004-2-scaled.jpg\" alt=\"\" class=\"wp-image-4219\" srcset=\"https:\/\/floride.fr\/wp-content\/uploads\/2022\/05\/media-88995876-004-2-scaled.jpg 2560w, https:\/\/floride.fr\/wp-content\/uploads\/2022\/05\/media-88995876-004-2-300x200.jpg 300w, https:\/\/floride.fr\/wp-content\/uploads\/2022\/05\/media-88995876-004-2-1024x683.jpg 1024w, https:\/\/floride.fr\/wp-content\/uploads\/2022\/05\/media-88995876-004-2-768x512.jpg 768w, https:\/\/floride.fr\/wp-content\/uploads\/2022\/05\/media-88995876-004-2-1536x1024.jpg 1536w, https:\/\/floride.fr\/wp-content\/uploads\/2022\/05\/media-88995876-004-2-2048x1365.jpg 2048w\" sizes=\"(max-width: 2560px) 100vw, 2560px\" \/><\/figure>\n\n\n\n<figure class=\"wp-block-image size-large\"><img loading=\"lazy\" width=\"2560\" height=\"1703\" src=\"https:\/\/floride.fr\/wp-content\/uploads\/2022\/05\/PISCINE-COUVERTE-AQUAGYM-0692-scaled.jpg\" alt=\"\" class=\"wp-image-4038\" srcset=\"https:\/\/floride.fr\/wp-content\/uploads\/2022\/05\/PISCINE-COUVERTE-AQUAGYM-0692-scaled.jpg 2560w, https:\/\/floride.fr\/wp-content\/uploads\/2022\/05\/PISCINE-COUVERTE-AQUAGYM-0692-300x200.jpg 300w, https:\/\/floride.fr\/wp-content\/uploads\/2022\/05\/PISCINE-COUVERTE-AQUAGYM-0692-1024x681.jpg 1024w, https:\/\/floride.fr\/wp-content\/uploads\/2022\/05\/PISCINE-COUVERTE-AQUAGYM-0692-768x511.jpg 768w, https:\/\/floride.fr\/wp-content\/uploads\/2022\/05\/PISCINE-COUVERTE-AQUAGYM-0692-1536x1022.jpg 1536w, https:\/\/floride.fr\/wp-content\/uploads\/2022\/05\/PISCINE-COUVERTE-AQUAGYM-0692-2048x1363.jpg 2048w\" sizes=\"(max-width: 2560px) 100vw, 2560px\" \/><\/figure>\n\n\n\n<figure class=\"wp-block-image size-large\"><img loading=\"lazy\" width=\"1194\" height=\"794\" src=\"https:\/\/floride.fr\/wp-content\/uploads\/2022\/05\/tente-2-1.jpg\" alt=\"\" class=\"wp-image-3825\" srcset=\"https:\/\/floride.fr\/wp-content\/uploads\/2022\/05\/tente-2-1.jpg 1194w, https:\/\/floride.fr\/wp-content\/uploads\/2022\/05\/tente-2-1-300x199.jpg 300w, https:\/\/floride.fr\/wp-content\/uploads\/2022\/05\/tente-2-1-1024x681.jpg 1024w, https:\/\/floride.fr\/wp-content\/uploads\/2022\/05\/tente-2-1-768x511.jpg 768w\" sizes=\"(max-width: 1194px) 100vw, 1194px\" \/><\/figure>\n\n\n\n<figure class=\"wp-block-image size-large\"><img loading=\"lazy\" width=\"2560\" height=\"1703\" src=\"https:\/\/floride.fr\/wp-content\/uploads\/2022\/05\/EMPLACEMENT-CAMPING-CAR-1112-scaled.jpg\" alt=\"\" class=\"wp-image-3553\" srcset=\"https:\/\/floride.fr\/wp-content\/uploads\/2022\/05\/EMPLACEMENT-CAMPING-CAR-1112-scaled.jpg 2560w, https:\/\/floride.fr\/wp-content\/uploads\/2022\/05\/EMPLACEMENT-CAMPING-CAR-1112-300x200.jpg 300w, https:\/\/floride.fr\/wp-content\/uploads\/2022\/05\/EMPLACEMENT-CAMPING-CAR-1112-1024x681.jpg 1024w, https:\/\/floride.fr\/wp-content\/uploads\/2022\/05\/EMPLACEMENT-CAMPING-CAR-1112-768x511.jpg 768w, https:\/\/floride.fr\/wp-content\/uploads\/2022\/05\/EMPLACEMENT-CAMPING-CAR-1112-1536x1022.jpg 1536w, https:\/\/floride.fr\/wp-content\/uploads\/2022\/05\/EMPLACEMENT-CAMPING-CAR-1112-2048x1363.jpg 2048w\" sizes=\"(max-width: 2560px) 100vw, 2560px\" \/><\/figure>\n\n\n\n<figure class=\"wp-block-image size-large\"><img loading=\"lazy\" width=\"2560\" height=\"1707\" src=\"https:\/\/floride.fr\/wp-content\/uploads\/2022\/05\/A7R5910-1-scaled.jpg\" alt=\"\" class=\"wp-image-3543\" srcset=\"https:\/\/floride.fr\/wp-content\/uploads\/2022\/05\/A7R5910-1-scaled.jpg 2560w, https:\/\/floride.fr\/wp-content\/uploads\/2022\/05\/A7R5910-1-300x200.jpg 300w, https:\/\/floride.fr\/wp-content\/uploads\/2022\/05\/A7R5910-1-1024x683.jpg 1024w, https:\/\/floride.fr\/wp-content\/uploads\/2022\/05\/A7R5910-1-768x512.jpg 768w, https:\/\/floride.fr\/wp-content\/uploads\/2022\/05\/A7R5910-1-1536x1024.jpg 1536w, https:\/\/floride.fr\/wp-content\/uploads\/2022\/05\/A7R5910-1-2048x1365.jpg 2048w\" sizes=\"(max-width: 2560px) 100vw, 2560px\" \/><\/figure>\n<\/figure>\n\n\n\n<div style=\"height:50px\" aria-hidden=\"true\" class=\"wp-block-spacer\"><\/div>\n\n\n\n<div class=\"wp-block-columns\">\n<div class=\"wp-block-column\">\n<h2 class=\"has-couleur-4-color has-text-color\" id=\"collioure-cite-des-peintres-les-sites-incontournables-a-visiter-2\">Erkunden Sie die Umgebung von Collioure von Ihrem Feriendorf Le Floride aus<\/h2>\n\n\n\n<p>Der 5-Sterne-Campingplatz \u201eLe Floride\u201c in den Pyr\u00e9n\u00e9es-Orientales ist zweifellos der Urlaubsort, von dem Sie schon immer getr\u00e4umt haben. Stellen Sie Ihre Tr\u00e4ume der Realit\u00e4t gegen\u00fcber, indem Sie sich bei uns aufhalten. Sie werden sehen, dass diese manchmal sogar die k\u00fchnsten Tr\u00e4ume \u00fcbertreffen kann. In <strong>Collioure und Umgebung k\u00f6nnen<\/strong> Sie in aller Ruhe die sch\u00f6nsten Orte erkunden! Depuis notre camping \u00e0 Barcar\u00e8s, les <strong>villes incontournables des Pyr\u00e9n\u00e9es-Orientales<\/strong> sont \u00e0 votre port\u00e9e. Entdecken Sie die Hauptstadt Kataloniens und des K\u00f6nigreichs Mallorca in <a href=\"https:\/\/floride.fr\/de\/perpignan\/\">Perpignan<\/a>, die felsige und sandige K\u00fcste in <a href=\"https:\/\/floride.fr\/de\/argeles-sur-mer\/\">Argel\u00e8s sur Mer<\/a>, <strong>Torreilles<\/strong> oder auch in <a href=\"https:\/\/floride.fr\/de\/barcares\/\">Port Barcar\u00e8s<\/a>. Ideal gelegen <strong>vor den Toren des Departements<\/strong> Aude an <strong>der Mittelmeerk\u00fcste<\/strong>, erwarten Sie im <strong>Roussillon<\/strong> ganz in der N\u00e4he Ihres Feriendomizils au\u00dfergew\u00f6hnliche nat\u00fcrliche und historische Sehensw\u00fcrdigkeiten. Fahren Sie entlang der K\u00fcste von Norden nach S\u00fcden und entdecken Sie die sch\u00f6nsten<a href=\"https:\/\/floride.fr\/tourisme\/plus-belles-plages-pyrenees-orientales\/\"> Str\u00e4nde der Pyr\u00e9n\u00e9es-Orientales<\/a>, vorbei an unber\u00fchrten oder lebhaften Badeorten, mit gesch\u00fctzten Lagunen wie der in der Gemeinde <a href=\"https:\/\/floride.fr\/de\/leucate\/\">Leucate <\/a>bei Narbonne oder der von Marseillan-S\u00e8te \u2013 weniger als 1,5 Stunden Autofahrt vom Campingplatz entfernt. <\/p>\n<\/div>\n\n\n\n<div class=\"wp-block-column\">\n<figure class=\"wp-block-gallery has-nested-images columns-default is-cropped\">\n<figure class=\"wp-block-image size-full\"><img loading=\"lazy\" width=\"1275\" height=\"1027\" src=\"https:\/\/floride.fr\/wp-content\/uploads\/2023\/03\/boat-geba3047d5_1920.jpg\" alt=\"\" class=\"wp-image-9139\" srcset=\"https:\/\/floride.fr\/wp-content\/uploads\/2023\/03\/boat-geba3047d5_1920.jpg 1275w, https:\/\/floride.fr\/wp-content\/uploads\/2023\/03\/boat-geba3047d5_1920-300x242.jpg 300w, https:\/\/floride.fr\/wp-content\/uploads\/2023\/03\/boat-geba3047d5_1920-1024x825.jpg 1024w, https:\/\/floride.fr\/wp-content\/uploads\/2023\/03\/boat-geba3047d5_1920-768x619.jpg 768w\" sizes=\"(max-width: 1275px) 100vw, 1275px\" \/><\/figure>\n<\/figure>\n<\/div>\n<\/div>\n\n\n\n<div style=\"height:100px\" aria-hidden=\"true\" class=\"wp-block-spacer\"><\/div>\n<\/div><\/div>\n","protected":false},"excerpt":{"rendered":"<p>Ihr Feriendorf in Collioure, ein Paradies in Ihrer Reichweite Bringt der Name Collioure Sie zum Tr\u00e4umen? Dieses Juwel der \u00f6stlichen Pyren\u00e4en hat viele K\u00fcnstler angezogen und empf\u00e4ngt jedes Jahr zahlreiche Touristen. Unser 5-Sterne-Campingplatz \u201eLe Floride\u201c, ein Feriendorf 40 Minuten von Collioure entfernt, ist der ideale Ort, um alle Sehensw\u00fcrdigkeiten der Stadt zu entdecken. Zwischen hochwertigen [&hellip;]<\/p>\n","protected":false},"author":1,"featured_media":0,"parent":0,"menu_order":0,"comment_status":"closed","ping_status":"closed","template":"","meta":[],"acf":[],"_links":{"self":[{"href":"https:\/\/floride.fr\/de\/wp-json\/wp\/v2\/pages\/8429"}],"collection":[{"href":"https:\/\/floride.fr\/de\/wp-json\/wp\/v2\/pages"}],"about":[{"href":"https:\/\/floride.fr\/de\/wp-json\/wp\/v2\/types\/page"}],"author":[{"embeddable":true,"href":"https:\/\/floride.fr\/de\/wp-json\/wp\/v2\/users\/1"}],"replies":[{"embeddable":true,"href":"https:\/\/floride.fr\/de\/wp-json\/wp\/v2\/comments?post=8429"}],"version-history":[{"count":6,"href":"https:\/\/floride.fr\/de\/wp-json\/wp\/v2\/pages\/8429\/revisions"}],"predecessor-version":[{"id":16309,"href":"https:\/\/floride.fr\/de\/wp-json\/wp\/v2\/pages\/8429\/revisions\/16309"}],"wp:attachment":[{"href":"https:\/\/floride.fr\/de\/wp-json\/wp\/v2\/media?parent=8429"}],"curies":[{"name":"wp","href":"https:\/\/api.w.org\/{rel}","templated":true}]}}