{"id":8449,"date":"2023-02-03T10:51:02","date_gmt":"2023-02-03T09:51:02","guid":{"rendered":"https:\/\/floride.fr\/chaletvermietung-in-pyrenees-orientales\/"},"modified":"2025-11-05T13:47:49","modified_gmt":"2025-11-05T12:47:49","slug":"chaletvermietung-in-pyrenees-orientales","status":"publish","type":"page","link":"https:\/\/floride.fr\/de\/chaletvermietung-in-pyrenees-orientales\/","title":{"rendered":"Chaletvermietung in Pyr\u00e9n\u00e9es Orientales"},"content":{"rendered":"\n<figure class=\"wp-block-image alignfull size-large F-00-b\"><img src=\"https:\/\/floride.fr\/wp-content\/uploads\/2022\/05\/&#xA9;LeFloride-080-1-1024x682.jpg\" alt=\"Vermietung von Chalets Pyrenees Orientales Camping le floride\" class=\"wp-image-4836\"\/><\/figure>\n\n<h1 class=\"has-text-align-center has-couleur-1-color has-text-color\" id=\"location-de-chalet-en-pyrenees-orientales-au-camping-le-floride\">Chaletvermietung in den \u00f6stlichen Pyren\u00e4en auf dem Campingplatz Le Floride in Barcar\u00e8s<\/h1>\n\n<p class=\"has-text-align-center\">Unter all unseren <a href=\"https:\/\/floride.fr\/de\/vermietungen\/\">Ferienunterk\u00fcnften in Barcar\u00e8s<\/a> k\u00f6nnen Sie ein einzigartiges Erlebnis in einem Chalet auf einem <a href=\"https:\/\/floride.fr\/camping-pyrenees-orientales-bord-de-mer\/\">Campingplatz in den Pyr\u00e9n\u00e9es-Orientales<\/a> direkt am Meer genie\u00dfen. Unsere 5-Sterne-Anlage bietet erstklassige Leistungen, damit Sie einen <strong>einzigartigen Urlaub verbringen k\u00f6nnen.<\/strong> Sie haben <strong>direkten Zugang zum Strand von Barcar\u00e8s<\/strong>, wo Sie sich entspannen und den atemberaubenden Blick auf das Meer genie\u00dfen k\u00f6nnen. Mit seinem Aussehen wie ein &#8222;Feriendorf&#8220; l\u00e4sst Sie unser Campingplatz in eine ganz andere Welt eintauchen. Garantierter Tapetenwechsel dank eines 360\u00b0-Erlebnisses inmitten einer polynesischen Atmosph\u00e4re, die Reiselustige in ihren Bann ziehen wird.<\/p>\n\n<p><\/p>\n\n<div class=\"wp-container-69e7e41a6ff05 wp-block-group\"><div class=\"wp-block-group__inner-container\">\n<div class=\"wp-container-69e7e41a6fc3a wp-block-group\"><div class=\"wp-block-group__inner-container\">\n<div class=\"wp-block-columns F-05-a\">\n<div class=\"wp-block-column\">\n<div style=\"height:50px\" aria-hidden=\"true\" class=\"wp-block-spacer\"><\/div>\n\n\n\n<h2 id=\"des-chalets-de-prestige-au-bord-de-la-mer-mediterranee\">Prestigetr\u00e4chtige Chalets am Mittelmeer<\/h2>\n\n\n\n<p>Entdecken Sie unsere luxuri\u00f6sen Chalets am Mittelmeer. Diese Unterk\u00fcnfte aus Holz versetzen Sie in eine andere Welt, ohne dabei Ihren Komfort zu vernachl\u00e4ssigen. So kommen Sie in den Genuss zahlreicher Annehmlichkeiten : <\/p>\n\n\n\n<ul><li>Mikrowelle<\/li><li>einen K\u00fchlschrank<\/li><li>die Klimaanlage<\/li><li>ein Fernseher<\/li><li>das Wifi<\/li><li>eine Kaffeemaschine<\/li><li>und sogar Gebrauchsgeschirr f\u00fcr alle Ihre Mahlzeiten<\/li><\/ul>\n\n\n\n<p>Schlie\u00dflich k\u00f6nnen Sie Ihre <strong>privaten Gartenm\u00f6bel mit zwei Liegest\u00fchlen nutzen<\/strong>, die auf Sie warten, um sich zu entspannen. Eine paradiesische <strong>Ecke in einem Chalet im Languedoc-Roussillon<\/strong>, in der Sie neue Energie tanken und Ihre ganze Familie verw\u00f6hnen k\u00f6nnen.<\/p>\n<\/div>\n\n\n\n<div class=\"wp-block-column is-vertically-aligned-center\">\n<figure class=\"wp-block-gallery has-nested-images columns-default is-cropped\">\n<figure class=\"wp-block-image size-large\"><img loading=\"lazy\" width=\"1024\" height=\"683\" src=\"https:\/\/floride.fr\/wp-content\/uploads\/2022\/10\/130-camping-le-floride-1024px.jpg\" alt=\"\" class=\"wp-image-6972\" srcset=\"https:\/\/floride.fr\/wp-content\/uploads\/2022\/10\/130-camping-le-floride-1024px.jpg 1024w, https:\/\/floride.fr\/wp-content\/uploads\/2022\/10\/130-camping-le-floride-1024px-300x200.jpg 300w, https:\/\/floride.fr\/wp-content\/uploads\/2022\/10\/130-camping-le-floride-1024px-768x512.jpg 768w\" sizes=\"(max-width: 1024px) 100vw, 1024px\" \/><\/figure>\n\n\n\n<figure class=\"wp-block-image size-large\"><img loading=\"lazy\" width=\"2560\" height=\"1707\" src=\"https:\/\/floride.fr\/wp-content\/uploads\/2022\/05\/A7R5381-scaled.jpg\" alt=\"\" class=\"wp-image-4831\" srcset=\"https:\/\/floride.fr\/wp-content\/uploads\/2022\/05\/A7R5381-scaled.jpg 2560w, https:\/\/floride.fr\/wp-content\/uploads\/2022\/05\/A7R5381-300x200.jpg 300w, https:\/\/floride.fr\/wp-content\/uploads\/2022\/05\/A7R5381-1024x683.jpg 1024w, https:\/\/floride.fr\/wp-content\/uploads\/2022\/05\/A7R5381-768x512.jpg 768w, https:\/\/floride.fr\/wp-content\/uploads\/2022\/05\/A7R5381-1536x1024.jpg 1536w, https:\/\/floride.fr\/wp-content\/uploads\/2022\/05\/A7R5381-2048x1365.jpg 2048w\" sizes=\"(max-width: 2560px) 100vw, 2560px\" \/><\/figure>\n<\/figure>\n<\/div>\n<\/div>\n\n\n\n<div style=\"height:30px\" aria-hidden=\"true\" class=\"wp-block-spacer\"><\/div>\n\n\n\n<p>All dies in einer <strong>traumhaften Lage<\/strong>, die es Ihnen erm\u00f6glicht, den direkten Zugang <a href=\"https:\/\/floride.fr\/de\/direkter-zugang-zum-strand\/\">zum Strand von Barcar\u00e8s zu genie\u00dfen<\/a>, der nur wenige hundert Meter entfernt ist. So k\u00f6nnen Sie die Seeluft genie\u00dfen und gleichzeitig in eine lebhafte und <strong>gesellige polynesische Atmosph\u00e4re eintauchen.<\/strong> Eine echte Abwechslung f\u00fcr einen v\u00f6llig einzigartigen Urlaub. Obwohl unsere Chalets winterliche Assoziationen wecken, sind diese Strukturen nicht nur f\u00fcr Aufenthalte in den Bergen reserviert. Sie sorgen auch daf\u00fcr, dass bei gro\u00dfer Hitze ein echtes Urlaubsfeeling aufkommt und eine ganz andere Atmosph\u00e4re entsteht. Auf diese Weise k\u00f6nnen Sie sich wie in einer H\u00fctte im Herzen Polynesiens f\u00fchlen, ohne dabei Ihren Komfort oder die Aktivit\u00e4ten rundherum zu vernachl\u00e4ssigen.<\/p>\n<\/div><\/div>\n<\/div><\/div>\n\n<div class=\"wp-container-69e7e41a70580 wp-block-group\"><div class=\"wp-block-group__inner-container\">\n<h2 id=\"vivez-une-aventure-unique-en-famille-ou-entre-amis\">Erleben Sie ein einzigartiges Abenteuer mit der Familie oder mit Freunden<\/h2>\n\n\n\n<p>Damit Sie Ihre Abenteuer mit mehreren Personen teilen k\u00f6nnen, <strong>bieten unsere Chalets Platz f\u00fcr 4 bis 8 Personen.<\/strong> Eine ideale Gelegenheit, um mit Freunden oder der Familie an einen zeitlosen Ort zu fahren und eine einzigartige Erfahrung am Meer zu machen. All das, w\u00e4hrend Sie die Animationen und den Komfort unseres 5-Sterne-Campingplatzes genie\u00dfen. Wenn Sie eine <strong>Unterkunft in einem Chalet in der N\u00e4he von Perpignan<\/strong> suchen, sollten Sie den Campingplatz Le Floride in Barcar\u00e8s aufsuchen, um einen Urlaub mit allem Komfort zu erleben und dabei die beliebte Campingatmosph\u00e4re nicht zu vergessen. Es <strong>werden zahlreiche Aktivit\u00e4ten angeboten<\/strong>, ebenso wie die Animationen des Campingplatzes, die Gro\u00df und Klein w\u00e4hrend ihres gesamten Aufenthalts besch\u00e4ftigen werden. Nehmen Sie sie mit ins Schwimmbad, ans Meer, in den Wasserpark, auf Wanderungen, Fahrradtouren und vieles mehr &#8211; und das alles nur ein paar hundert Meter von Ihrer Unterkunft entfernt.<\/p>\n\n\n\n<p>Alle <strong>unsere Dienstleistungen sind im Mietpreis inbegriffen<\/strong>, sodass Sie keine falschen Kosten haben. Sie k\u00f6nnen ein Chalet mit einer angepassten Anzahl von Zimmern w\u00e4hlen, aber auch <strong>verschiedene Standorte auf dem Campingplatz<\/strong>, um Ihr Erlebnis individuell zu gestalten. Schlie\u00dflich gibt es in unseren <strong>Chalets verschiedene Komfortklassen<\/strong>, um den Erwartungen von Abenteurern, aber auch von Familien mit besonderen Anspr\u00fcchen gerecht zu werden. <\/p>\n\n\n\n<h3 class=\"has-couleur-4-color has-text-color\" id=\"choisir-son-emplacement-de-chalet-pres-de-perpignan\">Die Wahl des Standorts f\u00fcr ein Chalet in der N\u00e4he von Perpignan<\/h3>\n\n\n\n<p>Um Ihnen bei der Wahl Ihres Stellplatzes zu helfen, empfehlen wir Ihnen, sich den <a rel=\"noreferrer noopener\" href=\"https:\/\/floride.fr\/wp-content\/uploads\/2022\/05\/Plan-RV-compresse-2.pdf\" target=\"_blank\">Plan des Campingplatzes<\/a> und die verschiedenen verf\u00fcgbaren Lokalisierungen anzusehen. So k\u00f6nnen Sie je nach Verf\u00fcgbarkeit den Ort, die Ausstellung und das Ambiente ausw\u00e4hlen, das Ihnen am besten gef\u00e4llt. Es ist auch die Gelegenheit, alle Dienstleistungen zu entdecken, die <strong>unser 5-Sterne-Campingplatz<\/strong> zu bieten hat, und Ihren Stellplatz nach Ihren Interessenschwerpunkten auszuw\u00e4hlen, insbesondere in Bezug auf die Aktivit\u00e4ten des Campingplatzes.<\/p>\n\n\n\n<p>W\u00e4hlen Sie aus unseren 3 Chaletmodellen : <\/p>\n\n\n\n<ul><li><strong>Ciela Privil\u00e8ge Tropisches Chalet 3 Schlafzimmer 6\/8 Personen <\/strong><\/li><li><strong>Ciela Confort Chalet mit 2 Schlafzimmern f\u00fcr 5 Personen<\/strong><\/li><li><strong style=\"color: initial;\">Ciela Confort Chalet mit 3 Schlafzimmern f\u00fcr 6 Personen<\/strong><\/li><\/ul>\n\n\n\n<div class=\"wp-container-69e7e41a702cc wp-block-buttons\">\n<div class=\"wp-block-button btn_resa\"><a class=\"wp-block-button__link has-couleur-2-background-color has-background\"><i class=\"fal fa-search\"><\/i> Buchen<\/a><\/div>\n<\/div>\n<\/div><\/div>\n\n<section class=\"wp-container-69e7e41a70966 wp-block-group F-15-a vague-top ligne1-top has-bg-1-background-color has-background\"><div class=\"wp-block-group__inner-container\">\n<p class=\"titre2 has-couleur-1-color has-text-color\" id=\"decouvrez-notre-location-la-suite-riviera-premium-un-vrai-succes\">Die Pyr\u00e9n\u00e9es-Orientales: touristische Wiege mit gro\u00dfem kulturellem Reichtum<\/p>\n\n\n\n<div class=\"wp-block-media-text is-stacked-on-mobile is-image-fill\"><figure class=\"wp-block-media-text__media\" style=\"background-image:url(https:\/\/floride.fr\/wp-content\/uploads\/2022\/07\/Ville-de-Perpignan-Pyrenees-Orientales-1024x682.jpg);background-position:48% 69%\"><img loading=\"lazy\" width=\"1024\" height=\"682\" src=\"https:\/\/floride.fr\/wp-content\/uploads\/2022\/07\/Ville-de-Perpignan-Pyrenees-Orientales-1024x682.jpg\" alt=\"\" class=\"wp-image-5891 size-full\" srcset=\"https:\/\/floride.fr\/wp-content\/uploads\/2022\/07\/Ville-de-Perpignan-Pyrenees-Orientales-1024x682.jpg 1024w, https:\/\/floride.fr\/wp-content\/uploads\/2022\/07\/Ville-de-Perpignan-Pyrenees-Orientales-300x200.jpg 300w, https:\/\/floride.fr\/wp-content\/uploads\/2022\/07\/Ville-de-Perpignan-Pyrenees-Orientales-768x512.jpg 768w, https:\/\/floride.fr\/wp-content\/uploads\/2022\/07\/Ville-de-Perpignan-Pyrenees-Orientales.jpg 1280w\" sizes=\"(max-width: 1024px) 100vw, 1024px\" \/><\/figure><div class=\"wp-block-media-text__content\">\n<h2 class=\"titre3 has-couleur-4-color has-text-color\" id=\"vos-vacances-en-chalet-dans-les-pyrenees-orientales\">Ihr Urlaub in einem Chalet in den Pyr\u00e9n\u00e9es-Orientales<\/h2>\n\n\n\n<p>Wenn Sie sich f\u00fcr eine Ferienhausvermietung in den Pyr\u00e9n\u00e9es-Orientales entscheiden, k\u00f6nnen Sie sicher sein, dass Sie den ganzen nat\u00fcrlichen und kulturellen Reichtum der Region genie\u00dfen k\u00f6nnen. Sie k\u00f6nnen das f\u00fcr die Pyr\u00e9n\u00e9es-Orientales zwischen Meer und Bergen typische Klima genie\u00dfen. Man kann ganz einfach dem Alltag entfliehen, ohne lange Reisen unternehmen zu m\u00fcssen. <a href=\"https:\/\/floride.fr\/de\/umgebung\/\">Ein Besuch in den Pyr\u00e9n\u00e9es-Orientales <\/a>bedeutet auch, den Geist des S\u00fcdens mit seinen dynamischen Stadtzentren und ihrer festlichen Atmosph\u00e4re zu erleben.<\/p>\n\n\n\n<p>Sie k\u00f6nnen mit dem <strong>Fahrrad zu einem<\/strong> Spaziergang aufbrechen oder ein echtes Abenteuer im Wald erleben. An Pisten mangelt es nicht, und <strong>Barcar\u00e8s<\/strong> ist der ideale Ort, um sich wieder mit seiner Umgebung zu verbinden. Sie k\u00f6nnen auch die Atmosph\u00e4re am Meer genie\u00dfen, indem Sie am Strand ein Glas trinken, Ihre Br\u00e4une perfektionieren oder sich im Wasserpark des Campingplatzes austoben. Es ist auch eine Gelegenheit, die Geschichte der Region zu verfolgen, indem man die <strong>Schl\u00f6sser, Kirchen und zahlreichen historischen Denkm\u00e4ler besichtigt,<\/strong> die den Ruf der Pyr\u00e9n\u00e9es-Orientales ausmachen.<\/p>\n\n\n\n<div style=\"height:50px\" aria-hidden=\"true\" class=\"wp-block-spacer\"><\/div>\n<\/div><\/div>\n\n\n\n<div style=\"height:70px\" aria-hidden=\"true\" class=\"wp-block-spacer\"><\/div>\n\n\n\n<p class=\"titre3 has-couleur-1-color has-text-color\">Entdecken Sie auch unsere anderen Unterk\u00fcnfte : <\/p>\n\n\n\n<ul><li>Unsere <a href=\"https:\/\/floride.fr\/de\/ungewoehnliche-ferienunterkuenfte-in-pyrenees-orientales\/\">ungew\u00f6hnlichen Unterk\u00fcnfte in den Pyr\u00e9n\u00e9es-Orientales<\/a><\/li><li>Unsere <a href=\"https:\/\/floride.fr\/de\/vermietung-von-mobilheimen-pyrenees-orientales\/\">Mobilheimvermietungen in der N\u00e4he von Perpignan<\/a><\/li><\/ul>\n\n\n\n<div style=\"height:20px\" aria-hidden=\"true\" class=\"wp-block-spacer\"><\/div>\n<\/div><\/section>\n","protected":false},"excerpt":{"rendered":"<p>Chaletvermietung in den \u00f6stlichen Pyren\u00e4en auf dem Campingplatz Le Floride in Barcar\u00e8s Unter all unseren Ferienunterk\u00fcnften in Barcar\u00e8s k\u00f6nnen Sie ein einzigartiges Erlebnis in einem Chalet auf einem Campingplatz in den Pyr\u00e9n\u00e9es-Orientales direkt am Meer genie\u00dfen. Unsere 5-Sterne-Anlage bietet erstklassige Leistungen, damit Sie einen einzigartigen Urlaub verbringen k\u00f6nnen. Sie haben direkten Zugang zum Strand von [&hellip;]<\/p>\n","protected":false},"author":1,"featured_media":0,"parent":0,"menu_order":0,"comment_status":"closed","ping_status":"closed","template":"","meta":[],"acf":[],"_links":{"self":[{"href":"https:\/\/floride.fr\/de\/wp-json\/wp\/v2\/pages\/8449"}],"collection":[{"href":"https:\/\/floride.fr\/de\/wp-json\/wp\/v2\/pages"}],"about":[{"href":"https:\/\/floride.fr\/de\/wp-json\/wp\/v2\/types\/page"}],"author":[{"embeddable":true,"href":"https:\/\/floride.fr\/de\/wp-json\/wp\/v2\/users\/1"}],"replies":[{"embeddable":true,"href":"https:\/\/floride.fr\/de\/wp-json\/wp\/v2\/comments?post=8449"}],"version-history":[{"count":5,"href":"https:\/\/floride.fr\/de\/wp-json\/wp\/v2\/pages\/8449\/revisions"}],"predecessor-version":[{"id":15462,"href":"https:\/\/floride.fr\/de\/wp-json\/wp\/v2\/pages\/8449\/revisions\/15462"}],"wp:attachment":[{"href":"https:\/\/floride.fr\/de\/wp-json\/wp\/v2\/media?parent=8449"}],"curies":[{"name":"wp","href":"https:\/\/api.w.org\/{rel}","templated":true}]}}