{"id":8496,"date":"2023-02-03T16:18:41","date_gmt":"2023-02-03T15:18:41","guid":{"rendered":"https:\/\/floride.fr\/vermietung-von-mobilheimen-pyrenees-orientales\/"},"modified":"2025-11-05T13:39:41","modified_gmt":"2025-11-05T12:39:41","slug":"vermietung-von-mobilheimen-pyrenees-orientales","status":"publish","type":"page","link":"https:\/\/floride.fr\/de\/vermietung-von-mobilheimen-pyrenees-orientales\/","title":{"rendered":"Vermietung von Mobilheimen in den Pyr\u00e9n\u00e9es-Orientales"},"content":{"rendered":"\n<figure class=\"wp-block-image alignfull size-large F-00-b\"><img loading=\"lazy\" width=\"1024\" height=\"682\" src=\"https:\/\/floride.fr\/wp-content\/uploads\/2022\/05\/01-FLORIDE-TEST-L-FIN-0258-1024x682.jpg\" alt=\"Vermietung von Mobilheimen in den &#xF6;stlichen Pyren&#xE4;en in Florida und l'embouchure\" class=\"wp-image-3849\" srcset=\"https:\/\/floride.fr\/wp-content\/uploads\/2022\/05\/01-FLORIDE-TEST-L-FIN-0258-1024x682.jpg 1024w, https:\/\/floride.fr\/wp-content\/uploads\/2022\/05\/01-FLORIDE-TEST-L-FIN-0258-300x200.jpg 300w, https:\/\/floride.fr\/wp-content\/uploads\/2022\/05\/01-FLORIDE-TEST-L-FIN-0258-768x511.jpg 768w, https:\/\/floride.fr\/wp-content\/uploads\/2022\/05\/01-FLORIDE-TEST-L-FIN-0258-1536x1022.jpg 1536w, https:\/\/floride.fr\/wp-content\/uploads\/2022\/05\/01-FLORIDE-TEST-L-FIN-0258-2048x1363.jpg 2048w\" sizes=\"(max-width: 1024px) 100vw, 1024px\" \/><\/figure>\n\n<h1 class=\"has-text-align-center has-couleur-1-color has-text-color\" id=\"location-de-mobil-home-dans-les-pyrenees-orientales-camping-le-floride\">Mobilheimvermietung in den \u00f6stlichen Pyren\u00e4en: Campingplatz Le Floride<\/h1>\n\n<p class=\"has-text-align-center\">Der Campingplatz Le Floride in Barcar\u00e8s (66) ist <strong>eine gehobene 5-Sterne-Anlage.<\/strong> Wenn Sie auf der Suche nach einem Campingurlaub sind, ohne dabei auf Komfort verzichten zu m\u00fcssen, werden Sie von unseren <a href=\"https:\/\/floride.fr\/de\/vermietungen\/\">Ferienunterk\u00fcnften in Barcar\u00e8s<\/a> und insbesondere unseren Mobilheimen begeistert sein. Diese sind in den vier Ecken des Campingplatzes verteilt, sodass Sie sich den f\u00fcr Sie passenden Platz aussuchen k\u00f6nnen. Genie\u00dfen Sie einen <strong>Urlaub in der Sonne in S\u00fcdfrankreich<\/strong> auf einem Campingplatz, der alle Merkmale eines Feriendorfes aufweist. F\u00fcr einen totalen Tapetenwechsel entf\u00fchren wir Sie in eine tropische Welt im Herzen Polynesiens, wo Sie alle Arten von Animationen entdecken k\u00f6nnen, die speziell auf Sie zugeschnitten sind. Ein 360\u00b0-Erlebnis, das durch einen riesigen Wasserpark, der Ihnen zur Verf\u00fcgung steht, erg\u00e4nzt wird. Hier kommen Gro\u00df und Klein gleicherma\u00dfen auf ihre Kosten, in einer privilegierten Lage zwischen Meer und Fluss im Herzen der Pyr\u00e9n\u00e9es-Orientales.<\/p>\n\n<h2 id=\"decouvrez-nos-locations-de-mobil-homes-de-2-a-8-personnes-a-proximite-de-perpignan\">Entdecken Sie unsere Mobilheimvermietungen f\u00fcr 2 bis 8 Personen in der N\u00e4he von Perpignan<\/h2>\n\n<p>Wenn Sie auf der Suche nach einem einzigartigen Campingplatz mit au\u00dfergew\u00f6hnlichen Unterk\u00fcnften sind, besuchen Sie unsere Mobilheime in Barcar\u00e8s in den Pyr\u00e9n\u00e9es-Orientales. Um Ihren Bed\u00fcrfnissen gerecht zu werden, bieten wir sie nicht nur in verschiedenen Typen, sondern auch mit unterschiedlichen Ausstellungen an. Sie k\u00f6nnen sich so nah wie m\u00f6glich am Meer positionieren, um nur wenige Schritte von den Str\u00e4nden entfernt zu sein, oder sich unserem <a href=\"https:\/\/floride.fr\/de\/wasserpark\/\">Wasserpark in der N\u00e4he von Perpigna<\/a>n n\u00e4hern, um die Attraktionen optimal zu nutzen, w\u00e4hrend Sie nach Lust und Laune in Ihr Mobilheim zur\u00fcckkehren k\u00f6nnen.<\/p>\n\n<div class=\"wp-container-69d1002e1543a wp-block-group F-15-a\"><div class=\"wp-block-group__inner-container\">\n<h3 class=\"has-couleur-4-color has-text-color\" id=\"des-mobil-homes-pour-tous-vos-besoins\">Mobilheime f\u00fcr alle Ihre Bed\u00fcrfnisse<\/h3>\n\n\n\n<p>Diese Unterk\u00fcnfte passen sich in jeder Hinsicht an Ihre Bed\u00fcrfnisse, aber auch an die Anzahl der Urlauber an. <\/p>\n\n\n\n<ul><li>Das Mobilheim Ciela Confort mit 1 Schlafzimmer ist ein preisg\u00fcnstiges Modell mit einer Fl\u00e4che von 20 m\u00b2, das f\u00fcr 2 Personen ausgelegt ist. Es ist jedoch m\u00f6glich, das Schlafsofa zu nutzen, sodass bis zu vier Personen darauf schlafen k\u00f6nnen.<\/li><li>Das Mobilheim Ciela Confort PMR wurde gem\u00e4\u00df den von der Vereinigung \u201eTourisme et Handicap\u201d empfohlenen Kriterien f\u00fcr Barrierefreiheit konzipiert. Es ist 32 m2 gro\u00df und bietet Platz f\u00fcr 4 Personen. Auch hier ist es wieder m\u00f6glich, zwei weitere Personen mithilfe des Schlafsofas hinzuzuf\u00fcgen.<\/li><li>Das Mobilheim Ciela Confort mit 3 Schlafzimmern f\u00fcr 6 bis 8 Personen ist ein 33 m\u00b2 gro\u00dfes Modell, in dem Haustiere erlaubt sind und das \u00fcber 3 sch\u00f6ne Schlafzimmer verf\u00fcgt. Ideal f\u00fcr gro\u00dfe Familien oder gro\u00dfe Gruppen.<\/li><li>Das Mobilheim Ciela Prestige mit 3 Schlafzimmern ist f\u00fcr Liebhaber von Komfort und Camping mit einem Hauch von Luxus gedacht. Diese 40m2 gro\u00dfe Suite bietet mit drei Schlafzimmern und einem gro\u00dfen Wohnbereich alle R\u00e4umlichkeiten, die Sie ben\u00f6tigen.<\/li><li>Das Mobilheim Ciela Confort mit 2 Schlafzimmern f\u00fcr 4 bis 6 Personen bietet eine gro\u00dfz\u00fcgige Fl\u00e4che von 32 m\u00b2 mit einer halb\u00fcberdachten Privatterrasse. Das Mobilheim ist idealerweise f\u00fcr 4 Personen gedacht, kann aber auf bis zu 6 Urlauber aufgestockt werden.<\/li><li>Das Mobilheim Ciela Confort mit 2 Schlafzimmern f\u00fcr 4 Personen bietet alles, was eine kleine Familie braucht. Es gibt zwei Schlafzimmer mit einem gro\u00dfen und zwei kleinen Betten, aber auch eine K\u00fcche, die sich zu einem sch\u00f6nen Wohnbereich \u00f6ffnet. Es wird Gro\u00df und Klein mit seiner halb\u00fcberdachten Terrasse begeistern, damit Sie es unabh\u00e4ngig vom Wetter genie\u00dfen k\u00f6nnen.<\/li><li>Das Mobilheim Ciela Confort Compact mit 2 Schlafzimmern zeichnet sich durch seinen privaten Au\u00dfenbereich aus. So k\u00f6nnen Sie mit der Familie oder mit Freunden an einem Tisch im Freien essen. Ideal, wenn Sie bei sch\u00f6nem Wetter einen geselligen Moment verbringen m\u00f6chten.<\/li><li>Das Mobilheim Ciela Confort mit 3 Schlafzimmern f\u00fcr 6 Personen ist die XXL-Version des Quatro mit einem zus\u00e4tzlichen Schlafzimmer f\u00fcr insgesamt 6 Personen.<\/li><\/ul>\n\n\n\n<figure class=\"wp-block-gallery has-nested-images columns-6 is-cropped diaporama--3\">\n<figure class=\"wp-block-image size-large\"><img loading=\"lazy\" width=\"2560\" height=\"1707\" src=\"https:\/\/floride.fr\/wp-content\/uploads\/2022\/10\/A7R5561-scaled.jpg\" alt=\"Ferienunterk&#xFC;nfte in Barcar&#xE8;s: Mobilheim und Ungew&#xF6;hnliches auf dem Campingplatz le floride\" class=\"wp-image-7058\" srcset=\"https:\/\/floride.fr\/wp-content\/uploads\/2022\/10\/A7R5561-scaled.jpg 2560w, https:\/\/floride.fr\/wp-content\/uploads\/2022\/10\/A7R5561-300x200.jpg 300w, https:\/\/floride.fr\/wp-content\/uploads\/2022\/10\/A7R5561-1024x683.jpg 1024w, https:\/\/floride.fr\/wp-content\/uploads\/2022\/10\/A7R5561-768x512.jpg 768w, https:\/\/floride.fr\/wp-content\/uploads\/2022\/10\/A7R5561-1536x1024.jpg 1536w, https:\/\/floride.fr\/wp-content\/uploads\/2022\/10\/A7R5561-2048x1365.jpg 2048w\" sizes=\"(max-width: 2560px) 100vw, 2560px\" \/><\/figure>\n\n\n\n<figure class=\"wp-block-image size-large\"><img loading=\"lazy\" width=\"2560\" height=\"1707\" src=\"https:\/\/floride.fr\/wp-content\/uploads\/2022\/10\/A7R5274-scaled.jpg\" alt=\"\" class=\"wp-image-6979\" srcset=\"https:\/\/floride.fr\/wp-content\/uploads\/2022\/10\/A7R5274-scaled.jpg 2560w, https:\/\/floride.fr\/wp-content\/uploads\/2022\/10\/A7R5274-300x200.jpg 300w, https:\/\/floride.fr\/wp-content\/uploads\/2022\/10\/A7R5274-1024x683.jpg 1024w, https:\/\/floride.fr\/wp-content\/uploads\/2022\/10\/A7R5274-768x512.jpg 768w, https:\/\/floride.fr\/wp-content\/uploads\/2022\/10\/A7R5274-1536x1024.jpg 1536w, https:\/\/floride.fr\/wp-content\/uploads\/2022\/10\/A7R5274-2048x1365.jpg 2048w\" sizes=\"(max-width: 2560px) 100vw, 2560px\" \/><\/figure>\n\n\n\n<figure class=\"wp-block-image size-large\"><img loading=\"lazy\" width=\"2560\" height=\"1707\" src=\"https:\/\/floride.fr\/wp-content\/uploads\/2022\/10\/A7R5391-scaled.jpg\" alt=\"\" class=\"wp-image-6995\" srcset=\"https:\/\/floride.fr\/wp-content\/uploads\/2022\/10\/A7R5391-scaled.jpg 2560w, https:\/\/floride.fr\/wp-content\/uploads\/2022\/10\/A7R5391-300x200.jpg 300w, https:\/\/floride.fr\/wp-content\/uploads\/2022\/10\/A7R5391-1024x683.jpg 1024w, https:\/\/floride.fr\/wp-content\/uploads\/2022\/10\/A7R5391-768x512.jpg 768w, https:\/\/floride.fr\/wp-content\/uploads\/2022\/10\/A7R5391-1536x1024.jpg 1536w, https:\/\/floride.fr\/wp-content\/uploads\/2022\/10\/A7R5391-2048x1365.jpg 2048w\" sizes=\"(max-width: 2560px) 100vw, 2560px\" \/><\/figure>\n\n\n\n<figure class=\"wp-block-image size-large\"><img loading=\"lazy\" width=\"2400\" height=\"1600\" src=\"https:\/\/floride.fr\/wp-content\/uploads\/2022\/10\/IMG_6231.jpg\" alt=\"\" class=\"wp-image-7031\" srcset=\"https:\/\/floride.fr\/wp-content\/uploads\/2022\/10\/IMG_6231.jpg 2400w, https:\/\/floride.fr\/wp-content\/uploads\/2022\/10\/IMG_6231-300x200.jpg 300w, https:\/\/floride.fr\/wp-content\/uploads\/2022\/10\/IMG_6231-1024x683.jpg 1024w, https:\/\/floride.fr\/wp-content\/uploads\/2022\/10\/IMG_6231-768x512.jpg 768w, https:\/\/floride.fr\/wp-content\/uploads\/2022\/10\/IMG_6231-1536x1024.jpg 1536w, https:\/\/floride.fr\/wp-content\/uploads\/2022\/10\/IMG_6231-2048x1365.jpg 2048w\" sizes=\"(max-width: 2400px) 100vw, 2400px\" \/><\/figure>\n\n\n\n<figure class=\"wp-block-image size-large\"><img loading=\"lazy\" width=\"2400\" height=\"1600\" src=\"https:\/\/floride.fr\/wp-content\/uploads\/2022\/10\/IMG_6215.jpg\" alt=\"\" class=\"wp-image-7038\" srcset=\"https:\/\/floride.fr\/wp-content\/uploads\/2022\/10\/IMG_6215.jpg 2400w, https:\/\/floride.fr\/wp-content\/uploads\/2022\/10\/IMG_6215-300x200.jpg 300w, https:\/\/floride.fr\/wp-content\/uploads\/2022\/10\/IMG_6215-1024x683.jpg 1024w, https:\/\/floride.fr\/wp-content\/uploads\/2022\/10\/IMG_6215-768x512.jpg 768w, https:\/\/floride.fr\/wp-content\/uploads\/2022\/10\/IMG_6215-1536x1024.jpg 1536w, https:\/\/floride.fr\/wp-content\/uploads\/2022\/10\/IMG_6215-2048x1365.jpg 2048w\" sizes=\"(max-width: 2400px) 100vw, 2400px\" \/><\/figure>\n\n\n\n<figure class=\"wp-block-image size-large\"><img loading=\"lazy\" width=\"1024\" height=\"683\" src=\"https:\/\/floride.fr\/wp-content\/uploads\/2022\/10\/130-camping-le-floride-1024px.jpg\" alt=\"\" class=\"wp-image-6972\" srcset=\"https:\/\/floride.fr\/wp-content\/uploads\/2022\/10\/130-camping-le-floride-1024px.jpg 1024w, https:\/\/floride.fr\/wp-content\/uploads\/2022\/10\/130-camping-le-floride-1024px-300x200.jpg 300w, https:\/\/floride.fr\/wp-content\/uploads\/2022\/10\/130-camping-le-floride-1024px-768x512.jpg 768w\" sizes=\"(max-width: 1024px) 100vw, 1024px\" \/><figcaption>zelten le floride<\/figcaption><\/figure>\n<\/figure>\n\n\n\n<div class=\"wp-container-69d1002e15195 wp-block-buttons\">\n<div class=\"wp-block-button btn_resa\"><a class=\"wp-block-button__link has-couleur-2-background-color has-background\"><i class=\"fal fa-search\"><\/i> Buchen<\/a><\/div>\n<\/div>\n<\/div><\/div>\n\n<div class=\"wp-container-69d1002e15880 wp-block-group F-20-a\"><div class=\"wp-block-group__inner-container\">\n<div class=\"wp-block-columns\">\n<div class=\"wp-block-column\" style=\"flex-basis:50%\">\n<p class=\"titre2 display-none has-couleur-2-color has-text-color\">Die Vorz\u00fcge unseres 5-Sterne-Campingplatzes!<\/p>\n\n\n\n<h3 class=\"display-none\" id=\"une-formule-premium-pour-parfaire-votre-experience-au-camping-le-floride\">Ein Premiumpaket, um Ihre Erfahrung auf dem Campingplatz Le Floride zu perfektionieren<\/h3>\n\n\n\n<p class=\"display-none\">Neben der Wahl des Mobilheims k\u00f6nnen Sie sich auch f\u00fcr eine <strong>Premium-Option<\/strong> entscheiden, um den Komfort Ihres Aufenthalts zu erh\u00f6hen. Rendez-vous dans votre espace de r\u00e9servation pour ajouter ce <strong>service h\u00f4telier<\/strong> \u00e0 votre s\u00e9jour en mobil-home. Dazu geh\u00f6ren ein Begr\u00fc\u00dfungspaket, ein Willkommensgeschenk und gemachte Betten bei Ihrer Ankunft. Bettw\u00e4sche, Handt\u00fccher sowie eine gr\u00fcndliche Reinigung werden w\u00f6chentlich durchgef\u00fchrt.<\/p>\n\n\n\n<h3 id=\"un-service-de-location-de-camping-avec-jacuzzi-privatif-en-languedoc-roussillon\">Ein Service zur Vermietung von Campingpl\u00e4tzen mit eigenem Jacuzzi in Languedoc Roussillon<\/h3>\n\n\n\n<p>F\u00fcr Liebhaber von Luxus beim Camping bieten wir unsere Mobilheime Ciela Exception Spa an. Diese Unterk\u00fcnfte bieten Platz f\u00fcr bis zu 8 Personen. Sie k\u00f6nnen auch den <strong>Whirlpool<\/strong> auf der Terrasse nutzen, um sich zu entspannen. Strand des Campingplatzes Le Floride Au Barcar\u00e8s Bord De Mer pyrenees orientales<\/p>\n<\/div>\n\n\n\n<div class=\"wp-block-column\" style=\"flex-basis:50%\">\n<figure class=\"wp-block-gallery has-nested-images columns-default is-cropped deco-fleur2 deco-rectangle1\">\n<figure class=\"wp-block-image size-full\"><img loading=\"lazy\" width=\"1000\" height=\"667\" src=\"https:\/\/floride.fr\/wp-content\/uploads\/2022\/03\/Photo-interieur-6.jpg\" alt=\"Top-Campingplatz mit Ferienvermietung in Le Barcar&#xE8;s\" class=\"wp-image-862\" srcset=\"https:\/\/floride.fr\/wp-content\/uploads\/2022\/03\/Photo-interieur-6.jpg 1000w, https:\/\/floride.fr\/wp-content\/uploads\/2022\/03\/Photo-interieur-6-300x200.jpg 300w, https:\/\/floride.fr\/wp-content\/uploads\/2022\/03\/Photo-interieur-6-768x512.jpg 768w\" sizes=\"(max-width: 1000px) 100vw, 1000px\" \/><\/figure>\n\n\n\n<figure class=\"wp-block-image size-full\"><img loading=\"lazy\" width=\"2000\" height=\"1305\" src=\"https:\/\/floride.fr\/wp-content\/uploads\/2022\/03\/DSC_0827-arrangee-PT.jpg\" alt=\"Campingplatz mit spa in languedoc roussillon, suite riviera\" class=\"wp-image-857\" srcset=\"https:\/\/floride.fr\/wp-content\/uploads\/2022\/03\/DSC_0827-arrangee-PT.jpg 2000w, https:\/\/floride.fr\/wp-content\/uploads\/2022\/03\/DSC_0827-arrangee-PT-300x196.jpg 300w, https:\/\/floride.fr\/wp-content\/uploads\/2022\/03\/DSC_0827-arrangee-PT-1024x668.jpg 1024w, https:\/\/floride.fr\/wp-content\/uploads\/2022\/03\/DSC_0827-arrangee-PT-768x501.jpg 768w, https:\/\/floride.fr\/wp-content\/uploads\/2022\/03\/DSC_0827-arrangee-PT-1536x1002.jpg 1536w\" sizes=\"(max-width: 2000px) 100vw, 2000px\" \/><\/figure>\n<\/figure>\n<\/div>\n<\/div>\n<\/div><\/div>\n\n<section class=\"wp-container-69d1002e15c1f wp-block-group F-15-a vague-top ligne1-top has-bg-1-background-color has-background\"><div class=\"wp-block-group__inner-container\">\n<div class=\"wp-block-media-text is-stacked-on-mobile is-image-fill\"><figure class=\"wp-block-media-text__media\" style=\"background-image:url(https:\/\/floride.fr\/wp-content\/uploads\/2022\/03\/Photo-Plage-du-Camping-Le-Floride-au-Barcares-en-bord-de-mer-3-1024x651.jpg);background-position:50% 50%\"><img loading=\"lazy\" width=\"1024\" height=\"651\" src=\"https:\/\/floride.fr\/wp-content\/uploads\/2022\/03\/Photo-Plage-du-Camping-Le-Floride-au-Barcares-en-bord-de-mer-3-1024x651.jpg\" alt=\"Strand des Campingplatzes Le Floride Au Barcar\u00e8s Bord De Mer pyrenees orientales\" class=\"wp-image-1693 size-full\" srcset=\"https:\/\/floride.fr\/wp-content\/uploads\/2022\/03\/Photo-Plage-du-Camping-Le-Floride-au-Barcares-en-bord-de-mer-3-1024x651.jpg 1024w, https:\/\/floride.fr\/wp-content\/uploads\/2022\/03\/Photo-Plage-du-Camping-Le-Floride-au-Barcares-en-bord-de-mer-3-300x191.jpg 300w, https:\/\/floride.fr\/wp-content\/uploads\/2022\/03\/Photo-Plage-du-Camping-Le-Floride-au-Barcares-en-bord-de-mer-3-768x488.jpg 768w, https:\/\/floride.fr\/wp-content\/uploads\/2022\/03\/Photo-Plage-du-Camping-Le-Floride-au-Barcares-en-bord-de-mer-3-1536x976.jpg 1536w, https:\/\/floride.fr\/wp-content\/uploads\/2022\/03\/Photo-Plage-du-Camping-Le-Floride-au-Barcares-en-bord-de-mer-3.jpg 1864w\" sizes=\"(max-width: 1024px) 100vw, 1024px\" \/><\/figure><div class=\"wp-block-media-text__content\">\n<h2 class=\"has-couleur-1-color has-text-color\" id=\"vos-vacances-en-bord-de-mer-dans-les-pyrenees-orientales\">Ihr Urlaub am Meer in den \u00f6stlichen Pyren\u00e4en<\/h2>\n\n\n\n<p>Wenn Sie sich f\u00fcr einen<a href=\"https:\/\/floride.fr\/camping-pyrenees-orientales-bord-de-mer\/\"> Campingplatz in den Pyr\u00e9n\u00e9es-Orientales<\/a> am Meer entscheiden, profitieren Sie vom direkten Zugang zum Strand von Barcar\u00e8s an der Pyren\u00e4enk\u00fcste, der nur wenige Schritte vom Campingplatz entfernt liegt. Wir stellen Ihnen eine breite Palette an Dienstleistungen in einer <strong>Feriendorfatmosph\u00e4re<\/strong> zur Verf\u00fcgung, um sicherzustellen, dass Sie von Ihrem Aufenthalt begeistert sind. Der Ort bietet Ihnen auch die M\u00f6glichkeit, einen Tag lang in den <strong>Bergen der Ari\u00e8ge<\/strong> zu wandern oder eine gesellige Zeit im nicht weit entfernten <strong>spanischen Katalonien<\/strong> zu verbringen. So k\u00f6nnen Sie den Tapetenwechsel noch verst\u00e4rken und Ihren Aufenthalt noch unterhaltsamer gestalten, indem Sie <a href=\"https:\/\/floride.fr\/de\/umgebung\/\">Sehensw\u00fcrdigkeiten im Languedoc-Roussillon<\/a> besuchen.<\/p>\n\n\n\n<div style=\"height:50px\" aria-hidden=\"true\" class=\"wp-block-spacer\"><\/div>\n<\/div><\/div>\n\n\n\n<div style=\"height:70px\" aria-hidden=\"true\" class=\"wp-block-spacer\"><\/div>\n\n\n\n<p class=\"titre3 has-couleur-1-color has-text-color\">Entdecken Sie auch unsere anderen Unterk\u00fcnfte : <\/p>\n\n\n\n<ul><li>Unsere <a href=\"https:\/\/floride.fr\/de\/chaletvermietung-in-pyrenees-orientales\/\">Holzchalets in den \u00f6stlichen Pyren\u00e4en<\/a><\/li><li>Unsere <a href=\"https:\/\/floride.fr\/de\/ungewoehnliche-ferienunterkuenfte-in-pyrenees-orientales\/\">ungew\u00f6hnlichen Unterk\u00fcnfte am Mittelmeer<\/a><\/li><\/ul>\n\n\n\n<div style=\"height:20px\" aria-hidden=\"true\" class=\"wp-block-spacer\"><\/div>\n<\/div><\/section>\n","protected":false},"excerpt":{"rendered":"<p>Mobilheimvermietung in den \u00f6stlichen Pyren\u00e4en: Campingplatz Le Floride Der Campingplatz Le Floride in Barcar\u00e8s (66) ist eine gehobene 5-Sterne-Anlage. Wenn Sie auf der Suche nach einem Campingurlaub sind, ohne dabei auf Komfort verzichten zu m\u00fcssen, werden Sie von unseren Ferienunterk\u00fcnften in Barcar\u00e8s und insbesondere unseren Mobilheimen begeistert sein. Diese sind in den vier Ecken des [&hellip;]<\/p>\n","protected":false},"author":1,"featured_media":0,"parent":0,"menu_order":0,"comment_status":"closed","ping_status":"closed","template":"","meta":[],"acf":[],"_links":{"self":[{"href":"https:\/\/floride.fr\/de\/wp-json\/wp\/v2\/pages\/8496"}],"collection":[{"href":"https:\/\/floride.fr\/de\/wp-json\/wp\/v2\/pages"}],"about":[{"href":"https:\/\/floride.fr\/de\/wp-json\/wp\/v2\/types\/page"}],"author":[{"embeddable":true,"href":"https:\/\/floride.fr\/de\/wp-json\/wp\/v2\/users\/1"}],"replies":[{"embeddable":true,"href":"https:\/\/floride.fr\/de\/wp-json\/wp\/v2\/comments?post=8496"}],"version-history":[{"count":6,"href":"https:\/\/floride.fr\/de\/wp-json\/wp\/v2\/pages\/8496\/revisions"}],"predecessor-version":[{"id":15456,"href":"https:\/\/floride.fr\/de\/wp-json\/wp\/v2\/pages\/8496\/revisions\/15456"}],"wp:attachment":[{"href":"https:\/\/floride.fr\/de\/wp-json\/wp\/v2\/media?parent=8496"}],"curies":[{"name":"wp","href":"https:\/\/api.w.org\/{rel}","templated":true}]}}