{"id":8528,"date":"2023-02-06T14:29:08","date_gmt":"2023-02-06T13:29:08","guid":{"rendered":"https:\/\/floride.fr\/ungewoehnliche-ferienunterkuenfte-in-pyrenees-orientales\/"},"modified":"2025-11-05T13:56:25","modified_gmt":"2025-11-05T12:56:25","slug":"ungewoehnliche-ferienunterkuenfte-in-pyrenees-orientales","status":"publish","type":"page","link":"https:\/\/floride.fr\/de\/ungewoehnliche-ferienunterkuenfte-in-pyrenees-orientales\/","title":{"rendered":"Ungew\u00f6hnliche Unterk\u00fcnfte in den Pyr\u00e9n\u00e9es-Orientales"},"content":{"rendered":"\n<figure class=\"wp-block-image alignfull size-full F-00-b\"><img src=\"https:\/\/floride.fr\/wp-content\/uploads\/2022\/10\/&#xA9;AlexAbdoun-AmbianceCamping-010.jpg\" alt=\"Ungew&#xF6;hnliche Unterk&#xFC;nfte des Campingplatzes le floride pyrenees orientales\" class=\"wp-image-6965\"\/><\/figure>\n\n<h1 class=\"has-text-align-center has-couleur-1-color has-text-color\" id=\"locations-insolites-en-pyrenees-orientales\">Ungew\u00f6hnliche Unterk\u00fcnfte in den Pyr\u00e9n\u00e9es-Orientales<\/h1>\n\n<p class=\"has-text-align-center\">F\u00fcr eine ungew\u00f6hnliche <strong>Mietunterkunft im Departement Pyr\u00e9n\u00e9es-Orientales<\/strong> sollten Sie den Campingplatz Le Floride entdecken. Eine 5-Sterne-Anlage mit gehobenen Leistungen, die einen direkten Zugang zum Strand und ein vielf\u00e4ltiges Angebot an <a href=\"https:\/\/floride.fr\/de\/vermietungen\/\">Ferienunterk\u00fcnften in Barcar\u00e8s bietet.<\/a> Der Campingplatz wird es verstehen, sie in einen v\u00f6lligen Umgebungswechsel zu entf\u00fchren, indem er ihnen ein 360\u00b0-Erlebnis erm\u00f6glicht. Tauchen Sie im Herzen Polynesiens in eine einzigartige Atmosph\u00e4re und Szenerie ein, aber entdecken Sie auch ungew\u00f6hnliche Orte, <strong>an denen Sie einzigartige N\u00e4chte verbringen k\u00f6nnen.<\/strong> Anschlie\u00dfend k\u00f6nnen Sie den riesigen Wasserpark sowie die zahlreichen Dienstleistungen in einer privilegierten Umgebung zwischen Meer und Fluss genie\u00dfen.<\/p>\n\n<h2 id=\"des-vacances-dans-les-pyrenees-orientales-placees-sous-le-signe-du-depaysement\">Ein Urlaub in den \u00f6stlichen Pyren\u00e4en steht im Zeichen der Abwechslung<\/h2>\n\n<p>Auf dem Campingplatz Le Floride finden Sie komplette Einrichtungen, um einen unvergesslichen Aufenthalt zu verbringen. Seine gro\u00dfen Fl\u00e4chen und seine einzigartige Architektur machen es zu <strong>einem echten Feriendorf in Barcar\u00e8s<\/strong>, das Gro\u00df und Klein begeistern wird. All dies in einer polynesischen Atmosph\u00e4re, die Sie an das Ende der Welt entf\u00fchrt, nur wenige Autostunden von Ihrem Zuhause entfernt. Wenn Sie eine ungew\u00f6hnliche <strong>Nacht im Departement Pyr\u00e9n\u00e9es-Orientales<\/strong> verbringen m\u00f6chten, dann entdecken Sie unsere ungew\u00f6hnlichen Unterk\u00fcnfte, die speziell f\u00fcr Sie konzipiert wurden.<\/p>\n\n<div class=\"wp-container-69e7e492e08dd wp-block-group F-05-a\"><div class=\"wp-block-group__inner-container\">\n<div class=\"wp-container-69e7e492dfe22 wp-block-group\"><div class=\"wp-block-group__inner-container\">\n<div class=\"wp-block-columns\">\n<div class=\"wp-block-column\" style=\"flex-basis:50%\">\n<div style=\"height:50px\" aria-hidden=\"true\" class=\"wp-block-spacer\"><\/div>\n\n\n\n<h3 class=\"titre2 has-couleur-2-color has-text-color\" id=\"passez-une-nuit-insolite-avec-nos-cabanes-perchees-proche-de-la-mer\">Verbringen Sie eine ungew\u00f6hnliche Nacht mit unseren Hochsitzh\u00fctten in Meeresn\u00e4he<\/h3>\n\n\n\n<p class=\"brush has-couleur-1-color has-text-color\" id=\"une-nuit-dans-les-arbres-au-plus-pres-de-la-nature\">Die Hochsitzh\u00fctte f\u00fcr 2 bis 4 Personen<\/p>\n\n\n\n<p>Der Campingplatz Le Floride bietet Ihnen die M\u00f6glichkeit, <strong>eine einzigartige Nacht in einem Baumhaus<\/strong> <strong>aus Holz zu verbringen<\/strong>. Ein 20 m2 gro\u00dfer Raum, der f\u00fcr zwei Personen konzipiert wurde, bietet Ihnen allen Komfort, den Sie brauchen, aber auch eine Terrasse, damit Sie die Aussicht von oben genie\u00dfen k\u00f6nnen. Eine neue Art des Campens, die viel besser ist als ein Zelt, das Sie in die H\u00f6he wachsen l\u00e4sst. Mit der Anmietung dieser Unterkunft haben Sie Zugang zu zahlreichen Campingleistungen sowie zu allen unseren Aktivit\u00e4ten. So k\u00f6nnen Sie Ihren Aufenthalt auf dem Campingplatz Le Floride Tag und Nacht genie\u00dfen.<\/p>\n\n\n\n<div style=\"height:30px\" aria-hidden=\"true\" class=\"wp-block-spacer\"><\/div>\n<\/div>\n\n\n\n<div class=\"wp-block-column is-vertically-aligned-center\" style=\"flex-basis:50%\">\n<figure class=\"wp-block-image size-large\"><img loading=\"lazy\" width=\"1024\" height=\"681\" src=\"https:\/\/floride.fr\/wp-content\/uploads\/2022\/05\/tente-2-1-1024x681.jpg\" alt=\"Ungew&#xF6;hnliche Vermietung am Mittelmeer: das polynesische Far&#xE9;\" class=\"wp-image-3825\" srcset=\"https:\/\/floride.fr\/wp-content\/uploads\/2022\/05\/tente-2-1-1024x681.jpg 1024w, https:\/\/floride.fr\/wp-content\/uploads\/2022\/05\/tente-2-1-300x199.jpg 300w, https:\/\/floride.fr\/wp-content\/uploads\/2022\/05\/tente-2-1-768x511.jpg 768w, https:\/\/floride.fr\/wp-content\/uploads\/2022\/05\/tente-2-1.jpg 1194w\" sizes=\"(max-width: 1024px) 100vw, 1024px\" \/><\/figure>\n<\/div>\n<\/div>\n<\/div><\/div>\n\n\n\n<div class=\"wp-container-69e7e492e020f wp-block-group\"><div class=\"wp-block-group__inner-container\">\n<div class=\"wp-block-columns\">\n<div class=\"wp-block-column is-vertically-aligned-center\" style=\"flex-basis:50%\">\n<figure class=\"wp-block-image size-full\"><img loading=\"lazy\" width=\"800\" height=\"533\" src=\"https:\/\/floride.fr\/wp-content\/uploads\/2022\/05\/Roulotte-Far-West.jpg\" alt=\"Ungew&#xF6;hnliche Nacht in den &#xF6;stlichen Pyren&#xE4;en Zigeunerwagen Far West\" class=\"wp-image-3838\" srcset=\"https:\/\/floride.fr\/wp-content\/uploads\/2022\/05\/Roulotte-Far-West.jpg 800w, https:\/\/floride.fr\/wp-content\/uploads\/2022\/05\/Roulotte-Far-West-300x200.jpg 300w, https:\/\/floride.fr\/wp-content\/uploads\/2022\/05\/Roulotte-Far-West-768x512.jpg 768w\" sizes=\"(max-width: 800px) 100vw, 800px\" \/><figcaption>zelten le floride<\/figcaption><\/figure>\n<\/div>\n\n\n\n<div class=\"wp-block-column\" style=\"flex-basis:50%\">\n<div style=\"height:50px\" aria-hidden=\"true\" class=\"wp-block-spacer\"><\/div>\n\n\n\n<h3 class=\"titre2 has-couleur-2-color has-text-color\" id=\"passez-une-nuit-insolite-avec-nos-cabanes-perchees-proche-de-la-mer\">Entdecken Sie den Wilden Westen wie nie zuvor mit unseren atypischen Zigeunerwagen<\/h3>\n\n\n\n<p class=\"brush has-couleur-1-color has-text-color\" id=\"une-nuit-dans-les-arbres-au-plus-pres-de-la-nature\">Der Wildwest-Zeltwagen f\u00fcr 4 Personen<\/p>\n\n\n\n<p>F\u00fcr Reiselustige und Abenteuerlustige bieten wir Zigeunerwagen im <strong>au\u00dfergew\u00f6hnlichen Wildwest-Stil<\/strong> an. Diese ungew\u00f6hnliche <strong>Unterkunft in Languedoc-Roussillon<\/strong> ist ebenfalls f\u00fcr 2 Personen ausgelegt und wird Ihrem polynesischen Erlebnis einen Hauch von Abenteuer verleihen. In Ihrem Zigeunerwagen finden Sie allen Komfort, <strong>den Sie brauchen, mit einem Schlafzimmer, einer voll ausgestatteten K\u00fcche mit Dusche und WC und einem Fernseher.<\/strong> Danach k\u00f6nnen Sie Ihr gem\u00fctliches Nest verlassen und den Campingplatz und seine Aktivit\u00e4ten erkunden. Vor allem die vielen Wasserattraktionen werden Ihnen nach den Stunden in der W\u00fcste eine frische Brise verschaffen.<\/p>\n\n\n\n<div style=\"height:30px\" aria-hidden=\"true\" class=\"wp-block-spacer\"><\/div>\n<\/div>\n<\/div>\n<\/div><\/div>\n\n\n\n<div class=\"wp-container-69e7e492e061a wp-block-group\"><div class=\"wp-block-group__inner-container\">\n<div class=\"wp-block-columns\">\n<div class=\"wp-block-column\" style=\"flex-basis:50%\">\n<div style=\"height:50px\" aria-hidden=\"true\" class=\"wp-block-spacer\"><\/div>\n\n\n\n<h3 class=\"titre2 has-couleur-2-color has-text-color\" id=\"passez-une-nuit-insolite-avec-nos-cabanes-perchees-proche-de-la-mer\">Erleben Sie die polynesische Erfahrung in einem Far\u00e9<\/h3>\n\n\n\n<p class=\"brush has-couleur-1-color has-text-color\" id=\"une-nuit-dans-les-arbres-au-plus-pres-de-la-nature\">Le Far\u00e9 Aloha f\u00fcr 4 bis 6 Personen<\/p>\n\n\n\n<p>Gef\u00e4llt Ihnen Polynesien und Sie wollen mehr davon? Erleben Sie das totale Eintauchen beim Camping in einem <strong>polynesischen Far\u00e9.<\/strong> Eine <strong>ideale atypische<\/strong> Unterkunft, die sich in die Umgebung des Campingplatzes einf\u00fcgt. F\u00fcr ein noch intensiveres Eintauchen sind alle Far\u00e9s im <strong>Tiki-Dorf<\/strong> versammelt, um ein besonders eindringliches polynesisches Erlebnis zu erm\u00f6glichen. Entdecken Sie die traditionellen \u00f6rtlichen H\u00fctten in einem <strong>einzigartigen Campingtout-Erlebnis<\/strong> und genie\u00dfen Sie dabei die Ausstattung und den Komfort, den Sie brauchen. Ideal f\u00fcr einen ungew\u00f6hnlichen Urlaub am Mittelmeer. Ein Far\u00e9 bietet Platz f\u00fcr bis zu 6 erwachsene Personen, aber auch f\u00fcr ein Baby unter 2 Jahren. Hier k\u00f6nnen Sie Zeit mit der ganzen Familie verbringen und gleichzeitig das Erlebnis eines Campingurlaubs in den <a href=\"https:\/\/floride.fr\/camping-pyrenees-orientales-bord-de-mer\/\">Pyr\u00e9n\u00e9es-Orientales<\/a> am Meer genie\u00dfen.<\/p>\n\n\n\n<div style=\"height:30px\" aria-hidden=\"true\" class=\"wp-block-spacer\"><\/div>\n<\/div>\n\n\n\n<div class=\"wp-block-column is-vertically-aligned-center\" style=\"flex-basis:50%\">\n<figure class=\"wp-block-image size-large\"><img loading=\"lazy\" width=\"1024\" height=\"682\" src=\"https:\/\/floride.fr\/wp-content\/uploads\/2022\/05\/fare-Aloha-1024x682.jpg\" alt=\"Ungew&#xF6;hnliche Nacht pyr&#xE9;n&#xE9;es orientales in far&#xE9; ungew&#xF6;hnliche Le Floride\" class=\"wp-image-3383\" srcset=\"https:\/\/floride.fr\/wp-content\/uploads\/2022\/05\/fare-Aloha-1024x682.jpg 1024w, https:\/\/floride.fr\/wp-content\/uploads\/2022\/05\/fare-Aloha-300x200.jpg 300w, https:\/\/floride.fr\/wp-content\/uploads\/2022\/05\/fare-Aloha-768x512.jpg 768w, https:\/\/floride.fr\/wp-content\/uploads\/2022\/05\/fare-Aloha-1536x1024.jpg 1536w, https:\/\/floride.fr\/wp-content\/uploads\/2022\/05\/fare-Aloha.jpg 1772w\" sizes=\"(max-width: 1024px) 100vw, 1024px\" \/><\/figure>\n<\/div>\n<\/div>\n<\/div><\/div>\n<\/div><\/div>\n\n<section class=\"wp-container-69e7e492e104f wp-block-group F-15-a vague-top ligne1-top has-bg-1-background-color has-background\"><div class=\"wp-block-group__inner-container\">\n<p class=\"titre2 has-couleur-1-color has-text-color\" id=\"decouvrez-notre-location-la-suite-riviera-premium-un-vrai-succes\">Eine Reise zwischen Meer und Bergen auf dem Campingplatz Le Floride<\/p>\n\n\n\n<div class=\"wp-block-media-text is-stacked-on-mobile is-image-fill\"><figure class=\"wp-block-media-text__media\" style=\"background-image:url(https:\/\/floride.fr\/wp-content\/uploads\/2022\/11\/Plage-du-Racou-Argeles-sur-mer-640-x-420.jpg);background-position:50% 50%\"><img loading=\"lazy\" width=\"640\" height=\"427\" src=\"https:\/\/floride.fr\/wp-content\/uploads\/2022\/11\/Plage-du-Racou-Argeles-sur-mer-640-x-420.jpg\" alt=\"Le Floride Le Barcar\u00e8s (66) : Feriendorf in der N\u00e4he von Strand Argeles Sur Mer \" class=\"wp-image-7276 size-full\" srcset=\"https:\/\/floride.fr\/wp-content\/uploads\/2022\/11\/Plage-du-Racou-Argeles-sur-mer-640-x-420.jpg 640w, https:\/\/floride.fr\/wp-content\/uploads\/2022\/11\/Plage-du-Racou-Argeles-sur-mer-640-x-420-300x200.jpg 300w\" sizes=\"(max-width: 640px) 100vw, 640px\" \/><\/figure><div class=\"wp-block-media-text__content\">\n<h2 class=\"titre3 has-couleur-4-color has-text-color\" id=\"faites-le-plein-d-experience-dans-les-pyrenees-orientales\">Tanken Sie Erfahrung in den \u00f6stlichen Pyren\u00e4en<\/h2>\n\n\n\n<p>Um Ihre <strong>Erfahrung mit einer ungew\u00f6hnlichen Unterkunft in der Region Languedoc-Roussillon<\/strong> zu vervollst\u00e4ndigen, bietet unser Campingplatz die M\u00f6glichkeit, in der N\u00e4he sehr vieler Aktivit\u00e4ten zu sein. So k\u00f6nnen Sie Ihre <strong>H\u00fctte<\/strong>, Ihren <strong>Wohnwagen<\/strong> oder Ihr <strong>Far\u00e9<\/strong> verlassen und das Meer erreichen, <strong>das nur wenige Schritte vom Campingplatz entfernt ist.<\/strong> So haben Sie einen herrlichen Blick auf den Horizont und k\u00f6nnen gleichzeitig die Ruhe des Wassers und die saubere Luft genie\u00dfen. Legen Sie sich eine Weile in den Sand, um sich zu entspannen oder Ihren Lieblingscocktail zu trinken, ohne dabei die Fotos zu vergessen, mit denen Sie diese Momente mit der Familie wieder aufleben lassen k\u00f6nnen.<\/p>\n\n\n\n<p>Sind Ihre Kinder noch nie innerhalb weniger Stunden vom Meer in die Berge gezogen ? Die Lage des Campingplatzes erm\u00f6glicht es Ihnen, die nicht weit entfernten <strong>Berge der Ari\u00e8ge zu durchstreifen<\/strong>, um am Morgen einen Tag lang auf <strong>Entdeckungstour<\/strong> zu gehen und sich zum Nachmittagsimbiss an den <strong>feinen Sandstr\u00e4nden<\/strong> zu treffen. Ein einzigartiger Kontrast, der Ihrem Moment etwas Ungew\u00f6hnliches verleiht. F\u00fcr Paare gibt es nichts Sch\u00f6neres, als sich eine <strong>Fahrradtour<\/strong> durch den Wald, am Strand entlang oder f\u00fcr die Abenteuerlustigen in die Berge g\u00f6nnen zu k\u00f6nnen. In der Umgebung des Campingplatzes gibt es viele Restaurants und Aktivit\u00e4ten, die Sie mit anderen teilen k\u00f6nnen, um diese Zeit zu einem wichtigen Schritt in Ihrem Leben zu machen. Sie werden den Urlaub nicht mehr auf die gleiche Weise sehen, nachdem Sie unser Universum entdeckt haben.<\/p>\n\n\n\n<p><\/p>\n<\/div><\/div>\n\n\n\n<p>Und schlie\u00dflich steht der <strong>Campingplatz Le Floride<\/strong> auch f\u00fcr l\u00e4chelnde und gastfreundliche Mitarbeiter, die sich um Sie k\u00fcmmern. Melden Sie sich an der Rezeption und lassen Sie sich w\u00e4hrend Ihres gesamten Aufenthalts f\u00fchren. Aktivit\u00e4ten und Veranstaltungen stehen Ihnen zur Verf\u00fcgung, um Ihre Abende zu planen, aber auch, um Ihnen eine sch\u00f6ne Zeit mit der Person, die Sie lieben, zu bescheren.<\/p>\n\n\n\n<div class=\"wp-container-69e7e492e0ced wp-block-buttons\">\n<div class=\"wp-block-button btn_resa\"><a class=\"wp-block-button__link has-couleur-2-background-color has-background\"><i class=\"fal fa-search\"><\/i> Buchen<\/a><\/div>\n<\/div>\n\n\n\n<div style=\"height:50px\" aria-hidden=\"true\" class=\"wp-block-spacer\"><\/div>\n\n\n\n<p class=\"titre3 has-couleur-1-color has-text-color\">Entdecken Sie auch unsere anderen Unterk\u00fcnfte : <\/p>\n\n\n\n<ul><li>Unsere <a href=\"https:\/\/floride.fr\/de\/vermietung-von-mobilheimen-pyrenees-orientales\/\">Mobilheime in den \u00f6stlichen Pyren\u00e4en<\/a><\/li><li>Unsere <a href=\"https:\/\/floride.fr\/de\/chaletvermietung-in-pyrenees-orientales\/\">Chalet-Vermietungen in der N\u00e4he von Perpignan<\/a><\/li><\/ul>\n\n\n\n<div style=\"height:20px\" aria-hidden=\"true\" class=\"wp-block-spacer\"><\/div>\n<\/div><\/section>\n","protected":false},"excerpt":{"rendered":"<p>Ungew\u00f6hnliche Unterk\u00fcnfte in den Pyr\u00e9n\u00e9es-Orientales F\u00fcr eine ungew\u00f6hnliche Mietunterkunft im Departement Pyr\u00e9n\u00e9es-Orientales sollten Sie den Campingplatz Le Floride entdecken. Eine 5-Sterne-Anlage mit gehobenen Leistungen, die einen direkten Zugang zum Strand und ein vielf\u00e4ltiges Angebot an Ferienunterk\u00fcnften in Barcar\u00e8s bietet. Der Campingplatz wird es verstehen, sie in einen v\u00f6lligen Umgebungswechsel zu entf\u00fchren, indem er ihnen ein [&hellip;]<\/p>\n","protected":false},"author":1,"featured_media":0,"parent":0,"menu_order":0,"comment_status":"closed","ping_status":"closed","template":"","meta":[],"acf":[],"_links":{"self":[{"href":"https:\/\/floride.fr\/de\/wp-json\/wp\/v2\/pages\/8528"}],"collection":[{"href":"https:\/\/floride.fr\/de\/wp-json\/wp\/v2\/pages"}],"about":[{"href":"https:\/\/floride.fr\/de\/wp-json\/wp\/v2\/types\/page"}],"author":[{"embeddable":true,"href":"https:\/\/floride.fr\/de\/wp-json\/wp\/v2\/users\/1"}],"replies":[{"embeddable":true,"href":"https:\/\/floride.fr\/de\/wp-json\/wp\/v2\/comments?post=8528"}],"version-history":[{"count":5,"href":"https:\/\/floride.fr\/de\/wp-json\/wp\/v2\/pages\/8528\/revisions"}],"predecessor-version":[{"id":15470,"href":"https:\/\/floride.fr\/de\/wp-json\/wp\/v2\/pages\/8528\/revisions\/15470"}],"wp:attachment":[{"href":"https:\/\/floride.fr\/de\/wp-json\/wp\/v2\/media?parent=8528"}],"curies":[{"name":"wp","href":"https:\/\/api.w.org\/{rel}","templated":true}]}}