{"id":8630,"date":"2023-02-14T09:40:53","date_gmt":"2023-02-14T08:40:53","guid":{"rendered":"https:\/\/floride.fr\/?page_id=8630"},"modified":"2026-03-17T14:32:58","modified_gmt":"2026-03-17T13:32:58","slug":"narbonne","status":"publish","type":"page","link":"https:\/\/floride.fr\/de\/narbonne\/","title":{"rendered":"Narbonne"},"content":{"rendered":"\n<figure class=\"wp-block-image alignfull size-full F-00-b\"><img loading=\"lazy\" width=\"1920\" height=\"1280\" src=\"https:\/\/floride.fr\/wp-content\/uploads\/2023\/03\/narbonne-ge4a60740a_1920.jpg\" alt=\"\" class=\"wp-image-9162\" srcset=\"https:\/\/floride.fr\/wp-content\/uploads\/2023\/03\/narbonne-ge4a60740a_1920.jpg 1920w, https:\/\/floride.fr\/wp-content\/uploads\/2023\/03\/narbonne-ge4a60740a_1920-300x200.jpg 300w, https:\/\/floride.fr\/wp-content\/uploads\/2023\/03\/narbonne-ge4a60740a_1920-1024x683.jpg 1024w, https:\/\/floride.fr\/wp-content\/uploads\/2023\/03\/narbonne-ge4a60740a_1920-768x512.jpg 768w, https:\/\/floride.fr\/wp-content\/uploads\/2023\/03\/narbonne-ge4a60740a_1920-1536x1024.jpg 1536w\" sizes=\"(max-width: 1920px) 100vw, 1920px\" \/><\/figure>\n\n<div class=\"wp-container-69e7fc757e95a wp-block-group F-05-a\"><div class=\"wp-block-group__inner-container\">\n<h1 class=\"has-couleur-1-color has-text-color\" id=\"escapade-autour-de-narbonne-grace-au-camping-le-floride\">Eskapade rund um Narbonne dank des Campingplatzes Le Floride!<\/h1>\n\n\n\n<p>Wenn Sie eine Anekdote \u00fcber <strong>Narbonne<\/strong> wissen m\u00f6chten, sollten Sie wissen, dass die Stadt mehr als 3000 Sonnenstunden im Jahr hat! Ein betr\u00e4chtlicher Vorteil, um einen sch\u00f6nen Urlaub an der K\u00fcste des <a href=\"https:\/\/floride.fr\/de\/umgebung\/\">Languedoc zu verbringen<\/a>. Um Ihren Aufenthalt in dieser Region mit ihren tausend Landschaften zu sublimieren, ist unser <strong>Feriendorf Le Floride<\/strong> der ideale Ort. Es liegt 45 Minuten von der beliebtesten Stadt <strong>Okzitaniens<\/strong> entfernt und erm\u00f6glicht Ihnen ein einzigartiges Campingerlebnis in dieser wundersch\u00f6nen Region.<\/p>\n\n\n\n<div style=\"height:50px\" aria-hidden=\"true\" class=\"wp-block-spacer\"><\/div>\n\n\n\n<div class=\"wp-block-columns\">\n<div class=\"wp-block-column\">\n<figure class=\"wp-block-gallery has-nested-images columns-default is-cropped\">\n<figure class=\"wp-block-image size-full\"><img loading=\"lazy\" width=\"1280\" height=\"1119\" src=\"https:\/\/floride.fr\/wp-content\/uploads\/2023\/03\/architecture-gaf04549a6_1920-1.jpg\" alt=\"Camping Le Floride Le Barcar&#xE8;s (66) : Architecture Gaf04549a6 1920\" class=\"wp-image-9173\" srcset=\"https:\/\/floride.fr\/wp-content\/uploads\/2023\/03\/architecture-gaf04549a6_1920-1.jpg 1280w, https:\/\/floride.fr\/wp-content\/uploads\/2023\/03\/architecture-gaf04549a6_1920-1-300x262.jpg 300w, https:\/\/floride.fr\/wp-content\/uploads\/2023\/03\/architecture-gaf04549a6_1920-1-1024x895.jpg 1024w, https:\/\/floride.fr\/wp-content\/uploads\/2023\/03\/architecture-gaf04549a6_1920-1-768x671.jpg 768w\" sizes=\"(max-width: 1280px) 100vw, 1280px\" \/><\/figure>\n\n\n\n<figure class=\"wp-block-image size-full\"><img loading=\"lazy\" width=\"640\" height=\"480\" src=\"https:\/\/floride.fr\/wp-content\/uploads\/2022\/11\/Abbaye-de-Fontfroide-Narbonne-Aude.jpg\" alt=\"Camping Le Floride Le Barcar&#xE8;s (66) : Abbaye De Fontfroide Narbonne Aude\" class=\"wp-image-7297\" srcset=\"https:\/\/floride.fr\/wp-content\/uploads\/2022\/11\/Abbaye-de-Fontfroide-Narbonne-Aude.jpg 640w, https:\/\/floride.fr\/wp-content\/uploads\/2022\/11\/Abbaye-de-Fontfroide-Narbonne-Aude-300x225.jpg 300w\" sizes=\"(max-width: 640px) 100vw, 640px\" \/><\/figure>\n<\/figure>\n<\/div>\n\n\n\n<div class=\"wp-block-column\">\n<h2 class=\"has-couleur-4-color has-text-color\" id=\"collioure-cite-des-peintres-les-sites-incontournables-a-visiter-2\">Narbonne, 2000 Jahre Geschichte im Herzen Okzitaniens<\/h2>\n\n\n\n<p>Das Leben in Narbonne zu genie\u00dfen, ist eine Kunst f\u00fcr sich! Zwischen Strand, historischen Besichtigungen und Weinproben werden Sie nicht entt\u00e4uscht sein von dem, was die <strong>okzitanische Stadt<\/strong> Ihnen zu bieten hat. Es ist wichtig zu wissen, dass die Stadt ein <strong>reiches Weinanbaugebiet<\/strong> besitzt, das Sie entdecken k\u00f6nnen, nachdem Sie die <strong>unumg\u00e4nglichen Orte in Narbonne<\/strong> durchstreift haben, oder sogar schon vorher!<\/p>\n\n\n\n<p>Wenn wir Ihnen eine kleine Auswahl der Sehensw\u00fcrdigkeiten nennen sollten, die Sie auf keinen Fall verpassen d\u00fcrfen, w\u00fcrden wir Ihnen von der Via Domitia erz\u00e4hlen, einer alten R\u00f6merstra\u00dfe, die Ihnen viele Geheimnisse dieser Stadt offenbart, die nicht immer zu Frankreich geh\u00f6rte \u2026 Spazieren Sie auch am Ufer des Canal de la Robine entlang, einem Seitenarm des Canal du Midi, oder unternehmen Sie eine Bootsfahrt darauf, um die Stadt vom Wasser aus zu genie\u00dfen. In der Stadt haben Sie die Gelegenheit, die Kathedrale Saint-Just-et-Saint-Pasteur zu entdecken, ein beeindruckendes, \u00fcber 40 Meter hohes Bauwerk im gotischen Stil, das, wie man so sch\u00f6n sagt, nie fertiggestellt wurde \u2026 F\u00fcr Urlauber mit gr\u00fcnem Daumen ist die Abtei von Fontfroide ein Muss: Als St\u00e4tte des \u201ePays Cathare\u201c ausgewiesen, verf\u00fcgt sie \u00fcber einen gro\u00dfen architektonischen Reichtum und einen der gr\u00f6\u00dften Roseng\u00e4rten Frankreichs!  Und schlie\u00dflich sollten Sie auf keinen Fall Ihren Badeanzug vergessen, um am 5 km langen Strand von <strong>Narbonne zu plantschen<\/strong>.<\/p>\n<\/div>\n<\/div>\n\n\n\n<div style=\"height:50px\" aria-hidden=\"true\" class=\"wp-block-spacer\"><\/div>\n\n\n\n<h2 id=\"vivez-une-experience-unique-a-narbonne-en-sejournant-au-camping\">Erleben Sie eine einzigartige Erfahrung in Narbonne, indem Sie auf dem Campingplatz \u00fcbernachten!<\/h2>\n\n\n\n<p><strong>Narbonne und seine Umgebung werden Ihnen die M\u00f6glichkeit bieten, die Mittelmeerk\u00fcste zu entdecken, wie Sie sie noch nie zuvor gesehen haben.<\/strong> Und die ideale Erfahrung w\u00e4re es, in unserem <strong>Feriendorf in Narbonne<\/strong> zu wohnen, um die perfekte Umgebung zu genie\u00dfen. Unser Campingplatz im Departement Pyr\u00e9n\u00e9es-Orientales bietet Ihnen ma\u00dfgeschneiderte Unterk\u00fcnfte: Zigeunerwagen f\u00fcr einen <strong>ungew\u00f6hnlichen Aufenthalt<\/strong>, hawaiianische Far\u00e9s, um in die perfekte Welt eines Sonnenurlaubs einzutauchen, oder luxuri\u00f6se Chalets mit Jacuzzi, um den Alltag v\u00f6llig zu vergessen.<\/p>\n\n\n\n<p>Wenn Sie die Gegend durchstreift haben, ist unser Campingplatz der perfekte Ort, um sich zu entspannen. Wir bieten Ihnen eine <strong>idyllische Umgebung am Meer<\/strong>, in der Sie Ihre Tage und Abende unter den bestm\u00f6glichen Bedingungen verbringen k\u00f6nnen. Ein echtes Feriendorf, in dem Sie alle Annehmlichkeiten finden, die Sie brauchen. Sie m\u00fcssen nicht mehr aus dem Haus gehen, um einzukaufen, zum Friseur zu gehen oder Ihre Kinder zu besch\u00e4ftigen. Und wenn Sie lieber in einem Zelt oder in Ihrem Wohnmobil \u00fcbernachten m\u00f6chten, haben wir darauf geachtet, dass die <a href=\"https:\/\/floride.fr\/de\/standorte\/\">Campingpl\u00e4tze nur wenige Schritte vom Meer entfernt<\/a> liegen, damit Sie die Umgebung so genie\u00dfen k\u00f6nnen, wie Sie es sich ertr\u00e4umt haben.<\/p>\n\n\n\n<figure class=\"wp-block-gallery has-nested-images columns-6 is-cropped diaporama--3\">\n<figure class=\"wp-block-image size-large\"><img loading=\"lazy\" width=\"1500\" height=\"1000\" src=\"https:\/\/floride.fr\/wp-content\/uploads\/2022\/05\/IMG_1089.jpg\" alt=\"\" class=\"wp-image-4505\" srcset=\"https:\/\/floride.fr\/wp-content\/uploads\/2022\/05\/IMG_1089.jpg 1500w, https:\/\/floride.fr\/wp-content\/uploads\/2022\/05\/IMG_1089-300x200.jpg 300w, https:\/\/floride.fr\/wp-content\/uploads\/2022\/05\/IMG_1089-1024x683.jpg 1024w, https:\/\/floride.fr\/wp-content\/uploads\/2022\/05\/IMG_1089-768x512.jpg 768w\" sizes=\"(max-width: 1500px) 100vw, 1500px\" \/><\/figure>\n\n\n\n<figure class=\"wp-block-image size-large\"><img loading=\"lazy\" width=\"2560\" height=\"1707\" src=\"https:\/\/floride.fr\/wp-content\/uploads\/2022\/05\/media-88995876-004-2-scaled.jpg\" alt=\"\" class=\"wp-image-4219\" srcset=\"https:\/\/floride.fr\/wp-content\/uploads\/2022\/05\/media-88995876-004-2-scaled.jpg 2560w, https:\/\/floride.fr\/wp-content\/uploads\/2022\/05\/media-88995876-004-2-300x200.jpg 300w, https:\/\/floride.fr\/wp-content\/uploads\/2022\/05\/media-88995876-004-2-1024x683.jpg 1024w, https:\/\/floride.fr\/wp-content\/uploads\/2022\/05\/media-88995876-004-2-768x512.jpg 768w, https:\/\/floride.fr\/wp-content\/uploads\/2022\/05\/media-88995876-004-2-1536x1024.jpg 1536w, https:\/\/floride.fr\/wp-content\/uploads\/2022\/05\/media-88995876-004-2-2048x1365.jpg 2048w\" sizes=\"(max-width: 2560px) 100vw, 2560px\" \/><\/figure>\n\n\n\n<figure class=\"wp-block-image size-large\"><img loading=\"lazy\" width=\"2560\" height=\"1703\" src=\"https:\/\/floride.fr\/wp-content\/uploads\/2022\/05\/PISCINE-COUVERTE-AQUAGYM-0692-scaled.jpg\" alt=\"\" class=\"wp-image-4038\" srcset=\"https:\/\/floride.fr\/wp-content\/uploads\/2022\/05\/PISCINE-COUVERTE-AQUAGYM-0692-scaled.jpg 2560w, https:\/\/floride.fr\/wp-content\/uploads\/2022\/05\/PISCINE-COUVERTE-AQUAGYM-0692-300x200.jpg 300w, https:\/\/floride.fr\/wp-content\/uploads\/2022\/05\/PISCINE-COUVERTE-AQUAGYM-0692-1024x681.jpg 1024w, https:\/\/floride.fr\/wp-content\/uploads\/2022\/05\/PISCINE-COUVERTE-AQUAGYM-0692-768x511.jpg 768w, https:\/\/floride.fr\/wp-content\/uploads\/2022\/05\/PISCINE-COUVERTE-AQUAGYM-0692-1536x1022.jpg 1536w, https:\/\/floride.fr\/wp-content\/uploads\/2022\/05\/PISCINE-COUVERTE-AQUAGYM-0692-2048x1363.jpg 2048w\" sizes=\"(max-width: 2560px) 100vw, 2560px\" \/><\/figure>\n\n\n\n<figure class=\"wp-block-image size-large\"><img loading=\"lazy\" width=\"1194\" height=\"794\" src=\"https:\/\/floride.fr\/wp-content\/uploads\/2022\/05\/tente-2-1.jpg\" alt=\"\" class=\"wp-image-3825\" srcset=\"https:\/\/floride.fr\/wp-content\/uploads\/2022\/05\/tente-2-1.jpg 1194w, https:\/\/floride.fr\/wp-content\/uploads\/2022\/05\/tente-2-1-300x199.jpg 300w, https:\/\/floride.fr\/wp-content\/uploads\/2022\/05\/tente-2-1-1024x681.jpg 1024w, https:\/\/floride.fr\/wp-content\/uploads\/2022\/05\/tente-2-1-768x511.jpg 768w\" sizes=\"(max-width: 1194px) 100vw, 1194px\" \/><\/figure>\n\n\n\n<figure class=\"wp-block-image size-large\"><img loading=\"lazy\" width=\"2560\" height=\"1703\" src=\"https:\/\/floride.fr\/wp-content\/uploads\/2022\/05\/EMPLACEMENT-CAMPING-CAR-1112-scaled.jpg\" alt=\"\" class=\"wp-image-3553\" srcset=\"https:\/\/floride.fr\/wp-content\/uploads\/2022\/05\/EMPLACEMENT-CAMPING-CAR-1112-scaled.jpg 2560w, https:\/\/floride.fr\/wp-content\/uploads\/2022\/05\/EMPLACEMENT-CAMPING-CAR-1112-300x200.jpg 300w, https:\/\/floride.fr\/wp-content\/uploads\/2022\/05\/EMPLACEMENT-CAMPING-CAR-1112-1024x681.jpg 1024w, https:\/\/floride.fr\/wp-content\/uploads\/2022\/05\/EMPLACEMENT-CAMPING-CAR-1112-768x511.jpg 768w, https:\/\/floride.fr\/wp-content\/uploads\/2022\/05\/EMPLACEMENT-CAMPING-CAR-1112-1536x1022.jpg 1536w, https:\/\/floride.fr\/wp-content\/uploads\/2022\/05\/EMPLACEMENT-CAMPING-CAR-1112-2048x1363.jpg 2048w\" sizes=\"(max-width: 2560px) 100vw, 2560px\" \/><\/figure>\n\n\n\n<figure class=\"wp-block-image size-large\"><img loading=\"lazy\" width=\"2560\" height=\"1707\" src=\"https:\/\/floride.fr\/wp-content\/uploads\/2022\/05\/A7R5910-1-scaled.jpg\" alt=\"\" class=\"wp-image-3543\" srcset=\"https:\/\/floride.fr\/wp-content\/uploads\/2022\/05\/A7R5910-1-scaled.jpg 2560w, https:\/\/floride.fr\/wp-content\/uploads\/2022\/05\/A7R5910-1-300x200.jpg 300w, https:\/\/floride.fr\/wp-content\/uploads\/2022\/05\/A7R5910-1-1024x683.jpg 1024w, https:\/\/floride.fr\/wp-content\/uploads\/2022\/05\/A7R5910-1-768x512.jpg 768w, https:\/\/floride.fr\/wp-content\/uploads\/2022\/05\/A7R5910-1-1536x1024.jpg 1536w, https:\/\/floride.fr\/wp-content\/uploads\/2022\/05\/A7R5910-1-2048x1365.jpg 2048w\" sizes=\"(max-width: 2560px) 100vw, 2560px\" \/><\/figure>\n<\/figure>\n\n\n\n<div style=\"height:50px\" aria-hidden=\"true\" class=\"wp-block-spacer\"><\/div>\n\n\n\n<div class=\"wp-block-columns\">\n<div class=\"wp-block-column\">\n<h2 class=\"has-couleur-4-color has-text-color\" id=\"collioure-cite-des-peintres-les-sites-incontournables-a-visiter-2\">Entdecken Sie die Aude und ihre K\u00fcste vom Feriendorf Le Floride aus<\/h2>\n\n\n\n<p>Der 5-Sterne-Campingplatz \u201eLe Floride\u201c in der Region Languedoc-Roussillon ist der ideale Ort f\u00fcr einen Urlaub, wie man ihn sich in seinen k\u00fchnsten Tr\u00e4umen vorstellt. Hier finden Sie einen fabelhaften Raum, in dem Sie sich in perfektem Komfort entspannen k\u00f6nnen. Bei einem Aufenthalt auf dem Campingplatz in Barcar\u00e8s k\u00f6nnen Sie die Region <strong>Aude<\/strong> und ihre K\u00fcste in vollen Z\u00fcgen genie\u00dfen.<\/p>\n\n\n\n<p>Nachdem Sie Narbonne und seinen Strand erkundet haben, k\u00f6nnen Sie sich in den Gassen der Festungsstadt Carcassonne verlieren, in <a href=\"https:\/\/floride.fr\/de\/leucate\/\">Leucate <\/a>Wassersportarten ausprobieren, sich in die H\u00f6hle von Cabrespine wagen, in einen kleinen Zug steigen, der Sie in die Tiefen von Terra Vinea entf\u00fchrt, oder in die afrikanische Savanne eintauchen \u2026 Ja, \u00fcberraschend, nicht wahr? Wenn Sie vom Feriendorf Le Floride aus das Departement Aude besuchen, haben Sie das Gl\u00fcck, mitten in das Naturschutzgebiet von <strong>Sigean versetzt<\/strong> zu werden. Ein riesiger, 300 Hektar gro\u00dfer Tierpark, in dem es von afrikanischen Tierarten nur so wimmelt&#8230; Ein totaler Tapetenwechsel, den Sie sich nicht entgehen lassen sollten!<\/p>\n<\/div>\n\n\n\n<div class=\"wp-block-column\">\n<figure class=\"wp-block-gallery has-nested-images columns-default is-cropped\">\n<figure class=\"wp-block-image size-full\"><img loading=\"lazy\" width=\"1920\" height=\"1080\" src=\"https:\/\/floride.fr\/wp-content\/uploads\/2022\/07\/Etang-de-Leucate-Salses-Port-Leucate.jpg\" alt=\"\" class=\"wp-image-5867\" srcset=\"https:\/\/floride.fr\/wp-content\/uploads\/2022\/07\/Etang-de-Leucate-Salses-Port-Leucate.jpg 1920w, https:\/\/floride.fr\/wp-content\/uploads\/2022\/07\/Etang-de-Leucate-Salses-Port-Leucate-300x169.jpg 300w, https:\/\/floride.fr\/wp-content\/uploads\/2022\/07\/Etang-de-Leucate-Salses-Port-Leucate-1024x576.jpg 1024w, https:\/\/floride.fr\/wp-content\/uploads\/2022\/07\/Etang-de-Leucate-Salses-Port-Leucate-768x432.jpg 768w, https:\/\/floride.fr\/wp-content\/uploads\/2022\/07\/Etang-de-Leucate-Salses-Port-Leucate-1536x864.jpg 1536w\" sizes=\"(max-width: 1920px) 100vw, 1920px\" \/><\/figure>\n<\/figure>\n<\/div>\n<\/div>\n\n\n\n<div style=\"height:100px\" aria-hidden=\"true\" class=\"wp-block-spacer\"><\/div>\n<\/div><\/div>\n","protected":false},"excerpt":{"rendered":"<p>Eskapade rund um Narbonne dank des Campingplatzes Le Floride! Wenn Sie eine Anekdote \u00fcber Narbonne wissen m\u00f6chten, sollten Sie wissen, dass die Stadt mehr als 3000 Sonnenstunden im Jahr hat! Ein betr\u00e4chtlicher Vorteil, um einen sch\u00f6nen Urlaub an der K\u00fcste des Languedoc zu verbringen. Um Ihren Aufenthalt in dieser Region mit ihren tausend Landschaften zu [&hellip;]<\/p>\n","protected":false},"author":1,"featured_media":0,"parent":0,"menu_order":0,"comment_status":"closed","ping_status":"closed","template":"","meta":[],"acf":[],"_links":{"self":[{"href":"https:\/\/floride.fr\/de\/wp-json\/wp\/v2\/pages\/8630"}],"collection":[{"href":"https:\/\/floride.fr\/de\/wp-json\/wp\/v2\/pages"}],"about":[{"href":"https:\/\/floride.fr\/de\/wp-json\/wp\/v2\/types\/page"}],"author":[{"embeddable":true,"href":"https:\/\/floride.fr\/de\/wp-json\/wp\/v2\/users\/1"}],"replies":[{"embeddable":true,"href":"https:\/\/floride.fr\/de\/wp-json\/wp\/v2\/comments?post=8630"}],"version-history":[{"count":4,"href":"https:\/\/floride.fr\/de\/wp-json\/wp\/v2\/pages\/8630\/revisions"}],"predecessor-version":[{"id":16351,"href":"https:\/\/floride.fr\/de\/wp-json\/wp\/v2\/pages\/8630\/revisions\/16351"}],"wp:attachment":[{"href":"https:\/\/floride.fr\/de\/wp-json\/wp\/v2\/media?parent=8630"}],"curies":[{"name":"wp","href":"https:\/\/api.w.org\/{rel}","templated":true}]}}