{"id":8636,"date":"2023-02-09T10:53:14","date_gmt":"2023-02-09T09:53:14","guid":{"rendered":"https:\/\/floride.fr\/unser-qualitaets-und-umweltansatz\/"},"modified":"2026-03-17T14:37:26","modified_gmt":"2026-03-17T13:37:26","slug":"unser-qualitaets-und-umweltansatz","status":"publish","type":"page","link":"https:\/\/floride.fr\/de\/unser-qualitaets-und-umweltansatz\/","title":{"rendered":"Unser Qualit\u00e4ts- und Umweltansatz"},"content":{"rendered":"\n<figure class=\"wp-block-image alignfull size-full F-00-b\"><img loading=\"lazy\" width=\"2560\" height=\"1707\" src=\"https:\/\/floride.fr\/wp-content\/uploads\/2022\/05\/pexels-anton-atanasov-566496-scaled.jpg\" alt=\"\" class=\"wp-image-4806\" srcset=\"https:\/\/floride.fr\/wp-content\/uploads\/2022\/05\/pexels-anton-atanasov-566496-scaled.jpg 2560w, https:\/\/floride.fr\/wp-content\/uploads\/2022\/05\/pexels-anton-atanasov-566496-300x200.jpg 300w, https:\/\/floride.fr\/wp-content\/uploads\/2022\/05\/pexels-anton-atanasov-566496-1024x683.jpg 1024w, https:\/\/floride.fr\/wp-content\/uploads\/2022\/05\/pexels-anton-atanasov-566496-768x512.jpg 768w, https:\/\/floride.fr\/wp-content\/uploads\/2022\/05\/pexels-anton-atanasov-566496-1536x1024.jpg 1536w, https:\/\/floride.fr\/wp-content\/uploads\/2022\/05\/pexels-anton-atanasov-566496-2048x1365.jpg 2048w\" sizes=\"(max-width: 2560px) 100vw, 2560px\" \/><\/figure>\n\n<section class=\"wp-container-69d11e6a9c9e5 wp-block-group\"><div class=\"wp-block-group__inner-container\">\n<h1 class=\"has-text-align-center has-couleur-1-color has-text-color\" id=\"notre-demarche-environnementale\">Unser Qualit\u00e4ts- und Umweltansatz<\/h1>\n\n\n\n<h2 class=\"has-text-align-center has-couleur-2-color has-text-color\" id=\"le-camping-et-l-environnement-les-plus-verts-du-camping\">Der Campingplatz und die Umwelt : Die gr\u00fcnen Pluspunkte des Campingplatzes<\/h2>\n\n\n\n<p class=\"has-text-align-center\">Auf dem Campingplatz Le Floride legen wir besonderen Wert auf den Umweltschutz und den respektvollen Umgang mit der Natur. Unser Standort ist ein <strong>privilegierter Ort<\/strong>, direkt am Meer in Le Barcar\u00e8s, entlang sch\u00f6ner Sandstr\u00e4nde, die typisch f\u00fcr das Languedoc-Roussillon sind. Hier leben wir in <strong>Harmonie mit der Natur<\/strong>.<\/p>\n<\/div><\/section>\n\n<section class=\"wp-container-69d11e6a9d161 wp-block-group F-05-a\"><div class=\"wp-block-group__inner-container\">\n<div class=\"wp-block-columns are-vertically-aligned-center\">\n<div class=\"wp-block-column is-vertically-aligned-center deco-feuille3\">\n<div class=\"wp-block-columns\">\n<div class=\"wp-block-column\">\n<h3 class=\"has-couleur-4-color has-text-color\" id=\"economies-d-energie\">Energie sparen<\/h3>\n\n\n\n<ul><li>Einf\u00fchrung von LEDs und Energiesparlampen<\/li><li>Schl\u00fcsselschalter f\u00fcr Strom in allen Mobilheimen Jahrgang 2010\/2011<\/li><li>100% Glaswolle-Isolierung in Mobilheimen<\/li><li>100% Glaswolle-Isolierung in Mobilheimen<\/li><li>Zeitschaltuhr an der Au\u00dfenlampe von Mobilheimen ab 2008 und Zeitschaltuhr f\u00fcr die Beleuchtung in Gemeinschaftsr\u00e4umen<\/li><li>Einsatz von Elektrofahrzeugen: 8 Golfwagen, 1 Kangoo ZE (100 % elektrisch)<\/li><li>Elektrische Heckenscheren, die auch die L\u00e4rmbel\u00e4stigung reduzieren<\/li><\/ul>\n<\/div>\n\n\n\n<div class=\"wp-block-column\">\n<h3 class=\"has-couleur-4-color has-text-color\" id=\"gestion-des-dechets\">Abfallwirtschaft<\/h3>\n\n\n\n<ul><li>M\u00fclltrennungsbeh\u00e4lter in den Mobilheimen<\/li><li>Reduzierung des Papierdrucks durch F\u00f6rderung der Internetnutzung<\/li><li>Beh\u00e4lter f\u00fcr gebrauchte Batterien an der Rezeption<\/li><li>Computergest\u00fctzte Verwaltung und Archivierung von Briefen<\/li><li>Beidseitiges Drucken<\/li><li>Wiederverwendung von Schmierpapier<\/li><\/ul>\n<\/div>\n<\/div>\n<\/div>\n\n\n\n<div class=\"wp-block-column is-vertically-aligned-center\">\n<figure class=\"wp-block-gallery has-nested-images columns-4 is-cropped deco-masque3\">\n<figure class=\"wp-block-image size-large\"><img loading=\"lazy\" width=\"1024\" height=\"673\" src=\"https:\/\/floride.fr\/wp-content\/uploads\/2022\/05\/pexels-pixabay-356036-1024x673.jpg\" alt=\"\" class=\"wp-image-4821\" srcset=\"https:\/\/floride.fr\/wp-content\/uploads\/2022\/05\/pexels-pixabay-356036-1024x673.jpg 1024w, https:\/\/floride.fr\/wp-content\/uploads\/2022\/05\/pexels-pixabay-356036-300x197.jpg 300w, https:\/\/floride.fr\/wp-content\/uploads\/2022\/05\/pexels-pixabay-356036-768x505.jpg 768w, https:\/\/floride.fr\/wp-content\/uploads\/2022\/05\/pexels-pixabay-356036-1536x1010.jpg 1536w, https:\/\/floride.fr\/wp-content\/uploads\/2022\/05\/pexels-pixabay-356036-2048x1347.jpg 2048w\" sizes=\"(max-width: 1024px) 100vw, 1024px\" \/><\/figure>\n\n\n\n<figure class=\"wp-block-image size-large\"><img loading=\"lazy\" width=\"1024\" height=\"683\" src=\"https:\/\/floride.fr\/wp-content\/uploads\/2022\/05\/pexels-polina-tankilevitch-3735218-1024x683.jpg\" alt=\"\" class=\"wp-image-4826\" srcset=\"https:\/\/floride.fr\/wp-content\/uploads\/2022\/05\/pexels-polina-tankilevitch-3735218-1024x683.jpg 1024w, https:\/\/floride.fr\/wp-content\/uploads\/2022\/05\/pexels-polina-tankilevitch-3735218-300x200.jpg 300w, https:\/\/floride.fr\/wp-content\/uploads\/2022\/05\/pexels-polina-tankilevitch-3735218-768x512.jpg 768w, https:\/\/floride.fr\/wp-content\/uploads\/2022\/05\/pexels-polina-tankilevitch-3735218-1536x1024.jpg 1536w, https:\/\/floride.fr\/wp-content\/uploads\/2022\/05\/pexels-polina-tankilevitch-3735218-2048x1365.jpg 2048w\" sizes=\"(max-width: 1024px) 100vw, 1024px\" \/><\/figure>\n<\/figure>\n\n\n\n<div class=\"wp-container-69d11e6a9ce4e wp-block-buttons galerie\">\n<div class=\"wp-block-button\"><a class=\"wp-block-button__link\" href=\"https:\/\/floride.fr\/de\/fotogalerie\/\"><i class=\"fal fa-images\"><\/i> Mediengalerie ansehen<\/a><\/div>\n<\/div>\n<\/div>\n<\/div>\n<\/div><\/section>\n\n<section class=\"wp-container-69d11e6a9d565 wp-block-group F-20-a\"><div class=\"wp-block-group__inner-container\">\n<div class=\"wp-block-columns are-vertically-aligned-center\">\n<div class=\"wp-block-column is-vertically-aligned-center\">\n<h3 class=\"has-couleur-2-color has-text-color\" id=\"nous-attachons-une-importance-particuliere-a-l-accueil-des-personnes-a-mobilite-reduite-dans-le-camping\">Wir legen besonderen Wert darauf, Menschen mit eingeschr\u00e4nkter Mobilit\u00e4t auf dem Campingplatz willkommen zu hei\u00dfen:<\/h3>\n\n\n\n<ul><li>Unsere Einrichtung ist f\u00fcr alle vollst\u00e4ndig zug\u00e4nglich, einschlie\u00dflich des Wasserbereichs, der Rezeption, des Supermarkts, des Wellnessbereichs&#8230;<\/li><li>Wir stellen unseren G\u00e4sten einen speziell angefertigten Sessel zur Verf\u00fcgung, mit dem sie in unserem beheizten Pool ins Wasser gehen k\u00f6nnen.<\/li><li>Wir bieten 2 Mobilheime an, die f\u00fcr Personen mit eingeschr\u00e4nkter Mobilit\u00e4t geeignet sind: die <a href=\"https:\/\/floride.fr\/de\/vermietungen\/\" data-type=\"page\" data-id=\"772\">Modelle Life<\/a>.<\/li><\/ul>\n<\/div>\n\n\n\n<div class=\"wp-block-column is-vertically-aligned-center\">\n<figure class=\"wp-block-gallery has-nested-images columns-2 is-cropped deco-fleur2 deco-rectangle2\">\n<figure class=\"wp-block-image size-full\"><img src=\"https:\/\/floride.fr\/wp-content\/uploads\/2022\/05\/&#xA9;LeFloride-080-1.jpg\" alt=\"\" class=\"wp-image-4836\"\/><\/figure>\n\n\n\n<figure class=\"wp-block-image size-large\"><img loading=\"lazy\" width=\"683\" height=\"1024\" src=\"https:\/\/floride.fr\/wp-content\/uploads\/2022\/05\/pexels-ann-h-3095954-683x1024.jpg\" alt=\"\" class=\"wp-image-4841\" srcset=\"https:\/\/floride.fr\/wp-content\/uploads\/2022\/05\/pexels-ann-h-3095954-683x1024.jpg 683w, https:\/\/floride.fr\/wp-content\/uploads\/2022\/05\/pexels-ann-h-3095954-200x300.jpg 200w, https:\/\/floride.fr\/wp-content\/uploads\/2022\/05\/pexels-ann-h-3095954-768x1152.jpg 768w, https:\/\/floride.fr\/wp-content\/uploads\/2022\/05\/pexels-ann-h-3095954-1024x1536.jpg 1024w, https:\/\/floride.fr\/wp-content\/uploads\/2022\/05\/pexels-ann-h-3095954-1365x2048.jpg 1365w, https:\/\/floride.fr\/wp-content\/uploads\/2022\/05\/pexels-ann-h-3095954-scaled.jpg 1707w\" sizes=\"(max-width: 683px) 100vw, 683px\" \/><\/figure>\n<\/figure>\n<\/div>\n<\/div>\n<\/div><\/section>\n\n<section class=\"wp-container-69d11e6a9d940 wp-block-group\"><div class=\"wp-block-group__inner-container\">\n<h3 class=\"has-text-align-center has-couleur-2-color has-text-color\" id=\"le-camping-le-floride-a-egalement-rempli-des-criteres-d-excellence-qui-lui-ont-permis-d-obtenir-les-distinctions-affiliations-suivantes\">Der Campingplatz Le Floride hat au\u00dferdem Exzellenzkriterien erf\u00fcllt, die ihm die folgenden Auszeichnungen \/ Mitgliedschaften eingebracht haben:<\/h3>\n\n\n\n<figure class=\"wp-block-gallery has-nested-images columns-6 is-cropped listelabel\">\n<figure class=\"wp-block-image size-full\"><img loading=\"lazy\" width=\"787\" height=\"377\" src=\"https:\/\/floride.fr\/wp-content\/uploads\/2022\/05\/lpdl-logo-certifie-couleur.png\" alt=\"\" class=\"wp-image-4879\" srcset=\"https:\/\/floride.fr\/wp-content\/uploads\/2022\/05\/lpdl-logo-certifie-couleur.png 787w, https:\/\/floride.fr\/wp-content\/uploads\/2022\/05\/lpdl-logo-certifie-couleur-300x144.png 300w, https:\/\/floride.fr\/wp-content\/uploads\/2022\/05\/lpdl-logo-certifie-couleur-768x368.png 768w\" sizes=\"(max-width: 787px) 100vw, 787px\" \/><\/figure>\n\n\n\n<figure class=\"wp-block-image size-full\"><img loading=\"lazy\" width=\"1024\" height=\"1024\" src=\"https:\/\/floride.fr\/wp-content\/uploads\/2022\/05\/acsi.png\" alt=\"\" class=\"wp-image-4854\" srcset=\"https:\/\/floride.fr\/wp-content\/uploads\/2022\/05\/acsi.png 1024w, https:\/\/floride.fr\/wp-content\/uploads\/2022\/05\/acsi-300x300.png 300w, https:\/\/floride.fr\/wp-content\/uploads\/2022\/05\/acsi-150x150.png 150w, https:\/\/floride.fr\/wp-content\/uploads\/2022\/05\/acsi-768x768.png 768w\" sizes=\"(max-width: 1024px) 100vw, 1024px\" \/><\/figure>\n\n\n\n<figure class=\"wp-block-image size-full\"><img loading=\"lazy\" width=\"1200\" height=\"1200\" src=\"https:\/\/floride.fr\/wp-content\/uploads\/2022\/05\/1200px-Logo_Occitanie_2017.svg_.png\" alt=\"\" class=\"wp-image-4864\" srcset=\"https:\/\/floride.fr\/wp-content\/uploads\/2022\/05\/1200px-Logo_Occitanie_2017.svg_.png 1200w, https:\/\/floride.fr\/wp-content\/uploads\/2022\/05\/1200px-Logo_Occitanie_2017.svg_-300x300.png 300w, https:\/\/floride.fr\/wp-content\/uploads\/2022\/05\/1200px-Logo_Occitanie_2017.svg_-1024x1024.png 1024w, https:\/\/floride.fr\/wp-content\/uploads\/2022\/05\/1200px-Logo_Occitanie_2017.svg_-150x150.png 150w, https:\/\/floride.fr\/wp-content\/uploads\/2022\/05\/1200px-Logo_Occitanie_2017.svg_-768x768.png 768w\" sizes=\"(max-width: 1200px) 100vw, 1200px\" \/><\/figure>\n\n\n\n<figure class=\"wp-block-image size-large\"><img loading=\"lazy\" width=\"1024\" height=\"886\" src=\"https:\/\/floride.fr\/wp-content\/uploads\/2022\/05\/ANWB_LOGO_ERKEND_4-1024x886.jpg\" alt=\"\" class=\"wp-image-4869\" srcset=\"https:\/\/floride.fr\/wp-content\/uploads\/2022\/05\/ANWB_LOGO_ERKEND_4-1024x886.jpg 1024w, https:\/\/floride.fr\/wp-content\/uploads\/2022\/05\/ANWB_LOGO_ERKEND_4-300x259.jpg 300w, https:\/\/floride.fr\/wp-content\/uploads\/2022\/05\/ANWB_LOGO_ERKEND_4-768x664.jpg 768w, https:\/\/floride.fr\/wp-content\/uploads\/2022\/05\/ANWB_LOGO_ERKEND_4.jpg 1170w\" sizes=\"(max-width: 1024px) 100vw, 1024px\" \/><\/figure>\n<\/figure>\n<\/div><\/section>\n","protected":false},"excerpt":{"rendered":"<p>Unser Qualit\u00e4ts- und Umweltansatz Der Campingplatz und die Umwelt : Die gr\u00fcnen Pluspunkte des Campingplatzes Auf dem Campingplatz Le Floride legen wir besonderen Wert auf den Umweltschutz und den respektvollen Umgang mit der Natur. Unser Standort ist ein privilegierter Ort, direkt am Meer in Le Barcar\u00e8s, entlang sch\u00f6ner Sandstr\u00e4nde, die typisch f\u00fcr das Languedoc-Roussillon sind. [&hellip;]<\/p>\n","protected":false},"author":1,"featured_media":0,"parent":0,"menu_order":0,"comment_status":"closed","ping_status":"closed","template":"","meta":[],"acf":[],"_links":{"self":[{"href":"https:\/\/floride.fr\/de\/wp-json\/wp\/v2\/pages\/8636"}],"collection":[{"href":"https:\/\/floride.fr\/de\/wp-json\/wp\/v2\/pages"}],"about":[{"href":"https:\/\/floride.fr\/de\/wp-json\/wp\/v2\/types\/page"}],"author":[{"embeddable":true,"href":"https:\/\/floride.fr\/de\/wp-json\/wp\/v2\/users\/1"}],"replies":[{"embeddable":true,"href":"https:\/\/floride.fr\/de\/wp-json\/wp\/v2\/comments?post=8636"}],"version-history":[{"count":5,"href":"https:\/\/floride.fr\/de\/wp-json\/wp\/v2\/pages\/8636\/revisions"}],"predecessor-version":[{"id":16358,"href":"https:\/\/floride.fr\/de\/wp-json\/wp\/v2\/pages\/8636\/revisions\/16358"}],"wp:attachment":[{"href":"https:\/\/floride.fr\/de\/wp-json\/wp\/v2\/media?parent=8636"}],"curies":[{"name":"wp","href":"https:\/\/api.w.org\/{rel}","templated":true}]}}