{"id":8689,"date":"2023-02-10T15:37:30","date_gmt":"2023-02-10T14:37:30","guid":{"rendered":"https:\/\/floride.fr\/perpignan\/"},"modified":"2026-03-17T14:50:12","modified_gmt":"2026-03-17T13:50:12","slug":"perpignan","status":"publish","type":"page","link":"https:\/\/floride.fr\/de\/perpignan\/","title":{"rendered":"Perpignan"},"content":{"rendered":"\n<figure class=\"wp-block-image alignfull size-full F-00-b\"><img loading=\"lazy\" width=\"606\" height=\"418\" src=\"https:\/\/floride.fr\/wp-content\/uploads\/2023\/03\/Pic-du-Canigou.jpg\" alt=\"\" class=\"wp-image-9048\" srcset=\"https:\/\/floride.fr\/wp-content\/uploads\/2023\/03\/Pic-du-Canigou.jpg 606w, https:\/\/floride.fr\/wp-content\/uploads\/2023\/03\/Pic-du-Canigou-300x207.jpg 300w\" sizes=\"(max-width: 606px) 100vw, 606px\" \/><\/figure>\n\n<div class=\"wp-container-69e7cae607257 wp-block-group F-05-a\"><div class=\"wp-block-group__inner-container\">\n<h1 class=\"has-couleur-1-color has-text-color\" id=\"le-floride-5-etoiles-camping-proche-de-perpignan\">Der 5-Sterne-Campingplatz Le Floride in der N\u00e4he von Perpignan<\/h1>\n\n\n\n<p>Planen Sie einen <a href=\"https:\/\/floride.fr\/de\/\">Campingurlaub in der N\u00e4he von Perpignan?<\/a> Sie m\u00f6chten alle Vorteile nutzen die bringt die K\u00fchle des Mittelmeers und die W\u00e4rme seiner Bewohner? Unser Campingplatz direkt am Meer in Perpignan ist der ideale Ort, um all Ihre W\u00fcnsche zu erf\u00fcllen. Hochwertige Ausstattung, Personal, das Ihnen zuh\u00f6rt &#8211; wir wissen, wie man die Bedingungen f\u00fcr Gl\u00fcck schafft!<\/p>\n\n\n\n<div style=\"height:50px\" aria-hidden=\"true\" class=\"wp-block-spacer\"><\/div>\n\n\n\n<div class=\"wp-block-columns\">\n<div class=\"wp-block-column\">\n<figure class=\"wp-block-gallery has-nested-images columns-default is-cropped\">\n<figure class=\"wp-block-image size-full\"><img loading=\"lazy\" width=\"768\" height=\"512\" src=\"https:\/\/floride.fr\/wp-content\/uploads\/2023\/03\/Que-faire-a-Perpignan-_-15-choses-incontournables-a-visiter.jpg\" alt=\"\" class=\"wp-image-9053\" srcset=\"https:\/\/floride.fr\/wp-content\/uploads\/2023\/03\/Que-faire-a-Perpignan-_-15-choses-incontournables-a-visiter.jpg 768w, https:\/\/floride.fr\/wp-content\/uploads\/2023\/03\/Que-faire-a-Perpignan-_-15-choses-incontournables-a-visiter-300x200.jpg 300w\" sizes=\"(max-width: 768px) 100vw, 768px\" \/><\/figure>\n\n\n\n<figure class=\"wp-block-image size-full\"><img loading=\"lazy\" width=\"730\" height=\"477\" src=\"https:\/\/floride.fr\/wp-content\/uploads\/2023\/03\/Photo-a-Perpignan-66000-_-CASTILLET.jpg\" alt=\"\" class=\"wp-image-9058\" srcset=\"https:\/\/floride.fr\/wp-content\/uploads\/2023\/03\/Photo-a-Perpignan-66000-_-CASTILLET.jpg 730w, https:\/\/floride.fr\/wp-content\/uploads\/2023\/03\/Photo-a-Perpignan-66000-_-CASTILLET-300x196.jpg 300w\" sizes=\"(max-width: 730px) 100vw, 730px\" \/><\/figure>\n<\/figure>\n<\/div>\n\n\n\n<div class=\"wp-block-column\">\n<h2 class=\"has-couleur-4-color has-text-color\" id=\"collioure-cite-des-peintres-les-sites-incontournables-a-visiter-2\">Perpignan, die katalanische Hauptstadt schlechthin<\/h2>\n\n\n\n<p><strong>Perpignan<\/strong> ist eine der sch\u00f6nsten St\u00e4dte und eine der wichtigsten St\u00e4dte in <strong>Franz\u00f6sisch-Katalonien<\/strong>. Dank seiner Lage an der K\u00fcste, im Hinterland der Str\u00e4nde und in der N\u00e4he der Bergmassive, ist es ein ideales Reiseziel f\u00fcr alle, die die <a href=\"https:\/\/floride.fr\/de\/umgebung\/\">Region Pyr\u00e9n\u00e9es-Orientales<\/a> erkunden m\u00f6chten. <\/p>\n\n\n\n<p>Perpignan hat eine reiche Geschichte und Kultur. Die Stadt ist ber\u00fchmt f\u00fcr ihren Palast, der 1276 von <strong>K\u00f6nig Jakob I. von Mallorca<\/strong> erbaut wurde. Sp\u00e4ter wurde es durch den <strong>Architekten Vauban<\/strong> bereichert. Der <strong>Palast der K\u00f6nige von Mallorca<\/strong> ist auch heute noch eines der bedeutendsten Bauwerke Perpignan. Es befindet sich auf einem H\u00fcgel, \u00fcber der Stadt und ihm einen zus\u00e4tzlichen Charme denn er bietet verleiht mit <strong>einem atemberaubenden Blick auf die K\u00fcste und den Canigou.<\/strong> Weitere sehr ber\u00fchmte Sehensw\u00fcrdigkeiten sind <strong>Le Castillet<\/strong> (das kleine Schloss) und der <strong>Campo Santo.<\/strong> Verlieren Sie sich in den vielen bunten Gassen der Innenstadt und vergessen Sie nicht, einen Spaziergang am Fluss T\u00eat entlang zu machen oder eine Bootsfahrt zu unternehmen! <\/p>\n<\/div>\n<\/div>\n\n\n\n<div style=\"height:100px\" aria-hidden=\"true\" class=\"wp-block-spacer\"><\/div>\n\n\n\n<div class=\"wp-block-columns\">\n<div class=\"wp-block-column\" style=\"flex-basis:60%\">\n<h2 class=\"has-couleur-4-color has-text-color\" id=\"autour-de-perpignan-decouvrez-un-environnement-naturel-exceptionnel-1\">Entdecken Sie rund um Perpignan eine au\u00dfergew\u00f6hnliche nat\u00fcrliche Umgebung!<\/h2>\n\n\n\n<p>Das Departement Pyr\u00e9n\u00e9es-Orientales in der ehemaligen Region Languedoc-Roussillon birgt zahlreiche Reize. In der Umgebung von Perpignan erwartet Sie eine Landschaft zwischen Land und Meer. Das Hinterland mit seinen Wanderwegen, dem Mont Canigou, seinen Weinbergen und malerischen D\u00f6rfern ist eine unersch\u00f6pfliche Quelle f\u00fcr Entdeckungen.  Dennoch bleibt seine K\u00fcste eines seiner Juwelen, die es grenzenlos zu erkunden gilt. Stellen Sie sich feine <strong>Sandstr\u00e4nde<\/strong> und t\u00fcrkisfarbenes Wasser vor, um in eine paradiesische Welt einzutauchen. Genau das erwartet Sie, wenn Sie sich f\u00fcr unseren<a href=\"https:\/\/floride.fr\/camping-perpignan-bord-de-mer\/\"> Campingplatz in Perpignan direkt am Meer<\/a> entscheiden. In einer Oase der Sch\u00f6nheit und Ruhe gelegen, bietet Ihnen unsere Anlage das Wohlbefinden, das Sie suchen, damit Sie unter den besten Bedingungen neue Energie tanken k\u00f6nnen.  Alle Stellpl\u00e4tze erf\u00fcllen Ihre Bed\u00fcrfnisse. Unsere Einrichtungen sind sinnvoll angeordnet und erm\u00f6glichen Ihnen ein Camping-Erlebnis in einer ruhigen Umgebung in Meeresn\u00e4he. Unsere modernen Einrichtungen wie unser Lebensmittelladen oder unser Friseursalon sind ganz auf Ihr Wohlbefinden ausgerichtet. Unser hoher Anspruch an die Gastfreundschaft garantiert Ihnen einen hochwertigen Aufenthalt auf dem Campingplatz in der N\u00e4he von Perpignan. Von hier aus k\u00f6nnen Sie die Sch\u00f6nheiten der K\u00fcste von <a href=\"https:\/\/floride.fr\/de\/barcares\/\">Port-Barcar\u00e8s<\/a> erkunden, vorbei an der Lagune von <a href=\"https:\/\/floride.fr\/de\/leucate\/\">Leucate <\/a>oder dem Vogelschutzgebiet von Canet-en-Roussillon,   <strong> <\/strong>bis zur spanischen Grenze auf der Seite von <a href=\"https:\/\/floride.fr\/de\/collioure\/\">Collioure.<\/a> Zu jeder Tageszeit k\u00f6nnen Sie am Horizont die wechselnden Farben bei Sonnenaufgang und Sonnenuntergang beobachten \u2013 ideal f\u00fcr einen romantischen Spaziergang oder ein Picknick in der k\u00fchlen Luft. <\/p>\n<\/div>\n\n\n\n<div class=\"wp-block-column\" style=\"flex-basis:40%\">\n<figure class=\"wp-block-image size-700x700\"><img loading=\"lazy\" width=\"700\" height=\"700\" src=\"https:\/\/floride.fr\/wp-content\/uploads\/2022\/04\/camille-minouflet-d7M5Xramf8g-unsplash-scaled-e1650542787287-700x700.jpg\" alt=\"\" class=\"wp-image-2489\" srcset=\"https:\/\/floride.fr\/wp-content\/uploads\/2022\/04\/camille-minouflet-d7M5Xramf8g-unsplash-scaled-e1650542787287-700x700.jpg 700w, https:\/\/floride.fr\/wp-content\/uploads\/2022\/04\/camille-minouflet-d7M5Xramf8g-unsplash-scaled-e1650542787287-150x150.jpg 150w, https:\/\/floride.fr\/wp-content\/uploads\/2022\/04\/camille-minouflet-d7M5Xramf8g-unsplash-scaled-e1650542787287-200x200.jpg 200w, https:\/\/floride.fr\/wp-content\/uploads\/2022\/04\/camille-minouflet-d7M5Xramf8g-unsplash-scaled-e1650542787287-300x300.jpg 300w, https:\/\/floride.fr\/wp-content\/uploads\/2022\/04\/camille-minouflet-d7M5Xramf8g-unsplash-scaled-e1650542787287-400x400.jpg 400w, https:\/\/floride.fr\/wp-content\/uploads\/2022\/04\/camille-minouflet-d7M5Xramf8g-unsplash-scaled-e1650542787287-500x500.jpg 500w, https:\/\/floride.fr\/wp-content\/uploads\/2022\/04\/camille-minouflet-d7M5Xramf8g-unsplash-scaled-e1650542787287-600x600.jpg 600w, https:\/\/floride.fr\/wp-content\/uploads\/2022\/04\/camille-minouflet-d7M5Xramf8g-unsplash-scaled-e1650542787287-800x800.jpg 800w, https:\/\/floride.fr\/wp-content\/uploads\/2022\/04\/camille-minouflet-d7M5Xramf8g-unsplash-scaled-e1650542787287-1024x1024.jpg 1024w\" sizes=\"(max-width: 700px) 100vw, 700px\" \/><\/figure>\n<\/div>\n<\/div>\n\n\n\n<div style=\"height:30px\" aria-hidden=\"true\" class=\"wp-block-spacer\"><\/div>\n\n\n\n<h2 id=\"des-hebergements-de-luxe-au-camping-proche-de-perpignan\">Luxuri\u00f6se Unterk\u00fcnfte auf dem Campingplatz in der N\u00e4he von Perpignan<\/h2>\n\n\n\n<p>Wir k\u00fcmmern uns nat\u00fcrlich um Ihre Unterkunftsbedingungen, um Ihnen einen <strong>signierten Urlaub im Zeichen der Flucht zu bieten.<\/strong> Sie haben Lust, Orte der Freiheit kennen zu lernen, origineller, ja sogar ungew\u00f6hnlicher! Aus diesem Grund erweitern wir unser<a href=\"https:\/\/floride.fr\/de\/vermietungen\/\"> Angebot an Unterk\u00fcnften<\/a>. So finden Sie neben Mobilheimen, die auch f\u00fcr Menschen mit eingeschr\u00e4nkter Mobilit\u00e4t geeignet sind, auch <strong> <\/strong><a href=\"https:\/\/floride.fr\/de\/chaletvermietung-in-pyrenees-orientales\/\">Luxus-Chalets<\/a>, hawaiianische Far\u00e9s oder auch Wohnwagen in der <a href=\"https:\/\/floride.fr\/de\/ungewoehnliche-ferienunterkuenfte-in-pyrenees-orientales\/\">Kategorie \u201eAusgefallenes\u201c.<\/a> Wie k\u00f6nnten Sie Ihrer Entdecker- oder Kinderseele nicht freien Lauf lassen, wenn Sie in einer so entlegenen Umgebung leben, die zum Verzaubern einl\u00e4dt? Bei unseren<a href=\"https:\/\/floride.fr\/de\/vermietung-von-mobilheimen-pyrenees-orientales\/\"> Mobilheimvermietungen direkt am Meer in Perpignan<\/a> legen wir besonderen Wert auf neue Angebote und Unterbringungsl\u00f6sungen, die den Bed\u00fcrfnissen jedes einzelnen unserer G\u00e4ste gerecht werden. Unsere <a href=\"https:\/\/floride.fr\/de\/standorte\/\">Campingstellpl\u00e4tze <\/a>befinden sich in unmittelbarer Strandn\u00e4he und bieten Ihnen den Komfort, den Sie zu Recht erwarten d\u00fcrfen.  Wir stehen Ihnen gerne zur Verf\u00fcgung, damit Ihr Aufenthalt auf dem Campingplatz in der N\u00e4he von Perpignan \u2013 egal, ob Sie im Zelt, Wohnwagen oder in einer Mietunterkunft \u00fcbernachten \u2013 unter den besten Vorzeichen verl\u00e4uft. <\/p>\n\n\n\n<h2 id=\"vivez-des-emotions-a-pleins-poumons-en-bordure-de-mediterranee\">Erleben Sie Ihre Emotionen an den Ufern des Mittelmeers in vollen Z\u00fcgen<\/h2>\n\n\n\n<p>Das Mittelmeer bietet zwar unendliche M\u00f6glichkeiten f\u00fcr Entdeckungen und Spiel und Spa\u00df, doch wir sorgen daf\u00fcr, dass Ihr Wunsch nach Unterhaltung erf\u00fcllt wird. Ein 4.700 m\u00b2 gro\u00dfer Wasserpark, der in der Umgebung von Perpignan seinesgleichen sucht \u2013 das ist genau das Richtige f\u00fcr alle Liebhaber von Wasserspielen! Rutschen, Pentagliss, Str\u00f6mungskan\u00e4le \u2013 alle Herausforderungen rund ums Rutschen erwarten Sie f\u00fcr au\u00dfergew\u00f6hnliche Momente voller Spa\u00df auf unserem<a href=\"https:\/\/floride.fr\/de\/wasserpark\/\"> Campingplatz mit Wasserpark in den Pyr\u00e9n\u00e9es-Orientales.<\/a>   Beheizte Schwimmbecken, Whirlpools oder Planschbecken runden das Angebot ab und bieten den Kleinsten die M\u00f6glichkeit, sich auszuruhen oder das Schwimmen zu \u00fcben. Entscheiden Sie sich daf\u00fcr, Ihre wildesten Erlebnisse an diesem einzigartigen Ort in Ihrem eigenen Tempo zu erleben! Weitere R\u00e4umlichkeiten wie ein Fitnessraum und ein Spielzimmer bieten Ihnen noch mehr M\u00f6glichkeiten f\u00fcr Ihren Aufenthalt bei uns. Hier finden Sie eine gro\u00dfe Auswahl an <a href=\"https:\/\/floride.fr\/de\/aktivitaeten-unterhaltung\/\">Aktivit\u00e4ten und Animationen<\/a> bis Allerheiligen, mit einer besonderen Erw\u00e4hnung am Abend mit unseren <strong>atemberaubenden Shows<\/strong>, die Eltern und Kinder gleicherma\u00dfen begeistern werden. Machen Sie jeden Augenblick zu einem echten Erlebnis auf unserem 5-Sterne-Campingplatz Le Floride.<\/p>\n\n\n\n<p>Machen Sie Ihren Aufenthalt in den Pyr\u00e9n\u00e9es-Orientales zu einem unvergesslichen Erlebnis, indem Sie sich f\u00fcr einen Campingplatz in der N\u00e4he von Perpignan entscheiden, der all Ihre W\u00fcnsche erf\u00fcllt. Wir setzen alles daran, dass Sie gemeinsame Momente mit der Familie, mit Freunden, allein oder zu mehreren erleben und dabei von Einrichtungen und Unterk\u00fcnften profitieren k\u00f6nnen, die Ihre Erwartungen \u00fcbertreffen.<\/p>\n\n\n\n<div style=\"height:30px\" aria-hidden=\"true\" class=\"wp-block-spacer\"><\/div>\n\n\n\n<figure class=\"wp-block-gallery has-nested-images columns-6 is-cropped diaporama--3\">\n<figure class=\"wp-block-image size-large\"><img loading=\"lazy\" width=\"1500\" height=\"1000\" src=\"https:\/\/floride.fr\/wp-content\/uploads\/2022\/05\/IMG_1089.jpg\" alt=\"\" class=\"wp-image-4505\" srcset=\"https:\/\/floride.fr\/wp-content\/uploads\/2022\/05\/IMG_1089.jpg 1500w, https:\/\/floride.fr\/wp-content\/uploads\/2022\/05\/IMG_1089-300x200.jpg 300w, https:\/\/floride.fr\/wp-content\/uploads\/2022\/05\/IMG_1089-1024x683.jpg 1024w, https:\/\/floride.fr\/wp-content\/uploads\/2022\/05\/IMG_1089-768x512.jpg 768w\" sizes=\"(max-width: 1500px) 100vw, 1500px\" \/><\/figure>\n\n\n\n<figure class=\"wp-block-image size-large\"><img loading=\"lazy\" width=\"2560\" height=\"1707\" src=\"https:\/\/floride.fr\/wp-content\/uploads\/2022\/05\/media-88995876-004-2-scaled.jpg\" alt=\"\" class=\"wp-image-4219\" srcset=\"https:\/\/floride.fr\/wp-content\/uploads\/2022\/05\/media-88995876-004-2-scaled.jpg 2560w, https:\/\/floride.fr\/wp-content\/uploads\/2022\/05\/media-88995876-004-2-300x200.jpg 300w, https:\/\/floride.fr\/wp-content\/uploads\/2022\/05\/media-88995876-004-2-1024x683.jpg 1024w, https:\/\/floride.fr\/wp-content\/uploads\/2022\/05\/media-88995876-004-2-768x512.jpg 768w, https:\/\/floride.fr\/wp-content\/uploads\/2022\/05\/media-88995876-004-2-1536x1024.jpg 1536w, https:\/\/floride.fr\/wp-content\/uploads\/2022\/05\/media-88995876-004-2-2048x1365.jpg 2048w\" sizes=\"(max-width: 2560px) 100vw, 2560px\" \/><\/figure>\n\n\n\n<figure class=\"wp-block-image size-large\"><img loading=\"lazy\" width=\"2560\" height=\"1703\" src=\"https:\/\/floride.fr\/wp-content\/uploads\/2022\/05\/PISCINE-COUVERTE-AQUAGYM-0692-scaled.jpg\" alt=\"\" class=\"wp-image-4038\" srcset=\"https:\/\/floride.fr\/wp-content\/uploads\/2022\/05\/PISCINE-COUVERTE-AQUAGYM-0692-scaled.jpg 2560w, https:\/\/floride.fr\/wp-content\/uploads\/2022\/05\/PISCINE-COUVERTE-AQUAGYM-0692-300x200.jpg 300w, https:\/\/floride.fr\/wp-content\/uploads\/2022\/05\/PISCINE-COUVERTE-AQUAGYM-0692-1024x681.jpg 1024w, https:\/\/floride.fr\/wp-content\/uploads\/2022\/05\/PISCINE-COUVERTE-AQUAGYM-0692-768x511.jpg 768w, https:\/\/floride.fr\/wp-content\/uploads\/2022\/05\/PISCINE-COUVERTE-AQUAGYM-0692-1536x1022.jpg 1536w, https:\/\/floride.fr\/wp-content\/uploads\/2022\/05\/PISCINE-COUVERTE-AQUAGYM-0692-2048x1363.jpg 2048w\" sizes=\"(max-width: 2560px) 100vw, 2560px\" \/><\/figure>\n\n\n\n<figure class=\"wp-block-image size-large\"><img loading=\"lazy\" width=\"1194\" height=\"794\" src=\"https:\/\/floride.fr\/wp-content\/uploads\/2022\/05\/tente-2-1.jpg\" alt=\"\" class=\"wp-image-3825\" srcset=\"https:\/\/floride.fr\/wp-content\/uploads\/2022\/05\/tente-2-1.jpg 1194w, https:\/\/floride.fr\/wp-content\/uploads\/2022\/05\/tente-2-1-300x199.jpg 300w, https:\/\/floride.fr\/wp-content\/uploads\/2022\/05\/tente-2-1-1024x681.jpg 1024w, https:\/\/floride.fr\/wp-content\/uploads\/2022\/05\/tente-2-1-768x511.jpg 768w\" sizes=\"(max-width: 1194px) 100vw, 1194px\" \/><\/figure>\n\n\n\n<figure class=\"wp-block-image size-large\"><img loading=\"lazy\" width=\"2560\" height=\"1703\" src=\"https:\/\/floride.fr\/wp-content\/uploads\/2022\/05\/EMPLACEMENT-CAMPING-CAR-1112-scaled.jpg\" alt=\"\" class=\"wp-image-3553\" srcset=\"https:\/\/floride.fr\/wp-content\/uploads\/2022\/05\/EMPLACEMENT-CAMPING-CAR-1112-scaled.jpg 2560w, https:\/\/floride.fr\/wp-content\/uploads\/2022\/05\/EMPLACEMENT-CAMPING-CAR-1112-300x200.jpg 300w, https:\/\/floride.fr\/wp-content\/uploads\/2022\/05\/EMPLACEMENT-CAMPING-CAR-1112-1024x681.jpg 1024w, https:\/\/floride.fr\/wp-content\/uploads\/2022\/05\/EMPLACEMENT-CAMPING-CAR-1112-768x511.jpg 768w, https:\/\/floride.fr\/wp-content\/uploads\/2022\/05\/EMPLACEMENT-CAMPING-CAR-1112-1536x1022.jpg 1536w, https:\/\/floride.fr\/wp-content\/uploads\/2022\/05\/EMPLACEMENT-CAMPING-CAR-1112-2048x1363.jpg 2048w\" sizes=\"(max-width: 2560px) 100vw, 2560px\" \/><\/figure>\n\n\n\n<figure class=\"wp-block-image size-large\"><img loading=\"lazy\" width=\"2560\" height=\"1707\" src=\"https:\/\/floride.fr\/wp-content\/uploads\/2022\/05\/A7R5910-1-scaled.jpg\" alt=\"\" class=\"wp-image-3543\" srcset=\"https:\/\/floride.fr\/wp-content\/uploads\/2022\/05\/A7R5910-1-scaled.jpg 2560w, https:\/\/floride.fr\/wp-content\/uploads\/2022\/05\/A7R5910-1-300x200.jpg 300w, https:\/\/floride.fr\/wp-content\/uploads\/2022\/05\/A7R5910-1-1024x683.jpg 1024w, https:\/\/floride.fr\/wp-content\/uploads\/2022\/05\/A7R5910-1-768x512.jpg 768w, https:\/\/floride.fr\/wp-content\/uploads\/2022\/05\/A7R5910-1-1536x1024.jpg 1536w, https:\/\/floride.fr\/wp-content\/uploads\/2022\/05\/A7R5910-1-2048x1365.jpg 2048w\" sizes=\"(max-width: 2560px) 100vw, 2560px\" \/><\/figure>\n<\/figure>\n\n\n\n<div style=\"height:100px\" aria-hidden=\"true\" class=\"wp-block-spacer\"><\/div>\n<\/div><\/div>\n","protected":false},"excerpt":{"rendered":"<p>Der 5-Sterne-Campingplatz Le Floride in der N\u00e4he von Perpignan Planen Sie einen Campingurlaub in der N\u00e4he von Perpignan? Sie m\u00f6chten alle Vorteile nutzen die bringt die K\u00fchle des Mittelmeers und die W\u00e4rme seiner Bewohner? Unser Campingplatz direkt am Meer in Perpignan ist der ideale Ort, um all Ihre W\u00fcnsche zu erf\u00fcllen. Hochwertige Ausstattung, Personal, das [&hellip;]<\/p>\n","protected":false},"author":1,"featured_media":0,"parent":0,"menu_order":0,"comment_status":"closed","ping_status":"closed","template":"","meta":[],"acf":[],"_links":{"self":[{"href":"https:\/\/floride.fr\/de\/wp-json\/wp\/v2\/pages\/8689"}],"collection":[{"href":"https:\/\/floride.fr\/de\/wp-json\/wp\/v2\/pages"}],"about":[{"href":"https:\/\/floride.fr\/de\/wp-json\/wp\/v2\/types\/page"}],"author":[{"embeddable":true,"href":"https:\/\/floride.fr\/de\/wp-json\/wp\/v2\/users\/1"}],"replies":[{"embeddable":true,"href":"https:\/\/floride.fr\/de\/wp-json\/wp\/v2\/comments?post=8689"}],"version-history":[{"count":5,"href":"https:\/\/floride.fr\/de\/wp-json\/wp\/v2\/pages\/8689\/revisions"}],"predecessor-version":[{"id":16371,"href":"https:\/\/floride.fr\/de\/wp-json\/wp\/v2\/pages\/8689\/revisions\/16371"}],"wp:attachment":[{"href":"https:\/\/floride.fr\/de\/wp-json\/wp\/v2\/media?parent=8689"}],"curies":[{"name":"wp","href":"https:\/\/api.w.org\/{rel}","templated":true}]}}