{"id":2561,"date":"2022-04-21T15:51:14","date_gmt":"2022-04-21T13:51:14","guid":{"rendered":"https:\/\/floride.fr\/direct-access-to-the-beach\/"},"modified":"2026-03-17T11:46:25","modified_gmt":"2026-03-17T10:46:25","slug":"direct-access-to-the-beach","status":"publish","type":"page","link":"https:\/\/floride.fr\/en\/direct-access-to-the-beach\/","title":{"rendered":"Direct access to the beach"},"content":{"rendered":"\n<figure class=\"wp-block-image alignfull size-full F-00-b\"><img loading=\"lazy\" width=\"1920\" height=\"1440\" src=\"https:\/\/floride.fr\/wp-content\/uploads\/2025\/11\/044_Camping_Occitanie_Le_Floride_et_l_Embouchure_Ciela_Village_Drone.webp\" alt=\"\" class=\"wp-image-15626\" srcset=\"https:\/\/floride.fr\/wp-content\/uploads\/2025\/11\/044_Camping_Occitanie_Le_Floride_et_l_Embouchure_Ciela_Village_Drone.webp 1920w, https:\/\/floride.fr\/wp-content\/uploads\/2025\/11\/044_Camping_Occitanie_Le_Floride_et_l_Embouchure_Ciela_Village_Drone-300x225.webp 300w, https:\/\/floride.fr\/wp-content\/uploads\/2025\/11\/044_Camping_Occitanie_Le_Floride_et_l_Embouchure_Ciela_Village_Drone-1024x768.webp 1024w, https:\/\/floride.fr\/wp-content\/uploads\/2025\/11\/044_Camping_Occitanie_Le_Floride_et_l_Embouchure_Ciela_Village_Drone-768x576.webp 768w, https:\/\/floride.fr\/wp-content\/uploads\/2025\/11\/044_Camping_Occitanie_Le_Floride_et_l_Embouchure_Ciela_Village_Drone-1536x1152.webp 1536w\" sizes=\"(max-width: 1920px) 100vw, 1920px\" \/><\/figure>\n\n<section class=\"wp-container-69d0e5f2d6ce8 wp-block-group F-10-a\"><div class=\"wp-block-group__inner-container\">\n<div class=\"wp-block-columns are-vertically-aligned-center\">\n<div class=\"wp-block-column is-vertically-aligned-center\">\n<h1 class=\"has-couleur-1-color has-text-color\" id=\"camping-avec-acces-direct-a-la-plage-de-barcares\">Campsite in Barcar\u00e8s Plage with direct access to the seafront<\/h1>\n\n\n\n<p class=\"titre3 has-couleur-2-color has-text-color\">The Mediterranean Sea just a stone&#8217;s throw away&#8230; What more could you ask for?<\/p>\n\n\n\n<h2 class=\"has-couleur-4-color has-text-color\" id=\"barcares-plage-a-150-metres-a-pied-du-camping\">Barcar\u00e8s Plage 150 metres on foot from the campsite<\/h2>\n\n\n\n<p id=\"la-mer-mediterranee-a-deux-pas-que-demander-de-plus-150-metres-a-pied-et-vous-etes-au-bord-de-l-eau-sur-une-plage-de-sable-fin-calme-et-accueillante-ou-la-riviere-de-l-agly-rejoint-la-grande-bleue\">Would you like to enjoy the Pyrenean sun at the water&#8217;s edge? At the 5-star Floride, our campsite in <a href=\"https:\/\/floride.fr\/en\/\">Barcar\u00e8s Plage<\/a>, you couldn&#8217;t ask for anything better. With a privileged location along the Agly River, the landscaped promenade takes you to Barcar\u00e8s&#8217; very first beach, Plage du Village Sud. You only have to walk 150 metres to reach the water&#8217;s edge, on a quiet and welcoming sandy beach, where the Agly river meets the Mediterranean Sea. You will be sheltered from the busier beaches such as Grande Plage de Barcar\u00e8s or Lydia beach towards <a href=\"https:\/\/floride.fr\/en\/leucate\/\">Leucate<\/a>, from your<a href=\"https:\/\/floride.fr\/en\/mobile-home-rental-eastern-pyrenees\/\" data-type=\"page\" data-id=\"7896\"> fully equipped mobile home rental<\/a>.<\/p>\n\n\n\n<p>A <strong>private access gate reserved <\/strong>for campers opens the way to the sea and all its pleasures When visiting <a href=\"https:\/\/floride.fr\/tourisme\/visite-le-barcares\/\" data-type=\"page\" data-id=\"12005\">Barcar\u00e8s Plage,<\/a> don&#8217;t resist the urge to sunbathe, swim or simply relax. This supervised beach is also equipped for people with reduced mobility and is a must-visit spot for sailing.<br\/>Accessible via the Embouchure area of the campsite.<\/p>\n<\/div>\n\n\n\n<div class=\"wp-block-column is-vertically-aligned-center\">\n<figure class=\"wp-block-gallery has-nested-images columns-5 is-cropped deco-masque4 deco-rectangle2\">\n<figure class=\"wp-block-image size-large\"><img loading=\"lazy\" width=\"1024\" height=\"682\" src=\"https:\/\/floride.fr\/wp-content\/uploads\/2025\/11\/254_Camping_Occitanie_Le_Floride_et_l_Embouchure_Ciela_Village_Plage-1024x682.webp\" alt=\"\" class=\"wp-image-15872\" srcset=\"https:\/\/floride.fr\/wp-content\/uploads\/2025\/11\/254_Camping_Occitanie_Le_Floride_et_l_Embouchure_Ciela_Village_Plage-1024x682.webp 1024w, https:\/\/floride.fr\/wp-content\/uploads\/2025\/11\/254_Camping_Occitanie_Le_Floride_et_l_Embouchure_Ciela_Village_Plage-300x200.webp 300w, https:\/\/floride.fr\/wp-content\/uploads\/2025\/11\/254_Camping_Occitanie_Le_Floride_et_l_Embouchure_Ciela_Village_Plage-768x512.webp 768w, https:\/\/floride.fr\/wp-content\/uploads\/2025\/11\/254_Camping_Occitanie_Le_Floride_et_l_Embouchure_Ciela_Village_Plage.webp 1280w\" sizes=\"(max-width: 1024px) 100vw, 1024px\" \/><\/figure>\n\n\n\n<figure class=\"wp-block-image size-large\"><img loading=\"lazy\" width=\"1024\" height=\"682\" src=\"https:\/\/floride.fr\/wp-content\/uploads\/2025\/11\/256_Camping_Occitanie_Le_Floride_et_l_Embouchure_Ciela_Village_Plage-1024x682.webp\" alt=\"\" class=\"wp-image-15877\" srcset=\"https:\/\/floride.fr\/wp-content\/uploads\/2025\/11\/256_Camping_Occitanie_Le_Floride_et_l_Embouchure_Ciela_Village_Plage-1024x682.webp 1024w, https:\/\/floride.fr\/wp-content\/uploads\/2025\/11\/256_Camping_Occitanie_Le_Floride_et_l_Embouchure_Ciela_Village_Plage-300x200.webp 300w, https:\/\/floride.fr\/wp-content\/uploads\/2025\/11\/256_Camping_Occitanie_Le_Floride_et_l_Embouchure_Ciela_Village_Plage-768x512.webp 768w, https:\/\/floride.fr\/wp-content\/uploads\/2025\/11\/256_Camping_Occitanie_Le_Floride_et_l_Embouchure_Ciela_Village_Plage.webp 1280w\" sizes=\"(max-width: 1024px) 100vw, 1024px\" \/><\/figure>\n<\/figure>\n<\/div>\n<\/div>\n<\/div><\/section>\n\n<section class=\"wp-container-69d0e5f2d713b wp-block-group F-05-a\"><div class=\"wp-block-group__inner-container\">\n<div class=\"wp-block-columns are-vertically-aligned-center\">\n<div class=\"wp-block-column is-vertically-aligned-center\">\n<figure class=\"wp-block-gallery has-nested-images columns-4 is-cropped\">\n<figure class=\"wp-block-image size-large\"><img loading=\"lazy\" width=\"1024\" height=\"682\" src=\"https:\/\/floride.fr\/wp-content\/uploads\/2025\/11\/251_Camping_Occitanie_Le_Floride_et_l_Embouchure_Ciela_Village_Plage-1024x682.webp\" alt=\"\" class=\"wp-image-15882\" srcset=\"https:\/\/floride.fr\/wp-content\/uploads\/2025\/11\/251_Camping_Occitanie_Le_Floride_et_l_Embouchure_Ciela_Village_Plage-1024x682.webp 1024w, https:\/\/floride.fr\/wp-content\/uploads\/2025\/11\/251_Camping_Occitanie_Le_Floride_et_l_Embouchure_Ciela_Village_Plage-300x200.webp 300w, https:\/\/floride.fr\/wp-content\/uploads\/2025\/11\/251_Camping_Occitanie_Le_Floride_et_l_Embouchure_Ciela_Village_Plage-768x512.webp 768w, https:\/\/floride.fr\/wp-content\/uploads\/2025\/11\/251_Camping_Occitanie_Le_Floride_et_l_Embouchure_Ciela_Village_Plage.webp 1280w\" sizes=\"(max-width: 1024px) 100vw, 1024px\" \/><\/figure>\n<\/figure>\n<\/div>\n\n\n\n<div class=\"wp-block-column is-vertically-aligned-center deco-feuille2\">\n<h2 class=\"has-couleur-1-color has-text-color\" id=\"camping-avec-acces-direct-a-la-plage-de-barcares\">Walk along the coastline of Barcar\u00e8s Beach<\/h2>\n\n\n\n<p>With eight kilometres of beaches along the coastline, our campsite in<a href=\"https:\/\/floride.fr\/tourisme\/plages-port-barcares\/\" data-type=\"page\" data-id=\"11809\"> Barcar\u00e8s Plage <\/a>allows you to stroll along the beautiful Catalan coast. Discover eight sandy beaches with a variety of atmospheres, ideal for a change of scenery. The beaches of Barcar\u00e8s stretch from the mouth of the Agly, the natural border between Torreilles and Barcar\u00e8s, to the eastern end of the Salses Leucate lagoon. The main beaches of Barcar\u00e8s are as follows (from west to east):    <\/p>\n\n\n\n<ul><li>The Village Beach<\/li><li>The Beach of the Port City<\/li><li>Port Saint Ange Beach<\/li><li>Miramars Beach<\/li><li>The Great Beach<\/li><li>Lydia Beach<\/li><li>The Argonaute Beach<\/li><\/ul>\n\n\n\n<p>To see the wonders around<a href=\"https:\/\/floride.fr\/en\/surroundings\/\"> Barcar\u00e8s Plage,<\/a> we recommend cycling along the coast (bike hire and payment at reception or via the Lokky app), starting on the banks of the Agly and continuing towards Port Leucate and the wild Salses lagoon. It will take you about 20 minutes to cycle along the beaches from the greenway. For a rejuvenating walk with your feet in the water, take the time to stroll along the peaceful waves of the Mediterranean Sea   <\/p>\n<\/div>\n<\/div>\n\n\n\n<h2 class=\"has-couleur-1-color has-text-color\" id=\"en-balade-a-barcares-plage-choisissez-l-atmosphere-qui-vous-convient\">When visiting Barcar\u00e8s Beach, choose the atmosphere that suits you best!<\/h2>\n\n\n\n<p>Directly accessible from our campsite in Barcar\u00e8s Plage, enjoy green spaces rich in natural beauty. The first beaches along the Agly river are the most family-friendly and safest, ideal for children. On the beaches in the central and southern parts of the village, the whole family can enjoy the kids&#8217; club and inflatable attractions. The beach is also suitable for people with reduced mobility, with dedicated facilities! Combining natural surroundings and artistic discoveries, the Grande Plage neighbourhood is the place to be in Port Barcar\u00e8s for a stroll. Beyond its impressive 10-metre height, the Lydia beach liner, along with the All\u00e9e des Arts, is a major cultural site to discover in Barcar\u00e8s. These two open-air museums showcase the maritime history of the town in the former and contemporary sculptures in the latter.      <\/p>\n\n\n\n<p>For water sports, you can enjoy them at any beach, although Port de Barcar\u00e8s remains the most popular spot thanks to its wide range of water sports clubs. Our campsite near Perpignan with a water park will also delight you with its <a href=\"https:\/\/floride.fr\/en\/water-park\/\">swimming pools<\/a>, jacuzzis and slides. In the evening, you can enjoy yourself in the many beach clubs or eat in one of the restaurants along the coast. Finally, the Salses lake is a magical place for all lovers of authenticity: a fishing village, walks between pine forests and dunes, nature trails to discover the local flora and fauna&#8230; Your next holiday at the campsite in Barcar\u00e8s Plage promises to be action-packed!   <\/p>\n<\/div><\/section>\n\n<section class=\"wp-container-69d0e5f2d74f9 wp-block-group F-15-a vague-top ligne1-top has-bg-1-background-color has-background\"><div class=\"wp-block-group__inner-container\">\n<h2 class=\"titre1 has-couleur-1-color has-text-color\" id=\"profitez-de-vraies-vacances-en-camping-a-barcares-plage\">Enjoy a real camping holiday in Barcar\u00e8s Plage<\/h2>\n\n\n\n<div class=\"wp-block-media-text has-media-on-the-right is-stacked-on-mobile\"><figure class=\"wp-block-media-text__media\"><img loading=\"lazy\" width=\"1024\" height=\"415\" src=\"https:\/\/floride.fr\/wp-content\/uploads\/2022\/03\/Lydia-Grande-RoueBass-1024x415.jpg\" alt=\"\" class=\"wp-image-1633 size-full\" srcset=\"https:\/\/floride.fr\/wp-content\/uploads\/2022\/03\/Lydia-Grande-RoueBass-1024x415.jpg 1024w, https:\/\/floride.fr\/wp-content\/uploads\/2022\/03\/Lydia-Grande-RoueBass-300x122.jpg 300w, https:\/\/floride.fr\/wp-content\/uploads\/2022\/03\/Lydia-Grande-RoueBass-768x311.jpg 768w, https:\/\/floride.fr\/wp-content\/uploads\/2022\/03\/Lydia-Grande-RoueBass-1536x623.jpg 1536w, https:\/\/floride.fr\/wp-content\/uploads\/2022\/03\/Lydia-Grande-RoueBass.jpg 1800w\" sizes=\"(max-width: 1024px) 100vw, 1024px\" \/><\/figure><div class=\"wp-block-media-text__content\">\n<div class=\"wp-block-media-text has-media-on-the-right is-stacked-on-mobile is-image-fill deco-coco\"><figure class=\"wp-block-media-text__media\" style=\"background-image:url(https:\/\/floride.fr\/wp-content\/uploads\/2025\/11\/259_Camping_Occitanie_Le_Floride_et_l_Embouchure_Ciela_Village_Embouchure-1024x682.webp);background-position:50% 50%\"><img loading=\"lazy\" width=\"1024\" height=\"682\" src=\"https:\/\/floride.fr\/wp-content\/uploads\/2025\/11\/259_Camping_Occitanie_Le_Floride_et_l_Embouchure_Ciela_Village_Embouchure-1024x682.webp\" alt=\"\" class=\"wp-image-15887 size-full\" srcset=\"https:\/\/floride.fr\/wp-content\/uploads\/2025\/11\/259_Camping_Occitanie_Le_Floride_et_l_Embouchure_Ciela_Village_Embouchure-1024x682.webp 1024w, https:\/\/floride.fr\/wp-content\/uploads\/2025\/11\/259_Camping_Occitanie_Le_Floride_et_l_Embouchure_Ciela_Village_Embouchure-300x200.webp 300w, https:\/\/floride.fr\/wp-content\/uploads\/2025\/11\/259_Camping_Occitanie_Le_Floride_et_l_Embouchure_Ciela_Village_Embouchure-768x511.webp 768w, https:\/\/floride.fr\/wp-content\/uploads\/2025\/11\/259_Camping_Occitanie_Le_Floride_et_l_Embouchure_Ciela_Village_Embouchure.webp 1280w\" sizes=\"(max-width: 1024px) 100vw, 1024px\" \/><\/figure><div class=\"wp-block-media-text__content\">\n<blockquote class=\"wp-block-quote\"><p>&#8220;A big plus: just out of the Camping, you are feet in the water, the children loved it! And the beach is beautiful, clean, in addition to being quiet and not overcrowded.&#8221;<\/p><cite>Sol\u00e8ne, who came in July<\/cite><\/blockquote>\n<\/div><\/div>\n\n\n\n<h3 class=\"has-couleur-4-color has-text-color\" id=\"toutes-les-joies-du-camping-en-languedoc-roussillon-avec-acces-direct-a-barcares-plage\">All the joys of camping in Languedoc Roussillon with direct beach access<\/h3>\n\n\n\n<p>At Floride 5*, a campsite in Barcar\u00e8s Plage, enjoy a taste of all the riches of southern Languedoc. Imagine your stay in this <strong>Catalan seaside resort<\/strong>: views of <strong>the Alb\u00e8res mountains<\/strong>, the village of <a href=\"https:\/\/floride.fr\/en\/barcares\/\">Port Barcar\u00e8s<\/a> and the river Agly. The cycle path on the 14 km long greenway will allow you to go up to <strong>Rivesaltes<\/strong> inland. With water always nearby, you can switch between beaches and the countryside. <\/p>\n\n\n\n<p>Barcar\u00e8s and its 8 km coastline of fine sandy beaches attract visitors with their sandy shores, works of art and life-size attractions such as Les <a href=\"http:\/\/festival-lesdeferlantes.com\">D\u00e9ferlantes<\/a>. Discover, for example, its shipwrecked ocean liner on Lydia beach, which hosts numerous exhibitions and affirms Barcar\u00e8s&#8217; eclectic identity compared to neighbouring towns on the Languedoc coast. Your stay at our campsite in Barcar\u00e8s Plage will be enriched by a variety of activities and landscapes. <\/p>\n\n\n\n<p>Direct access to Barcar\u00e8s beach guarantees you a prime location for your stay in Languedoc-Roussillon. The horizon is yours&#8230; Enjoy a real holiday with your feet up, by the sea, at a campsite near Perpignan in the north of <a href=\"https:\/\/floride.fr\/en\/perpignan\/\">the Pyr\u00e9n\u00e9es-Orientales.<\/a> <\/p>\n<\/div><\/div>\n\n\n\n<div style=\"height:100px\" aria-hidden=\"true\" class=\"wp-block-spacer\"><\/div>\n<\/div><\/section>\n","protected":false},"excerpt":{"rendered":"<p>Campsite in Barcar\u00e8s Plage with direct access to the seafront The Mediterranean Sea just a stone&#8217;s throw away&#8230; What more could you ask for? Barcar\u00e8s Plage 150 metres on foot from the campsite Would you like to enjoy the Pyrenean sun at the water&#8217;s edge? At the 5-star Floride, our campsite in Barcar\u00e8s Plage, you [&hellip;]<\/p>\n","protected":false},"author":1,"featured_media":0,"parent":0,"menu_order":0,"comment_status":"closed","ping_status":"closed","template":"","meta":[],"acf":[],"_links":{"self":[{"href":"https:\/\/floride.fr\/en\/wp-json\/wp\/v2\/pages\/2561"}],"collection":[{"href":"https:\/\/floride.fr\/en\/wp-json\/wp\/v2\/pages"}],"about":[{"href":"https:\/\/floride.fr\/en\/wp-json\/wp\/v2\/types\/page"}],"author":[{"embeddable":true,"href":"https:\/\/floride.fr\/en\/wp-json\/wp\/v2\/users\/1"}],"replies":[{"embeddable":true,"href":"https:\/\/floride.fr\/en\/wp-json\/wp\/v2\/comments?post=2561"}],"version-history":[{"count":6,"href":"https:\/\/floride.fr\/en\/wp-json\/wp\/v2\/pages\/2561\/revisions"}],"predecessor-version":[{"id":16273,"href":"https:\/\/floride.fr\/en\/wp-json\/wp\/v2\/pages\/2561\/revisions\/16273"}],"wp:attachment":[{"href":"https:\/\/floride.fr\/en\/wp-json\/wp\/v2\/media?parent=2561"}],"curies":[{"name":"wp","href":"https:\/\/api.w.org\/{rel}","templated":true}]}}