{"id":2577,"date":"2022-04-21T15:55:59","date_gmt":"2022-04-21T13:55:59","guid":{"rendered":"https:\/\/floride.fr\/contact-access\/"},"modified":"2026-03-17T14:11:59","modified_gmt":"2026-03-17T13:11:59","slug":"contact-access","status":"publish","type":"page","link":"https:\/\/floride.fr\/en\/contact-access\/","title":{"rendered":"Contact &amp; Access"},"content":{"rendered":"\n<figure class=\"wp-block-image alignfull size-full F-00-a\"><img loading=\"lazy\" width=\"1920\" height=\"1439\" src=\"https:\/\/floride.fr\/wp-content\/uploads\/2025\/11\/003_Camping_Occitanie_Le_Floride_et_l_Embouchure_Ciela_Village_Drone.webp\" alt=\"\" class=\"wp-image-16005\" srcset=\"https:\/\/floride.fr\/wp-content\/uploads\/2025\/11\/003_Camping_Occitanie_Le_Floride_et_l_Embouchure_Ciela_Village_Drone.webp 1920w, https:\/\/floride.fr\/wp-content\/uploads\/2025\/11\/003_Camping_Occitanie_Le_Floride_et_l_Embouchure_Ciela_Village_Drone-300x225.webp 300w, https:\/\/floride.fr\/wp-content\/uploads\/2025\/11\/003_Camping_Occitanie_Le_Floride_et_l_Embouchure_Ciela_Village_Drone-1024x767.webp 1024w, https:\/\/floride.fr\/wp-content\/uploads\/2025\/11\/003_Camping_Occitanie_Le_Floride_et_l_Embouchure_Ciela_Village_Drone-768x576.webp 768w, https:\/\/floride.fr\/wp-content\/uploads\/2025\/11\/003_Camping_Occitanie_Le_Floride_et_l_Embouchure_Ciela_Village_Drone-1536x1151.webp 1536w\" sizes=\"(max-width: 1920px) 100vw, 1920px\" \/><\/figure>\n\n<section class=\"wp-container-69d0e63d18231 wp-block-group\"><div class=\"wp-block-group__inner-container\">\n<h1 class=\"has-text-align-center titre1 has-couleur-1-color has-text-color\" id=\"contact-acces\"><strong>Contact &amp; <\/strong> Access<\/h1>\n\n\n\n<div class=\"wp-container-69d0e63d17e88 wp-block-group pictos small\">\n<div class=\"wp-container-69d0e63d175a0 wp-block-group\"><div class=\"wp-block-group__inner-container\"><i class=\"fal fa-phone-alt\"><\/i>\n\n\n<a itemprop=\"telephone\" href=\"tel:+33468861175\">04 68 86 11 75<\/a>\n<\/div><\/div>\n\n\n\n<div class=\"wp-container-69d0e63d178d6 wp-block-group\"><div class=\"wp-block-group__inner-container\"><i class=\"fal fa-map-marker-alt\"><\/i>\n\n\n<span class=\"wrp_adresse\"><span itemprop=\"address\">Route de St Laurent - 66420 Le Barcar\u00e8s<br \/>\r\nPyr\u00e9n\u00e9es orientales | Languedoc-Roussillon<\/span><\/span>\n<\/div><\/div>\n\n\n\n<div class=\"wp-container-69d0e63d17bf5 wp-block-group\"><div class=\"wp-block-group__inner-container\"><i class=\"fal fa-envelope\"><\/i>\n\n\n<a itemprop=\"email\" href=\"mailto:lefloride@cielavillage.com\">lefloride@cielavillage.com<\/a>\n<\/div><\/div>\n<\/div>\n\n\n\n<h2 class=\"has-text-align-center has-couleur-1-color has-text-color\" id=\"demande-d-informations\">Request for quotation<\/h2>\n\n\n\n<p class=\"has-text-align-center\">For further information or details about booking a rental or pitch, please complete the following fields:<\/p>\n\n\n\t<div class='ctv-form'>\r\n\t\t<script type=\"text\/javascript\">\r\n\t\tvar customOptions = {\r\n\t\t\tIdentity:{\r\n\t\t\t\tCompanyId: '14',\r\n\t\t\t\tEstablishmentIds: '5382',\r\n\t\t\t\tLanguage: 'fr',\r\n\t\t\t\tPolice: 'Open Sans',\r\n\t\t\t\tShowHeader: 'false',\r\n\t\t\t\tHeaderColor: 'e8e8e8',\r\n\t\t\t\tTextColor: '585852',\r\n\t\t\t\tBackgroundColor: 'e8e8e8',\r\n\t\t\t\tPoliceColor: '585852',\r\n\t\t\t\tButtonColor: '585852',\r\n\t\t\t\tHoverColor: 'ffffff'\r\n\t\t\t}\r\n\t\t};\r\n\t\t!function(){var e=new window.CTV.Widget('CRM', 'Estimate', customOptions);\r\n\t\tdocument.write(e.Write()),window.CTV.WidgetsCollection.push(e), e.Send()}();\r\n\t\t<\/script>\r\n\t<\/div>\r\n\t\n<\/div><\/section>\n\n<section class=\"wp-container-69d0e63d1860e wp-block-group F-15-a\"><div class=\"wp-block-group__inner-container\">\n<div class=\"wp-block-media-text is-stacked-on-mobile is-image-fill\"><figure class=\"wp-block-media-text__media\" style=\"background-image:url(https:\/\/floride.fr\/wp-content\/uploads\/2022\/03\/A7R4627-1024x683.jpg);background-position:50% 50%\"><img loading=\"lazy\" width=\"1024\" height=\"683\" src=\"https:\/\/floride.fr\/wp-content\/uploads\/2022\/03\/A7R4627-1024x683.jpg\" alt=\"\" class=\"wp-image-1665 size-full\" srcset=\"https:\/\/floride.fr\/wp-content\/uploads\/2022\/03\/A7R4627-1024x683.jpg 1024w, https:\/\/floride.fr\/wp-content\/uploads\/2022\/03\/A7R4627-300x200.jpg 300w, https:\/\/floride.fr\/wp-content\/uploads\/2022\/03\/A7R4627-768x512.jpg 768w, https:\/\/floride.fr\/wp-content\/uploads\/2022\/03\/A7R4627-1536x1024.jpg 1536w, https:\/\/floride.fr\/wp-content\/uploads\/2022\/03\/A7R4627.jpg 2048w\" sizes=\"(max-width: 1024px) 100vw, 1024px\" \/><\/figure><div class=\"wp-block-media-text__content\">\n<div class=\"wp-block-media-text is-stacked-on-mobile is-image-fill deco-coco\"><figure class=\"wp-block-media-text__media\" style=\"background-image:url(https:\/\/floride.fr\/wp-content\/uploads\/2022\/03\/\u00a9LeFloride-150-1024x682-1.jpg);background-position:50% 50%\"><img loading=\"lazy\" width=\"1024\" height=\"682\" src=\"https:\/\/floride.fr\/wp-content\/uploads\/2022\/03\/\u00a9LeFloride-150-1024x682-1.jpg\" alt=\"\" class=\"wp-image-897 size-full\" srcset=\"https:\/\/floride.fr\/wp-content\/uploads\/2022\/03\/\u00a9LeFloride-150-1024x682-1.jpg 1024w, https:\/\/floride.fr\/wp-content\/uploads\/2022\/03\/\u00a9LeFloride-150-1024x682-1-300x200.jpg 300w, https:\/\/floride.fr\/wp-content\/uploads\/2022\/03\/\u00a9LeFloride-150-1024x682-1-768x512.jpg 768w\" sizes=\"(max-width: 1024px) 100vw, 1024px\" \/><\/figure><div class=\"wp-block-media-text__content\">\n<blockquote class=\"wp-block-quote\"><p>&#8220;A top team, very responsive. A very good welcome. Thanks again &#8220;<\/p><cite>Saly, coming in September<\/cite><\/blockquote>\n<\/div><\/div>\n\n\n\n<p>The reception at Le Floride campsite is open daily from 9.00 am to 8.00 pm from 3 April to 27 September 2026 and until the campsite closes on 1 November 2026.<\/p>\n\n\n\n<p>The offices are also open from 9.00 am to 5.00 pm, Monday to Friday, during the months when the campsite is closed.<\/p>\n\n\n\n<p><em>Please give us your customer number when you call.<\/em><\/p>\n\n\n\n<p>As soon as you arrive, our team will welcome you to Camping Le Floride in Barcar\u00e8s and will be on hand to ensure you have a relaxing holiday.<\/p>\n<\/div><\/div>\n<\/div><\/section>\n\n<section class=\"wp-container-69d0e63d18ae5 wp-block-group F-05-a  vague-top ligne1-top has-bg-1-background-color has-background\"><div class=\"wp-block-group__inner-container\">\n<div class=\"wp-block-columns are-vertically-aligned-center\">\n<div class=\"wp-block-column is-vertically-aligned-center\">\n<figure class=\"wp-block-gallery has-nested-images columns-2 is-cropped deco-fleur1\">\n<figure class=\"wp-block-image size-full\"><img loading=\"lazy\" width=\"1800\" height=\"730\" src=\"https:\/\/floride.fr\/wp-content\/uploads\/2022\/03\/Lydia-Grande-RoueBass.jpg\" alt=\"\" class=\"wp-image-1633\" srcset=\"https:\/\/floride.fr\/wp-content\/uploads\/2022\/03\/Lydia-Grande-RoueBass.jpg 1800w, https:\/\/floride.fr\/wp-content\/uploads\/2022\/03\/Lydia-Grande-RoueBass-300x122.jpg 300w, https:\/\/floride.fr\/wp-content\/uploads\/2022\/03\/Lydia-Grande-RoueBass-1024x415.jpg 1024w, https:\/\/floride.fr\/wp-content\/uploads\/2022\/03\/Lydia-Grande-RoueBass-768x311.jpg 768w, https:\/\/floride.fr\/wp-content\/uploads\/2022\/03\/Lydia-Grande-RoueBass-1536x623.jpg 1536w\" sizes=\"(max-width: 1800px) 100vw, 1800px\" \/><\/figure>\n\n\n\n<figure class=\"wp-block-image size-full\"><img loading=\"lazy\" width=\"1800\" height=\"730\" src=\"https:\/\/floride.fr\/wp-content\/uploads\/2022\/03\/cadaq.jpg\" alt=\"\" class=\"wp-image-1628\" srcset=\"https:\/\/floride.fr\/wp-content\/uploads\/2022\/03\/cadaq.jpg 1800w, https:\/\/floride.fr\/wp-content\/uploads\/2022\/03\/cadaq-300x122.jpg 300w, https:\/\/floride.fr\/wp-content\/uploads\/2022\/03\/cadaq-1024x415.jpg 1024w, https:\/\/floride.fr\/wp-content\/uploads\/2022\/03\/cadaq-768x311.jpg 768w, https:\/\/floride.fr\/wp-content\/uploads\/2022\/03\/cadaq-1536x623.jpg 1536w\" sizes=\"(max-width: 1800px) 100vw, 1800px\" \/><\/figure>\n<\/figure>\n<\/div>\n\n\n\n<div class=\"wp-block-column is-vertically-aligned-center deco-feuille1\">\n<h2 class=\"has-couleur-2-color has-text-color\" id=\"un-ensoleillement-optimal-en-mediterranee\">Optimal sunshine in the Mediterranean<\/h2>\n\n\n\n<ul><li>15 km from Perpignan<\/li><li>50 km from Le Perthus (Spanish border)<\/li><li>110 km from Font Romeu, the mountain<\/li><li>160 km from Andorra<\/li><\/ul>\n\n\n\n<h2 class=\"brush has-couleur-4-color has-text-color\" id=\"un-acces-facile\">Easy access:<\/h2>\n\n\n\n<p>A9 motorway \u2013 Exit 41: Towards Canet en Roussillon, Le Barcar\u00e8s<br\/>Continue on the D83 towards Le Barcar\u00e8s<br\/>Exit No. 9 towards Canet en Roussillon. 1st exit Le Barcares then left at the roundabout. The campsite is 800m on your left.<\/p>\n\n\n\n<p>Perpignan SNCF station then bus line 10. (45 minutes to the campsite)<br\/>Leucate La Franqui TER station then taxi<br\/>Perpignan-Rivesaltes Airport<br\/>A9 motorway<\/p>\n\n\n\n<h4 class=\"brush has-couleur-4-color has-text-color\" id=\"a-velo\">By Bike:<\/h4>\n\n\n\n<p>Access from the Voie verte de l&#8217;Agly (14 km from Rivesaltes to Barcar\u00e8s) or the V\u00e9litoralle (from St-Cyprien to Barcar\u00e8s). Infrastructure adapted to cyclists, bike and accessory rentals on site.<\/p>\n\n\n\n<p><a href=\"http:\/\/www.lamediterraneeavelo.org\/fileadmin\/user_upload\/eurovelo8\/Comites-techniques\/Promotion-Communication\/Plaquette_presentation\/Plaquette_LaMav_2017.pdf\" target=\"_blank\" rel=\"noreferrer noopener\">Consult the Eurov\u00e9lo route book of the Pyr\u00e9n\u00e9es-Orientales here<\/a><\/p>\n<\/div>\n<\/div>\n<\/div><\/section>\n","protected":false},"excerpt":{"rendered":"<p>Contact &amp; Access Request for quotation For further information or details about booking a rental or pitch, please complete the following fields: &#8220;A top team, very responsive. A very good welcome. Thanks again &#8220; Saly, coming in September The reception at Le Floride campsite is open daily from 9.00 am to 8.00 pm from 3 [&hellip;]<\/p>\n","protected":false},"author":1,"featured_media":0,"parent":0,"menu_order":0,"comment_status":"closed","ping_status":"closed","template":"","meta":[],"acf":[],"_links":{"self":[{"href":"https:\/\/floride.fr\/en\/wp-json\/wp\/v2\/pages\/2577"}],"collection":[{"href":"https:\/\/floride.fr\/en\/wp-json\/wp\/v2\/pages"}],"about":[{"href":"https:\/\/floride.fr\/en\/wp-json\/wp\/v2\/types\/page"}],"author":[{"embeddable":true,"href":"https:\/\/floride.fr\/en\/wp-json\/wp\/v2\/users\/1"}],"replies":[{"embeddable":true,"href":"https:\/\/floride.fr\/en\/wp-json\/wp\/v2\/comments?post=2577"}],"version-history":[{"count":6,"href":"https:\/\/floride.fr\/en\/wp-json\/wp\/v2\/pages\/2577\/revisions"}],"predecessor-version":[{"id":16316,"href":"https:\/\/floride.fr\/en\/wp-json\/wp\/v2\/pages\/2577\/revisions\/16316"}],"wp:attachment":[{"href":"https:\/\/floride.fr\/en\/wp-json\/wp\/v2\/media?parent=2577"}],"curies":[{"name":"wp","href":"https:\/\/api.w.org\/{rel}","templated":true}]}}