{"id":2595,"date":"2022-04-21T15:59:08","date_gmt":"2022-04-21T13:59:08","guid":{"rendered":"https:\/\/floride.fr\/parties-festivals\/"},"modified":"2026-03-17T14:24:37","modified_gmt":"2026-03-17T13:24:37","slug":"parties-festivals","status":"publish","type":"page","link":"https:\/\/floride.fr\/en\/parties-festivals\/","title":{"rendered":"Parties &amp; Festivals"},"content":{"rendered":"\n<figure class=\"wp-block-image alignfull size-full F-00-b\"><img loading=\"lazy\" width=\"1800\" height=\"730\" src=\"https:\/\/floride.fr\/wp-content\/uploads\/2022\/03\/electrobeach-port-barcares.png\" alt=\"\" class=\"wp-image-1718\" srcset=\"https:\/\/floride.fr\/wp-content\/uploads\/2022\/03\/electrobeach-port-barcares.png 1800w, https:\/\/floride.fr\/wp-content\/uploads\/2022\/03\/electrobeach-port-barcares-300x122.png 300w, https:\/\/floride.fr\/wp-content\/uploads\/2022\/03\/electrobeach-port-barcares-1024x415.png 1024w, https:\/\/floride.fr\/wp-content\/uploads\/2022\/03\/electrobeach-port-barcares-768x311.png 768w, https:\/\/floride.fr\/wp-content\/uploads\/2022\/03\/electrobeach-port-barcares-1536x623.png 1536w\" sizes=\"(max-width: 1800px) 100vw, 1800px\" \/><\/figure>\n\n<section class=\"wp-container-69eb9c1cef152 wp-block-group F-05-a\"><div class=\"wp-block-group__inner-container\">\n<div class=\"wp-block-columns are-vertically-aligned-center\">\n<div class=\"wp-block-column is-vertically-aligned-center deco-feuille3\">\n<h1 class=\"has-couleur-1-color has-text-color\" id=\"electrobeach-ete-66-le-plein-de-fetes-au-barcares\">Electrobeach, Summer 66&#8230; <strong>Lots of parties<\/strong> in Le Barcar\u00e8s<\/h1>\n\n\n\n<p>Le Floride campsite, in the heart of Le Barcar\u00e8s, is the ideal starting point for taking part in the major festivals and events that take place every year, including the unmissable Les D\u00e9ferlantes Festival on the Lydia site, the many events and concerts in the village square, and the funfair located just a stone&#8217;s throw from the campsite.<\/p>\n\n\n\n<div class=\"wp-container-69eb9c1ceed9b wp-block-group pictos columns-3\">\n<div class=\"wp-container-69eb9c1cee477 wp-block-group\"><div class=\"wp-block-group__inner-container\"><i class=\"fal fa-water\"><\/i>\n\n\n\n<p>Sportsmen ?<\/p>\n\n\n\n<p>Admire the kitesurfers during the Mondial du Vent in Leucate, an internationally recognized event.<\/p>\n<\/div><\/div>\n\n\n\n<div class=\"wp-container-69eb9c1cee7b2 wp-block-group\"><div class=\"wp-block-group__inner-container\"><i class=\"fal fa-music\"><\/i>\n\n\n\n<p>Music lovers?<\/p>\n\n\n\n<p>There&#8217;s no shortage of festivals in the Pyr\u00e9n\u00e9es-Orientales: the gigantic &#8220;Les D\u00e9ferlantes&#8221; festival at the Lydia in Le Barcar\u00e8s, Voix de Femmes in Maury, Et\u00e9 66 at the Palais des Rois de Majorque in Perpignan, Jazz\u00e8bre&#8230;<\/p>\n<\/div><\/div>\n\n\n\n<div class=\"wp-container-69eb9c1ceead5 wp-block-group\"><div class=\"wp-block-group__inner-container\"><i class=\"fal fa-fish\"><\/i>\n\n\n\n<p>Sea &amp; fishing<\/p>\n\n\n\n<p>Without forgetting the traditional events that take place every year in Roussillon: the Sea and Fishermen&#8217;s Festival in Barcar\u00e8s, the Witches&#8217; Festival in Tresserre, the Bear Festival in Arles-sur-Tech, or the Sanch (Semana Santa) in Perpignan.<\/p>\n<\/div><\/div>\n<\/div>\n<\/div>\n\n\n\n<div class=\"wp-block-column is-vertically-aligned-center\">\n<figure class=\"wp-block-gallery has-nested-images columns-4 is-cropped\">\n<figure class=\"wp-block-image size-large\"><img loading=\"lazy\" width=\"1800\" height=\"730\" src=\"https:\/\/floride.fr\/wp-content\/uploads\/2022\/03\/falcons-fete-traditionnelle-catalane.jpg\" alt=\"Camping Le Floride Le Barcar&#xE8;s (66) : Falcons Traditional Catalan Festival\" class=\"wp-image-1724\" srcset=\"https:\/\/floride.fr\/wp-content\/uploads\/2022\/03\/falcons-fete-traditionnelle-catalane.jpg 1800w, https:\/\/floride.fr\/wp-content\/uploads\/2022\/03\/falcons-fete-traditionnelle-catalane-300x122.jpg 300w, https:\/\/floride.fr\/wp-content\/uploads\/2022\/03\/falcons-fete-traditionnelle-catalane-1024x415.jpg 1024w, https:\/\/floride.fr\/wp-content\/uploads\/2022\/03\/falcons-fete-traditionnelle-catalane-768x311.jpg 768w, https:\/\/floride.fr\/wp-content\/uploads\/2022\/03\/falcons-fete-traditionnelle-catalane-1536x623.jpg 1536w\" sizes=\"(max-width: 1800px) 100vw, 1800px\" \/><\/figure>\n\n\n\n<figure class=\"wp-block-image size-large\"><img loading=\"lazy\" width=\"1800\" height=\"730\" src=\"https:\/\/floride.fr\/wp-content\/uploads\/2022\/03\/fete-des-vendanges-4c10940836-1.jpg\" alt=\"Camping Le Floride Le Barcar&#xE8;s (66) : Fete Des Vendanges 4c10940836 1\" class=\"wp-image-1729\" srcset=\"https:\/\/floride.fr\/wp-content\/uploads\/2022\/03\/fete-des-vendanges-4c10940836-1.jpg 1800w, https:\/\/floride.fr\/wp-content\/uploads\/2022\/03\/fete-des-vendanges-4c10940836-1-300x122.jpg 300w, https:\/\/floride.fr\/wp-content\/uploads\/2022\/03\/fete-des-vendanges-4c10940836-1-1024x415.jpg 1024w, https:\/\/floride.fr\/wp-content\/uploads\/2022\/03\/fete-des-vendanges-4c10940836-1-768x311.jpg 768w, https:\/\/floride.fr\/wp-content\/uploads\/2022\/03\/fete-des-vendanges-4c10940836-1-1536x623.jpg 1536w\" sizes=\"(max-width: 1800px) 100vw, 1800px\" \/><\/figure>\n<\/figure>\n<\/div>\n<\/div>\n<\/div><\/section>\n\n<section class=\"wp-container-69eb9c1cf12ed wp-block-group F-35-a\">\n<div class=\"wp-container-69eb9c1cef490 wp-block-group\"><div class=\"wp-block-group__inner-container\">\n<figure class=\"wp-block-image size-full\"><img loading=\"lazy\" width=\"250\" height=\"250\" src=\"https:\/\/floride.fr\/wp-content\/uploads\/2022\/03\/electrobeach-music-festival-barcares-1-edited.jpg\" alt=\"\" class=\"wp-image-1747\" srcset=\"https:\/\/floride.fr\/wp-content\/uploads\/2022\/03\/electrobeach-music-festival-barcares-1-edited.jpg 250w, https:\/\/floride.fr\/wp-content\/uploads\/2022\/03\/electrobeach-music-festival-barcares-1-edited-150x150.jpg 150w\" sizes=\"(max-width: 250px) 100vw, 250px\" \/><\/figure>\n\n\n\n<p>Electrobeach Festival, July 12-14, 2020 &#8211; The Electro event in Barcar\u00e8s<\/p>\n<\/div><\/div>\n\n\n\n<div class=\"wp-container-69eb9c1cef77d wp-block-group\"><div class=\"wp-block-group__inner-container\">\n<figure class=\"wp-block-image size-full\"><img loading=\"lazy\" width=\"300\" height=\"300\" src=\"https:\/\/floride.fr\/wp-content\/uploads\/2022\/03\/fete-des-pecheurs-barcares.jpg\" alt=\"\" class=\"wp-image-1742\" srcset=\"https:\/\/floride.fr\/wp-content\/uploads\/2022\/03\/fete-des-pecheurs-barcares.jpg 300w, https:\/\/floride.fr\/wp-content\/uploads\/2022\/03\/fete-des-pecheurs-barcares-150x150.jpg 150w\" sizes=\"(max-width: 300px) 100vw, 300px\" \/><\/figure>\n\n\n\n<p>Fishermen&#8217;s Festival in Port-Barcar\u00e8s, August 15<\/p>\n<\/div><\/div>\n\n\n\n<div class=\"wp-container-69eb9c1cefa7d wp-block-group\"><div class=\"wp-block-group__inner-container\">\n<figure class=\"wp-block-image size-full\"><img loading=\"lazy\" width=\"300\" height=\"300\" src=\"https:\/\/floride.fr\/wp-content\/uploads\/2022\/03\/patrouille-de-france-barcares.jpg\" alt=\"\" class=\"wp-image-1752\" srcset=\"https:\/\/floride.fr\/wp-content\/uploads\/2022\/03\/patrouille-de-france-barcares.jpg 300w, https:\/\/floride.fr\/wp-content\/uploads\/2022\/03\/patrouille-de-france-barcares-150x150.jpg 150w\" sizes=\"(max-width: 300px) 100vw, 300px\" \/><\/figure>\n\n\n\n<p>French Patrol in Port-Barcar\u00e8s on July 15th<\/p>\n<\/div><\/div>\n\n\n\n<div class=\"wp-container-69eb9c1cefd77 wp-block-group\"><div class=\"wp-block-group__inner-container\">\n<figure class=\"wp-block-image size-full\"><img loading=\"lazy\" width=\"300\" height=\"300\" src=\"https:\/\/floride.fr\/wp-content\/uploads\/2022\/03\/embrasement-lydia-barcares.jpg\" alt=\"\" class=\"wp-image-1757\" srcset=\"https:\/\/floride.fr\/wp-content\/uploads\/2022\/03\/embrasement-lydia-barcares.jpg 300w, https:\/\/floride.fr\/wp-content\/uploads\/2022\/03\/embrasement-lydia-barcares-150x150.jpg 150w\" sizes=\"(max-width: 300px) 100vw, 300px\" \/><\/figure>\n\n\n\n<p>Fireworks on the Lydia, August 6 in Barcar\u00e8s<\/p>\n<\/div><\/div>\n\n\n\n<div class=\"wp-container-69eb9c1cf006c wp-block-group\"><div class=\"wp-block-group__inner-container\">\n<figure class=\"wp-block-image size-full\"><img loading=\"lazy\" width=\"300\" height=\"300\" src=\"https:\/\/floride.fr\/wp-content\/uploads\/2022\/03\/visa-image-perpignan.jpg\" alt=\"\" class=\"wp-image-1762\" srcset=\"https:\/\/floride.fr\/wp-content\/uploads\/2022\/03\/visa-image-perpignan.jpg 300w, https:\/\/floride.fr\/wp-content\/uploads\/2022\/03\/visa-image-perpignan-150x150.jpg 150w\" sizes=\"(max-width: 300px) 100vw, 300px\" \/><\/figure>\n\n\n\n<p>The unmissable Visa pour l&#8217;Image, the photojournalism festival in Perpignan in August-September<\/p>\n<\/div><\/div>\n\n\n\n<div class=\"wp-container-69eb9c1cf0356 wp-block-group\"><div class=\"wp-block-group__inner-container\">\n<figure class=\"wp-block-image size-full\"><img loading=\"lazy\" width=\"300\" height=\"300\" src=\"https:\/\/floride.fr\/wp-content\/uploads\/2022\/03\/mondial-du-vent-leucate-lafranqui.jpeg\" alt=\"Camping Le Floride Le Barcar&#xE8;s (66) : Mondial Du Vent Leucate Lafranqui\" class=\"wp-image-1767\" srcset=\"https:\/\/floride.fr\/wp-content\/uploads\/2022\/03\/mondial-du-vent-leucate-lafranqui.jpeg 300w, https:\/\/floride.fr\/wp-content\/uploads\/2022\/03\/mondial-du-vent-leucate-lafranqui-150x150.jpeg 150w, https:\/\/floride.fr\/wp-content\/uploads\/2022\/03\/mondial-du-vent-leucate-lafranqui-200x200.jpeg 200w\" sizes=\"(max-width: 300px) 100vw, 300px\" \/><\/figure>\n\n\n\n<p>Mondial du Vent for Kitesurf and Windsurf lovers in Leucate &#8211; April<\/p>\n<\/div><\/div>\n\n\n\n<div class=\"wp-container-69eb9c1cf062f wp-block-group\"><div class=\"wp-block-group__inner-container\">\n<p><\/p>\n<\/div><\/div>\n\n\n\n<div class=\"wp-container-69eb9c1cf092e wp-block-group\"><div class=\"wp-block-group__inner-container\">\n<figure class=\"wp-block-image size-full\"><img loading=\"lazy\" width=\"300\" height=\"300\" src=\"https:\/\/floride.fr\/wp-content\/uploads\/2022\/03\/Festival-Voix-de-Femmes-Maury-Juin-Nach-Zazie.jpg\" alt=\"\" class=\"wp-image-1777\" srcset=\"https:\/\/floride.fr\/wp-content\/uploads\/2022\/03\/Festival-Voix-de-Femmes-Maury-Juin-Nach-Zazie.jpg 300w, https:\/\/floride.fr\/wp-content\/uploads\/2022\/03\/Festival-Voix-de-Femmes-Maury-Juin-Nach-Zazie-150x150.jpg 150w\" sizes=\"(max-width: 300px) 100vw, 300px\" \/><\/figure>\n\n\n\n<p>Les Voix de Femmes in Maury, in the Fenouill\u00e8des<\/p>\n<\/div><\/div>\n\n\n\n<div class=\"wp-container-69eb9c1cf0d35 wp-block-group\"><div class=\"wp-block-group__inner-container\">\n<figure class=\"wp-block-image size-full\"><img loading=\"lazy\" width=\"300\" height=\"300\" src=\"https:\/\/floride.fr\/wp-content\/uploads\/2022\/03\/fete-st-jean-barcares.jpg\" alt=\"\" class=\"wp-image-1782\" srcset=\"https:\/\/floride.fr\/wp-content\/uploads\/2022\/03\/fete-st-jean-barcares.jpg 300w, https:\/\/floride.fr\/wp-content\/uploads\/2022\/03\/fete-st-jean-barcares-150x150.jpg 150w\" sizes=\"(max-width: 300px) 100vw, 300px\" \/><\/figure>\n\n\n\n<p>F\u00eate de la St Jean, June 23 in Barcar\u00e8s<\/p>\n<\/div><\/div>\n\n\n\n<div class=\"wp-container-69eb9c1cf106e wp-block-group\"><div class=\"wp-block-group__inner-container\">\n<figure class=\"wp-block-image size-full\"><img loading=\"lazy\" width=\"300\" height=\"300\" src=\"https:\/\/floride.fr\/wp-content\/uploads\/2022\/03\/bodega-del-mar-barcares.jpg\" alt=\"\" class=\"wp-image-1787\" srcset=\"https:\/\/floride.fr\/wp-content\/uploads\/2022\/03\/bodega-del-mar-barcares.jpg 300w, https:\/\/floride.fr\/wp-content\/uploads\/2022\/03\/bodega-del-mar-barcares-150x150.jpg 150w\" sizes=\"(max-width: 300px) 100vw, 300px\" \/><\/figure>\n\n\n\n<p>Bodega del Mar, August 29 in Barcar\u00e8s<\/p>\n<\/div><\/div>\n<\/section>\n","protected":false},"excerpt":{"rendered":"<p>Electrobeach, Summer 66&#8230; Lots of parties in Le Barcar\u00e8s Le Floride campsite, in the heart of Le Barcar\u00e8s, is the ideal starting point for taking part in the major festivals and events that take place every year, including the unmissable Les D\u00e9ferlantes Festival on the Lydia site, the many events and concerts in the village [&hellip;]<\/p>\n","protected":false},"author":1,"featured_media":0,"parent":0,"menu_order":0,"comment_status":"closed","ping_status":"closed","template":"","meta":[],"acf":[],"_links":{"self":[{"href":"https:\/\/floride.fr\/en\/wp-json\/wp\/v2\/pages\/2595"}],"collection":[{"href":"https:\/\/floride.fr\/en\/wp-json\/wp\/v2\/pages"}],"about":[{"href":"https:\/\/floride.fr\/en\/wp-json\/wp\/v2\/types\/page"}],"author":[{"embeddable":true,"href":"https:\/\/floride.fr\/en\/wp-json\/wp\/v2\/users\/1"}],"replies":[{"embeddable":true,"href":"https:\/\/floride.fr\/en\/wp-json\/wp\/v2\/comments?post=2595"}],"version-history":[{"count":6,"href":"https:\/\/floride.fr\/en\/wp-json\/wp\/v2\/pages\/2595\/revisions"}],"predecessor-version":[{"id":16330,"href":"https:\/\/floride.fr\/en\/wp-json\/wp\/v2\/pages\/2595\/revisions\/16330"}],"wp:attachment":[{"href":"https:\/\/floride.fr\/en\/wp-json\/wp\/v2\/media?parent=2595"}],"curies":[{"name":"wp","href":"https:\/\/api.w.org\/{rel}","templated":true}]}}