{"id":2607,"date":"2022-04-21T16:00:26","date_gmt":"2022-04-21T14:00:26","guid":{"rendered":"https:\/\/floride.fr\/rentals\/"},"modified":"2026-03-17T14:29:28","modified_gmt":"2026-03-17T13:29:28","slug":"rentals","status":"publish","type":"page","link":"https:\/\/floride.fr\/en\/rentals\/","title":{"rendered":"Rentals"},"content":{"rendered":"\n<figure class=\"wp-block-image alignfull size-full F-00-b\"><img loading=\"lazy\" width=\"1920\" height=\"1280\" src=\"https:\/\/floride.fr\/wp-content\/uploads\/2025\/11\/233_Camping_Occitanie_Le_Floride_et_l_Embouchure_Ciela_Village_Hebergement.webp\" alt=\"\" class=\"wp-image-15550\" srcset=\"https:\/\/floride.fr\/wp-content\/uploads\/2025\/11\/233_Camping_Occitanie_Le_Floride_et_l_Embouchure_Ciela_Village_Hebergement.webp 1920w, https:\/\/floride.fr\/wp-content\/uploads\/2025\/11\/233_Camping_Occitanie_Le_Floride_et_l_Embouchure_Ciela_Village_Hebergement-300x200.webp 300w, https:\/\/floride.fr\/wp-content\/uploads\/2025\/11\/233_Camping_Occitanie_Le_Floride_et_l_Embouchure_Ciela_Village_Hebergement-1024x683.webp 1024w, https:\/\/floride.fr\/wp-content\/uploads\/2025\/11\/233_Camping_Occitanie_Le_Floride_et_l_Embouchure_Ciela_Village_Hebergement-768x512.webp 768w, https:\/\/floride.fr\/wp-content\/uploads\/2025\/11\/233_Camping_Occitanie_Le_Floride_et_l_Embouchure_Ciela_Village_Hebergement-1536x1024.webp 1536w\" sizes=\"(max-width: 1920px) 100vw, 1920px\" \/><\/figure>\n\n<section class=\"wp-container-69d0fbb8b9ac9 wp-block-group\"><div class=\"wp-block-group__inner-container\">\n<h1 class=\"has-text-align-center has-couleur-1-color has-text-color\" id=\"a-port-barcares-faites-le-choix-du-depaysement-haut-de-gamme-en-2022\">Mobil-Home, Chalet and Insolite rental in Barcar\u00e8s (66)<\/h1>\n\n\n\n<p class=\"has-text-align-center titre2 has-couleur-4-color has-text-color\" id=\"un-confort-maximal-pour-vos-vacances-dans-le-languedoc-roussillon\"><strong>Maximum comfort for your holidays in the Pyr\u00e9n\u00e9es Orientales<\/strong><\/p>\n\n\n\n<p class=\"has-text-align-center\">Whatever your plans \u2013 whether you\u2019re travelling as a couple, with family or with friends \u2013 you\u2019re sure to find the perfect package at Le Floride for a pleasant and successful holiday in the Pyr\u00e9n\u00e9es-Orientales. Among our selection of <strong>campsite rentals in Barcar\u00e8s<\/strong>, everyone will find their own style of comfort, from <strong>the economical range to the more luxurious range with private spa.<\/strong> Fly to the south of France to experience a complete change of scenery in our Polynesian-style establishment. The adventure can continue in one of our customised <strong>unusual accommodations<\/strong> to feel like you are on the other side of the sea. At Le Floride, our <strong>5-star campsite in Barcar\u00e8s<\/strong>, choose outstanding services for an unparalleled experience in Languedoc Roussillon!<\/p>\n<\/div><\/section>\n\n<section class=\"wp-container-69d0fbb8bb1e7 wp-block-group F-10-a\"><div class=\"wp-block-group__inner-container\">\n<div class=\"wp-block-columns are-vertically-aligned-center\">\n<div class=\"wp-block-column is-vertically-aligned-center\">\n<h2 class=\"titre1 has-couleur-1-color has-text-color\" id=\"une-large-gamme-de-locations-de-vacances-a-barcares-pres-de-perpignan\">A wide range of holiday rentals in Barcar\u00e8s, near Perpignan<\/h2>\n\n\n\n<div class=\"wp-container-69d0fbb8bab97 wp-block-group pictos\">\n<div class=\"wp-container-69d0fbb8b9f07 wp-block-group\"><div class=\"wp-block-group__inner-container\"><i class=\"fal fa-home-heart\"><\/i>\n\n\n\n<p>Cottage rental<\/p>\n\n\n\n<p>Enjoy the comfort and facilities of the chalets<\/p>\n<\/div><\/div>\n\n\n\n<div class=\"wp-container-69d0fbb8ba256 wp-block-group\"><div class=\"wp-block-group__inner-container\"><i class=\"fal fa-house-day\"><\/i>\n\n\n\n<p>Mobile home rental<\/p>\n\n\n\n<p>Traditional or customized at the Tiki Village with Polynesian allure<\/p>\n<\/div><\/div>\n\n\n\n<div class=\"wp-container-69d0fbb8ba600 wp-block-group\"><div class=\"wp-block-group__inner-container\"><i class=\"fal fa-caravan-alt\"><\/i>\n\n\n\n<p>Trailer rental<\/p>\n\n\n\n<p>For unusual vacations<\/p>\n<\/div><\/div>\n\n\n\n<div class=\"wp-container-69d0fbb8ba911 wp-block-group\"><div class=\"wp-block-group__inner-container\"><i class=\"fab fa-accessible-icon\"><\/i>\n\n\n\n<p>PMR rental<\/p>\n\n\n\n<p>Specially designed for people with reduced mobility<\/p>\n<\/div><\/div>\n<\/div>\n\n\n\n<div class=\"wp-container-69d0fbb8bae55 wp-block-buttons\">\n<div class=\"wp-block-button btn_resa\"><a class=\"wp-block-button__link has-couleur-2-background-color has-background\"><i class=\"fal fa-search\"><\/i> Book<\/a><\/div>\n<\/div>\n<\/div>\n\n\n\n<div class=\"wp-block-column is-vertically-aligned-center\">\n<figure class=\"wp-block-gallery has-nested-images columns-3 is-cropped deco-flambeau deco-rectangle2\">\n<figure class=\"wp-block-image size-large is-style-default\"><img loading=\"lazy\" width=\"1024\" height=\"683\" src=\"https:\/\/floride.fr\/wp-content\/uploads\/2022\/05\/OHARA_844-2ch_PIECE-DE-VIE_2020-1024x683.png\" alt=\"Mobile home for rent in Barcar&#xE8;s near Perpignan\" class=\"wp-image-3860\" srcset=\"https:\/\/floride.fr\/wp-content\/uploads\/2022\/05\/OHARA_844-2ch_PIECE-DE-VIE_2020-1024x683.png 1024w, https:\/\/floride.fr\/wp-content\/uploads\/2022\/05\/OHARA_844-2ch_PIECE-DE-VIE_2020-300x200.png 300w, https:\/\/floride.fr\/wp-content\/uploads\/2022\/05\/OHARA_844-2ch_PIECE-DE-VIE_2020-768x513.png 768w, https:\/\/floride.fr\/wp-content\/uploads\/2022\/05\/OHARA_844-2ch_PIECE-DE-VIE_2020.png 1500w\" sizes=\"(max-width: 1024px) 100vw, 1024px\" \/><\/figure>\n\n\n\n<figure class=\"wp-block-image size-full\"><img loading=\"lazy\" width=\"1024\" height=\"683\" src=\"https:\/\/floride.fr\/wp-content\/uploads\/2022\/05\/130-camping-le-floride-1024px.jpg\" alt=\"Location mobil home camping Barcar&#xE8;s Le Floride et l'Embouchure\" class=\"wp-image-3803\" srcset=\"https:\/\/floride.fr\/wp-content\/uploads\/2022\/05\/130-camping-le-floride-1024px.jpg 1024w, https:\/\/floride.fr\/wp-content\/uploads\/2022\/05\/130-camping-le-floride-1024px-300x200.jpg 300w, https:\/\/floride.fr\/wp-content\/uploads\/2022\/05\/130-camping-le-floride-1024px-768x512.jpg 768w\" sizes=\"(max-width: 1024px) 100vw, 1024px\" \/><figcaption>campsite le floride<\/figcaption><\/figure>\n<\/figure>\n<\/div>\n<\/div>\n<\/div><\/section>\n\n<section class=\"wp-container-69d0fbb8bb997 wp-block-group F-05-a  deco-feuille1\"><div class=\"wp-block-group__inner-container\">\n<div class=\"wp-block-columns are-vertically-aligned-center\">\n<div class=\"wp-block-column is-vertically-aligned-center\">\n<figure class=\"wp-block-gallery has-nested-images columns-2 is-cropped deco-masque1\">\n<figure class=\"wp-block-image size-large\"><img loading=\"lazy\" width=\"836\" height=\"1024\" src=\"https:\/\/floride.fr\/wp-content\/uploads\/2025\/11\/033_Camping_Occitanie_Le_Floride_et_l_Embouchure_Ciela_Village_Hebergement_King_Suite_8_10_E038-836x1024.webp\" alt=\"\" class=\"wp-image-15957\" srcset=\"https:\/\/floride.fr\/wp-content\/uploads\/2025\/11\/033_Camping_Occitanie_Le_Floride_et_l_Embouchure_Ciela_Village_Hebergement_King_Suite_8_10_E038-836x1024.webp 836w, https:\/\/floride.fr\/wp-content\/uploads\/2025\/11\/033_Camping_Occitanie_Le_Floride_et_l_Embouchure_Ciela_Village_Hebergement_King_Suite_8_10_E038-245x300.webp 245w, https:\/\/floride.fr\/wp-content\/uploads\/2025\/11\/033_Camping_Occitanie_Le_Floride_et_l_Embouchure_Ciela_Village_Hebergement_King_Suite_8_10_E038-768x941.webp 768w, https:\/\/floride.fr\/wp-content\/uploads\/2025\/11\/033_Camping_Occitanie_Le_Floride_et_l_Embouchure_Ciela_Village_Hebergement_King_Suite_8_10_E038-1254x1536.webp 1254w, https:\/\/floride.fr\/wp-content\/uploads\/2025\/11\/033_Camping_Occitanie_Le_Floride_et_l_Embouchure_Ciela_Village_Hebergement_King_Suite_8_10_E038.webp 1280w\" sizes=\"(max-width: 836px) 100vw, 836px\" \/><\/figure>\n\n\n\n<figure class=\"wp-block-image size-large\"><img loading=\"lazy\" width=\"825\" height=\"1024\" src=\"https:\/\/floride.fr\/wp-content\/uploads\/2025\/11\/085_Camping_Occitanie_Le_Floride_et_l_Embouchure_Ciela_Village_Hebergement_King_London_Bus_E151-825x1024.webp\" alt=\"\" class=\"wp-image-15962\" srcset=\"https:\/\/floride.fr\/wp-content\/uploads\/2025\/11\/085_Camping_Occitanie_Le_Floride_et_l_Embouchure_Ciela_Village_Hebergement_King_London_Bus_E151-825x1024.webp 825w, https:\/\/floride.fr\/wp-content\/uploads\/2025\/11\/085_Camping_Occitanie_Le_Floride_et_l_Embouchure_Ciela_Village_Hebergement_King_London_Bus_E151-242x300.webp 242w, https:\/\/floride.fr\/wp-content\/uploads\/2025\/11\/085_Camping_Occitanie_Le_Floride_et_l_Embouchure_Ciela_Village_Hebergement_King_London_Bus_E151-768x953.webp 768w, https:\/\/floride.fr\/wp-content\/uploads\/2025\/11\/085_Camping_Occitanie_Le_Floride_et_l_Embouchure_Ciela_Village_Hebergement_King_London_Bus_E151-1237x1536.webp 1237w, https:\/\/floride.fr\/wp-content\/uploads\/2025\/11\/085_Camping_Occitanie_Le_Floride_et_l_Embouchure_Ciela_Village_Hebergement_King_London_Bus_E151.webp 1280w\" sizes=\"(max-width: 825px) 100vw, 825px\" \/><\/figure>\n<\/figure>\n\n\n\n<div class=\"wp-container-69d0fbb8bb5b7 wp-block-buttons galerie\">\n<div class=\"wp-block-button\"><a class=\"wp-block-button__link has-couleur-4-background-color has-background\" href=\"https:\/\/floride.fr\/en\/photo-gallery\/\"><i class=\"fal fa-images\"><\/i> See the media gallery<\/a><\/div>\n<\/div>\n<\/div>\n\n\n\n<div class=\"wp-block-column is-vertically-aligned-center\">\n<h3 class=\"titre2 has-couleur-2-color has-text-color\" id=\"se-sentir-ailleurs-si-pres-de-chez-soi-et-decouvrez-le-paradis-des-vacances-au-bord-de-la-mediterranee-dans-un-cadre-naturel-et-enchanteur-a-quelques-encablures-du-village-catalan-du-barcares-66\">Mobile home rentals in Barcar\u00e8s with all the comforts of home at Camping Le Floride <\/h3>\n\n\n\n<p>Fully equipped, our 469 mobile home rentals in Barcar\u00e8s can comfortably accommodate 2 to 8 people. You will find:<\/p>\n\n\n\n<ul><li>Used dishes<\/li><li>Electric coffee maker<\/li><li>Microwave<\/li><li>A refrigerator<\/li><li>As well as garden furniture and 2 sun loungers (or 2 deckchairs)<\/li><\/ul>\n\n\n\n<p>All our high-end <a href=\"https:\/\/floride.fr\/en\/mobile-home-rental-eastern-pyrenees\/\">mobile homes<\/a> in Barcar\u00e8s are equipped with air conditioning, dishwashers and even two bathrooms! Like our Ciela Prestige and Exception holiday rental ranges, which offer spacious accommodation and the very best in terms of comfort. <\/p>\n\n\n\n<p>Other rental models offer the possibility to install a <strong>baby bed<\/strong> in the parents&#8217; room.<\/p>\n\n\n\n<ul><li>All our <strong>campsites<\/strong> are equipped with television<\/li><li>WIFI is free for two devices per stay<\/li><\/ul>\n\n\n\n<p>Treat yourself to a proper holiday with Le Floride, camping in the Pyr\u00e9n\u00e9es-Orientales!<\/p>\n<\/div>\n<\/div>\n<\/div><\/section>\n\n<section class=\"wp-container-69d0fbb8bbdfb wp-block-group F-05-a  deco-feuille1\"><div class=\"wp-block-group__inner-container\">\n<div class=\"wp-block-columns are-vertically-aligned-center\">\n<div class=\"wp-block-column is-vertically-aligned-center\">\n<h3 class=\"titre2 has-couleur-2-color has-text-color\" id=\"se-sentir-ailleurs-si-pres-de-chez-soi-et-decouvrez-le-paradis-des-vacances-au-bord-de-la-mediterranee-dans-un-cadre-naturel-et-enchanteur-a-quelques-encablures-du-village-catalan-du-barcares-66\">Fully equipped chalets for a cocooning stay by the sea<\/h3>\n\n\n\n<p>In our offer of <strong>holiday rentals by the sea in Barcares<\/strong>, you will find wooden lodgings in the style of &#8220;chalets&#8221; that can accommodate up to 8 people. With their rustic look, give a tropical style to your stay with <a href=\"https:\/\/floride.fr\/en\/chalet-rental-in-pyrenees-orientales\/\">these chalets in the Pyr\u00e9n\u00e9es Orientales.<\/a> For maximum comfort, many facilities are available : <\/p>\n\n\n\n<ul><li>Used dishes<\/li><li>Electric coffee maker<\/li><li>Microwave<\/li><li>A refrigerator<\/li><li>T\u00e9l\u00e9vision<\/li><li>Wifi<\/li><li>As well as garden furniture and 2 sun loungers (or 2 deckchairs)<\/li><\/ul>\n\n\n\n<p>Those who love the comforts of home will appreciate our range of more spacious chalets, the Ciela Privil\u00e8ge Tropical. In addition to the basic equipment, <strong>a dishwasher<\/strong> will simplify your daily life. <\/p>\n\n\n\n<p>Please note that our <strong>holiday rentals in Barcares<\/strong> also <strong>welcome your four-legged friends<\/strong> for a complete camping holiday !<\/p>\n<\/div>\n\n\n\n<div class=\"wp-block-column is-vertically-aligned-center\">\n<figure class=\"wp-block-gallery has-nested-images columns-2 is-cropped\">\n<figure class=\"wp-block-image size-large\"><img src=\"https:\/\/floride.fr\/wp-content\/uploads\/2022\/05\/&#xA9;LeFloride-101-1-1024x682.jpg\" alt=\"Location de chalets &#xE0; th&#xE8;me dans les pyr&#xE9;n&#xE9;es orientales, barcar&#xE8;s (66)\" class=\"wp-image-3808\"\/><\/figure>\n\n\n\n<figure class=\"wp-block-image size-large\"><img loading=\"lazy\" width=\"1024\" height=\"974\" src=\"https:\/\/floride.fr\/wp-content\/uploads\/2022\/05\/884_3CH_-2020_ZOOM-RANGEMENTS-PARENTS-edited-1024x974.jpg\" alt=\"Location de vacances max de confort &#xE0; Port Barcar&#xE8;s\" class=\"wp-image-3574\" srcset=\"https:\/\/floride.fr\/wp-content\/uploads\/2022\/05\/884_3CH_-2020_ZOOM-RANGEMENTS-PARENTS-edited-1024x974.jpg 1024w, https:\/\/floride.fr\/wp-content\/uploads\/2022\/05\/884_3CH_-2020_ZOOM-RANGEMENTS-PARENTS-edited-300x285.jpg 300w, https:\/\/floride.fr\/wp-content\/uploads\/2022\/05\/884_3CH_-2020_ZOOM-RANGEMENTS-PARENTS-edited-768x731.jpg 768w, https:\/\/floride.fr\/wp-content\/uploads\/2022\/05\/884_3CH_-2020_ZOOM-RANGEMENTS-PARENTS-edited-1536x1461.jpg 1536w, https:\/\/floride.fr\/wp-content\/uploads\/2022\/05\/884_3CH_-2020_ZOOM-RANGEMENTS-PARENTS-edited-2048x1948.jpg 2048w\" sizes=\"(max-width: 1024px) 100vw, 1024px\" \/><\/figure>\n<\/figure>\n<\/div>\n<\/div>\n<\/div><\/section>\n\n<section class=\"wp-container-69d0fbb8bc20e wp-block-group F-05-a  deco-feuille1\"><div class=\"wp-block-group__inner-container\">\n<div class=\"wp-block-columns are-vertically-aligned-center\">\n<div class=\"wp-block-column is-vertically-aligned-center\">\n<figure class=\"wp-block-gallery has-nested-images columns-2 is-cropped\">\n<figure class=\"wp-block-image size-large\"><img loading=\"lazy\" width=\"1024\" height=\"682\" src=\"https:\/\/floride.fr\/wp-content\/uploads\/2022\/05\/fare-Aloha-1024x682.jpg\" alt=\"Nuit insolite pyr&#xE9;n&#xE9;es orientales en far&#xE9; insolite Le Floride\" class=\"wp-image-3383\" srcset=\"https:\/\/floride.fr\/wp-content\/uploads\/2022\/05\/fare-Aloha-1024x682.jpg 1024w, https:\/\/floride.fr\/wp-content\/uploads\/2022\/05\/fare-Aloha-300x200.jpg 300w, https:\/\/floride.fr\/wp-content\/uploads\/2022\/05\/fare-Aloha-768x512.jpg 768w, https:\/\/floride.fr\/wp-content\/uploads\/2022\/05\/fare-Aloha-1536x1024.jpg 1536w, https:\/\/floride.fr\/wp-content\/uploads\/2022\/05\/fare-Aloha.jpg 1772w\" sizes=\"(max-width: 1024px) 100vw, 1024px\" \/><\/figure>\n\n\n\n<figure class=\"wp-block-image size-full\"><img loading=\"lazy\" width=\"1024\" height=\"681\" src=\"https:\/\/floride.fr\/wp-content\/uploads\/2022\/03\/roulotte-far-west.jpg\" alt=\"Campsite Le Floride Le Barcar&#xE8;s (66) : Far West trailer\" class=\"wp-image-852\" srcset=\"https:\/\/floride.fr\/wp-content\/uploads\/2022\/03\/roulotte-far-west.jpg 1024w, https:\/\/floride.fr\/wp-content\/uploads\/2022\/03\/roulotte-far-west-300x200.jpg 300w, https:\/\/floride.fr\/wp-content\/uploads\/2022\/03\/roulotte-far-west-768x511.jpg 768w\" sizes=\"(max-width: 1024px) 100vw, 1024px\" \/><\/figure>\n<\/figure>\n<\/div>\n\n\n\n<div class=\"wp-block-column is-vertically-aligned-center\">\n<h3 class=\"titre2 has-couleur-2-color has-text-color\" id=\"se-sentir-ailleurs-si-pres-de-chez-soi-et-decouvrez-le-paradis-des-vacances-au-bord-de-la-mediterranee-dans-un-cadre-naturel-et-enchanteur-a-quelques-encablures-du-village-catalan-du-barcares-66\">Atypical accommodation for an unusual night in Occitania<\/h3>\n\n\n\n<p>Take advantage of your holidays in Occitania, on the coast of the Pyr\u00e9n\u00e9es Orientales to live a unique experience. At Floride, we offer caravans, Polynesian-style huts and even tree houses! Everything is designed to ensure you feel just as at home in these unique accommodations in Barcar\u00e8s as you do in our other camping rentals. Tastefully customised, you can get away from it all for a few nights or a few weeks at Camping Village Vacances Le Floride. Our <a href=\"https:\/\/floride.fr\/en\/unusual-rentals-in-the-pyrenees-orientales\/\">unusual rentals in the Eastern Pyrenees<\/a> can accommodate 2 to 6 people and are arranged in different ways, namely<\/p>\n\n\n\n<ul><li>The comfort of a mobile home for the Ciela Privil\u00e8ge Aloha or Maori with an added touch of exoticism;<\/li><li>The camping spirit adapted for cabins (private sanitary facilities separate);<\/li><li>Practical layout for the caravan but without air conditioning.<\/li><\/ul>\n<\/div>\n<\/div>\n<\/div><\/section>\n\n<section class=\"wp-container-69d0fbb8bc646 wp-block-group F-20-a display-none\"><div class=\"wp-block-group__inner-container\">\n<div class=\"wp-block-columns are-vertically-aligned-center\">\n<div class=\"wp-block-column is-vertically-aligned-center\">\n<h2 id=\"les-plus-de-notre-camping-5-etoiles-en-pyrenees-orientales\">The advantages of our 5-star campsite in Pyr\u00e9n\u00e9es Orientales<\/h2>\n\n\n\n<h3 class=\"titre1 has-couleur-2-color has-text-color\" id=\"se-sentir-ailleurs-si-pres-de-chez-soi-et-decouvrez-le-paradis-des-vacances-au-bord-de-la-mediterranee-dans-un-cadre-naturel-et-enchanteur-a-quelques-encablures-du-village-catalan-du-barcares-66\">Choose the Premium option at a nice price!<\/h3>\n\n\n\n<p class=\"brush has-couleur-1-color has-text-color\">In a few words, the premium option is :<\/p>\n\n\n\n<ul><li>Welcome Kit<\/li><li>A surprise gift for your reception<\/li><li>Beds made on arrival<\/li><li>Towels provided<\/li><li>Final cleaning on the day of your departure<\/li><\/ul>\n\n\n\n<p>A few comfort options are also available on our camping <a href=\"https:\/\/floride.fr\/en\/locations\/\">pitches with private bathroom facilities in the Pyr\u00e9n\u00e9es Orientales,<\/a> to enhance your holiday in the heart of nature.<\/p>\n<\/div>\n\n\n\n<div class=\"wp-block-column is-vertically-aligned-center\">\n<figure class=\"wp-block-gallery has-nested-images columns-2 is-cropped deco-fleur2 deco-rectangle1\">\n<figure class=\"wp-block-image size-large\"><img loading=\"lazy\" width=\"850\" height=\"566\" src=\"https:\/\/floride.fr\/wp-content\/uploads\/2022\/03\/Camping-Le-Floride-Barcares-Bungalows-11.jpg\" alt=\"Camping 5 &#xE9;toiles Le Floride Barcar&#xE8;s Bungalows option premium\" class=\"wp-image-457\" srcset=\"https:\/\/floride.fr\/wp-content\/uploads\/2022\/03\/Camping-Le-Floride-Barcares-Bungalows-11.jpg 850w, https:\/\/floride.fr\/wp-content\/uploads\/2022\/03\/Camping-Le-Floride-Barcares-Bungalows-11-300x200.jpg 300w, https:\/\/floride.fr\/wp-content\/uploads\/2022\/03\/Camping-Le-Floride-Barcares-Bungalows-11-768x511.jpg 768w\" sizes=\"(max-width: 850px) 100vw, 850px\" \/><\/figure>\n\n\n\n<figure class=\"wp-block-image size-large\"><img loading=\"lazy\" width=\"1000\" height=\"667\" src=\"https:\/\/floride.fr\/wp-content\/uploads\/2022\/03\/Photo-interieur-6.jpg\" alt=\"Camping haut de gamme avec location de vacances au Barcar&#xE8;s\" class=\"wp-image-862\" srcset=\"https:\/\/floride.fr\/wp-content\/uploads\/2022\/03\/Photo-interieur-6.jpg 1000w, https:\/\/floride.fr\/wp-content\/uploads\/2022\/03\/Photo-interieur-6-300x200.jpg 300w, https:\/\/floride.fr\/wp-content\/uploads\/2022\/03\/Photo-interieur-6-768x512.jpg 768w\" sizes=\"(max-width: 1000px) 100vw, 1000px\" \/><\/figure>\n<\/figure>\n<\/div>\n<\/div>\n<\/div><\/section>\n\n<section class=\"wp-container-69d0fbb8bca03 wp-block-group F-15-a vague-top ligne1-top has-bg-1-background-color has-background\"><div class=\"wp-block-group__inner-container\">\n<p class=\"titre1 has-couleur-1-color has-text-color\" id=\"decouvrez-notre-location-la-suite-riviera-premium-un-vrai-succes\">Discover our rental property: the Ciela Exception, a real success!<\/p>\n\n\n\n<div class=\"wp-block-media-text is-stacked-on-mobile is-image-fill\"><figure class=\"wp-block-media-text__media\" style=\"background-image:url(https:\/\/floride.fr\/wp-content\/uploads\/2022\/03\/DSC_0827-arrangee-PT-1024x668.jpg);background-position:50% 50%\"><img loading=\"lazy\" width=\"1024\" height=\"668\" src=\"https:\/\/floride.fr\/wp-content\/uploads\/2022\/03\/DSC_0827-arrangee-PT-1024x668.jpg\" alt=\"Camping with spa in languedoc roussillon, suite riviera\" class=\"wp-image-857 size-full\" srcset=\"https:\/\/floride.fr\/wp-content\/uploads\/2022\/03\/DSC_0827-arrangee-PT-1024x668.jpg 1024w, https:\/\/floride.fr\/wp-content\/uploads\/2022\/03\/DSC_0827-arrangee-PT-300x196.jpg 300w, https:\/\/floride.fr\/wp-content\/uploads\/2022\/03\/DSC_0827-arrangee-PT-768x501.jpg 768w, https:\/\/floride.fr\/wp-content\/uploads\/2022\/03\/DSC_0827-arrangee-PT-1536x1002.jpg 1536w, https:\/\/floride.fr\/wp-content\/uploads\/2022\/03\/DSC_0827-arrangee-PT.jpg 2000w\" sizes=\"(max-width: 1024px) 100vw, 1024px\" \/><\/figure><div class=\"wp-block-media-text__content\">\n<h3 class=\"has-couleur-4-color has-text-color\" id=\"hebergement-haut-de-gamme-au-sein-de-notre-camping-en-languedoc-roussillon\">High quality accommodation at our campsite in Languedoc Roussillon<\/h3>\n\n\n\n<p>To ensure you feel completely at ease with family or friends, the Ciela Exception range of accommodation comprises:<\/p>\n\n\n\n<ul><li>3 rooms<\/li><li>2 bathrooms;<\/li><li>Flat screen TV<\/li><li>Air conditioning;<\/li><li>Dishwasher.<\/li><\/ul>\n\n\n\n<p>Be the first to book your holiday at our <strong>5 star campsite in Languedoc Roussillon.<\/strong><\/p>\n<\/div><\/div>\n<\/div><\/section>\n\n<p><\/p>\n","protected":false},"excerpt":{"rendered":"<p>Mobil-Home, Chalet and Insolite rental in Barcar\u00e8s (66) Maximum comfort for your holidays in the Pyr\u00e9n\u00e9es Orientales Whatever your plans \u2013 whether you\u2019re travelling as a couple, with family or with friends \u2013 you\u2019re sure to find the perfect package at Le Floride for a pleasant and successful holiday in the Pyr\u00e9n\u00e9es-Orientales. Among our selection [&hellip;]<\/p>\n","protected":false},"author":1,"featured_media":0,"parent":0,"menu_order":0,"comment_status":"closed","ping_status":"closed","template":"","meta":[],"acf":[],"_links":{"self":[{"href":"https:\/\/floride.fr\/en\/wp-json\/wp\/v2\/pages\/2607"}],"collection":[{"href":"https:\/\/floride.fr\/en\/wp-json\/wp\/v2\/pages"}],"about":[{"href":"https:\/\/floride.fr\/en\/wp-json\/wp\/v2\/types\/page"}],"author":[{"embeddable":true,"href":"https:\/\/floride.fr\/en\/wp-json\/wp\/v2\/users\/1"}],"replies":[{"embeddable":true,"href":"https:\/\/floride.fr\/en\/wp-json\/wp\/v2\/comments?post=2607"}],"version-history":[{"count":6,"href":"https:\/\/floride.fr\/en\/wp-json\/wp\/v2\/pages\/2607\/revisions"}],"predecessor-version":[{"id":16346,"href":"https:\/\/floride.fr\/en\/wp-json\/wp\/v2\/pages\/2607\/revisions\/16346"}],"wp:attachment":[{"href":"https:\/\/floride.fr\/en\/wp-json\/wp\/v2\/media?parent=2607"}],"curies":[{"name":"wp","href":"https:\/\/api.w.org\/{rel}","templated":true}]}}