{"id":2642,"date":"2022-04-21T16:10:45","date_gmt":"2022-04-21T14:10:45","guid":{"rendered":"https:\/\/floride.fr\/service-catering\/"},"modified":"2026-03-17T15:21:50","modified_gmt":"2026-03-17T14:21:50","slug":"service-catering","status":"publish","type":"page","link":"https:\/\/floride.fr\/en\/service-catering\/","title":{"rendered":"Service &amp; Catering"},"content":{"rendered":"\n<figure class=\"wp-block-image alignfull size-full F-00-b\"><img loading=\"lazy\" width=\"1920\" height=\"1279\" src=\"https:\/\/floride.fr\/wp-content\/uploads\/2025\/11\/186_Camping_Occitanie_Le_Floride_et_l_Embouchure_Ciela_Village_Tiki_Restaurant.webp\" alt=\"\" class=\"wp-image-15584\" srcset=\"https:\/\/floride.fr\/wp-content\/uploads\/2025\/11\/186_Camping_Occitanie_Le_Floride_et_l_Embouchure_Ciela_Village_Tiki_Restaurant.webp 1920w, https:\/\/floride.fr\/wp-content\/uploads\/2025\/11\/186_Camping_Occitanie_Le_Floride_et_l_Embouchure_Ciela_Village_Tiki_Restaurant-300x200.webp 300w, https:\/\/floride.fr\/wp-content\/uploads\/2025\/11\/186_Camping_Occitanie_Le_Floride_et_l_Embouchure_Ciela_Village_Tiki_Restaurant-1024x682.webp 1024w, https:\/\/floride.fr\/wp-content\/uploads\/2025\/11\/186_Camping_Occitanie_Le_Floride_et_l_Embouchure_Ciela_Village_Tiki_Restaurant-768x512.webp 768w, https:\/\/floride.fr\/wp-content\/uploads\/2025\/11\/186_Camping_Occitanie_Le_Floride_et_l_Embouchure_Ciela_Village_Tiki_Restaurant-1536x1023.webp 1536w\" sizes=\"(max-width: 1920px) 100vw, 1920px\" \/><\/figure>\n\n<section class=\"wp-container-69e340fd86f05 wp-block-group F-25-a deco-ananas\"><div class=\"wp-block-group__inner-container\">\n<h1 class=\"has-text-align-left has-couleur-1-color has-text-color\" id=\"services-restaurants-a-barcares-la-qualite-pour-tous-les-gouts\">Services &amp; Restaurants in Barcar\u00e8s : Quality for all tastes<\/h1>\n\n\n\n<h2 class=\"has-text-align-left titre2 has-couleur-4-color has-text-color\" id=\"produits-du-terroir-et-saveurs-du-languedoc-au-camping-5-etoiles-le-floride\">Local products and flavors of Languedoc at the 5 star campsite Le Floride<\/h2>\n\n\n\n<p class=\"has-text-align-left\">The teams at the Bar, Tiki Restaurant, Snack I&#8217;Inkka and Starlite Diner food truck are on hand to cater to all your needs at the 5-star Le Floride campsite in <a href=\"https:\/\/floride.fr\/en\/\">Barcar\u00e8s<\/a>. Would you like to discover the products of Languedoc-Roussillon, or fancy a cocktail in the sunshine? Visit our catering center for unforgettable taste experiences. A real bonus for your holiday in Port-Barcar\u00e8s at a campsite near Perpignan!<\/p>\n\n\n\n<div class=\"wp-container-69e340fd86c9e wp-block-group diaporama--3\">\n<div class=\"wp-container-69e340fd85e35 wp-block-group\"><div class=\"wp-block-group__inner-container\">\n<figure class=\"wp-block-image size-full\"><img loading=\"lazy\" width=\"2560\" height=\"1920\" src=\"https:\/\/floride.fr\/wp-content\/uploads\/2022\/05\/IMG_1065-scaled.jpg\" alt=\"\" class=\"wp-image-4695\" srcset=\"https:\/\/floride.fr\/wp-content\/uploads\/2022\/05\/IMG_1065-scaled.jpg 2560w, https:\/\/floride.fr\/wp-content\/uploads\/2022\/05\/IMG_1065-300x225.jpg 300w, https:\/\/floride.fr\/wp-content\/uploads\/2022\/05\/IMG_1065-1024x768.jpg 1024w, https:\/\/floride.fr\/wp-content\/uploads\/2022\/05\/IMG_1065-768x576.jpg 768w, https:\/\/floride.fr\/wp-content\/uploads\/2022\/05\/IMG_1065-1536x1152.jpg 1536w, https:\/\/floride.fr\/wp-content\/uploads\/2022\/05\/IMG_1065-2048x1536.jpg 2048w\" sizes=\"(max-width: 2560px) 100vw, 2560px\" \/><\/figure>\n\n\n\n<h3 id=\"le-bar\">The Bar<\/h3>\n\n\n\n<ul><li>Wide choice of alcoholic and non-alcoholic beverages<\/li><li>House cocktails<\/li><li>Ice Creams and Ice Creams for Kids<\/li><li>On the terrace or in the dining room, in the heart of the campsite<\/li><li>Giant screen for sports and music events<\/li><li>Open during the day and evening<\/li><\/ul>\n<\/div><\/div>\n\n\n\n<div class=\"wp-container-69e340fd8613c wp-block-group\"><div class=\"wp-block-group__inner-container\">\n<figure class=\"wp-block-image size-large\"><img loading=\"lazy\" width=\"1024\" height=\"682\" src=\"https:\/\/floride.fr\/wp-content\/uploads\/2025\/11\/171_Camping_Occitanie_Le_Floride_et_l_Embouchure_Ciela_Village_Food_Truck_Starlite_Dinner-1024x682.webp\" alt=\"\" class=\"wp-image-15680\" srcset=\"https:\/\/floride.fr\/wp-content\/uploads\/2025\/11\/171_Camping_Occitanie_Le_Floride_et_l_Embouchure_Ciela_Village_Food_Truck_Starlite_Dinner-1024x682.webp 1024w, https:\/\/floride.fr\/wp-content\/uploads\/2025\/11\/171_Camping_Occitanie_Le_Floride_et_l_Embouchure_Ciela_Village_Food_Truck_Starlite_Dinner-300x200.webp 300w, https:\/\/floride.fr\/wp-content\/uploads\/2025\/11\/171_Camping_Occitanie_Le_Floride_et_l_Embouchure_Ciela_Village_Food_Truck_Starlite_Dinner-768x512.webp 768w, https:\/\/floride.fr\/wp-content\/uploads\/2025\/11\/171_Camping_Occitanie_Le_Floride_et_l_Embouchure_Ciela_Village_Food_Truck_Starlite_Dinner.webp 1280w\" sizes=\"(max-width: 1024px) 100vw, 1024px\" \/><\/figure>\n\n\n\n<h3 id=\"le-food-truck-starlite-diner\">The Starlite Diner Food-Truck<\/h3>\n\n\n\n<ul><li>Gourmet Burgers<\/li><li>Salads<\/li><li>Pizzas to enjoy on the spot or to take away<\/li><li>Large choice of pizzas, tomato or fresh cream bases<\/li><li>Prepared with fresh and seasonal products from Languedoc-Roussillon<\/li><\/ul>\n<\/div><\/div>\n\n\n\n<div class=\"wp-container-69e340fd86425 wp-block-group\"><div class=\"wp-block-group__inner-container\">\n<figure class=\"wp-block-image size-large\"><img loading=\"lazy\" width=\"1024\" height=\"682\" src=\"https:\/\/floride.fr\/wp-content\/uploads\/2025\/11\/193_Camping_Occitanie_Le_Floride_et_l_Embouchure_Ciela_Village_Tiki_Restaurant-1024x682.webp\" alt=\"\" class=\"wp-image-15685\" srcset=\"https:\/\/floride.fr\/wp-content\/uploads\/2025\/11\/193_Camping_Occitanie_Le_Floride_et_l_Embouchure_Ciela_Village_Tiki_Restaurant-1024x682.webp 1024w, https:\/\/floride.fr\/wp-content\/uploads\/2025\/11\/193_Camping_Occitanie_Le_Floride_et_l_Embouchure_Ciela_Village_Tiki_Restaurant-300x200.webp 300w, https:\/\/floride.fr\/wp-content\/uploads\/2025\/11\/193_Camping_Occitanie_Le_Floride_et_l_Embouchure_Ciela_Village_Tiki_Restaurant-768x512.webp 768w, https:\/\/floride.fr\/wp-content\/uploads\/2025\/11\/193_Camping_Occitanie_Le_Floride_et_l_Embouchure_Ciela_Village_Tiki_Restaurant.webp 1280w\" sizes=\"(max-width: 1024px) 100vw, 1024px\" \/><\/figure>\n\n\n\n<h3 id=\"le-tiki-restaurant\">The Tiki Restaurant<\/h3>\n\n\n\n<ul><li>Local products from Roussillon<\/li><li>Rich and varied wine list<\/li><li>Lunch, Dinner and Children&#8217;s Packages<\/li><li>Home-made desserts<\/li><li><a href=\"https:\/\/floride.fr\/en\/nuestro-enfoque-de-la-calidad-y-el-medio-ambiente\/\">Quality service<\/a> for the comfort of the customers<\/li><li>Interior space with Hawaiian decoration<\/li><li>Outdoor Terrace with a view of the <a href=\"https:\/\/floride.fr\/en\/evenings-shows\/\">Show Stage<\/a><\/li><li>Open at noon and in the evening<\/li><\/ul>\n<\/div><\/div>\n\n\n\n<div class=\"wp-container-69e340fd8671f wp-block-group\"><div class=\"wp-block-group__inner-container\">\n<figure class=\"wp-block-image size-large\"><img loading=\"lazy\" width=\"1024\" height=\"682\" src=\"https:\/\/floride.fr\/wp-content\/uploads\/2025\/11\/176_Camping_Occitanie_Le_Floride_et_l_Embouchure_Ciela_Village_Snack_Inkka-1024x682.webp\" alt=\"\" class=\"wp-image-15754\" srcset=\"https:\/\/floride.fr\/wp-content\/uploads\/2025\/11\/176_Camping_Occitanie_Le_Floride_et_l_Embouchure_Ciela_Village_Snack_Inkka-1024x682.webp 1024w, https:\/\/floride.fr\/wp-content\/uploads\/2025\/11\/176_Camping_Occitanie_Le_Floride_et_l_Embouchure_Ciela_Village_Snack_Inkka-300x200.webp 300w, https:\/\/floride.fr\/wp-content\/uploads\/2025\/11\/176_Camping_Occitanie_Le_Floride_et_l_Embouchure_Ciela_Village_Snack_Inkka-768x512.webp 768w, https:\/\/floride.fr\/wp-content\/uploads\/2025\/11\/176_Camping_Occitanie_Le_Floride_et_l_Embouchure_Ciela_Village_Snack_Inkka.webp 1280w\" sizes=\"(max-width: 1024px) 100vw, 1024px\" \/><\/figure>\n\n\n\n<h3 id=\"le-snack-l-inkka\">The Snack &#8220;L&#8217;Inkka<\/h3>\n\n\n\n<ul><li>2 counters, 2 atmospheres: <a href=\"https:\/\/floride.fr\/en\/water-park\/\">Pool side<\/a> or <a href=\"https:\/\/floride.fr\/en\/activities-animations\/\">Entertainment side<\/a><\/li><li>Shaded terrace<\/li><li>Sandwiches, Paninis, Americans, Fries, Salads&#8230;<\/li><li>Pancakes, Waffles, Ice cream, Cold drinks<\/li><li>A warm welcome  <\/li><li>Open at noon, in the afternoon and in the evening<\/li><\/ul>\n<\/div><\/div>\n\n\n\n<div class=\"wp-container-69e340fd86a23 wp-block-group\"><div class=\"wp-block-group__inner-container\">\n<figure class=\"wp-block-image size-large\"><img loading=\"lazy\" width=\"1024\" height=\"683\" src=\"https:\/\/floride.fr\/wp-content\/uploads\/2022\/05\/pexels-engin-akyurt-3219547-1-1024x683.jpg\" alt=\"\" class=\"wp-image-4133\" srcset=\"https:\/\/floride.fr\/wp-content\/uploads\/2022\/05\/pexels-engin-akyurt-3219547-1-1024x683.jpg 1024w, https:\/\/floride.fr\/wp-content\/uploads\/2022\/05\/pexels-engin-akyurt-3219547-1-300x200.jpg 300w, https:\/\/floride.fr\/wp-content\/uploads\/2022\/05\/pexels-engin-akyurt-3219547-1-768x512.jpg 768w, https:\/\/floride.fr\/wp-content\/uploads\/2022\/05\/pexels-engin-akyurt-3219547-1-1536x1024.jpg 1536w, https:\/\/floride.fr\/wp-content\/uploads\/2022\/05\/pexels-engin-akyurt-3219547-1-2048x1365.jpg 2048w\" sizes=\"(max-width: 1024px) 100vw, 1024px\" \/><\/figure>\n\n\n\n<h3 id=\"les-plats-a-emporter\">Take Away Dishes<\/h3>\n\n\n\n<ul><li>Ideal for meals with family or friends in <a href=\"https:\/\/floride.fr\/en\/rentals\/\">your rental<\/a><\/li><li>Dishes prepared on the spot by the Chef of our Restaurant<\/li><li>Wide choice of Dishes, Formulas and Pizzas<\/li><li>To be ordered at the Restaurant Reception<\/li><\/ul>\n<\/div><\/div>\n<\/div>\n<\/div><\/section>\n\n<section class=\"wp-container-69e340fd87313 wp-block-group F-20-a\"><div class=\"wp-block-group__inner-container\">\n<div class=\"wp-block-columns\">\n<div class=\"wp-block-column\">\n<h2 class=\"titre1 has-couleur-2-color has-text-color\" id=\"se-sentir-ailleurs-si-pres-de-chez-soi-et-decouvrez-le-paradis-des-vacances-au-bord-de-la-mediterranee-dans-un-cadre-naturel-et-enchanteur-a-quelques-encablures-du-village-catalan-du-barcares-66\">Cocoa Boutique &amp; Info Point<\/h2>\n\n\n\n<p class=\"brush has-couleur-4-color has-text-color\">For the little extras that will enhance your vacation, head to the Cocoa Boutique. A personalized welcome to give you lots of ideas for outings, and allow you to bring home an original souvenir.<\/p>\n\n\n\n<p><strong>Fashion for adults and children, souvenirs in the colors of the campsite:<\/strong> bags, hats, wallets, pens, stuffed animals, postcards&#8230;<\/p>\n\n\n\n<p><strong>Billets d&#8217;entr\u00e9e \u00e0 tarif sp\u00e9cial Le Floride pour des exp\u00e9riences inoubliables (r\u00e9duction directement sur place sur pr\u00e9sentation du bracelet) :<\/strong> R\u00e9serve Africaine de Sigean, Aqualand, Vall\u00e9e des Tortues, Mus\u00e9e de la Pr\u00e9histoire, Grottes des Canalettes, Deversud Canyoning, Leucate Jet-ski, Balade en bateaux, etc&#8230;<\/p>\n\n\n\n<div class=\"wp-block-group encart-information\"><div class=\"wp-block-group__inner-container\">\n<p>Forgot your swimsuit? We have everything you need at the Cocoa Boutique!<\/p>\n<\/div><\/div>\n<\/div>\n\n\n\n<div class=\"wp-block-column\">\n<figure class=\"wp-block-gallery has-nested-images columns-2 is-cropped deco-fleur2 deco-rectangle2\">\n<figure class=\"wp-block-image size-large\"><img loading=\"lazy\" width=\"1024\" height=\"682\" src=\"https:\/\/floride.fr\/wp-content\/uploads\/2025\/11\/478_Camping_Occitanie_Le_Floride_et_l_Embouchure_Ciela_Village_Boutique_Cocoa-1024x682.webp\" alt=\"\" class=\"wp-image-15769\" srcset=\"https:\/\/floride.fr\/wp-content\/uploads\/2025\/11\/478_Camping_Occitanie_Le_Floride_et_l_Embouchure_Ciela_Village_Boutique_Cocoa-1024x682.webp 1024w, https:\/\/floride.fr\/wp-content\/uploads\/2025\/11\/478_Camping_Occitanie_Le_Floride_et_l_Embouchure_Ciela_Village_Boutique_Cocoa-300x200.webp 300w, https:\/\/floride.fr\/wp-content\/uploads\/2025\/11\/478_Camping_Occitanie_Le_Floride_et_l_Embouchure_Ciela_Village_Boutique_Cocoa-768x512.webp 768w, https:\/\/floride.fr\/wp-content\/uploads\/2025\/11\/478_Camping_Occitanie_Le_Floride_et_l_Embouchure_Ciela_Village_Boutique_Cocoa.webp 1280w\" sizes=\"(max-width: 1024px) 100vw, 1024px\" \/><\/figure>\n\n\n\n<figure class=\"wp-block-image size-large\"><img loading=\"lazy\" width=\"1024\" height=\"683\" src=\"https:\/\/floride.fr\/wp-content\/uploads\/2022\/05\/A7R4630-1024x683.jpg\" alt=\"Camping Le Floride Le Barcar&#xE8;s (66) : A7r4630\" class=\"wp-image-4607\" srcset=\"https:\/\/floride.fr\/wp-content\/uploads\/2022\/05\/A7R4630-1024x683.jpg 1024w, https:\/\/floride.fr\/wp-content\/uploads\/2022\/05\/A7R4630-300x200.jpg 300w, https:\/\/floride.fr\/wp-content\/uploads\/2022\/05\/A7R4630-768x512.jpg 768w, https:\/\/floride.fr\/wp-content\/uploads\/2022\/05\/A7R4630-1536x1024.jpg 1536w, https:\/\/floride.fr\/wp-content\/uploads\/2022\/05\/A7R4630-2048x1365.jpg 2048w\" sizes=\"(max-width: 1024px) 100vw, 1024px\" \/><\/figure>\n<\/figure>\n<\/div>\n<\/div>\n<\/div><\/section>\n\n<section class=\"wp-container-69e340fd87706 wp-block-group F-20-a\"><div class=\"wp-block-group__inner-container\">\n<div class=\"wp-block-columns are-vertically-aligned-center\">\n<div class=\"wp-block-column is-vertically-aligned-center\">\n<figure class=\"wp-block-gallery has-nested-images columns-2 is-cropped deco-fleur2 deco-rectangle2\">\n<figure class=\"wp-block-image size-large\"><img loading=\"lazy\" width=\"1024\" height=\"682\" src=\"https:\/\/floride.fr\/wp-content\/uploads\/2025\/11\/492_Camping_Occitanie_Le_Floride_et_l_Embouchure_Ciela_Village_Epicerie-1024x682.webp\" alt=\"\" class=\"wp-image-15759\" srcset=\"https:\/\/floride.fr\/wp-content\/uploads\/2025\/11\/492_Camping_Occitanie_Le_Floride_et_l_Embouchure_Ciela_Village_Epicerie-1024x682.webp 1024w, https:\/\/floride.fr\/wp-content\/uploads\/2025\/11\/492_Camping_Occitanie_Le_Floride_et_l_Embouchure_Ciela_Village_Epicerie-300x200.webp 300w, https:\/\/floride.fr\/wp-content\/uploads\/2025\/11\/492_Camping_Occitanie_Le_Floride_et_l_Embouchure_Ciela_Village_Epicerie-768x512.webp 768w, https:\/\/floride.fr\/wp-content\/uploads\/2025\/11\/492_Camping_Occitanie_Le_Floride_et_l_Embouchure_Ciela_Village_Epicerie.webp 1280w\" sizes=\"(max-width: 1024px) 100vw, 1024px\" \/><\/figure>\n\n\n\n<figure class=\"wp-block-image size-large\"><img loading=\"lazy\" width=\"1703\" height=\"2560\" src=\"https:\/\/floride.fr\/wp-content\/uploads\/2022\/05\/pexels-shvets-production-7194857-scaled.jpg\" alt=\"\" class=\"wp-image-4679\" srcset=\"https:\/\/floride.fr\/wp-content\/uploads\/2022\/05\/pexels-shvets-production-7194857-scaled.jpg 1703w, https:\/\/floride.fr\/wp-content\/uploads\/2022\/05\/pexels-shvets-production-7194857-200x300.jpg 200w, https:\/\/floride.fr\/wp-content\/uploads\/2022\/05\/pexels-shvets-production-7194857-681x1024.jpg 681w, https:\/\/floride.fr\/wp-content\/uploads\/2022\/05\/pexels-shvets-production-7194857-768x1154.jpg 768w, https:\/\/floride.fr\/wp-content\/uploads\/2022\/05\/pexels-shvets-production-7194857-1022x1536.jpg 1022w, https:\/\/floride.fr\/wp-content\/uploads\/2022\/05\/pexels-shvets-production-7194857-1363x2048.jpg 1363w\" sizes=\"(max-width: 1703px) 100vw, 1703px\" \/><\/figure>\n<\/figure>\n<\/div>\n\n\n\n<div class=\"wp-block-column is-vertically-aligned-center\">\n<h2 class=\"titre1 has-couleur-2-color has-text-color\" id=\"se-sentir-ailleurs-si-pres-de-chez-soi-et-decouvrez-le-paradis-des-vacances-au-bord-de-la-mediterranee-dans-un-cadre-naturel-et-enchanteur-a-quelques-encablures-du-village-catalan-du-barcares-66\">The grocery store of the campsite<\/h2>\n\n\n\n<p class=\"brush has-couleur-4-color has-text-color\">Vival grocery store<\/p>\n\n\n\n<p>Our campsite in Barcar\u00e8s welcomes you to its grocery shop. No need to go far! You will find everything you need on site thanks to the small supermarket at Le Floride campsite, which stocks a wide range of fresh fruit and vegetables. <\/p>\n\n\n\n<p>The team at our small supermarket offers 800 Casino brand products, as well as local wine, souvenirs, children&#8217;s games, swimwear, postcards, and more.<\/p>\n\n\n\n<p>You will also find the press, as well as fresh bread and pastries every morning.<\/p>\n<\/div>\n<\/div>\n<\/div><\/section>\n\n<div class=\"wp-block-columns\">\n<div class=\"wp-block-column\" style=\"flex-basis:100%\">\n<div class=\"wp-container-69e340fd879eb wp-block-buttons galerie\">\n<div class=\"wp-block-button\"><a class=\"wp-block-button__link\" href=\"https:\/\/floride.fr\/en\/photo-gallery\/\"><i class=\"fal fa-images\"><\/i> See the photo gallery<\/a><\/div>\n<\/div>\n<\/div>\n<\/div>\n\n<section class=\"wp-container-69e340fd898b9 wp-block-group F-05-a vague-top ligne1-top has-bg-1-background-color has-background\"><div class=\"wp-block-group__inner-container\">\n<div class=\"wp-block-columns are-vertically-aligned-center\">\n<div class=\"wp-block-column is-vertically-aligned-center deco-feuille1\">\n<h2 class=\"titre2 has-couleur-1-color has-text-color\" id=\"se-sentir-ailleurs-si-pres-de-chez-soi-et-decouvrez-le-paradis-des-vacances-au-bord-de-la-mediterranee-dans-un-cadre-naturel-et-enchanteur-a-quelques-encablures-du-village-catalan-du-barcares-66\">On vacation in Languedoc Roussillon many services offered<\/h2>\n\n\n\n<h3 class=\"has-couleur-4-color has-text-color\" id=\"vos-vacances-detente-en-camping-5-etoiles-dans-le-languedoc-roussillon-simplifiez-vous-la-vie\">Your relaxing vacations in Barcar\u00e8s&#8230; simplify your life !<\/h3>\n\n\n\n<p>For your next holiday in the south of France, choose a <a href=\"https:\/\/floride.fr\/en\/mobile-home-rental-eastern-pyrenees\/\">mobile home rental in Barcar\u00e8s<\/a> and take the opportunity to recharge your batteries under the Mediterranean sun. But also to exercise by practising your favourite sport, discovering new activities, or simply unwinding in a friendly and relaxed atmosphere. <a href=\"https:\/\/floride.fr\/en\/water-park\/\">Our campsite in Languedoc Roussillon w<\/a>ith water park has a real<a href=\"https:\/\/floride.fr\/en\/wellness\/\"> spa wellness<\/a> center just a step away from the beach! So for your next relaxing vacation with your feet in the water, between the Embouchure and the Florida which side will you choose? <\/p>\n\n\n\n<p>You can make reservations at the Kahuna Center on the <a href=\"https:\/\/www.planity.com\/kahuna-coiff-spa-66420-le-barcares\">Planity<\/a> website.<\/p>\n\n\n\n<h3 class=\"has-couleur-4-color has-text-color\" id=\"les-prestations-5-etoiles-du-camping-a-perpignan-en-pyrenees-orientales\">The 5 star services of the campsite near Perpignan in Pyr\u00e9n\u00e9es Orientales<\/h3>\n\n\n\n<p>Our luxury establishment is the <a href=\"https:\/\/floride.fr\/en\/perpignan\/\">only 5-star campsite near Perpignan<\/a> offering such a wide range of high-quality services. In the beautiful seaside resort of Barcar\u00e8s, your <a href=\"https:\/\/floride.fr\/en\/surroundings\/\">vacations in the Eastern Pyrenees<\/a> can be entertaining, educational, sporty, relaxing or idle. At Camping Le Floride, a wide range of free and paid services are available to holidaymakers, ensuring a stress-free stay:<\/p>\n\n\n\n<div class=\"wp-container-69e340fd89545 wp-block-group pictos columns-4\">\n<div class=\"wp-container-69e340fd87db9 wp-block-group\"><div class=\"wp-block-group__inner-container\"><i class=\"fal fa-bicycle\"><\/i>\n\n\n\n<p id=\"un-veritable-hammam-oriental-ressourcant\"><strong>Bike rental<\/strong><\/p>\n<\/div><\/div>\n\n\n\n<div class=\"wp-container-69e340fd8809f wp-block-group\"><div class=\"wp-block-group__inner-container\"><i class=\"fal fa-washer\"><\/i>\n\n\n\n<p id=\"chasse-aux-tresors\"><strong><strong>Laundry<\/strong><\/strong><\/p>\n<\/div><\/div>\n\n\n\n<div class=\"wp-container-69e340fd88387 wp-block-group\"><div class=\"wp-block-group__inner-container\"><i class=\"fal fa-rv\"><\/i>\n\n\n\n<p id=\"chasse-aux-tresors\"><strong><strong>Service Area<\/strong><\/strong><\/p>\n<\/div><\/div>\n\n\n\n<div class=\"wp-container-69e340fd88670 wp-block-group\"><div class=\"wp-block-group__inner-container\"><i class=\"fal fa-wifi\"><\/i>\n\n\n\n<p id=\"chasse-aux-tresors\"><strong><strong>Wi-Fi<\/strong><\/strong><\/p>\n<\/div><\/div>\n\n\n\n<div class=\"wp-container-69e340fd88962 wp-block-group\"><div class=\"wp-block-group__inner-container\"><i class=\"fal fa-hand-sparkles\"><\/i>\n\n\n\n<p id=\"chasse-aux-tresors\"><strong><strong><strong>Cleaning option<\/strong><\/strong><\/strong><\/p>\n<\/div><\/div>\n\n\n\n<div class=\"wp-container-69e340fd88c52 wp-block-group\"><div class=\"wp-block-group__inner-container\"><i class=\"fal fa-swimmer\"><\/i>\n\n\n\n<p id=\"chasse-aux-tresors\"><strong><strong><strong><strong><strong>Swimming Lessons<\/strong><\/strong><\/strong><\/strong><\/strong><\/p>\n<\/div><\/div>\n\n\n\n<div class=\"wp-container-69e340fd88f78 wp-block-group\"><div class=\"wp-block-group__inner-container\"><i class=\"fal fa-shish-kebab\"><\/i>\n\n\n\n<p id=\"chasse-aux-tresors\"><strong>Plancha rental<\/strong><\/p>\n<\/div><\/div>\n\n\n\n<div class=\"wp-container-69e340fd89280 wp-block-group\"><div class=\"wp-block-group__inner-container\"><i class=\"fal fa-baby\"><\/i>\n\n\n\n<p id=\"un-spa-jet-cabine-de-massage-aux-jets-d-eau-inoubliable\"><strong>Baby Kit Rental<\/strong><\/p>\n<\/div><\/div>\n<\/div>\n<\/div>\n\n\n\n<div class=\"wp-block-column is-vertically-aligned-center\">\n<figure class=\"wp-block-gallery has-nested-images columns-2 is-cropped deco-planche\">\n<figure class=\"wp-block-image size-full\"><img loading=\"lazy\" width=\"2560\" height=\"1707\" src=\"https:\/\/floride.fr\/wp-content\/uploads\/2022\/05\/DSC_0061-1-scaled.jpg\" alt=\"\" class=\"wp-image-4685\" srcset=\"https:\/\/floride.fr\/wp-content\/uploads\/2022\/05\/DSC_0061-1-scaled.jpg 2560w, https:\/\/floride.fr\/wp-content\/uploads\/2022\/05\/DSC_0061-1-300x200.jpg 300w, https:\/\/floride.fr\/wp-content\/uploads\/2022\/05\/DSC_0061-1-1024x683.jpg 1024w, https:\/\/floride.fr\/wp-content\/uploads\/2022\/05\/DSC_0061-1-768x512.jpg 768w, https:\/\/floride.fr\/wp-content\/uploads\/2022\/05\/DSC_0061-1-1536x1024.jpg 1536w, https:\/\/floride.fr\/wp-content\/uploads\/2022\/05\/DSC_0061-1-2048x1365.jpg 2048w\" sizes=\"(max-width: 2560px) 100vw, 2560px\" \/><\/figure>\n\n\n\n<figure class=\"wp-block-image size-full\"><img loading=\"lazy\" width=\"1280\" height=\"853\" src=\"https:\/\/floride.fr\/wp-content\/uploads\/2025\/11\/209_Camping_Occitanie_Le_Floride_et_l_Embouchure_Ciela_Village_Location_de_Velo.webp\" alt=\"\" class=\"wp-image-15764\" srcset=\"https:\/\/floride.fr\/wp-content\/uploads\/2025\/11\/209_Camping_Occitanie_Le_Floride_et_l_Embouchure_Ciela_Village_Location_de_Velo.webp 1280w, https:\/\/floride.fr\/wp-content\/uploads\/2025\/11\/209_Camping_Occitanie_Le_Floride_et_l_Embouchure_Ciela_Village_Location_de_Velo-300x200.webp 300w, https:\/\/floride.fr\/wp-content\/uploads\/2025\/11\/209_Camping_Occitanie_Le_Floride_et_l_Embouchure_Ciela_Village_Location_de_Velo-1024x682.webp 1024w, https:\/\/floride.fr\/wp-content\/uploads\/2025\/11\/209_Camping_Occitanie_Le_Floride_et_l_Embouchure_Ciela_Village_Location_de_Velo-768x512.webp 768w\" sizes=\"(max-width: 1280px) 100vw, 1280px\" \/><\/figure>\n<\/figure>\n<\/div>\n<\/div>\n\n\n\n<div style=\"height:70px\" aria-hidden=\"true\" class=\"wp-block-spacer\"><\/div>\n<\/div><\/section>\n","protected":false},"excerpt":{"rendered":"<p>Services &amp; Restaurants in Barcar\u00e8s : Quality for all tastes Local products and flavors of Languedoc at the 5 star campsite Le Floride The teams at the Bar, Tiki Restaurant, Snack I&#8217;Inkka and Starlite Diner food truck are on hand to cater to all your needs at the 5-star Le Floride campsite in Barcar\u00e8s. Would [&hellip;]<\/p>\n","protected":false},"author":1,"featured_media":0,"parent":0,"menu_order":0,"comment_status":"closed","ping_status":"closed","template":"","meta":[],"acf":[],"_links":{"self":[{"href":"https:\/\/floride.fr\/en\/wp-json\/wp\/v2\/pages\/2642"}],"collection":[{"href":"https:\/\/floride.fr\/en\/wp-json\/wp\/v2\/pages"}],"about":[{"href":"https:\/\/floride.fr\/en\/wp-json\/wp\/v2\/types\/page"}],"author":[{"embeddable":true,"href":"https:\/\/floride.fr\/en\/wp-json\/wp\/v2\/users\/1"}],"replies":[{"embeddable":true,"href":"https:\/\/floride.fr\/en\/wp-json\/wp\/v2\/comments?post=2642"}],"version-history":[{"count":6,"href":"https:\/\/floride.fr\/en\/wp-json\/wp\/v2\/pages\/2642\/revisions"}],"predecessor-version":[{"id":16379,"href":"https:\/\/floride.fr\/en\/wp-json\/wp\/v2\/pages\/2642\/revisions\/16379"}],"wp:attachment":[{"href":"https:\/\/floride.fr\/en\/wp-json\/wp\/v2\/media?parent=2642"}],"curies":[{"name":"wp","href":"https:\/\/api.w.org\/{rel}","templated":true}]}}