{"id":2937,"date":"2022-04-22T10:45:38","date_gmt":"2022-04-22T08:45:38","guid":{"rendered":"https:\/\/floride.fr\/halloween-vacation\/"},"modified":"2026-03-17T11:32:39","modified_gmt":"2026-03-17T10:32:39","slug":"halloween-vacation","status":"publish","type":"page","link":"https:\/\/floride.fr\/en\/halloween-vacation\/","title":{"rendered":"Halloween vacation"},"content":{"rendered":"\n<figure class=\"wp-block-image alignfull size-full F-00-b\"><img loading=\"lazy\" width=\"2560\" height=\"1707\" src=\"https:\/\/floride.fr\/wp-content\/uploads\/2022\/09\/A7R6026-scaled.jpg\" alt=\"Campsite with entertainment for halloween, south of france\" class=\"wp-image-6784\" srcset=\"https:\/\/floride.fr\/wp-content\/uploads\/2022\/09\/A7R6026-scaled.jpg 2560w, https:\/\/floride.fr\/wp-content\/uploads\/2022\/09\/A7R6026-300x200.jpg 300w, https:\/\/floride.fr\/wp-content\/uploads\/2022\/09\/A7R6026-1024x683.jpg 1024w, https:\/\/floride.fr\/wp-content\/uploads\/2022\/09\/A7R6026-768x512.jpg 768w, https:\/\/floride.fr\/wp-content\/uploads\/2022\/09\/A7R6026-1536x1024.jpg 1536w, https:\/\/floride.fr\/wp-content\/uploads\/2022\/09\/A7R6026-2048x1365.jpg 2048w\" sizes=\"(max-width: 2560px) 100vw, 2560px\" \/><\/figure>\n\n<section class=\"wp-container-69d29d3ded7cd wp-block-group\"><div class=\"wp-block-group__inner-container\">\n<h1 class=\"has-text-align-center has-couleur-1-color has-text-color\" id=\"halloween-debarque-au-floride-dans-tous-ses-etats-frayeurs-et-rires-garantis\" style=\"line-height:0\">A holiday like you&#8217;ve never had before <\/h1>\n\n\n\n<h1 class=\"has-text-align-center has-couleur-1-color has-text-color\" id=\"halloween-debarque-au-floride-dans-tous-ses-etats-frayeurs-et-rires-garantis\" style=\"line-height:1\">nowhere else! <\/h1>\n\n\n\n<p class=\"has-text-align-center titre3 has-text-color has-large-font-size\" style=\"color:#ee9556\">From 17 October to 1 November 2026<\/p>\n\n\n\n<p class=\"has-text-align-center titre3 has-couleur-1-color has-text-color\"><br\/>Halloween comes to Floride in all its forms!<\/p>\n<\/div><\/section>\n\n<section class=\"wp-container-69d29d3def357 wp-block-group F-05-a\"><div class=\"wp-block-group__inner-container\">\n<div class=\"wp-block-columns are-vertically-aligned-center\">\n<div class=\"wp-block-column is-vertically-aligned-center deco-feuille3\">\n<h2 class=\"has-text-color\" id=\"ambiance-tenebreuse-au-floride\" style=\"color:#ee9556\">Dark atmosphere at the Florida!<\/h2>\n\n\n\n<div class=\"wp-container-69d29d3deecc5 wp-block-group pictos columns-3 has-text-color\" style=\"color:#ee9556\">\n<div class=\"wp-container-69d29d3dedb5b wp-block-group\"><div class=\"wp-block-group__inner-container\"><i class=\"fal fa-claw-marks\"><\/i>\n\n\n\n<p class=\"has-text-color\" id=\"enigmes-a-resoudre\" style=\"color:#ee9556\"><strong>Great games<\/strong><\/p>\n<\/div><\/div>\n\n\n\n<div class=\"wp-container-69d29d3dede51 wp-block-group has-text-color\" style=\"color:#ee9556\"><div class=\"wp-block-group__inner-container\"><i class=\"fal fa-search\"><\/i>\n\n\n\n<p class=\"has-text-color\" id=\"jeu-enquete-disney\" style=\"color:#ee9556\"><strong>Treasure hunt<\/strong><\/p>\n<\/div><\/div>\n\n\n\n<div class=\"wp-container-69d29d3dee136 wp-block-group\"><div class=\"wp-block-group__inner-container\"><i class=\"fal fa-treasure-chest\"><\/i>\n\n\n\n<p class=\"has-text-color\" id=\"chasse-aux-tresors\" style=\"color:#ee9556\"><strong>Pumkin Party (The most beautiful pumpkin)<\/strong><\/p>\n<\/div><\/div>\n\n\n\n<div class=\"wp-container-69d29d3dee437 wp-block-group\"><div class=\"wp-block-group__inner-container\"><i class=\"fal fa-raygun\"><\/i>\n\n\n\n<p class=\"has-text-color\" id=\"walking-dead-laser-game\" style=\"color:#ee9556\"><strong>Haunted House Adults<\/strong><\/p>\n<\/div><\/div>\n\n\n\n<div class=\"wp-container-69d29d3dee731 wp-block-group\"><div class=\"wp-block-group__inner-container\"><i class=\"fal fa-user-alien\"><\/i>\n\n\n\n<p class=\"has-text-color\" id=\"walking-dead-laser-game\" style=\"color:#ee9556\"><strong><strong>Parade of Monsters<\/strong><\/strong><\/p>\n<\/div><\/div>\n\n\n\n<div class=\"wp-container-69d29d3deea55 wp-block-group\"><div class=\"wp-block-group__inner-container\"><i class=\"fal fa-mask\"><\/i>\n\n\n\n<p class=\"has-text-color\" id=\"walking-dead-laser-game\" style=\"color:#ee9556\"><strong><strong>Day of the Dead, American Horror Story and much more&#8230;<\/strong><\/strong><\/p>\n<\/div><\/div>\n<\/div>\n<\/div>\n\n\n\n<div class=\"wp-block-column is-vertically-aligned-center\">\n<figure class=\"wp-block-gallery has-nested-images columns-2 is-cropped deco-fleur2\">\n<figure class=\"wp-block-image size-large\"><img loading=\"lazy\" width=\"683\" height=\"1024\" src=\"https:\/\/floride.fr\/wp-content\/uploads\/2022\/09\/pexels-karolina-grabowska-5422595-683x1024.jpg\" alt=\"\" class=\"wp-image-6874\" srcset=\"https:\/\/floride.fr\/wp-content\/uploads\/2022\/09\/pexels-karolina-grabowska-5422595-683x1024.jpg 683w, https:\/\/floride.fr\/wp-content\/uploads\/2022\/09\/pexels-karolina-grabowska-5422595-200x300.jpg 200w, https:\/\/floride.fr\/wp-content\/uploads\/2022\/09\/pexels-karolina-grabowska-5422595-768x1152.jpg 768w, https:\/\/floride.fr\/wp-content\/uploads\/2022\/09\/pexels-karolina-grabowska-5422595-1024x1536.jpg 1024w, https:\/\/floride.fr\/wp-content\/uploads\/2022\/09\/pexels-karolina-grabowska-5422595-1365x2048.jpg 1365w, https:\/\/floride.fr\/wp-content\/uploads\/2022\/09\/pexels-karolina-grabowska-5422595-scaled.jpg 1707w\" sizes=\"(max-width: 683px) 100vw, 683px\" \/><\/figure>\n\n\n\n<figure class=\"wp-block-image size-large\"><img loading=\"lazy\" width=\"1024\" height=\"683\" src=\"https:\/\/floride.fr\/wp-content\/uploads\/2022\/09\/A7R6656-1024x683.jpg\" alt=\"\" class=\"wp-image-6883\" srcset=\"https:\/\/floride.fr\/wp-content\/uploads\/2022\/09\/A7R6656-1024x683.jpg 1024w, https:\/\/floride.fr\/wp-content\/uploads\/2022\/09\/A7R6656-300x200.jpg 300w, https:\/\/floride.fr\/wp-content\/uploads\/2022\/09\/A7R6656-768x512.jpg 768w, https:\/\/floride.fr\/wp-content\/uploads\/2022\/09\/A7R6656-1536x1024.jpg 1536w, https:\/\/floride.fr\/wp-content\/uploads\/2022\/09\/A7R6656-2048x1365.jpg 2048w\" sizes=\"(max-width: 1024px) 100vw, 1024px\" \/><\/figure>\n<\/figure>\n\n\n\n<div class=\"wp-container-69d29d3def07d wp-block-buttons galerie\">\n<div class=\"wp-block-button\"><a class=\"wp-block-button__link has-couleur-4-background-color has-background\" href=\"https:\/\/floride.fr\/en\/photo-gallery\/\"><i class=\"fal fa-images\"><\/i> See the photo gallery<\/a><\/div>\n<\/div>\n<\/div>\n<\/div>\n<\/div><\/section>\n\n<figure class=\"wp-block-embed is-type-video is-provider-youtube wp-block-embed-youtube wp-embed-aspect-16-9 wp-has-aspect-ratio\"><div class=\"wp-block-embed__wrapper\">\n<iframe loading=\"lazy\" title=\"F\u00eatez Halloween au Camping Le Floride &amp; L&#039;Embouchure***** \u00e0 Port-Barcar\u00e8s\" width=\"500\" height=\"281\" src=\"https:\/\/www.youtube.com\/embed\/UipEErhTeP8?feature=oembed\" frameborder=\"0\" allow=\"accelerometer; autoplay; clipboard-write; encrypted-media; gyroscope; picture-in-picture\" allowfullscreen><\/iframe>\n<\/div><\/figure>\n\n<section class=\"wp-container-69d29d3defa7a wp-block-group F-10-a vague-top ligne1-top has-couleur-1-background-color has-background\"><div class=\"wp-block-group__inner-container\">\n<div class=\"wp-block-columns are-vertically-aligned-center\">\n<div class=\"wp-block-column is-vertically-aligned-center\">\n<figure class=\"wp-block-gallery has-nested-images columns-3 is-cropped deco-masque5\">\n<figure class=\"wp-block-image size-large\"><img loading=\"lazy\" width=\"1024\" height=\"683\" src=\"https:\/\/floride.fr\/wp-content\/uploads\/2022\/09\/A7R5979-1024x683.jpg\" alt=\"\" class=\"wp-image-6789\" srcset=\"https:\/\/floride.fr\/wp-content\/uploads\/2022\/09\/A7R5979-1024x683.jpg 1024w, https:\/\/floride.fr\/wp-content\/uploads\/2022\/09\/A7R5979-300x200.jpg 300w, https:\/\/floride.fr\/wp-content\/uploads\/2022\/09\/A7R5979-768x512.jpg 768w, https:\/\/floride.fr\/wp-content\/uploads\/2022\/09\/A7R5979-1536x1024.jpg 1536w, https:\/\/floride.fr\/wp-content\/uploads\/2022\/09\/A7R5979-2048x1365.jpg 2048w\" sizes=\"(max-width: 1024px) 100vw, 1024px\" \/><\/figure>\n\n\n\n<figure class=\"wp-block-image size-large\"><img loading=\"lazy\" width=\"1024\" height=\"683\" src=\"https:\/\/floride.fr\/wp-content\/uploads\/2022\/09\/A7R7368-1024x683.jpg\" alt=\"\" class=\"wp-image-6799\" srcset=\"https:\/\/floride.fr\/wp-content\/uploads\/2022\/09\/A7R7368-1024x683.jpg 1024w, https:\/\/floride.fr\/wp-content\/uploads\/2022\/09\/A7R7368-300x200.jpg 300w, https:\/\/floride.fr\/wp-content\/uploads\/2022\/09\/A7R7368-768x512.jpg 768w, https:\/\/floride.fr\/wp-content\/uploads\/2022\/09\/A7R7368-1536x1024.jpg 1536w, https:\/\/floride.fr\/wp-content\/uploads\/2022\/09\/A7R7368-2048x1365.jpg 2048w\" sizes=\"(max-width: 1024px) 100vw, 1024px\" \/><\/figure>\n<\/figure>\n<\/div>\n\n\n\n<div class=\"wp-block-column is-vertically-aligned-center\">\n<h2 class=\"has-text-color has-large-font-size\" id=\"cap-ou-pas-cap-de-tremblez-de-peur-1\" style=\"color:#ee9556\">To tremble or not to tremble with fear?<\/h2>\n\n\n\n<p class=\"has-blanc-color has-text-color\" id=\"a-partir-de-210-la-semaine-et-71-le-week-end-en-bungalow-chauffe-acces-a-la-piscine-couverte-au-parc-aquatique-chauffe-aux-toboggans-a-sensation-a-la-salle-de-musculation-et-a-l-espace-ludique-pour-enfants-inclus\">To celebrate Halloween in style, we have decided to gather a group of witches, vampires and monsters from 17 October to 1 November 2026.<\/p>\n\n\n\n<p class=\"has-blanc-color has-text-color\" id=\"a-partir-de-210-la-semaine-et-71-le-week-end-en-bungalow-chauffe-acces-a-la-piscine-couverte-au-parc-aquatique-chauffe-aux-toboggans-a-sensation-a-la-salle-de-musculation-et-a-l-espace-ludique-pour-enfants-inclus\">Parades, animations, horror house and shows in a terrifying atmosphere! <\/p>\n\n\n\n<p class=\"titre3 has-couleur-4-color has-text-color\" id=\"deux-semaines-d-animations-inoubliables-pour-entrer-dans-la-legende-d-halloween-au-camping-5-etoiles-le-floride\">Get ready for a fortnight of unforgettable entertainment at the <strong>5-star campsite<\/strong> Perpignan, Le Floride.<\/p>\n\n\n\n<p class=\"has-blanc-color has-text-color\">Children&#8217;s club open and free of charge from 17 October to 1 November 2026 (Monday to Friday mornings).<\/p>\n\n\n\n<p class=\"has-blanc-color has-text-color\">Book your stay with family or friends for the All Saints&#8217; Day holidays at Camping Le Floride in Le Barcar\u00e8s, <strong>entirely redecorated for the occasion!<\/strong><\/p>\n\n\n\n<div class=\"wp-container-69d29d3def7ad wp-block-buttons\">\n<div class=\"wp-block-button btn_resa is-style-fill\"><a class=\"wp-block-button__link has-blanc-color has-couleur-2-background-color has-text-color has-background\"><i class=\"fal fa-search\"><\/i> Book now!<\/a><\/div>\n<\/div>\n<\/div>\n<\/div>\n<\/div><\/section>\n","protected":false},"excerpt":{"rendered":"<p>A holiday like you&#8217;ve never had before nowhere else! From 17 October to 1 November 2026 Halloween comes to Floride in all its forms! Dark atmosphere at the Florida! Great games Treasure hunt Pumkin Party (The most beautiful pumpkin) Haunted House Adults Parade of Monsters Day of the Dead, American Horror Story and much more&#8230; [&hellip;]<\/p>\n","protected":false},"author":1,"featured_media":0,"parent":0,"menu_order":0,"comment_status":"closed","ping_status":"closed","template":"","meta":[],"acf":[],"_links":{"self":[{"href":"https:\/\/floride.fr\/en\/wp-json\/wp\/v2\/pages\/2937"}],"collection":[{"href":"https:\/\/floride.fr\/en\/wp-json\/wp\/v2\/pages"}],"about":[{"href":"https:\/\/floride.fr\/en\/wp-json\/wp\/v2\/types\/page"}],"author":[{"embeddable":true,"href":"https:\/\/floride.fr\/en\/wp-json\/wp\/v2\/users\/1"}],"replies":[{"embeddable":true,"href":"https:\/\/floride.fr\/en\/wp-json\/wp\/v2\/comments?post=2937"}],"version-history":[{"count":6,"href":"https:\/\/floride.fr\/en\/wp-json\/wp\/v2\/pages\/2937\/revisions"}],"predecessor-version":[{"id":15512,"href":"https:\/\/floride.fr\/en\/wp-json\/wp\/v2\/pages\/2937\/revisions\/15512"}],"wp:attachment":[{"href":"https:\/\/floride.fr\/en\/wp-json\/wp\/v2\/media?parent=2937"}],"curies":[{"name":"wp","href":"https:\/\/api.w.org\/{rel}","templated":true}]}}