{"id":396,"date":"2022-03-11T15:09:24","date_gmt":"2022-03-11T14:09:24","guid":{"rendered":"https:\/\/floride.fr\/homepage\/"},"modified":"2026-03-17T11:53:58","modified_gmt":"2026-03-17T10:53:58","slug":"homepage","status":"publish","type":"page","link":"https:\/\/floride.fr\/en\/","title":{"rendered":"Homepage"},"content":{"rendered":"\n<figure class=\"wp-block-image alignfull size-full F-00-a\"><img loading=\"lazy\" width=\"1920\" height=\"1440\" src=\"https:\/\/floride.fr\/wp-content\/uploads\/2025\/11\/016_Camping_Occitanie_Le_Floride_et_l_Embouchure_Ciela_Village_Drone.webp\" alt=\"\" class=\"wp-image-15528\" srcset=\"https:\/\/floride.fr\/wp-content\/uploads\/2025\/11\/016_Camping_Occitanie_Le_Floride_et_l_Embouchure_Ciela_Village_Drone.webp 1920w, https:\/\/floride.fr\/wp-content\/uploads\/2025\/11\/016_Camping_Occitanie_Le_Floride_et_l_Embouchure_Ciela_Village_Drone-300x225.webp 300w, https:\/\/floride.fr\/wp-content\/uploads\/2025\/11\/016_Camping_Occitanie_Le_Floride_et_l_Embouchure_Ciela_Village_Drone-1024x768.webp 1024w, https:\/\/floride.fr\/wp-content\/uploads\/2025\/11\/016_Camping_Occitanie_Le_Floride_et_l_Embouchure_Ciela_Village_Drone-768x576.webp 768w, https:\/\/floride.fr\/wp-content\/uploads\/2025\/11\/016_Camping_Occitanie_Le_Floride_et_l_Embouchure_Ciela_Village_Drone-1536x1152.webp 1536w\" sizes=\"(max-width: 1920px) 100vw, 1920px\" \/><\/figure>\n\n<div class=\"wp-container-69d174e11ef3b wp-block-group barre_resa-container\"><div class=\"wp-block-group__inner-container\">\n<div class=\"wp-container-69d174e11ec4a wp-block-buttons\">\n<div class=\"wp-block-button btn_resa\"><a class=\"wp-block-button__link has-background\" style=\"border-radius:30px;background-color:#e4032e;padding-top:1rem;padding-right:1rem;padding-bottom:1rem;padding-left:1rem\"><i class=\"fal fa-arrow-right\"><\/i> I reserve<\/a><\/div>\n<\/div>\n<\/div><\/div>\n\n<p class=\"has-text-align-center titre1 has-couleur-1-color has-text-color\" id=\"a-port-barcares-faites-le-choix-du-depaysement-haut-de-gamme-en-2022\"><strong>Escape for a unique experience in Barcar\u00e8s,<br\/>between the Mediterranean Sea and the Pyr\u00e9n\u00e9es-Orientales.<\/strong><\/p>\n\n<h1 class=\"has-text-align-center has-couleur-1-color has-text-color\" id=\"a-port-barcares-faites-le-choix-du-depaysement-haut-de-gamme-en-2022\"><mark style=\"background-color:rgba(0, 0, 0, 0)\" class=\"has-inline-color has-couleur-4-color\">Welcome to the 5-star Le Floride campsite in Barcar\u00e8s<\/mark><\/h1>\n\n<section class=\"wp-container-69d174e11f42c wp-block-group F-05-a\"><div class=\"wp-block-group__inner-container\">\n<div class=\"wp-block-columns are-vertically-aligned-center\">\n<div class=\"wp-block-column is-vertically-aligned-center\">\n<figure class=\"wp-block-gallery has-nested-images columns-2 is-cropped deco-fleur1\">\n<figure class=\"wp-block-image size-full\"><img loading=\"lazy\" width=\"1280\" height=\"959\" src=\"https:\/\/floride.fr\/wp-content\/uploads\/2025\/11\/043_Camping_Occitanie_Le_Floride_et_l_Embouchure_Ciela_Village_Drone.webp\" alt=\"\" class=\"wp-image-15640\" srcset=\"https:\/\/floride.fr\/wp-content\/uploads\/2025\/11\/043_Camping_Occitanie_Le_Floride_et_l_Embouchure_Ciela_Village_Drone.webp 1280w, https:\/\/floride.fr\/wp-content\/uploads\/2025\/11\/043_Camping_Occitanie_Le_Floride_et_l_Embouchure_Ciela_Village_Drone-300x225.webp 300w, https:\/\/floride.fr\/wp-content\/uploads\/2025\/11\/043_Camping_Occitanie_Le_Floride_et_l_Embouchure_Ciela_Village_Drone-1024x767.webp 1024w, https:\/\/floride.fr\/wp-content\/uploads\/2025\/11\/043_Camping_Occitanie_Le_Floride_et_l_Embouchure_Ciela_Village_Drone-768x575.webp 768w\" sizes=\"(max-width: 1280px) 100vw, 1280px\" \/><\/figure>\n\n\n\n<figure class=\"wp-block-image size-full is-style-default\"><img loading=\"lazy\" width=\"1280\" height=\"853\" src=\"https:\/\/floride.fr\/wp-content\/uploads\/2025\/11\/435_Camping_Occitanie_Le_Floride_et_l_Embouchure_Ciela_Village_Aire_de_Jeux.webp\" alt=\"\" class=\"wp-image-15645\" srcset=\"https:\/\/floride.fr\/wp-content\/uploads\/2025\/11\/435_Camping_Occitanie_Le_Floride_et_l_Embouchure_Ciela_Village_Aire_de_Jeux.webp 1280w, https:\/\/floride.fr\/wp-content\/uploads\/2025\/11\/435_Camping_Occitanie_Le_Floride_et_l_Embouchure_Ciela_Village_Aire_de_Jeux-300x200.webp 300w, https:\/\/floride.fr\/wp-content\/uploads\/2025\/11\/435_Camping_Occitanie_Le_Floride_et_l_Embouchure_Ciela_Village_Aire_de_Jeux-1024x682.webp 1024w, https:\/\/floride.fr\/wp-content\/uploads\/2025\/11\/435_Camping_Occitanie_Le_Floride_et_l_Embouchure_Ciela_Village_Aire_de_Jeux-768x512.webp 768w\" sizes=\"(max-width: 1280px) 100vw, 1280px\" \/><\/figure>\n<\/figure>\n\n\n\n<p class=\"encart--plage\"><a href=\"https:\/\/floride.fr\/en\/direct-access-to-the-beach\/\">Enjoy direct access to the beach!<\/a><\/p>\n<\/div>\n\n\n\n<div class=\"wp-block-column is-vertically-aligned-center deco-feuille1\">\n<h2 class=\"titre2 has-couleur-2-color has-text-color\" id=\"a-port-barcares-vivez-un-depaysement-total-au-village-vacances-le-floride\">In Port Barcar\u00e8s, experience a complete change of scenery at the holiday village Le Floride<\/h2>\n\n\n\n<p class=\"brush has-couleur-1-color has-text-color\">Open from 3 April to 27 September 2026 and from 17 October to 1 November 2026.<\/p>\n\n\n\n<p>Feel like you&#8217;re somewhere else, so close to home, and discover holiday paradise on the shores of the Mediterranean, in an enchanting natural setting just a stone&#8217;s throw from the <strong>Catalan village of Le Barcar\u00e8s (66)<\/strong>. This is the promise of our luxury campsite in the Pyr\u00e9n\u00e9es-Orientales region, right by the sea. <\/p>\n\n\n\n<p>Located in Roussillon, just a stone\u2019s throw from Perpignan, Le Floride campsite in Barcar\u00e8s has been delighting visitors to this beautiful region of southern France for over 60 years.<\/p>\n\n\n\n<p>Located by the sea, our 5-star establishment in Languedoc-Roussillon offers you the highest level of quality and comfort for holidays where luxury and relaxation combine with entertainment and shared happiness with family or friends. <\/p>\n\n\n\n<p>Le Floride is the ideal holiday destination for your<a href=\"https:\/\/floride.fr\/location-vacances-pyrenees-orientales\/\" data-type=\"page\" data-id=\"12968\"> holiday rental in the Pyr\u00e9n\u00e9es-Orientales<\/a>; it forms a true holiday and wellness village, regularly featured on television on C8, 6Ter, TMC and TF1 for the first series of *Camping Family* and its *XXL* shows.<\/p>\n<\/div>\n<\/div>\n<\/div><\/section>\n\n<section class=\"wp-container-69d174e11fae5 wp-block-group F-10-a\"><div class=\"wp-block-group__inner-container\">\n<div class=\"wp-block-columns are-vertically-aligned-center\">\n<div class=\"wp-block-column is-vertically-aligned-center\">\n<h2 class=\"titre1 has-couleur-1-color has-text-color\" id=\"se-sentir-ailleurs-si-pres-de-chez-soi-et-decouvrez-le-paradis-des-vacances-au-bord-de-la-mediterranee-dans-un-cadre-naturel-et-enchanteur-a-quelques-encablures-du-village-catalan-du-barcares-66\">Le Floride campground rentals<\/h2>\n\n\n\n<p>Camping Le Floride in Port Barcar\u00e8s offers a wide range of high-end accommodation options: mobile homes equipped with TV and Wi-Fi, some of which are suitable for people with reduced mobility; as well as unique rentals that you won&#8217;t find anywhere else: luxury chalets, Hawaiian far\u00e9s, Wild West caravans, and more.<\/p>\n\n\n\n<div class=\"wp-container-69d174e11f78b wp-block-buttons\">\n<div class=\"wp-block-button btn_resa\"><a class=\"wp-block-button__link has-couleur-2-background-color has-background\"><i class=\"fal fa-search\"><\/i> Book<\/a><\/div>\n<\/div>\n<\/div>\n\n\n\n<div class=\"wp-block-column is-vertically-aligned-center\">\n<figure class=\"wp-block-gallery has-nested-images columns-3 is-cropped deco-planche deco-rectangle1\">\n<figure class=\"wp-block-image size-full\"><img loading=\"lazy\" width=\"1280\" height=\"853\" src=\"https:\/\/floride.fr\/wp-content\/uploads\/2025\/11\/221_Camping_Occitanie_Le_Floride_et_l_Embouchure_Ciela_Village_Quartiers.webp\" alt=\"\" class=\"wp-image-15650\" srcset=\"https:\/\/floride.fr\/wp-content\/uploads\/2025\/11\/221_Camping_Occitanie_Le_Floride_et_l_Embouchure_Ciela_Village_Quartiers.webp 1280w, https:\/\/floride.fr\/wp-content\/uploads\/2025\/11\/221_Camping_Occitanie_Le_Floride_et_l_Embouchure_Ciela_Village_Quartiers-300x200.webp 300w, https:\/\/floride.fr\/wp-content\/uploads\/2025\/11\/221_Camping_Occitanie_Le_Floride_et_l_Embouchure_Ciela_Village_Quartiers-1024x682.webp 1024w, https:\/\/floride.fr\/wp-content\/uploads\/2025\/11\/221_Camping_Occitanie_Le_Floride_et_l_Embouchure_Ciela_Village_Quartiers-768x512.webp 768w\" sizes=\"(max-width: 1280px) 100vw, 1280px\" \/><\/figure>\n\n\n\n<figure class=\"wp-block-image size-full\"><img loading=\"lazy\" width=\"1280\" height=\"853\" src=\"https:\/\/floride.fr\/wp-content\/uploads\/2025\/11\/240_Camping_Occitanie_Le_Floride_et_l_Embouchure_Ciela_Village_Hebergement.webp\" alt=\"\" class=\"wp-image-15655\" srcset=\"https:\/\/floride.fr\/wp-content\/uploads\/2025\/11\/240_Camping_Occitanie_Le_Floride_et_l_Embouchure_Ciela_Village_Hebergement.webp 1280w, https:\/\/floride.fr\/wp-content\/uploads\/2025\/11\/240_Camping_Occitanie_Le_Floride_et_l_Embouchure_Ciela_Village_Hebergement-300x200.webp 300w, https:\/\/floride.fr\/wp-content\/uploads\/2025\/11\/240_Camping_Occitanie_Le_Floride_et_l_Embouchure_Ciela_Village_Hebergement-1024x682.webp 1024w, https:\/\/floride.fr\/wp-content\/uploads\/2025\/11\/240_Camping_Occitanie_Le_Floride_et_l_Embouchure_Ciela_Village_Hebergement-768x512.webp 768w\" sizes=\"(max-width: 1280px) 100vw, 1280px\" \/><\/figure>\n<\/figure>\n<\/div>\n<\/div>\n<\/div><\/section>\n\n<section class=\"wp-container-69d174e1204ae wp-block-group F-15-a vague-top vague-bottom ligne1-top has-bg-1-background-color has-background\"><div class=\"wp-block-group__inner-container\">\n<h2 class=\"titre1 has-couleur-1-color has-text-color\" id=\"vos-vacances-commencent-maintenant\">Your vacation starts now!<\/h2>\n\n\n\n<div class=\"wp-block-media-text is-stacked-on-mobile is-image-fill\"><figure class=\"wp-block-media-text__media\" style=\"background-image:url(https:\/\/floride.fr\/wp-content\/uploads\/2025\/11\/139_Camping_Occitanie_Le_Floride_et_l_Embouchure_Ciela_Village_Parc_Aquatique-683x1024.webp);background-position:0% 50%\"><img loading=\"lazy\" width=\"683\" height=\"1024\" src=\"https:\/\/floride.fr\/wp-content\/uploads\/2025\/11\/139_Camping_Occitanie_Le_Floride_et_l_Embouchure_Ciela_Village_Parc_Aquatique-683x1024.webp\" alt=\"\" class=\"wp-image-15660 size-full\" srcset=\"https:\/\/floride.fr\/wp-content\/uploads\/2025\/11\/139_Camping_Occitanie_Le_Floride_et_l_Embouchure_Ciela_Village_Parc_Aquatique-683x1024.webp 683w, https:\/\/floride.fr\/wp-content\/uploads\/2025\/11\/139_Camping_Occitanie_Le_Floride_et_l_Embouchure_Ciela_Village_Parc_Aquatique-200x300.webp 200w, https:\/\/floride.fr\/wp-content\/uploads\/2025\/11\/139_Camping_Occitanie_Le_Floride_et_l_Embouchure_Ciela_Village_Parc_Aquatique-768x1152.webp 768w, https:\/\/floride.fr\/wp-content\/uploads\/2025\/11\/139_Camping_Occitanie_Le_Floride_et_l_Embouchure_Ciela_Village_Parc_Aquatique-1024x1536.webp 1024w, https:\/\/floride.fr\/wp-content\/uploads\/2025\/11\/139_Camping_Occitanie_Le_Floride_et_l_Embouchure_Ciela_Village_Parc_Aquatique.webp 1280w\" sizes=\"(max-width: 683px) 100vw, 683px\" \/><\/figure><div class=\"wp-block-media-text__content\">\n<div class=\"wp-block-media-text is-stacked-on-mobile is-image-fill deco-coco\"><figure class=\"wp-block-media-text__media\" style=\"background-image:url(https:\/\/floride.fr\/wp-content\/uploads\/2025\/11\/080_Camping_Occitanie_Le_Floride_et_l_Embouchure_Ciela_Village_Parc_Aquatique-683x1024.webp);background-position:50% 50%\"><img loading=\"lazy\" width=\"683\" height=\"1024\" src=\"https:\/\/floride.fr\/wp-content\/uploads\/2025\/11\/080_Camping_Occitanie_Le_Floride_et_l_Embouchure_Ciela_Village_Parc_Aquatique-683x1024.webp\" alt=\"\" class=\"wp-image-15665 size-full\" srcset=\"https:\/\/floride.fr\/wp-content\/uploads\/2025\/11\/080_Camping_Occitanie_Le_Floride_et_l_Embouchure_Ciela_Village_Parc_Aquatique-683x1024.webp 683w, https:\/\/floride.fr\/wp-content\/uploads\/2025\/11\/080_Camping_Occitanie_Le_Floride_et_l_Embouchure_Ciela_Village_Parc_Aquatique-200x300.webp 200w, https:\/\/floride.fr\/wp-content\/uploads\/2025\/11\/080_Camping_Occitanie_Le_Floride_et_l_Embouchure_Ciela_Village_Parc_Aquatique-768x1152.webp 768w, https:\/\/floride.fr\/wp-content\/uploads\/2025\/11\/080_Camping_Occitanie_Le_Floride_et_l_Embouchure_Ciela_Village_Parc_Aquatique-1024x1536.webp 1024w, https:\/\/floride.fr\/wp-content\/uploads\/2025\/11\/080_Camping_Occitanie_Le_Floride_et_l_Embouchure_Ciela_Village_Parc_Aquatique.webp 1280w\" sizes=\"(max-width: 683px) 100vw, 683px\" \/><\/figure><div class=\"wp-block-media-text__content\">\n<blockquote class=\"wp-block-quote\"><p>&#8220;Just back and my thoughts take me back to this magical place! We feel so good here that it is difficult to leave&#8230; The element that consoles us is to know that we will come back to spend, again, exceptional moments: with friends, in the sun, in a great atmosphere, without stress, and so well received&#8230; &#8220;<\/p><cite>Henry, who came in August<\/cite><\/blockquote>\n<\/div><\/div>\n\n\n\n<h3 id=\"profitez-d-un-immense-parc-aquatique-pres-de-perpignan\">Luxury campsite in the Pyr\u00e9n\u00e9es Orientales with direct access to the beach at Barcar\u00e8s<\/h3>\n\n\n\n<p>The space of the Embouchure makes the happiness of the amateurs of nature and camping-caravanning. This is where you will find direct access to <a href=\"https:\/\/floride.fr\/en\/direct-access-to-the-beach\/\">Barcar\u00e8s <\/a>beach (66), a secure gate that opens the way to the Mediterranean Sea. 100 meters on foot and you&#8217;re in the water!<\/p>\n\n\n\n<p>Enjoy all the<a href=\"https:\/\/floride.fr\/en\/service-catering\/\"> luxury facilities<\/a> on offer at Port Barcar\u00e8s\u2019 largest campsite: the Kahuna Spa (hammam, massages, beauty treatments), Kahuna Coiff\u2019 (hair salon), the bar-restaurant, the supermarket, the games room, and more. and enjoy direct access to Barcar\u00e8s beach at our seaside campsite in the Pyr\u00e9n\u00e9es-Orientales, as well as our gym.<\/p>\n\n\n\n<h3 id=\"profitez-d-un-immense-parc-aquatique-pres-de-perpignan\">Enjoy a huge water park near Perpignan<\/h3>\n\n\n\n<p>And above all, the iconic space that has made Le Floride campsite famous in Roussillon and the south of France: the 4,700 m\u00b2 water park with heated pools, indoor pool, jacuzzis, paddling pool, large slides, pentagliss and lazy river! The whole family can enjoy this cult site at <strong>our Languedoc-Roussillon campsite with water park in Perpignan.<\/strong> <\/p>\n\n\n\n<div class=\"wp-container-69d174e11ff18 wp-block-buttons\">\n<div class=\"wp-block-button btn_resa\"><a class=\"wp-block-button__link has-couleur-2-background-color has-background\" href=\"https:\/\/floride.fr\/en\/water-park\/\"><i class=\"fal fa-search\"><\/i> See the water park<\/a><\/div>\n<\/div>\n\n\n\n<h3 id=\"au-barcares-optez-pour-le-confort-de-nos-mobil-homes-prestigieux\">In Barcar\u00e8s, opt for the comfort of our prestigious mobile homes<\/h3>\n\n\n\n<p>The campsite offers a wide range of high-end accommodation, including our fully equipped mobile homes in Barcar\u00e8s, all fitted with TV and Wi-Fi, some of which are accessible for people with reduced mobility; as well as unique rentals by the Mediterranean coast that you won\u2019t find anywhere else: luxury chalets, Hawaiian huts, Wild West caravans, Exception Spa mobile homes\u2026<br\/>And of course, a selection of pitches by the sea for holidays in tents, caravans or motorhomes.<\/p>\n\n\n\n<div class=\"wp-container-69d174e120231 wp-block-buttons\">\n<div class=\"wp-block-button btn_resa is-style-fill\"><a class=\"wp-block-button__link has-couleur-2-background-color has-background\" href=\"https:\/\/floride.fr\/en\/rentals\/\"><i class=\"fal fa-search\"><\/i> See the accommodation<\/a><\/div>\n<\/div>\n<\/div><\/div>\n<\/div><\/section>\n\n<section class=\"wp-container-69d174e120bcb wp-block-group F-20-a\"><div class=\"wp-block-group__inner-container\">\n<h2 id=\"camping-5-etoiles-en-languedoc-roussillon-aux-prestations-luxueuses\">5-star luxury campsite in Languedoc Roussillon<\/h2>\n\n\n\n<p>For a luxurious seaside holiday in <a href=\"https:\/\/floride.fr\/en\/surroundings\/\">Languedoc-Roussillon,<\/a> Le Floride, a 5-star campsite in the Pyr\u00e9n\u00e9es-Orientales, is the ideal place! Relax on the shores of the Mediterranean with <strong>direct access to Barcar\u00e8s beach<\/strong> and <strong>our thalassotherapy wellness centre<\/strong>. The expert hands of our professional masseuses and hairdressers will provide you with pleasure and comfort right here at the campsite near <strong>Perpignan<\/strong>. Our instructor can also offer muscle strengthening exercises for adults and children in our outdoor facility to help you reconnect with your emotions and release tension. Our entire team is committed to entertaining you and offering you unique activities in this authentic holiday village in Barcar\u00e8s. Fancy a snack? Delicious Mediterranean dishes with typical Languedoc-Roussillon flavours await you in our various catering services. These include seafood, Pyrenean specialities and snacks to eat in or take away. Find everything you need and more at our campsite in Barcar\u00e8s (66), full of surprises!        <\/p>\n\n\n\n<div style=\"height:100px\" aria-hidden=\"true\" class=\"wp-block-spacer\"><\/div>\n\n\n\n<div class=\"wp-block-columns are-vertically-aligned-center\">\n<div class=\"wp-block-column is-vertically-aligned-center\">\n<figure class=\"wp-block-gallery has-nested-images columns-2 is-cropped deco-fleur2 deco-rectangle2\">\n<figure class=\"wp-block-image size-full\"><img loading=\"lazy\" width=\"1280\" height=\"853\" src=\"https:\/\/floride.fr\/wp-content\/uploads\/2025\/11\/325_Camping_Occitanie_Le_Floride_et_l_Embouchure_Ciela_Village_Espace_Bien_Etre_Kahuna_Spa.webp\" alt=\"\" class=\"wp-image-15670\" srcset=\"https:\/\/floride.fr\/wp-content\/uploads\/2025\/11\/325_Camping_Occitanie_Le_Floride_et_l_Embouchure_Ciela_Village_Espace_Bien_Etre_Kahuna_Spa.webp 1280w, https:\/\/floride.fr\/wp-content\/uploads\/2025\/11\/325_Camping_Occitanie_Le_Floride_et_l_Embouchure_Ciela_Village_Espace_Bien_Etre_Kahuna_Spa-300x200.webp 300w, https:\/\/floride.fr\/wp-content\/uploads\/2025\/11\/325_Camping_Occitanie_Le_Floride_et_l_Embouchure_Ciela_Village_Espace_Bien_Etre_Kahuna_Spa-1024x682.webp 1024w, https:\/\/floride.fr\/wp-content\/uploads\/2025\/11\/325_Camping_Occitanie_Le_Floride_et_l_Embouchure_Ciela_Village_Espace_Bien_Etre_Kahuna_Spa-768x512.webp 768w\" sizes=\"(max-width: 1280px) 100vw, 1280px\" \/><\/figure>\n\n\n\n<figure class=\"wp-block-image size-full\"><img loading=\"lazy\" width=\"1280\" height=\"853\" src=\"https:\/\/floride.fr\/wp-content\/uploads\/2025\/11\/320_Camping_Occitanie_Le_Floride_et_l_Embouchure_Ciela_Village_Espace_Bien_Etre_Kahuna_Spa.webp\" alt=\"\" class=\"wp-image-15675\" srcset=\"https:\/\/floride.fr\/wp-content\/uploads\/2025\/11\/320_Camping_Occitanie_Le_Floride_et_l_Embouchure_Ciela_Village_Espace_Bien_Etre_Kahuna_Spa.webp 1280w, https:\/\/floride.fr\/wp-content\/uploads\/2025\/11\/320_Camping_Occitanie_Le_Floride_et_l_Embouchure_Ciela_Village_Espace_Bien_Etre_Kahuna_Spa-300x200.webp 300w, https:\/\/floride.fr\/wp-content\/uploads\/2025\/11\/320_Camping_Occitanie_Le_Floride_et_l_Embouchure_Ciela_Village_Espace_Bien_Etre_Kahuna_Spa-1024x682.webp 1024w, https:\/\/floride.fr\/wp-content\/uploads\/2025\/11\/320_Camping_Occitanie_Le_Floride_et_l_Embouchure_Ciela_Village_Espace_Bien_Etre_Kahuna_Spa-768x512.webp 768w\" sizes=\"(max-width: 1280px) 100vw, 1280px\" \/><\/figure>\n<\/figure>\n\n\n\n<div class=\"wp-container-69d174e1208ba wp-block-buttons galerie\">\n<div class=\"wp-block-button\"><a class=\"wp-block-button__link\" href=\"https:\/\/floride.fr\/en\/photo-gallery\/\"><i class=\"fal fa-images\"><\/i> See the media gallery<\/a><\/div>\n<\/div>\n<\/div>\n\n\n\n<div class=\"wp-block-column is-vertically-aligned-center\">\n<h3 class=\"titre1 has-couleur-2-color has-text-color\" id=\"se-sentir-ailleurs-si-pres-de-chez-soi-et-decouvrez-le-paradis-des-vacances-au-bord-de-la-mediterranee-dans-un-cadre-naturel-et-enchanteur-a-quelques-encablures-du-village-catalan-du-barcares-66\">Wellness services :<\/h3>\n\n\n\n<p class=\"brush has-couleur-1-color has-text-color\">SPA, massage, beauty<\/p>\n\n\n\n<p>Open from 3 April to 27 September 2026 and from 17 October to 1 November 2026, the camping village &amp; spa welcomes you and your loved ones, whether for a budget weekend near Perpignan, an Easter or autumn half-term family holiday by the sea, or a lively and unforgettable stay in the Pyr\u00e9n\u00e9es-Orientales\u2026 Let the team at Le Floride pamper and spoil you. A hammam, sauna and beauty salon await you in our <a href=\"https:\/\/floride.fr\/en\/wellness\/\">wellness <\/a>area in the heart of Languedoc-Roussillon.<\/p>\n<\/div>\n<\/div>\n<\/div><\/section>\n\n<section class=\"wp-container-69d174e121207 wp-block-group F-25-a vague-top ligne2-top deco-ananas has-couleur-1-background-color has-background\"><div class=\"wp-block-group__inner-container\">\n<h3 class=\"titre1 has-blanc-color has-text-color\" id=\"bar-snack-restaurants\">Bar, Snack &amp; Restaurants<\/h3>\n\n\n\n<figure class=\"wp-block-gallery has-nested-images columns-default is-cropped\">\n<figure class=\"wp-block-image size-full\"><img loading=\"lazy\" width=\"1280\" height=\"853\" src=\"https:\/\/floride.fr\/wp-content\/uploads\/2025\/11\/193_Camping_Occitanie_Le_Floride_et_l_Embouchure_Ciela_Village_Tiki_Restaurant.webp\" alt=\"\" class=\"wp-image-15685\" srcset=\"https:\/\/floride.fr\/wp-content\/uploads\/2025\/11\/193_Camping_Occitanie_Le_Floride_et_l_Embouchure_Ciela_Village_Tiki_Restaurant.webp 1280w, https:\/\/floride.fr\/wp-content\/uploads\/2025\/11\/193_Camping_Occitanie_Le_Floride_et_l_Embouchure_Ciela_Village_Tiki_Restaurant-300x200.webp 300w, https:\/\/floride.fr\/wp-content\/uploads\/2025\/11\/193_Camping_Occitanie_Le_Floride_et_l_Embouchure_Ciela_Village_Tiki_Restaurant-1024x682.webp 1024w, https:\/\/floride.fr\/wp-content\/uploads\/2025\/11\/193_Camping_Occitanie_Le_Floride_et_l_Embouchure_Ciela_Village_Tiki_Restaurant-768x512.webp 768w\" sizes=\"(max-width: 1280px) 100vw, 1280px\" \/><figcaption>The Tiki Restaurant<\/figcaption><\/figure>\n\n\n\n<figure class=\"wp-block-image size-large\"><img loading=\"lazy\" width=\"1024\" height=\"683\" src=\"https:\/\/floride.fr\/wp-content\/uploads\/2022\/05\/pexels-engin-akyurt-3219547-1024x683.jpg\" alt=\"\" class=\"wp-image-3792\" srcset=\"https:\/\/floride.fr\/wp-content\/uploads\/2022\/05\/pexels-engin-akyurt-3219547-1024x683.jpg 1024w, https:\/\/floride.fr\/wp-content\/uploads\/2022\/05\/pexels-engin-akyurt-3219547-300x200.jpg 300w, https:\/\/floride.fr\/wp-content\/uploads\/2022\/05\/pexels-engin-akyurt-3219547-768x512.jpg 768w, https:\/\/floride.fr\/wp-content\/uploads\/2022\/05\/pexels-engin-akyurt-3219547-1536x1024.jpg 1536w, https:\/\/floride.fr\/wp-content\/uploads\/2022\/05\/pexels-engin-akyurt-3219547-2048x1365.jpg 2048w\" sizes=\"(max-width: 1024px) 100vw, 1024px\" \/><figcaption>Take-away meals<\/figcaption><\/figure>\n\n\n\n<figure class=\"wp-block-image size-full\"><img loading=\"lazy\" width=\"1280\" height=\"853\" src=\"https:\/\/floride.fr\/wp-content\/uploads\/2025\/11\/171_Camping_Occitanie_Le_Floride_et_l_Embouchure_Ciela_Village_Food_Truck_Starlite_Dinner.webp\" alt=\"\" class=\"wp-image-15680\" srcset=\"https:\/\/floride.fr\/wp-content\/uploads\/2025\/11\/171_Camping_Occitanie_Le_Floride_et_l_Embouchure_Ciela_Village_Food_Truck_Starlite_Dinner.webp 1280w, https:\/\/floride.fr\/wp-content\/uploads\/2025\/11\/171_Camping_Occitanie_Le_Floride_et_l_Embouchure_Ciela_Village_Food_Truck_Starlite_Dinner-300x200.webp 300w, https:\/\/floride.fr\/wp-content\/uploads\/2025\/11\/171_Camping_Occitanie_Le_Floride_et_l_Embouchure_Ciela_Village_Food_Truck_Starlite_Dinner-1024x682.webp 1024w, https:\/\/floride.fr\/wp-content\/uploads\/2025\/11\/171_Camping_Occitanie_Le_Floride_et_l_Embouchure_Ciela_Village_Food_Truck_Starlite_Dinner-768x512.webp 768w\" sizes=\"(max-width: 1280px) 100vw, 1280px\" \/><figcaption>The Starlite Diner Food-Truck<\/figcaption><\/figure>\n<\/figure>\n\n\n\n<div class=\"wp-container-69d174e120f75 wp-block-buttons\">\n<div class=\"wp-block-button is-style-outline\"><a class=\"wp-block-button__link has-blanc-color has-text-color\" href=\"https:\/\/floride.fr\/en\/service-catering\/\">Read more<\/a><\/div>\n<\/div>\n<\/div><\/section>\n","protected":false},"excerpt":{"rendered":"<p>Escape for a unique experience in Barcar\u00e8s,between the Mediterranean Sea and the Pyr\u00e9n\u00e9es-Orientales. Welcome to the 5-star Le Floride campsite in Barcar\u00e8s Enjoy direct access to the beach! In Port Barcar\u00e8s, experience a complete change of scenery at the holiday village Le Floride Open from 3 April to 27 September 2026 and from 17 October [&hellip;]<\/p>\n","protected":false},"author":1,"featured_media":0,"parent":0,"menu_order":0,"comment_status":"closed","ping_status":"closed","template":"","meta":[],"acf":[],"_links":{"self":[{"href":"https:\/\/floride.fr\/en\/wp-json\/wp\/v2\/pages\/396"}],"collection":[{"href":"https:\/\/floride.fr\/en\/wp-json\/wp\/v2\/pages"}],"about":[{"href":"https:\/\/floride.fr\/en\/wp-json\/wp\/v2\/types\/page"}],"author":[{"embeddable":true,"href":"https:\/\/floride.fr\/en\/wp-json\/wp\/v2\/users\/1"}],"replies":[{"embeddable":true,"href":"https:\/\/floride.fr\/en\/wp-json\/wp\/v2\/comments?post=396"}],"version-history":[{"count":6,"href":"https:\/\/floride.fr\/en\/wp-json\/wp\/v2\/pages\/396\/revisions"}],"predecessor-version":[{"id":16282,"href":"https:\/\/floride.fr\/en\/wp-json\/wp\/v2\/pages\/396\/revisions\/16282"}],"wp:attachment":[{"href":"https:\/\/floride.fr\/en\/wp-json\/wp\/v2\/media?parent=396"}],"curies":[{"name":"wp","href":"https:\/\/api.w.org\/{rel}","templated":true}]}}