{"id":417,"date":"2022-03-11T15:09:25","date_gmt":"2022-03-11T14:09:25","guid":{"rendered":"https:\/\/floride.fr\/legal-notice\/"},"modified":"2026-02-02T15:56:40","modified_gmt":"2026-02-02T14:56:40","slug":"legal-notice","status":"publish","type":"page","link":"https:\/\/floride.fr\/en\/legal-notice\/","title":{"rendered":"Legal Notice"},"content":{"rendered":"\n<section class=\"wp-container-69d0fc0de240f wp-block-group\"><div class=\"wp-block-group__inner-container\">\n<h1 class=\"has-text-align-center has-couleur-1-color has-text-color\" id=\"mentions-legales\">Legal Notice<\/h1>\n\n\n\n<div class=\"wp-block-columns\">\n<div class=\"wp-block-column\">\n<p class=\"titre has-sous-titre-font-size\"><strong><span itemprop=\"name\">Campsite Le Floride<\/span><\/strong><\/p>\n\n\n\n<p><strong>Address<\/strong> : <span class=\"wrp_adresse\"><span itemprop=\"address\">Route de St Laurent - 66420 Le Barcar\u00e8s<br \/>\r\nPyr\u00e9n\u00e9es orientales | Languedoc-Roussillon<\/span><\/span> [adresse_complementaire]<br><strong>Phone:<\/strong> <a itemprop=\"telephone\" href=\"tel:+33468861175\">04 68 86 11 75<\/a><br><strong>Email:<\/strong> <a itemprop=\"email\" href=\"mailto:lefloride@cielavillage.com\">lefloride@cielavillage.com<\/a><br><strong>SIRET:<\/strong> <span class=\"wrp_siret\"><span>31344793000014<\/span><\/span><br><strong>RCS:<\/strong> <span class=\"wrp_rcs\"><span>Perpignan B 313 447 930<\/span><\/span><\/p>\n\n\n\n<p>Le site web <a href=\"https:\/\/floride.fr\/en\/\" itemprop=\"url\">floride.fr\/en\/<\/a> est h\u00e9berg\u00e9 par la soci\u00e9t\u00e9 Niwanet.<\/p>\n\n\n\n<p><strong>FRANCECOM, Agence web<\/strong><br> 2, Boulevard Jean Moulin 44100 NANTES<br><strong>Tel<\/strong> : 02 51 80 88 88<br><strong>Fax<\/strong> : 02 51 80 88 87<br><strong>Web<\/strong> : <a rel=\"noreferrer noopener\" href=\"http:\/\/www.francecom.com\/\" target=\"_blank\">www.francecom.fr<\/a><br>RCS: Nantes B 410 557 151<br>SIRET: 41055715100033<\/p>\n\n\n\n<p>La consultation du site <a href=\"https:\/\/floride.fr\/en\/\" itemprop=\"url\">floride.fr\/en\/<\/a> est soumise \u00e0 l&#8217;acceptation et au respect par les internautes des conditions d&#8217;utilisation suivantes.<\/p>\n\n\n\n<p>L&#8217;internaute s&#8217;engage \u00e0 utiliser les informations contenues sur le Site \u00e0 des fins personnelles et non commerciales. En cas de non-respect des dispositions de la pr\u00e9sente Charte par l&#8217;internaute, sa responsabilit\u00e9 civile et\/ou p\u00e9nale pourrait \u00eatre engag\u00e9e.<\/p>\n\n\n\n<p class=\"titre has-sous-titre-font-size\"><strong><strong><strong>Contenu du site<\/strong><\/strong><\/strong><\/p>\n\n\n\n<p>Le site est exploit\u00e9 par la soci\u00e9t\u00e9 <span itemprop=\"name\">Campsite Le Floride<\/span>.<\/p>\n\n\n\n<p>Le site pr\u00e9sente les activit\u00e9s de l&#8217;entreprise <span itemprop=\"name\">Campsite Le Floride<\/span>.<\/p>\n\n\n\n<p class=\"titre has-sous-titre-font-size\"><strong><strong><strong>Propri\u00e9t\u00e9 intellectuelle<\/strong><\/strong><\/strong><\/p>\n\n\n\n<p>Le Site<a href=\"https:\/\/floride.fr\/en\/\" itemprop=\"url\">floride.fr\/en\/<\/a> constitue une \u0153uvre dont Francecom est l&#8217;auteur au sens des articles L111.1 et suivants du Code de la propri\u00e9t\u00e9 intellectuelle.<\/p>\n\n\n\n<p>De mani\u00e8re g\u00e9n\u00e9rale, les donn\u00e9es, programmes, extraits musicaux, textes, informations, logos, identit\u00e9s visuelles, images, anim\u00e9es ou non, et leur mise en forme figurant sur le Site <a href=\"https:\/\/floride.fr\/en\/\" itemprop=\"url\">floride.fr\/en\/<\/a> sont la propri\u00e9t\u00e9 de Francecom (\u00e0 l&#8217;exception des photos appartenant \u00e0 la soci\u00e9t\u00e9 <span itemprop=\"name\">Campsite Le Floride<\/span> et des textes r\u00e9dig\u00e9s par la soci\u00e9t\u00e9 <span itemprop=\"name\">Campsite Le Floride<\/span>) et sont prot\u00e9g\u00e9s en tant que tels par les dispositions du Code de la propri\u00e9t\u00e9 intellectuelle.<\/p>\n\n\n\n<p>Tous les utilisateurs d&#8217;Internet s&#8217;engagent \u00e0 ne pas les utiliser et \u00e0 ne permettre \u00e0 personne d&#8217;utiliser ces contenus \u00e0 des fins ill\u00e9gales.<\/p>\n\n\n\n<p>Toute repr\u00e9sentation ou reproduction, totale ou partielle, permanente ou temporaire, sur un support informatique et\/ou papier, et par quelque proc\u00e9d\u00e9 que ce soit (notamment par cadrage*), de l&#8217;un ou l&#8217;autre des \u00e9l\u00e9ments du Site <a href=\"https:\/\/floride.fr\/en\/\" itemprop=\"url\">floride.fr\/en\/<\/a> ou des services propos\u00e9s \u00e0 la vente, sans l&#8217;accord pr\u00e9alable et expr\u00e8s de Francecom est interdite, et constitue un acte de contrefa\u00e7on pouvant entra\u00eener des sanctions civiles et\/ou p\u00e9nales. Seule l&#8217;impression papier est autoris\u00e9e \u00e0 des fins de copie priv\u00e9e pour l&#8217;usage exclusif du copiste au sens de l&#8217;article L122-5 2\u00b0 du Code de la propri\u00e9t\u00e9 intellectuelle.<\/p>\n\n\n\n<p>Aucun lien hypertexte vers le Site<a href=\"https:\/\/floride.fr\/en\/\" itemprop=\"url\">floride.fr\/en\/<\/a> ne peut \u00eatre install\u00e9 sans l&#8217;accord pr\u00e9alable et expr\u00e8s de Francecom .<\/p>\n\n\n\n<p>*Action consistant \u00e0 capturer le contenu des pages d&#8217;un site web afin de le transf\u00e9rer vers son propre site web via un lien hypertexte, faisant ainsi appara\u00eetre ledit contenu comme \u00e9tant le sien.<\/p>\n\n\n\n<p class=\"titre has-sous-titre-font-size\"><strong><strong><strong>Cr\u00e9dits photos<\/strong><\/strong><\/strong><\/p>\n\n\n\n<p>Photo non contractuelle.<\/p>\n<\/div>\n\n\n\n<div class=\"wp-block-column\">\n<p class=\"titre has-sous-titre-font-size\"><strong><strong>Responsabilit\u00e9<\/strong><\/strong><\/p>\n\n\n\n<p>La soci\u00e9t\u00e9 <span itemprop=\"name\">Campsite Le Floride<\/span> d\u00e9cline toute responsabilit\u00e9 pour les dysfonctionnements pouvant survenir sur le site <a href=\"https:\/\/floride.fr\/en\/\" itemprop=\"url\">floride.fr\/en\/<\/a> et entra\u00eener une perte de donn\u00e9es ou une indisponibilit\u00e9 de l&#8217;acc\u00e8s aux informations qui y sont produites.<\/p>\n\n\n\n<p>Les \u00e9l\u00e9ments pr\u00e9sent\u00e9s sur le Site <a href=\"https:\/\/floride.fr\/en\/\" itemprop=\"url\">floride.fr\/en\/<\/a> sont susceptibles d&#8217;\u00eatre modifi\u00e9s sans pr\u00e9avis et sont mis \u00e0 la disposition des internautes sans aucune garantie, expresse ou tacite.<\/p>\n\n\n\n<p>La pr\u00e9sence de liens hypertextes sur le site <a href=\"https:\/\/floride.fr\/en\/\" itemprop=\"url\">floride.fr\/en\/<\/a>, que l&#8217;entreprise <span itemprop=\"name\">Campsite Le Floride<\/span> ait ou non donn\u00e9 son accord pr\u00e9alable, n&#8217;engage en aucun cas la responsabilit\u00e9 de l&#8217;entreprise et des propri\u00e9taires des autres sites, quant au contenu des sites vers lesquels l&#8217;internaute est redirig\u00e9.<\/p>\n\n\n\n<p>La soci\u00e9t\u00e9 <span itemprop=\"name\">Campsite Le Floride<\/span> ne peut garantir l&#8217;exhaustivit\u00e9 et la v\u00e9racit\u00e9 des informations pr\u00e9sentes sur le Site <a href=\"https:\/\/floride.fr\/en\/\" itemprop=\"url\">floride.fr\/en\/<\/a>. De m\u00eame, elle ne peut garantir l&#8217;absence de modification par un tiers (intrusion, virus).<\/p>\n\n\n\n<p>En outre, l&#8217;internaute est seul responsable de l&#8217;utilisation qu&#8217;il fait du contenu du Site <a href=\"https:\/\/floride.fr\/en\/\" itemprop=\"url\">floride.fr\/en\/<\/a>. Sauf en cas de faute grave de la soci\u00e9t\u00e9 <span itemprop=\"name\">Campsite Le Floride<\/span>, celle-ci ne saurait \u00eatre tenue responsable des dommages directs ou indirects li\u00e9s \u00e0 l&#8217;utilisation des informations produites sur le Site <a href=\"https:\/\/floride.fr\/en\/\" itemprop=\"url\">floride.fr\/en\/<\/a>.<\/p>\n\n\n\n<p class=\"titre has-sous-titre-font-size\"><strong><strong>Loi applicable et juridiction comp\u00e9tente<\/strong><\/strong><\/p>\n\n\n\n<p>L\u2019ensemble des informations diffus\u00e9 sur le Site <a href=\"https:\/\/floride.fr\/en\/\" itemprop=\"url\">floride.fr\/en\/<\/a> et l\u2019utilisation qui en est faite sont soumis exclusivement au droit fran\u00e7ais. <\/p>\n\n\n\n<p>En cas de litige impliquant un consommateur, conform\u00e9ment \u00e0 l\u2019article R.631-3 du Code de la consommation, celui-ci pourra saisir la juridiction du lieu o\u00f9 il demeurait au moment de la conclusion du contrat ou la juridiction du lieu o\u00f9 il demeurait au moment de la survenance du fait dommageable.<\/p>\n\n\n\n<p>Apr\u00e8s avoir saisi le service Client du Camping selon la proc\u00e9dure de r\u00e9clamation pr\u00e9vue, le Client consommateur peut recourir gratuitement \u00e0 un m\u00e9diateur de la consommation, dans un d\u00e9lai maximal d\u2019un an \u00e0 compter de sa r\u00e9clamation \u00e9crite adress\u00e9e en LRAR \u00e0 l\u2019exploitant. Le m\u00e9diateur comp\u00e9tent est Sas M\u00e9diation Solution.<\/p>\n\n\n\n<p>Pour saisir le m\u00e9diateur, le consommateur doit formuler sa demande :<\/p>\n\n\n\n<p>&#8211; Soit par \u00e9crit \u00e0 : Sas M\u00e9diation Solution &#8211; 222 chemin de la bergerie 01800 Saint Jean de Niost<\/p>\n\n\n\n<p>&#8211; Soit par mail \u00e0 :&nbsp;<a href=\"mailto:contact@sasmediationsolution-conso.fr\" target=\"_blank\" rel=\"noreferrer noopener\">contact@sasmediationsolution-conso.fr<\/a><\/p>\n\n\n\n<p>&#8211; Soit en remplissant le formulaire en ligne intitul\u00e9 \u00ab Saisir le m\u00e9diateur \u00bb sur le site&nbsp;<a href=\"https:\/\/www.sasmediationsolution-conso.fr\/\" target=\"_blank\" rel=\"noreferrer noopener\">https:\/\/www.sasmediationsolution-conso.fr<\/a><\/p>\n\n\n\n<p class=\"titre has-sous-titre-font-size\"><strong>Conditions g\u00e9n\u00e9rales de vente<\/strong><\/p>\n\n\n\n<p>Le site web <a href=\"https:\/\/floride.fr\/en\/\" itemprop=\"url\">floride.fr\/en\/<\/a> ne permet pas d&#8217;effectuer des achats sur le site. Les conditions g\u00e9n\u00e9rales de vente sont disponibles dans la section Documents \u00e0 t\u00e9l\u00e9charger, ou sur simple demande \u00e0 l&#8217;adresse <a itemprop=\"email\" href=\"mailto:lefloride@cielavillage.com\">lefloride@cielavillage.com<\/a>.<\/p>\n\n\n\n<p class=\"titre has-sous-titre-font-size\"><strong>Informations sur les cookies utilis\u00e9s sur notre site<\/strong><\/p>\n\n\n\n<p>Des informations d\u00e9taill\u00e9es sur les cookies et leur gestion sur le site sont disponibles ici : <a href=\"https:\/\/floride.fr\/en\/cookie-policy-eu\/\" data-type=\"page\" data-id=\"2632\">Politique en mati\u00e8re de cookies (UE)<\/a><\/p>\n\n\n\n<p>Pour en savoir plus sur l&#8217;utilisation des cookies, vous pouvez consulter le site de la CNIL : <strong><a rel=\"noreferrer noopener\" href=\"http:\/\/www.cnil.fr\/vos-droits\/vos-traces\/les-cookies\/\" target=\"_blank\">www.cnil.fr\/vos-droits\/vos-traces\/les-cookies\/<\/a><\/strong><\/p>\n\n\n\n<p><strong>Informations relatives \u00e0 la politique de confidentialit\u00e9 et \u00e0 la gestion des donn\u00e9es personnelles :<\/strong><\/p>\n\n\n\n<p>Informations d\u00e9taill\u00e9es sur la <a href=\"https:\/\/floride.fr\/en\/confidentiality-and-personal-data\/\" data-type=\"page\" data-id=\"412\">politique de confidentialit\u00e9 et la gestion des donn\u00e9es personnelles<\/a><\/p>\n<\/div>\n<\/div>\n<\/div><\/section>\n","protected":false},"excerpt":{"rendered":"<p>Legal Notice Address : [adresse_complementaire]Phone: Email: SIRET: RCS: Le site web est h\u00e9berg\u00e9 par la soci\u00e9t\u00e9 Niwanet. FRANCECOM, Agence web 2, Boulevard Jean Moulin 44100 NANTESTel : 02 51 80 88 88Fax : 02 51 80 88 87Web : www.francecom.frRCS: Nantes B 410 557 151SIRET: 41055715100033 La consultation du site est soumise \u00e0 l&#8217;acceptation et [&hellip;]<\/p>\n","protected":false},"author":1,"featured_media":0,"parent":0,"menu_order":0,"comment_status":"closed","ping_status":"closed","template":"","meta":[],"acf":[],"_links":{"self":[{"href":"https:\/\/floride.fr\/en\/wp-json\/wp\/v2\/pages\/417"}],"collection":[{"href":"https:\/\/floride.fr\/en\/wp-json\/wp\/v2\/pages"}],"about":[{"href":"https:\/\/floride.fr\/en\/wp-json\/wp\/v2\/types\/page"}],"author":[{"embeddable":true,"href":"https:\/\/floride.fr\/en\/wp-json\/wp\/v2\/users\/1"}],"replies":[{"embeddable":true,"href":"https:\/\/floride.fr\/en\/wp-json\/wp\/v2\/comments?post=417"}],"version-history":[{"count":6,"href":"https:\/\/floride.fr\/en\/wp-json\/wp\/v2\/pages\/417\/revisions"}],"predecessor-version":[{"id":16176,"href":"https:\/\/floride.fr\/en\/wp-json\/wp\/v2\/pages\/417\/revisions\/16176"}],"wp:attachment":[{"href":"https:\/\/floride.fr\/en\/wp-json\/wp\/v2\/media?parent=417"}],"curies":[{"name":"wp","href":"https:\/\/api.w.org\/{rel}","templated":true}]}}