{"id":8417,"date":"2023-02-14T09:46:43","date_gmt":"2023-02-14T08:46:43","guid":{"rendered":"https:\/\/floride.fr\/?page_id=8417"},"modified":"2026-03-17T13:50:04","modified_gmt":"2026-03-17T12:50:04","slug":"barcares","status":"publish","type":"page","link":"https:\/\/floride.fr\/en\/barcares\/","title":{"rendered":"Barcar\u00e8s"},"content":{"rendered":"\n<figure class=\"wp-block-image alignfull size-full F-00-b\"><img loading=\"lazy\" width=\"1024\" height=\"640\" src=\"https:\/\/floride.fr\/wp-content\/uploads\/2023\/03\/Camping-Barcares-66-_-Camping-le-Floride-5-etoiles-proche-Perpignan.jpg\" alt=\"\" class=\"wp-image-9037\" srcset=\"https:\/\/floride.fr\/wp-content\/uploads\/2023\/03\/Camping-Barcares-66-_-Camping-le-Floride-5-etoiles-proche-Perpignan.jpg 1024w, https:\/\/floride.fr\/wp-content\/uploads\/2023\/03\/Camping-Barcares-66-_-Camping-le-Floride-5-etoiles-proche-Perpignan-300x188.jpg 300w, https:\/\/floride.fr\/wp-content\/uploads\/2023\/03\/Camping-Barcares-66-_-Camping-le-Floride-5-etoiles-proche-Perpignan-768x480.jpg 768w\" sizes=\"(max-width: 1024px) 100vw, 1024px\" \/><\/figure>\n\n<div class=\"wp-container-69e7fc1c6d6be wp-block-group F-05-a\"><div class=\"wp-block-group__inner-container\">\n<h1 class=\"has-couleur-1-color has-text-color\" id=\"votre-camping-port-barcares-une-ouverture-exceptionnelle-sur-la-mediterranee\">Your Port Barcar\u00e8s campsite, an exceptional opening onto the Mediterranean<\/h1>\n\n\n\n<p>Are you looking for an authentic spot for an unforgettable camping holiday in the Pyr\u00e9n\u00e9es-Orientales by the sea? The seaside resort of <strong>Port Barcar\u00e8s<\/strong> welcomes you to satisfy all your desires. Between top accommodation, swimming, immersion in a natural and typical setting and activities to suit you, everything is there to satisfy you at <a href=\"https:\/\/floride.f\">camping Le Floride in Port Barcar\u00e8s<\/a> !<\/p>\n\n\n\n<div style=\"height:50px\" aria-hidden=\"true\" class=\"wp-block-spacer\"><\/div>\n\n\n\n<div class=\"wp-block-columns\">\n<div class=\"wp-block-column\">\n<figure class=\"wp-block-gallery has-nested-images columns-3 is-cropped\">\n<figure class=\"wp-block-image size-large\"><img loading=\"lazy\" width=\"768\" height=\"1024\" src=\"https:\/\/floride.fr\/wp-content\/uploads\/2023\/03\/Plage-de-la-Baie-_-Eze-Sur-mer-768x1024.jpg\" alt=\"\" class=\"wp-image-9042\" srcset=\"https:\/\/floride.fr\/wp-content\/uploads\/2023\/03\/Plage-de-la-Baie-_-Eze-Sur-mer-768x1024.jpg 768w, https:\/\/floride.fr\/wp-content\/uploads\/2023\/03\/Plage-de-la-Baie-_-Eze-Sur-mer-225x300.jpg 225w, https:\/\/floride.fr\/wp-content\/uploads\/2023\/03\/Plage-de-la-Baie-_-Eze-Sur-mer-1152x1536.jpg 1152w, https:\/\/floride.fr\/wp-content\/uploads\/2023\/03\/Plage-de-la-Baie-_-Eze-Sur-mer-1536x2048.jpg 1536w, https:\/\/floride.fr\/wp-content\/uploads\/2023\/03\/Plage-de-la-Baie-_-Eze-Sur-mer-scaled.jpg 1920w\" sizes=\"(max-width: 768px) 100vw, 768px\" \/><\/figure>\n\n\n\n<figure class=\"wp-block-image size-large\"><img loading=\"lazy\" width=\"1024\" height=\"663\" src=\"https:\/\/floride.fr\/wp-content\/uploads\/2022\/03\/Photo-Plage-du-Camping-Le-Floride-au-Barcares-en-bord-de-mer-2-1024x663.jpg\" alt=\"Camping Le Floride Le Barcar&#xE8;s (66) : Photo Plage Du Camping Le Floride Au Barcar&#xE8;s En Bord De Mer 2\" class=\"wp-image-1688\" srcset=\"https:\/\/floride.fr\/wp-content\/uploads\/2022\/03\/Photo-Plage-du-Camping-Le-Floride-au-Barcares-en-bord-de-mer-2-1024x663.jpg 1024w, https:\/\/floride.fr\/wp-content\/uploads\/2022\/03\/Photo-Plage-du-Camping-Le-Floride-au-Barcares-en-bord-de-mer-2-300x194.jpg 300w, https:\/\/floride.fr\/wp-content\/uploads\/2022\/03\/Photo-Plage-du-Camping-Le-Floride-au-Barcares-en-bord-de-mer-2-768x498.jpg 768w, https:\/\/floride.fr\/wp-content\/uploads\/2022\/03\/Photo-Plage-du-Camping-Le-Floride-au-Barcares-en-bord-de-mer-2-1536x995.jpg 1536w, https:\/\/floride.fr\/wp-content\/uploads\/2022\/03\/Photo-Plage-du-Camping-Le-Floride-au-Barcares-en-bord-de-mer-2.jpg 1900w\" sizes=\"(max-width: 1024px) 100vw, 1024px\" \/><\/figure>\n<\/figure>\n<\/div>\n\n\n\n<div class=\"wp-block-column\">\n<h2 class=\"has-couleur-4-color has-text-color\" id=\"collioure-cite-des-peintres-les-sites-incontournables-a-visiter-2\">In Barcar\u00e8s, be at liberty !<\/h2>\n\n\n\n<p>In <a href=\"https:\/\/floride.fr\/en\/surroundings\/\">Occitania<\/a>, there are many attractive sites to choose from. The department of the Pyr\u00e9n\u00e9es-Orientales concentrates exceptional places to make a stay not only in harmony with nature but also rich in experiences. In this respect, the village of Barcar\u00e8s, where our Floride campsite is located, is an ideal base from which to explore a wide range of options. Close to <a href=\"https:\/\/floride.fr\/en\/leucate\/\">Leucate<\/a>, another tourist spot, and <a href=\"https:\/\/floride.fr\/en\/perpignan\/\">Perpignan<\/a>, a Catalan metropolis full of activities, festivals and culture, <strong>Port Barcar\u00e8s<\/strong> has a wealth of wonders to discover. The fauna and flora of the lagoon at Salses Le Barcar\u00e8s can be discovered in <strong>this Natura 2000 classified environment.<\/strong> With your family or friends, enjoy watching such picturesque bird species as the little tern. Dive into the <strong>turquoise waters<\/strong> to encounter magical marine life. Take advantage of all these moments to revitalise yourself and reconnect with nature. Everything here is a source of amazement and admiration. The <strong>Mediterranean coastline<\/strong> offers you an area of exploration with its protected areas, so extensive that you will find it difficult to cover it all.<\/p>\n<\/div>\n<\/div>\n\n\n\n<div style=\"height:50px\" aria-hidden=\"true\" class=\"wp-block-spacer\"><\/div>\n\n\n\n<h2 id=\"la-nature-a-portee-de-pieds\">Nature at your feet<\/h2>\n\n\n\n<p>What a joy to be able to reach the sea in a few minutes thanks to our direct <a href=\"https:\/\/floride.fr\/en\/direct-access-to-the-beach\/\">access on Barcar\u00e8s beach<\/a>! All you have to do is to take your basket and leave for moments of pleasure at the water&#8217;s edge. If you want to enjoy a sunrise over the sea, you only have to walk a few metres to enjoy a dazzling spectacle. Hiking, <strong>biking<\/strong> and sea tours are available for a heavenly stay. Would you like to immerse yourself in the local atmosphere? The village of Barcar\u00e8s welcomes you to soak up the warm atmosphere. Here you can meet colourful characters, enjoy <a href=\"https:\/\/floride.fr\/en\/parties-festivals\/\">festivities throughout the year<\/a> and taste <strong>Catalan specialities.<\/strong> When you reach your <strong>campsite in Port Barcar\u00e8s<\/strong>, you can still enjoy these sensations. Indeed, we have a particularly strong sense of hospitality. It is based on anticipating all your needs. Our sanitary facilities, the meeting areas, the supermarket or <a href=\"https:\/\/floride.fr\/en\/wellness\/\">our wellness centre, unique in the Languedoc,<\/a> are carefully designed. We take great care to ensure your well-being in a unique environment. Our employees are at your service to ensure your complete satisfaction.<\/p>\n\n\n\n<h2 id=\"des-activites-pour-tous-les-ages-au-camping-le-floride\">Activities for all ages at camping Le Floride <\/h2>\n\n\n\n<p>Do you want to combine the pleasures of the beach and hiking with those of the pool or other games? It&#8217;s only natural ! That&#8217;s why <a href=\"https:\/\/floride.fr\/en\/water-park\/\">our campsite in Languedoc-Roussillon with a water park<\/a> offers you a <strong>4,700 m2 water park<\/strong> without equal in the Pyrenees Orientales! Offering a multitude of <strong>water games<\/strong> such as slides, pentagliss, rivers against the current, everything is planned in order to provoke plunges into a universe of inexhaustible joy. Heated <strong>swimming pools<\/strong>, <strong>jacuzzis<\/strong> and paddling pools for the little ones are ideal for the young ones. All ages can find something to satisfy their desire to laze around or have fun in an aquatic area designed to provide endless fun for the whole family. To round off your wellness experience, you have access to a gym and a games room.<br\/>Choose to enjoy a dream holiday in a setting that is both authentic and perfectly attuned to your needs, allowing you to recharge your batteries. Your 5-star Floride campsite in Barcar\u00e8s fulfils all your wishes for shared happiness!<\/p>\n\n\n\n<div style=\"height:30px\" aria-hidden=\"true\" class=\"wp-block-spacer\"><\/div>\n\n\n\n<figure class=\"wp-block-gallery has-nested-images columns-6 is-cropped diaporama--3\">\n<figure class=\"wp-block-image size-large\"><img loading=\"lazy\" width=\"1500\" height=\"1000\" src=\"https:\/\/floride.fr\/wp-content\/uploads\/2022\/05\/IMG_1089.jpg\" alt=\"\" class=\"wp-image-4505\" srcset=\"https:\/\/floride.fr\/wp-content\/uploads\/2022\/05\/IMG_1089.jpg 1500w, https:\/\/floride.fr\/wp-content\/uploads\/2022\/05\/IMG_1089-300x200.jpg 300w, https:\/\/floride.fr\/wp-content\/uploads\/2022\/05\/IMG_1089-1024x683.jpg 1024w, https:\/\/floride.fr\/wp-content\/uploads\/2022\/05\/IMG_1089-768x512.jpg 768w\" sizes=\"(max-width: 1500px) 100vw, 1500px\" \/><\/figure>\n\n\n\n<figure class=\"wp-block-image size-large\"><img loading=\"lazy\" width=\"2560\" height=\"1707\" src=\"https:\/\/floride.fr\/wp-content\/uploads\/2022\/05\/media-88995876-004-2-scaled.jpg\" alt=\"\" class=\"wp-image-4219\" srcset=\"https:\/\/floride.fr\/wp-content\/uploads\/2022\/05\/media-88995876-004-2-scaled.jpg 2560w, https:\/\/floride.fr\/wp-content\/uploads\/2022\/05\/media-88995876-004-2-300x200.jpg 300w, https:\/\/floride.fr\/wp-content\/uploads\/2022\/05\/media-88995876-004-2-1024x683.jpg 1024w, https:\/\/floride.fr\/wp-content\/uploads\/2022\/05\/media-88995876-004-2-768x512.jpg 768w, https:\/\/floride.fr\/wp-content\/uploads\/2022\/05\/media-88995876-004-2-1536x1024.jpg 1536w, https:\/\/floride.fr\/wp-content\/uploads\/2022\/05\/media-88995876-004-2-2048x1365.jpg 2048w\" sizes=\"(max-width: 2560px) 100vw, 2560px\" \/><\/figure>\n\n\n\n<figure class=\"wp-block-image size-large\"><img loading=\"lazy\" width=\"2560\" height=\"1703\" src=\"https:\/\/floride.fr\/wp-content\/uploads\/2022\/05\/PISCINE-COUVERTE-AQUAGYM-0692-scaled.jpg\" alt=\"\" class=\"wp-image-4038\" srcset=\"https:\/\/floride.fr\/wp-content\/uploads\/2022\/05\/PISCINE-COUVERTE-AQUAGYM-0692-scaled.jpg 2560w, https:\/\/floride.fr\/wp-content\/uploads\/2022\/05\/PISCINE-COUVERTE-AQUAGYM-0692-300x200.jpg 300w, https:\/\/floride.fr\/wp-content\/uploads\/2022\/05\/PISCINE-COUVERTE-AQUAGYM-0692-1024x681.jpg 1024w, https:\/\/floride.fr\/wp-content\/uploads\/2022\/05\/PISCINE-COUVERTE-AQUAGYM-0692-768x511.jpg 768w, https:\/\/floride.fr\/wp-content\/uploads\/2022\/05\/PISCINE-COUVERTE-AQUAGYM-0692-1536x1022.jpg 1536w, https:\/\/floride.fr\/wp-content\/uploads\/2022\/05\/PISCINE-COUVERTE-AQUAGYM-0692-2048x1363.jpg 2048w\" sizes=\"(max-width: 2560px) 100vw, 2560px\" \/><\/figure>\n\n\n\n<figure class=\"wp-block-image size-large\"><img loading=\"lazy\" width=\"1194\" height=\"794\" src=\"https:\/\/floride.fr\/wp-content\/uploads\/2022\/05\/tente-2-1.jpg\" alt=\"\" class=\"wp-image-3825\" srcset=\"https:\/\/floride.fr\/wp-content\/uploads\/2022\/05\/tente-2-1.jpg 1194w, https:\/\/floride.fr\/wp-content\/uploads\/2022\/05\/tente-2-1-300x199.jpg 300w, https:\/\/floride.fr\/wp-content\/uploads\/2022\/05\/tente-2-1-1024x681.jpg 1024w, https:\/\/floride.fr\/wp-content\/uploads\/2022\/05\/tente-2-1-768x511.jpg 768w\" sizes=\"(max-width: 1194px) 100vw, 1194px\" \/><\/figure>\n\n\n\n<figure class=\"wp-block-image size-large\"><img loading=\"lazy\" width=\"2560\" height=\"1703\" src=\"https:\/\/floride.fr\/wp-content\/uploads\/2022\/05\/EMPLACEMENT-CAMPING-CAR-1112-scaled.jpg\" alt=\"\" class=\"wp-image-3553\" srcset=\"https:\/\/floride.fr\/wp-content\/uploads\/2022\/05\/EMPLACEMENT-CAMPING-CAR-1112-scaled.jpg 2560w, https:\/\/floride.fr\/wp-content\/uploads\/2022\/05\/EMPLACEMENT-CAMPING-CAR-1112-300x200.jpg 300w, https:\/\/floride.fr\/wp-content\/uploads\/2022\/05\/EMPLACEMENT-CAMPING-CAR-1112-1024x681.jpg 1024w, https:\/\/floride.fr\/wp-content\/uploads\/2022\/05\/EMPLACEMENT-CAMPING-CAR-1112-768x511.jpg 768w, https:\/\/floride.fr\/wp-content\/uploads\/2022\/05\/EMPLACEMENT-CAMPING-CAR-1112-1536x1022.jpg 1536w, https:\/\/floride.fr\/wp-content\/uploads\/2022\/05\/EMPLACEMENT-CAMPING-CAR-1112-2048x1363.jpg 2048w\" sizes=\"(max-width: 2560px) 100vw, 2560px\" \/><\/figure>\n\n\n\n<figure class=\"wp-block-image size-large\"><img loading=\"lazy\" width=\"2560\" height=\"1707\" src=\"https:\/\/floride.fr\/wp-content\/uploads\/2022\/05\/A7R5910-1-scaled.jpg\" alt=\"\" class=\"wp-image-3543\" srcset=\"https:\/\/floride.fr\/wp-content\/uploads\/2022\/05\/A7R5910-1-scaled.jpg 2560w, https:\/\/floride.fr\/wp-content\/uploads\/2022\/05\/A7R5910-1-300x200.jpg 300w, https:\/\/floride.fr\/wp-content\/uploads\/2022\/05\/A7R5910-1-1024x683.jpg 1024w, https:\/\/floride.fr\/wp-content\/uploads\/2022\/05\/A7R5910-1-768x512.jpg 768w, https:\/\/floride.fr\/wp-content\/uploads\/2022\/05\/A7R5910-1-1536x1024.jpg 1536w, https:\/\/floride.fr\/wp-content\/uploads\/2022\/05\/A7R5910-1-2048x1365.jpg 2048w\" sizes=\"(max-width: 2560px) 100vw, 2560px\" \/><\/figure>\n<\/figure>\n\n\n\n<div style=\"height:100px\" aria-hidden=\"true\" class=\"wp-block-spacer\"><\/div>\n<\/div><\/div>\n","protected":false},"excerpt":{"rendered":"<p>Your Port Barcar\u00e8s campsite, an exceptional opening onto the Mediterranean Are you looking for an authentic spot for an unforgettable camping holiday in the Pyr\u00e9n\u00e9es-Orientales by the sea? The seaside resort of Port Barcar\u00e8s welcomes you to satisfy all your desires. Between top accommodation, swimming, immersion in a natural and typical setting and activities to [&hellip;]<\/p>\n","protected":false},"author":1,"featured_media":0,"parent":0,"menu_order":0,"comment_status":"closed","ping_status":"closed","template":"","meta":[],"acf":[],"_links":{"self":[{"href":"https:\/\/floride.fr\/en\/wp-json\/wp\/v2\/pages\/8417"}],"collection":[{"href":"https:\/\/floride.fr\/en\/wp-json\/wp\/v2\/pages"}],"about":[{"href":"https:\/\/floride.fr\/en\/wp-json\/wp\/v2\/types\/page"}],"author":[{"embeddable":true,"href":"https:\/\/floride.fr\/en\/wp-json\/wp\/v2\/users\/1"}],"replies":[{"embeddable":true,"href":"https:\/\/floride.fr\/en\/wp-json\/wp\/v2\/comments?post=8417"}],"version-history":[{"count":6,"href":"https:\/\/floride.fr\/en\/wp-json\/wp\/v2\/pages\/8417\/revisions"}],"predecessor-version":[{"id":16300,"href":"https:\/\/floride.fr\/en\/wp-json\/wp\/v2\/pages\/8417\/revisions\/16300"}],"wp:attachment":[{"href":"https:\/\/floride.fr\/en\/wp-json\/wp\/v2\/media?parent=8417"}],"curies":[{"name":"wp","href":"https:\/\/api.w.org\/{rel}","templated":true}]}}