{"id":8437,"date":"2023-02-03T10:31:18","date_gmt":"2023-02-03T09:31:18","guid":{"rendered":"https:\/\/floride.fr\/chalet-rental-in-pyrenees-orientales\/"},"modified":"2025-11-05T13:46:18","modified_gmt":"2025-11-05T12:46:18","slug":"chalet-rental-in-pyrenees-orientales","status":"publish","type":"page","link":"https:\/\/floride.fr\/en\/chalet-rental-in-pyrenees-orientales\/","title":{"rendered":"Chalet rental in Pyr\u00e9n\u00e9es Orientales"},"content":{"rendered":"\n<figure class=\"wp-block-image alignfull size-large F-00-b\"><img src=\"https:\/\/floride.fr\/wp-content\/uploads\/2022\/05\/&#xA9;LeFloride-080-1-1024x682.jpg\" alt=\"Rental chalets oriental pyrenees camping le floride\" class=\"wp-image-4836\"\/><\/figure>\n\n<h1 class=\"has-text-align-center has-couleur-1-color has-text-color\" id=\"location-de-chalet-en-pyrenees-orientales-au-camping-le-floride\">Chalet rental in the Pyr\u00e9n\u00e9es Orientales at Camping Le Floride in Barcar\u00e8s<\/h1>\n\n<p class=\"has-text-align-center\">Among all our<a href=\"https:\/\/floride.fr\/en\/rentals\/\"> holiday rentals in Barcar\u00e8<\/a>s, come and enjoy a unique experience in a chalet at <a href=\"https:\/\/floride.fr\/camping-pyrenees-orientales-bord-de-mer\/\">a campsite in the Pyr\u00e9n\u00e9es-Orientales<\/a> by the sea. Our 5-star hotel <strong>offers high quality services<\/strong> to make your holiday unique. You can enjoy <strong>direct access to the beach of Barcar\u00e8s<\/strong> to relax and enjoy a breathtaking view of the sea. With its &#8216;holiday village&#8217; feel, our campsite immerses you in a completely different world. A total change of scenery is guaranteed thanks to a 360\u00b0 experience in the heart of a Polynesian atmosphere that will seduce travel lovers.<\/p>\n\n<p><\/p>\n\n<div class=\"wp-container-69e7f881807ec wp-block-group\"><div class=\"wp-block-group__inner-container\">\n<div class=\"wp-container-69e7f88180551 wp-block-group\"><div class=\"wp-block-group__inner-container\">\n<div class=\"wp-block-columns F-05-a\">\n<div class=\"wp-block-column\">\n<div style=\"height:50px\" aria-hidden=\"true\" class=\"wp-block-spacer\"><\/div>\n\n\n\n<h2 id=\"des-chalets-de-prestige-au-bord-de-la-mer-mediterranee\">Prestigious chalets on the Mediterranean coast<\/h2>\n\n\n\n<p>Discover our luxury chalets on the Mediterranean coast. These wooden accommodations take you to another world without neglecting your comfort. Thus, you will be able to take advantage of many facilities: <\/p>\n\n\n\n<ul><li>microwave<\/li><li>a refrigerator<\/li><li>air conditioning<\/li><li>a television<\/li><li>a wifi<\/li><li>a coffee maker<\/li><li>and even tableware for all your meals<\/li><\/ul>\n\n\n\n<p>You can also enjoy your <strong>own private garden furniture with two deckchairs<\/strong> waiting for you to relax. A corner of paradise in a <strong>chalet rental in Languedoc-Roussillon<\/strong> to recharge your batteries and please your whole family.<\/p>\n<\/div>\n\n\n\n<div class=\"wp-block-column is-vertically-aligned-center\">\n<figure class=\"wp-block-gallery has-nested-images columns-default is-cropped\">\n<figure class=\"wp-block-image size-large\"><img loading=\"lazy\" width=\"1024\" height=\"683\" src=\"https:\/\/floride.fr\/wp-content\/uploads\/2022\/10\/130-camping-le-floride-1024px.jpg\" alt=\"\" class=\"wp-image-6972\" srcset=\"https:\/\/floride.fr\/wp-content\/uploads\/2022\/10\/130-camping-le-floride-1024px.jpg 1024w, https:\/\/floride.fr\/wp-content\/uploads\/2022\/10\/130-camping-le-floride-1024px-300x200.jpg 300w, https:\/\/floride.fr\/wp-content\/uploads\/2022\/10\/130-camping-le-floride-1024px-768x512.jpg 768w\" sizes=\"(max-width: 1024px) 100vw, 1024px\" \/><\/figure>\n\n\n\n<figure class=\"wp-block-image size-large\"><img loading=\"lazy\" width=\"2560\" height=\"1707\" src=\"https:\/\/floride.fr\/wp-content\/uploads\/2022\/05\/A7R5381-scaled.jpg\" alt=\"\" class=\"wp-image-4831\" srcset=\"https:\/\/floride.fr\/wp-content\/uploads\/2022\/05\/A7R5381-scaled.jpg 2560w, https:\/\/floride.fr\/wp-content\/uploads\/2022\/05\/A7R5381-300x200.jpg 300w, https:\/\/floride.fr\/wp-content\/uploads\/2022\/05\/A7R5381-1024x683.jpg 1024w, https:\/\/floride.fr\/wp-content\/uploads\/2022\/05\/A7R5381-768x512.jpg 768w, https:\/\/floride.fr\/wp-content\/uploads\/2022\/05\/A7R5381-1536x1024.jpg 1536w, https:\/\/floride.fr\/wp-content\/uploads\/2022\/05\/A7R5381-2048x1365.jpg 2048w\" sizes=\"(max-width: 2560px) 100vw, 2560px\" \/><\/figure>\n<\/figure>\n<\/div>\n<\/div>\n\n\n\n<div style=\"height:30px\" aria-hidden=\"true\" class=\"wp-block-spacer\"><\/div>\n\n\n\n<p>All this in a <strong>dream location<\/strong> that allows you to enjoy <a href=\"https:\/\/floride.fr\/en\/direct-access-to-the-beach\/\">direct access to Barcar\u00e8s beach<\/a> only a few hundred meters away. You can enjoy the sea air while immersing yourself in a l<strong>ively and friendly Polynesian atmosphere.<\/strong> A real change of scenery for a totally unique holiday. Although our chalets have winter connotations, these structures are not only reserved for stays in the mountains. They also give a real holiday feel in hot weather for a completely different atmosphere. This way you can feel like you are in a cabin in the heart of Polynesia without neglecting your comfort or the activities around you.<\/p>\n<\/div><\/div>\n<\/div><\/div>\n\n<div class=\"wp-container-69e7f88180def wp-block-group\"><div class=\"wp-block-group__inner-container\">\n<h2 id=\"vivez-une-aventure-unique-en-famille-ou-entre-amis\">Experience a unique adventure with family and friends<\/h2>\n\n\n\n<p>So that you can share your adventures with others, <strong>our chalets can accommodate from 4 to 8 people.<\/strong> An ideal opportunity to go with your friends or family to a timeless place for a unique seaside experience. All this while enjoying the entertainment and comfort of our 5-star campsite. If you are looking for <strong>a chalet rental near Perpignan<\/strong>, why not visit Le Floride campsite in Barcar\u00e8s for a comfortable holiday without forgetting the camping atmosphere that we love so much. There are <strong>plenty of activities on offer,<\/strong> as well as entertainment at the campsite that will keep young and old busy throughout their stay. Take them to the pool, the sea, the water park, hiking, biking and more, all within a few hundred metres of your home.<\/p>\n\n\n\n<p>All <strong>our services are included in the rental price<\/strong> so that you don&#8217;t have any hidden costs. You can choose a chalet with a suitable number of rooms, but also <strong>different locations within the campsite<\/strong> to personalise your experience. Finally, there a<strong>re different ranges of comfort in our chalets<\/strong> to meet the expectations of adventurers, but also of families with specific demands. <\/p>\n\n\n\n<h3 class=\"has-couleur-4-color has-text-color\" id=\"choisir-son-emplacement-de-chalet-pres-de-perpignan\">Choosing your chalet location near Perpignan<\/h3>\n\n\n\n<p>To help you choose your pitch, we advise you to look at <a rel=\"noreferrer noopener\" href=\"https:\/\/floride.fr\/wp-content\/uploads\/2022\/05\/Plan-RV-compresse-2.pdf\" target=\"_blank\">the map of the campsite<\/a> and the different locations available. You will be able to choose the place, the exhibition and the atmosphere that suits you best, depending on availability. It is also an opportunity to discover all the services that our <strong>5-star campsite<\/strong> has to offer, and to choose your pitch according to your interests, especially concerning the campsite activities.<\/p>\n\n\n\n<p>Choose from our 3 chalet models: <\/p>\n\n\n\n<ul><li><strong>Ciela Privil\u00e8ge Tropical Chalet 3 bedrooms 6\/8 people <\/strong><\/li><li><strong>Ciela Comfort Chalet 2 bedrooms 5 persons<\/strong><\/li><li><strong style=\"color: initial;\">Ciela Comfort Chalet 3 bedrooms 6 people<\/strong><\/li><\/ul>\n\n\n\n<div class=\"wp-container-69e7f88180b79 wp-block-buttons\">\n<div class=\"wp-block-button btn_resa\"><a class=\"wp-block-button__link has-couleur-2-background-color has-background\"><i class=\"fal fa-search\"><\/i> Book<\/a><\/div>\n<\/div>\n<\/div><\/div>\n\n<section class=\"wp-container-69e7f881811b6 wp-block-group F-15-a vague-top ligne1-top has-bg-1-background-color has-background\"><div class=\"wp-block-group__inner-container\">\n<p class=\"titre2 has-couleur-1-color has-text-color\" id=\"decouvrez-notre-location-la-suite-riviera-premium-un-vrai-succes\">The Pyr\u00e9n\u00e9es-Orientales: cradle of tourism with a great cultural wealth<\/p>\n\n\n\n<div class=\"wp-block-media-text is-stacked-on-mobile is-image-fill\"><figure class=\"wp-block-media-text__media\" style=\"background-image:url(https:\/\/floride.fr\/wp-content\/uploads\/2022\/07\/Ville-de-Perpignan-Pyrenees-Orientales-1024x682.jpg);background-position:48% 69%\"><img loading=\"lazy\" width=\"1024\" height=\"682\" src=\"https:\/\/floride.fr\/wp-content\/uploads\/2022\/07\/Ville-de-Perpignan-Pyrenees-Orientales-1024x682.jpg\" alt=\"\" class=\"wp-image-5891 size-full\" srcset=\"https:\/\/floride.fr\/wp-content\/uploads\/2022\/07\/Ville-de-Perpignan-Pyrenees-Orientales-1024x682.jpg 1024w, https:\/\/floride.fr\/wp-content\/uploads\/2022\/07\/Ville-de-Perpignan-Pyrenees-Orientales-300x200.jpg 300w, https:\/\/floride.fr\/wp-content\/uploads\/2022\/07\/Ville-de-Perpignan-Pyrenees-Orientales-768x512.jpg 768w, https:\/\/floride.fr\/wp-content\/uploads\/2022\/07\/Ville-de-Perpignan-Pyrenees-Orientales.jpg 1280w\" sizes=\"(max-width: 1024px) 100vw, 1024px\" \/><\/figure><div class=\"wp-block-media-text__content\">\n<h2 class=\"titre3 has-couleur-4-color has-text-color\" id=\"vos-vacances-en-chalet-dans-les-pyrenees-orientales\">Your chalet holiday in the Pyr\u00e9n\u00e9es-Orientales<\/h2>\n\n\n\n<p>By choosing to rent a chalet in the Pyr\u00e9n\u00e9es-Orientales, you can be sure to enjoy all the natural and cultural riches of the region. Indeed, you can enjoy the distinctive climate of the Pyr\u00e9n\u00e9es-Orientales region, nestled between the sea and the mountains. It is possible to get away from it all very easily without having to travel long distances. <a href=\"https:\/\/floride.fr\/en\/surroundings\/\">Visiting the Pyr\u00e9n\u00e9es-Orientales <\/a>also means experiencing the spirit of the south, with its lively town centres and festive atmosphere.<\/p>\n\n\n\n<p>You can go <strong>for a bike ride<\/strong> or for a real adventure in the forest. There is no shortage of trails, and <strong>Barcar\u00e8s<\/strong> is the ideal place to reconnect with your surroundings. You can also take advantage of the seaside atmosphere to have a drink by the beach, perfect your tan or go for hours of fun in the campsite&#8217;s water park. It is also an opportunity to retrace the history of the region by visiting <strong>the castles, churches and numerous historical monuments<\/strong> that make the reputation of the Pyr\u00e9n\u00e9es-Orientales.<\/p>\n\n\n\n<div style=\"height:50px\" aria-hidden=\"true\" class=\"wp-block-spacer\"><\/div>\n<\/div><\/div>\n\n\n\n<div style=\"height:70px\" aria-hidden=\"true\" class=\"wp-block-spacer\"><\/div>\n\n\n\n<p class=\"titre3 has-couleur-1-color has-text-color\">Discover also our other accommodations: <\/p>\n\n\n\n<ul><li>Our <a href=\"https:\/\/floride.fr\/en\/unusual-rentals-in-the-pyrenees-orientales\/\">unusual accommodation in the Pyr\u00e9n\u00e9es-Orientales<\/a><\/li><li>Our<a href=\"https:\/\/floride.fr\/en\/mobile-home-rental-eastern-pyrenees\/\"> mobile home rentals near Perpignan<\/a><\/li><\/ul>\n\n\n\n<div style=\"height:20px\" aria-hidden=\"true\" class=\"wp-block-spacer\"><\/div>\n<\/div><\/section>\n","protected":false},"excerpt":{"rendered":"<p>Chalet rental in the Pyr\u00e9n\u00e9es Orientales at Camping Le Floride in Barcar\u00e8s Among all our holiday rentals in Barcar\u00e8s, come and enjoy a unique experience in a chalet at a campsite in the Pyr\u00e9n\u00e9es-Orientales by the sea. Our 5-star hotel offers high quality services to make your holiday unique. You can enjoy direct access to [&hellip;]<\/p>\n","protected":false},"author":1,"featured_media":0,"parent":0,"menu_order":0,"comment_status":"closed","ping_status":"closed","template":"","meta":[],"acf":[],"_links":{"self":[{"href":"https:\/\/floride.fr\/en\/wp-json\/wp\/v2\/pages\/8437"}],"collection":[{"href":"https:\/\/floride.fr\/en\/wp-json\/wp\/v2\/pages"}],"about":[{"href":"https:\/\/floride.fr\/en\/wp-json\/wp\/v2\/types\/page"}],"author":[{"embeddable":true,"href":"https:\/\/floride.fr\/en\/wp-json\/wp\/v2\/users\/1"}],"replies":[{"embeddable":true,"href":"https:\/\/floride.fr\/en\/wp-json\/wp\/v2\/comments?post=8437"}],"version-history":[{"count":5,"href":"https:\/\/floride.fr\/en\/wp-json\/wp\/v2\/pages\/8437\/revisions"}],"predecessor-version":[{"id":15461,"href":"https:\/\/floride.fr\/en\/wp-json\/wp\/v2\/pages\/8437\/revisions\/15461"}],"wp:attachment":[{"href":"https:\/\/floride.fr\/en\/wp-json\/wp\/v2\/media?parent=8437"}],"curies":[{"name":"wp","href":"https:\/\/api.w.org\/{rel}","templated":true}]}}