{"id":8453,"date":"2023-02-03T11:57:40","date_gmt":"2023-02-03T10:57:40","guid":{"rendered":"https:\/\/floride.fr\/collioure\/"},"modified":"2026-03-17T14:05:36","modified_gmt":"2026-03-17T13:05:36","slug":"collioure","status":"publish","type":"page","link":"https:\/\/floride.fr\/en\/collioure\/","title":{"rendered":"Collioure"},"content":{"rendered":"\n<figure class=\"wp-block-image alignfull size-full F-00-b\"><img loading=\"lazy\" width=\"1919\" height=\"1228\" src=\"https:\/\/floride.fr\/wp-content\/uploads\/2023\/03\/lighthouse-gadc990533_1920-1.jpg\" alt=\"\" class=\"wp-image-9134\" srcset=\"https:\/\/floride.fr\/wp-content\/uploads\/2023\/03\/lighthouse-gadc990533_1920-1.jpg 1919w, https:\/\/floride.fr\/wp-content\/uploads\/2023\/03\/lighthouse-gadc990533_1920-1-300x192.jpg 300w, https:\/\/floride.fr\/wp-content\/uploads\/2023\/03\/lighthouse-gadc990533_1920-1-1024x655.jpg 1024w, https:\/\/floride.fr\/wp-content\/uploads\/2023\/03\/lighthouse-gadc990533_1920-1-768x491.jpg 768w, https:\/\/floride.fr\/wp-content\/uploads\/2023\/03\/lighthouse-gadc990533_1920-1-1536x983.jpg 1536w\" sizes=\"(max-width: 1919px) 100vw, 1919px\" \/><\/figure>\n\n<div class=\"wp-container-69e7f9bc1b8f9 wp-block-group F-05-a\"><div class=\"wp-block-group__inner-container\">\n<h1 class=\"has-couleur-1-color has-text-color\" id=\"votre-village-vacances-a-collioure-un-paradis-a-votre-portee\">Your vacation village in Collioure, a paradise within your reach<\/h1>\n\n\n\n<p>Does the name Collioure make you dream ? This jewel of the <a href=\"https:\/\/floride.fr\/en\/surroundings\/\">Pyr\u00e9n\u00e9es-Orientales<\/a> has attracted many artists and welcomes many tourists each year. Our 5-star campsite, Le Floride \u2013 a holiday village just 40 minutes from Collioure \u2013 is the perfect place from which to explore all the town\u2019s attractions. With top of the line accommodations and perfectly maintained facilities, enjoy an exceptional camping experience in the south of France.<\/p>\n\n\n\n<div style=\"height:50px\" aria-hidden=\"true\" class=\"wp-block-spacer\"><\/div>\n\n\n\n<div class=\"wp-block-columns alignwide are-vertically-aligned-top\">\n<div class=\"wp-block-column is-vertically-aligned-top\">\n<figure class=\"wp-block-gallery aligncenter has-nested-images columns-default is-cropped\">\n<figure class=\"wp-block-image size-full\"><img loading=\"lazy\" width=\"640\" height=\"425\" src=\"https:\/\/floride.fr\/wp-content\/uploads\/2022\/07\/Eglise-Notre-Dame-des-Anges-Collioure.jpg\" alt=\"\" class=\"wp-image-5852\" srcset=\"https:\/\/floride.fr\/wp-content\/uploads\/2022\/07\/Eglise-Notre-Dame-des-Anges-Collioure.jpg 640w, https:\/\/floride.fr\/wp-content\/uploads\/2022\/07\/Eglise-Notre-Dame-des-Anges-Collioure-300x199.jpg 300w\" sizes=\"(max-width: 640px) 100vw, 640px\" \/><\/figure>\n\n\n\n<figure class=\"wp-block-image size-full\"><img loading=\"lazy\" width=\"1440\" height=\"1307\" src=\"https:\/\/floride.fr\/wp-content\/uploads\/2023\/03\/street-gad15df832_1920-1.jpg\" alt=\"\" class=\"wp-image-9153\" srcset=\"https:\/\/floride.fr\/wp-content\/uploads\/2023\/03\/street-gad15df832_1920-1.jpg 1440w, https:\/\/floride.fr\/wp-content\/uploads\/2023\/03\/street-gad15df832_1920-1-300x272.jpg 300w, https:\/\/floride.fr\/wp-content\/uploads\/2023\/03\/street-gad15df832_1920-1-1024x929.jpg 1024w, https:\/\/floride.fr\/wp-content\/uploads\/2023\/03\/street-gad15df832_1920-1-768x697.jpg 768w\" sizes=\"(max-width: 1440px) 100vw, 1440px\" \/><\/figure>\n<\/figure>\n<\/div>\n\n\n\n<div class=\"wp-block-column is-vertically-aligned-top\">\n<h2 class=\"has-couleur-4-color has-text-color\" id=\"collioure-cite-des-peintres-les-sites-incontournables-a-visiter-2\">Collioure city of the painters, the sites not to be missed!<\/h2>\n\n\n\n<p>The history of <strong>Collioure<\/strong> goes back to prehistoric times. At that time, its cliffs, the richness of its fauna, offered an appreciable living environment to our ancestors. Being able to take refuge in caves located on cliffs, to feed themselves easily, they had made it a privileged place of occupation. It was then a port with a very important activity and <strong>fortified<\/strong> in the XVII century <strong>by Vauban<\/strong> himself. Its castle as well as other historical monuments testify to its prestigious past. <strong>The church of Notre-Dame des Anges<\/strong> remains a marvel of purity to be photographed at dawn. Famous painters such as Matisse, Degain or Picasso have stayed in its walls and immortalized it, which is why it is known as the <strong>city of painters<\/strong>. Time has maintained this city in a preserved natural environment. It is indeed part of the Natura 2000 sites. When you go to discover its most beautiful sites, you are guaranteed to come across protected species. Whether you are an avid hiker, a nature diver or simply a lover of unusual places, you will fall under the spell of this site with a thousand attractions.<\/p>\n<\/div>\n<\/div>\n\n\n\n<div style=\"height:50px\" aria-hidden=\"true\" class=\"wp-block-spacer\"><\/div>\n\n\n\n<h2 id=\"vivez-la-nature-a-pleins-poumons-en-camping\">Experience nature at its best while camping!<\/h2>\n\n\n\n<p>Collioure and its coastline are among the<a href=\"https:\/\/floride.fr\/plus-beaux-endroits-pyrenees-orientales\/\"> most beautiful spots in the Pyr\u00e9n\u00e9es-Orientales<\/a> and offer endless opportunities for exploration. To relax after these intense days, what better than our <strong>vacation village in Collioure<\/strong>. Browse our<a href=\"https:\/\/floride.fr\/en\/rentals\/\"> range of holiday rentals in the Pyr\u00e9n\u00e9es-Orientales<\/a> to find the perfect accommodation for you: from luxurious chalets with a hot tub to quirky Hawaiian-style huts and cosy caravans that are perfect for getting away from it all. Our campsite deploys many resources in terms of variety of accommodations with also mobile homes equipped to accommodate people with reduced mobility. For <a href=\"https:\/\/floride.fr\/en\/locations\/\">tent and caravan sites<\/a>, we install them <strong>as close as possible to the sea<\/strong>, in an exceptional setting in order to ensure you a stay in the best conditions. Our 5 star campsite offers you a wide range of services with all the comforts of home without having to leave the vacation village. .All your needs are met between <strong>supermarket<\/strong> strong <strong>hairdresser<\/strong> or game room. Our staff is at your service to find the best solutions to make your stay with us a unique moment.<\/p>\n\n\n\n<h2 id=\"des-equipements-de-qualite-dans-les-pyrenees-orientales\">Quality equipment in the Pyr\u00e9n\u00e9es Orientales <\/h2>\n\n\n\n<p>To complete your day, our water <a href=\"https:\/\/floride.fr\/en\/water-park\/\">park near Collioure of 4 700 m2 welcomes<\/a> you in complete freedom! Its <strong>slides<\/strong>, its incredible pentagliss, its counter-current rivers, everything is designed to multiply the experiences with water in all its states. For those who are looking for relaxation, <strong>heated pools<\/strong>, <strong>jacuzzis<\/strong> or <strong>paddling pools<\/strong> are really the place to be. The youngest will practice safely to become experienced swimmers. Take advantage of all the possibilities offered by this exceptional place to raise your coefficient of pure shared happiness. In addition to all these pools where you let yourself be overwhelmed with pleasure, you have the possibility of practicing other <a href=\"https:\/\/floride.fr\/en\/activities-animations\/\">sports or relaxation activities<\/a> in our dedicated areas. Whatever your desires, we put at your disposal structures and equipment that will not leave you indifferent. With family or friends, your stay is under the sign of paradise!<\/p>\n\n\n\n<figure class=\"wp-block-gallery has-nested-images columns-6 is-cropped diaporama--3\">\n<figure class=\"wp-block-image size-large\"><img loading=\"lazy\" width=\"1500\" height=\"1000\" src=\"https:\/\/floride.fr\/wp-content\/uploads\/2022\/05\/IMG_1089.jpg\" alt=\"\" class=\"wp-image-4505\" srcset=\"https:\/\/floride.fr\/wp-content\/uploads\/2022\/05\/IMG_1089.jpg 1500w, https:\/\/floride.fr\/wp-content\/uploads\/2022\/05\/IMG_1089-300x200.jpg 300w, https:\/\/floride.fr\/wp-content\/uploads\/2022\/05\/IMG_1089-1024x683.jpg 1024w, https:\/\/floride.fr\/wp-content\/uploads\/2022\/05\/IMG_1089-768x512.jpg 768w\" sizes=\"(max-width: 1500px) 100vw, 1500px\" \/><\/figure>\n\n\n\n<figure class=\"wp-block-image size-large\"><img loading=\"lazy\" width=\"2560\" height=\"1707\" src=\"https:\/\/floride.fr\/wp-content\/uploads\/2022\/05\/media-88995876-004-2-scaled.jpg\" alt=\"\" class=\"wp-image-4219\" srcset=\"https:\/\/floride.fr\/wp-content\/uploads\/2022\/05\/media-88995876-004-2-scaled.jpg 2560w, https:\/\/floride.fr\/wp-content\/uploads\/2022\/05\/media-88995876-004-2-300x200.jpg 300w, https:\/\/floride.fr\/wp-content\/uploads\/2022\/05\/media-88995876-004-2-1024x683.jpg 1024w, https:\/\/floride.fr\/wp-content\/uploads\/2022\/05\/media-88995876-004-2-768x512.jpg 768w, https:\/\/floride.fr\/wp-content\/uploads\/2022\/05\/media-88995876-004-2-1536x1024.jpg 1536w, https:\/\/floride.fr\/wp-content\/uploads\/2022\/05\/media-88995876-004-2-2048x1365.jpg 2048w\" sizes=\"(max-width: 2560px) 100vw, 2560px\" \/><\/figure>\n\n\n\n<figure class=\"wp-block-image size-large\"><img loading=\"lazy\" width=\"2560\" height=\"1703\" src=\"https:\/\/floride.fr\/wp-content\/uploads\/2022\/05\/PISCINE-COUVERTE-AQUAGYM-0692-scaled.jpg\" alt=\"\" class=\"wp-image-4038\" srcset=\"https:\/\/floride.fr\/wp-content\/uploads\/2022\/05\/PISCINE-COUVERTE-AQUAGYM-0692-scaled.jpg 2560w, https:\/\/floride.fr\/wp-content\/uploads\/2022\/05\/PISCINE-COUVERTE-AQUAGYM-0692-300x200.jpg 300w, https:\/\/floride.fr\/wp-content\/uploads\/2022\/05\/PISCINE-COUVERTE-AQUAGYM-0692-1024x681.jpg 1024w, https:\/\/floride.fr\/wp-content\/uploads\/2022\/05\/PISCINE-COUVERTE-AQUAGYM-0692-768x511.jpg 768w, https:\/\/floride.fr\/wp-content\/uploads\/2022\/05\/PISCINE-COUVERTE-AQUAGYM-0692-1536x1022.jpg 1536w, https:\/\/floride.fr\/wp-content\/uploads\/2022\/05\/PISCINE-COUVERTE-AQUAGYM-0692-2048x1363.jpg 2048w\" sizes=\"(max-width: 2560px) 100vw, 2560px\" \/><\/figure>\n\n\n\n<figure class=\"wp-block-image size-large\"><img loading=\"lazy\" width=\"1194\" height=\"794\" src=\"https:\/\/floride.fr\/wp-content\/uploads\/2022\/05\/tente-2-1.jpg\" alt=\"\" class=\"wp-image-3825\" srcset=\"https:\/\/floride.fr\/wp-content\/uploads\/2022\/05\/tente-2-1.jpg 1194w, https:\/\/floride.fr\/wp-content\/uploads\/2022\/05\/tente-2-1-300x199.jpg 300w, https:\/\/floride.fr\/wp-content\/uploads\/2022\/05\/tente-2-1-1024x681.jpg 1024w, https:\/\/floride.fr\/wp-content\/uploads\/2022\/05\/tente-2-1-768x511.jpg 768w\" sizes=\"(max-width: 1194px) 100vw, 1194px\" \/><\/figure>\n\n\n\n<figure class=\"wp-block-image size-large\"><img loading=\"lazy\" width=\"2560\" height=\"1703\" src=\"https:\/\/floride.fr\/wp-content\/uploads\/2022\/05\/EMPLACEMENT-CAMPING-CAR-1112-scaled.jpg\" alt=\"\" class=\"wp-image-3553\" srcset=\"https:\/\/floride.fr\/wp-content\/uploads\/2022\/05\/EMPLACEMENT-CAMPING-CAR-1112-scaled.jpg 2560w, https:\/\/floride.fr\/wp-content\/uploads\/2022\/05\/EMPLACEMENT-CAMPING-CAR-1112-300x200.jpg 300w, https:\/\/floride.fr\/wp-content\/uploads\/2022\/05\/EMPLACEMENT-CAMPING-CAR-1112-1024x681.jpg 1024w, https:\/\/floride.fr\/wp-content\/uploads\/2022\/05\/EMPLACEMENT-CAMPING-CAR-1112-768x511.jpg 768w, https:\/\/floride.fr\/wp-content\/uploads\/2022\/05\/EMPLACEMENT-CAMPING-CAR-1112-1536x1022.jpg 1536w, https:\/\/floride.fr\/wp-content\/uploads\/2022\/05\/EMPLACEMENT-CAMPING-CAR-1112-2048x1363.jpg 2048w\" sizes=\"(max-width: 2560px) 100vw, 2560px\" \/><\/figure>\n\n\n\n<figure class=\"wp-block-image size-large\"><img loading=\"lazy\" width=\"2560\" height=\"1707\" src=\"https:\/\/floride.fr\/wp-content\/uploads\/2022\/05\/A7R5910-1-scaled.jpg\" alt=\"\" class=\"wp-image-3543\" srcset=\"https:\/\/floride.fr\/wp-content\/uploads\/2022\/05\/A7R5910-1-scaled.jpg 2560w, https:\/\/floride.fr\/wp-content\/uploads\/2022\/05\/A7R5910-1-300x200.jpg 300w, https:\/\/floride.fr\/wp-content\/uploads\/2022\/05\/A7R5910-1-1024x683.jpg 1024w, https:\/\/floride.fr\/wp-content\/uploads\/2022\/05\/A7R5910-1-768x512.jpg 768w, https:\/\/floride.fr\/wp-content\/uploads\/2022\/05\/A7R5910-1-1536x1024.jpg 1536w, https:\/\/floride.fr\/wp-content\/uploads\/2022\/05\/A7R5910-1-2048x1365.jpg 2048w\" sizes=\"(max-width: 2560px) 100vw, 2560px\" \/><\/figure>\n<\/figure>\n\n\n\n<div style=\"height:50px\" aria-hidden=\"true\" class=\"wp-block-spacer\"><\/div>\n\n\n\n<div class=\"wp-block-columns\">\n<div class=\"wp-block-column\">\n<h2 class=\"has-couleur-4-color has-text-color\" id=\"collioure-cite-des-peintres-les-sites-incontournables-a-visiter-2\">Explore the surroundings of Collioure from your vacation village Le Floride<\/h2>\n\n\n\n<p>Le Floride, a 5-star campsite in the Pyr\u00e9n\u00e9es-Orientales, is undoubtedly the holiday destination you\u2019ve always dreamed of. Come and confront your dreams with reality by staying with us. You will see that it can sometimes exceed the wildest dreams. <strong>In Collioure and its surroundings<\/strong>, you will be able to explore in all tranquillity sites of great beauty! From our campsite in Barcar\u00e8s, the must-see towns of the Pyr\u00e9n\u00e9es-Orientales are within easy reach. Come and discover the Catalan capital and the kingdom of Majorca in <a href=\"https:\/\/floride.fr\/en\/perpignan\/\">Perpignan<\/a>, the rocky and sandy coast in <a href=\"https:\/\/floride.fr\/en\/argeles-sur-mer\/\">Argel\u00e8s sur Mer,<\/a> <strong>Torreilles<\/strong> or <a href=\"https:\/\/floride.fr\/en\/barcares\/\">Port Barcar\u00e8s<\/a>. Id\u00e9alement situ\u00e9 <strong>aux portes de l&#8217;Aude<\/strong> sur <strong>le littoral m\u00e9diterran\u00e9en<\/strong>, des lieux d&#8217;exceptions naturels et historiques vous attendent en <strong>Roussillon<\/strong> tout pr\u00e8s de votre location. Travel along the coast from north to south, exploring the <a href=\"https:\/\/floride.fr\/tourisme\/plus-belles-plages-pyrenees-orientales\/\">most beautiful beaches of the Pyr\u00e9n\u00e9es-Orientales<\/a> as you pass through unspoilt or bustling seaside resorts, with protected lagoons such as those in <a href=\"https:\/\/floride.fr\/en\/leucate\/\">Leucate<\/a>, near Narbonne, or Marseillan-S\u00e8te \u2013 less than 90 minutes\u2019 drive from the campsite. <\/p>\n<\/div>\n\n\n\n<div class=\"wp-block-column\">\n<figure class=\"wp-block-gallery has-nested-images columns-default is-cropped\">\n<figure class=\"wp-block-image size-full\"><img loading=\"lazy\" width=\"1275\" height=\"1027\" src=\"https:\/\/floride.fr\/wp-content\/uploads\/2023\/03\/boat-geba3047d5_1920.jpg\" alt=\"\" class=\"wp-image-9139\" srcset=\"https:\/\/floride.fr\/wp-content\/uploads\/2023\/03\/boat-geba3047d5_1920.jpg 1275w, https:\/\/floride.fr\/wp-content\/uploads\/2023\/03\/boat-geba3047d5_1920-300x242.jpg 300w, https:\/\/floride.fr\/wp-content\/uploads\/2023\/03\/boat-geba3047d5_1920-1024x825.jpg 1024w, https:\/\/floride.fr\/wp-content\/uploads\/2023\/03\/boat-geba3047d5_1920-768x619.jpg 768w\" sizes=\"(max-width: 1275px) 100vw, 1275px\" \/><\/figure>\n<\/figure>\n<\/div>\n<\/div>\n\n\n\n<div style=\"height:100px\" aria-hidden=\"true\" class=\"wp-block-spacer\"><\/div>\n<\/div><\/div>\n","protected":false},"excerpt":{"rendered":"<p>Your vacation village in Collioure, a paradise within your reach Does the name Collioure make you dream ? This jewel of the Pyr\u00e9n\u00e9es-Orientales has attracted many artists and welcomes many tourists each year. Our 5-star campsite, Le Floride \u2013 a holiday village just 40 minutes from Collioure \u2013 is the perfect place from which to [&hellip;]<\/p>\n","protected":false},"author":1,"featured_media":0,"parent":0,"menu_order":0,"comment_status":"closed","ping_status":"closed","template":"","meta":[],"acf":[],"_links":{"self":[{"href":"https:\/\/floride.fr\/en\/wp-json\/wp\/v2\/pages\/8453"}],"collection":[{"href":"https:\/\/floride.fr\/en\/wp-json\/wp\/v2\/pages"}],"about":[{"href":"https:\/\/floride.fr\/en\/wp-json\/wp\/v2\/types\/page"}],"author":[{"embeddable":true,"href":"https:\/\/floride.fr\/en\/wp-json\/wp\/v2\/users\/1"}],"replies":[{"embeddable":true,"href":"https:\/\/floride.fr\/en\/wp-json\/wp\/v2\/comments?post=8453"}],"version-history":[{"count":3,"href":"https:\/\/floride.fr\/en\/wp-json\/wp\/v2\/pages\/8453\/revisions"}],"predecessor-version":[{"id":16308,"href":"https:\/\/floride.fr\/en\/wp-json\/wp\/v2\/pages\/8453\/revisions\/16308"}],"wp:attachment":[{"href":"https:\/\/floride.fr\/en\/wp-json\/wp\/v2\/media?parent=8453"}],"curies":[{"name":"wp","href":"https:\/\/api.w.org\/{rel}","templated":true}]}}