{"id":8487,"date":"2023-02-03T15:20:00","date_gmt":"2023-02-03T14:20:00","guid":{"rendered":"https:\/\/floride.fr\/mobile-home-rental-eastern-pyrenees\/"},"modified":"2025-11-05T13:36:47","modified_gmt":"2025-11-05T12:36:47","slug":"mobile-home-rental-eastern-pyrenees","status":"publish","type":"page","link":"https:\/\/floride.fr\/en\/mobile-home-rental-eastern-pyrenees\/","title":{"rendered":"Mobile home rental in the Pyr\u00e9n\u00e9es-Orientales"},"content":{"rendered":"\n<figure class=\"wp-block-image alignfull size-large F-00-b\"><img loading=\"lazy\" width=\"1024\" height=\"682\" src=\"https:\/\/floride.fr\/wp-content\/uploads\/2022\/05\/01-FLORIDE-TEST-L-FIN-0258-1024x682.jpg\" alt=\"Mobile home rental eastern pyrenees in florida and l'embouchure\" class=\"wp-image-3849\" srcset=\"https:\/\/floride.fr\/wp-content\/uploads\/2022\/05\/01-FLORIDE-TEST-L-FIN-0258-1024x682.jpg 1024w, https:\/\/floride.fr\/wp-content\/uploads\/2022\/05\/01-FLORIDE-TEST-L-FIN-0258-300x200.jpg 300w, https:\/\/floride.fr\/wp-content\/uploads\/2022\/05\/01-FLORIDE-TEST-L-FIN-0258-768x511.jpg 768w, https:\/\/floride.fr\/wp-content\/uploads\/2022\/05\/01-FLORIDE-TEST-L-FIN-0258-1536x1022.jpg 1536w, https:\/\/floride.fr\/wp-content\/uploads\/2022\/05\/01-FLORIDE-TEST-L-FIN-0258-2048x1363.jpg 2048w\" sizes=\"(max-width: 1024px) 100vw, 1024px\" \/><\/figure>\n\n<h1 class=\"has-text-align-center has-couleur-1-color has-text-color\" id=\"location-de-mobil-home-dans-les-pyrenees-orientales-camping-le-floride\">Mobile home rental in the Eastern Pyrenees : camping Le Floride<\/h1>\n\n<p class=\"has-text-align-center\">The campsite Le Floride in Barcar\u00e8s (66) is <strong>a top-of-the-range 5-star establishment.<\/strong> Si vous \u00eates \u00e0 la recherche d\u2019une exp\u00e9rience de camping sans pour autant n\u00e9gliger votre confort, vous serez ravis de d\u00e9couvrir nos <a href=\"https:\/\/floride.fr\/en\/rentals\/\">locations de vacances \u00e0 Barcar\u00e8s<\/a> et notamment nos <strong>mobil-homes<\/strong>. These are spread around the campsite so that you can choose the site that suits you best. Enjoy a v<strong>acation in the sun in the south of France<\/strong> in a campsite that has all the features of a vacation village. For a total change of scenery, we take you to a tropical universe in the heart of Polynesia where you can discover all kinds of animations specially designed for you. A 360\u00b0 experience completed by a huge water park at your disposal. Something to satisfy young and old alike in a prime location between the sea and the river in the heart of the Pyr\u00e9n\u00e9es-Orientales.<\/p>\n\n<h2 id=\"decouvrez-nos-locations-de-mobil-homes-de-2-a-8-personnes-a-proximite-de-perpignan\">Discover our mobile home rentals from 2 to 8 people near Perpignan<\/h2>\n\n<p>If you are looking for a unique campsite offering exceptional accommodation, come and visit our mobile homes in Barcar\u00e8s in the Pyr\u00e9n\u00e9es-Orientales. To meet your needs, we offer different types, but also with different exposures. You will be able to put yourself as close as possible to the sea to be a few steps away from the beaches or get closer to our <a href=\"https:\/\/floride.fr\/en\/water-park\/\">water park near Perpignan<\/a> in order to make the most of the attractions while being able to return to your mobile home as you wish.<\/p>\n\n<div class=\"wp-container-69d0fb86a388c wp-block-group F-15-a\"><div class=\"wp-block-group__inner-container\">\n<h3 class=\"has-couleur-4-color has-text-color\" id=\"des-mobil-homes-pour-tous-vos-besoins\">Mobile homes for all your needs<\/h3>\n\n\n\n<p>These accommodations can be adapted in every way to your needs, but also to the number of holidaymakers. <\/p>\n\n\n\n<ul><li>The Ciela Confort 1-bedroom mobile home is an economical 20m\u00b2 model designed for 2 people. It is however possible to use the convertible sofa to allow 4 people to sleep.<\/li><li>The Ciela Confort PMR mobile home is designed in accordance with the accessibility criteria recommended by the Tourism and Disability Association. It is a 32m2 model that can accommodate 4 people. Once again, it is possible to add two more people thanks to the convertible sofa.<\/li><li>The Ciela Confort 3-bedroom mobile home for 6\/8 people is a 33m\u00b2 model that allows pets and offers 3 beautiful bedrooms. Ideal for large families or large groups.<\/li><li>The Ciela Prestige 3-bedroom mobile home is designed for those who love comfort and camping with a touch of luxury. This 40m2 suite has all the space you need with 3 bedrooms and a large living area.<\/li><li>The Ciela Confort mobile home with 2 bedrooms for 4\u20136 people offers a spacious 32 m\u00b2 of living space with a private semi-covered terrace. The mobile home is ideally designed for 4 people, but can accommodate up to 6 people.<\/li><li>The Ciela Comfort mobile home with two bedrooms for four people offers everything a small family needs. There are two bedrooms with a double bed and two small ones, but also a kitchen open to a beautiful living space. It will seduce young and old with its semi-covered terrace to enjoy it regardless of the weather.<\/li><li>The Ciela Comfort Compact 2-bedroom mobile home stands out for its private outdoor space. You will be able to eat with your family or friends around an outdoor table. Ideal when you want to spend a convivial moment when the weather is nice.<\/li><li>The Ciela Confort 3-bedroom mobile home for 6 people is the XXL version of the Quatro, with an additional bedroom to accommodate 6 people.<\/li><\/ul>\n\n\n\n<figure class=\"wp-block-gallery has-nested-images columns-6 is-cropped diaporama--3\">\n<figure class=\"wp-block-image size-large\"><img loading=\"lazy\" width=\"2560\" height=\"1707\" src=\"https:\/\/floride.fr\/wp-content\/uploads\/2022\/10\/A7R5561-scaled.jpg\" alt=\"Holiday rental in Le Barcar&#xE8;s: mobile home and unusual accommodation at the Floride campsite\" class=\"wp-image-7058\" srcset=\"https:\/\/floride.fr\/wp-content\/uploads\/2022\/10\/A7R5561-scaled.jpg 2560w, https:\/\/floride.fr\/wp-content\/uploads\/2022\/10\/A7R5561-300x200.jpg 300w, https:\/\/floride.fr\/wp-content\/uploads\/2022\/10\/A7R5561-1024x683.jpg 1024w, https:\/\/floride.fr\/wp-content\/uploads\/2022\/10\/A7R5561-768x512.jpg 768w, https:\/\/floride.fr\/wp-content\/uploads\/2022\/10\/A7R5561-1536x1024.jpg 1536w, https:\/\/floride.fr\/wp-content\/uploads\/2022\/10\/A7R5561-2048x1365.jpg 2048w\" sizes=\"(max-width: 2560px) 100vw, 2560px\" \/><\/figure>\n\n\n\n<figure class=\"wp-block-image size-large\"><img loading=\"lazy\" width=\"2560\" height=\"1707\" src=\"https:\/\/floride.fr\/wp-content\/uploads\/2022\/10\/A7R5274-scaled.jpg\" alt=\"\" class=\"wp-image-6979\" srcset=\"https:\/\/floride.fr\/wp-content\/uploads\/2022\/10\/A7R5274-scaled.jpg 2560w, https:\/\/floride.fr\/wp-content\/uploads\/2022\/10\/A7R5274-300x200.jpg 300w, https:\/\/floride.fr\/wp-content\/uploads\/2022\/10\/A7R5274-1024x683.jpg 1024w, https:\/\/floride.fr\/wp-content\/uploads\/2022\/10\/A7R5274-768x512.jpg 768w, https:\/\/floride.fr\/wp-content\/uploads\/2022\/10\/A7R5274-1536x1024.jpg 1536w, https:\/\/floride.fr\/wp-content\/uploads\/2022\/10\/A7R5274-2048x1365.jpg 2048w\" sizes=\"(max-width: 2560px) 100vw, 2560px\" \/><\/figure>\n\n\n\n<figure class=\"wp-block-image size-large\"><img loading=\"lazy\" width=\"2560\" height=\"1707\" src=\"https:\/\/floride.fr\/wp-content\/uploads\/2022\/10\/A7R5391-scaled.jpg\" alt=\"\" class=\"wp-image-6995\" srcset=\"https:\/\/floride.fr\/wp-content\/uploads\/2022\/10\/A7R5391-scaled.jpg 2560w, https:\/\/floride.fr\/wp-content\/uploads\/2022\/10\/A7R5391-300x200.jpg 300w, https:\/\/floride.fr\/wp-content\/uploads\/2022\/10\/A7R5391-1024x683.jpg 1024w, https:\/\/floride.fr\/wp-content\/uploads\/2022\/10\/A7R5391-768x512.jpg 768w, https:\/\/floride.fr\/wp-content\/uploads\/2022\/10\/A7R5391-1536x1024.jpg 1536w, https:\/\/floride.fr\/wp-content\/uploads\/2022\/10\/A7R5391-2048x1365.jpg 2048w\" sizes=\"(max-width: 2560px) 100vw, 2560px\" \/><\/figure>\n\n\n\n<figure class=\"wp-block-image size-large\"><img loading=\"lazy\" width=\"2400\" height=\"1600\" src=\"https:\/\/floride.fr\/wp-content\/uploads\/2022\/10\/IMG_6231.jpg\" alt=\"\" class=\"wp-image-7031\" srcset=\"https:\/\/floride.fr\/wp-content\/uploads\/2022\/10\/IMG_6231.jpg 2400w, https:\/\/floride.fr\/wp-content\/uploads\/2022\/10\/IMG_6231-300x200.jpg 300w, https:\/\/floride.fr\/wp-content\/uploads\/2022\/10\/IMG_6231-1024x683.jpg 1024w, https:\/\/floride.fr\/wp-content\/uploads\/2022\/10\/IMG_6231-768x512.jpg 768w, https:\/\/floride.fr\/wp-content\/uploads\/2022\/10\/IMG_6231-1536x1024.jpg 1536w, https:\/\/floride.fr\/wp-content\/uploads\/2022\/10\/IMG_6231-2048x1365.jpg 2048w\" sizes=\"(max-width: 2400px) 100vw, 2400px\" \/><\/figure>\n\n\n\n<figure class=\"wp-block-image size-large\"><img loading=\"lazy\" width=\"2400\" height=\"1600\" src=\"https:\/\/floride.fr\/wp-content\/uploads\/2022\/10\/IMG_6215.jpg\" alt=\"\" class=\"wp-image-7038\" srcset=\"https:\/\/floride.fr\/wp-content\/uploads\/2022\/10\/IMG_6215.jpg 2400w, https:\/\/floride.fr\/wp-content\/uploads\/2022\/10\/IMG_6215-300x200.jpg 300w, https:\/\/floride.fr\/wp-content\/uploads\/2022\/10\/IMG_6215-1024x683.jpg 1024w, https:\/\/floride.fr\/wp-content\/uploads\/2022\/10\/IMG_6215-768x512.jpg 768w, https:\/\/floride.fr\/wp-content\/uploads\/2022\/10\/IMG_6215-1536x1024.jpg 1536w, https:\/\/floride.fr\/wp-content\/uploads\/2022\/10\/IMG_6215-2048x1365.jpg 2048w\" sizes=\"(max-width: 2400px) 100vw, 2400px\" \/><\/figure>\n\n\n\n<figure class=\"wp-block-image size-large\"><img loading=\"lazy\" width=\"1024\" height=\"683\" src=\"https:\/\/floride.fr\/wp-content\/uploads\/2022\/10\/130-camping-le-floride-1024px.jpg\" alt=\"\" class=\"wp-image-6972\" srcset=\"https:\/\/floride.fr\/wp-content\/uploads\/2022\/10\/130-camping-le-floride-1024px.jpg 1024w, https:\/\/floride.fr\/wp-content\/uploads\/2022\/10\/130-camping-le-floride-1024px-300x200.jpg 300w, https:\/\/floride.fr\/wp-content\/uploads\/2022\/10\/130-camping-le-floride-1024px-768x512.jpg 768w\" sizes=\"(max-width: 1024px) 100vw, 1024px\" \/><figcaption>campsite le floride<\/figcaption><\/figure>\n<\/figure>\n\n\n\n<div class=\"wp-container-69d0fb86a35e2 wp-block-buttons\">\n<div class=\"wp-block-button btn_resa\"><a class=\"wp-block-button__link has-couleur-2-background-color has-background\"><i class=\"fal fa-search\"><\/i> Book<\/a><\/div>\n<\/div>\n<\/div><\/div>\n\n<div class=\"wp-container-69d0fb86a3ce5 wp-block-group F-20-a\"><div class=\"wp-block-group__inner-container\">\n<div class=\"wp-block-columns\">\n<div class=\"wp-block-column\" style=\"flex-basis:50%\">\n<p class=\"titre2 display-none has-couleur-2-color has-text-color\">The assets of our 5 star campsite !<\/p>\n\n\n\n<h3 class=\"display-none\" id=\"une-formule-premium-pour-parfaire-votre-experience-au-camping-le-floride\">A premium package to complete your experience at Le Floride campground<\/h3>\n\n\n\n<p class=\"display-none\">In addition to the choice of mobile home, you can opt for a <strong>premium option<\/strong> to enhance the comfort of your stay. Go to your reservation area to add this <strong>hotel service<\/strong> to your mobile home stay. You will be provided with a welcome kit, a welcome gift and beds made upon arrival. Sheets, towels and a complete cleaning will be done every week.<\/p>\n\n\n\n<h3 id=\"un-service-de-location-de-camping-avec-jacuzzi-privatif-en-languedoc-roussillon\">A rental service of campsite with private Jacuzzi in Languedoc Roussillon<\/h3>\n\n\n\n<p>For those who enjoy luxury camping, you can discover our Ciela Exception Spa mobile homes. These structures can accommodate up to 8 people. You can also enjoy the <strong>spa<\/strong> on the terrace to relax. Ideal when it&#8217;s hot or when you want to share a relaxing moment.<\/p>\n<\/div>\n\n\n\n<div class=\"wp-block-column\" style=\"flex-basis:50%\">\n<figure class=\"wp-block-gallery has-nested-images columns-default is-cropped deco-fleur2 deco-rectangle1\">\n<figure class=\"wp-block-image size-full\"><img loading=\"lazy\" width=\"1000\" height=\"667\" src=\"https:\/\/floride.fr\/wp-content\/uploads\/2022\/03\/Photo-interieur-6.jpg\" alt=\"Camping haut de gamme avec location de vacances au Barcar&#xE8;s\" class=\"wp-image-862\" srcset=\"https:\/\/floride.fr\/wp-content\/uploads\/2022\/03\/Photo-interieur-6.jpg 1000w, https:\/\/floride.fr\/wp-content\/uploads\/2022\/03\/Photo-interieur-6-300x200.jpg 300w, https:\/\/floride.fr\/wp-content\/uploads\/2022\/03\/Photo-interieur-6-768x512.jpg 768w\" sizes=\"(max-width: 1000px) 100vw, 1000px\" \/><\/figure>\n\n\n\n<figure class=\"wp-block-image size-full\"><img loading=\"lazy\" width=\"2000\" height=\"1305\" src=\"https:\/\/floride.fr\/wp-content\/uploads\/2022\/03\/DSC_0827-arrangee-PT.jpg\" alt=\"Camping with spa in languedoc roussillon, suite riviera\" class=\"wp-image-857\" srcset=\"https:\/\/floride.fr\/wp-content\/uploads\/2022\/03\/DSC_0827-arrangee-PT.jpg 2000w, https:\/\/floride.fr\/wp-content\/uploads\/2022\/03\/DSC_0827-arrangee-PT-300x196.jpg 300w, https:\/\/floride.fr\/wp-content\/uploads\/2022\/03\/DSC_0827-arrangee-PT-1024x668.jpg 1024w, https:\/\/floride.fr\/wp-content\/uploads\/2022\/03\/DSC_0827-arrangee-PT-768x501.jpg 768w, https:\/\/floride.fr\/wp-content\/uploads\/2022\/03\/DSC_0827-arrangee-PT-1536x1002.jpg 1536w\" sizes=\"(max-width: 2000px) 100vw, 2000px\" \/><\/figure>\n<\/figure>\n<\/div>\n<\/div>\n<\/div><\/div>\n\n<section class=\"wp-container-69d0fb86a4077 wp-block-group F-15-a vague-top ligne1-top has-bg-1-background-color has-background\"><div class=\"wp-block-group__inner-container\">\n<div class=\"wp-block-media-text is-stacked-on-mobile is-image-fill\"><figure class=\"wp-block-media-text__media\" style=\"background-image:url(https:\/\/floride.fr\/wp-content\/uploads\/2022\/03\/Photo-Plage-du-Camping-Le-Floride-au-Barcares-en-bord-de-mer-3-1024x651.jpg);background-position:50% 50%\"><img loading=\"lazy\" width=\"1024\" height=\"651\" src=\"https:\/\/floride.fr\/wp-content\/uploads\/2022\/03\/Photo-Plage-du-Camping-Le-Floride-au-Barcares-en-bord-de-mer-3-1024x651.jpg\" alt=\"Beach of Camping Le Floride Au Barcar\u00e8s Bord De Mer pyrenees orientales\" class=\"wp-image-1693 size-full\" srcset=\"https:\/\/floride.fr\/wp-content\/uploads\/2022\/03\/Photo-Plage-du-Camping-Le-Floride-au-Barcares-en-bord-de-mer-3-1024x651.jpg 1024w, https:\/\/floride.fr\/wp-content\/uploads\/2022\/03\/Photo-Plage-du-Camping-Le-Floride-au-Barcares-en-bord-de-mer-3-300x191.jpg 300w, https:\/\/floride.fr\/wp-content\/uploads\/2022\/03\/Photo-Plage-du-Camping-Le-Floride-au-Barcares-en-bord-de-mer-3-768x488.jpg 768w, https:\/\/floride.fr\/wp-content\/uploads\/2022\/03\/Photo-Plage-du-Camping-Le-Floride-au-Barcares-en-bord-de-mer-3-1536x976.jpg 1536w, https:\/\/floride.fr\/wp-content\/uploads\/2022\/03\/Photo-Plage-du-Camping-Le-Floride-au-Barcares-en-bord-de-mer-3.jpg 1864w\" sizes=\"(max-width: 1024px) 100vw, 1024px\" \/><\/figure><div class=\"wp-block-media-text__content\">\n<h2 class=\"has-couleur-1-color has-text-color\" id=\"vos-vacances-en-bord-de-mer-dans-les-pyrenees-orientales\">Your vacations by the sea in the Eastern Pyrenees<\/h2>\n\n\n\n<p>By choosing <a href=\"https:\/\/floride.fr\/camping-pyrenees-orientales-bord-de-mer\/\">a campsite in the Pyr\u00e9n\u00e9es-Orientales<\/a> by the sea, you will enjoy direct access to Barcar\u00e8s beach on the Pyrenean coast from the campsite, just a few steps away. Nous mettons \u00e0 votre disposition une large gamme de services dans une <strong>ambiance village vacances<\/strong> afin de nous assurer que vous soyez combl\u00e9s de votre s\u00e9jour. The place also offers you the possibility to walk in the <strong>mountains of Ari\u00e8ge<\/strong> for a day, or to spend a convivial moment in the <strong>Spanish Catalonia<\/strong> not far from there. You can enhance the change of scenery to make your stay even more enjoyable by <a href=\"https:\/\/floride.fr\/en\/surroundings\/\">sightseeing in Languedoc-Roussillon<\/a>.<\/p>\n\n\n\n<div style=\"height:50px\" aria-hidden=\"true\" class=\"wp-block-spacer\"><\/div>\n<\/div><\/div>\n\n\n\n<div style=\"height:70px\" aria-hidden=\"true\" class=\"wp-block-spacer\"><\/div>\n\n\n\n<p class=\"titre3 has-couleur-1-color has-text-color\">Discover also our other accommodations: <\/p>\n\n\n\n<ul><li>Our wooden <a href=\"https:\/\/floride.fr\/en\/chalet-rental-in-pyrenees-orientales\/\">chalets in the Eastern Pyrenees<\/a><\/li><li><a href=\"https:\/\/floride.fr\/en\/unusual-rentals-in-the-pyrenees-orientales\/\">Our unusual rentals by the Mediterranean Sea<\/a><\/li><\/ul>\n\n\n\n<div style=\"height:20px\" aria-hidden=\"true\" class=\"wp-block-spacer\"><\/div>\n<\/div><\/section>\n","protected":false},"excerpt":{"rendered":"<p>Mobile home rental in the Eastern Pyrenees : camping Le Floride The campsite Le Floride in Barcar\u00e8s (66) is a top-of-the-range 5-star establishment. Si vous \u00eates \u00e0 la recherche d\u2019une exp\u00e9rience de camping sans pour autant n\u00e9gliger votre confort, vous serez ravis de d\u00e9couvrir nos locations de vacances \u00e0 Barcar\u00e8s et notamment nos mobil-homes. These [&hellip;]<\/p>\n","protected":false},"author":1,"featured_media":0,"parent":0,"menu_order":0,"comment_status":"closed","ping_status":"closed","template":"","meta":[],"acf":[],"_links":{"self":[{"href":"https:\/\/floride.fr\/en\/wp-json\/wp\/v2\/pages\/8487"}],"collection":[{"href":"https:\/\/floride.fr\/en\/wp-json\/wp\/v2\/pages"}],"about":[{"href":"https:\/\/floride.fr\/en\/wp-json\/wp\/v2\/types\/page"}],"author":[{"embeddable":true,"href":"https:\/\/floride.fr\/en\/wp-json\/wp\/v2\/users\/1"}],"replies":[{"embeddable":true,"href":"https:\/\/floride.fr\/en\/wp-json\/wp\/v2\/comments?post=8487"}],"version-history":[{"count":6,"href":"https:\/\/floride.fr\/en\/wp-json\/wp\/v2\/pages\/8487\/revisions"}],"predecessor-version":[{"id":15452,"href":"https:\/\/floride.fr\/en\/wp-json\/wp\/v2\/pages\/8487\/revisions\/15452"}],"wp:attachment":[{"href":"https:\/\/floride.fr\/en\/wp-json\/wp\/v2\/media?parent=8487"}],"curies":[{"name":"wp","href":"https:\/\/api.w.org\/{rel}","templated":true}]}}