{"id":8500,"date":"2023-02-03T16:57:30","date_gmt":"2023-02-03T15:57:30","guid":{"rendered":"https:\/\/floride.fr\/unusual-rentals-in-the-pyrenees-orientales\/"},"modified":"2025-11-05T13:55:09","modified_gmt":"2025-11-05T12:55:09","slug":"unusual-rentals-in-the-pyrenees-orientales","status":"publish","type":"page","link":"https:\/\/floride.fr\/en\/unusual-rentals-in-the-pyrenees-orientales\/","title":{"rendered":"Unusual rentals in the Pyr\u00e9n\u00e9es-Orientales"},"content":{"rendered":"\n<figure class=\"wp-block-image alignfull size-full F-00-b\"><img src=\"https:\/\/floride.fr\/wp-content\/uploads\/2022\/10\/&#xA9;AlexAbdoun-AmbianceCamping-010.jpg\" alt=\"Unusual rentals at camping le floride Pyr&#xE9;n&#xE9;es Orientales\" class=\"wp-image-6965\"\/><\/figure>\n\n<h1 class=\"has-text-align-center has-couleur-1-color has-text-color\" id=\"locations-insolites-en-pyrenees-orientales\">Unusual rentals in the Pyr\u00e9n\u00e9es-Orientales<\/h1>\n\n<p class=\"has-text-align-center\">For an <strong>unusual rental in the Pyr\u00e9n\u00e9es-Orientales<\/strong>, come and discover the campsite Le Floride A 5-star establishment with high quality services that offers a direct access to the beach and a varied range of <a href=\"https:\/\/floride.fr\/en\/rentals\/\">rentals in Barcar\u00e8s.<\/a> The campsite will give you a total change of scenery by offering you a 360\u00b0 experience. Dive into the heart of Polynesia in a unique atmosphere and setting, but also discover <strong>unusual places to spend unique nights.<\/strong> Then you can enjoy the huge water park as well as the many services in a privileged place between sea and river.<\/p>\n\n<h2 id=\"des-vacances-dans-les-pyrenees-orientales-placees-sous-le-signe-du-depaysement\">Holidays in the Pyr\u00e9n\u00e9es Orientales with a change of scenery<\/h2>\n\n<p>At Camping Le Floride, you will find all the facilities you need for an unforgettable stay. Its wide open spaces and unique architecture make it a real <strong>holiday village in Barcar\u00e8s<\/strong> to delight young and old. All this in a Polynesian atmosphere that takes you to the ends of the earth, just a few hours&#8217; drive from home. If you want to spend <strong>an unusual night in the Pyrenees-Orientales<\/strong>, then come and discover our unusual accommodation specially designed for you.<\/p>\n\n<div class=\"wp-container-69d1137e65cf5 wp-block-group F-05-a\"><div class=\"wp-block-group__inner-container\">\n<div class=\"wp-container-69d1137e652f2 wp-block-group\"><div class=\"wp-block-group__inner-container\">\n<div class=\"wp-block-columns\">\n<div class=\"wp-block-column\" style=\"flex-basis:50%\">\n<div style=\"height:50px\" aria-hidden=\"true\" class=\"wp-block-spacer\"><\/div>\n\n\n\n<h3 class=\"titre2 has-couleur-2-color has-text-color\" id=\"passez-une-nuit-insolite-avec-nos-cabanes-perchees-proche-de-la-mer\">Spend an unusual night with our perched cabins near the sea<\/h3>\n\n\n\n<p class=\"brush has-couleur-1-color has-text-color\" id=\"une-nuit-dans-les-arbres-au-plus-pres-de-la-nature\">The perched cabin for 2 to 4 people<\/p>\n\n\n\n<p>The camping Le Floride offers you the opportunity to spend <strong>a unique night in a wooden<\/strong> <strong>perched hut.<\/strong> A 20 m2 space designed for two people will allow you to enjoy all the comfort you need, but also a terrace to admire the view from above. A new way of camping that is much better than a tent and gives you more height. The rental of this accommodation gives you access to many camping services as well as to all our activities. You can enjoy your stay day and night at camping Le Floride.<\/p>\n\n\n\n<div style=\"height:30px\" aria-hidden=\"true\" class=\"wp-block-spacer\"><\/div>\n<\/div>\n\n\n\n<div class=\"wp-block-column is-vertically-aligned-center\" style=\"flex-basis:50%\">\n<figure class=\"wp-block-image size-large\"><img loading=\"lazy\" width=\"1024\" height=\"681\" src=\"https:\/\/floride.fr\/wp-content\/uploads\/2022\/05\/tente-2-1-1024x681.jpg\" alt=\"Unusual rental on the Mediterranean coast: the Polynesian far&#xE9;\" class=\"wp-image-3825\" srcset=\"https:\/\/floride.fr\/wp-content\/uploads\/2022\/05\/tente-2-1-1024x681.jpg 1024w, https:\/\/floride.fr\/wp-content\/uploads\/2022\/05\/tente-2-1-300x199.jpg 300w, https:\/\/floride.fr\/wp-content\/uploads\/2022\/05\/tente-2-1-768x511.jpg 768w, https:\/\/floride.fr\/wp-content\/uploads\/2022\/05\/tente-2-1.jpg 1194w\" sizes=\"(max-width: 1024px) 100vw, 1024px\" \/><\/figure>\n<\/div>\n<\/div>\n<\/div><\/div>\n\n\n\n<div class=\"wp-container-69d1137e656b2 wp-block-group\"><div class=\"wp-block-group__inner-container\">\n<div class=\"wp-block-columns\">\n<div class=\"wp-block-column is-vertically-aligned-center\" style=\"flex-basis:50%\">\n<figure class=\"wp-block-image size-full\"><img loading=\"lazy\" width=\"800\" height=\"533\" src=\"https:\/\/floride.fr\/wp-content\/uploads\/2022\/05\/Roulotte-Far-West.jpg\" alt=\"Unusual night in the Pyr&#xE9;n&#xE9;es Orientales Far West caravan\" class=\"wp-image-3838\" srcset=\"https:\/\/floride.fr\/wp-content\/uploads\/2022\/05\/Roulotte-Far-West.jpg 800w, https:\/\/floride.fr\/wp-content\/uploads\/2022\/05\/Roulotte-Far-West-300x200.jpg 300w, https:\/\/floride.fr\/wp-content\/uploads\/2022\/05\/Roulotte-Far-West-768x512.jpg 768w\" sizes=\"(max-width: 800px) 100vw, 800px\" \/><figcaption>campsite le floride<\/figcaption><\/figure>\n<\/div>\n\n\n\n<div class=\"wp-block-column\" style=\"flex-basis:50%\">\n<div style=\"height:50px\" aria-hidden=\"true\" class=\"wp-block-spacer\"><\/div>\n\n\n\n<h3 class=\"titre2 has-couleur-2-color has-text-color\" id=\"passez-une-nuit-insolite-avec-nos-cabanes-perchees-proche-de-la-mer\">Discover the Far West as you&#8217;ve never seen it before with our small caravans<\/h3>\n\n\n\n<p class=\"brush has-couleur-1-color has-text-color\" id=\"une-nuit-dans-les-arbres-au-plus-pres-de-la-nature\">The Far West Caravan for 4 persons<\/p>\n\n\n\n<p>For travel and adventure lovers, we offer <strong>small caravans inspired by the Far West.<\/strong> Also designed for 2 people, this <strong>unusual accommodation in Languedoc Roussillon<\/strong> will add a touch of adventure to your Polynesian experience. You will find all the comfort that you need in your <strong>little caravan with a bedroom, fully equipped kitchen, shower, toilet and television.<\/strong> You can then leave your cosy nest to discover the campsite and its activities, in particular the numerous water attractions which will give you a breath of fresh air after hours spent in the desert.<\/p>\n\n\n\n<div style=\"height:30px\" aria-hidden=\"true\" class=\"wp-block-spacer\"><\/div>\n<\/div>\n<\/div>\n<\/div><\/div>\n\n\n\n<div class=\"wp-container-69d1137e65a63 wp-block-group\"><div class=\"wp-block-group__inner-container\">\n<div class=\"wp-block-columns\">\n<div class=\"wp-block-column\" style=\"flex-basis:50%\">\n<div style=\"height:50px\" aria-hidden=\"true\" class=\"wp-block-spacer\"><\/div>\n\n\n\n<h3 class=\"titre2 has-couleur-2-color has-text-color\" id=\"passez-une-nuit-insolite-avec-nos-cabanes-perchees-proche-de-la-mer\">Live the Polynesian experience in a far\u00e9<\/h3>\n\n\n\n<p class=\"brush has-couleur-1-color has-text-color\" id=\"une-nuit-dans-les-arbres-au-plus-pres-de-la-nature\">The Far\u00e9 Aloha for 4 to 6 persons<\/p>\n\n\n\n<p>You like Polynesia but you want more? Live the total immersion at the campsite in a <strong>Polynesian far\u00e9.<\/strong> An <strong>ideal atypical<\/strong> accommodation that fits in with the decor of the campsite. For more immersion, all the far\u00e9s are gathered in the <strong>tiki village<\/strong> for the most immersive Polynesian experience. Discover the local traditional huts in <strong>a unique camping experience<\/strong> with all the facilities and comfort that you need. Ideal for an unusual holiday rental by the Mediterranean Sea. A far\u00e9 can accommodate up to 6 adults, but also a baby under 2 years old. Everything you need to enjoy time with the whole family while experiencing camping<a href=\"https:\/\/floride.fr\/camping-pyrenees-orientales-bord-de-mer\/\"> in the Pyr\u00e9n\u00e9es-Orientales<\/a> by the sea.<\/p>\n\n\n\n<div style=\"height:30px\" aria-hidden=\"true\" class=\"wp-block-spacer\"><\/div>\n<\/div>\n\n\n\n<div class=\"wp-block-column is-vertically-aligned-center\" style=\"flex-basis:50%\">\n<figure class=\"wp-block-image size-large\"><img loading=\"lazy\" width=\"1024\" height=\"682\" src=\"https:\/\/floride.fr\/wp-content\/uploads\/2022\/05\/fare-Aloha-1024x682.jpg\" alt=\"Nuit insolite pyr&#xE9;n&#xE9;es orientales en far&#xE9; insolite Le Floride\" class=\"wp-image-3383\" srcset=\"https:\/\/floride.fr\/wp-content\/uploads\/2022\/05\/fare-Aloha-1024x682.jpg 1024w, https:\/\/floride.fr\/wp-content\/uploads\/2022\/05\/fare-Aloha-300x200.jpg 300w, https:\/\/floride.fr\/wp-content\/uploads\/2022\/05\/fare-Aloha-768x512.jpg 768w, https:\/\/floride.fr\/wp-content\/uploads\/2022\/05\/fare-Aloha-1536x1024.jpg 1536w, https:\/\/floride.fr\/wp-content\/uploads\/2022\/05\/fare-Aloha.jpg 1772w\" sizes=\"(max-width: 1024px) 100vw, 1024px\" \/><\/figure>\n<\/div>\n<\/div>\n<\/div><\/div>\n<\/div><\/div>\n\n<section class=\"wp-container-69d1137e66394 wp-block-group F-15-a vague-top ligne1-top has-bg-1-background-color has-background\"><div class=\"wp-block-group__inner-container\">\n<p class=\"titre2 has-couleur-1-color has-text-color\" id=\"decouvrez-notre-location-la-suite-riviera-premium-un-vrai-succes\">A trip between sea and mountains at camping Le Floride<\/p>\n\n\n\n<div class=\"wp-block-media-text is-stacked-on-mobile is-image-fill\"><figure class=\"wp-block-media-text__media\" style=\"background-image:url(https:\/\/floride.fr\/wp-content\/uploads\/2022\/11\/Plage-du-Racou-Argeles-sur-mer-640-x-420.jpg);background-position:50% 50%\"><img loading=\"lazy\" width=\"640\" height=\"427\" src=\"https:\/\/floride.fr\/wp-content\/uploads\/2022\/11\/Plage-du-Racou-Argeles-sur-mer-640-x-420.jpg\" alt=\"Le Floride Le Barcar\u00e8s (66) : holiday village near Argeles Sur Mer beach \" class=\"wp-image-7276 size-full\" srcset=\"https:\/\/floride.fr\/wp-content\/uploads\/2022\/11\/Plage-du-Racou-Argeles-sur-mer-640-x-420.jpg 640w, https:\/\/floride.fr\/wp-content\/uploads\/2022\/11\/Plage-du-Racou-Argeles-sur-mer-640-x-420-300x200.jpg 300w\" sizes=\"(max-width: 640px) 100vw, 640px\" \/><\/figure><div class=\"wp-block-media-text__content\">\n<h2 class=\"titre3 has-couleur-4-color has-text-color\" id=\"faites-le-plein-d-experience-dans-les-pyrenees-orientales\">Disfruta de la experiencia en los Pirineos Orientales<\/h2>\n\n\n\n<p>To complete your <strong>experience of unusual accommodation in Languedoc-Roussillon<\/strong>, our campsite allows you to be close to many activities. You can leave your <strong>hut<\/strong>, <strong>caravan<\/strong> or <strong>far\u00e9<\/strong> and <strong>go to the sea just a few steps from the campsite.<\/strong> You can admire a beautiful view of the horizon while enjoying the calm of the water and the clean air. Lie down for a while on the sand to relax or drink your favourite cocktail and take pictures to relive those moments with your family.<\/p>\n\n\n\n<p>Have your children ever gone from the sea to the mountains in a few hours? The location of the campsite allows you to walk in the nearby <strong>Ari\u00e8ge mountains<\/strong> for <strong>a day of discovery<\/strong> in the morning and to meet for <strong>a snack on the fine sandy beaches.<\/strong> A unique contrast that adds an unusual touch to your moment. For couples, what could be better than <strong>a bike ride<\/strong> in the forest, along the beach or in the mountains for the more adventurous? There are plenty of restaurants and activities in the vicinity of the campsite that you can share to make this an important moment in your life. You&#8217;ll never see holidays in the same way again after discovering our world.<\/p>\n\n\n\n<p><\/p>\n<\/div><\/div>\n\n\n\n<p>Finally, <strong>Le Floride<\/strong> campsite also has a smiling and welcoming team that will take care of you. Come to the reception and let yourself be guided during your stay. Activities and events are at your disposal to plan your evenings, but also to have a good time with the person you love.<\/p>\n\n\n\n<div class=\"wp-container-69d1137e6608e wp-block-buttons\">\n<div class=\"wp-block-button btn_resa\"><a class=\"wp-block-button__link has-couleur-2-background-color has-background\"><i class=\"fal fa-search\"><\/i> Book<\/a><\/div>\n<\/div>\n\n\n\n<div style=\"height:50px\" aria-hidden=\"true\" class=\"wp-block-spacer\"><\/div>\n\n\n\n<p class=\"titre3 has-couleur-1-color has-text-color\">Discover also our other accommodations: <\/p>\n\n\n\n<ul><li>Our <a href=\"https:\/\/floride.fr\/en\/mobile-home-rental-eastern-pyrenees\/\">mobile homes in the Pyr\u00e9n\u00e9es Orientales<\/a><\/li><li>Our <a href=\"https:\/\/floride.fr\/en\/chalet-rental-in-pyrenees-orientales\/\">chalet rentals near Perpignan<\/a><\/li><\/ul>\n\n\n\n<div style=\"height:20px\" aria-hidden=\"true\" class=\"wp-block-spacer\"><\/div>\n<\/div><\/section>\n","protected":false},"excerpt":{"rendered":"<p>Unusual rentals in the Pyr\u00e9n\u00e9es-Orientales For an unusual rental in the Pyr\u00e9n\u00e9es-Orientales, come and discover the campsite Le Floride A 5-star establishment with high quality services that offers a direct access to the beach and a varied range of rentals in Barcar\u00e8s. The campsite will give you a total change of scenery by offering you [&hellip;]<\/p>\n","protected":false},"author":1,"featured_media":0,"parent":0,"menu_order":0,"comment_status":"closed","ping_status":"closed","template":"","meta":[],"acf":[],"_links":{"self":[{"href":"https:\/\/floride.fr\/en\/wp-json\/wp\/v2\/pages\/8500"}],"collection":[{"href":"https:\/\/floride.fr\/en\/wp-json\/wp\/v2\/pages"}],"about":[{"href":"https:\/\/floride.fr\/en\/wp-json\/wp\/v2\/types\/page"}],"author":[{"embeddable":true,"href":"https:\/\/floride.fr\/en\/wp-json\/wp\/v2\/users\/1"}],"replies":[{"embeddable":true,"href":"https:\/\/floride.fr\/en\/wp-json\/wp\/v2\/comments?post=8500"}],"version-history":[{"count":5,"href":"https:\/\/floride.fr\/en\/wp-json\/wp\/v2\/pages\/8500\/revisions"}],"predecessor-version":[{"id":15468,"href":"https:\/\/floride.fr\/en\/wp-json\/wp\/v2\/pages\/8500\/revisions\/15468"}],"wp:attachment":[{"href":"https:\/\/floride.fr\/en\/wp-json\/wp\/v2\/media?parent=8500"}],"curies":[{"name":"wp","href":"https:\/\/api.w.org\/{rel}","templated":true}]}}