{"id":2565,"date":"2022-04-21T15:52:08","date_gmt":"2022-04-21T13:52:08","guid":{"rendered":"https:\/\/floride.fr\/acceso-directo-a-la-playa\/"},"modified":"2026-03-17T11:46:30","modified_gmt":"2026-03-17T10:46:30","slug":"acceso-directo-a-la-playa","status":"publish","type":"page","link":"https:\/\/floride.fr\/es\/acceso-directo-a-la-playa\/","title":{"rendered":"Acceso directo a la playa"},"content":{"rendered":"\n<figure class=\"wp-block-image alignfull size-full F-00-b\"><img loading=\"lazy\" width=\"1920\" height=\"1440\" src=\"https:\/\/floride.fr\/wp-content\/uploads\/2025\/11\/044_Camping_Occitanie_Le_Floride_et_l_Embouchure_Ciela_Village_Drone.webp\" alt=\"\" class=\"wp-image-15626\" srcset=\"https:\/\/floride.fr\/wp-content\/uploads\/2025\/11\/044_Camping_Occitanie_Le_Floride_et_l_Embouchure_Ciela_Village_Drone.webp 1920w, https:\/\/floride.fr\/wp-content\/uploads\/2025\/11\/044_Camping_Occitanie_Le_Floride_et_l_Embouchure_Ciela_Village_Drone-300x225.webp 300w, https:\/\/floride.fr\/wp-content\/uploads\/2025\/11\/044_Camping_Occitanie_Le_Floride_et_l_Embouchure_Ciela_Village_Drone-1024x768.webp 1024w, https:\/\/floride.fr\/wp-content\/uploads\/2025\/11\/044_Camping_Occitanie_Le_Floride_et_l_Embouchure_Ciela_Village_Drone-768x576.webp 768w, https:\/\/floride.fr\/wp-content\/uploads\/2025\/11\/044_Camping_Occitanie_Le_Floride_et_l_Embouchure_Ciela_Village_Drone-1536x1152.webp 1536w\" sizes=\"(max-width: 1920px) 100vw, 1920px\" \/><\/figure>\n\n<section class=\"wp-container-69d0fe63aac86 wp-block-group F-10-a\"><div class=\"wp-block-group__inner-container\">\n<div class=\"wp-block-columns are-vertically-aligned-center\">\n<div class=\"wp-block-column is-vertically-aligned-center\">\n<h1 class=\"has-couleur-1-color has-text-color\" id=\"camping-avec-acces-direct-a-la-plage-de-barcares\">Camping en Barcar\u00e8s Plage con acceso directo al mar<\/h1>\n\n\n\n<p class=\"titre3 has-couleur-2-color has-text-color\">El mar Mediterr\u00e1neo est\u00e1 a tiro de piedra&#8230; \u00bfQu\u00e9 m\u00e1s se puede pedir?<\/p>\n\n\n\n<h2 class=\"has-couleur-4-color has-text-color\" id=\"barcares-plage-a-150-metres-a-pied-du-camping\">Barcar\u00e8s Plage a 150 metros a pie del camping<\/h2>\n\n\n\n<p id=\"la-mer-mediterranee-a-deux-pas-que-demander-de-plus-150-metres-a-pied-et-vous-etes-au-bord-de-l-eau-sur-une-plage-de-sable-fin-calme-et-accueillante-ou-la-riviere-de-l-agly-rejoint-la-grande-bleue\">\u00bfQuiere disfrutar del sol pirenaico junto al agua? En Floride 5 estrellas, nuestro camping en <a href=\"https:\/\/floride.fr\/es\/\">Barcar\u00e8s Plage,<\/a> no podr\u00eda so\u00f1ar con nada mejor. Con una ubicaci\u00f3n privilegiada a lo largo del r\u00edo Agly, el paseo mar\u00edtimo le lleva a la primera playa de Barcar\u00e8s, la Plage du Village sud. Solo hay que caminar 150 metros para llegar a la orilla del mar, a una playa de arena fina, tranquila y acogedora, donde el r\u00edo Agly se une al Mediterr\u00e1neo. Desde su <a href=\"https:\/\/floride.fr\/es\/alquiler-de-mobil-home-en-los-pirineos-orientales\/\" data-type=\"page\" data-id=\"7896\">mobil-home<\/a> totalmente equipado, estar\u00e1 alejado de las playas m\u00e1s concurridas, como la Grande Plage de Barcar\u00e8s o la playa de Lydia, en direcci\u00f3n a <a href=\"https:\/\/floride.fr\/es\/leucate\/\">Leucate<\/a>.<\/p>\n\n\n\n<p>Una puerta de acceso privada y reservada a los campistas le abre las puertas al mar y a sus placeres. Si visita <a href=\"https:\/\/floride.fr\/tourisme\/visite-le-barcares\/\" data-type=\"page\" data-id=\"12005\">Barcar\u00e8s Plage<\/a>, no resista la tentaci\u00f3n de tomar el sol, darse un ba\u00f1o o simplemente relajarse. Esta playa vigilada tambi\u00e9n est\u00e1 equipada para personas con movilidad reducida y es un lugar imprescindible para practicar vela.<br\/>Se puede acceder a ella a trav\u00e9s de la zona Embouchure del camping.<\/p>\n<\/div>\n\n\n\n<div class=\"wp-block-column is-vertically-aligned-center\">\n<figure class=\"wp-block-gallery has-nested-images columns-5 is-cropped deco-masque4 deco-rectangle2\">\n<figure class=\"wp-block-image size-large\"><img loading=\"lazy\" width=\"1024\" height=\"682\" src=\"https:\/\/floride.fr\/wp-content\/uploads\/2025\/11\/254_Camping_Occitanie_Le_Floride_et_l_Embouchure_Ciela_Village_Plage-1024x682.webp\" alt=\"\" class=\"wp-image-15872\" srcset=\"https:\/\/floride.fr\/wp-content\/uploads\/2025\/11\/254_Camping_Occitanie_Le_Floride_et_l_Embouchure_Ciela_Village_Plage-1024x682.webp 1024w, https:\/\/floride.fr\/wp-content\/uploads\/2025\/11\/254_Camping_Occitanie_Le_Floride_et_l_Embouchure_Ciela_Village_Plage-300x200.webp 300w, https:\/\/floride.fr\/wp-content\/uploads\/2025\/11\/254_Camping_Occitanie_Le_Floride_et_l_Embouchure_Ciela_Village_Plage-768x512.webp 768w, https:\/\/floride.fr\/wp-content\/uploads\/2025\/11\/254_Camping_Occitanie_Le_Floride_et_l_Embouchure_Ciela_Village_Plage.webp 1280w\" sizes=\"(max-width: 1024px) 100vw, 1024px\" \/><\/figure>\n\n\n\n<figure class=\"wp-block-image size-large\"><img loading=\"lazy\" width=\"1024\" height=\"682\" src=\"https:\/\/floride.fr\/wp-content\/uploads\/2025\/11\/256_Camping_Occitanie_Le_Floride_et_l_Embouchure_Ciela_Village_Plage-1024x682.webp\" alt=\"\" class=\"wp-image-15877\" srcset=\"https:\/\/floride.fr\/wp-content\/uploads\/2025\/11\/256_Camping_Occitanie_Le_Floride_et_l_Embouchure_Ciela_Village_Plage-1024x682.webp 1024w, https:\/\/floride.fr\/wp-content\/uploads\/2025\/11\/256_Camping_Occitanie_Le_Floride_et_l_Embouchure_Ciela_Village_Plage-300x200.webp 300w, https:\/\/floride.fr\/wp-content\/uploads\/2025\/11\/256_Camping_Occitanie_Le_Floride_et_l_Embouchure_Ciela_Village_Plage-768x512.webp 768w, https:\/\/floride.fr\/wp-content\/uploads\/2025\/11\/256_Camping_Occitanie_Le_Floride_et_l_Embouchure_Ciela_Village_Plage.webp 1280w\" sizes=\"(max-width: 1024px) 100vw, 1024px\" \/><\/figure>\n<\/figure>\n<\/div>\n<\/div>\n<\/div><\/section>\n\n<section class=\"wp-container-69d0fe63ab0f5 wp-block-group F-05-a\"><div class=\"wp-block-group__inner-container\">\n<div class=\"wp-block-columns are-vertically-aligned-center\">\n<div class=\"wp-block-column is-vertically-aligned-center\">\n<figure class=\"wp-block-gallery has-nested-images columns-4 is-cropped\">\n<figure class=\"wp-block-image size-large\"><img loading=\"lazy\" width=\"1024\" height=\"682\" src=\"https:\/\/floride.fr\/wp-content\/uploads\/2025\/11\/251_Camping_Occitanie_Le_Floride_et_l_Embouchure_Ciela_Village_Plage-1024x682.webp\" alt=\"\" class=\"wp-image-15882\" srcset=\"https:\/\/floride.fr\/wp-content\/uploads\/2025\/11\/251_Camping_Occitanie_Le_Floride_et_l_Embouchure_Ciela_Village_Plage-1024x682.webp 1024w, https:\/\/floride.fr\/wp-content\/uploads\/2025\/11\/251_Camping_Occitanie_Le_Floride_et_l_Embouchure_Ciela_Village_Plage-300x200.webp 300w, https:\/\/floride.fr\/wp-content\/uploads\/2025\/11\/251_Camping_Occitanie_Le_Floride_et_l_Embouchure_Ciela_Village_Plage-768x512.webp 768w, https:\/\/floride.fr\/wp-content\/uploads\/2025\/11\/251_Camping_Occitanie_Le_Floride_et_l_Embouchure_Ciela_Village_Plage.webp 1280w\" sizes=\"(max-width: 1024px) 100vw, 1024px\" \/><\/figure>\n<\/figure>\n<\/div>\n\n\n\n<div class=\"wp-block-column is-vertically-aligned-center deco-feuille2\">\n<h2 class=\"has-couleur-1-color has-text-color\" id=\"camping-avec-acces-direct-a-la-plage-de-barcares\">Paseo por la costa de Barcar\u00e8s Plage<\/h2>\n\n\n\n<p>Con ocho kil\u00f3metros de playas en la costa, nuestro camping en <a href=\"https:\/\/floride.fr\/tourisme\/plages-port-barcares\/\" data-type=\"page\" data-id=\"11809\">Barcar\u00e8s Plage<\/a> le permite pasear por la hermosa costa catalana. Encontrar\u00e1 ocho playas de arena fina con m\u00faltiples ambientes, ideales para variar los placeres. Las playas de Barcar\u00e8s se extienden desde la desembocadura del Agly, frontera natural entre Torreilles y Barcar\u00e8s, hasta la primera parte del estanque de Salses Leucate hacia el este. Las principales playas de Barcar\u00e8s son las siguientes (de oeste a este):    <\/p>\n\n\n\n<ul><li>La playa del pueblo<\/li><li>La playa de la ciudad portuaria<\/li><li>La playa de Port Saint Ange<\/li><li>La playa de Miramars<\/li><li>La Gran Playa<\/li><li>La playa de Lydia<\/li><li>La playa del Argonauta<\/li><\/ul>\n\n\n\n<p>Para contemplar las maravillas que rodean <a href=\"https:\/\/floride.fr\/es\/alrededores\/\">Barcar\u00e8s Plage,<\/a> le recomendamos recorrer la costa en bicicleta (alquiler de bicicletas y pago en recepci\u00f3n o en la aplicaci\u00f3n Lokky), partiendo de las orillas del Agly y continuando hacia Port Leucate y el estanque salvaje de Salses. Tardar\u00e1 unos veinte minutos en recorrer las playas en bicicleta desde la v\u00eda verde acondicionada. Para dar un paseo relajante con los pies en el agua, t\u00f3mese su tiempo para pasear contemplando las tranquilas olas del mar Mediterr\u00e1neo.<br\/>*** Translated with www.DeepL.com\/Translator (free version) ***   <\/p>\n<\/div>\n<\/div>\n\n\n\n<h2 class=\"has-couleur-1-color has-text-color\" id=\"en-balade-a-barcares-plage-choisissez-l-atmosphere-qui-vous-convient\">\u00a1Disfrute de un paseo por Barcar\u00e8s Plage y elija el ambiente que m\u00e1s le guste!<\/h2>\n\n\n\n<p>A orillas del r\u00edo, con acceso directo desde nuestro camping en Barcar\u00e8s Plage, podr\u00e1 disfrutar de espacios verdes de gran riqueza natural. Las primeras playas al salir del Agly son las m\u00e1s familiares y seguras, ideales para los ni\u00f1os. En las playas del centro y del sur del pueblo, toda la familia podr\u00e1 reunirse en el club infantil y en las instalaciones hinchables. \u00a1Tambi\u00e9n es una playa adaptada a las personas con movilidad reducida, con equipamientos espec\u00edficos! Entre el entorno natural y el descubrimiento art\u00edstico, el barrio de la gran playa es el lugar imprescindible de Port Barcar\u00e8s para pasear. M\u00e1s all\u00e1 de su impresionante altura de 10 m, el transatl\u00e1ntico de la playa Lydia representa, junto con la All\u00e9e des Arts, un importante lugar cultural que descubrir en <a href=\"https:\/\/floride.fr\/tourisme\/plages-port-barcares\/\" data-type=\"page\" data-id=\"11809\">Barcar\u00e8s<\/a>. Estos dos museos al aire libre presentan la historia mar\u00edtima del municipio en el primero y esculturas contempor\u00e1neas en el segundo.      <\/p>\n\n\n\n<p>En cuanto a las actividades n\u00e1uticas, podr\u00e1 practicarlas en cualquier playa, aunque el puerto de Barcar\u00e8s sigue siendo el lugar m\u00e1s popular gracias a su amplia oferta de clubes n\u00e1uticos. Nuestro camping cerca de Perpi\u00f1\u00e1n con <a href=\"https:\/\/floride.fr\/es\/parque-acuatico\/\">parque acu\u00e1tico<\/a> tambi\u00e9n le encantar\u00e1 por sus piscinas, jacuzzis y toboganes. Por la noche, podr\u00e1 divertirse en las numerosas discotecas de la playa y cenar en uno de los restaurantes de la costa. Por \u00faltimo, el estanque de Salses es un lugar m\u00e1gico para todos los amantes de la autenticidad: pueblo de pescadores, paseo entre pinos y dunas, sendero para descubrir la fauna y la flora&#8230; \u00a1Sus pr\u00f3ximas vacaciones en el camping de Barcar\u00e8s Plage prometen estar llenas de actividades!   <\/p>\n<\/div><\/section>\n\n<section class=\"wp-container-69d0fe63ab507 wp-block-group F-15-a vague-top ligne1-top has-bg-1-background-color has-background\"><div class=\"wp-block-group__inner-container\">\n<h2 class=\"titre1 has-couleur-1-color has-text-color\" id=\"profitez-de-vraies-vacances-en-camping-a-barcares-plage\">Disfrute de unas aut\u00e9nticas vacaciones en camping en Barcar\u00e8s Plage<\/h2>\n\n\n\n<div class=\"wp-block-media-text has-media-on-the-right is-stacked-on-mobile\"><figure class=\"wp-block-media-text__media\"><img loading=\"lazy\" width=\"1024\" height=\"415\" src=\"https:\/\/floride.fr\/wp-content\/uploads\/2022\/03\/Lydia-Grande-RoueBass-1024x415.jpg\" alt=\"\" class=\"wp-image-1633 size-full\" srcset=\"https:\/\/floride.fr\/wp-content\/uploads\/2022\/03\/Lydia-Grande-RoueBass-1024x415.jpg 1024w, https:\/\/floride.fr\/wp-content\/uploads\/2022\/03\/Lydia-Grande-RoueBass-300x122.jpg 300w, https:\/\/floride.fr\/wp-content\/uploads\/2022\/03\/Lydia-Grande-RoueBass-768x311.jpg 768w, https:\/\/floride.fr\/wp-content\/uploads\/2022\/03\/Lydia-Grande-RoueBass-1536x623.jpg 1536w, https:\/\/floride.fr\/wp-content\/uploads\/2022\/03\/Lydia-Grande-RoueBass.jpg 1800w\" sizes=\"(max-width: 1024px) 100vw, 1024px\" \/><\/figure><div class=\"wp-block-media-text__content\">\n<div class=\"wp-block-media-text has-media-on-the-right is-stacked-on-mobile is-image-fill deco-coco\"><figure class=\"wp-block-media-text__media\" style=\"background-image:url(https:\/\/floride.fr\/wp-content\/uploads\/2025\/11\/259_Camping_Occitanie_Le_Floride_et_l_Embouchure_Ciela_Village_Embouchure-1024x682.webp);background-position:50% 50%\"><img loading=\"lazy\" width=\"1024\" height=\"682\" src=\"https:\/\/floride.fr\/wp-content\/uploads\/2025\/11\/259_Camping_Occitanie_Le_Floride_et_l_Embouchure_Ciela_Village_Embouchure-1024x682.webp\" alt=\"\" class=\"wp-image-15887 size-full\" srcset=\"https:\/\/floride.fr\/wp-content\/uploads\/2025\/11\/259_Camping_Occitanie_Le_Floride_et_l_Embouchure_Ciela_Village_Embouchure-1024x682.webp 1024w, https:\/\/floride.fr\/wp-content\/uploads\/2025\/11\/259_Camping_Occitanie_Le_Floride_et_l_Embouchure_Ciela_Village_Embouchure-300x200.webp 300w, https:\/\/floride.fr\/wp-content\/uploads\/2025\/11\/259_Camping_Occitanie_Le_Floride_et_l_Embouchure_Ciela_Village_Embouchure-768x511.webp 768w, https:\/\/floride.fr\/wp-content\/uploads\/2025\/11\/259_Camping_Occitanie_Le_Floride_et_l_Embouchure_Ciela_Village_Embouchure.webp 1280w\" sizes=\"(max-width: 1024px) 100vw, 1024px\" \/><\/figure><div class=\"wp-block-media-text__content\">\n<blockquote class=\"wp-block-quote\"><p>\u00abUn gran punto a favor: nada m\u00e1s salir del camping, est\u00e1s justo en el agua, \u00a1a los ni\u00f1os les encant\u00f3! Y la playa es preciosa, limpia, tranquila y no est\u00e1 masificada.<\/p><cite>Sol\u00e8ne, que lleg\u00f3 en julio<\/cite><\/blockquote>\n<\/div><\/div>\n\n\n\n<h3 class=\"has-couleur-4-color has-text-color\" id=\"toutes-les-joies-du-camping-en-languedoc-roussillon-avec-acces-direct-a-barcares-plage\">Todas las alegr\u00edas de acampar en Languedoc Rosell\u00f3n con acceso directo a la playa<\/h3>\n\n\n\n<p>En Floride 5*, camping en Barcar\u00e8s Plage, disfrute de una muestra de las riquezas del sur de Languedoc. Imagine su estancia en esta <strong>estaci\u00f3n balnearia catalana<\/strong>: vistas a l<strong>as monta\u00f1as de Alb\u00e8res<\/strong>, al pueblo de <a href=\"https:\/\/floride.fr\/es\/el-barcares\/\">Port Barcar\u00e8s<\/a> y al r\u00edo Agly. El carril bici de la v\u00eda verde, de 14 km de longitud, le permitir\u00e1 subir hasta <strong>Rivesaltes<\/strong> por el interior. El agua siempre cerca, alterna entre playas y el interior. <\/p>\n\n\n\n<p>Barcar\u00e8s y su litoral de 8 km de playas de arena fina seducen por su costa arenosa, sus obras de arte y sus animaciones a tama\u00f1o real, como las <a href=\"http:\/\/festival-lesdeferlantes.com\">D\u00e9ferlantes<\/a>. Descubra, por ejemplo, su transatl\u00e1ntico varado en la playa de Lydia, que acoge numerosas exposiciones y reafirma la identidad ecl\u00e9ctica de Barcar\u00e8s frente a los municipios vecinos de la costa languedociana. Su estancia en nuestro camping en Barcar\u00e8s Plage estar\u00e1 llena de una gran variedad de actividades y paisajes. <\/p>\n\n\n\n<p>El acceso directo a la playa de Barcar\u00e8s le garantiza un lugar privilegiado para su estancia en Languedoc-Roussillon. El horizonte es suyo&#8230; Disfrute de unas aut\u00e9nticas vacaciones con los pies en alto, a orillas del mar, en un camping cerca de<a href=\"https:\/\/floride.fr\/es\/perpinan\/\"> Perpi\u00f1\u00e1n<\/a>, al norte de los Pirineos Orientales. <\/p>\n<\/div><\/div>\n\n\n\n<div style=\"height:100px\" aria-hidden=\"true\" class=\"wp-block-spacer\"><\/div>\n<\/div><\/section>\n","protected":false},"excerpt":{"rendered":"<p>Camping en Barcar\u00e8s Plage con acceso directo al mar El mar Mediterr\u00e1neo est\u00e1 a tiro de piedra&#8230; \u00bfQu\u00e9 m\u00e1s se puede pedir? Barcar\u00e8s Plage a 150 metros a pie del camping \u00bfQuiere disfrutar del sol pirenaico junto al agua? En Floride 5 estrellas, nuestro camping en Barcar\u00e8s Plage, no podr\u00eda so\u00f1ar con nada mejor. Con [&hellip;]<\/p>\n","protected":false},"author":1,"featured_media":0,"parent":0,"menu_order":0,"comment_status":"closed","ping_status":"closed","template":"","meta":[],"acf":[],"_links":{"self":[{"href":"https:\/\/floride.fr\/es\/wp-json\/wp\/v2\/pages\/2565"}],"collection":[{"href":"https:\/\/floride.fr\/es\/wp-json\/wp\/v2\/pages"}],"about":[{"href":"https:\/\/floride.fr\/es\/wp-json\/wp\/v2\/types\/page"}],"author":[{"embeddable":true,"href":"https:\/\/floride.fr\/es\/wp-json\/wp\/v2\/users\/1"}],"replies":[{"embeddable":true,"href":"https:\/\/floride.fr\/es\/wp-json\/wp\/v2\/comments?post=2565"}],"version-history":[{"count":6,"href":"https:\/\/floride.fr\/es\/wp-json\/wp\/v2\/pages\/2565\/revisions"}],"predecessor-version":[{"id":16277,"href":"https:\/\/floride.fr\/es\/wp-json\/wp\/v2\/pages\/2565\/revisions\/16277"}],"wp:attachment":[{"href":"https:\/\/floride.fr\/es\/wp-json\/wp\/v2\/media?parent=2565"}],"curies":[{"name":"wp","href":"https:\/\/api.w.org\/{rel}","templated":true}]}}