{"id":2583,"date":"2022-04-21T15:57:29","date_gmt":"2022-04-21T13:57:29","guid":{"rendered":"https:\/\/floride.fr\/contacto-y-acceso\/"},"modified":"2026-03-17T14:13:04","modified_gmt":"2026-03-17T13:13:04","slug":"contacto-y-acceso","status":"publish","type":"page","link":"https:\/\/floride.fr\/es\/contacto-y-acceso\/","title":{"rendered":"Contacto y acceso"},"content":{"rendered":"\n<figure class=\"wp-block-image alignfull size-full F-00-a\"><img loading=\"lazy\" width=\"1920\" height=\"1439\" src=\"https:\/\/floride.fr\/wp-content\/uploads\/2025\/11\/003_Camping_Occitanie_Le_Floride_et_l_Embouchure_Ciela_Village_Drone.webp\" alt=\"\" class=\"wp-image-16005\" srcset=\"https:\/\/floride.fr\/wp-content\/uploads\/2025\/11\/003_Camping_Occitanie_Le_Floride_et_l_Embouchure_Ciela_Village_Drone.webp 1920w, https:\/\/floride.fr\/wp-content\/uploads\/2025\/11\/003_Camping_Occitanie_Le_Floride_et_l_Embouchure_Ciela_Village_Drone-300x225.webp 300w, https:\/\/floride.fr\/wp-content\/uploads\/2025\/11\/003_Camping_Occitanie_Le_Floride_et_l_Embouchure_Ciela_Village_Drone-1024x767.webp 1024w, https:\/\/floride.fr\/wp-content\/uploads\/2025\/11\/003_Camping_Occitanie_Le_Floride_et_l_Embouchure_Ciela_Village_Drone-768x576.webp 768w, https:\/\/floride.fr\/wp-content\/uploads\/2025\/11\/003_Camping_Occitanie_Le_Floride_et_l_Embouchure_Ciela_Village_Drone-1536x1151.webp 1536w\" sizes=\"(max-width: 1920px) 100vw, 1920px\" \/><\/figure>\n\n<section class=\"wp-container-69e7b3239863f wp-block-group\"><div class=\"wp-block-group__inner-container\">\n<h1 class=\"has-text-align-center titre1 has-couleur-1-color has-text-color\" id=\"contact-acces\"><strong>Contacto y <\/strong> acceso<\/h1>\n\n\n\n<div class=\"wp-container-69e7b32398317 wp-block-group pictos small\">\n<div class=\"wp-container-69e7b323979b8 wp-block-group\"><div class=\"wp-block-group__inner-container\"><i class=\"fal fa-phone-alt\"><\/i>\n\n\n<a itemprop=\"telephone\" href=\"tel:+33468861175\">04 68 86 11 75<\/a>\n<\/div><\/div>\n\n\n\n<div class=\"wp-container-69e7b32397d0b wp-block-group\"><div class=\"wp-block-group__inner-container\"><i class=\"fal fa-map-marker-alt\"><\/i>\n\n\n<span class=\"wrp_adresse\"><span itemprop=\"address\">Route de St Laurent - 66420 Le Barcar\u00e8s<br \/>\r\nPyr\u00e9n\u00e9es orientales | Languedoc-Roussillon<\/span><\/span>\n<\/div><\/div>\n\n\n\n<div class=\"wp-container-69e7b3239804a wp-block-group\"><div class=\"wp-block-group__inner-container\"><i class=\"fal fa-envelope\"><\/i>\n\n\n<a itemprop=\"email\" href=\"mailto:lefloride@cielavillage.com\">lefloride@cielavillage.com<\/a>\n<\/div><\/div>\n<\/div>\n\n\n\n<h2 class=\"has-text-align-center has-couleur-1-color has-text-color\" id=\"demande-d-informations\">Solicitud de presupuesto<\/h2>\n\n\n\n<p class=\"has-text-align-center\">Para obtener m\u00e1s informaci\u00f3n o detalles sobre la reserva de un alquiler o una parcela, rellene los siguientes campos:<\/p>\n\n\n\t<div class='ctv-form'>\r\n\t\t<script type=\"text\/javascript\">\r\n\t\tvar customOptions = {\r\n\t\t\tIdentity:{\r\n\t\t\t\tCompanyId: '14',\r\n\t\t\t\tEstablishmentIds: '5382',\r\n\t\t\t\tLanguage: 'fr',\r\n\t\t\t\tPolice: 'Open Sans',\r\n\t\t\t\tShowHeader: 'false',\r\n\t\t\t\tHeaderColor: 'e8e8e8',\r\n\t\t\t\tTextColor: '585852',\r\n\t\t\t\tBackgroundColor: 'e8e8e8',\r\n\t\t\t\tPoliceColor: '585852',\r\n\t\t\t\tButtonColor: '585852',\r\n\t\t\t\tHoverColor: 'ffffff'\r\n\t\t\t}\r\n\t\t};\r\n\t\t!function(){var e=new window.CTV.Widget('CRM', 'Estimate', customOptions);\r\n\t\tdocument.write(e.Write()),window.CTV.WidgetsCollection.push(e), e.Send()}();\r\n\t\t<\/script>\r\n\t<\/div>\r\n\t\n<\/div><\/section>\n\n<section class=\"wp-container-69e7b323989f2 wp-block-group F-15-a\"><div class=\"wp-block-group__inner-container\">\n<div class=\"wp-block-media-text is-stacked-on-mobile is-image-fill\"><figure class=\"wp-block-media-text__media\" style=\"background-image:url(https:\/\/floride.fr\/wp-content\/uploads\/2022\/03\/A7R4627-1024x683.jpg);background-position:50% 50%\"><img loading=\"lazy\" width=\"1024\" height=\"683\" src=\"https:\/\/floride.fr\/wp-content\/uploads\/2022\/03\/A7R4627-1024x683.jpg\" alt=\"\" class=\"wp-image-1665 size-full\" srcset=\"https:\/\/floride.fr\/wp-content\/uploads\/2022\/03\/A7R4627-1024x683.jpg 1024w, https:\/\/floride.fr\/wp-content\/uploads\/2022\/03\/A7R4627-300x200.jpg 300w, https:\/\/floride.fr\/wp-content\/uploads\/2022\/03\/A7R4627-768x512.jpg 768w, https:\/\/floride.fr\/wp-content\/uploads\/2022\/03\/A7R4627-1536x1024.jpg 1536w, https:\/\/floride.fr\/wp-content\/uploads\/2022\/03\/A7R4627.jpg 2048w\" sizes=\"(max-width: 1024px) 100vw, 1024px\" \/><\/figure><div class=\"wp-block-media-text__content\">\n<div class=\"wp-block-media-text is-stacked-on-mobile is-image-fill deco-coco\"><figure class=\"wp-block-media-text__media\" style=\"background-image:url(https:\/\/floride.fr\/wp-content\/uploads\/2022\/03\/\u00a9LeFloride-150-1024x682-1.jpg);background-position:50% 50%\"><img loading=\"lazy\" width=\"1024\" height=\"682\" src=\"https:\/\/floride.fr\/wp-content\/uploads\/2022\/03\/\u00a9LeFloride-150-1024x682-1.jpg\" alt=\"\" class=\"wp-image-897 size-full\" srcset=\"https:\/\/floride.fr\/wp-content\/uploads\/2022\/03\/\u00a9LeFloride-150-1024x682-1.jpg 1024w, https:\/\/floride.fr\/wp-content\/uploads\/2022\/03\/\u00a9LeFloride-150-1024x682-1-300x200.jpg 300w, https:\/\/floride.fr\/wp-content\/uploads\/2022\/03\/\u00a9LeFloride-150-1024x682-1-768x512.jpg 768w\" sizes=\"(max-width: 1024px) 100vw, 1024px\" \/><\/figure><div class=\"wp-block-media-text__content\">\n<blockquote class=\"wp-block-quote\"><p>\u00abUn equipo de primera, muy receptivo. Una muy buena bienvenida. Gracias de nuevo.<\/p><cite>Saly, a partir de septiembre<\/cite><\/blockquote>\n<\/div><\/div>\n\n\n\n<p>La recepci\u00f3n del camping Le Floride te atiende todos los d\u00edas de 9:00 a 20:00, desde el 3 de abril hasta el 27 de septiembre de 2026, y hasta el cierre del camping el 1 de noviembre de 2026.<\/p>\n\n\n\n<p>Las oficinas tambi\u00e9n est\u00e1n abiertas de 9:00 a 17:00 de lunes a viernes durante los meses en que el camping permanece cerrado.<\/p>\n\n\n\n<p><em>Por favor, ind\u00edquenos su n\u00famero de cliente cuando llame.<\/em><\/p>\n\n\n\n<p>Desde el momento de su llegada, nuestro equipo le da la bienvenida al Camping Le Floride en Barcar\u00e8s y est\u00e1 a su disposici\u00f3n para que disfrute de unas vacaciones tranquilas.<\/p>\n<\/div><\/div>\n<\/div><\/section>\n\n<section class=\"wp-container-69e7b32398e5e wp-block-group F-05-a  vague-top ligne1-top has-bg-1-background-color has-background\"><div class=\"wp-block-group__inner-container\">\n<div class=\"wp-block-columns are-vertically-aligned-center\">\n<div class=\"wp-block-column is-vertically-aligned-center\">\n<figure class=\"wp-block-gallery has-nested-images columns-2 is-cropped deco-fleur1\">\n<figure class=\"wp-block-image size-full\"><img loading=\"lazy\" width=\"1800\" height=\"730\" src=\"https:\/\/floride.fr\/wp-content\/uploads\/2022\/03\/Lydia-Grande-RoueBass.jpg\" alt=\"\" class=\"wp-image-1633\" srcset=\"https:\/\/floride.fr\/wp-content\/uploads\/2022\/03\/Lydia-Grande-RoueBass.jpg 1800w, https:\/\/floride.fr\/wp-content\/uploads\/2022\/03\/Lydia-Grande-RoueBass-300x122.jpg 300w, https:\/\/floride.fr\/wp-content\/uploads\/2022\/03\/Lydia-Grande-RoueBass-1024x415.jpg 1024w, https:\/\/floride.fr\/wp-content\/uploads\/2022\/03\/Lydia-Grande-RoueBass-768x311.jpg 768w, https:\/\/floride.fr\/wp-content\/uploads\/2022\/03\/Lydia-Grande-RoueBass-1536x623.jpg 1536w\" sizes=\"(max-width: 1800px) 100vw, 1800px\" \/><\/figure>\n\n\n\n<figure class=\"wp-block-image size-full\"><img loading=\"lazy\" width=\"1800\" height=\"730\" src=\"https:\/\/floride.fr\/wp-content\/uploads\/2022\/03\/cadaq.jpg\" alt=\"\" class=\"wp-image-1628\" srcset=\"https:\/\/floride.fr\/wp-content\/uploads\/2022\/03\/cadaq.jpg 1800w, https:\/\/floride.fr\/wp-content\/uploads\/2022\/03\/cadaq-300x122.jpg 300w, https:\/\/floride.fr\/wp-content\/uploads\/2022\/03\/cadaq-1024x415.jpg 1024w, https:\/\/floride.fr\/wp-content\/uploads\/2022\/03\/cadaq-768x311.jpg 768w, https:\/\/floride.fr\/wp-content\/uploads\/2022\/03\/cadaq-1536x623.jpg 1536w\" sizes=\"(max-width: 1800px) 100vw, 1800px\" \/><\/figure>\n<\/figure>\n<\/div>\n\n\n\n<div class=\"wp-block-column is-vertically-aligned-center deco-feuille1\">\n<h2 class=\"has-couleur-2-color has-text-color\" id=\"un-ensoleillement-optimal-en-mediterranee\">Sol \u00f3ptimo en el Mediterr\u00e1neo<\/h2>\n\n\n\n<ul><li>A 15 km de Perpignan<\/li><li>A 50 km de Le Perthus (frontera espa\u00f1ola)<\/li><li>A 110 km de Font Romeu, la monta\u00f1a<\/li><li>A 160 km de Andorra<\/li><\/ul>\n\n\n\n<h2 class=\"brush has-couleur-4-color has-text-color\" id=\"un-acces-facile\">F\u00e1cil acceso:<\/h2>\n\n\n\n<p>Autopista A9 \u2013 Salida 41: Direcci\u00f3n Canet en Roussillon, Le Barcar\u00e8s.<br\/>Continuar por la D83 en direcci\u00f3n a Le Barcar\u00e8s.<br\/>Salida n.\u00ba 9 en direcci\u00f3n a Canet en Roussillon. Primera salida Le Barcares y luego a la izquierda en la rotonda. El camping est\u00e1 a 800 metros a su izquierda.<\/p>\n\n\n\n<p>Estaci\u00f3n SNCF de Perpignan y luego l\u00ednea 10 de autob\u00fas. (45 minutos hasta el camping)<br\/>Estaci\u00f3n TER Leucate La Franqui y luego taxi.<br\/>Aeropuerto Perpignan-Rivesaltes.<br\/>Autopista A9.<\/p>\n\n\n\n<h4 class=\"brush has-couleur-4-color has-text-color\" id=\"a-velo\">En bicicleta:<\/h4>\n\n\n\n<p>Acceso desde la Voie verte de l&#8217;Agly (14 km de Rivesaltes a Barcar\u00e8s) o la V\u00e9litoralle (de St-Cyprien a Barcar\u00e8s). Instalaciones para ciclistas, alquiler de bicicletas y accesorios en el lugar.<\/p>\n\n\n\n<p><a href=\"http:\/\/www.lamediterraneeavelo.org\/fileadmin\/user_upload\/eurovelo8\/Comites-techniques\/Promotion-Communication\/Plaquette_presentation\/Plaquette_LaMav_2017.pdf\" target=\"_blank\" rel=\"noreferrer noopener\">Consulte aqu\u00ed el libro de rutas Eurov\u00e9lo de los Pirineos Orientales<\/a><\/p>\n<\/div>\n<\/div>\n<\/div><\/section>\n","protected":false},"excerpt":{"rendered":"<p>Contacto y acceso Solicitud de presupuesto Para obtener m\u00e1s informaci\u00f3n o detalles sobre la reserva de un alquiler o una parcela, rellene los siguientes campos: \u00abUn equipo de primera, muy receptivo. Una muy buena bienvenida. Gracias de nuevo. Saly, a partir de septiembre La recepci\u00f3n del camping Le Floride te atiende todos los d\u00edas de [&hellip;]<\/p>\n","protected":false},"author":1,"featured_media":0,"parent":0,"menu_order":0,"comment_status":"closed","ping_status":"closed","template":"","meta":[],"acf":[],"_links":{"self":[{"href":"https:\/\/floride.fr\/es\/wp-json\/wp\/v2\/pages\/2583"}],"collection":[{"href":"https:\/\/floride.fr\/es\/wp-json\/wp\/v2\/pages"}],"about":[{"href":"https:\/\/floride.fr\/es\/wp-json\/wp\/v2\/types\/page"}],"author":[{"embeddable":true,"href":"https:\/\/floride.fr\/es\/wp-json\/wp\/v2\/users\/1"}],"replies":[{"embeddable":true,"href":"https:\/\/floride.fr\/es\/wp-json\/wp\/v2\/comments?post=2583"}],"version-history":[{"count":6,"href":"https:\/\/floride.fr\/es\/wp-json\/wp\/v2\/pages\/2583\/revisions"}],"predecessor-version":[{"id":16318,"href":"https:\/\/floride.fr\/es\/wp-json\/wp\/v2\/pages\/2583\/revisions\/16318"}],"wp:attachment":[{"href":"https:\/\/floride.fr\/es\/wp-json\/wp\/v2\/media?parent=2583"}],"curies":[{"name":"wp","href":"https:\/\/api.w.org\/{rel}","templated":true}]}}