{"id":2650,"date":"2022-04-21T16:12:16","date_gmt":"2022-04-21T14:12:16","guid":{"rendered":"https:\/\/floride.fr\/ubicaciones\/"},"modified":"2026-03-17T14:14:07","modified_gmt":"2026-03-17T13:14:07","slug":"ubicaciones","status":"publish","type":"page","link":"https:\/\/floride.fr\/es\/ubicaciones\/","title":{"rendered":"Ubicaciones"},"content":{"rendered":"\n<figure class=\"wp-block-image alignfull size-full F-00-b\"><img loading=\"lazy\" width=\"1800\" height=\"730\" src=\"https:\/\/floride.fr\/wp-content\/uploads\/2022\/04\/018-camping-le-floride-1.jpg\" alt=\"\" class=\"wp-image-3167\" srcset=\"https:\/\/floride.fr\/wp-content\/uploads\/2022\/04\/018-camping-le-floride-1.jpg 1800w, https:\/\/floride.fr\/wp-content\/uploads\/2022\/04\/018-camping-le-floride-1-300x122.jpg 300w, https:\/\/floride.fr\/wp-content\/uploads\/2022\/04\/018-camping-le-floride-1-1024x415.jpg 1024w, https:\/\/floride.fr\/wp-content\/uploads\/2022\/04\/018-camping-le-floride-1-768x311.jpg 768w, https:\/\/floride.fr\/wp-content\/uploads\/2022\/04\/018-camping-le-floride-1-1536x623.jpg 1536w\" sizes=\"(max-width: 1800px) 100vw, 1800px\" \/><figcaption>camping le floride<\/figcaption><\/figure>\n\n<section class=\"wp-container-69e9ea5a1d780 wp-block-group\"><div class=\"wp-block-group__inner-container\">\n<h1 class=\"has-text-align-center has-couleur-1-color has-text-color\" id=\"emplacements-camping-port-barcares\">Parcelas del camping Port-Barcar\u00e8s<\/h1>\n\n\n\n<div class=\"wp-container-69e9ea5a1d1b9 wp-block-group pictos\">\n<div class=\"wp-container-69e9ea5a1c5a9 wp-block-group\"><div class=\"wp-block-group__inner-container\"><i class=\"fal fa-campground\"><\/i>\n\n\n\n<p>Vacaciones en la naturaleza<\/p>\n<\/div><\/div>\n\n\n\n<div class=\"wp-container-69e9ea5a1c8c5 wp-block-group\"><div class=\"wp-block-group__inner-container\"><i class=\"fal fa-tint\"><\/i>\n\n\n\n<p>Conexiones de agua y alcantarillado<\/p>\n<\/div><\/div>\n\n\n\n<div class=\"wp-container-69e9ea5a1cc02 wp-block-group\"><div class=\"wp-block-group__inner-container\"><i class=\"fal fa-sun-cloud\"><\/i>\n\n\n\n<p>Lugares sombreados o soleados<\/p>\n<\/div><\/div>\n\n\n\n<div class=\"wp-container-69e9ea5a1cf1e wp-block-group\"><div class=\"wp-block-group__inner-container\"><i class=\"fal fa-rv\"><\/i>\n\n\n\n<p>\u00c1rea de servicio para autocaravanas<\/p>\n<\/div><\/div>\n<\/div>\n\n\n\n<h2 class=\"has-text-align-center titre2 has-couleur-4-color has-text-color\" id=\"ambiance-nature-pour-nos-emplacements-spacieux-et-delimites\">Nuestras parcelas, amplias y delimitadas, tienen un ambiente natural.<\/h2>\n\n\n\n<p class=\"has-text-align-center\">\u00a1El Camping Club Le Floride te da la bienvenida del 3 de abril al 27 de septiembre y del 17 de octubre al 1 de noviembre de 2026 para que disfrutes de tus vacaciones en una parcela de camping en los Pirineos Orientales, a orillas del mar!<\/p>\n\n\n\n<p class=\"has-text-align-center\">M\u00e1s aut\u00e9ntico que nuestros alquileres en <a href=\"https:\/\/floride.fr\/es\/alquileres\/\">Barcar\u00e8s<\/a>, disfrutar\u00e1 de un camping espacioso y sombreado para acoger tiendas de campa\u00f1a, autocaravanas y caravanas a orillas del Mediterr\u00e1neo. Con una superficie de entre 80 y 100 m\u00b2 aproximadamente, nuestro camping cuenta con 120 parcelas (46 con aseos individuales y 76 sin servicios) repartidas por diferentes zonas del terreno para satisfacer las necesidades de todos.<\/p>\n\n\n\n<div class=\"wp-container-69e9ea5a1d4eb wp-block-buttons\">\n<div class=\"wp-block-button btn_resa\"><a class=\"wp-block-button__link has-couleur-2-background-color has-background\"><i class=\"fal fa-search\"><\/i> Reservar<\/a><\/div>\n<\/div>\n<\/div><\/section>\n\n<section class=\"wp-container-69e9ea5a1de0f wp-block-group F-15-a vague-top vague-bottom ligne1-top has-bg-1-background-color has-background\"><div class=\"wp-block-group__inner-container\">\n<h2 class=\"titre1 has-couleur-1-color has-text-color\" id=\"vos-vacances-en-pyrenees-orientales-commencent-maintenant\">Sus vacaciones en los Pirineos Orientales comienzan ahora !<\/h2>\n\n\n\n<div class=\"wp-block-media-text has-media-on-the-right is-stacked-on-mobile is-image-fill\" style=\"grid-template-columns:auto 52%\"><figure class=\"wp-block-media-text__media\" style=\"background-image:url(https:\/\/floride.fr\/wp-content\/uploads\/2022\/05\/EMPLACEMENT-CAMPING-CAR-1109-681x1024.jpg);background-position:54% 28.999999999999996%\"><img loading=\"lazy\" width=\"681\" height=\"1024\" src=\"https:\/\/floride.fr\/wp-content\/uploads\/2022\/05\/EMPLACEMENT-CAMPING-CAR-1109-681x1024.jpg\" alt=\"\" class=\"wp-image-3558 size-full\" srcset=\"https:\/\/floride.fr\/wp-content\/uploads\/2022\/05\/EMPLACEMENT-CAMPING-CAR-1109-681x1024.jpg 681w, https:\/\/floride.fr\/wp-content\/uploads\/2022\/05\/EMPLACEMENT-CAMPING-CAR-1109-200x300.jpg 200w, https:\/\/floride.fr\/wp-content\/uploads\/2022\/05\/EMPLACEMENT-CAMPING-CAR-1109-768x1154.jpg 768w, https:\/\/floride.fr\/wp-content\/uploads\/2022\/05\/EMPLACEMENT-CAMPING-CAR-1109-1022x1536.jpg 1022w, https:\/\/floride.fr\/wp-content\/uploads\/2022\/05\/EMPLACEMENT-CAMPING-CAR-1109-1363x2048.jpg 1363w, https:\/\/floride.fr\/wp-content\/uploads\/2022\/05\/EMPLACEMENT-CAMPING-CAR-1109-scaled.jpg 1703w\" sizes=\"(max-width: 681px) 100vw, 681px\" \/><\/figure><div class=\"wp-block-media-text__content\">\n<div class=\"wp-block-media-text has-media-on-the-right is-stacked-on-mobile is-image-fill deco-coco\" style=\"grid-template-columns:auto 38%\"><figure class=\"wp-block-media-text__media\" style=\"background-image:url(https:\/\/floride.fr\/wp-content\/uploads\/2022\/05\/EMPLACEMENT-CAMPING-CAR-1110-1-1024x681.jpg);background-position:50% 50%\"><img loading=\"lazy\" width=\"1024\" height=\"681\" src=\"https:\/\/floride.fr\/wp-content\/uploads\/2022\/05\/EMPLACEMENT-CAMPING-CAR-1110-1-1024x681.jpg\" alt=\"\" class=\"wp-image-3569 size-full\" srcset=\"https:\/\/floride.fr\/wp-content\/uploads\/2022\/05\/EMPLACEMENT-CAMPING-CAR-1110-1-1024x681.jpg 1024w, https:\/\/floride.fr\/wp-content\/uploads\/2022\/05\/EMPLACEMENT-CAMPING-CAR-1110-1-300x200.jpg 300w, https:\/\/floride.fr\/wp-content\/uploads\/2022\/05\/EMPLACEMENT-CAMPING-CAR-1110-1-768x511.jpg 768w, https:\/\/floride.fr\/wp-content\/uploads\/2022\/05\/EMPLACEMENT-CAMPING-CAR-1110-1-1536x1022.jpg 1536w, https:\/\/floride.fr\/wp-content\/uploads\/2022\/05\/EMPLACEMENT-CAMPING-CAR-1110-1-2048x1363.jpg 2048w\" sizes=\"(max-width: 1024px) 100vw, 1024px\" \/><\/figure><div class=\"wp-block-media-text__content\">\n<blockquote class=\"wp-block-quote\"><p>\u00abEl camping es de primera categor\u00eda. Quince d\u00edas en el campamento parecieron pasar muy r\u00e1pido.<\/p><p>Ubicaci\u00f3n sombreada, cerca de las instalaciones sanitarias, cerca de la piscina, cerca del club infantil, f\u00e1cil acceso a la playa y al centro de la ciudad. Por no hablar del gran entretenimiento, y de nuestros vecinos con su esp\u00edritu de acampada.<\/p><p>Sin duda, volveremos el a\u00f1o que viene.<\/p><cite>Emy, que lleg\u00f3 en septiembre<\/cite><\/blockquote>\n<\/div><\/div>\n\n\n\n<p> <strong>Parcelas a media sombra<\/strong> con instalaciones sanitarias individuales <strong>a 100 metros del mar<\/strong> y en la orilla del r\u00edo.<\/p>\n\n\n\n<p> <strong>Parcelas tradicionales<\/strong> <strong>a la sombra o al sol<\/strong> para su tienda o caravana.<\/p>\n\n\n\n<p>Amigos campistas: pueden reservar una parcela en nuestro camping y disponer de un \u00e1rea de servicio gratuita para su autocaravana.<br\/>Con m\u00e1s o menos sombra o sol, tambi\u00e9n podr\u00e1n aparcar sus bicicletas con total seguridad en su parcela.<\/p>\n\n\n\n<p>Instalaciones sanitarias  <strong>mantenidos y controlados regularmente. Totalmente<\/strong>  Equipados para personas con movilidad reducida (PMR), nuestros aseos privados tambi\u00e9n le ofrecer\u00e1n toda la comodidad necesaria para el ba\u00f1o de su beb\u00e9.<\/p>\n\n\n\n<p>Muchas parcelas tienen conexi\u00f3n (agua + desag\u00fce). Para beneficiarse de esta opci\u00f3n, debe seleccionar lo siguiente al hacer su reserva: Conexi\u00f3n de alto confort.<\/p>\n\n\n\n<div class=\"wp-container-69e9ea5a1db65 wp-block-buttons\">\n<div class=\"wp-block-button\"><a class=\"wp-block-button__link has-couleur-2-background-color has-background\"><i class=\"fal fa-campground\"><\/i>  Encuentre un lugar.<\/a><\/div>\n\n\n\n<div class=\"wp-block-button is-style-outline\"><a class=\"wp-block-button__link has-typo-color has-text-color\" href=\"https:\/\/floride.fr\/es\/galeria-de-fotos\/\"><i class=\"fal fa-images\"><\/i>  Vea el alojamiento en im\u00e1genes<\/a><\/div>\n<\/div>\n<\/div><\/div>\n<\/div><\/section>\n\n<section class=\"wp-container-69e9ea5a1e1e6 wp-block-group alignfull F-30-a\"><div class=\"wp-block-group__inner-container\">\n<figure class=\"wp-block-gallery has-nested-images columns-4 is-cropped\">\n<figure class=\"wp-block-image size-large\"><a href=\"https:\/\/floride.fr\/es\/parque-acuatico\/\"><img loading=\"lazy\" width=\"1024\" height=\"683\" src=\"https:\/\/floride.fr\/wp-content\/uploads\/2022\/05\/A7R5910-1-1024x683.jpg\" alt=\"\" class=\"wp-image-3543\" srcset=\"https:\/\/floride.fr\/wp-content\/uploads\/2022\/05\/A7R5910-1-1024x683.jpg 1024w, https:\/\/floride.fr\/wp-content\/uploads\/2022\/05\/A7R5910-1-300x200.jpg 300w, https:\/\/floride.fr\/wp-content\/uploads\/2022\/05\/A7R5910-1-768x512.jpg 768w, https:\/\/floride.fr\/wp-content\/uploads\/2022\/05\/A7R5910-1-1536x1024.jpg 1536w, https:\/\/floride.fr\/wp-content\/uploads\/2022\/05\/A7R5910-1-2048x1365.jpg 2048w\" sizes=\"(max-width: 1024px) 100vw, 1024px\" \/><\/a><figcaption>Zona acu\u00e1tica<\/figcaption><\/figure>\n\n\n\n<figure class=\"wp-block-image size-full\"><a href=\"https:\/\/floride.fr\/es\/alquileres\/\"><img loading=\"lazy\" width=\"1024\" height=\"683\" src=\"https:\/\/floride.fr\/wp-content\/uploads\/2022\/05\/130-camping-le-floride-1024px-2.jpg\" alt=\"\" class=\"wp-image-3889\" srcset=\"https:\/\/floride.fr\/wp-content\/uploads\/2022\/05\/130-camping-le-floride-1024px-2.jpg 1024w, https:\/\/floride.fr\/wp-content\/uploads\/2022\/05\/130-camping-le-floride-1024px-2-300x200.jpg 300w, https:\/\/floride.fr\/wp-content\/uploads\/2022\/05\/130-camping-le-floride-1024px-2-768x512.jpg 768w\" sizes=\"(max-width: 1024px) 100vw, 1024px\" \/><\/a><figcaption>Alquileres<\/figcaption><\/figure>\n\n\n\n<figure class=\"wp-block-image size-full\"><a href=\"https:\/\/floride.fr\/es\/bienestar\/\"><img loading=\"lazy\" width=\"2560\" height=\"1707\" src=\"https:\/\/floride.fr\/wp-content\/uploads\/2022\/05\/media-88995876-004-scaled.jpg\" alt=\"\" class=\"wp-image-3528\" srcset=\"https:\/\/floride.fr\/wp-content\/uploads\/2022\/05\/media-88995876-004-scaled.jpg 2560w, https:\/\/floride.fr\/wp-content\/uploads\/2022\/05\/media-88995876-004-300x200.jpg 300w, https:\/\/floride.fr\/wp-content\/uploads\/2022\/05\/media-88995876-004-1024x683.jpg 1024w, https:\/\/floride.fr\/wp-content\/uploads\/2022\/05\/media-88995876-004-768x512.jpg 768w, https:\/\/floride.fr\/wp-content\/uploads\/2022\/05\/media-88995876-004-1536x1024.jpg 1536w, https:\/\/floride.fr\/wp-content\/uploads\/2022\/05\/media-88995876-004-2048x1365.jpg 2048w\" sizes=\"(max-width: 2560px) 100vw, 2560px\" \/><\/a><figcaption>Zona de relax<\/figcaption><\/figure>\n\n\n\n<figure class=\"wp-block-image size-full\"><a href=\"https:\/\/floride.fr\/es\/tardes-y-espectaculos\/\"><img loading=\"lazy\" width=\"1600\" height=\"899\" src=\"https:\/\/floride.fr\/wp-content\/uploads\/2022\/05\/selection-petite-sirene.jpg\" alt=\"\" class=\"wp-image-3533\" srcset=\"https:\/\/floride.fr\/wp-content\/uploads\/2022\/05\/selection-petite-sirene.jpg 1600w, https:\/\/floride.fr\/wp-content\/uploads\/2022\/05\/selection-petite-sirene-300x169.jpg 300w, https:\/\/floride.fr\/wp-content\/uploads\/2022\/05\/selection-petite-sirene-1024x575.jpg 1024w, https:\/\/floride.fr\/wp-content\/uploads\/2022\/05\/selection-petite-sirene-768x432.jpg 768w, https:\/\/floride.fr\/wp-content\/uploads\/2022\/05\/selection-petite-sirene-1536x863.jpg 1536w\" sizes=\"(max-width: 1600px) 100vw, 1600px\" \/><\/a><figcaption>Espect\u00e1culos<\/figcaption><\/figure>\n<\/figure>\n<\/div><\/section>\n\n<p><\/p>\n","protected":false},"excerpt":{"rendered":"<p>Parcelas del camping Port-Barcar\u00e8s Vacaciones en la naturaleza Conexiones de agua y alcantarillado Lugares sombreados o soleados \u00c1rea de servicio para autocaravanas Nuestras parcelas, amplias y delimitadas, tienen un ambiente natural. \u00a1El Camping Club Le Floride te da la bienvenida del 3 de abril al 27 de septiembre y del 17 de octubre al 1 [&hellip;]<\/p>\n","protected":false},"author":1,"featured_media":0,"parent":0,"menu_order":0,"comment_status":"closed","ping_status":"closed","template":"","meta":[],"acf":[],"_links":{"self":[{"href":"https:\/\/floride.fr\/es\/wp-json\/wp\/v2\/pages\/2650"}],"collection":[{"href":"https:\/\/floride.fr\/es\/wp-json\/wp\/v2\/pages"}],"about":[{"href":"https:\/\/floride.fr\/es\/wp-json\/wp\/v2\/types\/page"}],"author":[{"embeddable":true,"href":"https:\/\/floride.fr\/es\/wp-json\/wp\/v2\/users\/1"}],"replies":[{"embeddable":true,"href":"https:\/\/floride.fr\/es\/wp-json\/wp\/v2\/comments?post=2650"}],"version-history":[{"count":6,"href":"https:\/\/floride.fr\/es\/wp-json\/wp\/v2\/pages\/2650\/revisions"}],"predecessor-version":[{"id":16322,"href":"https:\/\/floride.fr\/es\/wp-json\/wp\/v2\/pages\/2650\/revisions\/16322"}],"wp:attachment":[{"href":"https:\/\/floride.fr\/es\/wp-json\/wp\/v2\/media?parent=2650"}],"curies":[{"name":"wp","href":"https:\/\/api.w.org\/{rel}","templated":true}]}}