{"id":2660,"date":"2022-04-21T16:13:12","date_gmt":"2022-04-21T14:13:12","guid":{"rendered":"https:\/\/floride.fr\/fiestas-y-festivales\/"},"modified":"2026-03-17T14:24:55","modified_gmt":"2026-03-17T13:24:55","slug":"fiestas-y-festivales","status":"publish","type":"page","link":"https:\/\/floride.fr\/es\/fiestas-y-festivales\/","title":{"rendered":"Fiestas y festivales"},"content":{"rendered":"\n<figure class=\"wp-block-image alignfull size-full F-00-b\"><img loading=\"lazy\" width=\"1800\" height=\"730\" src=\"https:\/\/floride.fr\/wp-content\/uploads\/2022\/03\/electrobeach-port-barcares.png\" alt=\"\" class=\"wp-image-1718\" srcset=\"https:\/\/floride.fr\/wp-content\/uploads\/2022\/03\/electrobeach-port-barcares.png 1800w, https:\/\/floride.fr\/wp-content\/uploads\/2022\/03\/electrobeach-port-barcares-300x122.png 300w, https:\/\/floride.fr\/wp-content\/uploads\/2022\/03\/electrobeach-port-barcares-1024x415.png 1024w, https:\/\/floride.fr\/wp-content\/uploads\/2022\/03\/electrobeach-port-barcares-768x311.png 768w, https:\/\/floride.fr\/wp-content\/uploads\/2022\/03\/electrobeach-port-barcares-1536x623.png 1536w\" sizes=\"(max-width: 1800px) 100vw, 1800px\" \/><\/figure>\n\n<section class=\"wp-container-69d113428568c wp-block-group F-05-a\"><div class=\"wp-block-group__inner-container\">\n<div class=\"wp-block-columns are-vertically-aligned-center\">\n<div class=\"wp-block-column is-vertically-aligned-center deco-feuille3\">\n<h1 class=\"has-couleur-1-color has-text-color\" id=\"electrobeach-ete-66-le-plein-de-fetes-au-barcares\">Electrobeach, verano del 66&#8230; <strong>Un mont\u00f3n de fiestas<\/strong> en Le Barcar\u00e8s<\/h1>\n\n\n\n<p>El camping Le Floride, en el coraz\u00f3n de Le Barcar\u00e8s, es el punto de partida ideal para participar en las grandes fiestas y acontecimientos que se celebran cada a\u00f1o, como la ineludible fiesta de Les D\u00e9ferlantes en el recinto de Lydia, los numerosos actos y conciertos en la plaza del pueblo y el parque de atracciones situado a dos pasos del camping.<\/p>\n\n\n\n<div class=\"wp-container-69d113428530f wp-block-group pictos columns-3\">\n<div class=\"wp-container-69d11342849bb wp-block-group\"><div class=\"wp-block-group__inner-container\"><i class=\"fal fa-water\"><\/i>\n\n\n\n<p>\u00bfDeportistas?<\/p>\n\n\n\n<p>Admire a los kitesurfistas en el Mondial du Vent de Leucate, un evento reconocido internacionalmente.<\/p>\n<\/div><\/div>\n\n\n\n<div class=\"wp-container-69d1134284d21 wp-block-group\"><div class=\"wp-block-group__inner-container\"><i class=\"fal fa-music\"><\/i>\n\n\n\n<p>\u00bfAmantes de la m\u00fasica?<\/p>\n\n\n\n<p>No faltan festivales en los Pirineos Orientales: el gigantesco festival \u00abLes D\u00e9ferlantes\u00bb en el Lydia de Le Barcar\u00e8s, Voix de Femmes en Maury, Et\u00e9 66 en el Palais des Rois de Majorque de Perpi\u00f1\u00e1n, Jazz\u00e8bre&#8230;<\/p>\n<\/div><\/div>\n\n\n\n<div class=\"wp-container-69d1134285067 wp-block-group\"><div class=\"wp-block-group__inner-container\"><i class=\"fal fa-fish\"><\/i>\n\n\n\n<p>Mar y Pesca<\/p>\n\n\n\n<p>Sin olvidar los eventos tradicionales que se celebran cada a\u00f1o en el Rosell\u00f3n: la Fiesta del Mar y de los Pescadores en Barcar\u00e8s, la Fiesta de las Sortilegios en Tresserre, la Fiesta del Oso en Arles-sur-Tech, o el Sanch (Semana Santa) en Perpi\u00f1\u00e1n.<\/p>\n<\/div><\/div>\n<\/div>\n<\/div>\n\n\n\n<div class=\"wp-block-column is-vertically-aligned-center\">\n<figure class=\"wp-block-gallery has-nested-images columns-4 is-cropped\">\n<figure class=\"wp-block-image size-large\"><img loading=\"lazy\" width=\"1800\" height=\"730\" src=\"https:\/\/floride.fr\/wp-content\/uploads\/2022\/03\/falcons-fete-traditionnelle-catalane.jpg\" alt=\"Camping Le Floride Le Barcar&#xE8;s (66) : Fiesta Tradicional Catalana de los Halcones\" class=\"wp-image-1724\" srcset=\"https:\/\/floride.fr\/wp-content\/uploads\/2022\/03\/falcons-fete-traditionnelle-catalane.jpg 1800w, https:\/\/floride.fr\/wp-content\/uploads\/2022\/03\/falcons-fete-traditionnelle-catalane-300x122.jpg 300w, https:\/\/floride.fr\/wp-content\/uploads\/2022\/03\/falcons-fete-traditionnelle-catalane-1024x415.jpg 1024w, https:\/\/floride.fr\/wp-content\/uploads\/2022\/03\/falcons-fete-traditionnelle-catalane-768x311.jpg 768w, https:\/\/floride.fr\/wp-content\/uploads\/2022\/03\/falcons-fete-traditionnelle-catalane-1536x623.jpg 1536w\" sizes=\"(max-width: 1800px) 100vw, 1800px\" \/><\/figure>\n\n\n\n<figure class=\"wp-block-image size-large\"><img loading=\"lazy\" width=\"1800\" height=\"730\" src=\"https:\/\/floride.fr\/wp-content\/uploads\/2022\/03\/fete-des-vendanges-4c10940836-1.jpg\" alt=\"Camping Le Floride Le Barcar&#xE8;s (66) : Fete Des Vendanges 4c10940836 1\" class=\"wp-image-1729\" srcset=\"https:\/\/floride.fr\/wp-content\/uploads\/2022\/03\/fete-des-vendanges-4c10940836-1.jpg 1800w, https:\/\/floride.fr\/wp-content\/uploads\/2022\/03\/fete-des-vendanges-4c10940836-1-300x122.jpg 300w, https:\/\/floride.fr\/wp-content\/uploads\/2022\/03\/fete-des-vendanges-4c10940836-1-1024x415.jpg 1024w, https:\/\/floride.fr\/wp-content\/uploads\/2022\/03\/fete-des-vendanges-4c10940836-1-768x311.jpg 768w, https:\/\/floride.fr\/wp-content\/uploads\/2022\/03\/fete-des-vendanges-4c10940836-1-1536x623.jpg 1536w\" sizes=\"(max-width: 1800px) 100vw, 1800px\" \/><\/figure>\n<\/figure>\n<\/div>\n<\/div>\n<\/div><\/section>\n\n<section class=\"wp-container-69d1134287892 wp-block-group F-35-a\">\n<div class=\"wp-container-69d11342859f3 wp-block-group\"><div class=\"wp-block-group__inner-container\">\n<figure class=\"wp-block-image size-full\"><img loading=\"lazy\" width=\"250\" height=\"250\" src=\"https:\/\/floride.fr\/wp-content\/uploads\/2022\/03\/electrobeach-music-festival-barcares-1-edited.jpg\" alt=\"\" class=\"wp-image-1747\" srcset=\"https:\/\/floride.fr\/wp-content\/uploads\/2022\/03\/electrobeach-music-festival-barcares-1-edited.jpg 250w, https:\/\/floride.fr\/wp-content\/uploads\/2022\/03\/electrobeach-music-festival-barcares-1-edited-150x150.jpg 150w\" sizes=\"(max-width: 250px) 100vw, 250px\" \/><\/figure>\n\n\n\n<p>Festival Electrobeach, 12-14 de julio de 2020 &#8211; El evento Electro en Le Barcar\u00e8s<\/p>\n<\/div><\/div>\n\n\n\n<div class=\"wp-container-69d1134285d06 wp-block-group\"><div class=\"wp-block-group__inner-container\">\n<figure class=\"wp-block-image size-full\"><img loading=\"lazy\" width=\"300\" height=\"300\" src=\"https:\/\/floride.fr\/wp-content\/uploads\/2022\/03\/fete-des-pecheurs-barcares.jpg\" alt=\"\" class=\"wp-image-1742\" srcset=\"https:\/\/floride.fr\/wp-content\/uploads\/2022\/03\/fete-des-pecheurs-barcares.jpg 300w, https:\/\/floride.fr\/wp-content\/uploads\/2022\/03\/fete-des-pecheurs-barcares-150x150.jpg 150w\" sizes=\"(max-width: 300px) 100vw, 300px\" \/><\/figure>\n\n\n\n<p>Fiesta de los pescadores en Port-Barcar\u00e8s, 15 de agosto<\/p>\n<\/div><\/div>\n\n\n\n<div class=\"wp-container-69d1134286015 wp-block-group\"><div class=\"wp-block-group__inner-container\">\n<figure class=\"wp-block-image size-full\"><img loading=\"lazy\" width=\"300\" height=\"300\" src=\"https:\/\/floride.fr\/wp-content\/uploads\/2022\/03\/patrouille-de-france-barcares.jpg\" alt=\"\" class=\"wp-image-1752\" srcset=\"https:\/\/floride.fr\/wp-content\/uploads\/2022\/03\/patrouille-de-france-barcares.jpg 300w, https:\/\/floride.fr\/wp-content\/uploads\/2022\/03\/patrouille-de-france-barcares-150x150.jpg 150w\" sizes=\"(max-width: 300px) 100vw, 300px\" \/><\/figure>\n\n\n\n<p>Patrulla francesa en Port-Barcar\u00e8s el 15 de julio<\/p>\n<\/div><\/div>\n\n\n\n<div class=\"wp-container-69d1134286332 wp-block-group\"><div class=\"wp-block-group__inner-container\">\n<figure class=\"wp-block-image size-full\"><img loading=\"lazy\" width=\"300\" height=\"300\" src=\"https:\/\/floride.fr\/wp-content\/uploads\/2022\/03\/embrasement-lydia-barcares.jpg\" alt=\"\" class=\"wp-image-1757\" srcset=\"https:\/\/floride.fr\/wp-content\/uploads\/2022\/03\/embrasement-lydia-barcares.jpg 300w, https:\/\/floride.fr\/wp-content\/uploads\/2022\/03\/embrasement-lydia-barcares-150x150.jpg 150w\" sizes=\"(max-width: 300px) 100vw, 300px\" \/><\/figure>\n\n\n\n<p>Incendio en el Lydia, el 6 de agosto en Barcar\u00e8s<\/p>\n<\/div><\/div>\n\n\n\n<div class=\"wp-container-69d1134286671 wp-block-group\"><div class=\"wp-block-group__inner-container\">\n<figure class=\"wp-block-image size-full\"><img loading=\"lazy\" width=\"300\" height=\"300\" src=\"https:\/\/floride.fr\/wp-content\/uploads\/2022\/03\/visa-image-perpignan.jpg\" alt=\"\" class=\"wp-image-1762\" srcset=\"https:\/\/floride.fr\/wp-content\/uploads\/2022\/03\/visa-image-perpignan.jpg 300w, https:\/\/floride.fr\/wp-content\/uploads\/2022\/03\/visa-image-perpignan-150x150.jpg 150w\" sizes=\"(max-width: 300px) 100vw, 300px\" \/><\/figure>\n\n\n\n<p>La ineludible Visa pour l&#8217;Image, el festival de fotoperiodismo de Perpi\u00f1\u00e1n en agosto-septiembre<\/p>\n<\/div><\/div>\n\n\n\n<div class=\"wp-container-69d113428698a wp-block-group\"><div class=\"wp-block-group__inner-container\">\n<figure class=\"wp-block-image size-full\"><img loading=\"lazy\" width=\"300\" height=\"300\" src=\"https:\/\/floride.fr\/wp-content\/uploads\/2022\/03\/mondial-du-vent-leucate-lafranqui.jpeg\" alt=\"Camping Le Floride Le Barcar&#xE8;s (66) : Mondial Du Vent Leucate Lafranqui\" class=\"wp-image-1767\" srcset=\"https:\/\/floride.fr\/wp-content\/uploads\/2022\/03\/mondial-du-vent-leucate-lafranqui.jpeg 300w, https:\/\/floride.fr\/wp-content\/uploads\/2022\/03\/mondial-du-vent-leucate-lafranqui-150x150.jpeg 150w, https:\/\/floride.fr\/wp-content\/uploads\/2022\/03\/mondial-du-vent-leucate-lafranqui-200x200.jpeg 200w\" sizes=\"(max-width: 300px) 100vw, 300px\" \/><\/figure>\n\n\n\n<p>Mondial du Vent para los amantes del Kitesurf y del Windsurf en Leucate &#8211; Abril<\/p>\n<\/div><\/div>\n\n\n\n<div class=\"wp-container-69d1134286c5c wp-block-group\"><div class=\"wp-block-group__inner-container\">\n<p><\/p>\n<\/div><\/div>\n\n\n\n<div class=\"wp-container-69d1134286f66 wp-block-group\"><div class=\"wp-block-group__inner-container\">\n<figure class=\"wp-block-image size-full\"><img loading=\"lazy\" width=\"300\" height=\"300\" src=\"https:\/\/floride.fr\/wp-content\/uploads\/2022\/03\/Festival-Voix-de-Femmes-Maury-Juin-Nach-Zazie.jpg\" alt=\"\" class=\"wp-image-1777\" srcset=\"https:\/\/floride.fr\/wp-content\/uploads\/2022\/03\/Festival-Voix-de-Femmes-Maury-Juin-Nach-Zazie.jpg 300w, https:\/\/floride.fr\/wp-content\/uploads\/2022\/03\/Festival-Voix-de-Femmes-Maury-Juin-Nach-Zazie-150x150.jpg 150w\" sizes=\"(max-width: 300px) 100vw, 300px\" \/><\/figure>\n\n\n\n<p>Les Voix de Femmes en Maury, en las Fenouill\u00e8des<\/p>\n<\/div><\/div>\n\n\n\n<div class=\"wp-container-69d11342872d9 wp-block-group\"><div class=\"wp-block-group__inner-container\">\n<figure class=\"wp-block-image size-full\"><img loading=\"lazy\" width=\"300\" height=\"300\" src=\"https:\/\/floride.fr\/wp-content\/uploads\/2022\/03\/fete-st-jean-barcares.jpg\" alt=\"\" class=\"wp-image-1782\" srcset=\"https:\/\/floride.fr\/wp-content\/uploads\/2022\/03\/fete-st-jean-barcares.jpg 300w, https:\/\/floride.fr\/wp-content\/uploads\/2022\/03\/fete-st-jean-barcares-150x150.jpg 150w\" sizes=\"(max-width: 300px) 100vw, 300px\" \/><\/figure>\n\n\n\n<p>Fiesta de San Juan, 23 de junio en Barcar\u00e8s<\/p>\n<\/div><\/div>\n\n\n\n<div class=\"wp-container-69d11342875fd wp-block-group\"><div class=\"wp-block-group__inner-container\">\n<figure class=\"wp-block-image size-full\"><img loading=\"lazy\" width=\"300\" height=\"300\" src=\"https:\/\/floride.fr\/wp-content\/uploads\/2022\/03\/bodega-del-mar-barcares.jpg\" alt=\"\" class=\"wp-image-1787\" srcset=\"https:\/\/floride.fr\/wp-content\/uploads\/2022\/03\/bodega-del-mar-barcares.jpg 300w, https:\/\/floride.fr\/wp-content\/uploads\/2022\/03\/bodega-del-mar-barcares-150x150.jpg 150w\" sizes=\"(max-width: 300px) 100vw, 300px\" \/><\/figure>\n\n\n\n<p>Bodega del Mar, 29 de agosto en Barcar\u00e8s<\/p>\n<\/div><\/div>\n<\/section>\n","protected":false},"excerpt":{"rendered":"<p>Electrobeach, verano del 66&#8230; Un mont\u00f3n de fiestas en Le Barcar\u00e8s El camping Le Floride, en el coraz\u00f3n de Le Barcar\u00e8s, es el punto de partida ideal para participar en las grandes fiestas y acontecimientos que se celebran cada a\u00f1o, como la ineludible fiesta de Les D\u00e9ferlantes en el recinto de Lydia, los numerosos actos [&hellip;]<\/p>\n","protected":false},"author":1,"featured_media":0,"parent":0,"menu_order":0,"comment_status":"closed","ping_status":"closed","template":"","meta":[],"acf":[],"_links":{"self":[{"href":"https:\/\/floride.fr\/es\/wp-json\/wp\/v2\/pages\/2660"}],"collection":[{"href":"https:\/\/floride.fr\/es\/wp-json\/wp\/v2\/pages"}],"about":[{"href":"https:\/\/floride.fr\/es\/wp-json\/wp\/v2\/types\/page"}],"author":[{"embeddable":true,"href":"https:\/\/floride.fr\/es\/wp-json\/wp\/v2\/users\/1"}],"replies":[{"embeddable":true,"href":"https:\/\/floride.fr\/es\/wp-json\/wp\/v2\/comments?post=2660"}],"version-history":[{"count":6,"href":"https:\/\/floride.fr\/es\/wp-json\/wp\/v2\/pages\/2660\/revisions"}],"predecessor-version":[{"id":16334,"href":"https:\/\/floride.fr\/es\/wp-json\/wp\/v2\/pages\/2660\/revisions\/16334"}],"wp:attachment":[{"href":"https:\/\/floride.fr\/es\/wp-json\/wp\/v2\/media?parent=2660"}],"curies":[{"name":"wp","href":"https:\/\/api.w.org\/{rel}","templated":true}]}}