{"id":2682,"date":"2022-04-21T16:14:56","date_gmt":"2022-04-21T14:14:56","guid":{"rendered":"https:\/\/floride.fr\/alquileres\/"},"modified":"2026-03-17T14:31:39","modified_gmt":"2026-03-17T13:31:39","slug":"alquileres","status":"publish","type":"page","link":"https:\/\/floride.fr\/es\/alquileres\/","title":{"rendered":"Alquileres"},"content":{"rendered":"\n<figure class=\"wp-block-image alignfull size-full F-00-b\"><img loading=\"lazy\" width=\"1920\" height=\"1280\" src=\"https:\/\/floride.fr\/wp-content\/uploads\/2025\/11\/233_Camping_Occitanie_Le_Floride_et_l_Embouchure_Ciela_Village_Hebergement.webp\" alt=\"\" class=\"wp-image-15550\" srcset=\"https:\/\/floride.fr\/wp-content\/uploads\/2025\/11\/233_Camping_Occitanie_Le_Floride_et_l_Embouchure_Ciela_Village_Hebergement.webp 1920w, https:\/\/floride.fr\/wp-content\/uploads\/2025\/11\/233_Camping_Occitanie_Le_Floride_et_l_Embouchure_Ciela_Village_Hebergement-300x200.webp 300w, https:\/\/floride.fr\/wp-content\/uploads\/2025\/11\/233_Camping_Occitanie_Le_Floride_et_l_Embouchure_Ciela_Village_Hebergement-1024x683.webp 1024w, https:\/\/floride.fr\/wp-content\/uploads\/2025\/11\/233_Camping_Occitanie_Le_Floride_et_l_Embouchure_Ciela_Village_Hebergement-768x512.webp 768w, https:\/\/floride.fr\/wp-content\/uploads\/2025\/11\/233_Camping_Occitanie_Le_Floride_et_l_Embouchure_Ciela_Village_Hebergement-1536x1024.webp 1536w\" sizes=\"(max-width: 1920px) 100vw, 1920px\" \/><\/figure>\n\n<section class=\"wp-container-69d0e5a0f1f40 wp-block-group\"><div class=\"wp-block-group__inner-container\">\n<h1 class=\"has-text-align-center has-couleur-1-color has-text-color\" id=\"a-port-barcares-faites-le-choix-du-depaysement-haut-de-gamme-en-2022\">Mobil-Home, Chalet y Alquiler ins\u00f3lito en Barcar\u00e8s (66)<\/h1>\n\n\n\n<p class=\"has-text-align-center titre2 has-couleur-4-color has-text-color\" id=\"un-confort-maximal-pour-vos-vacances-dans-le-languedoc-roussillon\"><strong>M\u00e1ximo confort para sus vacaciones en los Pirineos Orientales<\/strong><\/p>\n\n\n\n<p class=\"has-text-align-center\">Sea cual sea tu plan, ya sea en pareja, en familia o con amigos, en Le Floride encontrar\u00e1s sin duda la opci\u00f3n ideal para disfrutar de unas vacaciones agradables y perfectas en los Pirineos Orientales. Entre nuestra selecci\u00f3n <strong>de alquileres de camping en Barcar\u00e8s<\/strong>, cada uno encontrar\u00e1 su propio estilo de confort, desde la <strong>gama econ\u00f3mica hasta la gama m\u00e1s lujosa con spa privado.<\/strong> Vuele al sur de Francia para vivir un cambio de aires total en nuestro establecimiento de estilo polinesio. La aventura puede continuar en uno de nuestros inusuales <strong>alojamientos personalizados<\/strong> para sentirse como en la otra orilla del mar. En Le Floride, nuestro <strong>camping 5 estrellas en Barcar\u00e8s<\/strong>, elija servicios excepcionales para vivir una experiencia inigualable en Languedoc Rosell\u00f3n.<\/p>\n<\/div><\/section>\n\n<section class=\"wp-container-69d0e5a0f35fc wp-block-group F-10-a\"><div class=\"wp-block-group__inner-container\">\n<div class=\"wp-block-columns are-vertically-aligned-center\">\n<div class=\"wp-block-column is-vertically-aligned-center\">\n<h2 class=\"titre1 has-couleur-1-color has-text-color\" id=\"une-large-gamme-de-locations-de-vacances-a-barcares-pres-de-perpignan\">Una amplia gama de alquileres de vacaciones en Barcar\u00e8s, cerca de Perpignan<\/h2>\n\n\n\n<div class=\"wp-container-69d0e5a0f2f8c wp-block-group pictos\">\n<div class=\"wp-container-69d0e5a0f22f9 wp-block-group\"><div class=\"wp-block-group__inner-container\"><i class=\"fal fa-home-heart\"><\/i>\n\n\n\n<p>Alquiler de chalets<\/p>\n\n\n\n<p>Disfrute del confort y las instalaciones de los chalets<\/p>\n<\/div><\/div>\n\n\n\n<div class=\"wp-container-69d0e5a0f2652 wp-block-group\"><div class=\"wp-block-group__inner-container\"><i class=\"fal fa-house-day\"><\/i>\n\n\n\n<p>Alquiler de casas m\u00f3viles<\/p>\n\n\n\n<p>Tradicional o a medida en el Tiki Village de estilo polinesio<\/p>\n<\/div><\/div>\n\n\n\n<div class=\"wp-container-69d0e5a0f29a3 wp-block-group\"><div class=\"wp-block-group__inner-container\"><i class=\"fal fa-caravan-alt\"><\/i>\n\n\n\n<p>Alquiler de caravanas<\/p>\n\n\n\n<p>Para unas vacaciones ins\u00f3litas<\/p>\n<\/div><\/div>\n\n\n\n<div class=\"wp-container-69d0e5a0f2cf0 wp-block-group\"><div class=\"wp-block-group__inner-container\"><i class=\"fab fa-accessible-icon\"><\/i>\n\n\n\n<p>Alquiler de PMR<\/p>\n\n\n\n<p>Especialmente dise\u00f1ado para personas con movilidad reducida<\/p>\n<\/div><\/div>\n<\/div>\n\n\n\n<div class=\"wp-container-69d0e5a0f3270 wp-block-buttons\">\n<div class=\"wp-block-button btn_resa\"><a class=\"wp-block-button__link has-couleur-2-background-color has-background\"><i class=\"fal fa-search\"><\/i> Reservar<\/a><\/div>\n<\/div>\n<\/div>\n\n\n\n<div class=\"wp-block-column is-vertically-aligned-center\">\n<figure class=\"wp-block-gallery has-nested-images columns-3 is-cropped deco-flambeau deco-rectangle2\">\n<figure class=\"wp-block-image size-large is-style-default\"><img loading=\"lazy\" width=\"1024\" height=\"683\" src=\"https:\/\/floride.fr\/wp-content\/uploads\/2022\/05\/OHARA_844-2ch_PIECE-DE-VIE_2020-1024x683.png\" alt=\"Mobil home en alquiler en Barcar&#xE8;s cerca de Perpignan\" class=\"wp-image-3860\" srcset=\"https:\/\/floride.fr\/wp-content\/uploads\/2022\/05\/OHARA_844-2ch_PIECE-DE-VIE_2020-1024x683.png 1024w, https:\/\/floride.fr\/wp-content\/uploads\/2022\/05\/OHARA_844-2ch_PIECE-DE-VIE_2020-300x200.png 300w, https:\/\/floride.fr\/wp-content\/uploads\/2022\/05\/OHARA_844-2ch_PIECE-DE-VIE_2020-768x513.png 768w, https:\/\/floride.fr\/wp-content\/uploads\/2022\/05\/OHARA_844-2ch_PIECE-DE-VIE_2020.png 1500w\" sizes=\"(max-width: 1024px) 100vw, 1024px\" \/><\/figure>\n\n\n\n<figure class=\"wp-block-image size-full\"><img loading=\"lazy\" width=\"1024\" height=\"683\" src=\"https:\/\/floride.fr\/wp-content\/uploads\/2022\/05\/130-camping-le-floride-1024px.jpg\" alt=\"Alquiler mobil home camping Barcar&#xE8;s Le Floride et l'Embouchure\" class=\"wp-image-3803\" srcset=\"https:\/\/floride.fr\/wp-content\/uploads\/2022\/05\/130-camping-le-floride-1024px.jpg 1024w, https:\/\/floride.fr\/wp-content\/uploads\/2022\/05\/130-camping-le-floride-1024px-300x200.jpg 300w, https:\/\/floride.fr\/wp-content\/uploads\/2022\/05\/130-camping-le-floride-1024px-768x512.jpg 768w\" sizes=\"(max-width: 1024px) 100vw, 1024px\" \/><figcaption>camping le floride<\/figcaption><\/figure>\n<\/figure>\n<\/div>\n<\/div>\n<\/div><\/section>\n\n<section class=\"wp-container-69d0e5a0f3d6d wp-block-group F-05-a  deco-feuille1\"><div class=\"wp-block-group__inner-container\">\n<div class=\"wp-block-columns are-vertically-aligned-center\">\n<div class=\"wp-block-column is-vertically-aligned-center\">\n<figure class=\"wp-block-gallery has-nested-images columns-2 is-cropped deco-masque1\">\n<figure class=\"wp-block-image size-large\"><img loading=\"lazy\" width=\"836\" height=\"1024\" src=\"https:\/\/floride.fr\/wp-content\/uploads\/2025\/11\/033_Camping_Occitanie_Le_Floride_et_l_Embouchure_Ciela_Village_Hebergement_King_Suite_8_10_E038-836x1024.webp\" alt=\"\" class=\"wp-image-15957\" srcset=\"https:\/\/floride.fr\/wp-content\/uploads\/2025\/11\/033_Camping_Occitanie_Le_Floride_et_l_Embouchure_Ciela_Village_Hebergement_King_Suite_8_10_E038-836x1024.webp 836w, https:\/\/floride.fr\/wp-content\/uploads\/2025\/11\/033_Camping_Occitanie_Le_Floride_et_l_Embouchure_Ciela_Village_Hebergement_King_Suite_8_10_E038-245x300.webp 245w, https:\/\/floride.fr\/wp-content\/uploads\/2025\/11\/033_Camping_Occitanie_Le_Floride_et_l_Embouchure_Ciela_Village_Hebergement_King_Suite_8_10_E038-768x941.webp 768w, https:\/\/floride.fr\/wp-content\/uploads\/2025\/11\/033_Camping_Occitanie_Le_Floride_et_l_Embouchure_Ciela_Village_Hebergement_King_Suite_8_10_E038-1254x1536.webp 1254w, https:\/\/floride.fr\/wp-content\/uploads\/2025\/11\/033_Camping_Occitanie_Le_Floride_et_l_Embouchure_Ciela_Village_Hebergement_King_Suite_8_10_E038.webp 1280w\" sizes=\"(max-width: 836px) 100vw, 836px\" \/><\/figure>\n\n\n\n<figure class=\"wp-block-image size-large\"><img loading=\"lazy\" width=\"825\" height=\"1024\" src=\"https:\/\/floride.fr\/wp-content\/uploads\/2025\/11\/085_Camping_Occitanie_Le_Floride_et_l_Embouchure_Ciela_Village_Hebergement_King_London_Bus_E151-825x1024.webp\" alt=\"\" class=\"wp-image-15962\" srcset=\"https:\/\/floride.fr\/wp-content\/uploads\/2025\/11\/085_Camping_Occitanie_Le_Floride_et_l_Embouchure_Ciela_Village_Hebergement_King_London_Bus_E151-825x1024.webp 825w, https:\/\/floride.fr\/wp-content\/uploads\/2025\/11\/085_Camping_Occitanie_Le_Floride_et_l_Embouchure_Ciela_Village_Hebergement_King_London_Bus_E151-242x300.webp 242w, https:\/\/floride.fr\/wp-content\/uploads\/2025\/11\/085_Camping_Occitanie_Le_Floride_et_l_Embouchure_Ciela_Village_Hebergement_King_London_Bus_E151-768x953.webp 768w, https:\/\/floride.fr\/wp-content\/uploads\/2025\/11\/085_Camping_Occitanie_Le_Floride_et_l_Embouchure_Ciela_Village_Hebergement_King_London_Bus_E151-1237x1536.webp 1237w, https:\/\/floride.fr\/wp-content\/uploads\/2025\/11\/085_Camping_Occitanie_Le_Floride_et_l_Embouchure_Ciela_Village_Hebergement_King_London_Bus_E151.webp 1280w\" sizes=\"(max-width: 825px) 100vw, 825px\" \/><\/figure>\n<\/figure>\n\n\n\n<div class=\"wp-container-69d0e5a0f39a9 wp-block-buttons galerie\">\n<div class=\"wp-block-button\"><a class=\"wp-block-button__link has-couleur-4-background-color has-background\" href=\"https:\/\/floride.fr\/es\/galeria-de-fotos\/\"><i class=\"fal fa-images\"><\/i> Ver la galer\u00eda multimedia<\/a><\/div>\n<\/div>\n<\/div>\n\n\n\n<div class=\"wp-block-column is-vertically-aligned-center\">\n<h3 class=\"titre2 has-couleur-2-color has-text-color\" id=\"se-sentir-ailleurs-si-pres-de-chez-soi-et-decouvrez-le-paradis-des-vacances-au-bord-de-la-mediterranee-dans-un-cadre-naturel-et-enchanteur-a-quelques-encablures-du-village-catalan-du-barcares-66\">Alquiler de mobil homes en Barcar\u00e8s con todas las comodidades en el Camping Le Floride <\/h3>\n\n\n\n<p>Nuestras 469 casas m\u00f3viles en Barcar\u00e8s, totalmente equipadas, pueden alojar de 2 a 8 personas con el m\u00e1ximo confort. En ellas encontrar\u00e1:<\/p>\n\n\n\n<ul><li>Vajilla de uso<\/li><li>Cafetera el\u00e9ctrica<\/li><li>Microondas<\/li><li>Un refrigerador<\/li><li>Adem\u00e1s de un sal\u00f3n de jard\u00edn y 2 tumbonas (o 2 hamacas).<\/li><\/ul>\n\n\n\n<p>Todas nuestras <a href=\"https:\/\/floride.fr\/es\/alquiler-de-mobil-home-en-los-pirineos-orientales\/\">casas m\u00f3viles de alta gama en Barcar\u00e8s<\/a> est\u00e1n equipadas con aire acondicionado, lavavajillas e incluso 2 cuartos de ba\u00f1o. Como nuestras gamas de alquiler vacacional Ciela Prestige y Exception, que cuentan con amplios espacios y lo mejor en t\u00e9rminos de comodidad. <\/p>\n\n\n\n<p>Otros modelos de alquiler ofrecen la posibilidad de instalar <strong>una cuna en la habitaci\u00f3n<\/strong> de los padres.<\/p>\n\n\n\n<ul><li>Todos <strong>nuestros campings<\/strong> est\u00e1n equipados con televisi\u00f3n<\/li><li>El WIFI es gratuito para dos dispositivos por estancia<\/li><\/ul>\n\n\n\n<p>\u00a1Disfruta de unas aut\u00e9nticas vacaciones con el Floride, acampando en los Pirineos Orientales!<\/p>\n<\/div>\n<\/div>\n<\/div><\/section>\n\n<section class=\"wp-container-69d0e5a0f41c2 wp-block-group F-05-a  deco-feuille1\"><div class=\"wp-block-group__inner-container\">\n<div class=\"wp-block-columns are-vertically-aligned-center\">\n<div class=\"wp-block-column is-vertically-aligned-center\">\n<h3 class=\"titre2 has-couleur-2-color has-text-color\" id=\"se-sentir-ailleurs-si-pres-de-chez-soi-et-decouvrez-le-paradis-des-vacances-au-bord-de-la-mediterranee-dans-un-cadre-naturel-et-enchanteur-a-quelques-encablures-du-village-catalan-du-barcares-66\">Chal\u00e9s totalmente equipados para una estancia reconfortante junto al mar<\/h3>\n\n\n\n<p>En nuestra oferta de <strong>alquileres de vacaciones junto al mar en Barcares<\/strong>, encontrar\u00e1 alojamientos de madera al estilo de \u00abchalets\u00bb para un m\u00e1ximo de 8 personas. Con su aspecto r\u00fastico, d\u00e9 un estilo tropical a su estancia <a href=\"https:\/\/floride.fr\/es\/alquiler-de-chalet-en-pyrenees-orientales\/\">con estos chal\u00e9s de los Pirineos Orientales.<\/a> Para su m\u00e1ximo confort, dispone de numerosas instalaciones : <\/p>\n\n\n\n<ul><li>Vajilla de uso<\/li><li>Cafetera el\u00e9ctrica<\/li><li>Microondas<\/li><li>Un refrigerador<\/li><li>Televisi\u00f3n<\/li><li>Wifi<\/li><li>Adem\u00e1s de un sal\u00f3n de jard\u00edn y 2 tumbonas (o 2 hamacas).<\/li><\/ul>\n\n\n\n<p>Los amantes de la comodidad como en casa apreciar\u00e1n nuestra gama de chal\u00e9s m\u00e1s espaciosos, el Ciela Privil\u00e8ge Tropical. Adem\u00e1s del equipamiento b\u00e1sico, <strong>un lavavajillas<\/strong> simplificar\u00e1 tu vida diaria. <\/p>\n\n\n\n<p>Tenga en cuenta que nuestros <strong>alquileres de vacaciones en Barcares<\/strong> tambi\u00e9n <strong>acogen a sus amigos de cuatro patas<\/strong> para unas vacaciones de camping completas.<\/p>\n<\/div>\n\n\n\n<div class=\"wp-block-column is-vertically-aligned-center\">\n<figure class=\"wp-block-gallery has-nested-images columns-2 is-cropped\">\n<figure class=\"wp-block-image size-large\"><img src=\"https:\/\/floride.fr\/wp-content\/uploads\/2022\/05\/&#xA9;LeFloride-101-1-1024x682.jpg\" alt=\"Alquiler de chalets tem&#xE1;ticos en los Pirineos Orientales, Barcar&#xE8;s (66)\" class=\"wp-image-3808\"\/><\/figure>\n\n\n\n<figure class=\"wp-block-image size-large\"><img loading=\"lazy\" width=\"1024\" height=\"974\" src=\"https:\/\/floride.fr\/wp-content\/uploads\/2022\/05\/884_3CH_-2020_ZOOM-RANGEMENTS-PARENTS-edited-1024x974.jpg\" alt=\"Alquiler de vacaciones m&#xE1;ximo confort en Port Barcar&#xE8;s\" class=\"wp-image-3574\" srcset=\"https:\/\/floride.fr\/wp-content\/uploads\/2022\/05\/884_3CH_-2020_ZOOM-RANGEMENTS-PARENTS-edited-1024x974.jpg 1024w, https:\/\/floride.fr\/wp-content\/uploads\/2022\/05\/884_3CH_-2020_ZOOM-RANGEMENTS-PARENTS-edited-300x285.jpg 300w, https:\/\/floride.fr\/wp-content\/uploads\/2022\/05\/884_3CH_-2020_ZOOM-RANGEMENTS-PARENTS-edited-768x731.jpg 768w, https:\/\/floride.fr\/wp-content\/uploads\/2022\/05\/884_3CH_-2020_ZOOM-RANGEMENTS-PARENTS-edited-1536x1461.jpg 1536w, https:\/\/floride.fr\/wp-content\/uploads\/2022\/05\/884_3CH_-2020_ZOOM-RANGEMENTS-PARENTS-edited-2048x1948.jpg 2048w\" sizes=\"(max-width: 1024px) 100vw, 1024px\" \/><\/figure>\n<\/figure>\n<\/div>\n<\/div>\n<\/div><\/section>\n\n<section class=\"wp-container-69d0e5a100645 wp-block-group F-05-a  deco-feuille1\"><div class=\"wp-block-group__inner-container\">\n<div class=\"wp-block-columns are-vertically-aligned-center\">\n<div class=\"wp-block-column is-vertically-aligned-center\">\n<figure class=\"wp-block-gallery has-nested-images columns-2 is-cropped\">\n<figure class=\"wp-block-image size-large\"><img loading=\"lazy\" width=\"1024\" height=\"682\" src=\"https:\/\/floride.fr\/wp-content\/uploads\/2022\/05\/fare-Aloha-1024x682.jpg\" alt=\"Noche ins&#xF3;lita en los Pirineos Orientales en un far&#xE9; ins&#xF3;lito Le Floride\" class=\"wp-image-3383\" srcset=\"https:\/\/floride.fr\/wp-content\/uploads\/2022\/05\/fare-Aloha-1024x682.jpg 1024w, https:\/\/floride.fr\/wp-content\/uploads\/2022\/05\/fare-Aloha-300x200.jpg 300w, https:\/\/floride.fr\/wp-content\/uploads\/2022\/05\/fare-Aloha-768x512.jpg 768w, https:\/\/floride.fr\/wp-content\/uploads\/2022\/05\/fare-Aloha-1536x1024.jpg 1536w, https:\/\/floride.fr\/wp-content\/uploads\/2022\/05\/fare-Aloha.jpg 1772w\" sizes=\"(max-width: 1024px) 100vw, 1024px\" \/><\/figure>\n\n\n\n<figure class=\"wp-block-image size-full\"><img loading=\"lazy\" width=\"1024\" height=\"681\" src=\"https:\/\/floride.fr\/wp-content\/uploads\/2022\/03\/roulotte-far-west.jpg\" alt=\"Camping Le Floride Le Barcar&#xE8;s (66) : Caravana Far West\" class=\"wp-image-852\" srcset=\"https:\/\/floride.fr\/wp-content\/uploads\/2022\/03\/roulotte-far-west.jpg 1024w, https:\/\/floride.fr\/wp-content\/uploads\/2022\/03\/roulotte-far-west-300x200.jpg 300w, https:\/\/floride.fr\/wp-content\/uploads\/2022\/03\/roulotte-far-west-768x511.jpg 768w\" sizes=\"(max-width: 1024px) 100vw, 1024px\" \/><\/figure>\n<\/figure>\n<\/div>\n\n\n\n<div class=\"wp-block-column is-vertically-aligned-center\">\n<h3 class=\"titre2 has-couleur-2-color has-text-color\" id=\"se-sentir-ailleurs-si-pres-de-chez-soi-et-decouvrez-le-paradis-des-vacances-au-bord-de-la-mediterranee-dans-un-cadre-naturel-et-enchanteur-a-quelques-encablures-du-village-catalan-du-barcares-66\">Alojamiento at\u00edpico para una noche ins\u00f3lita en Occitania<\/h3>\n\n\n\n<p>Aproveche sus vacaciones en Occitania, en la costa de los Pirineos Orientales, para vivir una experiencia \u00fanica. En Floride, te ofrecemos caravanas, caba\u00f1as polinesias o incluso caba\u00f1as en los \u00e1rboles. Todo est\u00e1 pensado para que te sientas tan a gusto en estos alojamientos originales de Barcar\u00e8s como en el resto de nuestros alojamientos de camping. Personalizado con gusto, podr\u00e1 escaparse unas noches o unas semanas en el camping de la ciudad de vacaciones Le Floride. Nuestros <a href=\"https:\/\/floride.fr\/es\/alquileres-insolitos-en-los-pirineos-orientales\/\">ins\u00f3litos alquileres en los Pirineos Orientales<\/a> pueden alojar de 2 a 6 personas y se organizan de diferentes maneras, a saber<\/p>\n\n\n\n<ul><li>La comodidad de una casa m\u00f3vil para el Ciela Privil\u00e8ge Aloha o Maori con un toque ex\u00f3tico adicional.<\/li><li>El esp\u00edritu del camping adaptado a las caba\u00f1as (aseos privados aparte).<\/li><li>El equipamiento pr\u00e1ctico para la caravana, pero sin aire acondicionado.<\/li><\/ul>\n<\/div>\n<\/div>\n<\/div><\/section>\n\n<section class=\"wp-container-69d0e5a100ade wp-block-group F-20-a display-none\"><div class=\"wp-block-group__inner-container\">\n<div class=\"wp-block-columns are-vertically-aligned-center\">\n<div class=\"wp-block-column is-vertically-aligned-center\">\n<h2 id=\"les-plus-de-notre-camping-5-etoiles-en-pyrenees-orientales\">Las ventajas de nuestro camping de 5 estrellas en los Pirineos Orientales<\/h2>\n\n\n\n<h3 class=\"titre1 has-couleur-2-color has-text-color\" id=\"se-sentir-ailleurs-si-pres-de-chez-soi-et-decouvrez-le-paradis-des-vacances-au-bord-de-la-mediterranee-dans-un-cadre-naturel-et-enchanteur-a-quelques-encablures-du-village-catalan-du-barcares-66\">\u00a1Elija la opci\u00f3n Premium a un buen precio!<\/h3>\n\n\n\n<p class=\"brush has-couleur-1-color has-text-color\">En pocas palabras, la opci\u00f3n premium es :<\/p>\n\n\n\n<ul><li>Kit de bienvenida<\/li><li>Un regalo sorpresa de bienvenida<\/li><li>Camas hechas a la llegada<\/li><li>Toallas proporcionadas<\/li><li>Limpieza final el d\u00eda de su salida<\/li><\/ul>\n\n\n\n<p>Tambi\u00e9n hay disponibles algunas opciones de confort en n<a href=\"https:\/\/floride.fr\/es\/ubicaciones\/\">uestras parcelas de camping con ba\u00f1os privados en los Pirineos Orientales<\/a>, para que disfrutes a\u00fan m\u00e1s de tus vacaciones en plena naturaleza.<\/p>\n<\/div>\n\n\n\n<div class=\"wp-block-column is-vertically-aligned-center\">\n<figure class=\"wp-block-gallery has-nested-images columns-2 is-cropped deco-fleur2 deco-rectangle1\">\n<figure class=\"wp-block-image size-large\"><img loading=\"lazy\" width=\"850\" height=\"566\" src=\"https:\/\/floride.fr\/wp-content\/uploads\/2022\/03\/Camping-Le-Floride-Barcares-Bungalows-11.jpg\" alt=\"Camping 5 estrellas Le Floride Barcar&#xE8;s Bungalows opci&#xF3;n premium\" class=\"wp-image-457\" srcset=\"https:\/\/floride.fr\/wp-content\/uploads\/2022\/03\/Camping-Le-Floride-Barcares-Bungalows-11.jpg 850w, https:\/\/floride.fr\/wp-content\/uploads\/2022\/03\/Camping-Le-Floride-Barcares-Bungalows-11-300x200.jpg 300w, https:\/\/floride.fr\/wp-content\/uploads\/2022\/03\/Camping-Le-Floride-Barcares-Bungalows-11-768x511.jpg 768w\" sizes=\"(max-width: 850px) 100vw, 850px\" \/><\/figure>\n\n\n\n<figure class=\"wp-block-image size-large\"><img loading=\"lazy\" width=\"1000\" height=\"667\" src=\"https:\/\/floride.fr\/wp-content\/uploads\/2022\/03\/Photo-interieur-6.jpg\" alt=\"Camping de gama alta con alquileres de vacaciones en Le Barcar&#xE8;s\" class=\"wp-image-862\" srcset=\"https:\/\/floride.fr\/wp-content\/uploads\/2022\/03\/Photo-interieur-6.jpg 1000w, https:\/\/floride.fr\/wp-content\/uploads\/2022\/03\/Photo-interieur-6-300x200.jpg 300w, https:\/\/floride.fr\/wp-content\/uploads\/2022\/03\/Photo-interieur-6-768x512.jpg 768w\" sizes=\"(max-width: 1000px) 100vw, 1000px\" \/><\/figure>\n<\/figure>\n<\/div>\n<\/div>\n<\/div><\/section>\n\n<section class=\"wp-container-69d0e5a100eab wp-block-group F-15-a vague-top ligne1-top has-bg-1-background-color has-background\"><div class=\"wp-block-group__inner-container\">\n<p class=\"titre1 has-couleur-1-color has-text-color\" id=\"decouvrez-notre-location-la-suite-riviera-premium-un-vrai-succes\">Descubra nuestro alquiler: \u00a1el Ciela Exception, todo un \u00e9xito!<\/p>\n\n\n\n<div class=\"wp-block-media-text is-stacked-on-mobile is-image-fill\"><figure class=\"wp-block-media-text__media\" style=\"background-image:url(https:\/\/floride.fr\/wp-content\/uploads\/2022\/03\/DSC_0827-arrangee-PT-1024x668.jpg);background-position:50% 50%\"><img loading=\"lazy\" width=\"1024\" height=\"668\" src=\"https:\/\/floride.fr\/wp-content\/uploads\/2022\/03\/DSC_0827-arrangee-PT-1024x668.jpg\" alt=\"Camping con spa en languedoc roussillon, suite riviera\" class=\"wp-image-857 size-full\" srcset=\"https:\/\/floride.fr\/wp-content\/uploads\/2022\/03\/DSC_0827-arrangee-PT-1024x668.jpg 1024w, https:\/\/floride.fr\/wp-content\/uploads\/2022\/03\/DSC_0827-arrangee-PT-300x196.jpg 300w, https:\/\/floride.fr\/wp-content\/uploads\/2022\/03\/DSC_0827-arrangee-PT-768x501.jpg 768w, https:\/\/floride.fr\/wp-content\/uploads\/2022\/03\/DSC_0827-arrangee-PT-1536x1002.jpg 1536w, https:\/\/floride.fr\/wp-content\/uploads\/2022\/03\/DSC_0827-arrangee-PT.jpg 2000w\" sizes=\"(max-width: 1024px) 100vw, 1024px\" \/><\/figure><div class=\"wp-block-media-text__content\">\n<h3 class=\"has-couleur-4-color has-text-color\" id=\"hebergement-haut-de-gamme-au-sein-de-notre-camping-en-languedoc-roussillon\">Alojamiento de alta gama en nuestro camping de Languedoc-Rosell\u00f3n<\/h3>\n\n\n\n<p>Para que te sientas perfectamente c\u00f3modo con tu familia o amigos, los alojamientos de la gama Ciela Exception se componen de:<\/p>\n\n\n\n<ul><li>3 habitaciones<\/li><li>2 ba\u00f1os;<\/li><li>TV de pantalla plana<\/li><li>Aire acondicionado;<\/li><li>Lavavajillas.<\/li><\/ul>\n\n\n\n<p>Sea el primero en reservar sus vacaciones en nuestro <strong>camping de 5 estrellas en Languedoc Roussillon.<\/strong><\/p>\n<\/div><\/div>\n<\/div><\/section>\n\n<p><\/p>\n","protected":false},"excerpt":{"rendered":"<p>Mobil-Home, Chalet y Alquiler ins\u00f3lito en Barcar\u00e8s (66) M\u00e1ximo confort para sus vacaciones en los Pirineos Orientales Sea cual sea tu plan, ya sea en pareja, en familia o con amigos, en Le Floride encontrar\u00e1s sin duda la opci\u00f3n ideal para disfrutar de unas vacaciones agradables y perfectas en los Pirineos Orientales. Entre nuestra selecci\u00f3n [&hellip;]<\/p>\n","protected":false},"author":1,"featured_media":0,"parent":0,"menu_order":0,"comment_status":"closed","ping_status":"closed","template":"","meta":[],"acf":[],"_links":{"self":[{"href":"https:\/\/floride.fr\/es\/wp-json\/wp\/v2\/pages\/2682"}],"collection":[{"href":"https:\/\/floride.fr\/es\/wp-json\/wp\/v2\/pages"}],"about":[{"href":"https:\/\/floride.fr\/es\/wp-json\/wp\/v2\/types\/page"}],"author":[{"embeddable":true,"href":"https:\/\/floride.fr\/es\/wp-json\/wp\/v2\/users\/1"}],"replies":[{"embeddable":true,"href":"https:\/\/floride.fr\/es\/wp-json\/wp\/v2\/comments?post=2682"}],"version-history":[{"count":6,"href":"https:\/\/floride.fr\/es\/wp-json\/wp\/v2\/pages\/2682\/revisions"}],"predecessor-version":[{"id":16348,"href":"https:\/\/floride.fr\/es\/wp-json\/wp\/v2\/pages\/2682\/revisions\/16348"}],"wp:attachment":[{"href":"https:\/\/floride.fr\/es\/wp-json\/wp\/v2\/media?parent=2682"}],"curies":[{"name":"wp","href":"https:\/\/api.w.org\/{rel}","templated":true}]}}