{"id":2690,"date":"2022-04-21T16:15:48","date_gmt":"2022-04-21T14:15:48","guid":{"rendered":"https:\/\/floride.fr\/ofertas-especiales\/"},"modified":"2026-03-17T14:38:48","modified_gmt":"2026-03-17T13:38:48","slug":"ofertas-especiales","status":"publish","type":"page","link":"https:\/\/floride.fr\/es\/ofertas-especiales\/","title":{"rendered":"Ofertas especiales"},"content":{"rendered":"\n<figure class=\"wp-block-image alignfull size-full F-00-b\"><img loading=\"lazy\" width=\"1920\" height=\"1279\" src=\"https:\/\/floride.fr\/wp-content\/uploads\/2025\/11\/306_Camping_Occitanie_Le_Floride_et_l_Embouchure_Ciela_Village_Entree_du_Camping.webp\" alt=\"\" class=\"wp-image-15612\" srcset=\"https:\/\/floride.fr\/wp-content\/uploads\/2025\/11\/306_Camping_Occitanie_Le_Floride_et_l_Embouchure_Ciela_Village_Entree_du_Camping.webp 1920w, https:\/\/floride.fr\/wp-content\/uploads\/2025\/11\/306_Camping_Occitanie_Le_Floride_et_l_Embouchure_Ciela_Village_Entree_du_Camping-300x200.webp 300w, https:\/\/floride.fr\/wp-content\/uploads\/2025\/11\/306_Camping_Occitanie_Le_Floride_et_l_Embouchure_Ciela_Village_Entree_du_Camping-1024x682.webp 1024w, https:\/\/floride.fr\/wp-content\/uploads\/2025\/11\/306_Camping_Occitanie_Le_Floride_et_l_Embouchure_Ciela_Village_Entree_du_Camping-768x512.webp 768w, https:\/\/floride.fr\/wp-content\/uploads\/2025\/11\/306_Camping_Occitanie_Le_Floride_et_l_Embouchure_Ciela_Village_Entree_du_Camping-1536x1023.webp 1536w\" sizes=\"(max-width: 1920px) 100vw, 1920px\" \/><\/figure>\n\n<section class=\"wp-container-69e79f86d49ac wp-block-group\"><div class=\"wp-block-group__inner-container\">\n<h1 class=\"has-text-align-center has-couleur-1-color has-text-color\" id=\"a-port-barcares-faites-le-choix-du-depaysement-haut-de-gamme-en-2022\">Promociones<\/h1>\n\n\n\n<div class=\"wp-block-group encart-alerte\"><div class=\"wp-block-group__inner-container\">\n<h2 class=\"has-couleur-4-color has-text-color\" id=\"profitez-de-nos-forfaits-longs-sejours\">Aproveche nuestros paquetes de larga estancia<\/h2>\n\n\n\n<p>En temporada baja, reg\u00e1lese una estancia prolongada en el Camping Le Floride y disfrute de precios muy atractivos:<\/p>\n\n\n\n<p>Alquiler Ciela Confort 1 habitaci\u00f3n desde 945 \u20ac las 4 semanas<\/p>\n\n\n\n<p>Alquiler Ciela Confort 2 habitaciones 4 personas desde 1190 \u20ac las 4 semanas<\/p>\n\n\n\n<p>Ciela Confort 2 habitaciones 4 personas desde 1260 \u20ac las 4 semanas<\/p>\n\n\n\n<p>Alquiler Ciela Confort 2 habitaciones 4\/6 personas desde 1295 \u20ac las 4 semanas<\/p>\n\n\n\n<p>Alquiler Ciela Confort 3 habitaciones 6 personas desde 1330 \u20ac las 4 semanas<\/p>\n\n\n\n<p>Alquiler Ciela Confort 3 habitaciones 6\/8 personas desde 1379 \u20ac las 4 semanas<\/p>\n\n\n\n<p><strong>V\u00e1lido del 3 de abril al 3 de julio y del 29 de agosto al 2 de noviembre de 2026.<\/strong><\/p>\n\n\n\n<p>Las tasas tur\u00edsticas y la ecoparticipaci\u00f3n est\u00e1n incluidas en las tarifas. Las tarifas se basan en 2 personas, cargo adicional por personas adicionales.<\/p>\n\n\n\n<p>Consulte las tarifas y la disponibilidad en la pesta\u00f1a \u00abReservar ahora\u00bb o llame al 04 68 86 11 75 para obtener m\u00e1s informaci\u00f3n.<\/p>\n<\/div><\/div>\n<\/div><\/section>\n","protected":false},"excerpt":{"rendered":"<p>Promociones<\/p>\n","protected":false},"author":1,"featured_media":0,"parent":0,"menu_order":0,"comment_status":"closed","ping_status":"closed","template":"","meta":[],"acf":[],"_links":{"self":[{"href":"https:\/\/floride.fr\/es\/wp-json\/wp\/v2\/pages\/2690"}],"collection":[{"href":"https:\/\/floride.fr\/es\/wp-json\/wp\/v2\/pages"}],"about":[{"href":"https:\/\/floride.fr\/es\/wp-json\/wp\/v2\/types\/page"}],"author":[{"embeddable":true,"href":"https:\/\/floride.fr\/es\/wp-json\/wp\/v2\/users\/1"}],"replies":[{"embeddable":true,"href":"https:\/\/floride.fr\/es\/wp-json\/wp\/v2\/comments?post=2690"}],"version-history":[{"count":6,"href":"https:\/\/floride.fr\/es\/wp-json\/wp\/v2\/pages\/2690\/revisions"}],"predecessor-version":[{"id":16364,"href":"https:\/\/floride.fr\/es\/wp-json\/wp\/v2\/pages\/2690\/revisions\/16364"}],"wp:attachment":[{"href":"https:\/\/floride.fr\/es\/wp-json\/wp\/v2\/media?parent=2690"}],"curies":[{"name":"wp","href":"https:\/\/api.w.org\/{rel}","templated":true}]}}