{"id":2890,"date":"2022-04-22T09:47:57","date_gmt":"2022-04-22T07:47:57","guid":{"rendered":"https:\/\/floride.fr\/seminario\/"},"modified":"2026-03-17T15:02:41","modified_gmt":"2026-03-17T14:02:41","slug":"seminario","status":"publish","type":"page","link":"https:\/\/floride.fr\/es\/seminario\/","title":{"rendered":"Seminarios y eventos"},"content":{"rendered":"\n<figure class=\"wp-block-image alignfull size-full F-00-b\"><img loading=\"lazy\" width=\"2560\" height=\"1707\" src=\"https:\/\/floride.fr\/wp-content\/uploads\/2022\/05\/pexels-fauxels-3184639-1-scaled.jpg\" alt=\"\" class=\"wp-image-4397\" srcset=\"https:\/\/floride.fr\/wp-content\/uploads\/2022\/05\/pexels-fauxels-3184639-1-scaled.jpg 2560w, https:\/\/floride.fr\/wp-content\/uploads\/2022\/05\/pexels-fauxels-3184639-1-300x200.jpg 300w, https:\/\/floride.fr\/wp-content\/uploads\/2022\/05\/pexels-fauxels-3184639-1-1024x683.jpg 1024w, https:\/\/floride.fr\/wp-content\/uploads\/2022\/05\/pexels-fauxels-3184639-1-768x512.jpg 768w, https:\/\/floride.fr\/wp-content\/uploads\/2022\/05\/pexels-fauxels-3184639-1-1536x1024.jpg 1536w, https:\/\/floride.fr\/wp-content\/uploads\/2022\/05\/pexels-fauxels-3184639-1-2048x1365.jpg 2048w\" sizes=\"(max-width: 2560px) 100vw, 2560px\" \/><\/figure>\n\n<h1 class=\"has-couleur-1-color has-text-color\" id=\"organisation-de-seminaires-en-camping-5-etoilesvotre-entreprise-association-groupe-ou-collectivite-souhaite-organiser-un-seminaire-ou-une-conference\">Seminarios cerca de Perpi\u00f1\u00e1n<br\/>en el camping de 5 estrellas Le Floride<\/h1>\n\n<h2 class=\"titre3 has-couleur-4-color has-text-color\" id=\"organisation-de-seminaires-pour-entreprises-privees-ou-publiques-en-bord-de-mer\">Organizaci\u00f3n de seminarios para empresas privadas o p\u00fablicas junto al mar <\/h2>\n\n<p><strong>Votre Entreprise, Association, Groupe <\/strong>souhaite organiser un \u00e9v\u00e9nement ou un <strong>s\u00e9minaire \u00e0 Perpignan<\/strong> ?<\/p>\n\n<p>Nuestro <a href=\"https:\/\/floride.fr\/es\/\">camping de 5 estrellas en Barcar\u00e8s <\/a>ofrece paquetes y estancias a medida y con todo incluido para acoger a su grupo en un entorno agradable, ideal tanto para trabajar como para relajarse, en un ambiente acogedor. Con una ubicaci\u00f3n ideal a <a href=\"https:\/\/floride.fr\/es\/alrededores\/\">orillas del mar en Languedoc-Rosell\u00f3n<\/a>, Le Floride es un lugar tranquilo que combina descanso y descubrimientos.  Nuestro establecimiento le ofrece una acogida de primera clase gracias a todos nuestros servicios de 5 estrellas: <\/p>\n\n<div class=\"wp-block-media-text is-stacked-on-mobile is-image-fill\" style=\"grid-template-columns:34% auto\"><figure class=\"wp-block-media-text__media\" style=\"background-image:url(https:\/\/floride.fr\/wp-content\/uploads\/2022\/05\/IMG_0039-6-699x1024.jpg);background-position:45% 43%\"><img loading=\"lazy\" width=\"699\" height=\"1024\" src=\"https:\/\/floride.fr\/wp-content\/uploads\/2022\/05\/IMG_0039-6-699x1024.jpg\" alt=\"\" class=\"wp-image-4447 size-full\" srcset=\"https:\/\/floride.fr\/wp-content\/uploads\/2022\/05\/IMG_0039-6-699x1024.jpg 699w, https:\/\/floride.fr\/wp-content\/uploads\/2022\/05\/IMG_0039-6-205x300.jpg 205w, https:\/\/floride.fr\/wp-content\/uploads\/2022\/05\/IMG_0039-6-768x1124.jpg 768w, https:\/\/floride.fr\/wp-content\/uploads\/2022\/05\/IMG_0039-6-1049x1536.jpg 1049w, https:\/\/floride.fr\/wp-content\/uploads\/2022\/05\/IMG_0039-6-1399x2048.jpg 1399w, https:\/\/floride.fr\/wp-content\/uploads\/2022\/05\/IMG_0039-6-scaled.jpg 1749w\" sizes=\"(max-width: 699px) 100vw, 699px\" \/><\/figure><div class=\"wp-block-media-text__content\">\n<ul><li>Salas de diferentes capacidades para la organizaci\u00f3n de sus reuniones<\/li><li><a href=\"https:\/\/floride.fr\/es\/alquileres\/\">Alquiler de mobil-homes y chal\u00e9s<\/a> con todas las comodidades: televisi\u00f3n, wifi y s\u00e1banas incluidas.<\/li><li><a href=\"https:\/\/floride.fr\/es\/servicio-y-catering\/\">Bar y restaurante<\/a> en el establecimiento; paquetes con o sin comidas incluidas (desde el desayuno hasta la cena)<\/li><li><a href=\"https:\/\/floride.fr\/es\/actividades-y-eventos\/\">Actividades y animaciones <\/a>espec\u00edficas para la visita de su grupo (ideales para momentos de relajaci\u00f3n y para fomentar el esp\u00edritu de equipo entre sus empleados): iniciaci\u00f3n al tiro con arco, clases de fitness, aquagym, karaoke, veladas de baile&#8230;<\/li><li>Acceso ilimitado al<a href=\"https:\/\/floride.fr\/es\/parque-acuatico\/\"> parque acu\u00e1tico del camping<\/a>, con piscinas climatizadas y jacuzzi, as\u00ed como al gimnasio<\/li><\/ul>\n<\/div><\/div>\n\n<p><\/p>\n\n<section class=\"wp-container-69e3280a1c32d wp-block-group\"><div class=\"wp-block-group__inner-container\">\n<h2 class=\"has-text-align-center has-couleur-1-color has-text-color\" id=\"nouveaute-au-camping-le-floride\">Novedades en el Camping Le Floride<\/h2>\n\n\n\n<h2 class=\"has-text-align-center h1 has-couleur-2-color has-text-color\" id=\"faites-plaisir-a-vos-proches-offrez-leur-un-moment-inoubliable-au-barcares\">\u00a1Dale una alegr\u00eda a tus seres queridos y reg\u00e1lales un momento inolvidable en Barcar\u00e8s!<\/h2>\n\n\n\n<p class=\"has-text-align-center\">Todos los a\u00f1os tenemos que pensar en preparar y organizar nuestro propio cumplea\u00f1os o el de nuestros seres queridos. Y cada a\u00f1o es diferente, con nuevos deseos que vivir, nuevos temas que explorar. Divertirse y compartir <strong>un momento inolvidable<\/strong> es el objetivo. \u00bfQuiere hacer cosas diferentes este a\u00f1o? Ya sea para el cumplea\u00f1os de tu hijo, de un ser querido o el tuyo propio, el servicio de eventos de nuestro camping te ofrece la posibilidad de organizar una celebraci\u00f3n a la altura de tus expectativas. Como cada empresa tiene su propia cultura y valores, <strong>nos adaptaremos a todos sus deseos.<\/strong><\/p>\n<\/div><\/section>\n\n<section class=\"wp-container-69e3280a1f5db wp-block-group\"><div class=\"wp-block-group__inner-container\">\n<h2 class=\"has-text-align-center titre1 has-couleur-1-color has-text-color\" id=\"contactez-nous\">Contacto <\/h2>\n\n\n\n<p class=\"has-text-align-center\">Para cualquier solicitud de informaci\u00f3n, p\u00f3ngase en contacto con nosotros rellenando este formulario o por tel\u00e9fono en el <a itemprop=\"telephone\" href=\"tel:+33468861175\">04 68 86 11 75<\/a><\/p>\n\n\n<script type=\"text\/javascript\">var gform;gform||(document.addEventListener(\"gform_main_scripts_loaded\",function(){gform.scriptsLoaded=!0}),window.addEventListener(\"DOMContentLoaded\",function(){gform.domLoaded=!0}),gform={domLoaded:!1,scriptsLoaded:!1,initializeOnLoaded:function(o){gform.domLoaded&&gform.scriptsLoaded?o():!gform.domLoaded&&gform.scriptsLoaded?window.addEventListener(\"DOMContentLoaded\",o):document.addEventListener(\"gform_main_scripts_loaded\",o)},hooks:{action:{},filter:{}},addAction:function(o,n,r,t){gform.addHook(\"action\",o,n,r,t)},addFilter:function(o,n,r,t){gform.addHook(\"filter\",o,n,r,t)},doAction:function(o){gform.doHook(\"action\",o,arguments)},applyFilters:function(o){return gform.doHook(\"filter\",o,arguments)},removeAction:function(o,n){gform.removeHook(\"action\",o,n)},removeFilter:function(o,n,r){gform.removeHook(\"filter\",o,n,r)},addHook:function(o,n,r,t,i){null==gform.hooks[o][n]&&(gform.hooks[o][n]=[]);var e=gform.hooks[o][n];null==i&&(i=n+\"_\"+e.length),gform.hooks[o][n].push({tag:i,callable:r,priority:t=null==t?10:t})},doHook:function(n,o,r){var t;if(r=Array.prototype.slice.call(r,1),null!=gform.hooks[n][o]&&((o=gform.hooks[n][o]).sort(function(o,n){return o.priority-n.priority}),o.forEach(function(o){\"function\"!=typeof(t=o.callable)&&(t=window[t]),\"action\"==n?t.apply(null,r):r[0]=t.apply(null,r)})),\"filter\"==n)return r[0]},removeHook:function(o,n,t,i){var r;null!=gform.hooks[o][n]&&(r=(r=gform.hooks[o][n]).filter(function(o,n,r){return!!(null!=i&&i!=o.tag||null!=t&&t!=o.priority)}),gform.hooks[o][n]=r)}});<\/script>\n                <div class='gf_browser_gecko gform_wrapper gravity-theme' id='gform_wrapper_3' ><div id='gf_3' class='gform_anchor' tabindex='-1'><\/div><form method='post' enctype='multipart\/form-data' target='gform_ajax_frame_3' id='gform_3'  action='\/es\/wp-json\/wp\/v2\/pages\/2890#gf_3' novalidate>\n                        <div class='gform_body gform-body'><div id='gform_fields_3' class='gform_fields top_label form_sublabel_below description_below'><div id=\"field_3_1\"  class=\"gfield field_sublabel_below field_description_below gfield_visibility_visible\"  data-js-reload=\"field_3_1\"><label class='gfield_label' for='input_3_1' >Nombre de la organizaci\u00f3n<\/label><div class='ginput_container ginput_container_text'><input name='input_1' id='input_3_1' type='text' value='' class='large'    placeholder='Organizaci\u00f3n'  aria-invalid=\"false\"   \/> <\/div><\/div><div id=\"field_3_2\"  class=\"gfield gfield_contains_required field_sublabel_below field_description_below gfield_visibility_visible\"  data-js-reload=\"field_3_2\"><label class='gfield_label' for='input_3_2' >Apellido Nombre<span class=\"gfield_required\"><span class=\"gfield_required gfield_required_asterisk\">*<\/span><\/span><\/label><div class='ginput_container ginput_container_text'><input name='input_2' id='input_3_2' type='text' value='' class='large'    placeholder='John Doe' aria-required=\"true\" aria-invalid=\"false\"   \/> <\/div><\/div><fieldset id=\"field_3_4\"  class=\"gfield gfield--width-full field_sublabel_above field_description_below hidden_label gfield_visibility_visible\"  data-js-reload=\"field_3_4\"><legend class='gfield_label gfield_label_before_complex'  >Direcci\u00f3n<\/legend>    \n                    <div class='ginput_complex ginput_container has_street has_city has_zip ginput_container_address' id='input_3_4' >\n                         <span class='ginput_full address_line_1 ginput_address_line_1' id='input_3_4_1_container' >\n                                        <label for='input_3_4_1' id='input_3_4_1_label' >Direcci\u00f3n<\/label>\n                                        <input type='text' name='input_4.1' id='input_3_4_1' value=''    aria-required='false'    \/>\n                                   <\/span><span class='ginput_left address_city ginput_address_city' id='input_3_4_3_container' >\n                                    <label for='input_3_4_3' id='input_3_4_3_label' >Ciudad<\/label>\n                                    <input type='text' name='input_4.3' id='input_3_4_3' value=''    aria-required='false'    \/>\n                                 <\/span><input type='hidden' class='gform_hidden' name='input_4.4' id='input_3_4_4' value=''\/><span class='ginput_right address_zip ginput_address_zip' id='input_3_4_5_container' >\n                                    <label for='input_3_4_5' id='input_3_4_5_label' >ZIP \/ C\u00f3digo Postal<\/label>\n                                    <input type='text' name='input_4.5' id='input_3_4_5' value=''    aria-required='false'    \/>\n                                <\/span><input type='hidden' class='gform_hidden' name='input_4.6' id='input_3_4_6' value='' \/>\n                    <div class='gf_clear gf_clear_complex'><\/div>\n                <\/div><\/fieldset><div id=\"field_3_5\"  class=\"gfield gfield--width-full field_sublabel_below field_description_below gfield_visibility_visible\"  data-js-reload=\"field_3_5\"><label class='gfield_label' for='input_3_5' >Tel\u00e9fono<\/label><div class='ginput_container ginput_container_phone'><input name='input_5' id='input_3_5' type='tel' value='' class='large'  placeholder='+33 0 00 00 00 00'  aria-invalid=\"false\"   \/><\/div><\/div><div id=\"field_3_6\"  class=\"gfield gfield--width-full gfield_contains_required field_sublabel_below field_description_below gfield_visibility_visible\"  data-js-reload=\"field_3_6\"><label class='gfield_label' for='input_3_6' >E-mail<span class=\"gfield_required\"><span class=\"gfield_required gfield_required_asterisk\">*<\/span><\/span><\/label><div class='ginput_container ginput_container_email'>\n                            <input name='input_6' id='input_3_6' type='email' value='' class='large'   placeholder='ejemplo@camping.com' aria-required=\"true\" aria-invalid=\"false\"  \/>\n                        <\/div><\/div><fieldset id=\"field_3_7\"  class=\"gfield gfield--width-full gfield_contains_required field_sublabel_below field_description_below hidden_label gfield_visibility_visible\"  data-js-reload=\"field_3_7\"><legend class='gfield_label gfield_label_before_complex'  >RGPD<span class=\"gfield_required\"><span class=\"gfield_required gfield_required_asterisk\">*<\/span><\/span><\/legend><div class='ginput_container ginput_container_consent'><input name='input_7.1' id='input_3_7_1' type='checkbox' value='1'   aria-required=\"true\" aria-invalid=\"false\"   \/> <label class=\"gfield_consent_label\" for='input_3_7_1' >Acepto el uso de mis datos personales mencionado en la <a href=\"https:\/\/floride.francecom.com\/es\/confidencialidad-y-datos-personales\/\" target=\"_blank\">Pol\u00edtica de privacidad y gesti\u00f3n de datos personales<\/a>.<\/label><span class=\"gfield_required gfield_required_asterisk\">*<\/span><input type='hidden' name='input_7.2' value='Acepto el uso de mis datos personales mencionado en la &lt;a href=&quot;https:\/\/floride.francecom.com\/es\/confidencialidad-y-datos-personales\/&quot; target=&quot;_blank&quot;&gt;Pol\u00edtica de privacidad y gesti\u00f3n de datos personales&lt;\/a&gt;.' class='gform_hidden' \/><input type='hidden' name='input_7.3' value='3' class='gform_hidden' \/><\/div><\/fieldset><div id=\"field_3_8\"  class=\"gfield gfield--width-full field_sublabel_below field_description_below hidden_label gfield_visibility_visible\"  data-js-reload=\"field_3_8\"><label class='gfield_label' for='input_3_8' >CAPTCHA<\/label><div id='input_3_8' class='ginput_container ginput_recaptcha' data-sitekey='6LcqotAeAAAAAGHrtC4gqLxYtWFv-bLABAvDdjYH'  data-theme='light' data-tabindex='-1' data-size='invisible' data-badge='bottomright'><\/div><\/div><\/div><\/div>\n        <div class='gform_footer top_label'> <input type='submit' id='gform_submit_button_3' class='gform_button button' value='Enviar'  onclick='if(window[\"gf_submitting_3\"]){return false;}  if( !jQuery(\"#gform_3\")[0].checkValidity || jQuery(\"#gform_3\")[0].checkValidity()){window[\"gf_submitting_3\"]=true;}  ' onkeypress='if( event.keyCode == 13 ){ if(window[\"gf_submitting_3\"]){return false;} if( !jQuery(\"#gform_3\")[0].checkValidity || jQuery(\"#gform_3\")[0].checkValidity()){window[\"gf_submitting_3\"]=true;}  jQuery(\"#gform_3\").trigger(\"submit\",[true]); }' \/> <input type='hidden' name='gform_ajax' value='form_id=3&amp;title=&amp;description=&amp;tabindex=0' \/>\n            <input type='hidden' class='gform_hidden' name='is_submit_3' value='1' \/>\n            <input type='hidden' class='gform_hidden' name='gform_submit' value='3' \/>\n            \n            <input type='hidden' class='gform_hidden' name='gform_unique_id' value='' \/>\n            <input type='hidden' class='gform_hidden' name='state_3' value='WyJ7XCI3LjFcIjpcIjY2MzkxMzY2MmNiM2Q0MzljOTY1Nzc5NTZlMmYxOTZhXCIsXCI3LjJcIjpcIjE3MTk1MTY4Yjc2ZjRmYmUxZTU0NjkwODA3Y2I3ZmFiXCIsXCI3LjNcIjpcImRhZGE5ZjBjOTlhMjQ3NzEyM2MwNzI2ZTQ5OWYzYTUyXCJ9IiwiMjdjZTJlMWFlM2ZiNzIyMDk1ZmMyMTg0NmI3NWEwN2UiXQ==' \/>\n            <input type='hidden' class='gform_hidden' name='gform_target_page_number_3' id='gform_target_page_number_3' value='0' \/>\n            <input type='hidden' class='gform_hidden' name='gform_source_page_number_3' id='gform_source_page_number_3' value='1' \/>\n            <input type='hidden' name='gform_field_values' value='' \/>\n            \n        <\/div>\n                        <p style=\"display: none !important;\"><label>&#916;<textarea name=\"ak_hp_textarea\" cols=\"45\" rows=\"8\" maxlength=\"100\"><\/textarea><\/label><input type=\"hidden\" id=\"ak_js_1\" name=\"ak_js\" value=\"194\"\/><script>document.getElementById( \"ak_js_1\" ).setAttribute( \"value\", ( new Date() ).getTime() );<\/script><\/p><\/form>\n                        <\/div>\n                <iframe style='display:none;width:0px;height:0px;' src='about:blank' name='gform_ajax_frame_3' id='gform_ajax_frame_3' title='Este iframe contiene la l\u00f3gica necesaria para gestionar formularios con ajax activado.'><\/iframe>\n                <script type=\"text\/javascript\">\ngform.initializeOnLoaded( function() {gformInitSpinner( 3, 'https:\/\/floride.fr\/wp-content\/plugins\/gravityforms\/images\/spinner.svg' );jQuery('#gform_ajax_frame_3').on('load',function(){var contents = jQuery(this).contents().find('*').html();var is_postback = contents.indexOf('GF_AJAX_POSTBACK') >= 0;if(!is_postback){return;}var form_content = jQuery(this).contents().find('#gform_wrapper_3');var is_confirmation = jQuery(this).contents().find('#gform_confirmation_wrapper_3').length > 0;var is_redirect = contents.indexOf('gformRedirect(){') >= 0;var is_form = form_content.length > 0 && ! is_redirect && ! is_confirmation;var mt = parseInt(jQuery('html').css('margin-top'), 10) + parseInt(jQuery('body').css('margin-top'), 10) + 100;if(is_form){jQuery('#gform_wrapper_3').html(form_content.html());if(form_content.hasClass('gform_validation_error')){jQuery('#gform_wrapper_3').addClass('gform_validation_error');} else {jQuery('#gform_wrapper_3').removeClass('gform_validation_error');}setTimeout( function() { \/* delay the scroll by 50 milliseconds to fix a bug in chrome *\/ jQuery(document).scrollTop(jQuery('#gform_wrapper_3').offset().top - mt); }, 50 );if(window['gformInitDatepicker']) {gformInitDatepicker();}if(window['gformInitPriceFields']) {gformInitPriceFields();}var current_page = jQuery('#gform_source_page_number_3').val();gformInitSpinner( 3, 'https:\/\/floride.fr\/wp-content\/plugins\/gravityforms\/images\/spinner.svg' );jQuery(document).trigger('gform_page_loaded', [3, current_page]);window['gf_submitting_3'] = false;}else if(!is_redirect){var confirmation_content = jQuery(this).contents().find('.GF_AJAX_POSTBACK').html();if(!confirmation_content){confirmation_content = contents;}setTimeout(function(){jQuery('#gform_wrapper_3').replaceWith(confirmation_content);jQuery(document).scrollTop(jQuery('#gf_3').offset().top - mt);jQuery(document).trigger('gform_confirmation_loaded', [3]);window['gf_submitting_3'] = false;wp.a11y.speak(jQuery('#gform_confirmation_message_3').text());}, 50);}else{jQuery('#gform_3').append(contents);if(window['gformRedirect']) {gformRedirect();}}jQuery(document).trigger('gform_post_render', [3, current_page]);} );} );\n<\/script>\n<\/div><\/section>\n","protected":false},"excerpt":{"rendered":"<p>Seminarios cerca de Perpi\u00f1\u00e1nen el camping de 5 estrellas Le Floride Organizaci\u00f3n de seminarios para empresas privadas o p\u00fablicas junto al mar Votre Entreprise, Association, Groupe souhaite organiser un \u00e9v\u00e9nement ou un s\u00e9minaire \u00e0 Perpignan ? Nuestro camping de 5 estrellas en Barcar\u00e8s ofrece paquetes y estancias a medida y con todo incluido para acoger [&hellip;]<\/p>\n","protected":false},"author":1,"featured_media":0,"parent":0,"menu_order":0,"comment_status":"closed","ping_status":"closed","template":"","meta":[],"acf":[],"_links":{"self":[{"href":"https:\/\/floride.fr\/es\/wp-json\/wp\/v2\/pages\/2890"}],"collection":[{"href":"https:\/\/floride.fr\/es\/wp-json\/wp\/v2\/pages"}],"about":[{"href":"https:\/\/floride.fr\/es\/wp-json\/wp\/v2\/types\/page"}],"author":[{"embeddable":true,"href":"https:\/\/floride.fr\/es\/wp-json\/wp\/v2\/users\/1"}],"replies":[{"embeddable":true,"href":"https:\/\/floride.fr\/es\/wp-json\/wp\/v2\/comments?post=2890"}],"version-history":[{"count":6,"href":"https:\/\/floride.fr\/es\/wp-json\/wp\/v2\/pages\/2890\/revisions"}],"predecessor-version":[{"id":16377,"href":"https:\/\/floride.fr\/es\/wp-json\/wp\/v2\/pages\/2890\/revisions\/16377"}],"wp:attachment":[{"href":"https:\/\/floride.fr\/es\/wp-json\/wp\/v2\/media?parent=2890"}],"curies":[{"name":"wp","href":"https:\/\/api.w.org\/{rel}","templated":true}]}}