{"id":2896,"date":"2022-04-22T09:59:06","date_gmt":"2022-04-22T07:59:06","guid":{"rendered":"https:\/\/floride.fr\/servicio-y-catering\/"},"modified":"2026-03-17T15:23:04","modified_gmt":"2026-03-17T14:23:04","slug":"servicio-y-catering","status":"publish","type":"page","link":"https:\/\/floride.fr\/es\/servicio-y-catering\/","title":{"rendered":"Servicio y Catering"},"content":{"rendered":"\n<figure class=\"wp-block-image alignfull size-full F-00-b\"><img loading=\"lazy\" width=\"1920\" height=\"1279\" src=\"https:\/\/floride.fr\/wp-content\/uploads\/2025\/11\/186_Camping_Occitanie_Le_Floride_et_l_Embouchure_Ciela_Village_Tiki_Restaurant.webp\" alt=\"\" class=\"wp-image-15584\" srcset=\"https:\/\/floride.fr\/wp-content\/uploads\/2025\/11\/186_Camping_Occitanie_Le_Floride_et_l_Embouchure_Ciela_Village_Tiki_Restaurant.webp 1920w, https:\/\/floride.fr\/wp-content\/uploads\/2025\/11\/186_Camping_Occitanie_Le_Floride_et_l_Embouchure_Ciela_Village_Tiki_Restaurant-300x200.webp 300w, https:\/\/floride.fr\/wp-content\/uploads\/2025\/11\/186_Camping_Occitanie_Le_Floride_et_l_Embouchure_Ciela_Village_Tiki_Restaurant-1024x682.webp 1024w, https:\/\/floride.fr\/wp-content\/uploads\/2025\/11\/186_Camping_Occitanie_Le_Floride_et_l_Embouchure_Ciela_Village_Tiki_Restaurant-768x512.webp 768w, https:\/\/floride.fr\/wp-content\/uploads\/2025\/11\/186_Camping_Occitanie_Le_Floride_et_l_Embouchure_Ciela_Village_Tiki_Restaurant-1536x1023.webp 1536w\" sizes=\"(max-width: 1920px) 100vw, 1920px\" \/><\/figure>\n\n<section class=\"wp-container-69d0fc0e05a5f wp-block-group F-25-a deco-ananas\"><div class=\"wp-block-group__inner-container\">\n<h1 class=\"has-text-align-left has-couleur-1-color has-text-color\" id=\"services-restaurants-a-barcares-la-qualite-pour-tous-les-gouts\">Servicios y Restaurantes en Barcar\u00e8s : La calidad para todos los gustos<\/h1>\n\n\n\n<h2 class=\"has-text-align-left titre2 has-couleur-4-color has-text-color\" id=\"produits-du-terroir-et-saveurs-du-languedoc-au-camping-5-etoiles-le-floride\">Productos locales y sabores del Languedoc en el camping 5 estrellas Le Floride<\/h2>\n\n\n\n<p class=\"has-text-align-left\">Los equipos del Bar, del Restaurante Tiki, del Snack I&#8217;Inkka y del Food-Truck Starlite Diner te esperan para satisfacer todos tus antojos en el camping de 5 estrellas Le Floride, en <a href=\"https:\/\/floride.fr\/es\/\">Barcar\u00e8s<\/a>. \u00bfDescubrir los productos de Languedoc-Roussillon o disfrutar de un c\u00f3ctel bajo el sol? Visite nuestro centro de restauraci\u00f3n para vivir experiencias gustativas inolvidables. \u00a1Una aut\u00e9ntica ventaja para tus vacaciones en Port-Barcar\u00e8s, en un camping cerca de Perpi\u00f1\u00e1n!<\/p>\n\n\n\n<div class=\"wp-container-69d0fc0e05777 wp-block-group diaporama--3\">\n<div class=\"wp-container-69d0fc0e0323d wp-block-group\"><div class=\"wp-block-group__inner-container\">\n<figure class=\"wp-block-image size-full\"><img loading=\"lazy\" width=\"2560\" height=\"1920\" src=\"https:\/\/floride.fr\/wp-content\/uploads\/2022\/05\/IMG_1065-scaled.jpg\" alt=\"\" class=\"wp-image-4695\" srcset=\"https:\/\/floride.fr\/wp-content\/uploads\/2022\/05\/IMG_1065-scaled.jpg 2560w, https:\/\/floride.fr\/wp-content\/uploads\/2022\/05\/IMG_1065-300x225.jpg 300w, https:\/\/floride.fr\/wp-content\/uploads\/2022\/05\/IMG_1065-1024x768.jpg 1024w, https:\/\/floride.fr\/wp-content\/uploads\/2022\/05\/IMG_1065-768x576.jpg 768w, https:\/\/floride.fr\/wp-content\/uploads\/2022\/05\/IMG_1065-1536x1152.jpg 1536w, https:\/\/floride.fr\/wp-content\/uploads\/2022\/05\/IMG_1065-2048x1536.jpg 2048w\" sizes=\"(max-width: 2560px) 100vw, 2560px\" \/><\/figure>\n\n\n\n<h3 id=\"le-bar\">El bar<\/h3>\n\n\n\n<ul><li>Amplia selecci\u00f3n de bebidas alcoh\u00f3licas y no alcoh\u00f3licas<\/li><li>C\u00f3cteles de la casa<\/li><li>Helados y helados para ni\u00f1os<\/li><li>En la terraza o en el sal\u00f3n, en el coraz\u00f3n del camping<\/li><li>Pantalla gigante para eventos deportivos y musicales<\/li><li>Abierto durante el d\u00eda y por la noche<\/li><\/ul>\n<\/div><\/div>\n\n\n\n<div class=\"wp-container-69d0fc0e03b65 wp-block-group\"><div class=\"wp-block-group__inner-container\">\n<figure class=\"wp-block-image size-large\"><img loading=\"lazy\" width=\"1024\" height=\"682\" src=\"https:\/\/floride.fr\/wp-content\/uploads\/2025\/11\/171_Camping_Occitanie_Le_Floride_et_l_Embouchure_Ciela_Village_Food_Truck_Starlite_Dinner-1024x682.webp\" alt=\"\" class=\"wp-image-15680\" srcset=\"https:\/\/floride.fr\/wp-content\/uploads\/2025\/11\/171_Camping_Occitanie_Le_Floride_et_l_Embouchure_Ciela_Village_Food_Truck_Starlite_Dinner-1024x682.webp 1024w, https:\/\/floride.fr\/wp-content\/uploads\/2025\/11\/171_Camping_Occitanie_Le_Floride_et_l_Embouchure_Ciela_Village_Food_Truck_Starlite_Dinner-300x200.webp 300w, https:\/\/floride.fr\/wp-content\/uploads\/2025\/11\/171_Camping_Occitanie_Le_Floride_et_l_Embouchure_Ciela_Village_Food_Truck_Starlite_Dinner-768x512.webp 768w, https:\/\/floride.fr\/wp-content\/uploads\/2025\/11\/171_Camping_Occitanie_Le_Floride_et_l_Embouchure_Ciela_Village_Food_Truck_Starlite_Dinner.webp 1280w\" sizes=\"(max-width: 1024px) 100vw, 1024px\" \/><\/figure>\n\n\n\n<h3 id=\"le-food-truck-starlite-diner\">El cami\u00f3n de comida Starlite Diner<\/h3>\n\n\n\n<ul><li>Hamburguesas gourmet<\/li><li>Ensaladas<\/li><li>Pizzas para comer en casa o para llevaar<\/li><li>Amplia selecci\u00f3n de pizzas, con base de tomate o de cr\u00e8me fra\u00eeche<\/li><li>Preparado con productos frescos y de temporada de Languedoc-Rosell\u00f3n<\/li><\/ul>\n<\/div><\/div>\n\n\n\n<div class=\"wp-container-69d0fc0e041fd wp-block-group\"><div class=\"wp-block-group__inner-container\">\n<figure class=\"wp-block-image size-large\"><img loading=\"lazy\" width=\"1024\" height=\"682\" src=\"https:\/\/floride.fr\/wp-content\/uploads\/2025\/11\/193_Camping_Occitanie_Le_Floride_et_l_Embouchure_Ciela_Village_Tiki_Restaurant-1024x682.webp\" alt=\"\" class=\"wp-image-15685\" srcset=\"https:\/\/floride.fr\/wp-content\/uploads\/2025\/11\/193_Camping_Occitanie_Le_Floride_et_l_Embouchure_Ciela_Village_Tiki_Restaurant-1024x682.webp 1024w, https:\/\/floride.fr\/wp-content\/uploads\/2025\/11\/193_Camping_Occitanie_Le_Floride_et_l_Embouchure_Ciela_Village_Tiki_Restaurant-300x200.webp 300w, https:\/\/floride.fr\/wp-content\/uploads\/2025\/11\/193_Camping_Occitanie_Le_Floride_et_l_Embouchure_Ciela_Village_Tiki_Restaurant-768x512.webp 768w, https:\/\/floride.fr\/wp-content\/uploads\/2025\/11\/193_Camping_Occitanie_Le_Floride_et_l_Embouchure_Ciela_Village_Tiki_Restaurant.webp 1280w\" sizes=\"(max-width: 1024px) 100vw, 1024px\" \/><\/figure>\n\n\n\n<h3 id=\"le-tiki-restaurant\">Restaurante Tiki<\/h3>\n\n\n\n<ul><li>Productos locales del Rousillon<\/li><li>Carta de vinos rica y variada<\/li><li>Paquetes de comida, cena y ni\u00f1os<\/li><li>Postres caseros<\/li><li><a href=\"https:\/\/floride.fr\/es\/nuestro-enfoque-medioambiental-y-de-calidad\/\">Servicio de calidad<\/a> para la comodidad de los clientes<\/li><li>Espacio interior con decoraci\u00f3n hawaiana<\/li><li>Terraza exterior con <a href=\"https:\/\/floride.fr\/es\/tardes-y-espectaculos\/\">vistas al escenario<\/a><\/li><li>Abierto al mediod\u00eda y por la noche<\/li><\/ul>\n<\/div><\/div>\n\n\n\n<div class=\"wp-container-69d0fc0e04c19 wp-block-group\"><div class=\"wp-block-group__inner-container\">\n<figure class=\"wp-block-image size-large\"><img loading=\"lazy\" width=\"1024\" height=\"682\" src=\"https:\/\/floride.fr\/wp-content\/uploads\/2025\/11\/176_Camping_Occitanie_Le_Floride_et_l_Embouchure_Ciela_Village_Snack_Inkka-1024x682.webp\" alt=\"\" class=\"wp-image-15754\" srcset=\"https:\/\/floride.fr\/wp-content\/uploads\/2025\/11\/176_Camping_Occitanie_Le_Floride_et_l_Embouchure_Ciela_Village_Snack_Inkka-1024x682.webp 1024w, https:\/\/floride.fr\/wp-content\/uploads\/2025\/11\/176_Camping_Occitanie_Le_Floride_et_l_Embouchure_Ciela_Village_Snack_Inkka-300x200.webp 300w, https:\/\/floride.fr\/wp-content\/uploads\/2025\/11\/176_Camping_Occitanie_Le_Floride_et_l_Embouchure_Ciela_Village_Snack_Inkka-768x512.webp 768w, https:\/\/floride.fr\/wp-content\/uploads\/2025\/11\/176_Camping_Occitanie_Le_Floride_et_l_Embouchure_Ciela_Village_Snack_Inkka.webp 1280w\" sizes=\"(max-width: 1024px) 100vw, 1024px\" \/><\/figure>\n\n\n\n<h3 id=\"le-snack-l-inkka\">La cafeter\u00eda \u00abInkka\u00bb<\/h3>\n\n\n\n<ul><li>2 mostradores, 2 ambientes: <a href=\"https:\/\/floride.fr\/es\/parque-acuatico\/\">lado de la piscina<\/a> o <a href=\"https:\/\/floride.fr\/es\/actividades-y-eventos\/\">lado del entretenimiento<\/a><\/li><li>Terraza sombreada<\/li><li>Bocadillos, paninis, americanos, patatas fritas, ensaladas&#8230;<\/li><li>Tortitas, Gofres, Helados, Bebidas fr\u00edas<\/li><li>Una c\u00e1lida bienvenida <\/li><li>Abierto a mediod\u00eda, por la tarde y por la noche<\/li><\/ul>\n<\/div><\/div>\n\n\n\n<div class=\"wp-container-69d0fc0e05351 wp-block-group\"><div class=\"wp-block-group__inner-container\">\n<figure class=\"wp-block-image size-large\"><img loading=\"lazy\" width=\"1024\" height=\"683\" src=\"https:\/\/floride.fr\/wp-content\/uploads\/2022\/05\/pexels-engin-akyurt-3219547-1-1024x683.jpg\" alt=\"\" class=\"wp-image-4133\" srcset=\"https:\/\/floride.fr\/wp-content\/uploads\/2022\/05\/pexels-engin-akyurt-3219547-1-1024x683.jpg 1024w, https:\/\/floride.fr\/wp-content\/uploads\/2022\/05\/pexels-engin-akyurt-3219547-1-300x200.jpg 300w, https:\/\/floride.fr\/wp-content\/uploads\/2022\/05\/pexels-engin-akyurt-3219547-1-768x512.jpg 768w, https:\/\/floride.fr\/wp-content\/uploads\/2022\/05\/pexels-engin-akyurt-3219547-1-1536x1024.jpg 1536w, https:\/\/floride.fr\/wp-content\/uploads\/2022\/05\/pexels-engin-akyurt-3219547-1-2048x1365.jpg 2048w\" sizes=\"(max-width: 1024px) 100vw, 1024px\" \/><\/figure>\n\n\n\n<h3 id=\"les-plats-a-emporter\">Platos para llevar<\/h3>\n\n\n\n<ul><li>Ideal para las comidas con la familia y los amigos en su vivienda <a href=\"https:\/\/floride.fr\/es\/alquileres\/\">de alquiler<\/a><\/li><li>Platos preparados en el momento por el Chef de nuestro Restaurante<\/li><li>Amplia selecci\u00f3n de platos, f\u00f3rmulas y pizzas<\/li><li>A pedir en la recepci\u00f3n del restaurante<\/li><\/ul>\n<\/div><\/div>\n<\/div>\n<\/div><\/section>\n\n<section class=\"wp-container-69d0fc0e05f47 wp-block-group F-20-a\"><div class=\"wp-block-group__inner-container\">\n<div class=\"wp-block-columns\">\n<div class=\"wp-block-column\">\n<h2 class=\"titre1 has-couleur-2-color has-text-color\" id=\"se-sentir-ailleurs-si-pres-de-chez-soi-et-decouvrez-le-paradis-des-vacances-au-bord-de-la-mediterranee-dans-un-cadre-naturel-et-enchanteur-a-quelques-encablures-du-village-catalan-du-barcares-66\">Cocoa Boutique &amp; punto de informaci\u00f3n<\/h2>\n\n\n\n<p class=\"brush has-couleur-4-color has-text-color\">Para los peque\u00f1os extras que embellecer\u00e1n sus vacaciones, dir\u00edjase en la Cocoa Boutique Una acogida personalizada que le dar\u00e1 muchas ideas para sus excursiones y le permitir\u00e1 llevarse un recuerdo original.<\/p>\n\n\n\n<p><strong>Moda para adultos y ni\u00f1os, recuerdos con los colores del camping:<\/strong> bolsos, sombreros, carteras, bol\u00edgrafos, peluches, postales&#8230;<\/p>\n\n\n\n<p>Entradas con tarifa especial \u00abLe Floride\u00bb para vivir experiencias inolvidables (descuento directo en taquilla al presentar la pulsera): Reserva Africana de Sigean, Aqualand, Valle de las Tortugas, Museo de la Prehistoria, Cuevas de Canalettes, Deversud Canyoning, Leucate Jet-ski, paseos en barco, etc.<\/p>\n\n\n\n<div class=\"wp-block-group encart-information\"><div class=\"wp-block-group__inner-container\">\n<p>\u00bf Ha olvidado el ba\u00f1ador? \u00a1Tenemos todo lo que necesitas en la Cocoa Boutique !<\/p>\n<\/div><\/div>\n<\/div>\n\n\n\n<div class=\"wp-block-column\">\n<figure class=\"wp-block-gallery has-nested-images columns-2 is-cropped deco-fleur2 deco-rectangle2\">\n<figure class=\"wp-block-image size-large\"><img loading=\"lazy\" width=\"1024\" height=\"682\" src=\"https:\/\/floride.fr\/wp-content\/uploads\/2025\/11\/478_Camping_Occitanie_Le_Floride_et_l_Embouchure_Ciela_Village_Boutique_Cocoa-1024x682.webp\" alt=\"\" class=\"wp-image-15769\" srcset=\"https:\/\/floride.fr\/wp-content\/uploads\/2025\/11\/478_Camping_Occitanie_Le_Floride_et_l_Embouchure_Ciela_Village_Boutique_Cocoa-1024x682.webp 1024w, https:\/\/floride.fr\/wp-content\/uploads\/2025\/11\/478_Camping_Occitanie_Le_Floride_et_l_Embouchure_Ciela_Village_Boutique_Cocoa-300x200.webp 300w, https:\/\/floride.fr\/wp-content\/uploads\/2025\/11\/478_Camping_Occitanie_Le_Floride_et_l_Embouchure_Ciela_Village_Boutique_Cocoa-768x512.webp 768w, https:\/\/floride.fr\/wp-content\/uploads\/2025\/11\/478_Camping_Occitanie_Le_Floride_et_l_Embouchure_Ciela_Village_Boutique_Cocoa.webp 1280w\" sizes=\"(max-width: 1024px) 100vw, 1024px\" \/><\/figure>\n\n\n\n<figure class=\"wp-block-image size-large\"><img loading=\"lazy\" width=\"1024\" height=\"683\" src=\"https:\/\/floride.fr\/wp-content\/uploads\/2022\/05\/A7R4630-1024x683.jpg\" alt=\"Camping Le Floride Le Barcar&#xE8;s (66) : A7r4630\" class=\"wp-image-4607\" srcset=\"https:\/\/floride.fr\/wp-content\/uploads\/2022\/05\/A7R4630-1024x683.jpg 1024w, https:\/\/floride.fr\/wp-content\/uploads\/2022\/05\/A7R4630-300x200.jpg 300w, https:\/\/floride.fr\/wp-content\/uploads\/2022\/05\/A7R4630-768x512.jpg 768w, https:\/\/floride.fr\/wp-content\/uploads\/2022\/05\/A7R4630-1536x1024.jpg 1536w, https:\/\/floride.fr\/wp-content\/uploads\/2022\/05\/A7R4630-2048x1365.jpg 2048w\" sizes=\"(max-width: 1024px) 100vw, 1024px\" \/><\/figure>\n<\/figure>\n<\/div>\n<\/div>\n<\/div><\/section>\n\n<section class=\"wp-container-69d0fc0e063aa wp-block-group F-20-a\"><div class=\"wp-block-group__inner-container\">\n<div class=\"wp-block-columns are-vertically-aligned-center\">\n<div class=\"wp-block-column is-vertically-aligned-center\">\n<figure class=\"wp-block-gallery has-nested-images columns-2 is-cropped deco-fleur2 deco-rectangle2\">\n<figure class=\"wp-block-image size-large\"><img loading=\"lazy\" width=\"1024\" height=\"682\" src=\"https:\/\/floride.fr\/wp-content\/uploads\/2025\/11\/492_Camping_Occitanie_Le_Floride_et_l_Embouchure_Ciela_Village_Epicerie-1024x682.webp\" alt=\"\" class=\"wp-image-15759\" srcset=\"https:\/\/floride.fr\/wp-content\/uploads\/2025\/11\/492_Camping_Occitanie_Le_Floride_et_l_Embouchure_Ciela_Village_Epicerie-1024x682.webp 1024w, https:\/\/floride.fr\/wp-content\/uploads\/2025\/11\/492_Camping_Occitanie_Le_Floride_et_l_Embouchure_Ciela_Village_Epicerie-300x200.webp 300w, https:\/\/floride.fr\/wp-content\/uploads\/2025\/11\/492_Camping_Occitanie_Le_Floride_et_l_Embouchure_Ciela_Village_Epicerie-768x512.webp 768w, https:\/\/floride.fr\/wp-content\/uploads\/2025\/11\/492_Camping_Occitanie_Le_Floride_et_l_Embouchure_Ciela_Village_Epicerie.webp 1280w\" sizes=\"(max-width: 1024px) 100vw, 1024px\" \/><\/figure>\n\n\n\n<figure class=\"wp-block-image size-large\"><img loading=\"lazy\" width=\"1703\" height=\"2560\" src=\"https:\/\/floride.fr\/wp-content\/uploads\/2022\/05\/pexels-shvets-production-7194857-scaled.jpg\" alt=\"\" class=\"wp-image-4679\" srcset=\"https:\/\/floride.fr\/wp-content\/uploads\/2022\/05\/pexels-shvets-production-7194857-scaled.jpg 1703w, https:\/\/floride.fr\/wp-content\/uploads\/2022\/05\/pexels-shvets-production-7194857-200x300.jpg 200w, https:\/\/floride.fr\/wp-content\/uploads\/2022\/05\/pexels-shvets-production-7194857-681x1024.jpg 681w, https:\/\/floride.fr\/wp-content\/uploads\/2022\/05\/pexels-shvets-production-7194857-768x1154.jpg 768w, https:\/\/floride.fr\/wp-content\/uploads\/2022\/05\/pexels-shvets-production-7194857-1022x1536.jpg 1022w, https:\/\/floride.fr\/wp-content\/uploads\/2022\/05\/pexels-shvets-production-7194857-1363x2048.jpg 1363w\" sizes=\"(max-width: 1703px) 100vw, 1703px\" \/><\/figure>\n<\/figure>\n<\/div>\n\n\n\n<div class=\"wp-block-column is-vertically-aligned-center\">\n<h2 class=\"titre1 has-couleur-2-color has-text-color\" id=\"se-sentir-ailleurs-si-pres-de-chez-soi-et-decouvrez-le-paradis-des-vacances-au-bord-de-la-mediterranee-dans-un-cadre-naturel-et-enchanteur-a-quelques-encablures-du-village-catalan-du-barcares-66\">La tienda de comestibles del camping<\/h2>\n\n\n\n<p class=\"brush has-couleur-4-color has-text-color\">Tienda de comestibles Vival<\/p>\n\n\n\n<p>Nuestro camping en Barcar\u00e8s le da la bienvenida a su tienda de comestibles. \u00a1No hace falta ir muy lejos! Encontrar\u00e1 todo lo que necesita en el peque\u00f1o supermercado del camping Le Floride, que ofrece una amplia variedad de frutas y verduras frescas. <\/p>\n\n\n\n<p>El equipo de nuestro peque\u00f1o supermercado le ofrece 800 referencias de la marca Casino, as\u00ed como vinos de la regi\u00f3n, objetos de recuerdo, juegos para ni\u00f1os, trajes de ba\u00f1o, postales&#8230;<\/p>\n\n\n\n<p>Tambi\u00e9n puede encontrar la prensa, as\u00ed como pan fresco y boller\u00eda cada ma\u00f1ana.<\/p>\n<\/div>\n<\/div>\n<\/div><\/section>\n\n<div class=\"wp-block-columns\">\n<div class=\"wp-block-column\" style=\"flex-basis:100%\">\n<div class=\"wp-container-69d0fc0e066db wp-block-buttons galerie\">\n<div class=\"wp-block-button\"><a class=\"wp-block-button__link\" href=\"https:\/\/floride.fr\/es\/galeria-de-fotos\/\"><i class=\"fal fa-images\"><\/i> Ver la galer\u00eda de fotos<\/a><\/div>\n<\/div>\n<\/div>\n<\/div>\n\n<section class=\"wp-container-69d0fc0e08912 wp-block-group F-05-a vague-top ligne1-top has-bg-1-background-color has-background\"><div class=\"wp-block-group__inner-container\">\n<div class=\"wp-block-columns are-vertically-aligned-center\">\n<div class=\"wp-block-column is-vertically-aligned-center deco-feuille1\">\n<h2 class=\"titre2 has-couleur-1-color has-text-color\" id=\"se-sentir-ailleurs-si-pres-de-chez-soi-et-decouvrez-le-paradis-des-vacances-au-bord-de-la-mediterranee-dans-un-cadre-naturel-et-enchanteur-a-quelques-encablures-du-village-catalan-du-barcares-66\">De vacaciones en la regi\u00f3n de Languedoc-Rosell\u00f3n, le proponemos numerosos servicios<\/h2>\n\n\n\n<h3 class=\"has-couleur-4-color has-text-color\" id=\"vos-vacances-detente-en-camping-5-etoiles-dans-le-languedoc-roussillon-simplifiez-vous-la-vie\">Sus vacaciones de relajaci\u00f3n en Barcar\u00e8s&#8230; \u00a1h\u00e1gase la vida m\u00e1s f\u00e1cil!<\/h3>\n\n\n\n<p>Para su pr\u00f3xima estancia en el sur de Francia, opte por alquilar una c<a href=\"https:\/\/floride.fr\/es\/alquiler-de-mobil-home-en-los-pirineos-orientales\/\">asa m\u00f3vil en Barcar\u00e8s<\/a> y aproveche para recargar energ\u00edas bajo el sol del Mediterr\u00e1neo. Pero tambi\u00e9n para hacer ejercicio practicando su deporte favorito, descubriendo nuevas actividades o simplemente relaj\u00e1ndose en un ambiente agradable y distendido. Nuestro camping en<a href=\"https:\/\/floride.fr\/es\/parque-acuatico\/\"> Languedoc-Rosell\u00f3n<\/a> con parque acu\u00e1tico dispone de un aut\u00e9ntico <a href=\"https:\/\/floride.fr\/es\/bienestar\/\">centro de spa<\/a> y bienestar a dos pasos de la playa. As\u00ed que para sus pr\u00f3ximas vacaciones de relax con los pies en el agua, entre el Embouchure y le Floride \u00bfqu\u00e9 parte del camping elegir\u00e1? <\/p>\n\n\n\n<p>Puede hacer reservas en el Kahuna Center en el sitio web de <a href=\"https:\/\/www.planity.com\/kahuna-coiff-spa-66420-le-barcares\">Planity<\/a>.<\/p>\n\n\n\n<h3 class=\"has-couleur-4-color has-text-color\" id=\"les-prestations-5-etoiles-du-camping-a-perpignan-en-pyrenees-orientales\">Los servicios 5 estrellas del camping cerca de Perpi\u00f1\u00e1n en los Pirineos Orientales<\/h3>\n\n\n\n<p>Notre \u00e9tablissement de luxe est <a href=\"https:\/\/floride.fr\/es\/perpinan\/\">le seul camping 5 \u00e9toiles proche de Perpignan<\/a> offrant une gamme de services aussi large et qualitative. <a href=\"https:\/\/floride.fr\/es\/alrededores\/\">En la maravillosa estaci\u00f3n balnearia de Barcar\u00e8s<\/a>, sus vacaciones en los Pirineos Orientales pueden ser l\u00fadicas, educativas, deportivas, relajantes o divertidas En el Camping Le Floride, se ofrecen a los turistas numerosos servicios, tanto gratuitos como de pago, para que disfruten de una estancia tranquila:<\/p>\n\n\n\n<div class=\"wp-container-69d0fc0e084f8 wp-block-group pictos columns-4\">\n<div class=\"wp-container-69d0fc0e06b94 wp-block-group\"><div class=\"wp-block-group__inner-container\"><i class=\"fal fa-bicycle\"><\/i>\n\n\n\n<p id=\"un-veritable-hammam-oriental-ressourcant\"><strong>Alquiler de bicicletas<\/strong><\/p>\n<\/div><\/div>\n\n\n\n<div class=\"wp-container-69d0fc0e06ee5 wp-block-group\"><div class=\"wp-block-group__inner-container\"><i class=\"fal fa-washer\"><\/i>\n\n\n\n<p id=\"chasse-aux-tresors\"><strong><strong>Lavander\u00eda<\/strong><\/strong><\/p>\n<\/div><\/div>\n\n\n\n<div class=\"wp-container-69d0fc0e0721b wp-block-group\"><div class=\"wp-block-group__inner-container\"><i class=\"fal fa-rv\"><\/i>\n\n\n\n<p id=\"chasse-aux-tresors\"><strong><strong>\u00c1rea de servicio<\/strong><\/strong><\/p>\n<\/div><\/div>\n\n\n\n<div class=\"wp-container-69d0fc0e07561 wp-block-group\"><div class=\"wp-block-group__inner-container\"><i class=\"fal fa-wifi\"><\/i>\n\n\n\n<p id=\"chasse-aux-tresors\"><strong><strong>Wi-Fi<\/strong><\/strong><\/p>\n<\/div><\/div>\n\n\n\n<div class=\"wp-container-69d0fc0e07899 wp-block-group\"><div class=\"wp-block-group__inner-container\"><i class=\"fal fa-hand-sparkles\"><\/i>\n\n\n\n<p id=\"chasse-aux-tresors\"><strong><strong><strong>Opci\u00f3n de limpieza<\/strong><\/strong><\/strong><\/p>\n<\/div><\/div>\n\n\n\n<div class=\"wp-container-69d0fc0e07be5 wp-block-group\"><div class=\"wp-block-group__inner-container\"><i class=\"fal fa-swimmer\"><\/i>\n\n\n\n<p id=\"chasse-aux-tresors\"><strong><strong><strong><strong><strong>Clases de nataci\u00f3n<\/strong><\/strong><\/strong><\/strong><\/strong><\/p>\n<\/div><\/div>\n\n\n\n<div class=\"wp-container-69d0fc0e07f1b wp-block-group\"><div class=\"wp-block-group__inner-container\"><i class=\"fal fa-shish-kebab\"><\/i>\n\n\n\n<p id=\"chasse-aux-tresors\"><strong>Alquiler de planchas<\/strong><\/p>\n<\/div><\/div>\n\n\n\n<div class=\"wp-container-69d0fc0e08246 wp-block-group\"><div class=\"wp-block-group__inner-container\"><i class=\"fal fa-baby\"><\/i>\n\n\n\n<p id=\"un-spa-jet-cabine-de-massage-aux-jets-d-eau-inoubliable\"><strong>Alquiler de kits para beb\u00e9s<\/strong><\/p>\n<\/div><\/div>\n<\/div>\n<\/div>\n\n\n\n<div class=\"wp-block-column is-vertically-aligned-center\">\n<figure class=\"wp-block-gallery has-nested-images columns-2 is-cropped deco-planche\">\n<figure class=\"wp-block-image size-full\"><img loading=\"lazy\" width=\"2560\" height=\"1707\" src=\"https:\/\/floride.fr\/wp-content\/uploads\/2022\/05\/DSC_0061-1-scaled.jpg\" alt=\"\" class=\"wp-image-4685\" srcset=\"https:\/\/floride.fr\/wp-content\/uploads\/2022\/05\/DSC_0061-1-scaled.jpg 2560w, https:\/\/floride.fr\/wp-content\/uploads\/2022\/05\/DSC_0061-1-300x200.jpg 300w, https:\/\/floride.fr\/wp-content\/uploads\/2022\/05\/DSC_0061-1-1024x683.jpg 1024w, https:\/\/floride.fr\/wp-content\/uploads\/2022\/05\/DSC_0061-1-768x512.jpg 768w, https:\/\/floride.fr\/wp-content\/uploads\/2022\/05\/DSC_0061-1-1536x1024.jpg 1536w, https:\/\/floride.fr\/wp-content\/uploads\/2022\/05\/DSC_0061-1-2048x1365.jpg 2048w\" sizes=\"(max-width: 2560px) 100vw, 2560px\" \/><\/figure>\n\n\n\n<figure class=\"wp-block-image size-full\"><img loading=\"lazy\" width=\"1280\" height=\"853\" src=\"https:\/\/floride.fr\/wp-content\/uploads\/2025\/11\/209_Camping_Occitanie_Le_Floride_et_l_Embouchure_Ciela_Village_Location_de_Velo.webp\" alt=\"\" class=\"wp-image-15764\" srcset=\"https:\/\/floride.fr\/wp-content\/uploads\/2025\/11\/209_Camping_Occitanie_Le_Floride_et_l_Embouchure_Ciela_Village_Location_de_Velo.webp 1280w, https:\/\/floride.fr\/wp-content\/uploads\/2025\/11\/209_Camping_Occitanie_Le_Floride_et_l_Embouchure_Ciela_Village_Location_de_Velo-300x200.webp 300w, https:\/\/floride.fr\/wp-content\/uploads\/2025\/11\/209_Camping_Occitanie_Le_Floride_et_l_Embouchure_Ciela_Village_Location_de_Velo-1024x682.webp 1024w, https:\/\/floride.fr\/wp-content\/uploads\/2025\/11\/209_Camping_Occitanie_Le_Floride_et_l_Embouchure_Ciela_Village_Location_de_Velo-768x512.webp 768w\" sizes=\"(max-width: 1280px) 100vw, 1280px\" \/><\/figure>\n<\/figure>\n<\/div>\n<\/div>\n\n\n\n<div style=\"height:70px\" aria-hidden=\"true\" class=\"wp-block-spacer\"><\/div>\n<\/div><\/section>\n","protected":false},"excerpt":{"rendered":"<p>Servicios y Restaurantes en Barcar\u00e8s : La calidad para todos los gustos Productos locales y sabores del Languedoc en el camping 5 estrellas Le Floride Los equipos del Bar, del Restaurante Tiki, del Snack I&#8217;Inkka y del Food-Truck Starlite Diner te esperan para satisfacer todos tus antojos en el camping de 5 estrellas Le Floride, [&hellip;]<\/p>\n","protected":false},"author":1,"featured_media":0,"parent":0,"menu_order":0,"comment_status":"closed","ping_status":"closed","template":"","meta":[],"acf":[],"_links":{"self":[{"href":"https:\/\/floride.fr\/es\/wp-json\/wp\/v2\/pages\/2896"}],"collection":[{"href":"https:\/\/floride.fr\/es\/wp-json\/wp\/v2\/pages"}],"about":[{"href":"https:\/\/floride.fr\/es\/wp-json\/wp\/v2\/types\/page"}],"author":[{"embeddable":true,"href":"https:\/\/floride.fr\/es\/wp-json\/wp\/v2\/users\/1"}],"replies":[{"embeddable":true,"href":"https:\/\/floride.fr\/es\/wp-json\/wp\/v2\/comments?post=2896"}],"version-history":[{"count":6,"href":"https:\/\/floride.fr\/es\/wp-json\/wp\/v2\/pages\/2896\/revisions"}],"predecessor-version":[{"id":16381,"href":"https:\/\/floride.fr\/es\/wp-json\/wp\/v2\/pages\/2896\/revisions\/16381"}],"wp:attachment":[{"href":"https:\/\/floride.fr\/es\/wp-json\/wp\/v2\/media?parent=2896"}],"curies":[{"name":"wp","href":"https:\/\/api.w.org\/{rel}","templated":true}]}}