{"id":2898,"date":"2022-04-22T10:08:14","date_gmt":"2022-04-22T08:08:14","guid":{"rendered":"https:\/\/floride.fr\/tardes-y-espectaculos\/"},"modified":"2026-03-17T15:29:56","modified_gmt":"2026-03-17T14:29:56","slug":"tardes-y-espectaculos","status":"publish","type":"page","link":"https:\/\/floride.fr\/es\/tardes-y-espectaculos\/","title":{"rendered":"Tardes y espect\u00e1culos"},"content":{"rendered":"\n<figure class=\"wp-block-image alignfull size-full F-00-b\"><img loading=\"lazy\" width=\"1920\" height=\"1279\" src=\"https:\/\/floride.fr\/wp-content\/uploads\/2025\/11\/516_Camping_Occitanie_Le_Floride_et_l_Embouchure_Ciela_Village_Concert.webp\" alt=\"\" class=\"wp-image-15574\" srcset=\"https:\/\/floride.fr\/wp-content\/uploads\/2025\/11\/516_Camping_Occitanie_Le_Floride_et_l_Embouchure_Ciela_Village_Concert.webp 1920w, https:\/\/floride.fr\/wp-content\/uploads\/2025\/11\/516_Camping_Occitanie_Le_Floride_et_l_Embouchure_Ciela_Village_Concert-300x200.webp 300w, https:\/\/floride.fr\/wp-content\/uploads\/2025\/11\/516_Camping_Occitanie_Le_Floride_et_l_Embouchure_Ciela_Village_Concert-1024x682.webp 1024w, https:\/\/floride.fr\/wp-content\/uploads\/2025\/11\/516_Camping_Occitanie_Le_Floride_et_l_Embouchure_Ciela_Village_Concert-768x512.webp 768w, https:\/\/floride.fr\/wp-content\/uploads\/2025\/11\/516_Camping_Occitanie_Le_Floride_et_l_Embouchure_Ciela_Village_Concert-1536x1023.webp 1536w\" sizes=\"(max-width: 1920px) 100vw, 1920px\" \/><\/figure>\n\n<section class=\"wp-container-69d0fb6d420fb wp-block-group\"><div class=\"wp-block-group__inner-container\">\n<h1 class=\"has-text-align-center has-couleur-1-color has-text-color\" id=\"a-port-barcares-faites-le-choix-du-depaysement-haut-de-gamme-en-2022\">Las actividades del camping de 5 estrellas Le Floride<\/h1>\n\n\n\n<p class=\"has-text-align-center titre2 has-couleur-4-color has-text-color\" id=\"riez-dansez-chantez-emerveillez-vous-faites-la-fete\">R\u00ede, baila, canta, maravilla, \u00a1fiesta!<\/p>\n\n\n\n<p class=\"has-text-align-center titre3 has-couleur-2-color has-text-color\" id=\"vos-vacances-au-camping-5-etoiles-le-floride-pres-de-perpignan-sont-l-occasion-d-assister-et-de-participer-a-des-animations-comme-nulle-part-ailleurs\">Sus vacaciones en el camping 5 estrellas Le Floride, cerca de Perpignan, son la ocasi\u00f3n de asistir y participar en animaciones como en ning\u00fan otro lugar.<\/p>\n\n\n\n<p class=\"has-text-align-center\">En el complejo vacacional Le Floride, en Barcar\u00e8s (66), vive una gran aventura con numerosas actividades para toda la familia. En el programa: <strong>grandiosos espect\u00e1culos de circo<\/strong>, <strong>musicales<\/strong>, <strong>grandes noches de DJ<\/strong> y juegos con <strong>l\u00e1ser<\/strong>, todo ello acompa\u00f1ado de un equipo de animaci\u00f3n lleno de energ\u00eda y recursos para mantenerle entretenido. Numerosas actividades tem\u00e1ticas, como nuestra famosa <a href=\"https:\/\/floride.fr\/es\/fiestas-de-halloween\/\">velada de Halloween<\/a>, le permitir\u00e1n evadirse en mundos imaginarios durante el periodo comprendido entre abril y noviembre. M\u00e1s all\u00e1 de unas vacaciones de camping tradicionales, una estancia en Florida es la promesa de momentos m\u00e1gicos llenos de emociones. Con nuestras numerosas infraestructuras de calidad, estar\u00e1 en el coraz\u00f3n de la <strong>animaci\u00f3n de Port Barcar\u00e8s<\/strong> con la sensaci\u00f3n de estar en un verdadero parque de atracciones que re\u00fane todos los placeres. <\/p>\n\n\n\n<p class=\"has-text-align-center\">Todo est\u00e1 pensado para que <strong>sus vacaciones de camping en el sur de Francia<\/strong> sean inolvidables.<\/p>\n<\/div><\/section>\n\n<section class=\"wp-container-69d0fb6d42688 wp-block-group F-15-a\"><div class=\"wp-block-group__inner-container\">\n<h2 class=\"titre1 has-couleur-1-color has-text-color\" id=\"les-grands-spectacles-vos-evenements-a-port-barcares\">Las grandes actuaciones<\/h2>\n\n\n\n<div class=\"wp-block-media-text is-stacked-on-mobile is-image-fill\"><figure class=\"wp-block-media-text__media\" style=\"background-image:url(https:\/\/floride.fr\/wp-content\/uploads\/2022\/03\/Spectacles-et-Animations-au-Camping-Le-Floride-au-Barcares-dans-les-Pyrenees-Orientales-5-1024x1024-1.jpg);background-position:50% 50%\"><img loading=\"lazy\" width=\"1024\" height=\"1024\" src=\"https:\/\/floride.fr\/wp-content\/uploads\/2022\/03\/Spectacles-et-Animations-au-Camping-Le-Floride-au-Barcares-dans-les-Pyrenees-Orientales-5-1024x1024-1.jpg\" alt=\"Camping Le Floride Le Barcar\u00e8s (66) : Spectacles Et Animations Au Camping Le Floride Au Barcar\u00e8s Dans Les Pyr\u00e9n\u00e9es Orientales 5 1024x1024\" class=\"wp-image-1903 size-full\" srcset=\"https:\/\/floride.fr\/wp-content\/uploads\/2022\/03\/Spectacles-et-Animations-au-Camping-Le-Floride-au-Barcares-dans-les-Pyrenees-Orientales-5-1024x1024-1.jpg 1024w, https:\/\/floride.fr\/wp-content\/uploads\/2022\/03\/Spectacles-et-Animations-au-Camping-Le-Floride-au-Barcares-dans-les-Pyrenees-Orientales-5-1024x1024-1-300x300.jpg 300w, https:\/\/floride.fr\/wp-content\/uploads\/2022\/03\/Spectacles-et-Animations-au-Camping-Le-Floride-au-Barcares-dans-les-Pyrenees-Orientales-5-1024x1024-1-150x150.jpg 150w, https:\/\/floride.fr\/wp-content\/uploads\/2022\/03\/Spectacles-et-Animations-au-Camping-Le-Floride-au-Barcares-dans-les-Pyrenees-Orientales-5-1024x1024-1-768x768.jpg 768w, https:\/\/floride.fr\/wp-content\/uploads\/2022\/03\/Spectacles-et-Animations-au-Camping-Le-Floride-au-Barcares-dans-les-Pyrenees-Orientales-5-1024x1024-1-200x200.jpg 200w, https:\/\/floride.fr\/wp-content\/uploads\/2022\/03\/Spectacles-et-Animations-au-Camping-Le-Floride-au-Barcares-dans-les-Pyrenees-Orientales-5-1024x1024-1-400x400.jpg 400w, https:\/\/floride.fr\/wp-content\/uploads\/2022\/03\/Spectacles-et-Animations-au-Camping-Le-Floride-au-Barcares-dans-les-Pyrenees-Orientales-5-1024x1024-1-500x500.jpg 500w, https:\/\/floride.fr\/wp-content\/uploads\/2022\/03\/Spectacles-et-Animations-au-Camping-Le-Floride-au-Barcares-dans-les-Pyrenees-Orientales-5-1024x1024-1-600x600.jpg 600w, https:\/\/floride.fr\/wp-content\/uploads\/2022\/03\/Spectacles-et-Animations-au-Camping-Le-Floride-au-Barcares-dans-les-Pyrenees-Orientales-5-1024x1024-1-700x700.jpg 700w, https:\/\/floride.fr\/wp-content\/uploads\/2022\/03\/Spectacles-et-Animations-au-Camping-Le-Floride-au-Barcares-dans-les-Pyrenees-Orientales-5-1024x1024-1-800x800.jpg 800w\" sizes=\"(max-width: 1024px) 100vw, 1024px\" \/><\/figure><div class=\"wp-block-media-text__content\">\n<div class=\"wp-block-media-text is-stacked-on-mobile is-image-fill deco-coco\"><figure class=\"wp-block-media-text__media\" style=\"background-image:url(https:\/\/floride.fr\/wp-content\/uploads\/2022\/05\/A7R8279-scaled.jpg);background-position:48% 44%\"><img loading=\"lazy\" width=\"2560\" height=\"1707\" src=\"https:\/\/floride.fr\/wp-content\/uploads\/2022\/05\/A7R8279-scaled.jpg\" alt=\"\" class=\"wp-image-3949 size-full\" srcset=\"https:\/\/floride.fr\/wp-content\/uploads\/2022\/05\/A7R8279-scaled.jpg 2560w, https:\/\/floride.fr\/wp-content\/uploads\/2022\/05\/A7R8279-300x200.jpg 300w, https:\/\/floride.fr\/wp-content\/uploads\/2022\/05\/A7R8279-1024x683.jpg 1024w, https:\/\/floride.fr\/wp-content\/uploads\/2022\/05\/A7R8279-768x512.jpg 768w, https:\/\/floride.fr\/wp-content\/uploads\/2022\/05\/A7R8279-1536x1024.jpg 1536w, https:\/\/floride.fr\/wp-content\/uploads\/2022\/05\/A7R8279-2048x1365.jpg 2048w\" sizes=\"(max-width: 2560px) 100vw, 2560px\" \/><\/figure><div class=\"wp-block-media-text__content\">\n<blockquote class=\"wp-block-quote\"><p>\u00abMuy buen ambiente, fiestas incre\u00edbles. No puedo esperar a volver.\u00bb<\/p><cite>Natacha, que lleg\u00f3 en julio<br\/><\/cite><\/blockquote>\n<\/div><\/div>\n\n\n\n<p><strong>Espect\u00e1culos<\/strong> para toda la familia, dirigidos por profesionales en el gran escenario del Camping Le Floride de Port Barcar\u00e8s. Muchas novedades cada a\u00f1o.<br\/>Algunos ejemplos de lo que podr\u00e1s ver durante tus vacaciones:<\/p>\n\n\n\n<ul><li>Espect\u00e1culos a\u00e9reos y acu\u00e1ticos organizados por el equipo de animaci\u00f3n del camping en julio y agosto;<\/li><li>Conciertos en directo;<\/li><li>Espect\u00e1culos de acrobacias;<\/li><li>Noches de mentalismo e hipnosis;<\/li><li>Cabarets;<\/li><li>Musicales;<\/li><li>\u00a1Fiestas de baile que te dejar\u00e1n sin aliento! Es la ocasi\u00f3n perfecta para darlo todo en la pista: \u00a1DJ profesionales, fiestas de la espuma y de la nieve, y espect\u00e1culos de l\u00e1ser! <\/li><\/ul>\n<\/div><\/div>\n\n\n\n<figure class=\"wp-block-gallery has-nested-images columns-8 is-cropped diaporama--3\">\n<figure class=\"wp-block-image size-large\"><img loading=\"lazy\" width=\"1024\" height=\"683\" src=\"https:\/\/floride.fr\/wp-content\/uploads\/2022\/12\/Bresilien-spectacles-1024x683.jpg\" alt=\"\" class=\"wp-image-7576\" srcset=\"https:\/\/floride.fr\/wp-content\/uploads\/2022\/12\/Bresilien-spectacles-1024x683.jpg 1024w, https:\/\/floride.fr\/wp-content\/uploads\/2022\/12\/Bresilien-spectacles-300x200.jpg 300w, https:\/\/floride.fr\/wp-content\/uploads\/2022\/12\/Bresilien-spectacles-768x512.jpg 768w, https:\/\/floride.fr\/wp-content\/uploads\/2022\/12\/Bresilien-spectacles-1536x1024.jpg 1536w, https:\/\/floride.fr\/wp-content\/uploads\/2022\/12\/Bresilien-spectacles-2048x1365.jpg 2048w\" sizes=\"(max-width: 1024px) 100vw, 1024px\" \/><\/figure>\n\n\n\n<figure class=\"wp-block-image size-large\"><img loading=\"lazy\" width=\"1024\" height=\"676\" src=\"https:\/\/floride.fr\/wp-content\/uploads\/2022\/12\/Osiris-spectacles-1024x676.jpg\" alt=\"\" class=\"wp-image-7596\" srcset=\"https:\/\/floride.fr\/wp-content\/uploads\/2022\/12\/Osiris-spectacles-1024x676.jpg 1024w, https:\/\/floride.fr\/wp-content\/uploads\/2022\/12\/Osiris-spectacles-300x198.jpg 300w, https:\/\/floride.fr\/wp-content\/uploads\/2022\/12\/Osiris-spectacles-768x507.jpg 768w, https:\/\/floride.fr\/wp-content\/uploads\/2022\/12\/Osiris-spectacles-1536x1014.jpg 1536w, https:\/\/floride.fr\/wp-content\/uploads\/2022\/12\/Osiris-spectacles.jpg 1984w\" sizes=\"(max-width: 1024px) 100vw, 1024px\" \/><\/figure>\n\n\n\n<figure class=\"wp-block-image size-large\"><img loading=\"lazy\" width=\"1024\" height=\"683\" src=\"https:\/\/floride.fr\/wp-content\/uploads\/2022\/05\/A7R3914-1024x683.jpg\" alt=\"\" class=\"wp-image-3960\" srcset=\"https:\/\/floride.fr\/wp-content\/uploads\/2022\/05\/A7R3914-1024x683.jpg 1024w, https:\/\/floride.fr\/wp-content\/uploads\/2022\/05\/A7R3914-300x200.jpg 300w, https:\/\/floride.fr\/wp-content\/uploads\/2022\/05\/A7R3914-768x512.jpg 768w, https:\/\/floride.fr\/wp-content\/uploads\/2022\/05\/A7R3914-1536x1024.jpg 1536w, https:\/\/floride.fr\/wp-content\/uploads\/2022\/05\/A7R3914-2048x1365.jpg 2048w\" sizes=\"(max-width: 1024px) 100vw, 1024px\" \/><\/figure>\n\n\n\n<figure class=\"wp-block-image size-large\"><img loading=\"lazy\" width=\"1024\" height=\"863\" src=\"https:\/\/floride.fr\/wp-content\/uploads\/2022\/12\/Encanto-1024x863.jpg\" alt=\"\" class=\"wp-image-7581\" srcset=\"https:\/\/floride.fr\/wp-content\/uploads\/2022\/12\/Encanto-1024x863.jpg 1024w, https:\/\/floride.fr\/wp-content\/uploads\/2022\/12\/Encanto-300x253.jpg 300w, https:\/\/floride.fr\/wp-content\/uploads\/2022\/12\/Encanto-768x647.jpg 768w, https:\/\/floride.fr\/wp-content\/uploads\/2022\/12\/Encanto-1536x1294.jpg 1536w, https:\/\/floride.fr\/wp-content\/uploads\/2022\/12\/Encanto-2048x1725.jpg 2048w\" sizes=\"(max-width: 1024px) 100vw, 1024px\" \/><\/figure>\n\n\n\n<figure class=\"wp-block-image size-large\"><img loading=\"lazy\" width=\"1024\" height=\"923\" src=\"https:\/\/floride.fr\/wp-content\/uploads\/2022\/12\/IMG_0423-1024x923.jpg\" alt=\"\" class=\"wp-image-7601\" srcset=\"https:\/\/floride.fr\/wp-content\/uploads\/2022\/12\/IMG_0423-1024x923.jpg 1024w, https:\/\/floride.fr\/wp-content\/uploads\/2022\/12\/IMG_0423-300x270.jpg 300w, https:\/\/floride.fr\/wp-content\/uploads\/2022\/12\/IMG_0423-768x692.jpg 768w, https:\/\/floride.fr\/wp-content\/uploads\/2022\/12\/IMG_0423-1536x1384.jpg 1536w, https:\/\/floride.fr\/wp-content\/uploads\/2022\/12\/IMG_0423-2048x1846.jpg 2048w\" sizes=\"(max-width: 1024px) 100vw, 1024px\" \/><\/figure>\n\n\n\n<figure class=\"wp-block-image size-large\"><img loading=\"lazy\" width=\"1024\" height=\"682\" src=\"https:\/\/floride.fr\/wp-content\/uploads\/2022\/03\/Spectacles-et-Animations-au-Camping-Le-Floride-au-Barcares-dans-les-Pyrenees-Orientales-3-1024x682-1.jpg\" alt=\"Camping Le Floride Le Barcar&#xE8;s (66) : Spectacles Et Animations Au Camping Le Floride Au Barcar&#xE8;s Dans Les Pyr&#xE9;n&#xE9;es Orientales 3 1024x682\" class=\"wp-image-1893\" srcset=\"https:\/\/floride.fr\/wp-content\/uploads\/2022\/03\/Spectacles-et-Animations-au-Camping-Le-Floride-au-Barcares-dans-les-Pyrenees-Orientales-3-1024x682-1.jpg 1024w, https:\/\/floride.fr\/wp-content\/uploads\/2022\/03\/Spectacles-et-Animations-au-Camping-Le-Floride-au-Barcares-dans-les-Pyrenees-Orientales-3-1024x682-1-300x200.jpg 300w, https:\/\/floride.fr\/wp-content\/uploads\/2022\/03\/Spectacles-et-Animations-au-Camping-Le-Floride-au-Barcares-dans-les-Pyrenees-Orientales-3-1024x682-1-768x512.jpg 768w\" sizes=\"(max-width: 1024px) 100vw, 1024px\" \/><\/figure>\n\n\n\n<figure class=\"wp-block-image size-large\"><img loading=\"lazy\" width=\"1024\" height=\"683\" src=\"https:\/\/floride.fr\/wp-content\/uploads\/2022\/12\/A7R1233-1024x683.jpg\" alt=\"\" class=\"wp-image-7586\" srcset=\"https:\/\/floride.fr\/wp-content\/uploads\/2022\/12\/A7R1233-1024x683.jpg 1024w, https:\/\/floride.fr\/wp-content\/uploads\/2022\/12\/A7R1233-300x200.jpg 300w, https:\/\/floride.fr\/wp-content\/uploads\/2022\/12\/A7R1233-768x512.jpg 768w, https:\/\/floride.fr\/wp-content\/uploads\/2022\/12\/A7R1233-1536x1024.jpg 1536w, https:\/\/floride.fr\/wp-content\/uploads\/2022\/12\/A7R1233-2048x1365.jpg 2048w\" sizes=\"(max-width: 1024px) 100vw, 1024px\" \/><\/figure>\n\n\n\n<figure class=\"wp-block-image size-large\"><img loading=\"lazy\" width=\"1600\" height=\"899\" src=\"https:\/\/floride.fr\/wp-content\/uploads\/2022\/03\/selection-petite-sirene.jpg\" alt=\"\" class=\"wp-image-1235\" srcset=\"https:\/\/floride.fr\/wp-content\/uploads\/2022\/03\/selection-petite-sirene.jpg 1600w, https:\/\/floride.fr\/wp-content\/uploads\/2022\/03\/selection-petite-sirene-300x169.jpg 300w, https:\/\/floride.fr\/wp-content\/uploads\/2022\/03\/selection-petite-sirene-1024x575.jpg 1024w, https:\/\/floride.fr\/wp-content\/uploads\/2022\/03\/selection-petite-sirene-768x432.jpg 768w, https:\/\/floride.fr\/wp-content\/uploads\/2022\/03\/selection-petite-sirene-1536x863.jpg 1536w\" sizes=\"(max-width: 1600px) 100vw, 1600px\" \/><\/figure>\n\n\n\n<figure class=\"wp-block-image size-large\"><img loading=\"lazy\" width=\"1800\" height=\"730\" src=\"https:\/\/floride.fr\/wp-content\/uploads\/2022\/03\/Camping-Le-Floride-spectacle-La-Reine-des-Neiges-1.jpg\" alt=\"\" class=\"wp-image-1225\" srcset=\"https:\/\/floride.fr\/wp-content\/uploads\/2022\/03\/Camping-Le-Floride-spectacle-La-Reine-des-Neiges-1.jpg 1800w, https:\/\/floride.fr\/wp-content\/uploads\/2022\/03\/Camping-Le-Floride-spectacle-La-Reine-des-Neiges-1-300x122.jpg 300w, https:\/\/floride.fr\/wp-content\/uploads\/2022\/03\/Camping-Le-Floride-spectacle-La-Reine-des-Neiges-1-1024x415.jpg 1024w, https:\/\/floride.fr\/wp-content\/uploads\/2022\/03\/Camping-Le-Floride-spectacle-La-Reine-des-Neiges-1-768x311.jpg 768w, https:\/\/floride.fr\/wp-content\/uploads\/2022\/03\/Camping-Le-Floride-spectacle-La-Reine-des-Neiges-1-1536x623.jpg 1536w\" sizes=\"(max-width: 1800px) 100vw, 1800px\" \/><\/figure>\n<\/figure>\n<\/div><\/section>\n\n<section class=\"wp-container-69d0fb6d43699 wp-block-group F-25-a vague-top ligne2-top vague-bottom has-bg-1-background-color has-background\"><div class=\"wp-block-group__inner-container\">\n<h3 class=\"titre1 has-couleur-1-color has-text-color\" id=\"les-soirees-ou-vous-etes-la-star-1\">Veladas en las que t\u00fa eres la estrella<\/h3>\n\n\n\n<div class=\"wp-container-69d0fb6d430e3 wp-block-group\">\n<div class=\"wp-container-69d0fb6d42a1b wp-block-group\"><div class=\"wp-block-group__inner-container\">\n<figure class=\"wp-block-image size-full\"><img loading=\"lazy\" width=\"2560\" height=\"1707\" src=\"https:\/\/floride.fr\/wp-content\/uploads\/2022\/12\/A7R1404-scaled.jpg\" alt=\"\" class=\"wp-image-7685\" srcset=\"https:\/\/floride.fr\/wp-content\/uploads\/2022\/12\/A7R1404-scaled.jpg 2560w, https:\/\/floride.fr\/wp-content\/uploads\/2022\/12\/A7R1404-300x200.jpg 300w, https:\/\/floride.fr\/wp-content\/uploads\/2022\/12\/A7R1404-1024x683.jpg 1024w, https:\/\/floride.fr\/wp-content\/uploads\/2022\/12\/A7R1404-768x512.jpg 768w, https:\/\/floride.fr\/wp-content\/uploads\/2022\/12\/A7R1404-1536x1024.jpg 1536w, https:\/\/floride.fr\/wp-content\/uploads\/2022\/12\/A7R1404-2048x1365.jpg 2048w\" sizes=\"(max-width: 2560px) 100vw, 2560px\" \/><\/figure>\n\n\n\n<p> <strong>Tardes de baile<\/strong><\/p>\n\n\n\n<p>\u00a1Impresionante! Es la ocasi\u00f3n de soltarse en la pista de baile: DJ&#8217;s profesionales, fiestas de la espuma y la nieve, \u00a1animaciones l\u00e1ser!<\/p>\n<\/div><\/div>\n\n\n\n<div class=\"wp-container-69d0fb6d42dd3 wp-block-group\"><div class=\"wp-block-group__inner-container\">\n<figure class=\"wp-block-image size-full\"><img loading=\"lazy\" width=\"2560\" height=\"1707\" src=\"https:\/\/floride.fr\/wp-content\/uploads\/2022\/12\/A7R1030-scaled.jpg\" alt=\"\" class=\"wp-image-7648\" srcset=\"https:\/\/floride.fr\/wp-content\/uploads\/2022\/12\/A7R1030-scaled.jpg 2560w, https:\/\/floride.fr\/wp-content\/uploads\/2022\/12\/A7R1030-300x200.jpg 300w, https:\/\/floride.fr\/wp-content\/uploads\/2022\/12\/A7R1030-1024x683.jpg 1024w, https:\/\/floride.fr\/wp-content\/uploads\/2022\/12\/A7R1030-768x512.jpg 768w, https:\/\/floride.fr\/wp-content\/uploads\/2022\/12\/A7R1030-1536x1024.jpg 1536w, https:\/\/floride.fr\/wp-content\/uploads\/2022\/12\/A7R1030-2048x1365.jpg 2048w\" sizes=\"(max-width: 2560px) 100vw, 2560px\" \/><\/figure>\n\n\n\n<p><strong>Para sus hijos<\/strong><\/p>\n\n\n\n<p>La oportunidad de dar sus primeros pasos en el escenario en sus propios espect\u00e1culos. Gracias a nuestro campamento de <strong>circo<\/strong>, j\u00f3venes y mayores pueden aprender el <strong>arte del circo<\/strong> y optar por compartirlo con nosotros de la forma m\u00e1s ben\u00e9vola.<\/p>\n\n\n\n<p><\/p>\n<\/div><\/div>\n<\/div>\n\n\n\n<div class=\"wp-container-69d0fb6d433e6 wp-block-buttons\">\n<div class=\"wp-block-button is-style-outline\"><a class=\"wp-block-button__link has-couleur-1-color has-text-color\" href=\"https:\/\/floride.fr\/es\/galeria-de-fotos\/\">Ver la galer\u00eda de fotos<\/a><\/div>\n<\/div>\n<\/div><\/section>\n\n<section class=\"wp-container-69d0fb6d43ace wp-block-group F-05-a\"><div class=\"wp-block-group__inner-container\">\n<div class=\"wp-block-columns are-vertically-aligned-center\">\n<div class=\"wp-block-column is-vertically-aligned-center deco-feuille1\">\n<h2 class=\"titre2 has-couleur-2-color has-text-color\" id=\"des-jeux-et-animations-inedits-en-cmaping-dans-le-sud-de-le-france-serez-vous-le-grand-gagnant\">Nuevos juegos y actividades en un camping del sur de Francia<\/h2>\n\n\n\n<p class=\"titre3 has-couleur-4-color has-text-color\" id=\"des-jeux-et-animations-inedits-en-cmaping-dans-le-sud-de-le-france-serez-vous-le-grand-gagnant\">\u00bfSer\u00e1s el gran ganador?<\/p>\n\n\n\n<p>Participe en nuestros juegos a tama\u00f1o real para divertirse con su familia y amigos. En nuestro <strong>camping con animaci\u00f3n del sur de Francia<\/strong>, encontrar\u00e1 una amplia gama de instalaciones para diversificar sus actividades recreativas. En <a href=\"https:\/\/floride.fr\/es\/parque-acuatico\/\">el parque acu\u00e1tico cercano a Perpi\u00f1\u00e1n<\/a> o en <strong>el centro de la ciudad de vacaciones<\/strong>, es el momento de probar nuevas actividades y hacer nuevos amigos y recuerdos. <\/p>\n\n\n\n<ul><li><strong>Grandes Bingos<\/strong>: Participa en nuestro bingo gigante e intenta ganar muchos regalos <em>(participaci\u00f3n obligatoria)<\/em><\/li><li><strong>Veladas de casino y p\u00f3ker<\/strong><\/li><li><strong>Pruebas<\/strong>a lo largo de la semana para hacer trabajar su cerebro<\/li><li><strong>Grandes juegos en familia<\/strong> para crear a\u00fan m\u00e1s recuerdos juntos<\/li><li><strong>Juegos de l\u00e1ser y juegos de burbujas<\/strong>, d\u00e9jate tentar por estos juegos de nueva generaci\u00f3n<\/li><\/ul>\n<\/div>\n\n\n\n<div class=\"wp-block-column is-vertically-aligned-center\">\n<figure class=\"wp-block-gallery has-nested-images columns-2 is-cropped deco-planche\">\n<figure class=\"wp-block-image size-full\"><img loading=\"lazy\" width=\"2560\" height=\"1707\" src=\"https:\/\/floride.fr\/wp-content\/uploads\/2022\/12\/A7R6829-scaled.jpg\" alt=\"\" class=\"wp-image-7626\" srcset=\"https:\/\/floride.fr\/wp-content\/uploads\/2022\/12\/A7R6829-scaled.jpg 2560w, https:\/\/floride.fr\/wp-content\/uploads\/2022\/12\/A7R6829-300x200.jpg 300w, https:\/\/floride.fr\/wp-content\/uploads\/2022\/12\/A7R6829-1024x683.jpg 1024w, https:\/\/floride.fr\/wp-content\/uploads\/2022\/12\/A7R6829-768x512.jpg 768w, https:\/\/floride.fr\/wp-content\/uploads\/2022\/12\/A7R6829-1536x1024.jpg 1536w, https:\/\/floride.fr\/wp-content\/uploads\/2022\/12\/A7R6829-2048x1365.jpg 2048w\" sizes=\"(max-width: 2560px) 100vw, 2560px\" \/><\/figure>\n\n\n\n<figure class=\"wp-block-image size-full\"><img loading=\"lazy\" width=\"2560\" height=\"1707\" src=\"https:\/\/floride.fr\/wp-content\/uploads\/2022\/12\/A7R6042-scaled.jpg\" alt=\"\" class=\"wp-image-7653\" srcset=\"https:\/\/floride.fr\/wp-content\/uploads\/2022\/12\/A7R6042-scaled.jpg 2560w, https:\/\/floride.fr\/wp-content\/uploads\/2022\/12\/A7R6042-300x200.jpg 300w, https:\/\/floride.fr\/wp-content\/uploads\/2022\/12\/A7R6042-1024x683.jpg 1024w, https:\/\/floride.fr\/wp-content\/uploads\/2022\/12\/A7R6042-768x512.jpg 768w, https:\/\/floride.fr\/wp-content\/uploads\/2022\/12\/A7R6042-1536x1024.jpg 1536w, https:\/\/floride.fr\/wp-content\/uploads\/2022\/12\/A7R6042-2048x1365.jpg 2048w\" sizes=\"(max-width: 2560px) 100vw, 2560px\" \/><\/figure>\n<\/figure>\n<\/div>\n<\/div>\n<\/div><\/section>\n\n<section class=\"wp-container-69d0fb6d4768c wp-block-group F-20-a\"><div class=\"wp-block-group__inner-container\">\n<div class=\"wp-block-columns are-vertically-aligned-center\">\n<div class=\"wp-block-column is-vertically-aligned-center\">\n<figure class=\"wp-block-image size-full\"><img loading=\"lazy\" width=\"1596\" height=\"890\" src=\"https:\/\/floride.fr\/wp-content\/uploads\/2022\/12\/Mascottes-DET-1.png\" alt=\"\" class=\"wp-image-7621\" srcset=\"https:\/\/floride.fr\/wp-content\/uploads\/2022\/12\/Mascottes-DET-1.png 1596w, https:\/\/floride.fr\/wp-content\/uploads\/2022\/12\/Mascottes-DET-1-300x167.png 300w, https:\/\/floride.fr\/wp-content\/uploads\/2022\/12\/Mascottes-DET-1-1024x571.png 1024w, https:\/\/floride.fr\/wp-content\/uploads\/2022\/12\/Mascottes-DET-1-768x428.png 768w, https:\/\/floride.fr\/wp-content\/uploads\/2022\/12\/Mascottes-DET-1-1536x857.png 1536w\" sizes=\"(max-width: 1596px) 100vw, 1596px\" \/><\/figure>\n\n\n\n<div class=\"wp-container-69d0fb6d43e3f wp-block-buttons galerie\">\n<div class=\"wp-block-button\"><a class=\"wp-block-button__link has-couleur-4-background-color has-background\" href=\"https:\/\/floride.fr\/es\/galeria-de-fotos\/\"><i class=\"fal fa-images\"><\/i> Ver la galer\u00eda de fotos<\/a><\/div>\n<\/div>\n<\/div>\n\n\n\n<div class=\"wp-block-column is-vertically-aligned-center\">\n<h3 class=\"titre1 has-couleur-1-color has-text-color\" id=\"les-soirees-ou-vous-etes-la-star\">Nuestras mascotas le presentan :<\/h3>\n\n\n\n<p>Y para garantizarle momentos de alegr\u00eda y buen humor en todo momento, \u00a1nuestras mascotas dar\u00e1n ritmo a sus vacaciones! <\/p>\n\n\n\n<div class=\"wp-container-69d0fb6d473a1 wp-block-group pictos\">\n<div class=\"wp-container-69d0fb6d4424f wp-block-group\"><div class=\"wp-block-group__inner-container\"><i class=\"fal fa-sun\"><\/i>\n\n\n\n<p><strong><strong>El desfile de verano<\/strong><\/strong><\/p>\n\n\n\n<p>que se encontrar\u00e1 con usted en los callejones del camping, con una cabalgata de personajes locos.<\/p>\n<\/div><\/div>\n\n\n\n<div class=\"wp-container-69d0fb6d445e9 wp-block-group\"><div class=\"wp-block-group__inner-container\"><i class=\"fal fa-stars\"><\/i>\n\n\n\n<p><strong><strong>Los bailes del pueblo<\/strong><\/strong><\/p>\n\n\n\n<p>Participa todos los d\u00edas en las coreograf\u00edas que nuestros animadores han ideado para ti: \u00bfSacar\u00e1s los pasos de baile?<\/p>\n<\/div><\/div>\n<\/div>\n<\/div>\n<\/div>\n<\/div><\/section>\n\n<section class=\"wp-container-69d0fb6d479d2 wp-block-group\"><div class=\"wp-block-group__inner-container\">\n<p class=\"has-text-align-center\"><strong>Un gran programa de actividades<\/strong>, adem\u00e1s de todas <strong>las actividades deportivas<\/strong> organizadas gratuitamente durante el d\u00eda: desde el aquagym hasta el jogging, desde el tenis de mesa hasta el fitness, \u00a1hay para todos los gustos! Visite nuestra p\u00e1gina dedicada a l<a href=\"https:\/\/floride.fr\/es\/actividades-y-eventos\/\">as actividades deportivas del Camping-Village le Floride en Le Barcar\u00e8s<\/a> (Languedoc-Rosell\u00f3n)<\/p>\n\n\n\n<p class=\"has-text-align-center\">Nunca habr\u00e1 estado en un pueblo de vacaciones con tanta animaci\u00f3n, lo que convierte a Le Floride en <strong>un camping \u00fanico en el sur de Francia.<\/strong><\/p>\n\n\n\n<p class=\"titre3 has-couleur-4-color has-text-color\" id=\"pratique-telechargez-l-application-cool-n-camp-sur-votre-smartphone-et-consultez-les-horaires-de-toutes-les-animations-en-temps-reel\">Pr\u00e1ctico: \u00a1descarga la aplicaci\u00f3n \u00abCiela Village\u00bb en tu smartphone y consulta los horarios de todas las actividades en tiempo real! <\/p>\n<\/div><\/section>\n","protected":false},"excerpt":{"rendered":"<p>Las actividades del camping de 5 estrellas Le Floride R\u00ede, baila, canta, maravilla, \u00a1fiesta! Sus vacaciones en el camping 5 estrellas Le Floride, cerca de Perpignan, son la ocasi\u00f3n de asistir y participar en animaciones como en ning\u00fan otro lugar. En el complejo vacacional Le Floride, en Barcar\u00e8s (66), vive una gran aventura con numerosas [&hellip;]<\/p>\n","protected":false},"author":1,"featured_media":0,"parent":0,"menu_order":0,"comment_status":"closed","ping_status":"closed","template":"","meta":[],"acf":[],"_links":{"self":[{"href":"https:\/\/floride.fr\/es\/wp-json\/wp\/v2\/pages\/2898"}],"collection":[{"href":"https:\/\/floride.fr\/es\/wp-json\/wp\/v2\/pages"}],"about":[{"href":"https:\/\/floride.fr\/es\/wp-json\/wp\/v2\/types\/page"}],"author":[{"embeddable":true,"href":"https:\/\/floride.fr\/es\/wp-json\/wp\/v2\/users\/1"}],"replies":[{"embeddable":true,"href":"https:\/\/floride.fr\/es\/wp-json\/wp\/v2\/comments?post=2898"}],"version-history":[{"count":6,"href":"https:\/\/floride.fr\/es\/wp-json\/wp\/v2\/pages\/2898\/revisions"}],"predecessor-version":[{"id":16385,"href":"https:\/\/floride.fr\/es\/wp-json\/wp\/v2\/pages\/2898\/revisions\/16385"}],"wp:attachment":[{"href":"https:\/\/floride.fr\/es\/wp-json\/wp\/v2\/media?parent=2898"}],"curies":[{"name":"wp","href":"https:\/\/api.w.org\/{rel}","templated":true}]}}