{"id":2934,"date":"2022-04-22T10:42:42","date_gmt":"2022-04-22T08:42:42","guid":{"rendered":"https:\/\/floride.fr\/fiestas-de-halloween\/"},"modified":"2026-03-17T11:32:39","modified_gmt":"2026-03-17T10:32:39","slug":"fiestas-de-halloween","status":"publish","type":"page","link":"https:\/\/floride.fr\/es\/fiestas-de-halloween\/","title":{"rendered":"Fiestas de Halloween"},"content":{"rendered":"\n<figure class=\"wp-block-image alignfull size-full F-00-b\"><img loading=\"lazy\" width=\"2560\" height=\"1707\" src=\"https:\/\/floride.fr\/wp-content\/uploads\/2022\/09\/A7R6026-scaled.jpg\" alt=\"Camping con animaci&#xF3;n de halloween, sur de francia\" class=\"wp-image-6784\" srcset=\"https:\/\/floride.fr\/wp-content\/uploads\/2022\/09\/A7R6026-scaled.jpg 2560w, https:\/\/floride.fr\/wp-content\/uploads\/2022\/09\/A7R6026-300x200.jpg 300w, https:\/\/floride.fr\/wp-content\/uploads\/2022\/09\/A7R6026-1024x683.jpg 1024w, https:\/\/floride.fr\/wp-content\/uploads\/2022\/09\/A7R6026-768x512.jpg 768w, https:\/\/floride.fr\/wp-content\/uploads\/2022\/09\/A7R6026-1536x1024.jpg 1536w, https:\/\/floride.fr\/wp-content\/uploads\/2022\/09\/A7R6026-2048x1365.jpg 2048w\" sizes=\"(max-width: 2560px) 100vw, 2560px\" \/><\/figure>\n\n<section class=\"wp-container-69e7b4c370eef wp-block-group\"><div class=\"wp-block-group__inner-container\">\n<h1 class=\"has-text-align-center has-couleur-1-color has-text-color\" id=\"halloween-debarque-au-floride-dans-tous-ses-etats-frayeurs-et-rires-garantis\" style=\"line-height:0\">Unas vacaciones como nunca ha vivido <\/h1>\n\n\n\n<h1 class=\"has-text-align-center has-couleur-1-color has-text-color\" id=\"halloween-debarque-au-floride-dans-tous-ses-etats-frayeurs-et-rires-garantis\" style=\"line-height:1\">\u00a1en ning\u00fan otro sitio! <\/h1>\n\n\n\n<p class=\"has-text-align-center titre3 has-text-color has-large-font-size\" style=\"color:#ee9556\">Del 17 de octubre al 1 de noviembre de 2026<\/p>\n\n\n\n<p class=\"has-text-align-center titre3 has-couleur-1-color has-text-color\"><br\/>\u00a1Halloween llega en el camping Le Floride en todos sus estados!<\/p>\n<\/div><\/section>\n\n<section class=\"wp-container-69e7b4c372bf8 wp-block-group F-05-a\"><div class=\"wp-block-group__inner-container\">\n<div class=\"wp-block-columns are-vertically-aligned-center\">\n<div class=\"wp-block-column is-vertically-aligned-center deco-feuille3\">\n<h2 class=\"has-text-color\" id=\"ambiance-tenebreuse-au-floride\" style=\"color:#ee9556\">\u00a1Atm\u00f3sfera oscura en el camping Le Floride!<\/h2>\n\n\n\n<div class=\"wp-container-69e7b4c37254b wp-block-group pictos columns-3 has-text-color\" style=\"color:#ee9556\">\n<div class=\"wp-container-69e7b4c3712a5 wp-block-group\"><div class=\"wp-block-group__inner-container\"><i class=\"fal fa-claw-marks\"><\/i>\n\n\n\n<p class=\"has-text-color\" id=\"enigmes-a-resoudre\" style=\"color:#ee9556\"><strong>Grandes juegos<\/strong><\/p>\n<\/div><\/div>\n\n\n\n<div class=\"wp-container-69e7b4c3715cf wp-block-group has-text-color\" style=\"color:#ee9556\"><div class=\"wp-block-group__inner-container\"><i class=\"fal fa-search\"><\/i>\n\n\n\n<p class=\"has-text-color\" id=\"jeu-enquete-disney\" style=\"color:#ee9556\"><strong>Juego de pistas<\/strong><\/p>\n<\/div><\/div>\n\n\n\n<div class=\"wp-container-69e7b4c371920 wp-block-group\"><div class=\"wp-block-group__inner-container\"><i class=\"fal fa-treasure-chest\"><\/i>\n\n\n\n<p class=\"has-text-color\" id=\"chasse-aux-tresors\" style=\"color:#ee9556\"><strong>Pumkin Party (La calabaza m\u00e1s bonita)<\/strong><\/p>\n<\/div><\/div>\n\n\n\n<div class=\"wp-container-69e7b4c371c3c wp-block-group\"><div class=\"wp-block-group__inner-container\"><i class=\"fal fa-raygun\"><\/i>\n\n\n\n<p class=\"has-text-color\" id=\"walking-dead-laser-game\" style=\"color:#ee9556\"><strong>Casa embrujada Adultos<\/strong><\/p>\n<\/div><\/div>\n\n\n\n<div class=\"wp-container-69e7b4c371f5c wp-block-group\"><div class=\"wp-block-group__inner-container\"><i class=\"fal fa-user-alien\"><\/i>\n\n\n\n<p class=\"has-text-color\" id=\"walking-dead-laser-game\" style=\"color:#ee9556\"><strong><strong>Desfile de monstruos<\/strong><\/strong><\/p>\n<\/div><\/div>\n\n\n\n<div class=\"wp-container-69e7b4c3722a0 wp-block-group\"><div class=\"wp-block-group__inner-container\"><i class=\"fal fa-mask\"><\/i>\n\n\n\n<p class=\"has-text-color\" id=\"walking-dead-laser-game\" style=\"color:#ee9556\"><strong><strong>Tag der Toten, American Horror Story und vieles mehr&#8230;<\/strong><\/strong><\/p>\n<\/div><\/div>\n<\/div>\n<\/div>\n\n\n\n<div class=\"wp-block-column is-vertically-aligned-center\">\n<figure class=\"wp-block-gallery has-nested-images columns-2 is-cropped deco-fleur2\">\n<figure class=\"wp-block-image size-large\"><img loading=\"lazy\" width=\"683\" height=\"1024\" src=\"https:\/\/floride.fr\/wp-content\/uploads\/2022\/09\/pexels-karolina-grabowska-5422595-683x1024.jpg\" alt=\"\" class=\"wp-image-6874\" srcset=\"https:\/\/floride.fr\/wp-content\/uploads\/2022\/09\/pexels-karolina-grabowska-5422595-683x1024.jpg 683w, https:\/\/floride.fr\/wp-content\/uploads\/2022\/09\/pexels-karolina-grabowska-5422595-200x300.jpg 200w, https:\/\/floride.fr\/wp-content\/uploads\/2022\/09\/pexels-karolina-grabowska-5422595-768x1152.jpg 768w, https:\/\/floride.fr\/wp-content\/uploads\/2022\/09\/pexels-karolina-grabowska-5422595-1024x1536.jpg 1024w, https:\/\/floride.fr\/wp-content\/uploads\/2022\/09\/pexels-karolina-grabowska-5422595-1365x2048.jpg 1365w, https:\/\/floride.fr\/wp-content\/uploads\/2022\/09\/pexels-karolina-grabowska-5422595-scaled.jpg 1707w\" sizes=\"(max-width: 683px) 100vw, 683px\" \/><\/figure>\n\n\n\n<figure class=\"wp-block-image size-large\"><img loading=\"lazy\" width=\"1024\" height=\"683\" src=\"https:\/\/floride.fr\/wp-content\/uploads\/2022\/09\/A7R6656-1024x683.jpg\" alt=\"\" class=\"wp-image-6883\" srcset=\"https:\/\/floride.fr\/wp-content\/uploads\/2022\/09\/A7R6656-1024x683.jpg 1024w, https:\/\/floride.fr\/wp-content\/uploads\/2022\/09\/A7R6656-300x200.jpg 300w, https:\/\/floride.fr\/wp-content\/uploads\/2022\/09\/A7R6656-768x512.jpg 768w, https:\/\/floride.fr\/wp-content\/uploads\/2022\/09\/A7R6656-1536x1024.jpg 1536w, https:\/\/floride.fr\/wp-content\/uploads\/2022\/09\/A7R6656-2048x1365.jpg 2048w\" sizes=\"(max-width: 1024px) 100vw, 1024px\" \/><\/figure>\n<\/figure>\n\n\n\n<div class=\"wp-container-69e7b4c37292a wp-block-buttons galerie\">\n<div class=\"wp-block-button\"><a class=\"wp-block-button__link has-couleur-4-background-color has-background\" href=\"https:\/\/floride.fr\/es\/galeria-de-fotos\/\"><i class=\"fal fa-images\"><\/i> Ver la galer\u00eda de fotos<\/a><\/div>\n<\/div>\n<\/div>\n<\/div>\n<\/div><\/section>\n\n<figure class=\"wp-block-embed is-type-video is-provider-youtube wp-block-embed-youtube wp-embed-aspect-16-9 wp-has-aspect-ratio\"><div class=\"wp-block-embed__wrapper\">\n<iframe loading=\"lazy\" title=\"F\u00eatez Halloween au Camping Le Floride &amp; L&#039;Embouchure***** \u00e0 Port-Barcar\u00e8s\" width=\"500\" height=\"281\" src=\"https:\/\/www.youtube.com\/embed\/UipEErhTeP8?feature=oembed\" frameborder=\"0\" allow=\"accelerometer; autoplay; clipboard-write; encrypted-media; gyroscope; picture-in-picture; web-share\" allowfullscreen><\/iframe>\n<\/div><\/figure>\n\n<section class=\"wp-container-69e7b4c373770 wp-block-group F-10-a vague-top ligne1-top has-couleur-1-background-color has-background\"><div class=\"wp-block-group__inner-container\">\n<div class=\"wp-block-columns are-vertically-aligned-center\">\n<div class=\"wp-block-column is-vertically-aligned-center\">\n<figure class=\"wp-block-gallery has-nested-images columns-3 is-cropped deco-masque5\">\n<figure class=\"wp-block-image size-large\"><img loading=\"lazy\" width=\"1024\" height=\"683\" src=\"https:\/\/floride.fr\/wp-content\/uploads\/2022\/09\/A7R5979-1024x683.jpg\" alt=\"\" class=\"wp-image-6789\" srcset=\"https:\/\/floride.fr\/wp-content\/uploads\/2022\/09\/A7R5979-1024x683.jpg 1024w, https:\/\/floride.fr\/wp-content\/uploads\/2022\/09\/A7R5979-300x200.jpg 300w, https:\/\/floride.fr\/wp-content\/uploads\/2022\/09\/A7R5979-768x512.jpg 768w, https:\/\/floride.fr\/wp-content\/uploads\/2022\/09\/A7R5979-1536x1024.jpg 1536w, https:\/\/floride.fr\/wp-content\/uploads\/2022\/09\/A7R5979-2048x1365.jpg 2048w\" sizes=\"(max-width: 1024px) 100vw, 1024px\" \/><\/figure>\n\n\n\n<figure class=\"wp-block-image size-large\"><img loading=\"lazy\" width=\"1024\" height=\"683\" src=\"https:\/\/floride.fr\/wp-content\/uploads\/2022\/09\/A7R7368-1024x683.jpg\" alt=\"\" class=\"wp-image-6799\" srcset=\"https:\/\/floride.fr\/wp-content\/uploads\/2022\/09\/A7R7368-1024x683.jpg 1024w, https:\/\/floride.fr\/wp-content\/uploads\/2022\/09\/A7R7368-300x200.jpg 300w, https:\/\/floride.fr\/wp-content\/uploads\/2022\/09\/A7R7368-768x512.jpg 768w, https:\/\/floride.fr\/wp-content\/uploads\/2022\/09\/A7R7368-1536x1024.jpg 1536w, https:\/\/floride.fr\/wp-content\/uploads\/2022\/09\/A7R7368-2048x1365.jpg 2048w\" sizes=\"(max-width: 1024px) 100vw, 1024px\" \/><\/figure>\n<\/figure>\n<\/div>\n\n\n\n<div class=\"wp-block-column is-vertically-aligned-center\">\n<h2 class=\"has-text-color has-large-font-size\" id=\"cap-ou-pas-cap-de-tremblez-de-peur-1\" style=\"color:#ee9556\">\u00bfEst\u00e1s preparado o no para temblar de miedo?<\/h2>\n\n\n\n<p class=\"has-blanc-color has-text-color\" id=\"a-partir-de-210-la-semaine-et-71-le-week-end-en-bungalow-chauffe-acces-a-la-piscine-couverte-au-parc-aquatique-chauffe-aux-toboggans-a-sensation-a-la-salle-de-musculation-et-a-l-espace-ludique-pour-enfants-inclus\">Para celebrar Halloween como es debido, hemos decidido reunir a un grupo de brujas, vampiros y monstruos del 17 de octubre al 1 de noviembre de 2026.<\/p>\n\n\n\n<p class=\"has-blanc-color has-text-color\" id=\"a-partir-de-210-la-semaine-et-71-le-week-end-en-bungalow-chauffe-acces-a-la-piscine-couverte-au-parc-aquatique-chauffe-aux-toboggans-a-sensation-a-la-salle-de-musculation-et-a-l-espace-ludique-pour-enfants-inclus\">\u00a1Desfiles, animaciones, casa del terror y espect\u00e1culos en un ambiente terror\u00edfico! <\/p>\n\n\n\n<p class=\"titre3 has-couleur-4-color has-text-color\" id=\"deux-semaines-d-animations-inoubliables-pour-entrer-dans-la-legende-d-halloween-au-camping-5-etoiles-le-floride\">Prep\u00e1rese para una quincena de diversiones inolvidables en el camping de 5 <strong>estrellas de Perpi\u00f1\u00e1n<\/strong>, Le Floride.<\/p>\n\n\n\n<p class=\"has-blanc-color has-text-color\">Club infantil abierto y gratuito del 17 de octubre al 1 de noviembre de 2026 (por las ma\u00f1anas, de lunes a viernes).<\/p>\n\n\n\n<p class=\"has-blanc-color has-text-color\">Reserve su estancia en familia o con amigos para las vacaciones de Todos los Santos en el Camping Le Floride de Le Barcar\u00e8s, <strong>totalmente redecorado para la ocasi\u00f3n.<\/strong><\/p>\n\n\n\n<div class=\"wp-container-69e7b4c3732b7 wp-block-buttons\">\n<div class=\"wp-block-button btn_resa is-style-fill\"><a class=\"wp-block-button__link has-blanc-color has-couleur-2-background-color has-text-color has-background\"><i class=\"fal fa-search\"><\/i> \u00a1Reserve ahora!<\/a><\/div>\n<\/div>\n<\/div>\n<\/div>\n<\/div><\/section>\n","protected":false},"excerpt":{"rendered":"<p>Unas vacaciones como nunca ha vivido \u00a1en ning\u00fan otro sitio! Del 17 de octubre al 1 de noviembre de 2026 \u00a1Halloween llega en el camping Le Floride en todos sus estados! \u00a1Atm\u00f3sfera oscura en el camping Le Floride! Grandes juegos Juego de pistas Pumkin Party (La calabaza m\u00e1s bonita) Casa embrujada Adultos Desfile de monstruos [&hellip;]<\/p>\n","protected":false},"author":1,"featured_media":0,"parent":0,"menu_order":0,"comment_status":"closed","ping_status":"closed","template":"","meta":[],"acf":[],"_links":{"self":[{"href":"https:\/\/floride.fr\/es\/wp-json\/wp\/v2\/pages\/2934"}],"collection":[{"href":"https:\/\/floride.fr\/es\/wp-json\/wp\/v2\/pages"}],"about":[{"href":"https:\/\/floride.fr\/es\/wp-json\/wp\/v2\/types\/page"}],"author":[{"embeddable":true,"href":"https:\/\/floride.fr\/es\/wp-json\/wp\/v2\/users\/1"}],"replies":[{"embeddable":true,"href":"https:\/\/floride.fr\/es\/wp-json\/wp\/v2\/comments?post=2934"}],"version-history":[{"count":6,"href":"https:\/\/floride.fr\/es\/wp-json\/wp\/v2\/pages\/2934\/revisions"}],"predecessor-version":[{"id":15514,"href":"https:\/\/floride.fr\/es\/wp-json\/wp\/v2\/pages\/2934\/revisions\/15514"}],"wp:attachment":[{"href":"https:\/\/floride.fr\/es\/wp-json\/wp\/v2\/media?parent=2934"}],"curies":[{"name":"wp","href":"https:\/\/api.w.org\/{rel}","templated":true}]}}