{"id":408,"date":"2022-03-11T15:09:25","date_gmt":"2022-03-11T14:09:25","guid":{"rendered":"https:\/\/floride.fr\/bienvenida\/"},"modified":"2026-03-17T11:58:42","modified_gmt":"2026-03-17T10:58:42","slug":"bienvenida","status":"publish","type":"page","link":"https:\/\/floride.fr\/es\/","title":{"rendered":"bienvenida"},"content":{"rendered":"\n<figure class=\"wp-block-image alignfull size-full F-00-a\"><img loading=\"lazy\" width=\"1920\" height=\"1440\" src=\"https:\/\/floride.fr\/wp-content\/uploads\/2025\/11\/016_Camping_Occitanie_Le_Floride_et_l_Embouchure_Ciela_Village_Drone.webp\" alt=\"\" class=\"wp-image-15528\" srcset=\"https:\/\/floride.fr\/wp-content\/uploads\/2025\/11\/016_Camping_Occitanie_Le_Floride_et_l_Embouchure_Ciela_Village_Drone.webp 1920w, https:\/\/floride.fr\/wp-content\/uploads\/2025\/11\/016_Camping_Occitanie_Le_Floride_et_l_Embouchure_Ciela_Village_Drone-300x225.webp 300w, https:\/\/floride.fr\/wp-content\/uploads\/2025\/11\/016_Camping_Occitanie_Le_Floride_et_l_Embouchure_Ciela_Village_Drone-1024x768.webp 1024w, https:\/\/floride.fr\/wp-content\/uploads\/2025\/11\/016_Camping_Occitanie_Le_Floride_et_l_Embouchure_Ciela_Village_Drone-768x576.webp 768w, https:\/\/floride.fr\/wp-content\/uploads\/2025\/11\/016_Camping_Occitanie_Le_Floride_et_l_Embouchure_Ciela_Village_Drone-1536x1152.webp 1536w\" sizes=\"(max-width: 1920px) 100vw, 1920px\" \/><\/figure>\n\n<div class=\"wp-container-69d17f848a460 wp-block-group barre_resa-container\"><div class=\"wp-block-group__inner-container\">\n<div class=\"wp-container-69d17f848a1b2 wp-block-buttons\">\n<div class=\"wp-block-button btn_resa\"><a class=\"wp-block-button__link has-background\" style=\"border-radius:30px;background-color:#e4032e;padding-top:1rem;padding-right:1rem;padding-bottom:1rem;padding-left:1rem\"><i class=\"fal fa-arrow-right\"><\/i> Reservar<\/a><\/div>\n<\/div>\n<\/div><\/div>\n\n<p class=\"has-text-align-center titre1 has-couleur-1-color has-text-color\" id=\"a-port-barcares-faites-le-choix-du-depaysement-haut-de-gamme-en-2022\"><strong>Esc\u00e1pese para vivir una experiencia \u00fanica en Barcar\u00e8s,<br\/>entre el Mediterr\u00e1neo y los Pirineos Orientales.<\/strong><\/p>\n\n<h1 class=\"has-text-align-center has-couleur-1-color has-text-color\" id=\"a-port-barcares-faites-le-choix-du-depaysement-haut-de-gamme-en-2022\"><mark style=\"background-color:rgba(0, 0, 0, 0)\" class=\"has-inline-color has-couleur-4-color\">Bienvenido al camping de 5 estrellas Le Floride en Barcar\u00e8s<\/mark><\/h1>\n\n<section class=\"wp-container-69d17f848a914 wp-block-group F-05-a\"><div class=\"wp-block-group__inner-container\">\n<div class=\"wp-block-columns are-vertically-aligned-center\">\n<div class=\"wp-block-column is-vertically-aligned-center\">\n<figure class=\"wp-block-gallery has-nested-images columns-2 is-cropped deco-fleur1\">\n<figure class=\"wp-block-image size-full\"><img loading=\"lazy\" width=\"1280\" height=\"959\" src=\"https:\/\/floride.fr\/wp-content\/uploads\/2025\/11\/043_Camping_Occitanie_Le_Floride_et_l_Embouchure_Ciela_Village_Drone.webp\" alt=\"\" class=\"wp-image-15640\" srcset=\"https:\/\/floride.fr\/wp-content\/uploads\/2025\/11\/043_Camping_Occitanie_Le_Floride_et_l_Embouchure_Ciela_Village_Drone.webp 1280w, https:\/\/floride.fr\/wp-content\/uploads\/2025\/11\/043_Camping_Occitanie_Le_Floride_et_l_Embouchure_Ciela_Village_Drone-300x225.webp 300w, https:\/\/floride.fr\/wp-content\/uploads\/2025\/11\/043_Camping_Occitanie_Le_Floride_et_l_Embouchure_Ciela_Village_Drone-1024x767.webp 1024w, https:\/\/floride.fr\/wp-content\/uploads\/2025\/11\/043_Camping_Occitanie_Le_Floride_et_l_Embouchure_Ciela_Village_Drone-768x575.webp 768w\" sizes=\"(max-width: 1280px) 100vw, 1280px\" \/><\/figure>\n\n\n\n<figure class=\"wp-block-image size-full is-style-default\"><img loading=\"lazy\" width=\"1280\" height=\"853\" src=\"https:\/\/floride.fr\/wp-content\/uploads\/2025\/11\/435_Camping_Occitanie_Le_Floride_et_l_Embouchure_Ciela_Village_Aire_de_Jeux.webp\" alt=\"\" class=\"wp-image-15645\" srcset=\"https:\/\/floride.fr\/wp-content\/uploads\/2025\/11\/435_Camping_Occitanie_Le_Floride_et_l_Embouchure_Ciela_Village_Aire_de_Jeux.webp 1280w, https:\/\/floride.fr\/wp-content\/uploads\/2025\/11\/435_Camping_Occitanie_Le_Floride_et_l_Embouchure_Ciela_Village_Aire_de_Jeux-300x200.webp 300w, https:\/\/floride.fr\/wp-content\/uploads\/2025\/11\/435_Camping_Occitanie_Le_Floride_et_l_Embouchure_Ciela_Village_Aire_de_Jeux-1024x682.webp 1024w, https:\/\/floride.fr\/wp-content\/uploads\/2025\/11\/435_Camping_Occitanie_Le_Floride_et_l_Embouchure_Ciela_Village_Aire_de_Jeux-768x512.webp 768w\" sizes=\"(max-width: 1280px) 100vw, 1280px\" \/><\/figure>\n<\/figure>\n\n\n\n<p class=\"encart--plage\"><a href=\"https:\/\/floride.fr\/es\/acceso-directo-a-la-playa\/\">\u00a1Disfruta del acceso directo a la playa!<\/a><\/p>\n<\/div>\n\n\n\n<div class=\"wp-block-column is-vertically-aligned-center deco-feuille1\">\n<h2 class=\"titre2 has-couleur-2-color has-text-color\" id=\"a-port-barcares-vivez-un-depaysement-total-au-village-vacances-le-floride\">En Port Barcar\u00e8s, disfrute de un cambio total de aires en el complejo vacacional Le Floride<\/h2>\n\n\n\n<p class=\"brush has-couleur-1-color has-text-color\">Abierto del 3 de abril al 27 de septiembre de 2026 y del 17 de octubre al 1 de noviembre de 2026.<\/p>\n\n\n\n<p>Si\u00e9ntase en otro lugar, tan cerca de casa, y descubra el para\u00edso vacacional a orillas del Mediterr\u00e1neo, en un entorno natural y encantador, a pocos kil\u00f3metros del pueblo catal\u00e1n de Barcar\u00e8s (66). Es la promesa de nuestro camping de alta gama en los Pirineos Orientales, a orillas del mar. <\/p>\n\n\n\n<p>En el Rosell\u00f3n, muy cerca de Perpi\u00f1\u00e1n, te da la bienvenida el camping Le Floride de Barcar\u00e8s, toda una instituci\u00f3n que lleva m\u00e1s de 60 a\u00f1os deleitando a los visitantes de esta hermosa regi\u00f3n del sur de Francia.<\/p>\n\n\n\n<p>Situado a orillas del mar, nuestro establecimiento de 5 estrellas en Languedoc-Roussillon le ofrece un nivel \u00f3ptimo de calidad y confort para unas vacaciones en las que el lujo y el descanso se combinan con el entretenimiento y la felicidad compartida con la familia o los amigos. <\/p>\n\n\n\n<p>Le Floride es el destino ideal para tu <a href=\"https:\/\/floride.fr\/location-vacances-pyrenees-orientales\/\" data-type=\"page\" data-id=\"12968\">alquiler vacacional en los Pirineos Orientales<\/a>, ya que constituye un aut\u00e9ntico complejo vacacional y de bienestar, que aparece regularmente en televisi\u00f3n en los canales C8, 6Ter, TMC y TF1, gracias a la primera temporada del programa \u00abCamping Family\u00bb y a sus espect\u00e1culos XXL.<\/p>\n<\/div>\n<\/div>\n<\/div><\/section>\n\n<section class=\"wp-container-69d17f848afff wp-block-group F-10-a\"><div class=\"wp-block-group__inner-container\">\n<div class=\"wp-block-columns are-vertically-aligned-center\">\n<div class=\"wp-block-column is-vertically-aligned-center\">\n<h2 class=\"titre1 has-couleur-1-color has-text-color\" id=\"se-sentir-ailleurs-si-pres-de-chez-soi-et-decouvrez-le-paradis-des-vacances-au-bord-de-la-mediterranee-dans-un-cadre-naturel-et-enchanteur-a-quelques-encablures-du-village-catalan-du-barcares-66\">Alquileres en el camping Le Floride<\/h2>\n\n\n\n<p>El camping Le Floride en Port Barcar\u00e8s le ofrece una amplia selecci\u00f3n de alojamientos de alta gama: mobil-homes equipados con televisi\u00f3n y wifi, algunos adaptados para personas con movilidad reducida, pero tambi\u00e9n alojamientos ins\u00f3litos que no encontrar\u00e1 en ning\u00fan otro sitio: chal\u00e9s de lujo, far\u00e9s hawaianos, caravanas del Lejano Oeste, etc.<\/p>\n\n\n\n<div class=\"wp-container-69d17f848ac8a wp-block-buttons\">\n<div class=\"wp-block-button btn_resa\"><a class=\"wp-block-button__link has-couleur-2-background-color has-background\"><i class=\"fal fa-search\"><\/i> Reservar<\/a><\/div>\n<\/div>\n<\/div>\n\n\n\n<div class=\"wp-block-column is-vertically-aligned-center\">\n<figure class=\"wp-block-gallery has-nested-images columns-3 is-cropped deco-planche deco-rectangle1\">\n<figure class=\"wp-block-image size-full\"><img loading=\"lazy\" width=\"1280\" height=\"853\" src=\"https:\/\/floride.fr\/wp-content\/uploads\/2025\/11\/221_Camping_Occitanie_Le_Floride_et_l_Embouchure_Ciela_Village_Quartiers.webp\" alt=\"\" class=\"wp-image-15650\" srcset=\"https:\/\/floride.fr\/wp-content\/uploads\/2025\/11\/221_Camping_Occitanie_Le_Floride_et_l_Embouchure_Ciela_Village_Quartiers.webp 1280w, https:\/\/floride.fr\/wp-content\/uploads\/2025\/11\/221_Camping_Occitanie_Le_Floride_et_l_Embouchure_Ciela_Village_Quartiers-300x200.webp 300w, https:\/\/floride.fr\/wp-content\/uploads\/2025\/11\/221_Camping_Occitanie_Le_Floride_et_l_Embouchure_Ciela_Village_Quartiers-1024x682.webp 1024w, https:\/\/floride.fr\/wp-content\/uploads\/2025\/11\/221_Camping_Occitanie_Le_Floride_et_l_Embouchure_Ciela_Village_Quartiers-768x512.webp 768w\" sizes=\"(max-width: 1280px) 100vw, 1280px\" \/><\/figure>\n\n\n\n<figure class=\"wp-block-image size-full\"><img loading=\"lazy\" width=\"1280\" height=\"853\" src=\"https:\/\/floride.fr\/wp-content\/uploads\/2025\/11\/240_Camping_Occitanie_Le_Floride_et_l_Embouchure_Ciela_Village_Hebergement.webp\" alt=\"\" class=\"wp-image-15655\" srcset=\"https:\/\/floride.fr\/wp-content\/uploads\/2025\/11\/240_Camping_Occitanie_Le_Floride_et_l_Embouchure_Ciela_Village_Hebergement.webp 1280w, https:\/\/floride.fr\/wp-content\/uploads\/2025\/11\/240_Camping_Occitanie_Le_Floride_et_l_Embouchure_Ciela_Village_Hebergement-300x200.webp 300w, https:\/\/floride.fr\/wp-content\/uploads\/2025\/11\/240_Camping_Occitanie_Le_Floride_et_l_Embouchure_Ciela_Village_Hebergement-1024x682.webp 1024w, https:\/\/floride.fr\/wp-content\/uploads\/2025\/11\/240_Camping_Occitanie_Le_Floride_et_l_Embouchure_Ciela_Village_Hebergement-768x512.webp 768w\" sizes=\"(max-width: 1280px) 100vw, 1280px\" \/><\/figure>\n<\/figure>\n<\/div>\n<\/div>\n<\/div><\/section>\n\n<section class=\"wp-container-69d17f848b9b2 wp-block-group F-15-a vague-top vague-bottom ligne1-top has-bg-1-background-color has-background\"><div class=\"wp-block-group__inner-container\">\n<h2 class=\"titre1 has-couleur-1-color has-text-color\" id=\"vos-vacances-commencent-maintenant\">\u00a1Sus vacaciones comienzan ahora!<\/h2>\n\n\n\n<div class=\"wp-block-media-text is-stacked-on-mobile is-image-fill\"><figure class=\"wp-block-media-text__media\" style=\"background-image:url(https:\/\/floride.fr\/wp-content\/uploads\/2025\/11\/139_Camping_Occitanie_Le_Floride_et_l_Embouchure_Ciela_Village_Parc_Aquatique-683x1024.webp);background-position:0% 50%\"><img loading=\"lazy\" width=\"683\" height=\"1024\" src=\"https:\/\/floride.fr\/wp-content\/uploads\/2025\/11\/139_Camping_Occitanie_Le_Floride_et_l_Embouchure_Ciela_Village_Parc_Aquatique-683x1024.webp\" alt=\"\" class=\"wp-image-15660 size-full\" srcset=\"https:\/\/floride.fr\/wp-content\/uploads\/2025\/11\/139_Camping_Occitanie_Le_Floride_et_l_Embouchure_Ciela_Village_Parc_Aquatique-683x1024.webp 683w, https:\/\/floride.fr\/wp-content\/uploads\/2025\/11\/139_Camping_Occitanie_Le_Floride_et_l_Embouchure_Ciela_Village_Parc_Aquatique-200x300.webp 200w, https:\/\/floride.fr\/wp-content\/uploads\/2025\/11\/139_Camping_Occitanie_Le_Floride_et_l_Embouchure_Ciela_Village_Parc_Aquatique-768x1152.webp 768w, https:\/\/floride.fr\/wp-content\/uploads\/2025\/11\/139_Camping_Occitanie_Le_Floride_et_l_Embouchure_Ciela_Village_Parc_Aquatique-1024x1536.webp 1024w, https:\/\/floride.fr\/wp-content\/uploads\/2025\/11\/139_Camping_Occitanie_Le_Floride_et_l_Embouchure_Ciela_Village_Parc_Aquatique.webp 1280w\" sizes=\"(max-width: 683px) 100vw, 683px\" \/><\/figure><div class=\"wp-block-media-text__content\">\n<div class=\"wp-block-media-text is-stacked-on-mobile is-image-fill deco-coco\"><figure class=\"wp-block-media-text__media\" style=\"background-image:url(https:\/\/floride.fr\/wp-content\/uploads\/2025\/11\/080_Camping_Occitanie_Le_Floride_et_l_Embouchure_Ciela_Village_Parc_Aquatique-683x1024.webp);background-position:50% 50%\"><img loading=\"lazy\" width=\"683\" height=\"1024\" src=\"https:\/\/floride.fr\/wp-content\/uploads\/2025\/11\/080_Camping_Occitanie_Le_Floride_et_l_Embouchure_Ciela_Village_Parc_Aquatique-683x1024.webp\" alt=\"\" class=\"wp-image-15665 size-full\" srcset=\"https:\/\/floride.fr\/wp-content\/uploads\/2025\/11\/080_Camping_Occitanie_Le_Floride_et_l_Embouchure_Ciela_Village_Parc_Aquatique-683x1024.webp 683w, https:\/\/floride.fr\/wp-content\/uploads\/2025\/11\/080_Camping_Occitanie_Le_Floride_et_l_Embouchure_Ciela_Village_Parc_Aquatique-200x300.webp 200w, https:\/\/floride.fr\/wp-content\/uploads\/2025\/11\/080_Camping_Occitanie_Le_Floride_et_l_Embouchure_Ciela_Village_Parc_Aquatique-768x1152.webp 768w, https:\/\/floride.fr\/wp-content\/uploads\/2025\/11\/080_Camping_Occitanie_Le_Floride_et_l_Embouchure_Ciela_Village_Parc_Aquatique-1024x1536.webp 1024w, https:\/\/floride.fr\/wp-content\/uploads\/2025\/11\/080_Camping_Occitanie_Le_Floride_et_l_Embouchure_Ciela_Village_Parc_Aquatique.webp 1280w\" sizes=\"(max-width: 683px) 100vw, 683px\" \/><\/figure><div class=\"wp-block-media-text__content\">\n<blockquote class=\"wp-block-quote\"><p>\u00ab\u00a1Acabo de regresar y mis pensamientos me llevan a este lugar m\u00e1gico! Nos sentimos tan bien aqu\u00ed que nos cuesta irnos&#8230; Lo que nos consuela es saber que volveremos para pasar, una vez m\u00e1s, momentos excepcionales: con amigos, al sol, en un ambiente estupendo, sin estr\u00e9s, y tan bien acogidos&#8230;\u00bb<\/p><cite>Henry, que lleg\u00f3 en agosto<\/cite><\/blockquote>\n<\/div><\/div>\n\n\n\n<h3 id=\"profitez-d-un-immense-parc-aquatique-pres-de-perpignan\">Camping de lujo en los Pirineos Orientales con acceso directo a la playa de Barcar\u00e8s<\/h3>\n\n\n\n<p>La zona de Embouchure es ideal para los amantes de la naturaleza y de las caravanas. Aqu\u00ed se encuentra el acceso directo a la playa de <a href=\"https:\/\/floride.fr\/es\/acceso-directo-a-la-playa\/\">Barcar\u00e8s <\/a>(66), una puerta segura que le abre el camino hacia el mar Mediterr\u00e1neo. Un paseo de 100 metros y ya est\u00e1s en el agua.<\/p>\n\n\n\n<p>Disfrute de todos los <a href=\"https:\/\/floride.fr\/es\/servicio-y-catering\/\">servicios de lujo <\/a>que ofrece el camping m\u00e1s grande de Port Barcar\u00e8s: el Kahuna Spa (hammam, masajes, tratamientos de belleza), el Kahuna Coiff\u2019 (peluquer\u00eda), el bar-restaurante, el supermercado, la sala de juegos, etc. y disfrute del acceso directo a la playa de Barcar\u00e8s en nuestro camping de los Pirineos Orientales a orillas del mar, as\u00ed como de nuestro gimnasio.<\/p>\n\n\n\n<h3 id=\"profitez-d-un-immense-parc-aquatique-pres-de-perpignan\">Disfrute de un enorme parque acu\u00e1tico cerca de Perpi\u00f1\u00e1n<\/h3>\n\n\n\n<p>Y, sobre todo, el emblem\u00e1tico espacio que ha dado fama al camping Le Floride en Rosell\u00f3n y en el sur de Francia: \u00a1el parque acu\u00e1tico de 4700 m\u00b2 con piscinas climatizadas, piscina cubierta, jacuzzis, piscina infantil, grandes toboganes, pentagliss y r\u00edo con corriente! Toda la familia podr\u00e1 disfrutar de este lugar de culto en nuestro camping en<a href=\"https:\/\/floride.fr\/es\/parque-acuatico\/\"> Languedoc-Rosell\u00f3n<\/a> con parque acu\u00e1tico en Perpi\u00f1\u00e1n. <\/p>\n\n\n\n<div class=\"wp-container-69d17f848b3e4 wp-block-buttons\">\n<div class=\"wp-block-button btn_resa\"><a class=\"wp-block-button__link has-couleur-2-background-color has-background\" href=\"https:\/\/floride.fr\/es\/parque-acuatico\/\"><i class=\"fal fa-search\"><\/i> Ver el parque acu\u00e1tico<\/a><\/div>\n<\/div>\n\n\n\n<h3 id=\"au-barcares-optez-pour-le-confort-de-nos-mobil-homes-prestigieux\">En Barcar\u00e8s, opte por la comodidad de nuestras prestigiosas casas m\u00f3viles.<\/h3>\n\n\n\n<p>El camping te ofrece una amplia variedad de alojamientos de alta gama, con nuestras casas m\u00f3viles en Barcar\u00e8s, todas equipadas con televisi\u00f3n y wifi, algunas adaptadas para personas con movilidad reducida; pero tambi\u00e9n alojamientos originales a orillas del Mediterr\u00e1neo que no encontrar\u00e1s en ning\u00fan otro sitio: chal\u00e9s de lujo, caba\u00f1as hawaianas, caravanas del Lejano Oeste, casas m\u00f3viles Exception Spa\u2026<br\/>Y, por supuesto, una selecci\u00f3n de parcelas junto al mar para unas vacaciones en tienda de campa\u00f1a, caravana o autocaravana.<\/p>\n\n\n\n<div class=\"wp-container-69d17f848b6fe wp-block-buttons\">\n<div class=\"wp-block-button btn_resa is-style-fill\"><a class=\"wp-block-button__link has-couleur-2-background-color has-background\" href=\"https:\/\/floride.fr\/es\/alquileres\/\"><i class=\"fal fa-search\"><\/i> Ver alojamientos<\/a><\/div>\n<\/div>\n<\/div><\/div>\n<\/div><\/section>\n\n<section class=\"wp-container-69d17f848c0ec wp-block-group F-20-a\"><div class=\"wp-block-group__inner-container\">\n<h2 id=\"camping-5-etoiles-en-languedoc-roussillon-aux-prestations-luxueuses\">Camping de 5 estrellas en Languedoc-Rosell\u00f3n con servicios de lujo<\/h2>\n\n\n\n<p>Para unas vacaciones de lujo junto al mar en <a href=\"https:\/\/floride.fr\/es\/alrededores\/\">Languedoc-Roussillon<\/a>, el Floride, camping de 5 estrellas en los Pirineos Orientales, es el lugar ideal. Rel\u00e1jese a orillas del Mediterr\u00e1neo con nuestro acceso directo a la playa de Barcar\u00e8s y nuestro centro de bienestar y talasoterapia. Las manos expertas de nuestras masajistas y peluqueras profesionales le proporcionar\u00e1n placer y comodidad en el mismo camping, muy cerca de Perpi\u00f1\u00e1n. Adem\u00e1s, nuestro animador puede ofrecer a grandes y peque\u00f1os ejercicios de fortalecimiento muscular en nuestra estructura al aire libre para que reconecten con sus emociones y liberen tensiones. Todo nuestro equipo se moviliza para entretenerle y ofrecerle actividades \u00fanicas en este aut\u00e9ntico pueblo de vacaciones en Barcar\u00e8s. \u00bfLe apetece picar algo? En nuestros diversos servicios de restauraci\u00f3n le esperan deliciosos platos mediterr\u00e1neos con notas t\u00edpicas de Languedoc-Roussillon. Entre ellos, encontrar\u00e1 productos del mar, especialidades pirenaicas o aperitivos para tomar all\u00ed mismo o para llevar. Encuentre todo lo que necesita y mucho m\u00e1s en nuestro camping en Barcar\u00e8s (66), \u00a1lleno de sorpresas!        <\/p>\n\n\n\n<div style=\"height:100px\" aria-hidden=\"true\" class=\"wp-block-spacer\"><\/div>\n\n\n\n<div class=\"wp-block-columns are-vertically-aligned-center\">\n<div class=\"wp-block-column is-vertically-aligned-center\">\n<figure class=\"wp-block-gallery has-nested-images columns-2 is-cropped deco-fleur2 deco-rectangle2\">\n<figure class=\"wp-block-image size-full\"><img loading=\"lazy\" width=\"1280\" height=\"853\" src=\"https:\/\/floride.fr\/wp-content\/uploads\/2025\/11\/325_Camping_Occitanie_Le_Floride_et_l_Embouchure_Ciela_Village_Espace_Bien_Etre_Kahuna_Spa.webp\" alt=\"\" class=\"wp-image-15670\" srcset=\"https:\/\/floride.fr\/wp-content\/uploads\/2025\/11\/325_Camping_Occitanie_Le_Floride_et_l_Embouchure_Ciela_Village_Espace_Bien_Etre_Kahuna_Spa.webp 1280w, https:\/\/floride.fr\/wp-content\/uploads\/2025\/11\/325_Camping_Occitanie_Le_Floride_et_l_Embouchure_Ciela_Village_Espace_Bien_Etre_Kahuna_Spa-300x200.webp 300w, https:\/\/floride.fr\/wp-content\/uploads\/2025\/11\/325_Camping_Occitanie_Le_Floride_et_l_Embouchure_Ciela_Village_Espace_Bien_Etre_Kahuna_Spa-1024x682.webp 1024w, https:\/\/floride.fr\/wp-content\/uploads\/2025\/11\/325_Camping_Occitanie_Le_Floride_et_l_Embouchure_Ciela_Village_Espace_Bien_Etre_Kahuna_Spa-768x512.webp 768w\" sizes=\"(max-width: 1280px) 100vw, 1280px\" \/><\/figure>\n\n\n\n<figure class=\"wp-block-image size-full\"><img loading=\"lazy\" width=\"1280\" height=\"853\" src=\"https:\/\/floride.fr\/wp-content\/uploads\/2025\/11\/320_Camping_Occitanie_Le_Floride_et_l_Embouchure_Ciela_Village_Espace_Bien_Etre_Kahuna_Spa.webp\" alt=\"\" class=\"wp-image-15675\" srcset=\"https:\/\/floride.fr\/wp-content\/uploads\/2025\/11\/320_Camping_Occitanie_Le_Floride_et_l_Embouchure_Ciela_Village_Espace_Bien_Etre_Kahuna_Spa.webp 1280w, https:\/\/floride.fr\/wp-content\/uploads\/2025\/11\/320_Camping_Occitanie_Le_Floride_et_l_Embouchure_Ciela_Village_Espace_Bien_Etre_Kahuna_Spa-300x200.webp 300w, https:\/\/floride.fr\/wp-content\/uploads\/2025\/11\/320_Camping_Occitanie_Le_Floride_et_l_Embouchure_Ciela_Village_Espace_Bien_Etre_Kahuna_Spa-1024x682.webp 1024w, https:\/\/floride.fr\/wp-content\/uploads\/2025\/11\/320_Camping_Occitanie_Le_Floride_et_l_Embouchure_Ciela_Village_Espace_Bien_Etre_Kahuna_Spa-768x512.webp 768w\" sizes=\"(max-width: 1280px) 100vw, 1280px\" \/><\/figure>\n<\/figure>\n\n\n\n<div class=\"wp-container-69d17f848bdac wp-block-buttons galerie\">\n<div class=\"wp-block-button\"><a class=\"wp-block-button__link\" href=\"https:\/\/floride.fr\/es\/galeria-de-fotos\/\"><i class=\"fal fa-images\"><\/i> Ver la galer\u00eda multimedia<\/a><\/div>\n<\/div>\n<\/div>\n\n\n\n<div class=\"wp-block-column is-vertically-aligned-center\">\n<h3 class=\"titre1 has-couleur-2-color has-text-color\" id=\"se-sentir-ailleurs-si-pres-de-chez-soi-et-decouvrez-le-paradis-des-vacances-au-bord-de-la-mediterranee-dans-un-cadre-naturel-et-enchanteur-a-quelques-encablures-du-village-catalan-du-barcares-66\">Servicios de bienestar :<\/h3>\n\n\n\n<p class=\"brush has-couleur-1-color has-text-color\">SPA, masaje, belleza<\/p>\n\n\n\n<p>Abierto del 3 de abril al 27 de septiembre de 2026 y del 17 de octubre al 1 de noviembre de 2026, el camping-village y spa de 5 estrellas le da la bienvenida junto a sus seres queridos, ya sea para un fin de semana econ\u00f3mico cerca de Perpi\u00f1\u00e1n, unas vacaciones de Semana Santa o de Todos los Santos en familia a orillas del mar, una estancia animada e inolvidable en los Pirineos Orientales\u2026 D\u00e9jese mimar y cuidar por el equipo del Floride. Hammam, sauna y zona de est\u00e9tica le esperan en nuestro <a href=\"https:\/\/floride.fr\/es\/bienestar\/\">espacio de bienestar<\/a> en el coraz\u00f3n de Languedoc-Roussillon.<\/p>\n<\/div>\n<\/div>\n<\/div><\/section>\n\n<section class=\"wp-container-69d17f848c763 wp-block-group F-25-a vague-top ligne2-top deco-ananas has-couleur-1-background-color has-background\"><div class=\"wp-block-group__inner-container\">\n<h3 class=\"titre1 has-blanc-color has-text-color\" id=\"bar-snack-restaurants\">Bar, Snack y Restaurantes<\/h3>\n\n\n\n<figure class=\"wp-block-gallery has-nested-images columns-default is-cropped\">\n<figure class=\"wp-block-image size-full\"><img loading=\"lazy\" width=\"1280\" height=\"853\" src=\"https:\/\/floride.fr\/wp-content\/uploads\/2025\/11\/193_Camping_Occitanie_Le_Floride_et_l_Embouchure_Ciela_Village_Tiki_Restaurant.webp\" alt=\"\" class=\"wp-image-15685\" srcset=\"https:\/\/floride.fr\/wp-content\/uploads\/2025\/11\/193_Camping_Occitanie_Le_Floride_et_l_Embouchure_Ciela_Village_Tiki_Restaurant.webp 1280w, https:\/\/floride.fr\/wp-content\/uploads\/2025\/11\/193_Camping_Occitanie_Le_Floride_et_l_Embouchure_Ciela_Village_Tiki_Restaurant-300x200.webp 300w, https:\/\/floride.fr\/wp-content\/uploads\/2025\/11\/193_Camping_Occitanie_Le_Floride_et_l_Embouchure_Ciela_Village_Tiki_Restaurant-1024x682.webp 1024w, https:\/\/floride.fr\/wp-content\/uploads\/2025\/11\/193_Camping_Occitanie_Le_Floride_et_l_Embouchure_Ciela_Village_Tiki_Restaurant-768x512.webp 768w\" sizes=\"(max-width: 1280px) 100vw, 1280px\" \/><figcaption>Restaurante Tiki<\/figcaption><\/figure>\n\n\n\n<figure class=\"wp-block-image size-large\"><img loading=\"lazy\" width=\"1024\" height=\"683\" src=\"https:\/\/floride.fr\/wp-content\/uploads\/2022\/05\/pexels-engin-akyurt-3219547-1024x683.jpg\" alt=\"\" class=\"wp-image-3792\" srcset=\"https:\/\/floride.fr\/wp-content\/uploads\/2022\/05\/pexels-engin-akyurt-3219547-1024x683.jpg 1024w, https:\/\/floride.fr\/wp-content\/uploads\/2022\/05\/pexels-engin-akyurt-3219547-300x200.jpg 300w, https:\/\/floride.fr\/wp-content\/uploads\/2022\/05\/pexels-engin-akyurt-3219547-768x512.jpg 768w, https:\/\/floride.fr\/wp-content\/uploads\/2022\/05\/pexels-engin-akyurt-3219547-1536x1024.jpg 1536w, https:\/\/floride.fr\/wp-content\/uploads\/2022\/05\/pexels-engin-akyurt-3219547-2048x1365.jpg 2048w\" sizes=\"(max-width: 1024px) 100vw, 1024px\" \/><figcaption>Comida para llevar<\/figcaption><\/figure>\n\n\n\n<figure class=\"wp-block-image size-full\"><img loading=\"lazy\" width=\"1280\" height=\"853\" src=\"https:\/\/floride.fr\/wp-content\/uploads\/2025\/11\/171_Camping_Occitanie_Le_Floride_et_l_Embouchure_Ciela_Village_Food_Truck_Starlite_Dinner.webp\" alt=\"\" class=\"wp-image-15680\" srcset=\"https:\/\/floride.fr\/wp-content\/uploads\/2025\/11\/171_Camping_Occitanie_Le_Floride_et_l_Embouchure_Ciela_Village_Food_Truck_Starlite_Dinner.webp 1280w, https:\/\/floride.fr\/wp-content\/uploads\/2025\/11\/171_Camping_Occitanie_Le_Floride_et_l_Embouchure_Ciela_Village_Food_Truck_Starlite_Dinner-300x200.webp 300w, https:\/\/floride.fr\/wp-content\/uploads\/2025\/11\/171_Camping_Occitanie_Le_Floride_et_l_Embouchure_Ciela_Village_Food_Truck_Starlite_Dinner-1024x682.webp 1024w, https:\/\/floride.fr\/wp-content\/uploads\/2025\/11\/171_Camping_Occitanie_Le_Floride_et_l_Embouchure_Ciela_Village_Food_Truck_Starlite_Dinner-768x512.webp 768w\" sizes=\"(max-width: 1280px) 100vw, 1280px\" \/><figcaption>El cami\u00f3n de comida Starlite Diner<\/figcaption><\/figure>\n<\/figure>\n\n\n\n<div class=\"wp-container-69d17f848c4c6 wp-block-buttons\">\n<div class=\"wp-block-button is-style-outline\"><a class=\"wp-block-button__link has-blanc-color has-text-color\" href=\"https:\/\/floride.fr\/es\/servicio-y-catering\/\">Leer m\u00e1s<\/a><\/div>\n<\/div>\n<\/div><\/section>\n","protected":false},"excerpt":{"rendered":"<p>Esc\u00e1pese para vivir una experiencia \u00fanica en Barcar\u00e8s,entre el Mediterr\u00e1neo y los Pirineos Orientales. Bienvenido al camping de 5 estrellas Le Floride en Barcar\u00e8s \u00a1Disfruta del acceso directo a la playa! En Port Barcar\u00e8s, disfrute de un cambio total de aires en el complejo vacacional Le Floride Abierto del 3 de abril al 27 de [&hellip;]<\/p>\n","protected":false},"author":1,"featured_media":0,"parent":0,"menu_order":0,"comment_status":"closed","ping_status":"closed","template":"","meta":[],"acf":[],"_links":{"self":[{"href":"https:\/\/floride.fr\/es\/wp-json\/wp\/v2\/pages\/408"}],"collection":[{"href":"https:\/\/floride.fr\/es\/wp-json\/wp\/v2\/pages"}],"about":[{"href":"https:\/\/floride.fr\/es\/wp-json\/wp\/v2\/types\/page"}],"author":[{"embeddable":true,"href":"https:\/\/floride.fr\/es\/wp-json\/wp\/v2\/users\/1"}],"replies":[{"embeddable":true,"href":"https:\/\/floride.fr\/es\/wp-json\/wp\/v2\/comments?post=408"}],"version-history":[{"count":6,"href":"https:\/\/floride.fr\/es\/wp-json\/wp\/v2\/pages\/408\/revisions"}],"predecessor-version":[{"id":16286,"href":"https:\/\/floride.fr\/es\/wp-json\/wp\/v2\/pages\/408\/revisions\/16286"}],"wp:attachment":[{"href":"https:\/\/floride.fr\/es\/wp-json\/wp\/v2\/media?parent=408"}],"curies":[{"name":"wp","href":"https:\/\/api.w.org\/{rel}","templated":true}]}}