{"id":8260,"date":"2023-01-26T16:19:56","date_gmt":"2023-01-26T15:19:56","guid":{"rendered":"https:\/\/floride.fr\/nuestro-enfoque-medioambiental-y-de-calidad\/"},"modified":"2026-03-17T14:37:56","modified_gmt":"2026-03-17T13:37:56","slug":"nuestro-enfoque-medioambiental-y-de-calidad","status":"publish","type":"page","link":"https:\/\/floride.fr\/es\/nuestro-enfoque-medioambiental-y-de-calidad\/","title":{"rendered":"Nuestro enfoque medioambiental y de calidad"},"content":{"rendered":"\n<figure class=\"wp-block-image alignfull size-full F-00-b\"><img loading=\"lazy\" width=\"2560\" height=\"1707\" src=\"https:\/\/floride.fr\/wp-content\/uploads\/2022\/05\/pexels-anton-atanasov-566496-scaled.jpg\" alt=\"\" class=\"wp-image-4806\" srcset=\"https:\/\/floride.fr\/wp-content\/uploads\/2022\/05\/pexels-anton-atanasov-566496-scaled.jpg 2560w, https:\/\/floride.fr\/wp-content\/uploads\/2022\/05\/pexels-anton-atanasov-566496-300x200.jpg 300w, https:\/\/floride.fr\/wp-content\/uploads\/2022\/05\/pexels-anton-atanasov-566496-1024x683.jpg 1024w, https:\/\/floride.fr\/wp-content\/uploads\/2022\/05\/pexels-anton-atanasov-566496-768x512.jpg 768w, https:\/\/floride.fr\/wp-content\/uploads\/2022\/05\/pexels-anton-atanasov-566496-1536x1024.jpg 1536w, https:\/\/floride.fr\/wp-content\/uploads\/2022\/05\/pexels-anton-atanasov-566496-2048x1365.jpg 2048w\" sizes=\"(max-width: 2560px) 100vw, 2560px\" \/><\/figure>\n\n<section class=\"wp-container-69ebc065bd97c wp-block-group\"><div class=\"wp-block-group__inner-container\">\n<h1 class=\"has-text-align-center has-couleur-1-color has-text-color\" id=\"notre-demarche-environnementale\">Nuestro enfoque medioambiental y de calidad<\/h1>\n\n\n\n<h2 class=\"has-text-align-center has-couleur-2-color has-text-color\" id=\"le-camping-et-l-environnement-les-plus-verts-du-camping\">Camping y medio ambiente: la naturaleza es por todas partes<\/h2>\n\n\n\n<p class=\"has-text-align-center\">En el camping Le Floride, nos preocupamos especialmente por el medio ambiente y el respeto a la naturaleza. Nuestro camping dispone de una <strong>ubicaci\u00f3n privilegiada<\/strong>, directamente frente al mar al Barcar\u00e8s, bordeado de hermosas playas de arena fina t\u00edpicas de la regi\u00f3n de Languedoc-Rosell\u00f3n. Aqu\u00ed vivimos en <strong>armon\u00eda con la naturaleza.<\/strong><\/p>\n<\/div><\/section>\n\n<section class=\"wp-container-69ebc065be0df wp-block-group F-05-a\"><div class=\"wp-block-group__inner-container\">\n<div class=\"wp-block-columns are-vertically-aligned-center\">\n<div class=\"wp-block-column is-vertically-aligned-center deco-feuille3\">\n<div class=\"wp-block-columns\">\n<div class=\"wp-block-column\">\n<h3 class=\"has-couleur-4-color has-text-color\" id=\"economies-d-energie\">Ahorros de energ\u00eda<\/h3>\n\n\n\n<ul><li>Instalaci\u00f3n de LED y bombillas de bajo consumo<\/li><li>Interruptor de llave para electricidad en todas los mobil-homes a\u00f1ada, 2010\/2011.<\/li><li>Aislamiento 100% de lana de vidrio en los mobil-homes<\/li><li>Aparatos de clase A o A+ en los mobil-homes<\/li><li>Temporizador en la l\u00e1mpara exterior de los mobil-homes a partir de 2008 y temporizador para la iluminaci\u00f3n de las zonas comunes en el camping<\/li><li>Uso de veh\u00edculos el\u00e9ctricos: 8 carritos de golf, 1 Kangoo ZE 100 % el\u00e9ctrico<\/li><li>Cortasetos el\u00e9ctricos que tambi\u00e9n reducen la contaminaci\u00f3n ac\u00fastica<\/li><\/ul>\n<\/div>\n\n\n\n<div class=\"wp-block-column\">\n<h3 class=\"has-couleur-4-color has-text-color\" id=\"gestion-des-dechets\">Tratamiento de residuos<\/h3>\n\n\n\n<ul><li>Papelera de clasificaci\u00f3n selectiva en los mobil-homes<\/li><li>Reducir la impresi\u00f3n en papel fomentando el uso de Internet<\/li><li>Papelera para pilas usadas en la recepci\u00f3n<\/li><li>Gesti\u00f3n y archivo informatizados del correo<\/li><li>Impresi\u00f3n a doble cara<\/li><li>Reutilizaci\u00f3n del papel usado<\/li><\/ul>\n<\/div>\n<\/div>\n<\/div>\n\n\n\n<div class=\"wp-block-column is-vertically-aligned-center\">\n<figure class=\"wp-block-gallery has-nested-images columns-4 is-cropped deco-masque3\">\n<figure class=\"wp-block-image size-large\"><img loading=\"lazy\" width=\"1024\" height=\"673\" src=\"https:\/\/floride.fr\/wp-content\/uploads\/2022\/05\/pexels-pixabay-356036-1024x673.jpg\" alt=\"\" class=\"wp-image-4821\" srcset=\"https:\/\/floride.fr\/wp-content\/uploads\/2022\/05\/pexels-pixabay-356036-1024x673.jpg 1024w, https:\/\/floride.fr\/wp-content\/uploads\/2022\/05\/pexels-pixabay-356036-300x197.jpg 300w, https:\/\/floride.fr\/wp-content\/uploads\/2022\/05\/pexels-pixabay-356036-768x505.jpg 768w, https:\/\/floride.fr\/wp-content\/uploads\/2022\/05\/pexels-pixabay-356036-1536x1010.jpg 1536w, https:\/\/floride.fr\/wp-content\/uploads\/2022\/05\/pexels-pixabay-356036-2048x1347.jpg 2048w\" sizes=\"(max-width: 1024px) 100vw, 1024px\" \/><\/figure>\n\n\n\n<figure class=\"wp-block-image size-large\"><img loading=\"lazy\" width=\"1024\" height=\"683\" src=\"https:\/\/floride.fr\/wp-content\/uploads\/2022\/05\/pexels-polina-tankilevitch-3735218-1024x683.jpg\" alt=\"\" class=\"wp-image-4826\" srcset=\"https:\/\/floride.fr\/wp-content\/uploads\/2022\/05\/pexels-polina-tankilevitch-3735218-1024x683.jpg 1024w, https:\/\/floride.fr\/wp-content\/uploads\/2022\/05\/pexels-polina-tankilevitch-3735218-300x200.jpg 300w, https:\/\/floride.fr\/wp-content\/uploads\/2022\/05\/pexels-polina-tankilevitch-3735218-768x512.jpg 768w, https:\/\/floride.fr\/wp-content\/uploads\/2022\/05\/pexels-polina-tankilevitch-3735218-1536x1024.jpg 1536w, https:\/\/floride.fr\/wp-content\/uploads\/2022\/05\/pexels-polina-tankilevitch-3735218-2048x1365.jpg 2048w\" sizes=\"(max-width: 1024px) 100vw, 1024px\" \/><\/figure>\n<\/figure>\n\n\n\n<div class=\"wp-container-69ebc065bde14 wp-block-buttons galerie\">\n<div class=\"wp-block-button\"><a class=\"wp-block-button__link\" href=\"https:\/\/floride.fr\/es\/galeria-de-fotos\/\"><i class=\"fal fa-images\"><\/i> Ver la galer\u00eda multimedia<\/a><\/div>\n<\/div>\n<\/div>\n<\/div>\n<\/div><\/section>\n\n<section class=\"wp-container-69ebc065be4d3 wp-block-group F-20-a\"><div class=\"wp-block-group__inner-container\">\n<div class=\"wp-block-columns are-vertically-aligned-center\">\n<div class=\"wp-block-column is-vertically-aligned-center\">\n<h3 class=\"has-couleur-2-color has-text-color\" id=\"nous-attachons-une-importance-particuliere-a-l-accueil-des-personnes-a-mobilite-reduite-dans-le-camping\">Damos especial importancia a la acogida de las personas con movilidad reducida en el camping:<\/h3>\n\n\n\n<ul><li>Nuestro establecimiento es totalmente accesible para todos, como la zona acu\u00e1tica, la recepci\u00f3n, el supermercado, la zona de bienestar&#8230;<\/li><li>Podemos proporcionar a nuestros clientes una silla especialmente dise\u00f1ada para entrar en el agua de nuestra piscina climatizada.<\/li><li>Ofrecemos 2 mobil-homes adaptados para PMR: <a href=\"https:\/\/floride.fr\/es\/alquileres\/\" data-type=\"page\" data-id=\"772\">los modelos Life.<\/a><\/li><\/ul>\n<\/div>\n\n\n\n<div class=\"wp-block-column is-vertically-aligned-center\">\n<figure class=\"wp-block-gallery has-nested-images columns-2 is-cropped deco-fleur2 deco-rectangle2\">\n<figure class=\"wp-block-image size-full\"><img src=\"https:\/\/floride.fr\/wp-content\/uploads\/2022\/05\/&#xA9;LeFloride-080-1.jpg\" alt=\"\" class=\"wp-image-4836\"\/><\/figure>\n\n\n\n<figure class=\"wp-block-image size-large\"><img loading=\"lazy\" width=\"683\" height=\"1024\" src=\"https:\/\/floride.fr\/wp-content\/uploads\/2022\/05\/pexels-ann-h-3095954-683x1024.jpg\" alt=\"\" class=\"wp-image-4841\" srcset=\"https:\/\/floride.fr\/wp-content\/uploads\/2022\/05\/pexels-ann-h-3095954-683x1024.jpg 683w, https:\/\/floride.fr\/wp-content\/uploads\/2022\/05\/pexels-ann-h-3095954-200x300.jpg 200w, https:\/\/floride.fr\/wp-content\/uploads\/2022\/05\/pexels-ann-h-3095954-768x1152.jpg 768w, https:\/\/floride.fr\/wp-content\/uploads\/2022\/05\/pexels-ann-h-3095954-1024x1536.jpg 1024w, https:\/\/floride.fr\/wp-content\/uploads\/2022\/05\/pexels-ann-h-3095954-1365x2048.jpg 1365w, https:\/\/floride.fr\/wp-content\/uploads\/2022\/05\/pexels-ann-h-3095954-scaled.jpg 1707w\" sizes=\"(max-width: 683px) 100vw, 683px\" \/><\/figure>\n<\/figure>\n<\/div>\n<\/div>\n<\/div><\/section>\n\n<section class=\"wp-container-69ebc065be892 wp-block-group\"><div class=\"wp-block-group__inner-container\">\n<h3 class=\"has-text-align-center has-couleur-2-color has-text-color\" id=\"le-camping-le-floride-a-egalement-rempli-des-criteres-d-excellence-qui-lui-ont-permis-d-obtenir-les-distinctions-affiliations-suivantes\">El Camping Le Floride tambi\u00e9n ha cumplido los criterios de excelencia que le han permitido obtener las siguientes distinciones \/ afiliaciones:<\/h3>\n\n\n\n<figure class=\"wp-block-gallery has-nested-images columns-6 is-cropped listelabel\">\n<figure class=\"wp-block-image size-full\"><img loading=\"lazy\" width=\"787\" height=\"377\" src=\"https:\/\/floride.fr\/wp-content\/uploads\/2022\/05\/lpdl-logo-certifie-couleur.png\" alt=\"\" class=\"wp-image-4879\" srcset=\"https:\/\/floride.fr\/wp-content\/uploads\/2022\/05\/lpdl-logo-certifie-couleur.png 787w, https:\/\/floride.fr\/wp-content\/uploads\/2022\/05\/lpdl-logo-certifie-couleur-300x144.png 300w, https:\/\/floride.fr\/wp-content\/uploads\/2022\/05\/lpdl-logo-certifie-couleur-768x368.png 768w\" sizes=\"(max-width: 787px) 100vw, 787px\" \/><\/figure>\n\n\n\n<figure class=\"wp-block-image size-full\"><img loading=\"lazy\" width=\"1024\" height=\"1024\" src=\"https:\/\/floride.fr\/wp-content\/uploads\/2022\/05\/acsi.png\" alt=\"\" class=\"wp-image-4854\" srcset=\"https:\/\/floride.fr\/wp-content\/uploads\/2022\/05\/acsi.png 1024w, https:\/\/floride.fr\/wp-content\/uploads\/2022\/05\/acsi-300x300.png 300w, https:\/\/floride.fr\/wp-content\/uploads\/2022\/05\/acsi-150x150.png 150w, https:\/\/floride.fr\/wp-content\/uploads\/2022\/05\/acsi-768x768.png 768w\" sizes=\"(max-width: 1024px) 100vw, 1024px\" \/><\/figure>\n\n\n\n<figure class=\"wp-block-image size-full\"><img loading=\"lazy\" width=\"1200\" height=\"1200\" src=\"https:\/\/floride.fr\/wp-content\/uploads\/2022\/05\/1200px-Logo_Occitanie_2017.svg_.png\" alt=\"\" class=\"wp-image-4864\" srcset=\"https:\/\/floride.fr\/wp-content\/uploads\/2022\/05\/1200px-Logo_Occitanie_2017.svg_.png 1200w, https:\/\/floride.fr\/wp-content\/uploads\/2022\/05\/1200px-Logo_Occitanie_2017.svg_-300x300.png 300w, https:\/\/floride.fr\/wp-content\/uploads\/2022\/05\/1200px-Logo_Occitanie_2017.svg_-1024x1024.png 1024w, https:\/\/floride.fr\/wp-content\/uploads\/2022\/05\/1200px-Logo_Occitanie_2017.svg_-150x150.png 150w, https:\/\/floride.fr\/wp-content\/uploads\/2022\/05\/1200px-Logo_Occitanie_2017.svg_-768x768.png 768w\" sizes=\"(max-width: 1200px) 100vw, 1200px\" \/><\/figure>\n\n\n\n<figure class=\"wp-block-image size-large\"><img loading=\"lazy\" width=\"1024\" height=\"886\" src=\"https:\/\/floride.fr\/wp-content\/uploads\/2022\/05\/ANWB_LOGO_ERKEND_4-1024x886.jpg\" alt=\"\" class=\"wp-image-4869\" srcset=\"https:\/\/floride.fr\/wp-content\/uploads\/2022\/05\/ANWB_LOGO_ERKEND_4-1024x886.jpg 1024w, https:\/\/floride.fr\/wp-content\/uploads\/2022\/05\/ANWB_LOGO_ERKEND_4-300x259.jpg 300w, https:\/\/floride.fr\/wp-content\/uploads\/2022\/05\/ANWB_LOGO_ERKEND_4-768x664.jpg 768w, https:\/\/floride.fr\/wp-content\/uploads\/2022\/05\/ANWB_LOGO_ERKEND_4.jpg 1170w\" sizes=\"(max-width: 1024px) 100vw, 1024px\" \/><\/figure>\n<\/figure>\n<\/div><\/section>\n","protected":false},"excerpt":{"rendered":"<p>Nuestro enfoque medioambiental y de calidad Camping y medio ambiente: la naturaleza es por todas partes En el camping Le Floride, nos preocupamos especialmente por el medio ambiente y el respeto a la naturaleza. Nuestro camping dispone de una ubicaci\u00f3n privilegiada, directamente frente al mar al Barcar\u00e8s, bordeado de hermosas playas de arena fina t\u00edpicas [&hellip;]<\/p>\n","protected":false},"author":1,"featured_media":0,"parent":0,"menu_order":0,"comment_status":"closed","ping_status":"closed","template":"","meta":[],"acf":[],"_links":{"self":[{"href":"https:\/\/floride.fr\/es\/wp-json\/wp\/v2\/pages\/8260"}],"collection":[{"href":"https:\/\/floride.fr\/es\/wp-json\/wp\/v2\/pages"}],"about":[{"href":"https:\/\/floride.fr\/es\/wp-json\/wp\/v2\/types\/page"}],"author":[{"embeddable":true,"href":"https:\/\/floride.fr\/es\/wp-json\/wp\/v2\/users\/1"}],"replies":[{"embeddable":true,"href":"https:\/\/floride.fr\/es\/wp-json\/wp\/v2\/comments?post=8260"}],"version-history":[{"count":5,"href":"https:\/\/floride.fr\/es\/wp-json\/wp\/v2\/pages\/8260\/revisions"}],"predecessor-version":[{"id":16360,"href":"https:\/\/floride.fr\/es\/wp-json\/wp\/v2\/pages\/8260\/revisions\/16360"}],"wp:attachment":[{"href":"https:\/\/floride.fr\/es\/wp-json\/wp\/v2\/media?parent=8260"}],"curies":[{"name":"wp","href":"https:\/\/api.w.org\/{rel}","templated":true}]}}