{"id":8400,"date":"2023-02-14T09:50:06","date_gmt":"2023-02-14T08:50:06","guid":{"rendered":"https:\/\/floride.fr\/?page_id=8400"},"modified":"2026-03-17T13:48:43","modified_gmt":"2026-03-17T12:48:43","slug":"argeles-sur-mer","status":"publish","type":"page","link":"https:\/\/floride.fr\/es\/argeles-sur-mer\/","title":{"rendered":"Argel\u00e8s sur Mer"},"content":{"rendered":"\n<figure class=\"wp-block-image alignfull size-full F-00-b\"><img loading=\"lazy\" width=\"1920\" height=\"1280\" src=\"https:\/\/floride.fr\/wp-content\/uploads\/2022\/11\/Plage-du-Racou-Argeles-sur-Mer-1920-x-1280.jpg\" alt=\"Camping Le Floride Le Barcar&#xE8;s (66) : Plage Du Racou Argeles Sur Mer 1920 X 1280\" class=\"wp-image-7281\" srcset=\"https:\/\/floride.fr\/wp-content\/uploads\/2022\/11\/Plage-du-Racou-Argeles-sur-Mer-1920-x-1280.jpg 1920w, https:\/\/floride.fr\/wp-content\/uploads\/2022\/11\/Plage-du-Racou-Argeles-sur-Mer-1920-x-1280-300x200.jpg 300w, https:\/\/floride.fr\/wp-content\/uploads\/2022\/11\/Plage-du-Racou-Argeles-sur-Mer-1920-x-1280-1024x683.jpg 1024w, https:\/\/floride.fr\/wp-content\/uploads\/2022\/11\/Plage-du-Racou-Argeles-sur-Mer-1920-x-1280-768x512.jpg 768w, https:\/\/floride.fr\/wp-content\/uploads\/2022\/11\/Plage-du-Racou-Argeles-sur-Mer-1920-x-1280-1536x1024.jpg 1536w\" sizes=\"(max-width: 1920px) 100vw, 1920px\" \/><\/figure>\n\n<div class=\"wp-container-69d10402168eb wp-block-group F-05-a\"><div class=\"wp-block-group__inner-container\">\n<h1 class=\"has-couleur-1-color has-text-color\" id=\"le-camping-le-floride-vous-fait-decouvrir-argeles-sur-mer\">El camping Le Floride te invita a descubrir Argel\u00e8s-sur-Mer<\/h1>\n\n\n\n<p>Una ciudad catalana situada entre el mar y la monta\u00f1a que lleva muchos a\u00f1os cautivando a todos los turistas que la han visitado. \u00bfPor qu\u00e9 no t\u00fa? Si se aloja en nuestro camping de 5 estrellas Le Floride, tendr\u00e1 el gran privilegio de <a href=\"https:\/\/floride.fr\/es\/alrededores\/\">descubrir los Pirineos Orientales<\/a> y toda la belleza que ofrece este departamento\u2026<\/p>\n\n\n\n<div style=\"height:50px\" aria-hidden=\"true\" class=\"wp-block-spacer\"><\/div>\n\n\n\n<div class=\"wp-block-columns\">\n<div class=\"wp-block-column\">\n<figure class=\"wp-block-gallery has-nested-images columns-default is-cropped\">\n<figure class=\"wp-block-image size-full\"><img loading=\"lazy\" width=\"640\" height=\"427\" src=\"https:\/\/floride.fr\/wp-content\/uploads\/2022\/11\/Plage-du-Racou-Argeles-sur-mer-640-x-420.jpg\" alt=\"Camping Le Floride Le Barcar&#xE8;s (66) : Plage Du Racou Argeles Sur Mer 640 X 420\" class=\"wp-image-7276\" srcset=\"https:\/\/floride.fr\/wp-content\/uploads\/2022\/11\/Plage-du-Racou-Argeles-sur-mer-640-x-420.jpg 640w, https:\/\/floride.fr\/wp-content\/uploads\/2022\/11\/Plage-du-Racou-Argeles-sur-mer-640-x-420-300x200.jpg 300w\" sizes=\"(max-width: 640px) 100vw, 640px\" \/><\/figure>\n\n\n\n<figure class=\"wp-block-image size-full\"><img loading=\"lazy\" width=\"640\" height=\"427\" src=\"https:\/\/floride.fr\/wp-content\/uploads\/2022\/11\/Rues-ville-Argeles-sur-Mer.jpg\" alt=\"Camping Le Floride Le Barcar&#xE8;s (66) : Rues Ville Argeles Sur Mer\" class=\"wp-image-7286\" srcset=\"https:\/\/floride.fr\/wp-content\/uploads\/2022\/11\/Rues-ville-Argeles-sur-Mer.jpg 640w, https:\/\/floride.fr\/wp-content\/uploads\/2022\/11\/Rues-ville-Argeles-sur-Mer-300x200.jpg 300w\" sizes=\"(max-width: 640px) 100vw, 640px\" \/><\/figure>\n<\/figure>\n<\/div>\n\n\n\n<div class=\"wp-block-column\">\n<h2 class=\"has-couleur-4-color has-text-color\" id=\"collioure-cite-des-peintres-les-sites-incontournables-a-visiter-2\">Argel\u00e8s: un pueblo entre el mar y la monta\u00f1a<\/h2>\n\n\n\n<p>Argel\u00e8s-sur-Mer, uno de los lugares <a href=\"https:\/\/floride.fr\/plus-beaux-endroits-pyrenees-orientales\/\">m\u00e1s bellos de los Pirineos Orientales<\/a>, tiene la ventaja de ofrecer a sus visitantes tanto actividades acu\u00e1ticas como terrestres. Y esa es la riqueza de esta ciudad, que se extiende a lo largo de varios kil\u00f3metros. Un aut\u00e9ntico patio de recreo para los amantes de la monta\u00f1a, que podr\u00e1n disfrutar <strong>de hermosas excursiones por el majestuoso Canigou.<\/strong> O para los aficionados a los deportes acu\u00e1ticos, que podr\u00e1n probar el buceo en el mar Mediterr\u00e1neo o subirse a una tabla de paddle surf para recorrer el r\u00edo Tech. Cabe destacar que la ciudad es la \u00fanica de Francia que cuenta con dos reservas naturales que se pueden explorar <strong>a remo.<\/strong> Una actividad m\u00e1gica para hacer con la familia y los amigos.<\/p>\n\n\n\n<p>Tambi\u00e9n puede visitar <strong>el pueblo de Argel\u00e8s,<\/strong> con sus hermosas calles, su mercado y su artesan\u00eda. El coraz\u00f3n hist\u00f3rico de la ciudad, que tiene mucho que ofrecer. Para los m\u00e1s aventureros, no puede irse sin hacer senderismo hasta la <strong>Tour de la Massane<\/strong>, un elemento hist\u00f3rico de la ciudad que se puede ver desde cualquier punto. Pasear por <strong>el sendero costero<\/strong>, dar un paseo en barco por el mar por la tarde, pasear por la orilla del puerto o pasar el d\u00eda en <strong>la playa del Racou.<\/strong>.. Argel\u00e8s-sur-Mer ofrece multitud de actividades para grandes y peque\u00f1os.<\/p>\n<\/div>\n<\/div>\n\n\n\n<div style=\"height:50px\" aria-hidden=\"true\" class=\"wp-block-spacer\"><\/div>\n\n\n\n<h2 id=\"profitez-de-ce-somptueux-paysage-en-sejournant-au-camping\">Disfrute de este hermoso paisaje mientras se aloja en el camping<\/h2>\n\n\n\n<p>Argel\u00e8s-sur-Mer ofrece multitud de actividades para grandes y peque\u00f1os. Despu\u00e9s de sus intensas jornadas entre el mar y la monta\u00f1a, \u00a1el deseo de relajarse en <strong>un camping de 5 estrellas en el coraz\u00f3n de los Pirineos Orientales<\/strong> puede ser un verdadero plus! Para ello, el Floride le da la bienvenida a su complejo vacacional en Argel\u00e8s. Un cambio total de aires que le permitir\u00e1 disfrutar tanto dentro como fuera de la ciudad de vacaciones. Nuestro <a href=\"https:\/\/floride.fr\/es\/acceso-directo-a-la-playa\/\">camping cerca de Argeles<\/a>, en primera l\u00ednea de playa, le ofrece el confort y la calidad que busca tan lejos de casa. Tanto si desea alojarse con amigos y\/o en familia, le ofrecemos relax y lujo para <strong>unas vacaciones perfectas en la playa.<\/strong><\/p>\n\n\n\n<p>Podr\u00e1 descubrir Racou y su playa, que figuran entre los lugares preferidos de muchos veraneantes. Contemplar la puesta de sol, disfrutar de un p\u00edcnic en familia o con amigos en la arena, jugar en el agua, recorrer los senderos que rodean la ciudad o pasear por sus calles: hay tantas cosas que hacer en Argel\u00e8s-sur-Mer. La ciudad de vacaciones le transportar\u00e1 a un mundo donde la naturaleza es la reina durante unos d\u00edas de pura felicidad.<\/p>\n\n\n\n<figure class=\"wp-block-gallery has-nested-images columns-6 is-cropped diaporama--3\">\n<figure class=\"wp-block-image size-large\"><img loading=\"lazy\" width=\"1500\" height=\"1000\" src=\"https:\/\/floride.fr\/wp-content\/uploads\/2022\/05\/IMG_1089.jpg\" alt=\"\" class=\"wp-image-4505\" srcset=\"https:\/\/floride.fr\/wp-content\/uploads\/2022\/05\/IMG_1089.jpg 1500w, https:\/\/floride.fr\/wp-content\/uploads\/2022\/05\/IMG_1089-300x200.jpg 300w, https:\/\/floride.fr\/wp-content\/uploads\/2022\/05\/IMG_1089-1024x683.jpg 1024w, https:\/\/floride.fr\/wp-content\/uploads\/2022\/05\/IMG_1089-768x512.jpg 768w\" sizes=\"(max-width: 1500px) 100vw, 1500px\" \/><\/figure>\n\n\n\n<figure class=\"wp-block-image size-large\"><img loading=\"lazy\" width=\"2560\" height=\"1707\" src=\"https:\/\/floride.fr\/wp-content\/uploads\/2022\/05\/media-88995876-004-2-scaled.jpg\" alt=\"\" class=\"wp-image-4219\" srcset=\"https:\/\/floride.fr\/wp-content\/uploads\/2022\/05\/media-88995876-004-2-scaled.jpg 2560w, https:\/\/floride.fr\/wp-content\/uploads\/2022\/05\/media-88995876-004-2-300x200.jpg 300w, https:\/\/floride.fr\/wp-content\/uploads\/2022\/05\/media-88995876-004-2-1024x683.jpg 1024w, https:\/\/floride.fr\/wp-content\/uploads\/2022\/05\/media-88995876-004-2-768x512.jpg 768w, https:\/\/floride.fr\/wp-content\/uploads\/2022\/05\/media-88995876-004-2-1536x1024.jpg 1536w, https:\/\/floride.fr\/wp-content\/uploads\/2022\/05\/media-88995876-004-2-2048x1365.jpg 2048w\" sizes=\"(max-width: 2560px) 100vw, 2560px\" \/><\/figure>\n\n\n\n<figure class=\"wp-block-image size-large\"><img loading=\"lazy\" width=\"2560\" height=\"1703\" src=\"https:\/\/floride.fr\/wp-content\/uploads\/2022\/05\/PISCINE-COUVERTE-AQUAGYM-0692-scaled.jpg\" alt=\"\" class=\"wp-image-4038\" srcset=\"https:\/\/floride.fr\/wp-content\/uploads\/2022\/05\/PISCINE-COUVERTE-AQUAGYM-0692-scaled.jpg 2560w, https:\/\/floride.fr\/wp-content\/uploads\/2022\/05\/PISCINE-COUVERTE-AQUAGYM-0692-300x200.jpg 300w, https:\/\/floride.fr\/wp-content\/uploads\/2022\/05\/PISCINE-COUVERTE-AQUAGYM-0692-1024x681.jpg 1024w, https:\/\/floride.fr\/wp-content\/uploads\/2022\/05\/PISCINE-COUVERTE-AQUAGYM-0692-768x511.jpg 768w, https:\/\/floride.fr\/wp-content\/uploads\/2022\/05\/PISCINE-COUVERTE-AQUAGYM-0692-1536x1022.jpg 1536w, https:\/\/floride.fr\/wp-content\/uploads\/2022\/05\/PISCINE-COUVERTE-AQUAGYM-0692-2048x1363.jpg 2048w\" sizes=\"(max-width: 2560px) 100vw, 2560px\" \/><\/figure>\n\n\n\n<figure class=\"wp-block-image size-large\"><img loading=\"lazy\" width=\"1194\" height=\"794\" src=\"https:\/\/floride.fr\/wp-content\/uploads\/2022\/05\/tente-2-1.jpg\" alt=\"\" class=\"wp-image-3825\" srcset=\"https:\/\/floride.fr\/wp-content\/uploads\/2022\/05\/tente-2-1.jpg 1194w, https:\/\/floride.fr\/wp-content\/uploads\/2022\/05\/tente-2-1-300x199.jpg 300w, https:\/\/floride.fr\/wp-content\/uploads\/2022\/05\/tente-2-1-1024x681.jpg 1024w, https:\/\/floride.fr\/wp-content\/uploads\/2022\/05\/tente-2-1-768x511.jpg 768w\" sizes=\"(max-width: 1194px) 100vw, 1194px\" \/><\/figure>\n\n\n\n<figure class=\"wp-block-image size-large\"><img loading=\"lazy\" width=\"2560\" height=\"1703\" src=\"https:\/\/floride.fr\/wp-content\/uploads\/2022\/05\/EMPLACEMENT-CAMPING-CAR-1112-scaled.jpg\" alt=\"\" class=\"wp-image-3553\" srcset=\"https:\/\/floride.fr\/wp-content\/uploads\/2022\/05\/EMPLACEMENT-CAMPING-CAR-1112-scaled.jpg 2560w, https:\/\/floride.fr\/wp-content\/uploads\/2022\/05\/EMPLACEMENT-CAMPING-CAR-1112-300x200.jpg 300w, https:\/\/floride.fr\/wp-content\/uploads\/2022\/05\/EMPLACEMENT-CAMPING-CAR-1112-1024x681.jpg 1024w, https:\/\/floride.fr\/wp-content\/uploads\/2022\/05\/EMPLACEMENT-CAMPING-CAR-1112-768x511.jpg 768w, https:\/\/floride.fr\/wp-content\/uploads\/2022\/05\/EMPLACEMENT-CAMPING-CAR-1112-1536x1022.jpg 1536w, https:\/\/floride.fr\/wp-content\/uploads\/2022\/05\/EMPLACEMENT-CAMPING-CAR-1112-2048x1363.jpg 2048w\" sizes=\"(max-width: 2560px) 100vw, 2560px\" \/><\/figure>\n\n\n\n<figure class=\"wp-block-image size-large\"><img loading=\"lazy\" width=\"2560\" height=\"1707\" src=\"https:\/\/floride.fr\/wp-content\/uploads\/2022\/05\/A7R5910-1-scaled.jpg\" alt=\"\" class=\"wp-image-3543\" srcset=\"https:\/\/floride.fr\/wp-content\/uploads\/2022\/05\/A7R5910-1-scaled.jpg 2560w, https:\/\/floride.fr\/wp-content\/uploads\/2022\/05\/A7R5910-1-300x200.jpg 300w, https:\/\/floride.fr\/wp-content\/uploads\/2022\/05\/A7R5910-1-1024x683.jpg 1024w, https:\/\/floride.fr\/wp-content\/uploads\/2022\/05\/A7R5910-1-768x512.jpg 768w, https:\/\/floride.fr\/wp-content\/uploads\/2022\/05\/A7R5910-1-1536x1024.jpg 1536w, https:\/\/floride.fr\/wp-content\/uploads\/2022\/05\/A7R5910-1-2048x1365.jpg 2048w\" sizes=\"(max-width: 2560px) 100vw, 2560px\" \/><\/figure>\n<\/figure>\n\n\n\n<div style=\"height:50px\" aria-hidden=\"true\" class=\"wp-block-spacer\"><\/div>\n\n\n\n<div class=\"wp-block-columns\">\n<div class=\"wp-block-column\">\n<h2 class=\"has-couleur-4-color has-text-color\" id=\"collioure-cite-des-peintres-les-sites-incontournables-a-visiter-2\">Explore los alrededores de Argel\u00e8s-sur-mer con el pueblo de vacaciones Le Floride<\/h2>\n\n\n\n<p>El camping de 5 estrellas \u00abLe Floride\u00bb, situado en los Pirineos Orientales, es el lugar con el que todo el mundo sue\u00f1a para unas vacaciones perfectas. Descubrir\u00e1 un mundo maravilloso para relajarse y olvidarse de la vida cotidiana. Si se aloja en el camping de Barcar\u00e8s, podr\u00e1 disfrutar plenamente de <strong>Argel\u00e8s-sur-Mer y sus alrededores.<\/strong><\/p>\n\n\n\n<p>Adem\u00e1s de disfrutar de las numerosas actividades disponibles en nuestro complejo y de nuestra oferta de alojamientos: lujosos chal\u00e9s con jacuzzi o alojamientos m\u00e1s originales que invitan a la evasi\u00f3n, como nuestros alojamientos ins\u00f3litos a orillas del mar Mediterr\u00e1neo. Tambi\u00e9n podr\u00e1 descubrir todas <strong>las ciudades de los Pirineos Orientales<\/strong> que bordean el camping. Las puertas de <a href=\"https:\/\/floride.fr\/es\/perpinan\/\">Perpi\u00f1\u00e1n<\/a> est\u00e1n abiertas para usted, al igual que <strong>el litoral de Languedoc<\/strong> y los parajes naturales e hist\u00f3ricos que le est\u00e1n esperando. Tambi\u00e9n es el punto de partida de <strong>la costa bermell\u00f3n<\/strong> hacia Espa\u00f1a. La oportunidad perfecta para descubrir las coloridas ciudades catalanas de <a href=\"https:\/\/floride.fr\/es\/collioure\/\">Collioure<\/a>, <strong>Port Vendres<\/strong> y <strong>Banyuls sur Mer.<\/strong> Venga a disfrutar del confort que nunca so\u00f1\u00f3 en el coraz\u00f3n de los Pirineos Orientales.<\/p>\n<\/div>\n\n\n\n<div class=\"wp-block-column\">\n<figure class=\"wp-block-gallery has-nested-images columns-default is-cropped\">\n<figure class=\"wp-block-image size-large\"><img loading=\"lazy\" width=\"1920\" height=\"1280\" src=\"https:\/\/floride.fr\/wp-content\/uploads\/2022\/03\/auriane-clement-fQANYG67Ccs-unsplash-1.jpg\" alt=\"\" class=\"wp-image-2388\" srcset=\"https:\/\/floride.fr\/wp-content\/uploads\/2022\/03\/auriane-clement-fQANYG67Ccs-unsplash-1.jpg 1920w, https:\/\/floride.fr\/wp-content\/uploads\/2022\/03\/auriane-clement-fQANYG67Ccs-unsplash-1-300x200.jpg 300w, https:\/\/floride.fr\/wp-content\/uploads\/2022\/03\/auriane-clement-fQANYG67Ccs-unsplash-1-1024x683.jpg 1024w, https:\/\/floride.fr\/wp-content\/uploads\/2022\/03\/auriane-clement-fQANYG67Ccs-unsplash-1-768x512.jpg 768w, https:\/\/floride.fr\/wp-content\/uploads\/2022\/03\/auriane-clement-fQANYG67Ccs-unsplash-1-1536x1024.jpg 1536w\" sizes=\"(max-width: 1920px) 100vw, 1920px\" \/><\/figure>\n<\/figure>\n<\/div>\n<\/div>\n\n\n\n<div style=\"height:100px\" aria-hidden=\"true\" class=\"wp-block-spacer\"><\/div>\n<\/div><\/div>\n","protected":false},"excerpt":{"rendered":"<p>El camping Le Floride te invita a descubrir Argel\u00e8s-sur-Mer Una ciudad catalana situada entre el mar y la monta\u00f1a que lleva muchos a\u00f1os cautivando a todos los turistas que la han visitado. \u00bfPor qu\u00e9 no t\u00fa? Si se aloja en nuestro camping de 5 estrellas Le Floride, tendr\u00e1 el gran privilegio de descubrir los Pirineos [&hellip;]<\/p>\n","protected":false},"author":1,"featured_media":0,"parent":0,"menu_order":0,"comment_status":"closed","ping_status":"closed","template":"","meta":[],"acf":[],"_links":{"self":[{"href":"https:\/\/floride.fr\/es\/wp-json\/wp\/v2\/pages\/8400"}],"collection":[{"href":"https:\/\/floride.fr\/es\/wp-json\/wp\/v2\/pages"}],"about":[{"href":"https:\/\/floride.fr\/es\/wp-json\/wp\/v2\/types\/page"}],"author":[{"embeddable":true,"href":"https:\/\/floride.fr\/es\/wp-json\/wp\/v2\/users\/1"}],"replies":[{"embeddable":true,"href":"https:\/\/floride.fr\/es\/wp-json\/wp\/v2\/comments?post=8400"}],"version-history":[{"count":6,"href":"https:\/\/floride.fr\/es\/wp-json\/wp\/v2\/pages\/8400\/revisions"}],"predecessor-version":[{"id":16298,"href":"https:\/\/floride.fr\/es\/wp-json\/wp\/v2\/pages\/8400\/revisions\/16298"}],"wp:attachment":[{"href":"https:\/\/floride.fr\/es\/wp-json\/wp\/v2\/media?parent=8400"}],"curies":[{"name":"wp","href":"https:\/\/api.w.org\/{rel}","templated":true}]}}