{"id":8413,"date":"2023-02-14T09:51:12","date_gmt":"2023-02-14T08:51:12","guid":{"rendered":"https:\/\/floride.fr\/?page_id=8413"},"modified":"2026-03-17T14:27:56","modified_gmt":"2026-03-17T13:27:56","slug":"leucate","status":"publish","type":"page","link":"https:\/\/floride.fr\/es\/leucate\/","title":{"rendered":"Leucate"},"content":{"rendered":"\n<figure class=\"wp-block-image alignfull size-full F-00-b\"><img loading=\"lazy\" width=\"1920\" height=\"1277\" src=\"https:\/\/floride.fr\/wp-content\/uploads\/2023\/03\/port-leucate-g50314a189_1920.jpg\" alt=\"\" class=\"wp-image-9118\" srcset=\"https:\/\/floride.fr\/wp-content\/uploads\/2023\/03\/port-leucate-g50314a189_1920.jpg 1920w, https:\/\/floride.fr\/wp-content\/uploads\/2023\/03\/port-leucate-g50314a189_1920-300x200.jpg 300w, https:\/\/floride.fr\/wp-content\/uploads\/2023\/03\/port-leucate-g50314a189_1920-1024x681.jpg 1024w, https:\/\/floride.fr\/wp-content\/uploads\/2023\/03\/port-leucate-g50314a189_1920-768x511.jpg 768w, https:\/\/floride.fr\/wp-content\/uploads\/2023\/03\/port-leucate-g50314a189_1920-1536x1022.jpg 1536w\" sizes=\"(max-width: 1920px) 100vw, 1920px\" \/><\/figure>\n\n<div class=\"wp-container-69e7d19bd1ee6 wp-block-group F-05-a\"><div class=\"wp-block-group__inner-container\">\n<h1 class=\"has-couleur-1-color has-text-color\" id=\"votre-village-vacances-a-leucate-la-liberte-dans-l-aude\">Su centro de vacaciones en Leucate, libertad en el Aude<\/h1>\n\n\n\n<p>\u00bfUsted busca un destino de vacaciones adecuado para toda la familia <a href=\"https:\/\/floride.fr\/es\/alrededores\/\">en la costa de Languedoc-Rosell\u00f3n ?<\/a> <strong>Leucate<\/strong> cuenta todas las ventajas para satisfacer todos los gustos de cada uno. Si desea alojarse aqu\u00ed, nuestro camping de 5 estrellas Le Floride le da la bienvenida a sus alojamientos, adaptados a sus necesidades. Tienda de campa\u00f1a, caravana, casa m\u00f3vil, far\u00e9, chal\u00e9 , todos los tipos de alojamiento est\u00e1n disponibles en <strong>su centro de vacaciones al lado de Leucate.<\/strong><\/p>\n\n\n\n<div style=\"height:50px\" aria-hidden=\"true\" class=\"wp-block-spacer\"><\/div>\n\n\n\n<div class=\"wp-block-columns\">\n<div class=\"wp-block-column is-vertically-aligned-center\" style=\"flex-basis:40%\">\n<figure class=\"wp-block-image size-full\"><img loading=\"lazy\" width=\"714\" height=\"1210\" src=\"https:\/\/floride.fr\/wp-content\/uploads\/2023\/03\/los-angeles-g9e955a088_1920.jpg\" alt=\"\" class=\"wp-image-9085\" srcset=\"https:\/\/floride.fr\/wp-content\/uploads\/2023\/03\/los-angeles-g9e955a088_1920.jpg 714w, https:\/\/floride.fr\/wp-content\/uploads\/2023\/03\/los-angeles-g9e955a088_1920-177x300.jpg 177w, https:\/\/floride.fr\/wp-content\/uploads\/2023\/03\/los-angeles-g9e955a088_1920-604x1024.jpg 604w\" sizes=\"(max-width: 714px) 100vw, 714px\" \/><\/figure>\n<\/div>\n\n\n\n<div class=\"wp-block-column is-vertically-aligned-center\" style=\"flex-basis:60%\">\n<h2 class=\"has-couleur-4-color has-text-color\" id=\"collioure-cite-des-peintres-les-sites-incontournables-a-visiter-2\">El Narbonnais en todo su esplendor <\/h2>\n\n\n\n<p>La <strong>regi\u00f3n de Occitania<\/strong> es extensa. Es prioritario descubrir algunos de sus lugares m\u00e1s bellos. Leucate, en <strong>el Golfo de Le\u00f3n<\/strong>, le har\u00e1 rugir de placer. Con sus <strong>playas de arena fina<\/strong>, su reserva de fauna y flora y <strong>su rico patrimonio de arquitectura<\/strong>, la comuna de Narbona esconde muchas curiosidades. Las zonas salvajes y naturales permiten reconectar con la naturaleza, como el inmenso <strong>estanque de Salses Leucate<\/strong>, <strong>la segunda laguna m\u00e1s grande de Languedoc Rosell\u00f3n.<\/strong> Esta laguna le presenta sus m\u00e1s bellos espec\u00edmenes como el charrancito, el avetoro para las especies de aves marinas. Adem\u00e1s, con su flora, no se puede permanecer insensible al encanto de la garriga con romero y su perfume hechizante. En cuanto a <strong>la estaci\u00f3n balnearia de Leucate<\/strong>, ha sabido conservar su autenticidad y le conduce por sus sombreadas calles hasta monumentos de visita obligada como <strong>la Cueva del Hada.<\/strong> Tanto si usted es un gran observador de la naturaleza o un ne\u00f3fito, le conquistar\u00e1n estos lugares e<strong>n contacto directo con el mar.<\/strong><\/p>\n\n\n\n<h2 class=\"has-couleur-4-color has-text-color\" id=\"port-leucate-la-destination-revee-des-familles-1\">Puerto Leucate, el lugar ideal para las familias<\/h2>\n\n\n\n<p>\u00a1Con sus playas, su puerto y sus numerosas actividades para toda la familia, esta estaci\u00f3n balnearia tiene todo para seducirle! Leucate es u<strong>n peque\u00f1o pueblo del sur de Francia<\/strong>, en la regi\u00f3n de Occitania. <strong>El puerto<\/strong> se cre\u00f3 con el objetivo de dinamizar tur\u00edsticamente <strong>la costa mediterr\u00e1nea.<\/strong> Est\u00e1 rodeada de playas y ofrece todo tipo de <strong>actividades familiares.<\/strong> Tambi\u00e9n hay muchos restaurantes y baresdonde podr\u00e1 degustar una comida o una bebida mientras se contempla la puesta de sol en una de las numerosas y hermosas playas que rodean <strong>Puerto-Leucate.<\/strong><\/p>\n<\/div>\n<\/div>\n\n\n\n<h2 id=\"optez-pour-des-vacances-passion-au-floride\">Disfrute de unas apasionantes vacaciones en el camping Le Floride &amp; L&#8217;Embouchure.<\/h2>\n\n\n\n<p>Adem\u00e1s de los tesoros que ofrece este rico litoral, tambi\u00e9n podr\u00e1 divertirse en plena libertad. No hay nada m\u00e1s agradable despu\u00e9s de un d\u00eda de inmersi\u00f3n en el agua, escuchando a los p\u00e1jaros y los peces, que zambullirse en nuestro <a href=\"https:\/\/floride.fr\/es\/parque-acuatico\/\">parque acu\u00e1tico de 4.700 m2 en el Barcar\u00e8s.<\/a> Despu\u00e9s de haber contenido su respiraci\u00f3n y memorizar algunos nombres de p\u00e1jaros, ahora podr\u00e1 liberar todos sus gritos de alegr\u00eda y felicidad. A diez minutos de Leucate, encontrar\u00e1 <strong>toboganes<\/strong> incre\u00edblemente r\u00e1pidos, <strong>pistas de deslizamiento<\/strong>, r\u00edos en los que hay que luchar contra la corriente y donde las sensaciones se multiplican. Las <strong>piscinas climatizadas<\/strong>, los <strong>jacuzzis<\/strong> y <strong>las piscinas infantile<\/strong>s ofrecen momentos ideales para relajarse o para que los m\u00e1s peque\u00f1os aprendan a nadar. Este parque es un aut\u00e9ntico <strong>lugar de divertimiento para ofrecer experiencias a todas las edades.<\/strong> Si desea practicar otras actividades, una sala de deportes y una sala de juegos disponen de accesorios y equipos que le encantar\u00e1n.<\/p>\n\n\n\n<h2 id=\"choisissez-votre-location-de-luxe-au-coeur-du-languedoc-roussillon\">Elija su alquiler de lujo en el coraz\u00f3n de la regi\u00f3n Languedoc Rosell\u00f3n<\/h2>\n\n\n\n<p>En nuestro <strong>centro de vacaciones en el Barcar\u00e8s<\/strong>, sus sue\u00f1os se har\u00e1n realidad como por arte de magia. \u00bf Usted ha so\u00f1ado alguna vez con alojarse en un lugar ins\u00f3lito? Chal\u00e9s de lujo con jacuzzi le invitan a una estancia inolvidable. Nuestros far\u00e9s hawaianos o nuestras peque\u00f1as caravanas le invitan a un viaje en el imaginario. Ofrecemos <a href=\"https:\/\/floride.fr\/es\/alquileres\/\">alquileres ins\u00f3litos en la costa mediterr\u00e1nea<\/a>, as\u00ed como <strong>casas m\u00f3viles y chal\u00e9s<\/strong> accesibles tambi\u00e9n a personas con movilidad reducida. En cuanto a nuestras <strong>parcelas para carpas y caravanas<\/strong>, rivalizan con la proximidad de <a href=\"https:\/\/floride.fr\/es\/acceso-directo-a-la-playa\/\">la playa de Barcar\u00e8s.<\/a> Encontrar\u00e1 un entorno excepcional para acogerle y garantizarle una estancia en las mejores condiciones. Nos aseguramos de satisfacer todas sus necesidades con nuestros <a href=\"https:\/\/floride.fr\/es\/servicio-y-catering\/\">servicios de alta calidad en el Languedoc.<\/a> Podr\u00e1 encontrar tanto un supermercado como una peluquer\u00eda, as\u00ed como todas las instalaciones necesarias para usted, su familia o sus amigos. Nos encargamos de escucharle y estamos a su disposici\u00f3n para hacer de su estancia con nosotros un momento \u00fanico de complicidad y convivencia.<br\/><\/p>\n\n\n\n<div style=\"height:30px\" aria-hidden=\"true\" class=\"wp-block-spacer\"><\/div>\n\n\n\n<figure class=\"wp-block-gallery has-nested-images columns-6 is-cropped diaporama--3\">\n<figure class=\"wp-block-image size-large\"><img loading=\"lazy\" width=\"1500\" height=\"1000\" src=\"https:\/\/floride.fr\/wp-content\/uploads\/2022\/05\/IMG_1089.jpg\" alt=\"\" class=\"wp-image-4505\" srcset=\"https:\/\/floride.fr\/wp-content\/uploads\/2022\/05\/IMG_1089.jpg 1500w, https:\/\/floride.fr\/wp-content\/uploads\/2022\/05\/IMG_1089-300x200.jpg 300w, https:\/\/floride.fr\/wp-content\/uploads\/2022\/05\/IMG_1089-1024x683.jpg 1024w, https:\/\/floride.fr\/wp-content\/uploads\/2022\/05\/IMG_1089-768x512.jpg 768w\" sizes=\"(max-width: 1500px) 100vw, 1500px\" \/><\/figure>\n\n\n\n<figure class=\"wp-block-image size-large\"><img loading=\"lazy\" width=\"2560\" height=\"1707\" src=\"https:\/\/floride.fr\/wp-content\/uploads\/2022\/05\/media-88995876-004-2-scaled.jpg\" alt=\"\" class=\"wp-image-4219\" srcset=\"https:\/\/floride.fr\/wp-content\/uploads\/2022\/05\/media-88995876-004-2-scaled.jpg 2560w, https:\/\/floride.fr\/wp-content\/uploads\/2022\/05\/media-88995876-004-2-300x200.jpg 300w, https:\/\/floride.fr\/wp-content\/uploads\/2022\/05\/media-88995876-004-2-1024x683.jpg 1024w, https:\/\/floride.fr\/wp-content\/uploads\/2022\/05\/media-88995876-004-2-768x512.jpg 768w, https:\/\/floride.fr\/wp-content\/uploads\/2022\/05\/media-88995876-004-2-1536x1024.jpg 1536w, https:\/\/floride.fr\/wp-content\/uploads\/2022\/05\/media-88995876-004-2-2048x1365.jpg 2048w\" sizes=\"(max-width: 2560px) 100vw, 2560px\" \/><\/figure>\n\n\n\n<figure class=\"wp-block-image size-large\"><img loading=\"lazy\" width=\"2560\" height=\"1703\" src=\"https:\/\/floride.fr\/wp-content\/uploads\/2022\/05\/PISCINE-COUVERTE-AQUAGYM-0692-scaled.jpg\" alt=\"\" class=\"wp-image-4038\" srcset=\"https:\/\/floride.fr\/wp-content\/uploads\/2022\/05\/PISCINE-COUVERTE-AQUAGYM-0692-scaled.jpg 2560w, https:\/\/floride.fr\/wp-content\/uploads\/2022\/05\/PISCINE-COUVERTE-AQUAGYM-0692-300x200.jpg 300w, https:\/\/floride.fr\/wp-content\/uploads\/2022\/05\/PISCINE-COUVERTE-AQUAGYM-0692-1024x681.jpg 1024w, https:\/\/floride.fr\/wp-content\/uploads\/2022\/05\/PISCINE-COUVERTE-AQUAGYM-0692-768x511.jpg 768w, https:\/\/floride.fr\/wp-content\/uploads\/2022\/05\/PISCINE-COUVERTE-AQUAGYM-0692-1536x1022.jpg 1536w, https:\/\/floride.fr\/wp-content\/uploads\/2022\/05\/PISCINE-COUVERTE-AQUAGYM-0692-2048x1363.jpg 2048w\" sizes=\"(max-width: 2560px) 100vw, 2560px\" \/><\/figure>\n\n\n\n<figure class=\"wp-block-image size-large\"><img loading=\"lazy\" width=\"1194\" height=\"794\" src=\"https:\/\/floride.fr\/wp-content\/uploads\/2022\/05\/tente-2-1.jpg\" alt=\"\" class=\"wp-image-3825\" srcset=\"https:\/\/floride.fr\/wp-content\/uploads\/2022\/05\/tente-2-1.jpg 1194w, https:\/\/floride.fr\/wp-content\/uploads\/2022\/05\/tente-2-1-300x199.jpg 300w, https:\/\/floride.fr\/wp-content\/uploads\/2022\/05\/tente-2-1-1024x681.jpg 1024w, https:\/\/floride.fr\/wp-content\/uploads\/2022\/05\/tente-2-1-768x511.jpg 768w\" sizes=\"(max-width: 1194px) 100vw, 1194px\" \/><\/figure>\n\n\n\n<figure class=\"wp-block-image size-large\"><img loading=\"lazy\" width=\"2560\" height=\"1703\" src=\"https:\/\/floride.fr\/wp-content\/uploads\/2022\/05\/EMPLACEMENT-CAMPING-CAR-1112-scaled.jpg\" alt=\"\" class=\"wp-image-3553\" srcset=\"https:\/\/floride.fr\/wp-content\/uploads\/2022\/05\/EMPLACEMENT-CAMPING-CAR-1112-scaled.jpg 2560w, https:\/\/floride.fr\/wp-content\/uploads\/2022\/05\/EMPLACEMENT-CAMPING-CAR-1112-300x200.jpg 300w, https:\/\/floride.fr\/wp-content\/uploads\/2022\/05\/EMPLACEMENT-CAMPING-CAR-1112-1024x681.jpg 1024w, https:\/\/floride.fr\/wp-content\/uploads\/2022\/05\/EMPLACEMENT-CAMPING-CAR-1112-768x511.jpg 768w, https:\/\/floride.fr\/wp-content\/uploads\/2022\/05\/EMPLACEMENT-CAMPING-CAR-1112-1536x1022.jpg 1536w, https:\/\/floride.fr\/wp-content\/uploads\/2022\/05\/EMPLACEMENT-CAMPING-CAR-1112-2048x1363.jpg 2048w\" sizes=\"(max-width: 2560px) 100vw, 2560px\" \/><\/figure>\n\n\n\n<figure class=\"wp-block-image size-large\"><img loading=\"lazy\" width=\"2560\" height=\"1707\" src=\"https:\/\/floride.fr\/wp-content\/uploads\/2022\/05\/A7R5910-1-scaled.jpg\" alt=\"\" class=\"wp-image-3543\" srcset=\"https:\/\/floride.fr\/wp-content\/uploads\/2022\/05\/A7R5910-1-scaled.jpg 2560w, https:\/\/floride.fr\/wp-content\/uploads\/2022\/05\/A7R5910-1-300x200.jpg 300w, https:\/\/floride.fr\/wp-content\/uploads\/2022\/05\/A7R5910-1-1024x683.jpg 1024w, https:\/\/floride.fr\/wp-content\/uploads\/2022\/05\/A7R5910-1-768x512.jpg 768w, https:\/\/floride.fr\/wp-content\/uploads\/2022\/05\/A7R5910-1-1536x1024.jpg 1536w, https:\/\/floride.fr\/wp-content\/uploads\/2022\/05\/A7R5910-1-2048x1365.jpg 2048w\" sizes=\"(max-width: 2560px) 100vw, 2560px\" \/><\/figure>\n<\/figure>\n\n\n\n<div style=\"height:50px\" aria-hidden=\"true\" class=\"wp-block-spacer\"><\/div>\n\n\n\n<div class=\"wp-block-columns\">\n<div class=\"wp-block-column\">\n<h2 class=\"has-couleur-4-color has-text-color\" id=\"collioure-cite-des-peintres-les-sites-incontournables-a-visiter-2\">La belleza del Mediterr\u00e1neo a un paso de su centro de vacaciones en Le Barcar\u00e8s.<\/h2>\n\n\n\n<p>Al elegir el camping de 5 estrellas Le Floride, en Languedoc-Rosell\u00f3n, sabr\u00e1 que cuenta con todas las ventajas para disfrutar de una estancia paradis\u00edaca en Leucate. Todo est\u00e1 preparado, desde un entorno natural excepcional hasta un alojamiento de calidad y un personal atento, para garantizarle una experiencia de camping inolvidable. Pero Leucate no es el \u00fanico destino que visitar durante su estancia en Languedoc-Rosell\u00f3n. Desde nuestro <strong>centro de vacaciones en Barcar\u00e8s, cerca de Puerto Leucate,<\/strong> podr\u00e1 explorar los departamentos <strong>del Aude<\/strong>, <strong>los Pirineos Orientales<\/strong> y <strong>el Herault.<\/strong> El <strong>litoral mediterr\u00e1neo<\/strong> le ofrece todas sus maravillas. Desde <a href=\"https:\/\/floride.fr\/es\/collioure\/\">Collioure<\/a>, ciudad emblem\u00e1tica de la <strong>costa Vermeille<\/strong>, hasta <strong>la costa Amatista<\/strong> o Radiante que se conecta a la ciudad de <a href=\"https:\/\/floride.fr\/es\/el-barcares\/\">Puerto Barcar\u00e8s<\/a> a <strong>Cap d&#8217;Agde<\/strong>, descubra pueblos ricos en cultura y encanto con playas tan bellas como las dem\u00e1s. Su vecina del Aude, <a href=\"https:\/\/floride.fr\/es\/narbona\/\">Narbona<\/a>, es un ejemplo perfecto. Por \u00faltimo, si busca una ciudad tur\u00edstica para <strong>descubrir lugares hist\u00f3ricos<\/strong> y hacer sus compras, vaya a <a href=\"https:\/\/floride.fr\/es\/perpinan\/\">Perpi\u00f1\u00e1n<\/a>, a s\u00f3lo 30 minutos de Leucate y Barcar\u00e8s.<\/p>\n<\/div>\n\n\n\n<div class=\"wp-block-column\">\n<figure class=\"wp-block-gallery has-nested-images columns-default is-cropped\">\n<figure class=\"wp-block-image size-large\"><img loading=\"lazy\" width=\"1024\" height=\"683\" src=\"https:\/\/floride.fr\/wp-content\/uploads\/2023\/03\/lighthouse-g3b436910b_1920-1024x683.jpg\" alt=\"\" class=\"wp-image-9186\" srcset=\"https:\/\/floride.fr\/wp-content\/uploads\/2023\/03\/lighthouse-g3b436910b_1920-1024x683.jpg 1024w, https:\/\/floride.fr\/wp-content\/uploads\/2023\/03\/lighthouse-g3b436910b_1920-300x200.jpg 300w, https:\/\/floride.fr\/wp-content\/uploads\/2023\/03\/lighthouse-g3b436910b_1920-768x512.jpg 768w, https:\/\/floride.fr\/wp-content\/uploads\/2023\/03\/lighthouse-g3b436910b_1920-1536x1024.jpg 1536w, https:\/\/floride.fr\/wp-content\/uploads\/2023\/03\/lighthouse-g3b436910b_1920.jpg 1920w\" sizes=\"(max-width: 1024px) 100vw, 1024px\" \/><\/figure>\n<\/figure>\n<\/div>\n<\/div>\n\n\n\n<div style=\"height:100px\" aria-hidden=\"true\" class=\"wp-block-spacer\"><\/div>\n<\/div><\/div>\n","protected":false},"excerpt":{"rendered":"<p>Su centro de vacaciones en Leucate, libertad en el Aude \u00bfUsted busca un destino de vacaciones adecuado para toda la familia en la costa de Languedoc-Rosell\u00f3n ? Leucate cuenta todas las ventajas para satisfacer todos los gustos de cada uno. Si desea alojarse aqu\u00ed, nuestro camping de 5 estrellas Le Floride le da la bienvenida [&hellip;]<\/p>\n","protected":false},"author":1,"featured_media":0,"parent":0,"menu_order":0,"comment_status":"closed","ping_status":"closed","template":"","meta":[],"acf":[],"_links":{"self":[{"href":"https:\/\/floride.fr\/es\/wp-json\/wp\/v2\/pages\/8413"}],"collection":[{"href":"https:\/\/floride.fr\/es\/wp-json\/wp\/v2\/pages"}],"about":[{"href":"https:\/\/floride.fr\/es\/wp-json\/wp\/v2\/types\/page"}],"author":[{"embeddable":true,"href":"https:\/\/floride.fr\/es\/wp-json\/wp\/v2\/users\/1"}],"replies":[{"embeddable":true,"href":"https:\/\/floride.fr\/es\/wp-json\/wp\/v2\/comments?post=8413"}],"version-history":[{"count":6,"href":"https:\/\/floride.fr\/es\/wp-json\/wp\/v2\/pages\/8413\/revisions"}],"predecessor-version":[{"id":16344,"href":"https:\/\/floride.fr\/es\/wp-json\/wp\/v2\/pages\/8413\/revisions\/16344"}],"wp:attachment":[{"href":"https:\/\/floride.fr\/es\/wp-json\/wp\/v2\/media?parent=8413"}],"curies":[{"name":"wp","href":"https:\/\/api.w.org\/{rel}","templated":true}]}}