{"id":8425,"date":"2023-02-14T09:50:35","date_gmt":"2023-02-14T08:50:35","guid":{"rendered":"https:\/\/floride.fr\/?page_id=8425"},"modified":"2026-03-17T13:51:06","modified_gmt":"2026-03-17T12:51:06","slug":"el-barcares","status":"publish","type":"page","link":"https:\/\/floride.fr\/es\/el-barcares\/","title":{"rendered":"El Barcar\u00e8s"},"content":{"rendered":"\n<figure class=\"wp-block-image alignfull size-full F-00-b\"><img loading=\"lazy\" width=\"1024\" height=\"640\" src=\"https:\/\/floride.fr\/wp-content\/uploads\/2023\/03\/Camping-Barcares-66-_-Camping-le-Floride-5-etoiles-proche-Perpignan.jpg\" alt=\"\" class=\"wp-image-9037\" srcset=\"https:\/\/floride.fr\/wp-content\/uploads\/2023\/03\/Camping-Barcares-66-_-Camping-le-Floride-5-etoiles-proche-Perpignan.jpg 1024w, https:\/\/floride.fr\/wp-content\/uploads\/2023\/03\/Camping-Barcares-66-_-Camping-le-Floride-5-etoiles-proche-Perpignan-300x188.jpg 300w, https:\/\/floride.fr\/wp-content\/uploads\/2023\/03\/Camping-Barcares-66-_-Camping-le-Floride-5-etoiles-proche-Perpignan-768x480.jpg 768w\" sizes=\"(max-width: 1024px) 100vw, 1024px\" \/><\/figure>\n\n<div class=\"wp-container-69e32d0c457fa wp-block-group F-05-a\"><div class=\"wp-block-group__inner-container\">\n<h1 class=\"has-couleur-1-color has-text-color\" id=\"votre-camping-port-barcares-une-ouverture-exceptionnelle-sur-la-mediterranee\">Su camping Port Barcar\u00e8s, una apertura excepcional al Mediterr\u00e1neo<\/h1>\n\n\n\n<p>Vous recherchez un site authentique pour un s\u00e9jour en <strong>camping inoubliable en Pyr\u00e9n\u00e9es-Orientales en bord de mer<\/strong> ? La estaci\u00f3n balnearia de <strong>Port Barcar\u00e8s<\/strong> le da la bienvenida para satisfacer todos sus deseos. Entre alojamiento de primera, ba\u00f1o, inmersi\u00f3n en un entorno natural y t\u00edpico y actividades a su medida, \u00a1todo est\u00e1 previsto para satisfacerle en <a href=\"https:\/\/floride.f\">el camping Le Floride de Port Barcar\u00e8s<\/a> !<\/p>\n\n\n\n<div style=\"height:50px\" aria-hidden=\"true\" class=\"wp-block-spacer\"><\/div>\n\n\n\n<div class=\"wp-block-columns\">\n<div class=\"wp-block-column\">\n<figure class=\"wp-block-gallery has-nested-images columns-3 is-cropped\">\n<figure class=\"wp-block-image size-large\"><img loading=\"lazy\" width=\"768\" height=\"1024\" src=\"https:\/\/floride.fr\/wp-content\/uploads\/2023\/03\/Plage-de-la-Baie-_-Eze-Sur-mer-768x1024.jpg\" alt=\"\" class=\"wp-image-9042\" srcset=\"https:\/\/floride.fr\/wp-content\/uploads\/2023\/03\/Plage-de-la-Baie-_-Eze-Sur-mer-768x1024.jpg 768w, https:\/\/floride.fr\/wp-content\/uploads\/2023\/03\/Plage-de-la-Baie-_-Eze-Sur-mer-225x300.jpg 225w, https:\/\/floride.fr\/wp-content\/uploads\/2023\/03\/Plage-de-la-Baie-_-Eze-Sur-mer-1152x1536.jpg 1152w, https:\/\/floride.fr\/wp-content\/uploads\/2023\/03\/Plage-de-la-Baie-_-Eze-Sur-mer-1536x2048.jpg 1536w, https:\/\/floride.fr\/wp-content\/uploads\/2023\/03\/Plage-de-la-Baie-_-Eze-Sur-mer-scaled.jpg 1920w\" sizes=\"(max-width: 768px) 100vw, 768px\" \/><\/figure>\n\n\n\n<figure class=\"wp-block-image size-large\"><img loading=\"lazy\" width=\"1024\" height=\"663\" src=\"https:\/\/floride.fr\/wp-content\/uploads\/2022\/03\/Photo-Plage-du-Camping-Le-Floride-au-Barcares-en-bord-de-mer-2-1024x663.jpg\" alt=\"Camping Le Floride Le Barcar&#xE8;s (66) : Foto Playa De Camping Le Floride Au Barcar&#xE8;s En Bord De Mer 2\" class=\"wp-image-1688\" srcset=\"https:\/\/floride.fr\/wp-content\/uploads\/2022\/03\/Photo-Plage-du-Camping-Le-Floride-au-Barcares-en-bord-de-mer-2-1024x663.jpg 1024w, https:\/\/floride.fr\/wp-content\/uploads\/2022\/03\/Photo-Plage-du-Camping-Le-Floride-au-Barcares-en-bord-de-mer-2-300x194.jpg 300w, https:\/\/floride.fr\/wp-content\/uploads\/2022\/03\/Photo-Plage-du-Camping-Le-Floride-au-Barcares-en-bord-de-mer-2-768x498.jpg 768w, https:\/\/floride.fr\/wp-content\/uploads\/2022\/03\/Photo-Plage-du-Camping-Le-Floride-au-Barcares-en-bord-de-mer-2-1536x995.jpg 1536w, https:\/\/floride.fr\/wp-content\/uploads\/2022\/03\/Photo-Plage-du-Camping-Le-Floride-au-Barcares-en-bord-de-mer-2.jpg 1900w\" sizes=\"(max-width: 1024px) 100vw, 1024px\" \/><\/figure>\n<\/figure>\n<\/div>\n\n\n\n<div class=\"wp-block-column\">\n<h2 class=\"has-couleur-4-color has-text-color\" id=\"collioure-cite-des-peintres-les-sites-incontournables-a-visiter-2\">En Barcar\u00e8s, tendr\u00e1 toda la libertad que necesite.<\/h2>\n\n\n\n<p>En <a href=\"https:\/\/floride.fr\/es\/alrededores\/\">Occitania,<\/a> hay muchos lugares atractivos entre los que elegir. El departamento de Pirineos Orientales alberga lugares excepcionales para disfrutar de una estancia en armon\u00eda con la naturaleza y rica en experiencias. \u00c0 cet \u00e9gard, <strong>le village de Barcar\u00e8s<\/strong> o\u00f9 est implant\u00e9 notre camping Floride est un carrefour id\u00e9al pour explorer de nombreuses possibilit\u00e9s. Cerca de <a href=\"https:\/\/floride.fr\/es\/leucate\/\">Leucate<\/a>, otro punto tur\u00edstico, y de <a href=\"https:\/\/floride.fr\/es\/perpinan\/\">Perpi\u00f1\u00e1n<\/a>, metr\u00f3poli catalana repleta de actividades, festivales y cultura, <strong>Port Barcar\u00e8s<\/strong> tiene muchas maravillas por descubrir. La fauna y la flora de la laguna de Salses Le Barcar\u00e8s pueden descubrirse en <strong>este entorno clasificado Natura 2000.<\/strong> Con su familia o amigos, disfrute observando especies de aves tan pintorescas como el charrancito. Sum\u00e9rjase en <strong>las aguas turquesas<\/strong> para encontrarse con la m\u00e1gica vida marina. Aproveche todos estos momentos para revitalizarse y volver a conectar con la naturaleza. Aqu\u00ed todo es motivo de asombro y admiraci\u00f3n. <strong>El litoral mediterr\u00e1neo<\/strong> le ofrece un espacio de exploraci\u00f3n con sus zonas protegidas, tan extenso que le resultar\u00e1 dif\u00edcil abarcarlo todo.<\/p>\n<\/div>\n<\/div>\n\n\n\n<div style=\"height:50px\" aria-hidden=\"true\" class=\"wp-block-spacer\"><\/div>\n\n\n\n<h2 id=\"la-nature-a-portee-de-pieds\">La naturaleza a tus pies<\/h2>\n\n\n\n<p>\u00a1Qu\u00e9 alegr\u00eda poder llegar al mar en pocos minutos gracias a nuestro acceso <a href=\"https:\/\/floride.fr\/es\/acceso-directo-a-la-playa\/\">directo en la playa de Barcar\u00e8s<\/a> ! S\u00f3lo tiene que coger su cesta y dejarse llevar por momentos de placer al borde del agua. Si quiere disfrutar de un amanecer sobre el mar, s\u00f3lo tiene que caminar unos metros para gozar de un espect\u00e1culo deslumbrante. Se puede <strong>practicar senderismo<\/strong>, ciclismo y excursiones mar\u00edtimas para disfrutar de una estancia paradis\u00edaca. \u00bfLe gustar\u00eda sumergirse en el ambiente local? El pueblo de Barcar\u00e8s le da la bienvenida para impregnarse de su c\u00e1lido ambiente. Aqu\u00ed podr\u00e1 conocer personajes pintorescos, <a href=\"https:\/\/floride.fr\/es\/fiestas-y-festivales\/\">disfrutar de fiestas durante todo el a\u00f1o<\/a> y degustar <strong>especialidades catalanas.<\/strong> Cuando regrese a <strong>su camping en Port Barcar\u00e8s<\/strong>, vuelva a disfrutar de estas sensaciones. De hecho, tenemos un sentido especialmente fuerte de la hospitalidad. Se basa en anticiparse a todas sus necesidades. Nuestras instalaciones sanitarias, las zonas de reuni\u00f3n, el supermercado o nuestro <a href=\"https:\/\/floride.fr\/es\/bienestar\/\">centro de bienestar \u00fanico en la regi\u00f3n de Languedoc<\/a>, est\u00e1n cuidadosamente dise\u00f1ados. Cuidamos mucho su bienestar en un entorno \u00fanico. Nuestros empleados est\u00e1n a su servicio para garantizar su plena satisfacci\u00f3n.<\/p>\n\n\n\n<h2 id=\"des-activites-pour-tous-les-ages-au-camping-le-floride\">Actividades para todas las edades en el camping Le Floride <\/h2>\n\n\n\n<p>\u00bfQuiere combinar los placeres de la playa y el senderismo con los de la piscina u otros juegos? Es natural. Por eso, <a href=\"https:\/\/floride.fr\/es\/parque-acuatico\/\">nuestro camping en Languedoc-Rosell\u00f3n con parque acu\u00e1tico<\/a> le ofrece <strong>un parque acu\u00e1tico de 4.700 m2<\/strong> sin igual en los Pirineos Orientales. Con multitud de <strong>juegos acu\u00e1ticos<\/strong> como toboganes, pentagliss y r\u00edos contracorriente, todo est\u00e1 pensado para crear un mundo de alegr\u00eda inagotable. <strong>Piscinas climatizadas<\/strong>, <strong>jacuzzis<\/strong> y piscinas infantiles para los m\u00e1s peque\u00f1os son las zonas preferidas de los m\u00e1s experimentados. Todas las edades pueden encontrar algo para satisfacer su deseo de holgazanear o divertirse en una zona acu\u00e1tica dise\u00f1ada para proporcionar diversi\u00f3n sin fin a toda la familia. Para completar tu experiencia de bienestar, tienes a tu disposici\u00f3n un gimnasio y una sala de juegos.<br\/>Disfruta de una estancia de ensue\u00f1o en un entorno aut\u00e9ntico y totalmente adaptado a tus necesidades para recargar las pilas. \u00a1Tu camping de 5 estrellas Floride en Barcar\u00e8s hace realidad todos tus deseos para que disfrutes de una felicidad compartida! <\/p>\n\n\n\n<div style=\"height:30px\" aria-hidden=\"true\" class=\"wp-block-spacer\"><\/div>\n\n\n\n<figure class=\"wp-block-gallery has-nested-images columns-6 is-cropped diaporama--3\">\n<figure class=\"wp-block-image size-large\"><img loading=\"lazy\" width=\"1500\" height=\"1000\" src=\"https:\/\/floride.fr\/wp-content\/uploads\/2022\/05\/IMG_1089.jpg\" alt=\"\" class=\"wp-image-4505\" srcset=\"https:\/\/floride.fr\/wp-content\/uploads\/2022\/05\/IMG_1089.jpg 1500w, https:\/\/floride.fr\/wp-content\/uploads\/2022\/05\/IMG_1089-300x200.jpg 300w, https:\/\/floride.fr\/wp-content\/uploads\/2022\/05\/IMG_1089-1024x683.jpg 1024w, https:\/\/floride.fr\/wp-content\/uploads\/2022\/05\/IMG_1089-768x512.jpg 768w\" sizes=\"(max-width: 1500px) 100vw, 1500px\" \/><\/figure>\n\n\n\n<figure class=\"wp-block-image size-large\"><img loading=\"lazy\" width=\"2560\" height=\"1707\" src=\"https:\/\/floride.fr\/wp-content\/uploads\/2022\/05\/media-88995876-004-2-scaled.jpg\" alt=\"\" class=\"wp-image-4219\" srcset=\"https:\/\/floride.fr\/wp-content\/uploads\/2022\/05\/media-88995876-004-2-scaled.jpg 2560w, https:\/\/floride.fr\/wp-content\/uploads\/2022\/05\/media-88995876-004-2-300x200.jpg 300w, https:\/\/floride.fr\/wp-content\/uploads\/2022\/05\/media-88995876-004-2-1024x683.jpg 1024w, https:\/\/floride.fr\/wp-content\/uploads\/2022\/05\/media-88995876-004-2-768x512.jpg 768w, https:\/\/floride.fr\/wp-content\/uploads\/2022\/05\/media-88995876-004-2-1536x1024.jpg 1536w, https:\/\/floride.fr\/wp-content\/uploads\/2022\/05\/media-88995876-004-2-2048x1365.jpg 2048w\" sizes=\"(max-width: 2560px) 100vw, 2560px\" \/><\/figure>\n\n\n\n<figure class=\"wp-block-image size-large\"><img loading=\"lazy\" width=\"2560\" height=\"1703\" src=\"https:\/\/floride.fr\/wp-content\/uploads\/2022\/05\/PISCINE-COUVERTE-AQUAGYM-0692-scaled.jpg\" alt=\"\" class=\"wp-image-4038\" srcset=\"https:\/\/floride.fr\/wp-content\/uploads\/2022\/05\/PISCINE-COUVERTE-AQUAGYM-0692-scaled.jpg 2560w, https:\/\/floride.fr\/wp-content\/uploads\/2022\/05\/PISCINE-COUVERTE-AQUAGYM-0692-300x200.jpg 300w, https:\/\/floride.fr\/wp-content\/uploads\/2022\/05\/PISCINE-COUVERTE-AQUAGYM-0692-1024x681.jpg 1024w, https:\/\/floride.fr\/wp-content\/uploads\/2022\/05\/PISCINE-COUVERTE-AQUAGYM-0692-768x511.jpg 768w, https:\/\/floride.fr\/wp-content\/uploads\/2022\/05\/PISCINE-COUVERTE-AQUAGYM-0692-1536x1022.jpg 1536w, https:\/\/floride.fr\/wp-content\/uploads\/2022\/05\/PISCINE-COUVERTE-AQUAGYM-0692-2048x1363.jpg 2048w\" sizes=\"(max-width: 2560px) 100vw, 2560px\" \/><\/figure>\n\n\n\n<figure class=\"wp-block-image size-large\"><img loading=\"lazy\" width=\"1194\" height=\"794\" src=\"https:\/\/floride.fr\/wp-content\/uploads\/2022\/05\/tente-2-1.jpg\" alt=\"\" class=\"wp-image-3825\" srcset=\"https:\/\/floride.fr\/wp-content\/uploads\/2022\/05\/tente-2-1.jpg 1194w, https:\/\/floride.fr\/wp-content\/uploads\/2022\/05\/tente-2-1-300x199.jpg 300w, https:\/\/floride.fr\/wp-content\/uploads\/2022\/05\/tente-2-1-1024x681.jpg 1024w, https:\/\/floride.fr\/wp-content\/uploads\/2022\/05\/tente-2-1-768x511.jpg 768w\" sizes=\"(max-width: 1194px) 100vw, 1194px\" \/><\/figure>\n\n\n\n<figure class=\"wp-block-image size-large\"><img loading=\"lazy\" width=\"2560\" height=\"1703\" src=\"https:\/\/floride.fr\/wp-content\/uploads\/2022\/05\/EMPLACEMENT-CAMPING-CAR-1112-scaled.jpg\" alt=\"\" class=\"wp-image-3553\" srcset=\"https:\/\/floride.fr\/wp-content\/uploads\/2022\/05\/EMPLACEMENT-CAMPING-CAR-1112-scaled.jpg 2560w, https:\/\/floride.fr\/wp-content\/uploads\/2022\/05\/EMPLACEMENT-CAMPING-CAR-1112-300x200.jpg 300w, https:\/\/floride.fr\/wp-content\/uploads\/2022\/05\/EMPLACEMENT-CAMPING-CAR-1112-1024x681.jpg 1024w, https:\/\/floride.fr\/wp-content\/uploads\/2022\/05\/EMPLACEMENT-CAMPING-CAR-1112-768x511.jpg 768w, https:\/\/floride.fr\/wp-content\/uploads\/2022\/05\/EMPLACEMENT-CAMPING-CAR-1112-1536x1022.jpg 1536w, https:\/\/floride.fr\/wp-content\/uploads\/2022\/05\/EMPLACEMENT-CAMPING-CAR-1112-2048x1363.jpg 2048w\" sizes=\"(max-width: 2560px) 100vw, 2560px\" \/><\/figure>\n\n\n\n<figure class=\"wp-block-image size-large\"><img loading=\"lazy\" width=\"2560\" height=\"1707\" src=\"https:\/\/floride.fr\/wp-content\/uploads\/2022\/05\/A7R5910-1-scaled.jpg\" alt=\"\" class=\"wp-image-3543\" srcset=\"https:\/\/floride.fr\/wp-content\/uploads\/2022\/05\/A7R5910-1-scaled.jpg 2560w, https:\/\/floride.fr\/wp-content\/uploads\/2022\/05\/A7R5910-1-300x200.jpg 300w, https:\/\/floride.fr\/wp-content\/uploads\/2022\/05\/A7R5910-1-1024x683.jpg 1024w, https:\/\/floride.fr\/wp-content\/uploads\/2022\/05\/A7R5910-1-768x512.jpg 768w, https:\/\/floride.fr\/wp-content\/uploads\/2022\/05\/A7R5910-1-1536x1024.jpg 1536w, https:\/\/floride.fr\/wp-content\/uploads\/2022\/05\/A7R5910-1-2048x1365.jpg 2048w\" sizes=\"(max-width: 2560px) 100vw, 2560px\" \/><\/figure>\n<\/figure>\n\n\n\n<div style=\"height:100px\" aria-hidden=\"true\" class=\"wp-block-spacer\"><\/div>\n<\/div><\/div>\n","protected":false},"excerpt":{"rendered":"<p>Su camping Port Barcar\u00e8s, una apertura excepcional al Mediterr\u00e1neo Vous recherchez un site authentique pour un s\u00e9jour en camping inoubliable en Pyr\u00e9n\u00e9es-Orientales en bord de mer ? La estaci\u00f3n balnearia de Port Barcar\u00e8s le da la bienvenida para satisfacer todos sus deseos. Entre alojamiento de primera, ba\u00f1o, inmersi\u00f3n en un entorno natural y t\u00edpico y [&hellip;]<\/p>\n","protected":false},"author":1,"featured_media":0,"parent":0,"menu_order":0,"comment_status":"closed","ping_status":"closed","template":"","meta":[],"acf":[],"_links":{"self":[{"href":"https:\/\/floride.fr\/es\/wp-json\/wp\/v2\/pages\/8425"}],"collection":[{"href":"https:\/\/floride.fr\/es\/wp-json\/wp\/v2\/pages"}],"about":[{"href":"https:\/\/floride.fr\/es\/wp-json\/wp\/v2\/types\/page"}],"author":[{"embeddable":true,"href":"https:\/\/floride.fr\/es\/wp-json\/wp\/v2\/users\/1"}],"replies":[{"embeddable":true,"href":"https:\/\/floride.fr\/es\/wp-json\/wp\/v2\/comments?post=8425"}],"version-history":[{"count":6,"href":"https:\/\/floride.fr\/es\/wp-json\/wp\/v2\/pages\/8425\/revisions"}],"predecessor-version":[{"id":16302,"href":"https:\/\/floride.fr\/es\/wp-json\/wp\/v2\/pages\/8425\/revisions\/16302"}],"wp:attachment":[{"href":"https:\/\/floride.fr\/es\/wp-json\/wp\/v2\/media?parent=8425"}],"curies":[{"name":"wp","href":"https:\/\/api.w.org\/{rel}","templated":true}]}}