{"id":8433,"date":"2023-02-03T10:20:24","date_gmt":"2023-02-03T09:20:24","guid":{"rendered":"https:\/\/floride.fr\/alquiler-de-chalet-en-pyrenees-orientales\/"},"modified":"2025-11-05T13:50:46","modified_gmt":"2025-11-05T12:50:46","slug":"alquiler-de-chalet-en-pyrenees-orientales","status":"publish","type":"page","link":"https:\/\/floride.fr\/es\/alquiler-de-chalet-en-pyrenees-orientales\/","title":{"rendered":"Alquiler de chalet en Pyr\u00e9n\u00e9es Orientales"},"content":{"rendered":"\n<figure class=\"wp-block-image alignfull size-large F-00-b\"><img src=\"https:\/\/floride.fr\/wp-content\/uploads\/2022\/05\/&#xA9;LeFloride-080-1-1024x682.jpg\" alt=\"Alquiler de chalets en los pirineos orientales camping le floride\" class=\"wp-image-4836\"\/><\/figure>\n\n<h1 class=\"has-text-align-center has-couleur-1-color has-text-color\" id=\"location-de-chalet-en-pyrenees-orientales-au-camping-le-floride\">Alquiler de chalet en los Pirineos Orientales en el Camping Le Floride en Barcar\u00e8s<\/h1>\n\n<p class=\"has-text-align-center\">Entre todas nuestras <a href=\"https:\/\/floride.fr\/es\/alquileres\/\">propiedades vacacionales en Le Barcar\u00e8s<\/a>, ven a vivir una experiencia \u00fanica en una caba\u00f1a en un <a href=\"https:\/\/floride.fr\/camping-pyrenees-orientales-bord-de-mer\/\">camping en los Pirineos Orientales<\/a>, a orillas del mar. Nuestro hotel de 5 estrellas <strong>ofrece servicios de alta calidad<\/strong> para que sus vacaciones sean \u00fanicas. Podr\u00e1 disfrutar de <strong>acceso directo a la playa de Barcar\u00e8s<\/strong> para relajarse y disfrutar de una vista impresionante del mar. Con su ambiente de \u00abpueblo de vacaciones\u00bb, nuestro camping le sumerge en un mundo completamente distinto. Un cambio total de aires est\u00e1 garantizado gracias a una experiencia de 360\u00b0 en el coraz\u00f3n de un ambiente polinesio que seducir\u00e1 a los amantes de los viajes.<\/p>\n\n<p><\/p>\n\n<div class=\"wp-container-69d113b595b73 wp-block-group\"><div class=\"wp-block-group__inner-container\">\n<div class=\"wp-container-69d113b59589a wp-block-group\"><div class=\"wp-block-group__inner-container\">\n<div class=\"wp-block-columns F-05-a\">\n<div class=\"wp-block-column\">\n<div style=\"height:50px\" aria-hidden=\"true\" class=\"wp-block-spacer\"><\/div>\n\n\n\n<h2 id=\"des-chalets-de-prestige-au-bord-de-la-mer-mediterranee\">Prestigiosos chal\u00e9s en la costa mediterr\u00e1nea<\/h2>\n\n\n\n<p>Descubra nuestros prestigiosos chal\u00e9s a orillas del mar Mediterr\u00e1neo. Estos alojamientos de madera te transportan a otro mundo sin descuidar tu comodidad. Podr\u00e1 beneficiarse de numerosas instalaciones: <\/p>\n\n\n\n<ul><li>microondas<\/li><li>un frigor\u00edfico<\/li><li>aire acondicionado<\/li><li>una televisi\u00f3n<\/li><li>Wifi<\/li><li>una cafetera<\/li><li>e incluso platos para todas sus comidas<\/li><\/ul>\n\n\n\n<p>Tambi\u00e9n puede disfrutar de <strong>su propio mobiliario de jard\u00edn privado<\/strong> con dos tumbonas que le esperan para relajarse. Un rinc\u00f3n del para\u00edso en <strong>un chal\u00e9 de alquiler en Languedoc-Rosell\u00f3n<\/strong> para recargar las pilas y complacer a toda la familia.<\/p>\n<\/div>\n\n\n\n<div class=\"wp-block-column is-vertically-aligned-center\">\n<figure class=\"wp-block-gallery has-nested-images columns-default is-cropped\">\n<figure class=\"wp-block-image size-large\"><img loading=\"lazy\" width=\"1024\" height=\"683\" src=\"https:\/\/floride.fr\/wp-content\/uploads\/2022\/10\/130-camping-le-floride-1024px.jpg\" alt=\"\" class=\"wp-image-6972\" srcset=\"https:\/\/floride.fr\/wp-content\/uploads\/2022\/10\/130-camping-le-floride-1024px.jpg 1024w, https:\/\/floride.fr\/wp-content\/uploads\/2022\/10\/130-camping-le-floride-1024px-300x200.jpg 300w, https:\/\/floride.fr\/wp-content\/uploads\/2022\/10\/130-camping-le-floride-1024px-768x512.jpg 768w\" sizes=\"(max-width: 1024px) 100vw, 1024px\" \/><\/figure>\n\n\n\n<figure class=\"wp-block-image size-large\"><img loading=\"lazy\" width=\"2560\" height=\"1707\" src=\"https:\/\/floride.fr\/wp-content\/uploads\/2022\/05\/A7R5381-scaled.jpg\" alt=\"\" class=\"wp-image-4831\" srcset=\"https:\/\/floride.fr\/wp-content\/uploads\/2022\/05\/A7R5381-scaled.jpg 2560w, https:\/\/floride.fr\/wp-content\/uploads\/2022\/05\/A7R5381-300x200.jpg 300w, https:\/\/floride.fr\/wp-content\/uploads\/2022\/05\/A7R5381-1024x683.jpg 1024w, https:\/\/floride.fr\/wp-content\/uploads\/2022\/05\/A7R5381-768x512.jpg 768w, https:\/\/floride.fr\/wp-content\/uploads\/2022\/05\/A7R5381-1536x1024.jpg 1536w, https:\/\/floride.fr\/wp-content\/uploads\/2022\/05\/A7R5381-2048x1365.jpg 2048w\" sizes=\"(max-width: 2560px) 100vw, 2560px\" \/><\/figure>\n<\/figure>\n<\/div>\n<\/div>\n\n\n\n<div style=\"height:30px\" aria-hidden=\"true\" class=\"wp-block-spacer\"><\/div>\n\n\n\n<p>Todo ello en <strong>una ubicaci\u00f3n de ensue\u00f1o<\/strong> que le permite disfrutar de <a href=\"https:\/\/floride.fr\/es\/acceso-directo-a-la-playa\/\">acceso directo a la playa de Barcar\u00e8s<\/a> a tan s\u00f3lo unos cientos de metros. Podr\u00e1 disfrutar del aire marino mientras se sumerge en <strong>un ambiente polinesio animado y acogedor.<\/strong> Un aut\u00e9ntico cambio de aires para unas vacaciones totalmente \u00fanicas. Aunque nuestros chal\u00e9s tienen connotaciones invernales, estas estructuras no s\u00f3lo est\u00e1n reservadas para estancias en la monta\u00f1a. Tambi\u00e9n aportan una aut\u00e9ntica sensaci\u00f3n de vacaciones cuando hace calor para crear un ambiente completamente distinto. As\u00ed podr\u00e1 sentirse como en una caba\u00f1a en el coraz\u00f3n de la Polinesia sin descuidar su comodidad ni las actividades a su alrededor.<\/p>\n<\/div><\/div>\n<\/div><\/div>\n\n<div class=\"wp-container-69d113b5961c9 wp-block-group\"><div class=\"wp-block-group__inner-container\">\n<h2 id=\"vivez-une-aventure-unique-en-famille-ou-entre-amis\">Viva una aventura \u00fanica con su familia y amigos<\/h2>\n\n\n\n<p><strong>Nuestras caba\u00f1as pueden alojar de 4 a 8 personas<\/strong> para que pueda compartir sus aventuras con otras personas. Una oportunidad ideal para ir con los amigos o la familia a un lugar intemporal para vivir una experiencia \u00fanica junto al mar. Todo ello mientras disfruta del entretenimiento y el confort de nuestro camping de 5 estrellas. Si busca <strong>un chalet de alquiler cerca de Perpi\u00f1\u00e1n<\/strong>, visite el camping Le Floride en Barcar\u00e8s para pasar unas vacaciones confortables sin olvidar el ambiente de camping que tanto nos gusta. En e<strong>l camping se ofrecen numerosas actividades<\/strong> y entretenimientos que mantendr\u00e1n ocupados a grandes y peque\u00f1os durante toda su estancia. Ll\u00e9velos a la piscina, al mar, al parque acu\u00e1tico, de excursi\u00f3n, en bicicleta y mucho m\u00e1s, todo a unos cientos de metros de su casa.<\/p>\n\n\n\n<p>Todos <strong>nuestros servicios est\u00e1n incluidos en el precio del alquiler<\/strong>, por lo que no tendr\u00e1 costes ocultos. Puede elegir un chal\u00e9 con un n\u00famero adecuado de habitaciones, pero tambi\u00e9n <strong>diferentes ubicaciones dentro del camping<\/strong> para personalizar su experiencia. Por \u00faltimo, <strong>en nuestros chal\u00e9s existen diferentes gamas de confort<\/strong> para responder a las expectativas de los aventureros, pero tambi\u00e9n de las familias con exigencias espec\u00edficas. <\/p>\n\n\n\n<h3 class=\"has-couleur-4-color has-text-color\" id=\"choisir-son-emplacement-de-chalet-pres-de-perpignan\">Elegir la ubicaci\u00f3n de su chal\u00e9 cerca de Perpi\u00f1\u00e1n<\/h3>\n\n\n\n<p>Para ayudarle a elegir su parcela, le aconsejamos que consulte <a rel=\"noreferrer noopener\" href=\"https:\/\/floride.fr\/wp-content\/uploads\/2022\/05\/Plan-RV-compresse-2.pdf\" target=\"_blank\">el plano del camping<\/a> y las diferentes ubicaciones disponibles. Podr\u00e1 elegir el lugar, la exposici\u00f3n y el ambiente que m\u00e1s le convengan en funci\u00f3n de su disponibilidad. Tambi\u00e9n es una oportunidad para descubrir todos los servicios que ofrece nuestro <strong>camping de 5 estrellas<\/strong> y elegir su parcela en funci\u00f3n de sus intereses, sobre todo en lo que respecta a las actividades del camping.<\/p>\n\n\n\n<p>Elija entre nuestros 3 modelos de chalet: <\/p>\n\n\n\n<ul><li><strong>Ciela Privil\u00e8ge Chalet Tropical 3 habitaciones 6\/8 personas <\/strong><\/li><li><strong>Ciela Confort Chalet 2 habitaciones 5 personas<\/strong><\/li><li><strong style=\"color: initial;\">Ciela Confort Chalet 3 habitaciones 6 personas<\/strong><\/li><\/ul>\n\n\n\n<div class=\"wp-container-69d113b595f2d wp-block-buttons\">\n<div class=\"wp-block-button btn_resa\"><a class=\"wp-block-button__link has-couleur-2-background-color has-background\"><i class=\"fal fa-search\"><\/i> Reservar<\/a><\/div>\n<\/div>\n<\/div><\/div>\n\n<section class=\"wp-container-69d113b5965c9 wp-block-group F-15-a vague-top ligne1-top has-bg-1-background-color has-background\"><div class=\"wp-block-group__inner-container\">\n<p class=\"titre2 has-couleur-1-color has-text-color\" id=\"decouvrez-notre-location-la-suite-riviera-premium-un-vrai-succes\">Los Pirineos Orientales: una cuna del turismo con una gran riqueza cultural<\/p>\n\n\n\n<div class=\"wp-block-media-text is-stacked-on-mobile is-image-fill\"><figure class=\"wp-block-media-text__media\" style=\"background-image:url(https:\/\/floride.fr\/wp-content\/uploads\/2022\/07\/Ville-de-Perpignan-Pyrenees-Orientales-1024x682.jpg);background-position:48% 69%\"><img loading=\"lazy\" width=\"1024\" height=\"682\" src=\"https:\/\/floride.fr\/wp-content\/uploads\/2022\/07\/Ville-de-Perpignan-Pyrenees-Orientales-1024x682.jpg\" alt=\"\" class=\"wp-image-5891 size-full\" srcset=\"https:\/\/floride.fr\/wp-content\/uploads\/2022\/07\/Ville-de-Perpignan-Pyrenees-Orientales-1024x682.jpg 1024w, https:\/\/floride.fr\/wp-content\/uploads\/2022\/07\/Ville-de-Perpignan-Pyrenees-Orientales-300x200.jpg 300w, https:\/\/floride.fr\/wp-content\/uploads\/2022\/07\/Ville-de-Perpignan-Pyrenees-Orientales-768x512.jpg 768w, https:\/\/floride.fr\/wp-content\/uploads\/2022\/07\/Ville-de-Perpignan-Pyrenees-Orientales.jpg 1280w\" sizes=\"(max-width: 1024px) 100vw, 1024px\" \/><\/figure><div class=\"wp-block-media-text__content\">\n<h2 class=\"titre3 has-couleur-4-color has-text-color\" id=\"vos-vacances-en-chalet-dans-les-pyrenees-orientales\">Sus vacaciones en un chalet en los Pirineos Orientales<\/h2>\n\n\n\n<p>Al elegir alquilar un chalet en los Pirineos Orientales, se asegurar\u00e1 de disfrutar de toda la riqueza natural y cultural de la regi\u00f3n. De hecho, podr\u00e1 disfrutar de un clima muy caracter\u00edstico de los Pirineos Orientales, entre el mar y la monta\u00f1a. Es posible cambiar de aires muy f\u00e1cilmente sin tener que hacer largos viajes. <a href=\"https:\/\/floride.fr\/es\/alrededores\/\">Visitar los Pirineos Orientales<\/a> tambi\u00e9n significa disfrutar del esp\u00edritu del sur, con centros urbanos muy din\u00e1micos y un ambiente festivo.<\/p>\n\n\n\n<p>Puedes dar un <strong>paseo en bici<\/strong> o vivir una aut\u00e9ntica aventura en el bosque. No faltan senderos, <strong>y Barcar\u00e8s<\/strong> es el lugar ideal para reconectar con el entorno. Tambi\u00e9n puede aprovechar el ambiente costero para tomar algo junto a la playa, broncearse o pasar unas horas divertidas en el parque acu\u00e1tico del camping. Tambi\u00e9n es una oportunidad para recorrer la historia de la regi\u00f3n visitando <strong>los castillos, iglesias y numerosos monumentos hist\u00f3ricos<\/strong> que dan renombre a los Pirineos Orientales.<\/p>\n\n\n\n<div style=\"height:50px\" aria-hidden=\"true\" class=\"wp-block-spacer\"><\/div>\n<\/div><\/div>\n\n\n\n<div style=\"height:70px\" aria-hidden=\"true\" class=\"wp-block-spacer\"><\/div>\n\n\n\n<p class=\"titre3 has-couleur-1-color has-text-color\">Descubra tambi\u00e9n nuestros otros alojamientos: <\/p>\n\n\n\n<ul><li>Nuestros <a href=\"https:\/\/floride.fr\/es\/alquileres-insolitos-en-los-pirineos-orientales\/\">alojamientos ins\u00f3litos en los Pirineos Orientales<\/a><\/li><li>Nuestros <a href=\"https:\/\/floride.fr\/es\/alquiler-de-mobil-home-en-los-pirineos-orientales\/\">alquileres de mobil-homes cerca de Perpi\u00f1\u00e1n<\/a><\/li><\/ul>\n\n\n\n<div style=\"height:20px\" aria-hidden=\"true\" class=\"wp-block-spacer\"><\/div>\n<\/div><\/section>\n","protected":false},"excerpt":{"rendered":"<p>Alquiler de chalet en los Pirineos Orientales en el Camping Le Floride en Barcar\u00e8s Entre todas nuestras propiedades vacacionales en Le Barcar\u00e8s, ven a vivir una experiencia \u00fanica en una caba\u00f1a en un camping en los Pirineos Orientales, a orillas del mar. Nuestro hotel de 5 estrellas ofrece servicios de alta calidad para que sus [&hellip;]<\/p>\n","protected":false},"author":1,"featured_media":0,"parent":0,"menu_order":0,"comment_status":"closed","ping_status":"closed","template":"","meta":[],"acf":[],"_links":{"self":[{"href":"https:\/\/floride.fr\/es\/wp-json\/wp\/v2\/pages\/8433"}],"collection":[{"href":"https:\/\/floride.fr\/es\/wp-json\/wp\/v2\/pages"}],"about":[{"href":"https:\/\/floride.fr\/es\/wp-json\/wp\/v2\/types\/page"}],"author":[{"embeddable":true,"href":"https:\/\/floride.fr\/es\/wp-json\/wp\/v2\/users\/1"}],"replies":[{"embeddable":true,"href":"https:\/\/floride.fr\/es\/wp-json\/wp\/v2\/comments?post=8433"}],"version-history":[{"count":5,"href":"https:\/\/floride.fr\/es\/wp-json\/wp\/v2\/pages\/8433\/revisions"}],"predecessor-version":[{"id":15463,"href":"https:\/\/floride.fr\/es\/wp-json\/wp\/v2\/pages\/8433\/revisions\/15463"}],"wp:attachment":[{"href":"https:\/\/floride.fr\/es\/wp-json\/wp\/v2\/media?parent=8433"}],"curies":[{"name":"wp","href":"https:\/\/api.w.org\/{rel}","templated":true}]}}