{"id":8465,"date":"2023-02-03T13:08:28","date_gmt":"2023-02-03T12:08:28","guid":{"rendered":"https:\/\/floride.fr\/collioure\/"},"modified":"2026-03-17T14:07:34","modified_gmt":"2026-03-17T13:07:34","slug":"collioure","status":"publish","type":"page","link":"https:\/\/floride.fr\/es\/collioure\/","title":{"rendered":"Collioure"},"content":{"rendered":"\n<figure class=\"wp-block-image alignfull size-full F-00-b\"><img loading=\"lazy\" width=\"1919\" height=\"1228\" src=\"https:\/\/floride.fr\/wp-content\/uploads\/2023\/03\/lighthouse-gadc990533_1920-1.jpg\" alt=\"\" class=\"wp-image-9134\" srcset=\"https:\/\/floride.fr\/wp-content\/uploads\/2023\/03\/lighthouse-gadc990533_1920-1.jpg 1919w, https:\/\/floride.fr\/wp-content\/uploads\/2023\/03\/lighthouse-gadc990533_1920-1-300x192.jpg 300w, https:\/\/floride.fr\/wp-content\/uploads\/2023\/03\/lighthouse-gadc990533_1920-1-1024x655.jpg 1024w, https:\/\/floride.fr\/wp-content\/uploads\/2023\/03\/lighthouse-gadc990533_1920-1-768x491.jpg 768w, https:\/\/floride.fr\/wp-content\/uploads\/2023\/03\/lighthouse-gadc990533_1920-1-1536x983.jpg 1536w\" sizes=\"(max-width: 1919px) 100vw, 1919px\" \/><\/figure>\n\n<div class=\"wp-container-69d11fb081c3f wp-block-group F-05-a\"><div class=\"wp-block-group__inner-container\">\n<h1 class=\"has-couleur-1-color has-text-color\" id=\"votre-village-vacances-a-collioure-un-paradis-a-votre-portee\">Su pueblo de vacaciones en Collioure, un para\u00edso a su alcance<\/h1>\n\n\n\n<p>\u00bfLe hace so\u00f1ar el nombre de Collioure? Esta joya de los <a href=\"https:\/\/floride.fr\/es\/alrededores\/\">Pirineos Orientales<\/a> ha atra\u00eddo a muchos artistas y acoge cada a\u00f1o a numerosos turistas. Nuestro camping de 5 estrellas Le Floride, un complejo vacacional situado a 40 minutos de Collioure, es el lugar ideal para descubrir todos sus encantos. Entre alojamientos de gran calidad e instalaciones perfectamente cuidadas, disfrutar\u00e1 de una experiencia de camping excepcional en el Sur de Francia.<\/p>\n\n\n\n<div style=\"height:50px\" aria-hidden=\"true\" class=\"wp-block-spacer\"><\/div>\n\n\n\n<div class=\"wp-block-columns alignwide are-vertically-aligned-top\">\n<div class=\"wp-block-column is-vertically-aligned-top\">\n<figure class=\"wp-block-gallery aligncenter has-nested-images columns-default is-cropped\">\n<figure class=\"wp-block-image size-full\"><img loading=\"lazy\" width=\"640\" height=\"425\" src=\"https:\/\/floride.fr\/wp-content\/uploads\/2022\/07\/Eglise-Notre-Dame-des-Anges-Collioure.jpg\" alt=\"\" class=\"wp-image-5852\" srcset=\"https:\/\/floride.fr\/wp-content\/uploads\/2022\/07\/Eglise-Notre-Dame-des-Anges-Collioure.jpg 640w, https:\/\/floride.fr\/wp-content\/uploads\/2022\/07\/Eglise-Notre-Dame-des-Anges-Collioure-300x199.jpg 300w\" sizes=\"(max-width: 640px) 100vw, 640px\" \/><\/figure>\n\n\n\n<figure class=\"wp-block-image size-full\"><img loading=\"lazy\" width=\"1440\" height=\"1307\" src=\"https:\/\/floride.fr\/wp-content\/uploads\/2023\/03\/street-gad15df832_1920-1.jpg\" alt=\"\" class=\"wp-image-9153\" srcset=\"https:\/\/floride.fr\/wp-content\/uploads\/2023\/03\/street-gad15df832_1920-1.jpg 1440w, https:\/\/floride.fr\/wp-content\/uploads\/2023\/03\/street-gad15df832_1920-1-300x272.jpg 300w, https:\/\/floride.fr\/wp-content\/uploads\/2023\/03\/street-gad15df832_1920-1-1024x929.jpg 1024w, https:\/\/floride.fr\/wp-content\/uploads\/2023\/03\/street-gad15df832_1920-1-768x697.jpg 768w\" sizes=\"(max-width: 1440px) 100vw, 1440px\" \/><\/figure>\n<\/figure>\n<\/div>\n\n\n\n<div class=\"wp-block-column is-vertically-aligned-top\">\n<h2 class=\"has-couleur-4-color has-text-color\" id=\"collioure-cite-des-peintres-les-sites-incontournables-a-visiter-2\">Collioure, ciudad de los pintores, \u00a1los sitios que no hay que perderse!<\/h2>\n\n\n\n<p>La historia de <strong>Collioure<\/strong> se remonta a tiempos prehist\u00f3ricos. En aquella \u00e9poca, los acantilados y la riqueza de la fauna ofrec\u00edan un buen entorno vital a nuestros antepasados. Al poder refugiarse en cuevas situadas en acantilados y alimentarse con facilidad, lo hab\u00edan convertido en un lugar de ocupaci\u00f3n privilegiado. Fue entonces un puerto muy activo y <strong>fortificado<\/strong> en el siglo XVII por el propio <strong>Vauban<\/strong>. Su castillo y otros monumentos hist\u00f3ricos son testigos de su prestigioso pasado. La iglesia de <strong>Notre-Dame des Anges<\/strong> sigue siendo una maravilla de pureza para fotografiar al amanecer. Pintores famosos como Matisse, Degain y Picasso han pasado por sus muros y la han inmortalizado, gan\u00e1ndose la reputaci\u00f3n de ser una <strong>ciudad de pintores<\/strong>. El tiempo ha mantenido esta ciudad en un entorno natural. Sie ist n\u00e4mlich Teil der Natura-2000-Gebiete. Si emprende un viaje de descubrimiento por los lugares m\u00e1s bellos, le garantizamos que se topar\u00e1 con especies animales protegidas. Si es un \u00e1vido excursionista, un buceador de la naturaleza o simplemente un amante de los lugares ins\u00f3litos, caer\u00e1 rendido ante el hechizo de este sitio con sus mil atractivos.<\/p>\n<\/div>\n<\/div>\n\n\n\n<div style=\"height:50px\" aria-hidden=\"true\" class=\"wp-block-spacer\"><\/div>\n\n\n\n<h2 id=\"vivez-la-nature-a-pleins-poumons-en-camping\">Disfrute de la naturaleza en todo su esplendor acampando.<\/h2>\n\n\n\n<p>Collioure y su litoral se encuentran entre los lugares <a href=\"https:\/\/floride.fr\/plus-beaux-endroits-pyrenees-orientales\/\">m\u00e1s bellos de los Pirineos Orientales <\/a>y le ofrecer\u00e1n un sinf\u00edn de posibilidades para descubrir la zona. Para relajarse despu\u00e9s de estos intensos d\u00edas, qu\u00e9 mejor lugar que nuestro pueblo de vacaciones en Collioure.<strong><\/strong> Entre nuestra<a href=\"https:\/\/floride.fr\/es\/alquileres\/\"> oferta de alojamientos de alquiler en los Pirineos Orientales<\/a>, encuentra el que m\u00e1s te convenga: lujosos chal\u00e9s con jacuzzi, originales caba\u00f1as hawaianas o c\u00f3modas caravanas ideales para desconectar. Unser Campingplatz verf\u00fcgt \u00fcber eine Vielzahl von Unterkunftsm\u00f6glichkeiten, darunter auch Mobilheime, die f\u00fcr Personen mit eingeschr\u00e4nkter Mobilit\u00e4t geeignet sind. Para las <a href=\"https:\/\/floride.fr\/es\/ubicaciones\/\">parcelas de tiendas y caravanas<\/a>, las instalamos <strong>lo m\u00e1s cerca posible del mar<\/strong>, en un entorno excepcional para que su estancia se desarrolle en las mejores condiciones. Nuestro camping de 5 estrellas le ofrece una amplia gama de servicios con todas las comodidades sin tener que salir de la ciudad de vacaciones. Todas sus necesidades est\u00e1n cubiertas, desde un <strong>supermercado<\/strong> hasta una <strong>peluquer\u00eda<\/strong> o una sala de juegos. Nuestro personal est\u00e1 a su servicio para encontrar las mejores soluciones para hacer de su estancia con nosotros una experiencia \u00fanica.<\/p>\n\n\n\n<h2 id=\"des-equipements-de-qualite-dans-les-pyrenees-orientales\">Instalaciones de calidad en los Pirineos Orientales <\/h2>\n\n\n\n<p>Para rematar la jornada, nuestro <a href=\"https:\/\/floride.fr\/es\/parque-acuatico\/\">parque acu\u00e1tico<\/a> de 4.700 m2 cerca de Collioure le acoge en plena libertad. Sus <strong>toboganes<\/strong>, sus incre\u00edbles pentagliss, sus r\u00edos contracorriente, todo est\u00e1 pensado para multiplicar las experiencias con el agua en todos sus estados. Para los que buscan relajarse, las <strong>piscinas climatizadas<\/strong>, los <strong>jacuzzis<\/strong> y las <strong>piscinas<\/strong> infantiles son los lugares indicados. Los m\u00e1s peque\u00f1os practicar\u00e1n con seguridad para convertirse en nadadores experimentados. Aproveche todas las posibilidades que le ofrece este lugar excepcional para elevar su coeficiente de pura felicidad compartida. Adem\u00e1s de todas estas piscinas donde dejarse llevar por el placer, tiene la posibilidad de practicar otros <a href=\"https:\/\/floride.fr\/es\/actividades-y-eventos\/\">deportes o actividades de relajaci\u00f3n<\/a> en nuestras zonas dedicadas a ello. Sean cuales sean sus deseos, le ofrecemos estructuras y equipamientos que no le dejar\u00e1n indiferente. En familia o con amigos, \u00a1su estancia ser\u00e1 en el para\u00edso!<\/p>\n\n\n\n<figure class=\"wp-block-gallery has-nested-images columns-6 is-cropped diaporama--3\">\n<figure class=\"wp-block-image size-large\"><img loading=\"lazy\" width=\"1500\" height=\"1000\" src=\"https:\/\/floride.fr\/wp-content\/uploads\/2022\/05\/IMG_1089.jpg\" alt=\"\" class=\"wp-image-4505\" srcset=\"https:\/\/floride.fr\/wp-content\/uploads\/2022\/05\/IMG_1089.jpg 1500w, https:\/\/floride.fr\/wp-content\/uploads\/2022\/05\/IMG_1089-300x200.jpg 300w, https:\/\/floride.fr\/wp-content\/uploads\/2022\/05\/IMG_1089-1024x683.jpg 1024w, https:\/\/floride.fr\/wp-content\/uploads\/2022\/05\/IMG_1089-768x512.jpg 768w\" sizes=\"(max-width: 1500px) 100vw, 1500px\" \/><\/figure>\n\n\n\n<figure class=\"wp-block-image size-large\"><img loading=\"lazy\" width=\"2560\" height=\"1707\" src=\"https:\/\/floride.fr\/wp-content\/uploads\/2022\/05\/media-88995876-004-2-scaled.jpg\" alt=\"\" class=\"wp-image-4219\" srcset=\"https:\/\/floride.fr\/wp-content\/uploads\/2022\/05\/media-88995876-004-2-scaled.jpg 2560w, https:\/\/floride.fr\/wp-content\/uploads\/2022\/05\/media-88995876-004-2-300x200.jpg 300w, https:\/\/floride.fr\/wp-content\/uploads\/2022\/05\/media-88995876-004-2-1024x683.jpg 1024w, https:\/\/floride.fr\/wp-content\/uploads\/2022\/05\/media-88995876-004-2-768x512.jpg 768w, https:\/\/floride.fr\/wp-content\/uploads\/2022\/05\/media-88995876-004-2-1536x1024.jpg 1536w, https:\/\/floride.fr\/wp-content\/uploads\/2022\/05\/media-88995876-004-2-2048x1365.jpg 2048w\" sizes=\"(max-width: 2560px) 100vw, 2560px\" \/><\/figure>\n\n\n\n<figure class=\"wp-block-image size-large\"><img loading=\"lazy\" width=\"2560\" height=\"1703\" src=\"https:\/\/floride.fr\/wp-content\/uploads\/2022\/05\/PISCINE-COUVERTE-AQUAGYM-0692-scaled.jpg\" alt=\"\" class=\"wp-image-4038\" srcset=\"https:\/\/floride.fr\/wp-content\/uploads\/2022\/05\/PISCINE-COUVERTE-AQUAGYM-0692-scaled.jpg 2560w, https:\/\/floride.fr\/wp-content\/uploads\/2022\/05\/PISCINE-COUVERTE-AQUAGYM-0692-300x200.jpg 300w, https:\/\/floride.fr\/wp-content\/uploads\/2022\/05\/PISCINE-COUVERTE-AQUAGYM-0692-1024x681.jpg 1024w, https:\/\/floride.fr\/wp-content\/uploads\/2022\/05\/PISCINE-COUVERTE-AQUAGYM-0692-768x511.jpg 768w, https:\/\/floride.fr\/wp-content\/uploads\/2022\/05\/PISCINE-COUVERTE-AQUAGYM-0692-1536x1022.jpg 1536w, https:\/\/floride.fr\/wp-content\/uploads\/2022\/05\/PISCINE-COUVERTE-AQUAGYM-0692-2048x1363.jpg 2048w\" sizes=\"(max-width: 2560px) 100vw, 2560px\" \/><\/figure>\n\n\n\n<figure class=\"wp-block-image size-large\"><img loading=\"lazy\" width=\"1194\" height=\"794\" src=\"https:\/\/floride.fr\/wp-content\/uploads\/2022\/05\/tente-2-1.jpg\" alt=\"\" class=\"wp-image-3825\" srcset=\"https:\/\/floride.fr\/wp-content\/uploads\/2022\/05\/tente-2-1.jpg 1194w, https:\/\/floride.fr\/wp-content\/uploads\/2022\/05\/tente-2-1-300x199.jpg 300w, https:\/\/floride.fr\/wp-content\/uploads\/2022\/05\/tente-2-1-1024x681.jpg 1024w, https:\/\/floride.fr\/wp-content\/uploads\/2022\/05\/tente-2-1-768x511.jpg 768w\" sizes=\"(max-width: 1194px) 100vw, 1194px\" \/><\/figure>\n\n\n\n<figure class=\"wp-block-image size-large\"><img loading=\"lazy\" width=\"2560\" height=\"1703\" src=\"https:\/\/floride.fr\/wp-content\/uploads\/2022\/05\/EMPLACEMENT-CAMPING-CAR-1112-scaled.jpg\" alt=\"\" class=\"wp-image-3553\" srcset=\"https:\/\/floride.fr\/wp-content\/uploads\/2022\/05\/EMPLACEMENT-CAMPING-CAR-1112-scaled.jpg 2560w, https:\/\/floride.fr\/wp-content\/uploads\/2022\/05\/EMPLACEMENT-CAMPING-CAR-1112-300x200.jpg 300w, https:\/\/floride.fr\/wp-content\/uploads\/2022\/05\/EMPLACEMENT-CAMPING-CAR-1112-1024x681.jpg 1024w, https:\/\/floride.fr\/wp-content\/uploads\/2022\/05\/EMPLACEMENT-CAMPING-CAR-1112-768x511.jpg 768w, https:\/\/floride.fr\/wp-content\/uploads\/2022\/05\/EMPLACEMENT-CAMPING-CAR-1112-1536x1022.jpg 1536w, https:\/\/floride.fr\/wp-content\/uploads\/2022\/05\/EMPLACEMENT-CAMPING-CAR-1112-2048x1363.jpg 2048w\" sizes=\"(max-width: 2560px) 100vw, 2560px\" \/><\/figure>\n\n\n\n<figure class=\"wp-block-image size-large\"><img loading=\"lazy\" width=\"2560\" height=\"1707\" src=\"https:\/\/floride.fr\/wp-content\/uploads\/2022\/05\/A7R5910-1-scaled.jpg\" alt=\"\" class=\"wp-image-3543\" srcset=\"https:\/\/floride.fr\/wp-content\/uploads\/2022\/05\/A7R5910-1-scaled.jpg 2560w, https:\/\/floride.fr\/wp-content\/uploads\/2022\/05\/A7R5910-1-300x200.jpg 300w, https:\/\/floride.fr\/wp-content\/uploads\/2022\/05\/A7R5910-1-1024x683.jpg 1024w, https:\/\/floride.fr\/wp-content\/uploads\/2022\/05\/A7R5910-1-768x512.jpg 768w, https:\/\/floride.fr\/wp-content\/uploads\/2022\/05\/A7R5910-1-1536x1024.jpg 1536w, https:\/\/floride.fr\/wp-content\/uploads\/2022\/05\/A7R5910-1-2048x1365.jpg 2048w\" sizes=\"(max-width: 2560px) 100vw, 2560px\" \/><\/figure>\n<\/figure>\n\n\n\n<div style=\"height:50px\" aria-hidden=\"true\" class=\"wp-block-spacer\"><\/div>\n\n\n\n<div class=\"wp-block-columns\">\n<div class=\"wp-block-column\">\n<h2 class=\"has-couleur-4-color has-text-color\" id=\"collioure-cite-des-peintres-les-sites-incontournables-a-visiter-2\">Explore los alrededores de Collioure desde su pueblo de vacaciones Le Floride<\/h2>\n\n\n\n<p>Le <strong>camping 5 \u00e9toiles en Pyr\u00e9n\u00e9es-Orientales<\/strong>, Le Floride est assur\u00e9ment le lieu de vill\u00e9giature dont vous avez toujours r\u00eav\u00e9. Ven a confrontar tus sue\u00f1os con la realidad aloj\u00e1ndote con nosotros. Ver\u00e1 que a veces puede superar sus sue\u00f1os m\u00e1s descabellados. En <strong>Collioure y sus alrededores<\/strong>, podr\u00e1 explorar bellos parajes con toda tranquilidad. Depuis notre camping \u00e0 Barcar\u00e8s, les <strong>villes incontournables des Pyr\u00e9n\u00e9es-Orientales<\/strong> sont \u00e0 votre port\u00e9e. Venga a descubrir la capital catalana y el reino de Mallorca en <a href=\"https:\/\/floride.fr\/es\/perpinan\/\">Perpi\u00f1\u00e1n<\/a>, la costa rocosa y arenosa en <a href=\"https:\/\/floride.fr\/es\/argeles-sur-mer\/\">Argel\u00e8s sur Mer,<\/a> <strong>Torreilles<\/strong> o <a href=\"https:\/\/floride.fr\/es\/el-barcares\/\">Port Barcar\u00e8s<\/a>. Idealmente situado <strong>a las puertas del Aude<\/strong>, en la <strong>costa mediterr\u00e1nea<\/strong>, en <strong>Rosell\u00f3n<\/strong> le esperan excepcionales parajes naturales e hist\u00f3ricos cerca de su alquiler. Recorre la costa de norte a sur, explora las <a href=\"https:\/\/floride.fr\/tourisme\/plus-belles-plages-pyrenees-orientales\/\">playas m\u00e1s bonitas de los Pirineos Orientales<\/a> pasando por localidades costeras, ya sean tranquilas o animadas, con paisajes como las lagunas protegidas de <a href=\"https:\/\/floride.fr\/es\/leucate\/\">Leucate<\/a>, en el municipio de Narbona, o la de Marseillan-S\u00e8te, a menos de una hora y media en coche del camping. <\/p>\n<\/div>\n\n\n\n<div class=\"wp-block-column\">\n<figure class=\"wp-block-gallery has-nested-images columns-default is-cropped\">\n<figure class=\"wp-block-image size-full\"><img loading=\"lazy\" width=\"1275\" height=\"1027\" src=\"https:\/\/floride.fr\/wp-content\/uploads\/2023\/03\/boat-geba3047d5_1920.jpg\" alt=\"\" class=\"wp-image-9139\" srcset=\"https:\/\/floride.fr\/wp-content\/uploads\/2023\/03\/boat-geba3047d5_1920.jpg 1275w, https:\/\/floride.fr\/wp-content\/uploads\/2023\/03\/boat-geba3047d5_1920-300x242.jpg 300w, https:\/\/floride.fr\/wp-content\/uploads\/2023\/03\/boat-geba3047d5_1920-1024x825.jpg 1024w, https:\/\/floride.fr\/wp-content\/uploads\/2023\/03\/boat-geba3047d5_1920-768x619.jpg 768w\" sizes=\"(max-width: 1275px) 100vw, 1275px\" \/><\/figure>\n<\/figure>\n<\/div>\n<\/div>\n\n\n\n<div style=\"height:100px\" aria-hidden=\"true\" class=\"wp-block-spacer\"><\/div>\n<\/div><\/div>\n","protected":false},"excerpt":{"rendered":"<p>Su pueblo de vacaciones en Collioure, un para\u00edso a su alcance \u00bfLe hace so\u00f1ar el nombre de Collioure? Esta joya de los Pirineos Orientales ha atra\u00eddo a muchos artistas y acoge cada a\u00f1o a numerosos turistas. Nuestro camping de 5 estrellas Le Floride, un complejo vacacional situado a 40 minutos de Collioure, es el lugar [&hellip;]<\/p>\n","protected":false},"author":1,"featured_media":0,"parent":0,"menu_order":0,"comment_status":"closed","ping_status":"closed","template":"","meta":[],"acf":[],"_links":{"self":[{"href":"https:\/\/floride.fr\/es\/wp-json\/wp\/v2\/pages\/8465"}],"collection":[{"href":"https:\/\/floride.fr\/es\/wp-json\/wp\/v2\/pages"}],"about":[{"href":"https:\/\/floride.fr\/es\/wp-json\/wp\/v2\/types\/page"}],"author":[{"embeddable":true,"href":"https:\/\/floride.fr\/es\/wp-json\/wp\/v2\/users\/1"}],"replies":[{"embeddable":true,"href":"https:\/\/floride.fr\/es\/wp-json\/wp\/v2\/comments?post=8465"}],"version-history":[{"count":5,"href":"https:\/\/floride.fr\/es\/wp-json\/wp\/v2\/pages\/8465\/revisions"}],"predecessor-version":[{"id":16310,"href":"https:\/\/floride.fr\/es\/wp-json\/wp\/v2\/pages\/8465\/revisions\/16310"}],"wp:attachment":[{"href":"https:\/\/floride.fr\/es\/wp-json\/wp\/v2\/media?parent=8465"}],"curies":[{"name":"wp","href":"https:\/\/api.w.org\/{rel}","templated":true}]}}