{"id":8492,"date":"2023-02-03T16:05:03","date_gmt":"2023-02-03T15:05:03","guid":{"rendered":"https:\/\/floride.fr\/alquileres-insolitos-en-los-pirineos-orientales\/"},"modified":"2025-11-05T13:57:28","modified_gmt":"2025-11-05T12:57:28","slug":"alquileres-insolitos-en-los-pirineos-orientales","status":"publish","type":"page","link":"https:\/\/floride.fr\/es\/alquileres-insolitos-en-los-pirineos-orientales\/","title":{"rendered":"Alquileres ins\u00f3litos en los Pirineos Orientales"},"content":{"rendered":"\n<figure class=\"wp-block-image alignfull size-full F-00-b\"><img src=\"https:\/\/floride.fr\/wp-content\/uploads\/2022\/10\/&#xA9;AlexAbdoun-AmbianceCamping-010.jpg\" alt=\"Alquileres ins&#xF3;litos en el camping le floride Pirineos orientales\" class=\"wp-image-6965\"\/><\/figure>\n\n<h1 class=\"has-text-align-center has-couleur-1-color has-text-color\" id=\"locations-insolites-en-pyrenees-orientales\">Alquileres ins\u00f3litos en los Pirineos Orientales<\/h1>\n\n<p class=\"has-text-align-center\">Para un <strong>alquiler ins\u00f3lito en los Pirineos Orientales,<\/strong> venga a descubrir el camping Le Floride. Un establecimiento de 5 estrellas con servicios de alta gama que ofrece acceso directo a la playa y una variada oferta de <a href=\"https:\/\/floride.fr\/es\/alquileres\/\">alquileres en Barcar\u00e8s.<\/a> El camping le llevar\u00e1 a un cambio total de escenario ofreci\u00e9ndoles una experiencia de 360\u00b0. Sum\u00e9rjase en el coraz\u00f3n de la Polinesia en un ambiente y un entorno \u00fanicos, pero descubra tambi\u00e9n l<strong>ugares ins\u00f3litos donde pasar noches \u00fanicas.<\/strong> A continuaci\u00f3n, podr\u00e1 disfrutar del enorme parque acu\u00e1tico y de los numerosos servicios en un entorno privilegiado entre el mar y el r\u00edo.<\/p>\n\n<h2 id=\"des-vacances-dans-les-pyrenees-orientales-placees-sous-le-signe-du-depaysement\">Vacaciones en los Pirineos Orientales con cambio de aires<\/h2>\n\n<p>En el Camping Le Floride, encontrar\u00e1 completas instalaciones para una estancia inolvidable. Sus amplios espacios abiertos y su arquitectura \u00fanica lo convierten en un aut\u00e9ntico <strong>centro de vacaciones en Barcar\u00e8s<\/strong> que har\u00e1 las delicias de grandes y peque\u00f1os. Todo ello en un ambiente polinesio que le transportar\u00e1 a los confines del mundo a solo unas horas en coche de su casa. Si desea pasar <strong>una noche ins\u00f3lita en los Pirineos Orientales<\/strong>, venga a descubrir nuestros alojamientos ins\u00f3litos especialmente dise\u00f1ados para usted.<\/p>\n\n<div class=\"wp-container-69d11342f16d8 wp-block-group F-05-a\"><div class=\"wp-block-group__inner-container\">\n<div class=\"wp-container-69d11342f0c1f wp-block-group\"><div class=\"wp-block-group__inner-container\">\n<div class=\"wp-block-columns\">\n<div class=\"wp-block-column\" style=\"flex-basis:50%\">\n<div style=\"height:50px\" aria-hidden=\"true\" class=\"wp-block-spacer\"><\/div>\n\n\n\n<h3 class=\"titre2 has-couleur-2-color has-text-color\" id=\"passez-une-nuit-insolite-avec-nos-cabanes-perchees-proche-de-la-mer\">Pase una noche ins\u00f3lita en nuestras caba\u00f1as encaramadas cerca del mar<\/h3>\n\n\n\n<p class=\"brush has-couleur-1-color has-text-color\" id=\"une-nuit-dans-les-arbres-au-plus-pres-de-la-nature\">La caba\u00f1a encaramada para 2 a 4 personas<\/p>\n\n\n\n<p>El camping Le Floride le ofrece u<strong>na noche \u00fanica en una caba\u00f1a<\/strong> <strong>de madera encaramada.<\/strong> Un espacio de 20 m2 dise\u00f1ado para dos personas le permitir\u00e1 disfrutar de todo el confort que necesita, pero tambi\u00e9n de una terraza para admirar la vista desde arriba. Una nueva forma de acampar que es mucho mejor que una tienda de campa\u00f1a y le da m\u00e1s altura. El alquiler de este alojamiento le da acceso a muchos servicios del camping y a todas nuestras actividades. As\u00ed, podr\u00e1 disfrutar de su estancia en el camping Le Floride de d\u00eda y de noche.<\/p>\n\n\n\n<div style=\"height:30px\" aria-hidden=\"true\" class=\"wp-block-spacer\"><\/div>\n<\/div>\n\n\n\n<div class=\"wp-block-column is-vertically-aligned-center\" style=\"flex-basis:50%\">\n<figure class=\"wp-block-image size-large\"><img loading=\"lazy\" width=\"1024\" height=\"681\" src=\"https:\/\/floride.fr\/wp-content\/uploads\/2022\/05\/tente-2-1-1024x681.jpg\" alt=\"Alquiler ins&#xF3;lito en la costa mediterr&#xE1;nea: el far&#xE9; polinesio\" class=\"wp-image-3825\" srcset=\"https:\/\/floride.fr\/wp-content\/uploads\/2022\/05\/tente-2-1-1024x681.jpg 1024w, https:\/\/floride.fr\/wp-content\/uploads\/2022\/05\/tente-2-1-300x199.jpg 300w, https:\/\/floride.fr\/wp-content\/uploads\/2022\/05\/tente-2-1-768x511.jpg 768w, https:\/\/floride.fr\/wp-content\/uploads\/2022\/05\/tente-2-1.jpg 1194w\" sizes=\"(max-width: 1024px) 100vw, 1024px\" \/><\/figure>\n<\/div>\n<\/div>\n<\/div><\/div>\n\n\n\n<div class=\"wp-container-69d11342f1011 wp-block-group\"><div class=\"wp-block-group__inner-container\">\n<div class=\"wp-block-columns\">\n<div class=\"wp-block-column is-vertically-aligned-center\" style=\"flex-basis:50%\">\n<figure class=\"wp-block-image size-full\"><img loading=\"lazy\" width=\"800\" height=\"533\" src=\"https:\/\/floride.fr\/wp-content\/uploads\/2022\/05\/Roulotte-Far-West.jpg\" alt=\"Noche ins&#xF3;lita en los Pirineos Orientales, peque&#xF1;a caravana Far West\" class=\"wp-image-3838\" srcset=\"https:\/\/floride.fr\/wp-content\/uploads\/2022\/05\/Roulotte-Far-West.jpg 800w, https:\/\/floride.fr\/wp-content\/uploads\/2022\/05\/Roulotte-Far-West-300x200.jpg 300w, https:\/\/floride.fr\/wp-content\/uploads\/2022\/05\/Roulotte-Far-West-768x512.jpg 768w\" sizes=\"(max-width: 800px) 100vw, 800px\" \/><figcaption>camping le floride<\/figcaption><\/figure>\n<\/div>\n\n\n\n<div class=\"wp-block-column\" style=\"flex-basis:50%\">\n<div style=\"height:50px\" aria-hidden=\"true\" class=\"wp-block-spacer\"><\/div>\n\n\n\n<h3 class=\"titre2 has-couleur-2-color has-text-color\" id=\"passez-une-nuit-insolite-avec-nos-cabanes-perchees-proche-de-la-mer\">Descubra lo que \u00e9s el Far West m\u00e1s que nunca gracias a nuestras caravanas peque\u00f1as at\u00edpicas<\/h3>\n\n\n\n<p class=\"brush has-couleur-1-color has-text-color\" id=\"une-nuit-dans-les-arbres-au-plus-pres-de-la-nature\">La peque\u00f1a caravana Far West para 4 personas<\/p>\n\n\n\n<p>Para los amantes de los viajes y la aventura, ofrecemos <strong>peque\u00f1as caravanas inspiradas en el Far West.<\/strong> Tambi\u00e9n dise\u00f1ado para 2 personas, este <strong>ins\u00f3lito alojamiento en Languedoc Rosell\u00f3n<\/strong> a\u00f1adir\u00e1 un un poco m\u00e1s de aventura en su experiencia polinesia. Encontrar\u00e1 todo el confort que necesita en su <strong>caravana con dormitorio, cocina totalmente equipada, ducha, aseo y televisi\u00f3n.<\/strong> Despu\u00e9s, podr\u00e1 abandonar su acogedor nido para explorar el camping y sus actividades, especialmente las numerosas atracciones acu\u00e1ticas que le dar\u00e1n un soplo de aire fresco tras horas pasadas en el desierto.<\/p>\n\n\n\n<div style=\"height:30px\" aria-hidden=\"true\" class=\"wp-block-spacer\"><\/div>\n<\/div>\n<\/div>\n<\/div><\/div>\n\n\n\n<div class=\"wp-container-69d11342f13f3 wp-block-group\"><div class=\"wp-block-group__inner-container\">\n<div class=\"wp-block-columns\">\n<div class=\"wp-block-column\" style=\"flex-basis:50%\">\n<div style=\"height:50px\" aria-hidden=\"true\" class=\"wp-block-spacer\"><\/div>\n\n\n\n<h3 class=\"titre2 has-couleur-2-color has-text-color\" id=\"passez-une-nuit-insolite-avec-nos-cabanes-perchees-proche-de-la-mer\">Viva la experiencia polinesia en un far\u00e9<\/h3>\n\n\n\n<p class=\"brush has-couleur-1-color has-text-color\" id=\"une-nuit-dans-les-arbres-au-plus-pres-de-la-nature\">Far\u00e9 Aloha para 4 a 6 personas<\/p>\n\n\n\n<p>\u00bfLe gusta Polinesia y quiere m\u00e1s? Vive una inmersi\u00f3n total en el campamento en un <strong>far\u00e9 polinesio.<\/strong> Un <strong>alojamiento at\u00edpico<\/strong> ideal que se integra en la decoraci\u00f3n del camping. Para una mayor inmersi\u00f3n, todos los far\u00e9s se re\u00fanen en el <strong>tiki village<\/strong> para vivir una experiencia polinesia m\u00e1s envolvente. Descubra las tradicionales caba\u00f1as locales en <strong>una experiencia de camping<\/strong> \u00fanica mientras disfruta de las instalaciones y el confort que necesita. Ideal para un alquiler ins\u00f3lito a orillas del mar Mediterr\u00e1neo. Un far\u00e9 puede alojar hasta 6 adultos, pero tambi\u00e9n a un beb\u00e9 menor de 2 a\u00f1os. Todo lo necesario para pasar momentos en familia mientras disfruta de la experiencia de acampar en los <a href=\"https:\/\/floride.fr\/camping-pyrenees-orientales-bord-de-mer\/\">Pirineos Orientales<\/a>, a orillas del mar.<\/p>\n\n\n\n<div style=\"height:30px\" aria-hidden=\"true\" class=\"wp-block-spacer\"><\/div>\n<\/div>\n\n\n\n<div class=\"wp-block-column is-vertically-aligned-center\" style=\"flex-basis:50%\">\n<figure class=\"wp-block-image size-large\"><img loading=\"lazy\" width=\"1024\" height=\"682\" src=\"https:\/\/floride.fr\/wp-content\/uploads\/2022\/05\/fare-Aloha-1024x682.jpg\" alt=\"Noche ins&#xF3;lita en los Pirineos Orientales en un far&#xE9; ins&#xF3;lito Le Floride\" class=\"wp-image-3383\" srcset=\"https:\/\/floride.fr\/wp-content\/uploads\/2022\/05\/fare-Aloha-1024x682.jpg 1024w, https:\/\/floride.fr\/wp-content\/uploads\/2022\/05\/fare-Aloha-300x200.jpg 300w, https:\/\/floride.fr\/wp-content\/uploads\/2022\/05\/fare-Aloha-768x512.jpg 768w, https:\/\/floride.fr\/wp-content\/uploads\/2022\/05\/fare-Aloha-1536x1024.jpg 1536w, https:\/\/floride.fr\/wp-content\/uploads\/2022\/05\/fare-Aloha.jpg 1772w\" sizes=\"(max-width: 1024px) 100vw, 1024px\" \/><\/figure>\n<\/div>\n<\/div>\n<\/div><\/div>\n<\/div><\/div>\n\n<section class=\"wp-container-69d11342f1dc3 wp-block-group F-15-a vague-top ligne1-top has-bg-1-background-color has-background\"><div class=\"wp-block-group__inner-container\">\n<p class=\"titre2 has-couleur-1-color has-text-color\" id=\"decouvrez-notre-location-la-suite-riviera-premium-un-vrai-succes\">Un viaje entre el mar y la monta\u00f1a en el camping Le Floride<\/p>\n\n\n\n<div class=\"wp-block-media-text is-stacked-on-mobile is-image-fill\"><figure class=\"wp-block-media-text__media\" style=\"background-image:url(https:\/\/floride.fr\/wp-content\/uploads\/2022\/11\/Plage-du-Racou-Argeles-sur-mer-640-x-420.jpg);background-position:50% 50%\"><img loading=\"lazy\" width=\"640\" height=\"427\" src=\"https:\/\/floride.fr\/wp-content\/uploads\/2022\/11\/Plage-du-Racou-Argeles-sur-mer-640-x-420.jpg\" alt=\"Le Floride Le Barcar\u00e8s (66) : centro de vacaciones cerca de la playa de Argeles Sur Mer \" class=\"wp-image-7276 size-full\" srcset=\"https:\/\/floride.fr\/wp-content\/uploads\/2022\/11\/Plage-du-Racou-Argeles-sur-mer-640-x-420.jpg 640w, https:\/\/floride.fr\/wp-content\/uploads\/2022\/11\/Plage-du-Racou-Argeles-sur-mer-640-x-420-300x200.jpg 300w\" sizes=\"(max-width: 640px) 100vw, 640px\" \/><\/figure><div class=\"wp-block-media-text__content\">\n<h2 class=\"titre3 has-couleur-4-color has-text-color\" id=\"faites-le-plein-d-experience-dans-les-pyrenees-orientales\">Disfrute de una experiencia completa en los Pirineos Orientales<\/h2>\n\n\n\n<p>Para completar su <strong>experiencia de alojamiento ins\u00f3lito en Languedoc-Rosell\u00f3n,<\/strong> nuestro camping le permite estar cerca de numerosas actividades. Puede dejar su <strong>caba\u00f1a<\/strong>, <strong>caravana<\/strong> o <strong>far\u00e9<\/strong> e <strong>ir al mar a s\u00f3lo unos pasos del camping.<\/strong> Podr\u00e1 disfrutar de una hermosa vista del horizonte mientras disfruta de la calma del agua y el aire fresco. T\u00fambese un rato en la arena y rel\u00e1jese o t\u00f3mese su c\u00f3ctel favorito y saque fotos para revivir esos momentos con su familia.<\/p>\n\n\n\n<p>\u00bfSus hijos han ido alguna vez del mar a la monta\u00f1a en pocas horas? La ubicaci\u00f3n del camping permite pasear por <strong>las cercanas monta\u00f1as de la regi\u00f3n de Ariege<\/strong> para <strong>pasar un d\u00eda de descubrimientos por la ma\u00f1ana<\/strong> y reunirse para tomar <strong>una merienda en las playas<\/strong> de arena fina. Un contraste \u00fanico que a\u00f1ade un toque ins\u00f3lito a su momento. Para las parejas, \u00bfqu\u00e9 mejor que <strong>un paseo en bicicleta<\/strong> por el bosque, por la playa o por la monta\u00f1a para los m\u00e1s aventureros? Hay muchos restaurantes y actividades en los alrededores del camping que podr\u00e1 compartir para hacer de este acontecimiento un hito en su vida. Nunca m\u00e1s ver\u00e1 las vacaciones de la misma manera despu\u00e9s de descubrir nuestro mundo.<\/p>\n\n\n\n<p><\/p>\n<\/div><\/div>\n\n\n\n<p>Por \u00faltimo, el <strong>camping Le Floride<\/strong> tambi\u00e9n tiene un equipo sonriente y acogedor que se ocupar\u00e1 de usted. Ac\u00e9rquese a la recepci\u00f3n y d\u00e9jese guiar durante su estancia. Disponemos de actividades y eventos que le ayudar\u00e1n a planificar sus veladas, pero tambi\u00e9n a pasar tiempo de calidad con su ser querido.<\/p>\n\n\n\n<div class=\"wp-container-69d11342f1aa8 wp-block-buttons\">\n<div class=\"wp-block-button btn_resa\"><a class=\"wp-block-button__link has-couleur-2-background-color has-background\"><i class=\"fal fa-search\"><\/i> Reservar<\/a><\/div>\n<\/div>\n\n\n\n<div style=\"height:50px\" aria-hidden=\"true\" class=\"wp-block-spacer\"><\/div>\n\n\n\n<p class=\"titre3 has-couleur-1-color has-text-color\">Descubra tambi\u00e9n nuestros otros alojamientos: <\/p>\n\n\n\n<ul><li>Nuestras <a href=\"https:\/\/floride.fr\/es\/alquiler-de-mobil-home-en-los-pirineos-orientales\/\">casas m\u00f3viles en los Pirineos Orientales<\/a><\/li><li>Nuestros <a href=\"https:\/\/floride.fr\/es\/alquiler-de-chalet-en-pyrenees-orientales\/\">chalets de alquiler cerca de Perpignan<\/a><\/li><\/ul>\n\n\n\n<div style=\"height:20px\" aria-hidden=\"true\" class=\"wp-block-spacer\"><\/div>\n<\/div><\/section>\n","protected":false},"excerpt":{"rendered":"<p>Alquileres ins\u00f3litos en los Pirineos Orientales Para un alquiler ins\u00f3lito en los Pirineos Orientales, venga a descubrir el camping Le Floride. Un establecimiento de 5 estrellas con servicios de alta gama que ofrece acceso directo a la playa y una variada oferta de alquileres en Barcar\u00e8s. El camping le llevar\u00e1 a un cambio total de [&hellip;]<\/p>\n","protected":false},"author":1,"featured_media":0,"parent":0,"menu_order":0,"comment_status":"closed","ping_status":"closed","template":"","meta":[],"acf":[],"_links":{"self":[{"href":"https:\/\/floride.fr\/es\/wp-json\/wp\/v2\/pages\/8492"}],"collection":[{"href":"https:\/\/floride.fr\/es\/wp-json\/wp\/v2\/pages"}],"about":[{"href":"https:\/\/floride.fr\/es\/wp-json\/wp\/v2\/types\/page"}],"author":[{"embeddable":true,"href":"https:\/\/floride.fr\/es\/wp-json\/wp\/v2\/users\/1"}],"replies":[{"embeddable":true,"href":"https:\/\/floride.fr\/es\/wp-json\/wp\/v2\/comments?post=8492"}],"version-history":[{"count":5,"href":"https:\/\/floride.fr\/es\/wp-json\/wp\/v2\/pages\/8492\/revisions"}],"predecessor-version":[{"id":15471,"href":"https:\/\/floride.fr\/es\/wp-json\/wp\/v2\/pages\/8492\/revisions\/15471"}],"wp:attachment":[{"href":"https:\/\/floride.fr\/es\/wp-json\/wp\/v2\/media?parent=8492"}],"curies":[{"name":"wp","href":"https:\/\/api.w.org\/{rel}","templated":true}]}}